{"id":10375,"date":"2022-10-31T08:40:12","date_gmt":"2022-10-31T07:40:12","guid":{"rendered":"https:\/\/lindemannlaw.ch\/lindemannlaw-2\/"},"modified":"2025-10-23T14:32:57","modified_gmt":"2025-10-23T13:32:57","slug":"lindemannlaw-2","status":"publish","type":"page","link":"https:\/\/lindemannlaw.ch\/de\/","title":{"rendered":"Startseite"},"content":{"rendered":"<p>LINDEMANNLAW ist die weltweit f\u00fchrendste Anwaltskanzlei mit Fokus auf Verm\u00f6gensverwaltung, Wealth Management und Unternehmer. Wir helfen bei der Strukturierung und Umsetzung von internationalen Investmentfondsl\u00f6sungen. Besondere Expertise haben wir mit Luxemburg, Malta, Liechtenstein und den Cayman Islands. Zu unseren Kunden z\u00e4hlen viele Schweizer und globale Schl\u00fcsselfiguren aus Industrie und Finanzwesen sowie die erfolgreichsten UHNWI-Unternehmer. Wir helfen Unternehmern in s\u00e4mtlichen Aspekten ihres beruflichen und privaten Lebens. Wir decken das gesamte Spektrum an regulatorischen und wirtschaftsrechtlichen, steuerlichen und beratenden Dienstleistungen ab, von Treuhand bis hin zu Relocation, Aufenthaltsgenehmigungen, Immobilien, M&amp;A, Holdingstrukturen, Trusts, Stiftungen und Investmentfonds. Wir unterst\u00fctzen Kunden erfolgreich bei der Erlangung ihrer regulatorischen Lizenzen, B\u00f6rsennotierungen, der Emission von Anleihen, strukturierten Produkten und Tokens auf der Blockchain. Gleichzeitig verf\u00fcgt LINDEMANNLAW \u00fcber starke Kompetenzen in den Bereichen Governmental Relations und Lobbying. Dar\u00fcber hinaus verf\u00fcgt LINDEMANNLAW \u00fcber langj\u00e4hriges vertieftes Know-How in den M\u00e4rkten USA sowie Osteuropa, GUS und russischsprachigen L\u00e4ndern. Wir sind verkehrsg\u00fcnstig im Stadtzentrum von Z\u00fcrich gelegen.<\/p>\n","protected":false},"excerpt":{"rendered":"<p>LINDEMANNLAW ist die weltweit f\u00fchrendste Anwaltskanzlei mit Fokus auf Verm\u00f6gensverwaltung, Wealth Management und Unternehmer. Wir helfen bei der Strukturierung und Umsetzung von internationalen Investmentfondsl\u00f6sungen. Besondere Expertise haben wir mit Luxemburg, Malta, Liechtenstein und den Cayman Islands. Zu unseren Kunden z\u00e4hlen viele Schweizer und globale Schl\u00fcsselfiguren aus Industrie und Finanzwesen sowie die erfolgreichsten UHNWI-Unternehmer. Wir helfen [&hellip;]<\/p>\n","protected":false},"author":1,"featured_media":2332,"parent":0,"menu_order":0,"comment_status":"closed","ping_status":"closed","template":"","meta":{"_acf_changed":false,"site-sidebar-layout":"default","site-content-layout":"","ast-site-content-layout":"default","site-content-style":"default","site-sidebar-style":"default","ast-global-header-display":"","ast-banner-title-visibility":"","ast-main-header-display":"","ast-hfb-above-header-display":"","ast-hfb-below-header-display":"","ast-hfb-mobile-header-display":"","site-post-title":"","ast-breadcrumbs-content":"","ast-featured-img":"","footer-sml-layout":"","ast-disable-related-posts":"","theme-transparent-header-meta":"default","adv-header-id-meta":"","stick-header-meta":"","header-above-stick-meta":"","header-main-stick-meta":"","header-below-stick-meta":"","astra-migrate-meta-layouts":"set","ast-page-background-enabled":"default","ast-page-background-meta":{"desktop":{"background-color":"var(--ast-global-color-4)","background-image":"","background-repeat":"repeat","background-position":"center center","background-size":"auto","background-attachment":"scroll","background-type":"","background-media":"","overlay-type":"","overlay-color":"","overlay-opacity":"","overlay-gradient":""},"tablet":{"background-color":"","background-image":"","background-repeat":"repeat","background-position":"center center","background-size":"auto","background-attachment":"scroll","background-type":"","background-media":"","overlay-type":"","overlay-color":"","overlay-opacity":"","overlay-gradient":""},"mobile":{"background-color":"","background-image":"","background-repeat":"repeat","background-position":"center center","background-size":"auto","background-attachment":"scroll","background-type":"","background-media":"","overlay-type":"","overlay-color":"","overlay-opacity":"","overlay-gradient":""}},"ast-content-background-meta":{"desktop":{"background-color":"var(--ast-global-color-5)","background-image":"","background-repeat":"repeat","background-position":"center center","background-size":"auto","background-attachment":"scroll","background-type":"","background-media":"","overlay-type":"","overlay-color":"","overlay-opacity":"","overlay-gradient":""},"tablet":{"background-color":"var(--ast-global-color-5)","background-image":"","background-repeat":"repeat","background-position":"center center","background-size":"auto","background-attachment":"scroll","background-type":"","background-media":"","overlay-type":"","overlay-color":"","overlay-opacity":"","overlay-gradient":""},"mobile":{"background-color":"var(--ast-global-color-5)","background-image":"","background-repeat":"repeat","background-position":"center center","background-size":"auto","background-attachment":"scroll","background-type":"","background-media":"","overlay-type":"","overlay-color":"","overlay-opacity":"","overlay-gradient":""}},"footnotes":""},"related_contact":[201,205,211,202,218,220,204],"expertise":[],"webparts":[],"page_type":[],"class_list":["post-10375","page","type-page","status-publish","has-post-thumbnail","hentry"],"acf":[],"yoast_head":"<!-- This site is optimized with the Yoast SEO Premium plugin v27.5 (Yoast SEO v27.5) - https:\/\/yoast.com\/product\/yoast-seo-premium-wordpress\/ -->\n<title>Startseite | Lindemann Law<\/title>\n<meta name=\"description\" content=\"Entdecken Sie bei LINDEMANNLAW, einer f\u00fchrenden internationalen Schweizer Anwaltskanzlei, massgeschneiderte Rechts-, Steuer- und Compliance-Beratung f\u00fcr Unternehmer, Familien und Unternehmen weltweit.\" \/>\n<meta name=\"robots\" content=\"index, follow, max-snippet:-1, max-image-preview:large, max-video-preview:-1\" \/>\n<link rel=\"canonical\" href=\"https:\/\/lindemannlaw.ch\/de\/\" \/>\n<meta property=\"og:locale\" content=\"de_DE\" \/>\n<meta property=\"og:type\" content=\"article\" \/>\n<meta property=\"og:title\" content=\"Startseite\" \/>\n<meta property=\"og:description\" content=\"Entdecken Sie bei LINDEMANNLAW, einer f\u00fchrenden internationalen Schweizer Anwaltskanzlei, massgeschneiderte Rechts-, Steuer- und Compliance-Beratung f\u00fcr Unternehmer, Familien und Unternehmen weltweit.\" \/>\n<meta property=\"og:url\" content=\"https:\/\/lindemannlaw.ch\/de\/\" \/>\n<meta property=\"og:site_name\" content=\"Lindemann Law\" \/>\n<meta property=\"article:modified_time\" content=\"2025-10-23T13:32:57+00:00\" \/>\n<meta property=\"og:image\" content=\"https:\/\/lindemannlaw.ch\/wp-content\/uploads\/2020\/07\/Iguana-Lindemann-Law-1.jpg\" \/>\n\t<meta property=\"og:image:width\" content=\"1794\" \/>\n\t<meta property=\"og:image:height\" content=\"2500\" \/>\n\t<meta property=\"og:image:type\" content=\"image\/jpeg\" \/>\n<meta name=\"twitter:card\" content=\"summary_large_image\" \/>\n<meta name=\"twitter:site\" content=\"@Lindemann_law\" \/>\n<meta name=\"twitter:label1\" content=\"Gesch\u00e4tzte Lesezeit\" \/>\n\t<meta name=\"twitter:data1\" content=\"1 Minute\" \/>\n<script type=\"application\/ld+json\" class=\"yoast-schema-graph\">{\"@context\":\"https:\\\/\\\/schema.org\",\"@graph\":[{\"@type\":\"WebPage\",\"@id\":\"https:\\\/\\\/lindemannlaw.ch\\\/de\\\/\",\"url\":\"https:\\\/\\\/lindemannlaw.ch\\\/de\\\/\",\"name\":\"Startseite | Lindemann Law\",\"isPartOf\":{\"@id\":\"https:\\\/\\\/lindemannlaw.ch\\\/de\\\/#website\"},\"primaryImageOfPage\":{\"@id\":\"https:\\\/\\\/lindemannlaw.ch\\\/de\\\/#primaryimage\"},\"image\":{\"@id\":\"https:\\\/\\\/lindemannlaw.ch\\\/de\\\/#primaryimage\"},\"thumbnailUrl\":\"https:\\\/\\\/lindemannlaw.ch\\\/wp-content\\\/uploads\\\/2020\\\/07\\\/Iguana-Lindemann-Law-1.jpg\",\"datePublished\":\"2022-10-31T07:40:12+00:00\",\"dateModified\":\"2025-10-23T13:32:57+00:00\",\"description\":\"Entdecken Sie bei LINDEMANNLAW, einer f\u00fchrenden internationalen Schweizer Anwaltskanzlei, massgeschneiderte Rechts-, Steuer- und Compliance-Beratung f\u00fcr Unternehmer, Familien und Unternehmen weltweit.\",\"breadcrumb\":{\"@id\":\"https:\\\/\\\/lindemannlaw.ch\\\/de\\\/#breadcrumb\"},\"inLanguage\":\"de-DE\",\"potentialAction\":[{\"@type\":\"ReadAction\",\"target\":[\"https:\\\/\\\/lindemannlaw.ch\\\/de\\\/\"]}]},{\"@type\":\"ImageObject\",\"inLanguage\":\"de-DE\",\"@id\":\"https:\\\/\\\/lindemannlaw.ch\\\/de\\\/#primaryimage\",\"url\":\"https:\\\/\\\/lindemannlaw.ch\\\/wp-content\\\/uploads\\\/2020\\\/07\\\/Iguana-Lindemann-Law-1.jpg\",\"contentUrl\":\"https:\\\/\\\/lindemannlaw.ch\\\/wp-content\\\/uploads\\\/2020\\\/07\\\/Iguana-Lindemann-Law-1.jpg\",\"width\":1794,\"height\":2500},{\"@type\":\"BreadcrumbList\",\"@id\":\"https:\\\/\\\/lindemannlaw.ch\\\/de\\\/#breadcrumb\",\"itemListElement\":[{\"@type\":\"ListItem\",\"position\":1,\"name\":\"Home\",\"item\":\"https:\\\/\\\/lindemannlaw.ch\\\/de\\\/\"},{\"@type\":\"ListItem\",\"position\":2,\"name\":\"Startseite\"}]},{\"@type\":\"WebSite\",\"@id\":\"https:\\\/\\\/lindemannlaw.ch\\\/de\\\/#website\",\"url\":\"https:\\\/\\\/lindemannlaw.ch\\\/de\\\/\",\"name\":\"Lindemann Law\",\"description\":\"Asset Management legal services\",\"publisher\":{\"@id\":\"https:\\\/\\\/lindemannlaw.ch\\\/de\\\/#organization\"},\"potentialAction\":[{\"@type\":\"SearchAction\",\"target\":{\"@type\":\"EntryPoint\",\"urlTemplate\":\"https:\\\/\\\/lindemannlaw.ch\\\/de\\\/?s={search_term_string}\"},\"query-input\":{\"@type\":\"PropertyValueSpecification\",\"valueRequired\":true,\"valueName\":\"search_term_string\"}}],\"inLanguage\":\"de-DE\"},{\"@type\":\"Organization\",\"@id\":\"https:\\\/\\\/lindemannlaw.ch\\\/de\\\/#organization\",\"name\":\"Lindemann Law\",\"url\":\"https:\\\/\\\/lindemannlaw.ch\\\/de\\\/\",\"logo\":{\"@type\":\"ImageObject\",\"inLanguage\":\"de-DE\",\"@id\":\"https:\\\/\\\/lindemannlaw.ch\\\/de\\\/#\\\/schema\\\/logo\\\/image\\\/\",\"url\":\"https:\\\/\\\/lindemannlaw.ch\\\/wp-content\\\/uploads\\\/2021\\\/01\\\/logo-lindemannlaw_cropped.png\",\"contentUrl\":\"https:\\\/\\\/lindemannlaw.ch\\\/wp-content\\\/uploads\\\/2021\\\/01\\\/logo-lindemannlaw_cropped.png\",\"width\":150,\"height\":73,\"caption\":\"Lindemann Law\"},\"image\":{\"@id\":\"https:\\\/\\\/lindemannlaw.ch\\\/de\\\/#\\\/schema\\\/logo\\\/image\\\/\"},\"sameAs\":[\"https:\\\/\\\/x.com\\\/Lindemann_law\",\"https:\\\/\\\/www.linkedin.com\\\/company\\\/lindemannlaw\\\/\"]}]}<\/script>\n<!-- \/ Yoast SEO Premium plugin. -->","yoast_head_json":{"title":"Startseite | Lindemann Law","description":"Entdecken Sie bei LINDEMANNLAW, einer f\u00fchrenden internationalen Schweizer Anwaltskanzlei, massgeschneiderte Rechts-, Steuer- und Compliance-Beratung f\u00fcr Unternehmer, Familien und Unternehmen weltweit.","robots":{"index":"index","follow":"follow","max-snippet":"max-snippet:-1","max-image-preview":"max-image-preview:large","max-video-preview":"max-video-preview:-1"},"canonical":"https:\/\/lindemannlaw.ch\/de\/","og_locale":"de_DE","og_type":"article","og_title":"Startseite","og_description":"Entdecken Sie bei LINDEMANNLAW, einer f\u00fchrenden internationalen Schweizer Anwaltskanzlei, massgeschneiderte Rechts-, Steuer- und Compliance-Beratung f\u00fcr Unternehmer, Familien und Unternehmen weltweit.","og_url":"https:\/\/lindemannlaw.ch\/de\/","og_site_name":"Lindemann Law","article_modified_time":"2025-10-23T13:32:57+00:00","og_image":[{"width":1794,"height":2500,"url":"https:\/\/lindemannlaw.ch\/wp-content\/uploads\/2020\/07\/Iguana-Lindemann-Law-1.jpg","type":"image\/jpeg"}],"twitter_card":"summary_large_image","twitter_site":"@Lindemann_law","twitter_misc":{"Gesch\u00e4tzte Lesezeit":"1 Minute"},"schema":{"@context":"https:\/\/schema.org","@graph":[{"@type":"WebPage","@id":"https:\/\/lindemannlaw.ch\/de\/","url":"https:\/\/lindemannlaw.ch\/de\/","name":"Startseite | Lindemann Law","isPartOf":{"@id":"https:\/\/lindemannlaw.ch\/de\/#website"},"primaryImageOfPage":{"@id":"https:\/\/lindemannlaw.ch\/de\/#primaryimage"},"image":{"@id":"https:\/\/lindemannlaw.ch\/de\/#primaryimage"},"thumbnailUrl":"https:\/\/lindemannlaw.ch\/wp-content\/uploads\/2020\/07\/Iguana-Lindemann-Law-1.jpg","datePublished":"2022-10-31T07:40:12+00:00","dateModified":"2025-10-23T13:32:57+00:00","description":"Entdecken Sie bei LINDEMANNLAW, einer f\u00fchrenden internationalen Schweizer Anwaltskanzlei, massgeschneiderte Rechts-, Steuer- und Compliance-Beratung f\u00fcr Unternehmer, Familien und Unternehmen weltweit.","breadcrumb":{"@id":"https:\/\/lindemannlaw.ch\/de\/#breadcrumb"},"inLanguage":"de-DE","potentialAction":[{"@type":"ReadAction","target":["https:\/\/lindemannlaw.ch\/de\/"]}]},{"@type":"ImageObject","inLanguage":"de-DE","@id":"https:\/\/lindemannlaw.ch\/de\/#primaryimage","url":"https:\/\/lindemannlaw.ch\/wp-content\/uploads\/2020\/07\/Iguana-Lindemann-Law-1.jpg","contentUrl":"https:\/\/lindemannlaw.ch\/wp-content\/uploads\/2020\/07\/Iguana-Lindemann-Law-1.jpg","width":1794,"height":2500},{"@type":"BreadcrumbList","@id":"https:\/\/lindemannlaw.ch\/de\/#breadcrumb","itemListElement":[{"@type":"ListItem","position":1,"name":"Home","item":"https:\/\/lindemannlaw.ch\/de\/"},{"@type":"ListItem","position":2,"name":"Startseite"}]},{"@type":"WebSite","@id":"https:\/\/lindemannlaw.ch\/de\/#website","url":"https:\/\/lindemannlaw.ch\/de\/","name":"Lindemann Law","description":"Asset Management legal services","publisher":{"@id":"https:\/\/lindemannlaw.ch\/de\/#organization"},"potentialAction":[{"@type":"SearchAction","target":{"@type":"EntryPoint","urlTemplate":"https:\/\/lindemannlaw.ch\/de\/?s={search_term_string}"},"query-input":{"@type":"PropertyValueSpecification","valueRequired":true,"valueName":"search_term_string"}}],"inLanguage":"de-DE"},{"@type":"Organization","@id":"https:\/\/lindemannlaw.ch\/de\/#organization","name":"Lindemann Law","url":"https:\/\/lindemannlaw.ch\/de\/","logo":{"@type":"ImageObject","inLanguage":"de-DE","@id":"https:\/\/lindemannlaw.ch\/de\/#\/schema\/logo\/image\/","url":"https:\/\/lindemannlaw.ch\/wp-content\/uploads\/2021\/01\/logo-lindemannlaw_cropped.png","contentUrl":"https:\/\/lindemannlaw.ch\/wp-content\/uploads\/2021\/01\/logo-lindemannlaw_cropped.png","width":150,"height":73,"caption":"Lindemann Law"},"image":{"@id":"https:\/\/lindemannlaw.ch\/de\/#\/schema\/logo\/image\/"},"sameAs":["https:\/\/x.com\/Lindemann_law","https:\/\/www.linkedin.com\/company\/lindemannlaw\/"]}]}},"_links":{"self":[{"href":"https:\/\/lindemannlaw.ch\/de\/wp-json\/wp\/v2\/pages\/10375","targetHints":{"allow":["GET"]}}],"collection":[{"href":"https:\/\/lindemannlaw.ch\/de\/wp-json\/wp\/v2\/pages"}],"about":[{"href":"https:\/\/lindemannlaw.ch\/de\/wp-json\/wp\/v2\/types\/page"}],"author":[{"embeddable":true,"href":"https:\/\/lindemannlaw.ch\/de\/wp-json\/wp\/v2\/users\/1"}],"replies":[{"embeddable":true,"href":"https:\/\/lindemannlaw.ch\/de\/wp-json\/wp\/v2\/comments?post=10375"}],"version-history":[{"count":0,"href":"https:\/\/lindemannlaw.ch\/de\/wp-json\/wp\/v2\/pages\/10375\/revisions"}],"wp:featuredmedia":[{"embeddable":true,"href":"https:\/\/lindemannlaw.ch\/de\/wp-json\/wp\/v2\/media\/2332"}],"wp:attachment":[{"href":"https:\/\/lindemannlaw.ch\/de\/wp-json\/wp\/v2\/media?parent=10375"}],"wp:term":[{"taxonomy":"related_contact","embeddable":true,"href":"https:\/\/lindemannlaw.ch\/de\/wp-json\/wp\/v2\/related_contact?post=10375"},{"taxonomy":"expertise","embeddable":true,"href":"https:\/\/lindemannlaw.ch\/de\/wp-json\/wp\/v2\/expertise?post=10375"},{"taxonomy":"webparts","embeddable":true,"href":"https:\/\/lindemannlaw.ch\/de\/wp-json\/wp\/v2\/webparts?post=10375"},{"taxonomy":"page_type","embeddable":true,"href":"https:\/\/lindemannlaw.ch\/de\/wp-json\/wp\/v2\/page_type?post=10375"}],"curies":[{"name":"wp","href":"https:\/\/api.w.org\/{rel}","templated":true}]}}