{"id":17488,"date":"2023-10-19T06:28:16","date_gmt":"2023-10-19T05:28:16","guid":{"rendered":"https:\/\/lindemannlaw.ch\/?page_id=17488"},"modified":"2025-10-23T14:51:02","modified_gmt":"2025-10-23T13:51:02","slug":"ueber-uns","status":"publish","type":"page","link":"https:\/\/lindemannlaw.ch\/de\/ueber-uns\/","title":{"rendered":"\u00dcber uns"},"content":{"rendered":"\t\t<div data-elementor-type=\"wp-page\" data-elementor-id=\"17488\" class=\"elementor elementor-17488 elementor-17487\" data-elementor-post-type=\"page\">\n\t\t\t\t<div class=\"elementor-element elementor-element-232b5c2d e-flex e-con-boxed e-con e-parent\" data-id=\"232b5c2d\" data-element_type=\"container\" data-e-type=\"container\">\n\t\t\t\t\t<div class=\"e-con-inner\">\n\t\t\t\t<div class=\"elementor-element elementor-element-45616483 elementor-widget elementor-widget-text-editor\" data-id=\"45616483\" data-element_type=\"widget\" data-e-type=\"widget\" data-widget_type=\"text-editor.default\">\n\t\t\t\t<div class=\"elementor-widget-container\">\n\t\t\t\t\t\t\t\t\t<p><strong>LAW, TAX &amp; INTELLIGENCE for ENTREPRENEURS.<\/strong><\/p><p>Wir sind eine weltweit f\u00fchrende Anwaltskanzlei, die einflussreiche Entrepreneure, Familien und Unternehmen in allen Bereichen ihres beruflichen und privaten Lebens in der Schweiz und weltweit mit dem gesamten Spektrum an Rechtsstreitigkeiten und Schiedsverfahren, Wirtschaftsrecht, Steuerberatung, notariellen Dienstleistungen, Umzug, Aufenthaltsgenehmigungen, Immobilien, Fusionen und \u00dcbernahmen, Holdingstrukturen, Trusts, Stiftungen, Investmentfonds und strategischen Beratungsdienstleistungen unterst\u00fctzt.<\/p><p>Wir betreuen Kunden bei der beh\u00f6rdlichen Lizenzierung, B\u00f6rsennotierungen, Anleiheemissionen, strukturierten Produkten und Blockchain-basierten Token-Angeboten.<\/p><p>Dar\u00fcber hinaus beraten wir in den Bereichen Regierungsbeziehungen und Lobbying sowie bei Verhandlungen \u00fcber hochrangige Transaktionen.<\/p><p>Zu den Kunden unserer Kanzlei z\u00e4hlen viele der erfolgreichsten Schweizer und internationalen Unternehmer aus Industrie und Finanzwesen sowie zahllose Forbes-Milliard\u00e4re.<\/p><p>Wir verbinden juristische Exzellenz mit unternehmerischer Weitsicht und liefern Klarheit, Strategie und Wirkung. Wir handeln entschlossen, denken global und agieren pr\u00e4zise, um das, was unsere Kunden aufbauen, zu sch\u00fctzen und zu st\u00e4rken.<\/p><p>Die Mitglieder der Kanzlei sind zugelassene Vertreter f\u00fcr Notierungen an der <a href=\"https:\/\/www.six-group.com\/en\/home.html\">SIX Swiss Exchange<\/a> und Mitglieder des <a href=\"https:\/\/www.sictic.ch\/\">Swiss ICT Investor Club (SICTIC)<\/a>, der <a href=\"https:\/\/jointchambers.ch\/\">Joint Chamber of Commerce (JCC)<\/a>, der <a href=\"https:\/\/www.seca.ch\/\">Swiss Private Equity &amp; Corporate Finance Association (SECA)<\/a>, von <a href=\"https:\/\/financemalta.org\/\">FinanceMalta<\/a>, der <a href=\"https:\/\/www.expertsuisse.ch\/en-home\">Fachvereinigung f\u00fcr Wirtschaftspr\u00fcfung, Steuern und Treuhand (EXPERTsuisse)<\/a>, der <a href=\"https:\/\/www.zav.ch\/en\/home.html\">Z\u00fcrcher Anwaltsvereinigung (ZAV)<\/a> und des <a href=\"https:\/\/www.sav-fsa.ch\/home\">Schweizerischen Anwaltsverbands (SAV), <\/a>der <a href=\"https:\/\/www.amcham.ch\/\">Swiss AmCham,<\/a> und der <a href=\"https:\/\/www.ifa.nl\/\">International Fiscal Association (IFA)<\/a>.<\/p>\t\t\t\t\t\t\t\t<\/div>\n\t\t\t\t<\/div>\n\t\t\t\t<div class=\"elementor-element elementor-element-d054843 elementor-grid-1 elementor-posts--thumbnail-top elementor-grid-tablet-2 elementor-grid-mobile-1 elementor-widget elementor-widget-posts\" data-id=\"d054843\" data-element_type=\"widget\" data-e-type=\"widget\" data-settings=\"{&quot;custom_columns&quot;:&quot;1&quot;,&quot;custom_row_gap&quot;:{&quot;unit&quot;:&quot;px&quot;,&quot;size&quot;:0,&quot;sizes&quot;:[]},&quot;custom_columns_tablet&quot;:&quot;2&quot;,&quot;custom_columns_mobile&quot;:&quot;1&quot;,&quot;custom_row_gap_tablet&quot;:{&quot;unit&quot;:&quot;px&quot;,&quot;size&quot;:&quot;&quot;,&quot;sizes&quot;:[]},&quot;custom_row_gap_mobile&quot;:{&quot;unit&quot;:&quot;px&quot;,&quot;size&quot;:&quot;&quot;,&quot;sizes&quot;:[]}}\" data-widget_type=\"posts.custom\">\n\t\t\t\t<div class=\"elementor-widget-container\">\n\t\t\t\t\t      <div class=\"ecs-posts elementor-posts-container elementor-posts   elementor-grid elementor-posts--skin-custom\" data-settings=\"{&quot;current_page&quot;:1,&quot;max_num_pages&quot;:1,&quot;load_method&quot;:&quot;&quot;,&quot;widget_id&quot;:&quot;d054843&quot;,&quot;post_id&quot;:17488,&quot;theme_id&quot;:17488,&quot;change_url&quot;:false,&quot;reinit_js&quot;:false}\">\n      \t\t<article id=\"post-20944\" class=\"elementor-post elementor-grid-item ecs-post-loop post-20944 aboutus type-aboutus status-publish has-post-thumbnail hentry post-aboutus-our-vision-de\">\n\t\t\t\t<div data-elementor-type=\"loop\" data-elementor-id=\"20761\" class=\"elementor elementor-20761 post-20944 aboutus type-aboutus status-publish has-post-thumbnail hentry post-aboutus-our-vision-de ast-article-single\" data-elementor-post-type=\"elementor_library\">\n\t\t\t<div class=\"elementor-element elementor-element-f3406b6 e-flex e-con-boxed e-con e-parent\" data-id=\"f3406b6\" data-element_type=\"container\" data-e-type=\"container\">\n\t\t\t\t\t<div class=\"e-con-inner\">\n\t\t\t\t<div class=\"elementor-element elementor-element-c487869 elementor-widget elementor-widget-heading\" data-id=\"c487869\" data-element_type=\"widget\" data-e-type=\"widget\" data-widget_type=\"heading.default\">\n\t\t\t\t<div class=\"elementor-widget-container\">\n\t\t\t\t\t<h3 class=\"elementor-heading-title elementor-size-default\"><a href=\"https:\/\/lindemannlaw.ch\/de\/aboutus\/our-vision\/\">Unsere Vision<\/a><\/h3>\t\t\t\t<\/div>\n\t\t\t\t<\/div>\n\t\t\t\t\t<\/div>\n\t\t\t\t<\/div>\n\t\t\t\t<\/div>\n\t\t\t\t<\/article>\n\t\t\t\t<article id=\"post-20953\" class=\"elementor-post elementor-grid-item ecs-post-loop post-20953 aboutus type-aboutus status-publish has-post-thumbnail hentry post-aboutus-our-code-de\">\n\t\t\t\t<div data-elementor-type=\"loop\" data-elementor-id=\"20761\" class=\"elementor elementor-20761 post-20953 aboutus type-aboutus status-publish has-post-thumbnail hentry post-aboutus-our-code-de ast-article-single\" data-elementor-post-type=\"elementor_library\">\n\t\t\t<div class=\"elementor-element elementor-element-f3406b6 e-flex e-con-boxed e-con e-parent\" data-id=\"f3406b6\" data-element_type=\"container\" data-e-type=\"container\">\n\t\t\t\t\t<div class=\"e-con-inner\">\n\t\t\t\t<div class=\"elementor-element elementor-element-c487869 elementor-widget elementor-widget-heading\" data-id=\"c487869\" data-element_type=\"widget\" data-e-type=\"widget\" data-widget_type=\"heading.default\">\n\t\t\t\t<div class=\"elementor-widget-container\">\n\t\t\t\t\t<h3 class=\"elementor-heading-title elementor-size-default\"><a href=\"https:\/\/lindemannlaw.ch\/de\/aboutus\/unser-kodex\/\">Unser Kodex<\/a><\/h3>\t\t\t\t<\/div>\n\t\t\t\t<\/div>\n\t\t\t\t\t<\/div>\n\t\t\t\t<\/div>\n\t\t\t\t<\/div>\n\t\t\t\t<\/article>\n\t\t\t\t<article id=\"post-20956\" class=\"elementor-post elementor-grid-item ecs-post-loop post-20956 aboutus type-aboutus status-publish has-post-thumbnail hentry post-aboutus-talent-de\">\n\t\t\t\t<div data-elementor-type=\"loop\" data-elementor-id=\"20761\" class=\"elementor elementor-20761 post-20956 aboutus type-aboutus status-publish has-post-thumbnail hentry post-aboutus-talent-de ast-article-single\" data-elementor-post-type=\"elementor_library\">\n\t\t\t<div class=\"elementor-element elementor-element-f3406b6 e-flex e-con-boxed e-con e-parent\" data-id=\"f3406b6\" data-element_type=\"container\" data-e-type=\"container\">\n\t\t\t\t\t<div class=\"e-con-inner\">\n\t\t\t\t<div class=\"elementor-element elementor-element-c487869 elementor-widget elementor-widget-heading\" data-id=\"c487869\" data-element_type=\"widget\" data-e-type=\"widget\" data-widget_type=\"heading.default\">\n\t\t\t\t<div class=\"elementor-widget-container\">\n\t\t\t\t\t<h3 class=\"elementor-heading-title elementor-size-default\"><a href=\"https:\/\/lindemannlaw.ch\/de\/aboutus\/wie-wir-talente-foerdern\/\">Wie wir Talente f\u00f6rdern<\/a><\/h3>\t\t\t\t<\/div>\n\t\t\t\t<\/div>\n\t\t\t\t\t<\/div>\n\t\t\t\t<\/div>\n\t\t\t\t<\/div>\n\t\t\t\t<\/article>\n\t\t\t\t<article id=\"post-20948\" class=\"elementor-post elementor-grid-item ecs-post-loop post-20948 aboutus type-aboutus status-publish has-post-thumbnail hentry post-aboutus-lindemannlaw-in-the-media-de\">\n\t\t\t\t<div data-elementor-type=\"loop\" data-elementor-id=\"20761\" class=\"elementor elementor-20761 post-20948 aboutus type-aboutus status-publish has-post-thumbnail hentry post-aboutus-lindemannlaw-in-the-media-de ast-article-single\" data-elementor-post-type=\"elementor_library\">\n\t\t\t<div class=\"elementor-element elementor-element-f3406b6 e-flex e-con-boxed e-con e-parent\" data-id=\"f3406b6\" data-element_type=\"container\" data-e-type=\"container\">\n\t\t\t\t\t<div class=\"e-con-inner\">\n\t\t\t\t<div class=\"elementor-element elementor-element-c487869 elementor-widget elementor-widget-heading\" data-id=\"c487869\" data-element_type=\"widget\" data-e-type=\"widget\" data-widget_type=\"heading.default\">\n\t\t\t\t<div class=\"elementor-widget-container\">\n\t\t\t\t\t<h3 class=\"elementor-heading-title elementor-size-default\"><a href=\"https:\/\/lindemannlaw.ch\/de\/aboutus\/lindemannlaw-in-den-medien\/\">LINDEMANNLAW in den Medien<\/a><\/h3>\t\t\t\t<\/div>\n\t\t\t\t<\/div>\n\t\t\t\t\t<\/div>\n\t\t\t\t<\/div>\n\t\t\t\t<\/div>\n\t\t\t\t<\/article>\n\t\t\t\t<\/div>\n\t\t\t\t\t\t<\/div>\n\t\t\t\t<\/div>\n\t\t<div class=\"elementor-element elementor-element-ff8739e e-con-full e-flex e-con e-child\" data-id=\"ff8739e\" data-element_type=\"container\" data-e-type=\"container\">\n\t\t\t\t<\/div>\n\t\t\t\t\t<\/div>\n\t\t\t\t<\/div>\n\t\t\t\t<\/div>\n\t\t","protected":false},"excerpt":{"rendered":"<p>LAW, TAX &amp; INTELLIGENCE for ENTREPRENEURS. Wir sind eine weltweit f\u00fchrende Anwaltskanzlei, die einflussreiche Entrepreneure, Familien und Unternehmen in allen Bereichen ihres beruflichen und privaten Lebens in der Schweiz und weltweit mit dem gesamten Spektrum an Rechtsstreitigkeiten und Schiedsverfahren, Wirtschaftsrecht, Steuerberatung, notariellen Dienstleistungen, Umzug, Aufenthaltsgenehmigungen, Immobilien, Fusionen und \u00dcbernahmen, Holdingstrukturen, Trusts, Stiftungen, Investmentfonds und strategischen [&hellip;]<\/p>\n","protected":false},"author":12,"featured_media":2317,"parent":0,"menu_order":0,"comment_status":"closed","ping_status":"closed","template":"","meta":{"_acf_changed":false,"site-sidebar-layout":"default","site-content-layout":"","ast-site-content-layout":"default","site-content-style":"default","site-sidebar-style":"default","ast-global-header-display":"","ast-banner-title-visibility":"","ast-main-header-display":"","ast-hfb-above-header-display":"","ast-hfb-below-header-display":"","ast-hfb-mobile-header-display":"","site-post-title":"","ast-breadcrumbs-content":"","ast-featured-img":"","footer-sml-layout":"","ast-disable-related-posts":"","theme-transparent-header-meta":"default","adv-header-id-meta":"","stick-header-meta":"","header-above-stick-meta":"","header-main-stick-meta":"","header-below-stick-meta":"","astra-migrate-meta-layouts":"set","ast-page-background-enabled":"default","ast-page-background-meta":{"desktop":{"background-color":"var(--ast-global-color-4)","background-image":"","background-repeat":"repeat","background-position":"center center","background-size":"auto","background-attachment":"scroll","background-type":"","background-media":"","overlay-type":"","overlay-color":"","overlay-opacity":"","overlay-gradient":""},"tablet":{"background-color":"","background-image":"","background-repeat":"repeat","background-position":"center center","background-size":"auto","background-attachment":"scroll","background-type":"","background-media":"","overlay-type":"","overlay-color":"","overlay-opacity":"","overlay-gradient":""},"mobile":{"background-color":"","background-image":"","background-repeat":"repeat","background-position":"center center","background-size":"auto","background-attachment":"scroll","background-type":"","background-media":"","overlay-type":"","overlay-color":"","overlay-opacity":"","overlay-gradient":""}},"ast-content-background-meta":{"desktop":{"background-color":"var(--ast-global-color-5)","background-image":"","background-repeat":"repeat","background-position":"center center","background-size":"auto","background-attachment":"scroll","background-type":"","background-media":"","overlay-type":"","overlay-color":"","overlay-opacity":"","overlay-gradient":""},"tablet":{"background-color":"var(--ast-global-color-5)","background-image":"","background-repeat":"repeat","background-position":"center center","background-size":"auto","background-attachment":"scroll","background-type":"","background-media":"","overlay-type":"","overlay-color":"","overlay-opacity":"","overlay-gradient":""},"mobile":{"background-color":"var(--ast-global-color-5)","background-image":"","background-repeat":"repeat","background-position":"center center","background-size":"auto","background-attachment":"scroll","background-type":"","background-media":"","overlay-type":"","overlay-color":"","overlay-opacity":"","overlay-gradient":""}},"footnotes":""},"related_contact":[],"expertise":[],"webparts":[],"page_type":[270],"class_list":["post-17488","page","type-page","status-publish","has-post-thumbnail","hentry"],"acf":[],"yoast_head":"<!-- This site is optimized with the Yoast SEO Premium plugin v27.3 (Yoast SEO v27.3) - https:\/\/yoast.com\/product\/yoast-seo-premium-wordpress\/ -->\n<title>\u00dcber uns | Lindemann Law<\/title>\n<meta name=\"description\" content=\"Erfahren Sie mehr \u00fcber LINDEMANNLAW \u2013 eine f\u00fchrende internationale Schweizer Anwaltskanzlei f\u00fcr Unternehmer, Familien und Unternehmen mit Kompetenz in Recht, Steuern und strategischer Beratung.\" \/>\n<meta name=\"robots\" content=\"index, follow, max-snippet:-1, max-image-preview:large, max-video-preview:-1\" \/>\n<link rel=\"canonical\" href=\"https:\/\/lindemannlaw.ch\/de\/ueber-uns\/\" \/>\n<meta property=\"og:locale\" content=\"de_DE\" \/>\n<meta property=\"og:type\" content=\"article\" \/>\n<meta property=\"og:title\" content=\"\u00dcber uns\" \/>\n<meta property=\"og:description\" content=\"Erfahren Sie mehr \u00fcber LINDEMANNLAW \u2013 eine f\u00fchrende internationale Schweizer Anwaltskanzlei f\u00fcr Unternehmer, Familien und Unternehmen mit Kompetenz in Recht, Steuern und strategischer Beratung.\" \/>\n<meta property=\"og:url\" content=\"https:\/\/lindemannlaw.ch\/de\/ueber-uns\/\" \/>\n<meta property=\"og:site_name\" content=\"Lindemann Law\" \/>\n<meta property=\"article:modified_time\" content=\"2025-10-23T13:51:02+00:00\" \/>\n<meta property=\"og:image\" content=\"https:\/\/lindemannlaw.ch\/wp-content\/uploads\/2020\/12\/Contact.jpg\" \/>\n\t<meta property=\"og:image:width\" content=\"1800\" \/>\n\t<meta property=\"og:image:height\" content=\"2501\" \/>\n\t<meta property=\"og:image:type\" content=\"image\/jpeg\" \/>\n<meta name=\"twitter:card\" content=\"summary_large_image\" \/>\n<meta name=\"twitter:site\" content=\"@Lindemann_law\" \/>\n<meta name=\"twitter:label1\" content=\"Gesch\u00e4tzte Lesezeit\" \/>\n\t<meta name=\"twitter:data1\" content=\"2 Minuten\" \/>\n<script type=\"application\/ld+json\" class=\"yoast-schema-graph\">{\"@context\":\"https:\\\/\\\/schema.org\",\"@graph\":[{\"@type\":\"WebPage\",\"@id\":\"https:\\\/\\\/lindemannlaw.ch\\\/de\\\/ueber-uns\\\/\",\"url\":\"https:\\\/\\\/lindemannlaw.ch\\\/de\\\/ueber-uns\\\/\",\"name\":\"\u00dcber uns | Lindemann Law\",\"isPartOf\":{\"@id\":\"https:\\\/\\\/lindemannlaw.ch\\\/de\\\/#website\"},\"primaryImageOfPage\":{\"@id\":\"https:\\\/\\\/lindemannlaw.ch\\\/de\\\/ueber-uns\\\/#primaryimage\"},\"image\":{\"@id\":\"https:\\\/\\\/lindemannlaw.ch\\\/de\\\/ueber-uns\\\/#primaryimage\"},\"thumbnailUrl\":\"https:\\\/\\\/lindemannlaw.ch\\\/wp-content\\\/uploads\\\/2020\\\/12\\\/Contact.jpg\",\"datePublished\":\"2023-10-19T05:28:16+00:00\",\"dateModified\":\"2025-10-23T13:51:02+00:00\",\"description\":\"Erfahren Sie mehr \u00fcber LINDEMANNLAW \u2013 eine f\u00fchrende internationale Schweizer Anwaltskanzlei f\u00fcr Unternehmer, Familien und Unternehmen mit Kompetenz in Recht, Steuern und strategischer Beratung.\",\"breadcrumb\":{\"@id\":\"https:\\\/\\\/lindemannlaw.ch\\\/de\\\/ueber-uns\\\/#breadcrumb\"},\"inLanguage\":\"de-DE\",\"potentialAction\":[{\"@type\":\"ReadAction\",\"target\":[\"https:\\\/\\\/lindemannlaw.ch\\\/de\\\/ueber-uns\\\/\"]}]},{\"@type\":\"ImageObject\",\"inLanguage\":\"de-DE\",\"@id\":\"https:\\\/\\\/lindemannlaw.ch\\\/de\\\/ueber-uns\\\/#primaryimage\",\"url\":\"https:\\\/\\\/lindemannlaw.ch\\\/wp-content\\\/uploads\\\/2020\\\/12\\\/Contact.jpg\",\"contentUrl\":\"https:\\\/\\\/lindemannlaw.ch\\\/wp-content\\\/uploads\\\/2020\\\/12\\\/Contact.jpg\",\"width\":1800,\"height\":2501,\"caption\":\"Zurich\"},{\"@type\":\"BreadcrumbList\",\"@id\":\"https:\\\/\\\/lindemannlaw.ch\\\/de\\\/ueber-uns\\\/#breadcrumb\",\"itemListElement\":[{\"@type\":\"ListItem\",\"position\":1,\"name\":\"Home\",\"item\":\"https:\\\/\\\/lindemannlaw.ch\\\/de\\\/\"},{\"@type\":\"ListItem\",\"position\":2,\"name\":\"\u00dcber uns\"}]},{\"@type\":\"WebSite\",\"@id\":\"https:\\\/\\\/lindemannlaw.ch\\\/de\\\/#website\",\"url\":\"https:\\\/\\\/lindemannlaw.ch\\\/de\\\/\",\"name\":\"Lindemann Law\",\"description\":\"Asset Management legal services\",\"publisher\":{\"@id\":\"https:\\\/\\\/lindemannlaw.ch\\\/de\\\/#organization\"},\"potentialAction\":[{\"@type\":\"SearchAction\",\"target\":{\"@type\":\"EntryPoint\",\"urlTemplate\":\"https:\\\/\\\/lindemannlaw.ch\\\/de\\\/?s={search_term_string}\"},\"query-input\":{\"@type\":\"PropertyValueSpecification\",\"valueRequired\":true,\"valueName\":\"search_term_string\"}}],\"inLanguage\":\"de-DE\"},{\"@type\":\"Organization\",\"@id\":\"https:\\\/\\\/lindemannlaw.ch\\\/de\\\/#organization\",\"name\":\"Lindemann Law\",\"url\":\"https:\\\/\\\/lindemannlaw.ch\\\/de\\\/\",\"logo\":{\"@type\":\"ImageObject\",\"inLanguage\":\"de-DE\",\"@id\":\"https:\\\/\\\/lindemannlaw.ch\\\/de\\\/#\\\/schema\\\/logo\\\/image\\\/\",\"url\":\"https:\\\/\\\/lindemannlaw.ch\\\/wp-content\\\/uploads\\\/2021\\\/01\\\/logo-lindemannlaw_cropped.png\",\"contentUrl\":\"https:\\\/\\\/lindemannlaw.ch\\\/wp-content\\\/uploads\\\/2021\\\/01\\\/logo-lindemannlaw_cropped.png\",\"width\":150,\"height\":73,\"caption\":\"Lindemann Law\"},\"image\":{\"@id\":\"https:\\\/\\\/lindemannlaw.ch\\\/de\\\/#\\\/schema\\\/logo\\\/image\\\/\"},\"sameAs\":[\"https:\\\/\\\/x.com\\\/Lindemann_law\",\"https:\\\/\\\/www.linkedin.com\\\/company\\\/lindemannlaw\\\/\"]}]}<\/script>\n<!-- \/ Yoast SEO Premium plugin. -->","yoast_head_json":{"title":"\u00dcber uns | Lindemann Law","description":"Erfahren Sie mehr \u00fcber LINDEMANNLAW \u2013 eine f\u00fchrende internationale Schweizer Anwaltskanzlei f\u00fcr Unternehmer, Familien und Unternehmen mit Kompetenz in Recht, Steuern und strategischer Beratung.","robots":{"index":"index","follow":"follow","max-snippet":"max-snippet:-1","max-image-preview":"max-image-preview:large","max-video-preview":"max-video-preview:-1"},"canonical":"https:\/\/lindemannlaw.ch\/de\/ueber-uns\/","og_locale":"de_DE","og_type":"article","og_title":"\u00dcber uns","og_description":"Erfahren Sie mehr \u00fcber LINDEMANNLAW \u2013 eine f\u00fchrende internationale Schweizer Anwaltskanzlei f\u00fcr Unternehmer, Familien und Unternehmen mit Kompetenz in Recht, Steuern und strategischer Beratung.","og_url":"https:\/\/lindemannlaw.ch\/de\/ueber-uns\/","og_site_name":"Lindemann Law","article_modified_time":"2025-10-23T13:51:02+00:00","og_image":[{"width":1800,"height":2501,"url":"https:\/\/lindemannlaw.ch\/wp-content\/uploads\/2020\/12\/Contact.jpg","type":"image\/jpeg"}],"twitter_card":"summary_large_image","twitter_site":"@Lindemann_law","twitter_misc":{"Gesch\u00e4tzte Lesezeit":"2 Minuten"},"schema":{"@context":"https:\/\/schema.org","@graph":[{"@type":"WebPage","@id":"https:\/\/lindemannlaw.ch\/de\/ueber-uns\/","url":"https:\/\/lindemannlaw.ch\/de\/ueber-uns\/","name":"\u00dcber uns | Lindemann Law","isPartOf":{"@id":"https:\/\/lindemannlaw.ch\/de\/#website"},"primaryImageOfPage":{"@id":"https:\/\/lindemannlaw.ch\/de\/ueber-uns\/#primaryimage"},"image":{"@id":"https:\/\/lindemannlaw.ch\/de\/ueber-uns\/#primaryimage"},"thumbnailUrl":"https:\/\/lindemannlaw.ch\/wp-content\/uploads\/2020\/12\/Contact.jpg","datePublished":"2023-10-19T05:28:16+00:00","dateModified":"2025-10-23T13:51:02+00:00","description":"Erfahren Sie mehr \u00fcber LINDEMANNLAW \u2013 eine f\u00fchrende internationale Schweizer Anwaltskanzlei f\u00fcr Unternehmer, Familien und Unternehmen mit Kompetenz in Recht, Steuern und strategischer Beratung.","breadcrumb":{"@id":"https:\/\/lindemannlaw.ch\/de\/ueber-uns\/#breadcrumb"},"inLanguage":"de-DE","potentialAction":[{"@type":"ReadAction","target":["https:\/\/lindemannlaw.ch\/de\/ueber-uns\/"]}]},{"@type":"ImageObject","inLanguage":"de-DE","@id":"https:\/\/lindemannlaw.ch\/de\/ueber-uns\/#primaryimage","url":"https:\/\/lindemannlaw.ch\/wp-content\/uploads\/2020\/12\/Contact.jpg","contentUrl":"https:\/\/lindemannlaw.ch\/wp-content\/uploads\/2020\/12\/Contact.jpg","width":1800,"height":2501,"caption":"Zurich"},{"@type":"BreadcrumbList","@id":"https:\/\/lindemannlaw.ch\/de\/ueber-uns\/#breadcrumb","itemListElement":[{"@type":"ListItem","position":1,"name":"Home","item":"https:\/\/lindemannlaw.ch\/de\/"},{"@type":"ListItem","position":2,"name":"\u00dcber uns"}]},{"@type":"WebSite","@id":"https:\/\/lindemannlaw.ch\/de\/#website","url":"https:\/\/lindemannlaw.ch\/de\/","name":"Lindemann Law","description":"Asset Management legal services","publisher":{"@id":"https:\/\/lindemannlaw.ch\/de\/#organization"},"potentialAction":[{"@type":"SearchAction","target":{"@type":"EntryPoint","urlTemplate":"https:\/\/lindemannlaw.ch\/de\/?s={search_term_string}"},"query-input":{"@type":"PropertyValueSpecification","valueRequired":true,"valueName":"search_term_string"}}],"inLanguage":"de-DE"},{"@type":"Organization","@id":"https:\/\/lindemannlaw.ch\/de\/#organization","name":"Lindemann Law","url":"https:\/\/lindemannlaw.ch\/de\/","logo":{"@type":"ImageObject","inLanguage":"de-DE","@id":"https:\/\/lindemannlaw.ch\/de\/#\/schema\/logo\/image\/","url":"https:\/\/lindemannlaw.ch\/wp-content\/uploads\/2021\/01\/logo-lindemannlaw_cropped.png","contentUrl":"https:\/\/lindemannlaw.ch\/wp-content\/uploads\/2021\/01\/logo-lindemannlaw_cropped.png","width":150,"height":73,"caption":"Lindemann Law"},"image":{"@id":"https:\/\/lindemannlaw.ch\/de\/#\/schema\/logo\/image\/"},"sameAs":["https:\/\/x.com\/Lindemann_law","https:\/\/www.linkedin.com\/company\/lindemannlaw\/"]}]}},"_links":{"self":[{"href":"https:\/\/lindemannlaw.ch\/de\/wp-json\/wp\/v2\/pages\/17488","targetHints":{"allow":["GET"]}}],"collection":[{"href":"https:\/\/lindemannlaw.ch\/de\/wp-json\/wp\/v2\/pages"}],"about":[{"href":"https:\/\/lindemannlaw.ch\/de\/wp-json\/wp\/v2\/types\/page"}],"author":[{"embeddable":true,"href":"https:\/\/lindemannlaw.ch\/de\/wp-json\/wp\/v2\/users\/12"}],"replies":[{"embeddable":true,"href":"https:\/\/lindemannlaw.ch\/de\/wp-json\/wp\/v2\/comments?post=17488"}],"version-history":[{"count":0,"href":"https:\/\/lindemannlaw.ch\/de\/wp-json\/wp\/v2\/pages\/17488\/revisions"}],"wp:featuredmedia":[{"embeddable":true,"href":"https:\/\/lindemannlaw.ch\/de\/wp-json\/wp\/v2\/media\/2317"}],"wp:attachment":[{"href":"https:\/\/lindemannlaw.ch\/de\/wp-json\/wp\/v2\/media?parent=17488"}],"wp:term":[{"taxonomy":"related_contact","embeddable":true,"href":"https:\/\/lindemannlaw.ch\/de\/wp-json\/wp\/v2\/related_contact?post=17488"},{"taxonomy":"expertise","embeddable":true,"href":"https:\/\/lindemannlaw.ch\/de\/wp-json\/wp\/v2\/expertise?post=17488"},{"taxonomy":"webparts","embeddable":true,"href":"https:\/\/lindemannlaw.ch\/de\/wp-json\/wp\/v2\/webparts?post=17488"},{"taxonomy":"page_type","embeddable":true,"href":"https:\/\/lindemannlaw.ch\/de\/wp-json\/wp\/v2\/page_type?post=17488"}],"curies":[{"name":"wp","href":"https:\/\/api.w.org\/{rel}","templated":true}]}}