{"id":22544,"date":"2025-06-27T09:34:19","date_gmt":"2025-06-27T08:34:19","guid":{"rendered":"https:\/\/lindemannlaw.ch\/?page_id=22544"},"modified":"2025-08-14T08:23:46","modified_gmt":"2025-08-14T07:23:46","slug":"umsiedlung-in-den-kanton-zuerich-migrationsrecht-gesellschaftsrecht-und-steuern","status":"publish","type":"page","link":"https:\/\/lindemannlaw.ch\/de\/umsiedlung-in-den-kanton-zuerich-migrationsrecht-gesellschaftsrecht-und-steuern\/","title":{"rendered":"Umsiedlung in den Kanton Z\u00fcrich | Migrationsrecht, Gesellschaftsrecht und Steuern"},"content":{"rendered":"<h3 data-start=\"139\" data-end=\"154\"><img decoding=\"async\" class=\"alignleft wp-image-21560\" src=\"https:\/\/lindemannlaw.ch\/wp-content\/uploads\/2025\/06\/zurich_flag-247x300.png\" alt=\"\" width=\"200\" height=\"243\" srcset=\"https:\/\/lindemannlaw.ch\/wp-content\/uploads\/2025\/06\/zurich_flag-247x300.png 247w, https:\/\/lindemannlaw.ch\/wp-content\/uploads\/2025\/06\/zurich_flag.png 250w\" sizes=\"(max-width: 200px) 100vw, 200px\" \/>\u00dcbersicht<\/h3>\n<p>Der Kanton Z\u00fcrich liegt im Nordosten der Schweiz und ist mit rund 1,6 Millionen Einwohnern (2023) der bev\u00f6lkerungsreichste Kanton. Die Stadt Z\u00fcrich ist die Kantonshauptstadt und Sitz der Regierung, des Parlaments und des Obergerichts.<\/p>\n<p>Z\u00fcrich gilt weithin als Wirtschaftsmotor der Schweiz und ist bekannt f\u00fcr seine dynamische Wirtschaft, seinen erstklassigen Finanzsektor und seine hervorragende Lebensqualit\u00e4t.<\/p>\n<h3>Wirtschaftliche St\u00e4rken und Infrastruktur<\/h3>\n<p>\u2714<b> BIP<\/b>: 164 Milliarden CHF (2022), das h\u00f6chste aller Schweizer Kantone, mit einem Pro-Kopf-BIP von 104.620 CHF.<br \/>\n<span style=\"font-size: 16px;\">\u2714 <\/span><b style=\"font-style: inherit;\">Finanz- und Versicherungszentrum<\/b><span style=\"font-size: 16px;\">: Z\u00fcrich ist Sitz globaler Giganten wie UBS, Credit Suisse und Z\u00fcrich Insurance und konkurriert mit London und Frankfurt um den Titel des f\u00fchrenden Finanzplatzes.<br \/>\n<\/span><span style=\"font-size: 16px;\">\u2714 <\/span><b style=\"font-style: inherit;\">Innovationscluster<\/b><span style=\"font-size: 16px;\">: Mit einer starken Pr\u00e4senz in den Bereichen Life Sciences, Medizintechnik, Biotechnologie, IT und Fintech zieht die Greater Zurich Area sowohl multinationale Unternehmen als auch Start-ups an.<br \/>\n<\/span><span style=\"font-size: 16px;\">\u2714 <\/span><b style=\"font-style: inherit;\">Bildung und Forschung<\/b><span style=\"font-size: 16px;\">: Weltbekannte Institutionen wie die ETH Z\u00fcrich, die Universit\u00e4t Z\u00fcrich, die ZHAW und die ZHdK bieten Zugang zu Spitzenkr\u00e4ften und modernster Forschung.<br \/>\n<\/span><span style=\"font-size: 16px;\">\u2714 <\/span><b style=\"font-style: inherit;\">Verkehr und Anbindung<\/b><span style=\"font-size: 16px;\">: Der Flughafen Z\u00fcrich ist der gr\u00f6sste internationale Hub der Schweiz; die Stadt verf\u00fcgt ausserdem \u00fcber einen grossen Bahnhof und eine hervorragende Autobahnanbindung.<\/span><\/p>\n<h3>Besteuerung<\/h3>\n<p><b>Juristische Personen: <\/b>Juristische Personen unterliegen einer K\u00f6rperschaftsteuer von 19,7% (Stadt Z\u00fcrich) und einer Kapitalsteuer von 0,17% auf das steuerpflichtige Eigenkapital. Dividendenertr\u00e4ge und Kapitalgewinne aus qualifizierten Beteiligungen sind aufgrund der Beteiligungsfreistellung von der K\u00f6rperschaftsteuer befreit.<\/p>\n<p><b>Privatpersonen<\/b>: Privatpersonen unterliegen einer progressiven Einkommenssteuer mit einem Spitzensteuersatz von 33% in Kilchberg und 39% in Z\u00fcrich. Private Kapitalgewinne sind steuerfrei, und Dividenden aus qualifizierten Beteiligungen werden mit einem Abzug von 50% auf kantonaler und 30% auf Bundesebene besteuert. Daher kann der effektive Steuersatz je nach Einkommensstruktur deutlich unter dem Spitzensteuersatz liegen. Der Kanton erhebt eine Verm\u00f6genssteuer auf das Nettoverm\u00f6gen einer Person.<\/p>\n<h3>Staatliche Unterst\u00fctzung f\u00fcr Unternehmensstandorte<\/h3>\n<p data-start=\"2200\" data-end=\"2276\">Z\u00fcrich bietet Unternehmen, die sich hier ansiedeln m\u00f6chten, ein solides Unterst\u00fctzungsnetzwerk:<\/p>\n<table style=\"border-collapse: collapse; width: 100%;\">\n<tbody>\n<tr>\n<td style=\"width: 20.8051%;\"><a href=\"https:\/\/www.zh.ch\/en\/wirtschaft-arbeit\/wirtschaftsstandort\/ansiedlungen.html\" target=\"_blank\" rel=\"noopener\"><img decoding=\"async\" class=\"wp-image-21577 alignleft\" src=\"https:\/\/lindemannlaw.ch\/wp-content\/uploads\/2025\/06\/kanton-zurich-logo-e1751903625535.jpeg\" alt=\"\" width=\"120\" height=\"99\" \/><\/a><\/td>\n<td style=\"width: 79.1949%;\">\u2714<b> Amt f\u00fcr Wirtschaft und Arbeit \u2013 Wirtschaftsf\u00f6rderung<br \/>\n<\/b>Bietet Dienstleistungen aus einer Hand f\u00fcr Unternehmensansiedlungen, Genehmigungen und Networking in Schl\u00fcsselbranchen.<br \/>\n<a style=\"font-size: 16px; background-color: #ffffff;\" href=\"https:\/\/www.zh.ch\/en\/wirtschaft-arbeit\/wirtschaftsstandort\/ansiedlungen.html\" target=\"_blank\" rel=\"noopener\">Weitere Informationen<\/a><\/td>\n<\/tr>\n<tr>\n<td style=\"width: 20.8051%;\"><a href=\"https:\/\/www.greaterzuricharea.com\/en\" target=\"_blank\" rel=\"noopener\"><span style=\"font-size: 16px;\"><img decoding=\"async\" class=\"wp-image-21582 alignleft\" src=\"https:\/\/lindemannlaw.ch\/wp-content\/uploads\/2025\/06\/brand-gza-logo-blue-300x161.png\" alt=\"\" width=\"120\" height=\"65\" srcset=\"https:\/\/lindemannlaw.ch\/wp-content\/uploads\/2025\/06\/brand-gza-logo-blue-300x161.png 300w, https:\/\/lindemannlaw.ch\/wp-content\/uploads\/2025\/06\/brand-gza-logo-blue.png 580w\" sizes=\"(max-width: 120px) 100vw, 120px\" \/><\/span><\/a><\/td>\n<td style=\"width: 79.1949%;\">\u2714 <b>Greater Zurich Area (GZA)<br \/>\n<\/b>Regionale Wirtschaftsf\u00f6rderungsagentur f\u00fcr neun Kantone; unterst\u00fctzt bei Standortanalysen, rechtlichen Fragen, der Suche nach B\u00fcror\u00e4umen, Forschungspartnerschaften und lokalen Netzwerken.<br \/>\n<a href=\"https:\/\/www.greaterzuricharea.com\/en\" target=\"_blank\" rel=\"noopener\">Weitere Informationen<\/a><\/td>\n<\/tr>\n<tr>\n<td style=\"width: 20.8051%;\"><a href=\"https:\/\/innovation.zuerich\/about\/\" target=\"_blank\" rel=\"noopener\"><img loading=\"lazy\" decoding=\"async\" class=\"alignleft wp-image-21587\" src=\"https:\/\/lindemannlaw.ch\/wp-content\/uploads\/2025\/06\/innovationzurich_logo_rgb_primaer.webp\" alt=\"\" width=\"120\" height=\"64\" \/><\/a><\/td>\n<td style=\"width: 79.1949%;\">\u2714 <b>Technopark Z\u00fcrich \/ Innovation Z\u00fcrich<br \/>\n<\/b><span style=\"font-size: 16px; font-family: inherit;\">Verbindet Start-ups mit Forschungseinrichtungen, der Privatwirtschaft und Beh\u00f6rden, um Innovationen zu f\u00f6rdern.<br \/>\n<\/span><a href=\"https:\/\/innovation.zuerich\/about\/\" target=\"_blank\" rel=\"noopener\">Weitere Informationen<\/a><\/td>\n<\/tr>\n<\/tbody>\n<\/table>\n<h3>Weitere Vorteile<\/h3>\n<p>\u2714<b>Transparentes Rechtssystem<\/b>: Unkomplizierte rechtliche Verfahren, einfache Unternehmensgr\u00fcndung.<br \/>\n<span style=\"font-size: 16px;\">\u2714 <\/span><b style=\"font-style: inherit;\">Infrastruktur von Weltklasse<\/b><span style=\"font-size: 16px;\">: Zuverl\u00e4ssige Energieversorgung, fortschrittliche Logistik und digitale Konnektivit\u00e4t.<br \/>\n<\/span><span style=\"font-size: 16px;\">\u2714 <\/span><b style=\"font-style: inherit;\">Sicheres, lebendiges Umfeld<\/b><span style=\"font-size: 16px;\">: Z\u00fcrich bietet aussergew\u00f6hnliche Sicherheit, kulturelle Vielfalt und Freizeitm\u00f6glichkeiten und ist damit attraktiv f\u00fcr Talente und ihre Familien.<\/span><\/p>\n<h3>N\u00fctzliche offizielle Links<\/h3>\n<p>\u2714 <a href=\"https:\/\/www.zh.ch\/en\/wirtschaft-arbeit\/wirtschaftsstandort\/ansiedlungen.html\" target=\"_blank\" rel=\"noopener\">Umzugs- und Unternehmensf\u00f6rderung (Kanton Z\u00fcrich, offizielle Website)<\/a><br \/>\n\u2714 <a href=\"https:\/\/www.zh.ch\/de\/volkswirtschaftsdirektion\/amt-fuer-wirtschaft.html\" target=\"_blank\" rel=\"noopener\">Amt f\u00fcr Wirtschaft und Arbeit<\/a><br \/>\n\u2714 <a href=\"https:\/\/www.s-ge.com\/en\/information\/investing-greater-zurich-area\" target=\"_blank\" rel=\"noopener\">Investieren in der Greater Zurich Area<\/a><br \/>\n\u2714 <a href=\"https:\/\/innovation.zuerich\/about\/\" target=\"_blank\" rel=\"noopener\">Innovation Z\u00fcrich<\/a><br \/>\n\u2714<a href=\"https:\/\/www.kmu.admin.ch\/kmu\/en\/home\/concrete-know-how\/setting-up-sme\/starting-business.html\" target=\"_blank\" rel=\"noopener\"> Unternehmensgr\u00fcndung in der Schweiz (Bundesportal f\u00fcr KMU)<\/a><\/p>\n<p>Der Kanton Z\u00fcrich vereint Wirtschaftskraft, globale Verbindungen, Innovation und hohe Lebensqualit\u00e4t und bietet damit einen idealen Standort f\u00fcr Unternehmer, Investoren und Unternehmen. Bei <b>LINDEMANNLAW<\/b> unterst\u00fctzen wir Sie bei der Umzugsplanung, im Migrationsrecht, im Gesellschaftsrecht, in Steuer- und Rechtsfragen und sichern so Ihren Erfolg in der Schweiz.<\/p>\n","protected":false},"excerpt":{"rendered":"<p>\u00dcbersicht Der Kanton Z\u00fcrich liegt im Nordosten der Schweiz und ist mit rund 1,6 Millionen Einwohnern (2023) der bev\u00f6lkerungsreichste Kanton. Die Stadt Z\u00fcrich ist die Kantonshauptstadt und Sitz der Regierung, des Parlaments und des Obergerichts. Z\u00fcrich gilt weithin als Wirtschaftsmotor der Schweiz und ist bekannt f\u00fcr seine dynamische Wirtschaft, seinen erstklassigen Finanzsektor und seine hervorragende [&hellip;]<\/p>\n","protected":false},"author":19,"featured_media":2317,"parent":0,"menu_order":0,"comment_status":"closed","ping_status":"closed","template":"","meta":{"_acf_changed":false,"site-sidebar-layout":"default","site-content-layout":"","ast-site-content-layout":"default","site-content-style":"default","site-sidebar-style":"default","ast-global-header-display":"","ast-banner-title-visibility":"","ast-main-header-display":"","ast-hfb-above-header-display":"","ast-hfb-below-header-display":"","ast-hfb-mobile-header-display":"","site-post-title":"","ast-breadcrumbs-content":"","ast-featured-img":"","footer-sml-layout":"","ast-disable-related-posts":"","theme-transparent-header-meta":"default","adv-header-id-meta":"","stick-header-meta":"","header-above-stick-meta":"","header-main-stick-meta":"","header-below-stick-meta":"","astra-migrate-meta-layouts":"set","ast-page-background-enabled":"default","ast-page-background-meta":{"desktop":{"background-color":"var(--ast-global-color-4)","background-image":"","background-repeat":"repeat","background-position":"center center","background-size":"auto","background-attachment":"scroll","background-type":"","background-media":"","overlay-type":"","overlay-color":"","overlay-opacity":"","overlay-gradient":""},"tablet":{"background-color":"","background-image":"","background-repeat":"repeat","background-position":"center center","background-size":"auto","background-attachment":"scroll","background-type":"","background-media":"","overlay-type":"","overlay-color":"","overlay-opacity":"","overlay-gradient":""},"mobile":{"background-color":"","background-image":"","background-repeat":"repeat","background-position":"center center","background-size":"auto","background-attachment":"scroll","background-type":"","background-media":"","overlay-type":"","overlay-color":"","overlay-opacity":"","overlay-gradient":""}},"ast-content-background-meta":{"desktop":{"background-color":"var(--ast-global-color-5)","background-image":"","background-repeat":"repeat","background-position":"center center","background-size":"auto","background-attachment":"scroll","background-type":"","background-media":"","overlay-type":"","overlay-color":"","overlay-opacity":"","overlay-gradient":""},"tablet":{"background-color":"var(--ast-global-color-5)","background-image":"","background-repeat":"repeat","background-position":"center center","background-size":"auto","background-attachment":"scroll","background-type":"","background-media":"","overlay-type":"","overlay-color":"","overlay-opacity":"","overlay-gradient":""},"mobile":{"background-color":"var(--ast-global-color-5)","background-image":"","background-repeat":"repeat","background-position":"center center","background-size":"auto","background-attachment":"scroll","background-type":"","background-media":"","overlay-type":"","overlay-color":"","overlay-opacity":"","overlay-gradient":""}},"footnotes":""},"related_contact":[201,438],"expertise":[362,190],"webparts":[],"page_type":[],"class_list":["post-22544","page","type-page","status-publish","has-post-thumbnail","hentry"],"acf":[],"yoast_head":"<!-- This site is optimized with the Yoast SEO Premium plugin v27.3 (Yoast SEO v27.3) - https:\/\/yoast.com\/product\/yoast-seo-premium-wordpress\/ -->\n<title>Umsiedlung in den Kanton Z\u00fcrich | Migrationsrecht, Gesellschaftsrecht und Steuern | Lindemann Law<\/title>\n<meta name=\"description\" content=\"Entdecken Sie die Vorteile einer Umsiedlung in den Kanton Z\u00fcrich. LINDEMANNLAW ber\u00e4t Privatpersonen, Familien und Unternehmer in Fragen des Migrationsrechts, des Gesellschaftsrechts und des Steuerrechts in der Schweiz.\" \/>\n<meta name=\"robots\" content=\"index, follow, max-snippet:-1, max-image-preview:large, max-video-preview:-1\" \/>\n<link rel=\"canonical\" href=\"https:\/\/lindemannlaw.ch\/de\/umsiedlung-in-den-kanton-zuerich-migrationsrecht-gesellschaftsrecht-und-steuern\/\" \/>\n<meta property=\"og:locale\" content=\"de_DE\" \/>\n<meta property=\"og:type\" content=\"article\" \/>\n<meta property=\"og:title\" content=\"Umsiedlung in den Kanton Z\u00fcrich | Migrationsrecht, Gesellschaftsrecht und Steuern\" \/>\n<meta property=\"og:description\" content=\"Entdecken Sie die Vorteile einer Umsiedlung in den Kanton Z\u00fcrich. LINDEMANNLAW ber\u00e4t Privatpersonen, Familien und Unternehmer in Fragen des Migrationsrechts, des Gesellschaftsrechts und des Steuerrechts in der Schweiz.\" \/>\n<meta property=\"og:url\" content=\"https:\/\/lindemannlaw.ch\/de\/umsiedlung-in-den-kanton-zuerich-migrationsrecht-gesellschaftsrecht-und-steuern\/\" \/>\n<meta property=\"og:site_name\" content=\"Lindemann Law\" \/>\n<meta property=\"article:modified_time\" content=\"2025-08-14T07:23:46+00:00\" \/>\n<meta property=\"og:image\" content=\"https:\/\/lindemannlaw.ch\/wp-content\/uploads\/2020\/12\/Contact.jpg\" \/>\n\t<meta property=\"og:image:width\" content=\"1800\" \/>\n\t<meta property=\"og:image:height\" content=\"2501\" \/>\n\t<meta property=\"og:image:type\" content=\"image\/jpeg\" \/>\n<meta name=\"twitter:card\" content=\"summary_large_image\" \/>\n<meta name=\"twitter:site\" content=\"@Lindemann_law\" \/>\n<meta name=\"twitter:label1\" content=\"Gesch\u00e4tzte Lesezeit\" \/>\n\t<meta name=\"twitter:data1\" content=\"4 Minuten\" \/>\n<script type=\"application\/ld+json\" class=\"yoast-schema-graph\">{\"@context\":\"https:\\\/\\\/schema.org\",\"@graph\":[{\"@type\":\"WebPage\",\"@id\":\"https:\\\/\\\/lindemannlaw.ch\\\/de\\\/umsiedlung-in-den-kanton-zuerich-migrationsrecht-gesellschaftsrecht-und-steuern\\\/\",\"url\":\"https:\\\/\\\/lindemannlaw.ch\\\/de\\\/umsiedlung-in-den-kanton-zuerich-migrationsrecht-gesellschaftsrecht-und-steuern\\\/\",\"name\":\"Umsiedlung in den Kanton Z\u00fcrich | Migrationsrecht, Gesellschaftsrecht und Steuern | Lindemann Law\",\"isPartOf\":{\"@id\":\"https:\\\/\\\/lindemannlaw.ch\\\/de\\\/#website\"},\"primaryImageOfPage\":{\"@id\":\"https:\\\/\\\/lindemannlaw.ch\\\/de\\\/umsiedlung-in-den-kanton-zuerich-migrationsrecht-gesellschaftsrecht-und-steuern\\\/#primaryimage\"},\"image\":{\"@id\":\"https:\\\/\\\/lindemannlaw.ch\\\/de\\\/umsiedlung-in-den-kanton-zuerich-migrationsrecht-gesellschaftsrecht-und-steuern\\\/#primaryimage\"},\"thumbnailUrl\":\"https:\\\/\\\/lindemannlaw.ch\\\/wp-content\\\/uploads\\\/2020\\\/12\\\/Contact.jpg\",\"datePublished\":\"2025-06-27T08:34:19+00:00\",\"dateModified\":\"2025-08-14T07:23:46+00:00\",\"description\":\"Entdecken Sie die Vorteile einer Umsiedlung in den Kanton Z\u00fcrich. LINDEMANNLAW ber\u00e4t Privatpersonen, Familien und Unternehmer in Fragen des Migrationsrechts, des Gesellschaftsrechts und des Steuerrechts in der Schweiz.\",\"breadcrumb\":{\"@id\":\"https:\\\/\\\/lindemannlaw.ch\\\/de\\\/umsiedlung-in-den-kanton-zuerich-migrationsrecht-gesellschaftsrecht-und-steuern\\\/#breadcrumb\"},\"inLanguage\":\"de-DE\",\"potentialAction\":[{\"@type\":\"ReadAction\",\"target\":[\"https:\\\/\\\/lindemannlaw.ch\\\/de\\\/umsiedlung-in-den-kanton-zuerich-migrationsrecht-gesellschaftsrecht-und-steuern\\\/\"]}]},{\"@type\":\"ImageObject\",\"inLanguage\":\"de-DE\",\"@id\":\"https:\\\/\\\/lindemannlaw.ch\\\/de\\\/umsiedlung-in-den-kanton-zuerich-migrationsrecht-gesellschaftsrecht-und-steuern\\\/#primaryimage\",\"url\":\"https:\\\/\\\/lindemannlaw.ch\\\/wp-content\\\/uploads\\\/2020\\\/12\\\/Contact.jpg\",\"contentUrl\":\"https:\\\/\\\/lindemannlaw.ch\\\/wp-content\\\/uploads\\\/2020\\\/12\\\/Contact.jpg\",\"width\":1800,\"height\":2501,\"caption\":\"Zurich\"},{\"@type\":\"BreadcrumbList\",\"@id\":\"https:\\\/\\\/lindemannlaw.ch\\\/de\\\/umsiedlung-in-den-kanton-zuerich-migrationsrecht-gesellschaftsrecht-und-steuern\\\/#breadcrumb\",\"itemListElement\":[{\"@type\":\"ListItem\",\"position\":1,\"name\":\"Home\",\"item\":\"https:\\\/\\\/lindemannlaw.ch\\\/de\\\/\"},{\"@type\":\"ListItem\",\"position\":2,\"name\":\"Umsiedlung in den Kanton Z\u00fcrich | Migrationsrecht, Gesellschaftsrecht und Steuern\"}]},{\"@type\":\"WebSite\",\"@id\":\"https:\\\/\\\/lindemannlaw.ch\\\/de\\\/#website\",\"url\":\"https:\\\/\\\/lindemannlaw.ch\\\/de\\\/\",\"name\":\"Lindemann Law\",\"description\":\"Asset Management legal services\",\"publisher\":{\"@id\":\"https:\\\/\\\/lindemannlaw.ch\\\/de\\\/#organization\"},\"potentialAction\":[{\"@type\":\"SearchAction\",\"target\":{\"@type\":\"EntryPoint\",\"urlTemplate\":\"https:\\\/\\\/lindemannlaw.ch\\\/de\\\/?s={search_term_string}\"},\"query-input\":{\"@type\":\"PropertyValueSpecification\",\"valueRequired\":true,\"valueName\":\"search_term_string\"}}],\"inLanguage\":\"de-DE\"},{\"@type\":\"Organization\",\"@id\":\"https:\\\/\\\/lindemannlaw.ch\\\/de\\\/#organization\",\"name\":\"Lindemann Law\",\"url\":\"https:\\\/\\\/lindemannlaw.ch\\\/de\\\/\",\"logo\":{\"@type\":\"ImageObject\",\"inLanguage\":\"de-DE\",\"@id\":\"https:\\\/\\\/lindemannlaw.ch\\\/de\\\/#\\\/schema\\\/logo\\\/image\\\/\",\"url\":\"https:\\\/\\\/lindemannlaw.ch\\\/wp-content\\\/uploads\\\/2021\\\/01\\\/logo-lindemannlaw_cropped.png\",\"contentUrl\":\"https:\\\/\\\/lindemannlaw.ch\\\/wp-content\\\/uploads\\\/2021\\\/01\\\/logo-lindemannlaw_cropped.png\",\"width\":150,\"height\":73,\"caption\":\"Lindemann Law\"},\"image\":{\"@id\":\"https:\\\/\\\/lindemannlaw.ch\\\/de\\\/#\\\/schema\\\/logo\\\/image\\\/\"},\"sameAs\":[\"https:\\\/\\\/x.com\\\/Lindemann_law\",\"https:\\\/\\\/www.linkedin.com\\\/company\\\/lindemannlaw\\\/\"]}]}<\/script>\n<!-- \/ Yoast SEO Premium plugin. -->","yoast_head_json":{"title":"Umsiedlung in den Kanton Z\u00fcrich | Migrationsrecht, Gesellschaftsrecht und Steuern | Lindemann Law","description":"Entdecken Sie die Vorteile einer Umsiedlung in den Kanton Z\u00fcrich. LINDEMANNLAW ber\u00e4t Privatpersonen, Familien und Unternehmer in Fragen des Migrationsrechts, des Gesellschaftsrechts und des Steuerrechts in der Schweiz.","robots":{"index":"index","follow":"follow","max-snippet":"max-snippet:-1","max-image-preview":"max-image-preview:large","max-video-preview":"max-video-preview:-1"},"canonical":"https:\/\/lindemannlaw.ch\/de\/umsiedlung-in-den-kanton-zuerich-migrationsrecht-gesellschaftsrecht-und-steuern\/","og_locale":"de_DE","og_type":"article","og_title":"Umsiedlung in den Kanton Z\u00fcrich | Migrationsrecht, Gesellschaftsrecht und Steuern","og_description":"Entdecken Sie die Vorteile einer Umsiedlung in den Kanton Z\u00fcrich. LINDEMANNLAW ber\u00e4t Privatpersonen, Familien und Unternehmer in Fragen des Migrationsrechts, des Gesellschaftsrechts und des Steuerrechts in der Schweiz.","og_url":"https:\/\/lindemannlaw.ch\/de\/umsiedlung-in-den-kanton-zuerich-migrationsrecht-gesellschaftsrecht-und-steuern\/","og_site_name":"Lindemann Law","article_modified_time":"2025-08-14T07:23:46+00:00","og_image":[{"width":1800,"height":2501,"url":"https:\/\/lindemannlaw.ch\/wp-content\/uploads\/2020\/12\/Contact.jpg","type":"image\/jpeg"}],"twitter_card":"summary_large_image","twitter_site":"@Lindemann_law","twitter_misc":{"Gesch\u00e4tzte Lesezeit":"4 Minuten"},"schema":{"@context":"https:\/\/schema.org","@graph":[{"@type":"WebPage","@id":"https:\/\/lindemannlaw.ch\/de\/umsiedlung-in-den-kanton-zuerich-migrationsrecht-gesellschaftsrecht-und-steuern\/","url":"https:\/\/lindemannlaw.ch\/de\/umsiedlung-in-den-kanton-zuerich-migrationsrecht-gesellschaftsrecht-und-steuern\/","name":"Umsiedlung in den Kanton Z\u00fcrich | Migrationsrecht, Gesellschaftsrecht und Steuern | Lindemann Law","isPartOf":{"@id":"https:\/\/lindemannlaw.ch\/de\/#website"},"primaryImageOfPage":{"@id":"https:\/\/lindemannlaw.ch\/de\/umsiedlung-in-den-kanton-zuerich-migrationsrecht-gesellschaftsrecht-und-steuern\/#primaryimage"},"image":{"@id":"https:\/\/lindemannlaw.ch\/de\/umsiedlung-in-den-kanton-zuerich-migrationsrecht-gesellschaftsrecht-und-steuern\/#primaryimage"},"thumbnailUrl":"https:\/\/lindemannlaw.ch\/wp-content\/uploads\/2020\/12\/Contact.jpg","datePublished":"2025-06-27T08:34:19+00:00","dateModified":"2025-08-14T07:23:46+00:00","description":"Entdecken Sie die Vorteile einer Umsiedlung in den Kanton Z\u00fcrich. LINDEMANNLAW ber\u00e4t Privatpersonen, Familien und Unternehmer in Fragen des Migrationsrechts, des Gesellschaftsrechts und des Steuerrechts in der Schweiz.","breadcrumb":{"@id":"https:\/\/lindemannlaw.ch\/de\/umsiedlung-in-den-kanton-zuerich-migrationsrecht-gesellschaftsrecht-und-steuern\/#breadcrumb"},"inLanguage":"de-DE","potentialAction":[{"@type":"ReadAction","target":["https:\/\/lindemannlaw.ch\/de\/umsiedlung-in-den-kanton-zuerich-migrationsrecht-gesellschaftsrecht-und-steuern\/"]}]},{"@type":"ImageObject","inLanguage":"de-DE","@id":"https:\/\/lindemannlaw.ch\/de\/umsiedlung-in-den-kanton-zuerich-migrationsrecht-gesellschaftsrecht-und-steuern\/#primaryimage","url":"https:\/\/lindemannlaw.ch\/wp-content\/uploads\/2020\/12\/Contact.jpg","contentUrl":"https:\/\/lindemannlaw.ch\/wp-content\/uploads\/2020\/12\/Contact.jpg","width":1800,"height":2501,"caption":"Zurich"},{"@type":"BreadcrumbList","@id":"https:\/\/lindemannlaw.ch\/de\/umsiedlung-in-den-kanton-zuerich-migrationsrecht-gesellschaftsrecht-und-steuern\/#breadcrumb","itemListElement":[{"@type":"ListItem","position":1,"name":"Home","item":"https:\/\/lindemannlaw.ch\/de\/"},{"@type":"ListItem","position":2,"name":"Umsiedlung in den Kanton Z\u00fcrich | Migrationsrecht, Gesellschaftsrecht und Steuern"}]},{"@type":"WebSite","@id":"https:\/\/lindemannlaw.ch\/de\/#website","url":"https:\/\/lindemannlaw.ch\/de\/","name":"Lindemann Law","description":"Asset Management legal services","publisher":{"@id":"https:\/\/lindemannlaw.ch\/de\/#organization"},"potentialAction":[{"@type":"SearchAction","target":{"@type":"EntryPoint","urlTemplate":"https:\/\/lindemannlaw.ch\/de\/?s={search_term_string}"},"query-input":{"@type":"PropertyValueSpecification","valueRequired":true,"valueName":"search_term_string"}}],"inLanguage":"de-DE"},{"@type":"Organization","@id":"https:\/\/lindemannlaw.ch\/de\/#organization","name":"Lindemann Law","url":"https:\/\/lindemannlaw.ch\/de\/","logo":{"@type":"ImageObject","inLanguage":"de-DE","@id":"https:\/\/lindemannlaw.ch\/de\/#\/schema\/logo\/image\/","url":"https:\/\/lindemannlaw.ch\/wp-content\/uploads\/2021\/01\/logo-lindemannlaw_cropped.png","contentUrl":"https:\/\/lindemannlaw.ch\/wp-content\/uploads\/2021\/01\/logo-lindemannlaw_cropped.png","width":150,"height":73,"caption":"Lindemann Law"},"image":{"@id":"https:\/\/lindemannlaw.ch\/de\/#\/schema\/logo\/image\/"},"sameAs":["https:\/\/x.com\/Lindemann_law","https:\/\/www.linkedin.com\/company\/lindemannlaw\/"]}]}},"_links":{"self":[{"href":"https:\/\/lindemannlaw.ch\/de\/wp-json\/wp\/v2\/pages\/22544","targetHints":{"allow":["GET"]}}],"collection":[{"href":"https:\/\/lindemannlaw.ch\/de\/wp-json\/wp\/v2\/pages"}],"about":[{"href":"https:\/\/lindemannlaw.ch\/de\/wp-json\/wp\/v2\/types\/page"}],"author":[{"embeddable":true,"href":"https:\/\/lindemannlaw.ch\/de\/wp-json\/wp\/v2\/users\/19"}],"replies":[{"embeddable":true,"href":"https:\/\/lindemannlaw.ch\/de\/wp-json\/wp\/v2\/comments?post=22544"}],"version-history":[{"count":0,"href":"https:\/\/lindemannlaw.ch\/de\/wp-json\/wp\/v2\/pages\/22544\/revisions"}],"wp:featuredmedia":[{"embeddable":true,"href":"https:\/\/lindemannlaw.ch\/de\/wp-json\/wp\/v2\/media\/2317"}],"wp:attachment":[{"href":"https:\/\/lindemannlaw.ch\/de\/wp-json\/wp\/v2\/media?parent=22544"}],"wp:term":[{"taxonomy":"related_contact","embeddable":true,"href":"https:\/\/lindemannlaw.ch\/de\/wp-json\/wp\/v2\/related_contact?post=22544"},{"taxonomy":"expertise","embeddable":true,"href":"https:\/\/lindemannlaw.ch\/de\/wp-json\/wp\/v2\/expertise?post=22544"},{"taxonomy":"webparts","embeddable":true,"href":"https:\/\/lindemannlaw.ch\/de\/wp-json\/wp\/v2\/webparts?post=22544"},{"taxonomy":"page_type","embeddable":true,"href":"https:\/\/lindemannlaw.ch\/de\/wp-json\/wp\/v2\/page_type?post=22544"}],"curies":[{"name":"wp","href":"https:\/\/api.w.org\/{rel}","templated":true}]}}