{"id":22587,"date":"2025-07-17T08:53:05","date_gmt":"2025-07-17T07:53:05","guid":{"rendered":"https:\/\/lindemannlaw.ch\/?page_id=22587"},"modified":"2025-08-14T09:14:26","modified_gmt":"2025-08-14T08:14:26","slug":"umsiedlung-in-den-kanton-appenzell-ausserrhoden-migrationsrecht-gesellschaftsrecht-und-steuern","status":"publish","type":"page","link":"https:\/\/lindemannlaw.ch\/de\/umsiedlung-in-den-kanton-appenzell-ausserrhoden-migrationsrecht-gesellschaftsrecht-und-steuern\/","title":{"rendered":"Umsiedlung in den Kanton Appenzell Ausserrhoden | Migrationsrecht, Gesellschaftsrecht und Steuern"},"content":{"rendered":"<h3><img decoding=\"async\" class=\"wp-image-22350 alignleft\" src=\"https:\/\/lindemannlaw.ch\/wp-content\/uploads\/2025\/07\/appenzell_ausser_logo-247x300.jpg\" alt=\"\" width=\"200\" height=\"243\" srcset=\"https:\/\/lindemannlaw.ch\/wp-content\/uploads\/2025\/07\/appenzell_ausser_logo-247x300.jpg 247w, https:\/\/lindemannlaw.ch\/wp-content\/uploads\/2025\/07\/appenzell_ausser_logo.jpg 503w\" sizes=\"(max-width: 200px) 100vw, 200px\" \/>\u00dcbersicht<\/h3>\n<p>Der Kanton Appenzell Ausserrhoden liegt im Nordosten der Schweiz und ist bekannt f\u00fcr seine starke KMU-Tradition, seine lebendige Kultur und sein attraktives Gesch\u00e4ftsumfeld. Die Hauptstadt ist Herisau, die Bev\u00f6lkerung umfasst rund 55.000 Einwohner (2023). Der Kanton bietet bemerkenswerte wirtschaftliche Freiheit, wenig B\u00fcrokratie und eine strategisch g\u00fcnstige Lage in der Wirtschaftsregion Ostschweiz.<\/p>\n<h3>Wirtschaftliche St\u00e4rken und Infrastruktur<\/h3>\n<p>\u2714 <strong>KMU-getriebene Produktivit\u00e4t:<\/strong> Dominiert von Pr\u00e4zisionsfertigung, Mikrotechnologie und Medizintechnik \u2013 mit einer starken Exportorientierung.<br \/>\n\u2714 <strong>Schl\u00fcsselindustrien:<\/strong> Mikrotechnik, Pr\u00e4zisionsmaschinenbau, Handwerk, Agrar- und Lebensmittelindustrie, Cleantech und Tourismus.<br \/>\n\u2714 <strong>Innovationsrahmen:<\/strong> Unterst\u00fctzung durch Bundes- und Regionalprogramme (z. B. i-net-Netzwerke und Schweizer Neue Regionalpolitik), F\u00f6rderung von unternehmens\u00fcbergreifenden und exportorientierten Projekten.<br \/>\n\u2714 <strong>Verkehrsanbindung:<\/strong> Regionale Bahn- und Strassenverbindungen nach St. Gallen und Z\u00fcrich; Integration in den Wirtschaftsraum St. Gallen Bodensee.<\/p>\n<h3>Besteuerung<\/h3>\n<p><b>Juristische Personen: <\/b>Juristische Personen unterliegen einer K\u00f6rperschaftsteuer von 13 % (Herisau) und einer Kapitalsteuer von 0,05 % auf das steuerpflichtige Eigenkapital. Dividendenertr\u00e4ge und Kapitalgewinne aus qualifizierten Beteiligungen sind aufgrund der Beteiligungsfreistellung von der K\u00f6rperschaftsteuer befreit.<\/p>\n<p><b>Privatpersonen<\/b>: Privatpersonen unterliegen einer progressiven Einkommenssteuer mit effektiven Steuers\u00e4tzen zwischen 26,85 % (Teufen) und 32,3 % (Hundwil). Private Kapitalgewinne sind steuerfrei und Dividenden aus qualifizierten Beteiligungen werden mit einem Abzug von 40 % auf kantonaler und 30 % auf Bundesebene besteuert. Je nach Einkommensstruktur kann der effektive Steuersatz daher erheblich sein. Der Kanton erhebt eine Verm\u00f6genssteuer auf das Nettoverm\u00f6gen einer Person.<\/p>\n<h3>Staatliche Unterst\u00fctzung f\u00fcr den Unternehmensstandort<\/h3>\n<table style=\"border-collapse: collapse; width: 100%; height: 245px;\">\n<tbody>\n<tr style=\"height: 141px;\">\n<td style=\"width: 17.9367%; height: 141px;\"><a href=\"https:\/\/wirtschaftar.ch\/\" target=\"_blank\" rel=\"noopener\"><img decoding=\"async\" class=\"alignnone wp-image-22335 size-full\" src=\"https:\/\/lindemannlaw.ch\/wp-content\/uploads\/2025\/07\/cantonal-economic-promotion-appenzell-ausserrhoden.jpg\" alt=\"\" width=\"200\" height=\"90\" \/><\/a><\/td>\n<td style=\"width: 82.0633%; height: 141px;\">\u2714<strong> Kantonale Wirtschaftsf\u00f6rderung (Standortf\u00f6rderung AR)<br \/>\n<\/strong>Fungiert als Gateway-Dienstleister und koordiniert die Zusammenarbeit mit Gemeinden und Bundesbeh\u00f6rden, um nationale und internationale Unternehmen zu unterst\u00fctzen.<br \/>\n<a href=\"https:\/\/wirtschaftar.ch\/\" target=\"_blank\" rel=\"noopener\">Weitere Informationen<\/a><\/td>\n<\/tr>\n<tr style=\"height: 52px;\">\n<td style=\"width: 17.9367%; height: 52px;\"><a href=\"https:\/\/wirtschaftar.ch\/stiftung\/\" target=\"_blank\" rel=\"noopener\"><img decoding=\"async\" class=\"alignnone wp-image-22340\" src=\"https:\/\/lindemannlaw.ch\/wp-content\/uploads\/2025\/07\/logo_stiftung_appenzell-ausserrhoden-300x66.jpg\" alt=\"\" width=\"200\" height=\"44\" srcset=\"https:\/\/lindemannlaw.ch\/wp-content\/uploads\/2025\/07\/logo_stiftung_appenzell-ausserrhoden-300x66.jpg 300w, https:\/\/lindemannlaw.ch\/wp-content\/uploads\/2025\/07\/logo_stiftung_appenzell-ausserrhoden-768x170.jpg 768w, https:\/\/lindemannlaw.ch\/wp-content\/uploads\/2025\/07\/logo_stiftung_appenzell-ausserrhoden.jpg 872w\" sizes=\"(max-width: 200px) 100vw, 200px\" \/><\/a><\/td>\n<td style=\"width: 82.0633%; height: 52px;\">\u2714<strong> AWA-Stiftung \u2013 Stiftung Wirtschaftsf\u00f6rderung AR<br \/>\n<\/strong>Gew\u00e4hrt Zusch\u00fcsse f\u00fcr Wirtschaftsprojekte, die der Wirtschaft des Kantons zugutekommen.<br \/>\n<a href=\"https:\/\/wirtschaftar.ch\/stiftung\/\" target=\"_blank\" rel=\"noopener\">Weitere Informationen<\/a><\/td>\n<\/tr>\n<tr style=\"height: 52px;\">\n<td style=\"width: 17.9367%; height: 52px;\"><a href=\"https:\/\/www.chamber-commerce.net\/dir\/4026\/Saint-Gallen-Appenzell-Chamber-of-Commerce-and-Industry-in-St--Gallen\" target=\"_blank\" rel=\"noopener\"><img loading=\"lazy\" decoding=\"async\" class=\"alignnone wp-image-22345\" src=\"https:\/\/lindemannlaw.ch\/wp-content\/uploads\/2025\/07\/st.-gallen\u2013appenzell-chamber-of-commerce-300x47.jpg\" alt=\"\" width=\"200\" height=\"31\" srcset=\"https:\/\/lindemannlaw.ch\/wp-content\/uploads\/2025\/07\/st.-gallen\u2013appenzell-chamber-of-commerce-300x47.jpg 300w, https:\/\/lindemannlaw.ch\/wp-content\/uploads\/2025\/07\/st.-gallen\u2013appenzell-chamber-of-commerce.jpg 400w\" sizes=\"(max-width: 200px) 100vw, 200px\" \/><\/a><\/td>\n<td style=\"width: 82.0633%; height: 52px;\">\u2714<strong> IHK St. Gallen\u2013Appenzell<br \/>\n<\/strong>Regionale Handelskammer mit Angeboten f\u00fcr Unternehmensnetzwerke, Exportberatung und Rechts-\/Unternehmensberatung.<br \/>\n<a href=\"https:\/\/www.chamber-commerce.net\/dir\/4026\/Saint-Gallen-Appenzell-Chamber-of-Commerce-and-Industry-in-St--Gallen\" target=\"_blank\" rel=\"noopener\">Weitere Informationen<\/a><\/td>\n<\/tr>\n<\/tbody>\n<\/table>\n<h3>Weitere Vorteile<\/h3>\n<p>\u2714 Hohe wirtschaftliche Freiheit: geringer b\u00fcrokratischer Aufwand, flexible Arbeitsvorschriften und schnelle Entscheidungswege.<br \/>\n\u2714 Wettbewerbsf\u00e4hige Immobilien und gut etablierte Industriegebiete.<br \/>\n\u2714 Ausgezeichnete Lebensqualit\u00e4t: kulturell reichhaltig, l\u00e4ndlicher Charakter und familienfreundliches Umfeld.<\/p>\n<h3>N\u00fctzliche offizielle Links<\/h3>\n<ul>\n<li><a href=\"https:\/\/wirtschaftar.ch\/\" target=\"_blank\" rel=\"noopener\">Standortf\u00f6rderung AR \u2013 Kantonale Wirtschaftsf\u00f6rderung<\/a><\/li>\n<li><a href=\"https:\/\/wirtschaftar.ch\/stiftung\/\" target=\"_blank\" rel=\"noopener\">AWA-Stiftung \u2013 Projektzusch\u00fcsse<\/a><\/li>\n<li><a href=\"https:\/\/www.chamber-commerce.net\/dir\/4026\/Saint-Gallen-Appenzell-Chamber-of-Commerce-and-Industry-in-St--Gallen\" target=\"_blank\" rel=\"noopener\">IHK St. Gallen\u2013Appenzell \u2013 Industrie- und Handelskammer<\/a><\/li>\n<li><a href=\"https:\/\/www.aueb.ch\/wirtschaftsfoerderung\" target=\"_blank\" rel=\"noopener\">Regionales Wirtschaftsnetzwerk \u2013 Appenzellerland Bodensee<\/a><\/li>\n<li><a href=\"https:\/\/www.kmu.admin.ch\/kmu\/en\/home\/concrete-know-how\/setting-up-sme\/starting-business.html\" target=\"_blank\" rel=\"noopener\">Unternehmensgr\u00fcndung in der Schweiz \u2013 KMU-Portal des Bundes<\/a><\/li>\n<\/ul>\n<p>Der Kanton Appenzell Ausserrhoden bietet KMU, Unternehmern und Innovatoren, die wirtschaftliche Freiheit, strategische regionale Anbindung und starke lokale Unterst\u00fctzung suchen, ein einzigartiges Umfeld. <b>LINDEMANNLAW<\/b> bietet fachkundige Beratung zu Migrationsrecht, Unternehmensstrukturierung, Steuerplanung und umfassende Unterst\u00fctzung bei der Ansiedlung, die auf die Gegebenheiten in Ausserrhoden zugeschnitten ist.<\/p>\n","protected":false},"excerpt":{"rendered":"<p>\u00dcbersicht Der Kanton Appenzell Ausserrhoden liegt im Nordosten der Schweiz und ist bekannt f\u00fcr seine starke KMU-Tradition, seine lebendige Kultur und sein attraktives Gesch\u00e4ftsumfeld. Die Hauptstadt ist Herisau, die Bev\u00f6lkerung umfasst rund 55.000 Einwohner (2023). Der Kanton bietet bemerkenswerte wirtschaftliche Freiheit, wenig B\u00fcrokratie und eine strategisch g\u00fcnstige Lage in der Wirtschaftsregion Ostschweiz. Wirtschaftliche St\u00e4rken und [&hellip;]<\/p>\n","protected":false},"author":19,"featured_media":22357,"parent":0,"menu_order":0,"comment_status":"closed","ping_status":"closed","template":"","meta":{"_acf_changed":false,"site-sidebar-layout":"default","site-content-layout":"","ast-site-content-layout":"default","site-content-style":"default","site-sidebar-style":"default","ast-global-header-display":"","ast-banner-title-visibility":"","ast-main-header-display":"","ast-hfb-above-header-display":"","ast-hfb-below-header-display":"","ast-hfb-mobile-header-display":"","site-post-title":"","ast-breadcrumbs-content":"","ast-featured-img":"","footer-sml-layout":"","ast-disable-related-posts":"","theme-transparent-header-meta":"default","adv-header-id-meta":"","stick-header-meta":"","header-above-stick-meta":"","header-main-stick-meta":"","header-below-stick-meta":"","astra-migrate-meta-layouts":"set","ast-page-background-enabled":"default","ast-page-background-meta":{"desktop":{"background-color":"var(--ast-global-color-4)","background-image":"","background-repeat":"repeat","background-position":"center center","background-size":"auto","background-attachment":"scroll","background-type":"","background-media":"","overlay-type":"","overlay-color":"","overlay-opacity":"","overlay-gradient":""},"tablet":{"background-color":"","background-image":"","background-repeat":"repeat","background-position":"center center","background-size":"auto","background-attachment":"scroll","background-type":"","background-media":"","overlay-type":"","overlay-color":"","overlay-opacity":"","overlay-gradient":""},"mobile":{"background-color":"","background-image":"","background-repeat":"repeat","background-position":"center center","background-size":"auto","background-attachment":"scroll","background-type":"","background-media":"","overlay-type":"","overlay-color":"","overlay-opacity":"","overlay-gradient":""}},"ast-content-background-meta":{"desktop":{"background-color":"var(--ast-global-color-5)","background-image":"","background-repeat":"repeat","background-position":"center center","background-size":"auto","background-attachment":"scroll","background-type":"","background-media":"","overlay-type":"","overlay-color":"","overlay-opacity":"","overlay-gradient":""},"tablet":{"background-color":"var(--ast-global-color-5)","background-image":"","background-repeat":"repeat","background-position":"center center","background-size":"auto","background-attachment":"scroll","background-type":"","background-media":"","overlay-type":"","overlay-color":"","overlay-opacity":"","overlay-gradient":""},"mobile":{"background-color":"var(--ast-global-color-5)","background-image":"","background-repeat":"repeat","background-position":"center center","background-size":"auto","background-attachment":"scroll","background-type":"","background-media":"","overlay-type":"","overlay-color":"","overlay-opacity":"","overlay-gradient":""}},"footnotes":""},"related_contact":[201,438],"expertise":[362,190],"webparts":[],"page_type":[],"class_list":["post-22587","page","type-page","status-publish","has-post-thumbnail","hentry"],"acf":[],"yoast_head":"<!-- This site is optimized with the Yoast SEO Premium plugin v27.5 (Yoast SEO v27.5) - https:\/\/yoast.com\/product\/yoast-seo-premium-wordpress\/ -->\n<title>Umsiedlung in den Kanton Appenzell Ausserrhoden | Migrationsrecht, Gesellschaftsrecht und Steuern | Lindemann Law<\/title>\n<meta name=\"description\" content=\"Entdecken Sie die Vorteile einer Ansiedlung im Kanton Appenzell Ausserrhoden. LINDEMANNLAW ber\u00e4t Privatpersonen, Familien und Unternehmer in Fragen des Migrationsrechts, des Gesellschaftsrechts und des Steuerrechts in der Schweiz.\" \/>\n<meta name=\"robots\" content=\"index, follow, max-snippet:-1, max-image-preview:large, max-video-preview:-1\" \/>\n<link rel=\"canonical\" href=\"https:\/\/lindemannlaw.ch\/de\/umsiedlung-in-den-kanton-appenzell-ausserrhoden-migrationsrecht-gesellschaftsrecht-und-steuern\/\" \/>\n<meta property=\"og:locale\" content=\"de_DE\" \/>\n<meta property=\"og:type\" content=\"article\" \/>\n<meta property=\"og:title\" content=\"Umsiedlung in den Kanton Appenzell Ausserrhoden | Migrationsrecht, Gesellschaftsrecht und Steuern\" \/>\n<meta property=\"og:description\" content=\"Entdecken Sie die Vorteile einer Ansiedlung im Kanton Appenzell Ausserrhoden. LINDEMANNLAW ber\u00e4t Privatpersonen, Familien und Unternehmer in Fragen des Migrationsrechts, des Gesellschaftsrechts und des Steuerrechts in der Schweiz.\" \/>\n<meta property=\"og:url\" content=\"https:\/\/lindemannlaw.ch\/de\/umsiedlung-in-den-kanton-appenzell-ausserrhoden-migrationsrecht-gesellschaftsrecht-und-steuern\/\" \/>\n<meta property=\"og:site_name\" content=\"Lindemann Law\" \/>\n<meta property=\"article:modified_time\" content=\"2025-08-14T08:14:26+00:00\" \/>\n<meta property=\"og:image\" content=\"https:\/\/lindemannlaw.ch\/wp-content\/uploads\/2025\/07\/appenzell-ausserrhoden-web.webp\" \/>\n\t<meta property=\"og:image:width\" content=\"1620\" \/>\n\t<meta property=\"og:image:height\" content=\"911\" \/>\n\t<meta property=\"og:image:type\" content=\"image\/webp\" \/>\n<meta name=\"twitter:card\" content=\"summary_large_image\" \/>\n<meta name=\"twitter:site\" content=\"@Lindemann_law\" \/>\n<meta name=\"twitter:label1\" content=\"Gesch\u00e4tzte Lesezeit\" \/>\n\t<meta name=\"twitter:data1\" content=\"3 Minuten\" \/>\n<script type=\"application\/ld+json\" class=\"yoast-schema-graph\">{\"@context\":\"https:\\\/\\\/schema.org\",\"@graph\":[{\"@type\":\"WebPage\",\"@id\":\"https:\\\/\\\/lindemannlaw.ch\\\/de\\\/umsiedlung-in-den-kanton-appenzell-ausserrhoden-migrationsrecht-gesellschaftsrecht-und-steuern\\\/\",\"url\":\"https:\\\/\\\/lindemannlaw.ch\\\/de\\\/umsiedlung-in-den-kanton-appenzell-ausserrhoden-migrationsrecht-gesellschaftsrecht-und-steuern\\\/\",\"name\":\"Umsiedlung in den Kanton Appenzell Ausserrhoden | Migrationsrecht, Gesellschaftsrecht und Steuern | Lindemann Law\",\"isPartOf\":{\"@id\":\"https:\\\/\\\/lindemannlaw.ch\\\/de\\\/#website\"},\"primaryImageOfPage\":{\"@id\":\"https:\\\/\\\/lindemannlaw.ch\\\/de\\\/umsiedlung-in-den-kanton-appenzell-ausserrhoden-migrationsrecht-gesellschaftsrecht-und-steuern\\\/#primaryimage\"},\"image\":{\"@id\":\"https:\\\/\\\/lindemannlaw.ch\\\/de\\\/umsiedlung-in-den-kanton-appenzell-ausserrhoden-migrationsrecht-gesellschaftsrecht-und-steuern\\\/#primaryimage\"},\"thumbnailUrl\":\"https:\\\/\\\/lindemannlaw.ch\\\/wp-content\\\/uploads\\\/2025\\\/07\\\/appenzell-ausserrhoden-web.webp\",\"datePublished\":\"2025-07-17T07:53:05+00:00\",\"dateModified\":\"2025-08-14T08:14:26+00:00\",\"description\":\"Entdecken Sie die Vorteile einer Ansiedlung im Kanton Appenzell Ausserrhoden. LINDEMANNLAW ber\u00e4t Privatpersonen, Familien und Unternehmer in Fragen des Migrationsrechts, des Gesellschaftsrechts und des Steuerrechts in der Schweiz.\",\"breadcrumb\":{\"@id\":\"https:\\\/\\\/lindemannlaw.ch\\\/de\\\/umsiedlung-in-den-kanton-appenzell-ausserrhoden-migrationsrecht-gesellschaftsrecht-und-steuern\\\/#breadcrumb\"},\"inLanguage\":\"de-DE\",\"potentialAction\":[{\"@type\":\"ReadAction\",\"target\":[\"https:\\\/\\\/lindemannlaw.ch\\\/de\\\/umsiedlung-in-den-kanton-appenzell-ausserrhoden-migrationsrecht-gesellschaftsrecht-und-steuern\\\/\"]}]},{\"@type\":\"ImageObject\",\"inLanguage\":\"de-DE\",\"@id\":\"https:\\\/\\\/lindemannlaw.ch\\\/de\\\/umsiedlung-in-den-kanton-appenzell-ausserrhoden-migrationsrecht-gesellschaftsrecht-und-steuern\\\/#primaryimage\",\"url\":\"https:\\\/\\\/lindemannlaw.ch\\\/wp-content\\\/uploads\\\/2025\\\/07\\\/appenzell-ausserrhoden-web.webp\",\"contentUrl\":\"https:\\\/\\\/lindemannlaw.ch\\\/wp-content\\\/uploads\\\/2025\\\/07\\\/appenzell-ausserrhoden-web.webp\",\"width\":1620,\"height\":911},{\"@type\":\"BreadcrumbList\",\"@id\":\"https:\\\/\\\/lindemannlaw.ch\\\/de\\\/umsiedlung-in-den-kanton-appenzell-ausserrhoden-migrationsrecht-gesellschaftsrecht-und-steuern\\\/#breadcrumb\",\"itemListElement\":[{\"@type\":\"ListItem\",\"position\":1,\"name\":\"Home\",\"item\":\"https:\\\/\\\/lindemannlaw.ch\\\/de\\\/\"},{\"@type\":\"ListItem\",\"position\":2,\"name\":\"Umsiedlung in den Kanton Appenzell Ausserrhoden | Migrationsrecht, Gesellschaftsrecht und Steuern\"}]},{\"@type\":\"WebSite\",\"@id\":\"https:\\\/\\\/lindemannlaw.ch\\\/de\\\/#website\",\"url\":\"https:\\\/\\\/lindemannlaw.ch\\\/de\\\/\",\"name\":\"Lindemann Law\",\"description\":\"Asset Management legal services\",\"publisher\":{\"@id\":\"https:\\\/\\\/lindemannlaw.ch\\\/de\\\/#organization\"},\"potentialAction\":[{\"@type\":\"SearchAction\",\"target\":{\"@type\":\"EntryPoint\",\"urlTemplate\":\"https:\\\/\\\/lindemannlaw.ch\\\/de\\\/?s={search_term_string}\"},\"query-input\":{\"@type\":\"PropertyValueSpecification\",\"valueRequired\":true,\"valueName\":\"search_term_string\"}}],\"inLanguage\":\"de-DE\"},{\"@type\":\"Organization\",\"@id\":\"https:\\\/\\\/lindemannlaw.ch\\\/de\\\/#organization\",\"name\":\"Lindemann Law\",\"url\":\"https:\\\/\\\/lindemannlaw.ch\\\/de\\\/\",\"logo\":{\"@type\":\"ImageObject\",\"inLanguage\":\"de-DE\",\"@id\":\"https:\\\/\\\/lindemannlaw.ch\\\/de\\\/#\\\/schema\\\/logo\\\/image\\\/\",\"url\":\"https:\\\/\\\/lindemannlaw.ch\\\/wp-content\\\/uploads\\\/2021\\\/01\\\/logo-lindemannlaw_cropped.png\",\"contentUrl\":\"https:\\\/\\\/lindemannlaw.ch\\\/wp-content\\\/uploads\\\/2021\\\/01\\\/logo-lindemannlaw_cropped.png\",\"width\":150,\"height\":73,\"caption\":\"Lindemann Law\"},\"image\":{\"@id\":\"https:\\\/\\\/lindemannlaw.ch\\\/de\\\/#\\\/schema\\\/logo\\\/image\\\/\"},\"sameAs\":[\"https:\\\/\\\/x.com\\\/Lindemann_law\",\"https:\\\/\\\/www.linkedin.com\\\/company\\\/lindemannlaw\\\/\"]}]}<\/script>\n<!-- \/ Yoast SEO Premium plugin. -->","yoast_head_json":{"title":"Umsiedlung in den Kanton Appenzell Ausserrhoden | Migrationsrecht, Gesellschaftsrecht und Steuern | Lindemann Law","description":"Entdecken Sie die Vorteile einer Ansiedlung im Kanton Appenzell Ausserrhoden. LINDEMANNLAW ber\u00e4t Privatpersonen, Familien und Unternehmer in Fragen des Migrationsrechts, des Gesellschaftsrechts und des Steuerrechts in der Schweiz.","robots":{"index":"index","follow":"follow","max-snippet":"max-snippet:-1","max-image-preview":"max-image-preview:large","max-video-preview":"max-video-preview:-1"},"canonical":"https:\/\/lindemannlaw.ch\/de\/umsiedlung-in-den-kanton-appenzell-ausserrhoden-migrationsrecht-gesellschaftsrecht-und-steuern\/","og_locale":"de_DE","og_type":"article","og_title":"Umsiedlung in den Kanton Appenzell Ausserrhoden | Migrationsrecht, Gesellschaftsrecht und Steuern","og_description":"Entdecken Sie die Vorteile einer Ansiedlung im Kanton Appenzell Ausserrhoden. LINDEMANNLAW ber\u00e4t Privatpersonen, Familien und Unternehmer in Fragen des Migrationsrechts, des Gesellschaftsrechts und des Steuerrechts in der Schweiz.","og_url":"https:\/\/lindemannlaw.ch\/de\/umsiedlung-in-den-kanton-appenzell-ausserrhoden-migrationsrecht-gesellschaftsrecht-und-steuern\/","og_site_name":"Lindemann Law","article_modified_time":"2025-08-14T08:14:26+00:00","og_image":[{"width":1620,"height":911,"url":"https:\/\/lindemannlaw.ch\/wp-content\/uploads\/2025\/07\/appenzell-ausserrhoden-web.webp","type":"image\/webp"}],"twitter_card":"summary_large_image","twitter_site":"@Lindemann_law","twitter_misc":{"Gesch\u00e4tzte Lesezeit":"3 Minuten"},"schema":{"@context":"https:\/\/schema.org","@graph":[{"@type":"WebPage","@id":"https:\/\/lindemannlaw.ch\/de\/umsiedlung-in-den-kanton-appenzell-ausserrhoden-migrationsrecht-gesellschaftsrecht-und-steuern\/","url":"https:\/\/lindemannlaw.ch\/de\/umsiedlung-in-den-kanton-appenzell-ausserrhoden-migrationsrecht-gesellschaftsrecht-und-steuern\/","name":"Umsiedlung in den Kanton Appenzell Ausserrhoden | Migrationsrecht, Gesellschaftsrecht und Steuern | Lindemann Law","isPartOf":{"@id":"https:\/\/lindemannlaw.ch\/de\/#website"},"primaryImageOfPage":{"@id":"https:\/\/lindemannlaw.ch\/de\/umsiedlung-in-den-kanton-appenzell-ausserrhoden-migrationsrecht-gesellschaftsrecht-und-steuern\/#primaryimage"},"image":{"@id":"https:\/\/lindemannlaw.ch\/de\/umsiedlung-in-den-kanton-appenzell-ausserrhoden-migrationsrecht-gesellschaftsrecht-und-steuern\/#primaryimage"},"thumbnailUrl":"https:\/\/lindemannlaw.ch\/wp-content\/uploads\/2025\/07\/appenzell-ausserrhoden-web.webp","datePublished":"2025-07-17T07:53:05+00:00","dateModified":"2025-08-14T08:14:26+00:00","description":"Entdecken Sie die Vorteile einer Ansiedlung im Kanton Appenzell Ausserrhoden. LINDEMANNLAW ber\u00e4t Privatpersonen, Familien und Unternehmer in Fragen des Migrationsrechts, des Gesellschaftsrechts und des Steuerrechts in der Schweiz.","breadcrumb":{"@id":"https:\/\/lindemannlaw.ch\/de\/umsiedlung-in-den-kanton-appenzell-ausserrhoden-migrationsrecht-gesellschaftsrecht-und-steuern\/#breadcrumb"},"inLanguage":"de-DE","potentialAction":[{"@type":"ReadAction","target":["https:\/\/lindemannlaw.ch\/de\/umsiedlung-in-den-kanton-appenzell-ausserrhoden-migrationsrecht-gesellschaftsrecht-und-steuern\/"]}]},{"@type":"ImageObject","inLanguage":"de-DE","@id":"https:\/\/lindemannlaw.ch\/de\/umsiedlung-in-den-kanton-appenzell-ausserrhoden-migrationsrecht-gesellschaftsrecht-und-steuern\/#primaryimage","url":"https:\/\/lindemannlaw.ch\/wp-content\/uploads\/2025\/07\/appenzell-ausserrhoden-web.webp","contentUrl":"https:\/\/lindemannlaw.ch\/wp-content\/uploads\/2025\/07\/appenzell-ausserrhoden-web.webp","width":1620,"height":911},{"@type":"BreadcrumbList","@id":"https:\/\/lindemannlaw.ch\/de\/umsiedlung-in-den-kanton-appenzell-ausserrhoden-migrationsrecht-gesellschaftsrecht-und-steuern\/#breadcrumb","itemListElement":[{"@type":"ListItem","position":1,"name":"Home","item":"https:\/\/lindemannlaw.ch\/de\/"},{"@type":"ListItem","position":2,"name":"Umsiedlung in den Kanton Appenzell Ausserrhoden | Migrationsrecht, Gesellschaftsrecht und Steuern"}]},{"@type":"WebSite","@id":"https:\/\/lindemannlaw.ch\/de\/#website","url":"https:\/\/lindemannlaw.ch\/de\/","name":"Lindemann Law","description":"Asset Management legal services","publisher":{"@id":"https:\/\/lindemannlaw.ch\/de\/#organization"},"potentialAction":[{"@type":"SearchAction","target":{"@type":"EntryPoint","urlTemplate":"https:\/\/lindemannlaw.ch\/de\/?s={search_term_string}"},"query-input":{"@type":"PropertyValueSpecification","valueRequired":true,"valueName":"search_term_string"}}],"inLanguage":"de-DE"},{"@type":"Organization","@id":"https:\/\/lindemannlaw.ch\/de\/#organization","name":"Lindemann Law","url":"https:\/\/lindemannlaw.ch\/de\/","logo":{"@type":"ImageObject","inLanguage":"de-DE","@id":"https:\/\/lindemannlaw.ch\/de\/#\/schema\/logo\/image\/","url":"https:\/\/lindemannlaw.ch\/wp-content\/uploads\/2021\/01\/logo-lindemannlaw_cropped.png","contentUrl":"https:\/\/lindemannlaw.ch\/wp-content\/uploads\/2021\/01\/logo-lindemannlaw_cropped.png","width":150,"height":73,"caption":"Lindemann Law"},"image":{"@id":"https:\/\/lindemannlaw.ch\/de\/#\/schema\/logo\/image\/"},"sameAs":["https:\/\/x.com\/Lindemann_law","https:\/\/www.linkedin.com\/company\/lindemannlaw\/"]}]}},"_links":{"self":[{"href":"https:\/\/lindemannlaw.ch\/de\/wp-json\/wp\/v2\/pages\/22587","targetHints":{"allow":["GET"]}}],"collection":[{"href":"https:\/\/lindemannlaw.ch\/de\/wp-json\/wp\/v2\/pages"}],"about":[{"href":"https:\/\/lindemannlaw.ch\/de\/wp-json\/wp\/v2\/types\/page"}],"author":[{"embeddable":true,"href":"https:\/\/lindemannlaw.ch\/de\/wp-json\/wp\/v2\/users\/19"}],"replies":[{"embeddable":true,"href":"https:\/\/lindemannlaw.ch\/de\/wp-json\/wp\/v2\/comments?post=22587"}],"version-history":[{"count":0,"href":"https:\/\/lindemannlaw.ch\/de\/wp-json\/wp\/v2\/pages\/22587\/revisions"}],"wp:featuredmedia":[{"embeddable":true,"href":"https:\/\/lindemannlaw.ch\/de\/wp-json\/wp\/v2\/media\/22357"}],"wp:attachment":[{"href":"https:\/\/lindemannlaw.ch\/de\/wp-json\/wp\/v2\/media?parent=22587"}],"wp:term":[{"taxonomy":"related_contact","embeddable":true,"href":"https:\/\/lindemannlaw.ch\/de\/wp-json\/wp\/v2\/related_contact?post=22587"},{"taxonomy":"expertise","embeddable":true,"href":"https:\/\/lindemannlaw.ch\/de\/wp-json\/wp\/v2\/expertise?post=22587"},{"taxonomy":"webparts","embeddable":true,"href":"https:\/\/lindemannlaw.ch\/de\/wp-json\/wp\/v2\/webparts?post=22587"},{"taxonomy":"page_type","embeddable":true,"href":"https:\/\/lindemannlaw.ch\/de\/wp-json\/wp\/v2\/page_type?post=22587"}],"curies":[{"name":"wp","href":"https:\/\/api.w.org\/{rel}","templated":true}]}}