{"id":22596,"date":"2025-07-03T09:17:37","date_gmt":"2025-07-03T08:17:37","guid":{"rendered":"https:\/\/lindemannlaw.ch\/?page_id=22596"},"modified":"2025-08-14T13:32:13","modified_gmt":"2025-08-14T12:32:13","slug":"umsiedelung-in-den-kanton-basel-landschaft-migrationsrecht-gesellschaftsrecht-und-steuerrecht","status":"publish","type":"page","link":"https:\/\/lindemannlaw.ch\/de\/umsiedelung-in-den-kanton-basel-landschaft-migrationsrecht-gesellschaftsrecht-und-steuerrecht\/","title":{"rendered":"Umsiedelung in den Kanton Basel-Landschaft | Migrationsrecht, Gesellschaftsrecht und Steuerrecht"},"content":{"rendered":"<h3><img fetchpriority=\"high\" decoding=\"async\" class=\"wp-image-21671 alignleft\" src=\"https:\/\/lindemannlaw.ch\/wp-content\/uploads\/2025\/07\/basel-landschaft-flag-237x300.png\" alt=\"\" width=\"200\" height=\"253\" srcset=\"https:\/\/lindemannlaw.ch\/wp-content\/uploads\/2025\/07\/basel-landschaft-flag-237x300.png 237w, https:\/\/lindemannlaw.ch\/wp-content\/uploads\/2025\/07\/basel-landschaft-flag.png 474w\" sizes=\"(max-width: 200px) 100vw, 200px\" \/>\u00dcbersicht<\/h3>\n<p>Der Kanton Basel-Landschaft liegt im Nordwesten der Schweiz, grenzt an Deutschland und Frankreich und ist Teil der dynamischen Wirtschaftsregion Basel. Er hat rund 295.000 Einwohner (2023) und seine Hauptstadt ist Liestal. Der Kanton ist bekannt f\u00fcr seine industrielle Basis, seine Innovationskraft und sein attraktives Lebensumfeld, das st\u00e4dtische Anbindung mit Natur verbindet.<\/p>\n<h3>Wirtschaftliche St\u00e4rken und Infrastruktur<\/h3>\n<p>\u2714 <b>BIP<\/b>: Starke Wirtschaft mit Schwerpunkt auf Hightech-Fertigung, Life Sciences und Logistik, eng verbunden mit den globalen Industrien in Basel.<br \/>\n\u2714 <b>Schl\u00fcsselindustrien<\/b>: Pharmazulieferketten, Pr\u00e4zisionstechnik, Chemie, Cleantech, IKT und Logistik.<br \/>\n\u2714 <b>Bildung und Forschung<\/b>: Fachhochschule Nordwestschweiz (FHNW) und N\u00e4he zur Universit\u00e4t Basel und wichtigen Forschungsinstituten.<br \/>\n\u2714 <b>Verkehrsanbindung<\/b>: Hervorragende Anbindung an das Schienen- und Autobahnnetz nach Basel, den EuroAirport Basel-Mulhouse-Freiburg und den Rheinhafen.<\/p>\n<h3>Steuern<\/h3>\n<p><b>Juristische Personen: <\/b>Juristische Personen unterliegen einer K\u00f6rperschaftsteuer von 14,3 % (Liestal) und einer Kapitalsteuer von 0,16 % auf das steuerpflichtige Eigenkapital. Die Kapitalsteuer wird gr\u00f6sstenteils mit der K\u00f6rperschaftsteuer verrechnet. Ist die K\u00f6rperschaftsteuer h\u00f6her als die Kapitalsteuer, f\u00e4llt somit nur eine Restkapitalsteuer an. Dividendenertr\u00e4ge und Ver\u00e4usserungsgewinne aus qualifizierten Beteiligungen sind aufgrund der Beteiligungsfreistellung von der K\u00f6rperschaftsteuer befreit.<\/p>\n<p><b>Privatpersonen<\/b>: Privatpersonen unterliegen einer progressiven Einkommensteuer mit effektiven Steuers\u00e4tzen zwischen 38,5 % (Pfeffingen) und 43,5 % (Waldenburg). Private Kapitalgewinne sind steuerfrei und Dividenden aus qualifizierten Beteiligungen werden mit einem Abzug von 40 % auf kantonaler und 30 % auf Bundesebene besteuert. Je nach Einkommensstruktur kann der effektive Steuersatz daher deutlich unter dem Spitzensteuersatz liegen. Der Kanton erhebt eine Verm\u00f6genssteuer auf das Nettoverm\u00f6gen nat\u00fcrlicher Personen.<\/p>\n<h3>Staatliche Unterst\u00fctzung f\u00fcr den Unternehmensstandort<\/h3>\n<table style=\"border-collapse: collapse; width: 100%;\">\n<tbody>\n<tr>\n<td style=\"width: 20.4762%;\"><a href=\"https:\/\/www.baselland.ch\/themen\/firmengruendung\" target=\"_blank\" rel=\"noopener\"><img decoding=\"async\" class=\"alignleft wp-image-21874\" src=\"https:\/\/lindemannlaw.ch\/wp-content\/uploads\/2025\/07\/basel-landschaft-logo-300x110.png\" alt=\"\" width=\"170\" height=\"62\" srcset=\"https:\/\/lindemannlaw.ch\/wp-content\/uploads\/2025\/07\/basel-landschaft-logo-300x110.png 300w, https:\/\/lindemannlaw.ch\/wp-content\/uploads\/2025\/07\/basel-landschaft-logo.png 732w\" sizes=\"(max-width: 170px) 100vw, 170px\" \/><\/a><\/td>\n<td style=\"width: 79.5238%;\">\u2714 <b>Standortf\u00f6rderung Basel-Landschaft<br \/>\n<\/b>Bietet Unterst\u00fctzung bei der Unternehmensgr\u00fcndung, Standortwahl, Genehmigungen und Gesch\u00e4ftsentwicklung.<br \/>\n<a href=\"https:\/\/www.baselland.ch\/themen\/firmengruendung\" target=\"_blank\" rel=\"noopener\">Weitere Informationen<\/a><\/td>\n<\/tr>\n<tr>\n<td style=\"width: 20.4762%;\"><a href=\"https:\/\/www.baselarea.swiss\/\" target=\"_blank\" rel=\"noopener\"><img decoding=\"async\" class=\"wp-image-21880 alignleft\" src=\"https:\/\/lindemannlaw.ch\/wp-content\/uploads\/2025\/07\/basel-area-logo-1-300x171.webp\" alt=\"\" width=\"170\" height=\"97\" srcset=\"https:\/\/lindemannlaw.ch\/wp-content\/uploads\/2025\/07\/basel-area-logo-1-300x171.webp 300w, https:\/\/lindemannlaw.ch\/wp-content\/uploads\/2025\/07\/basel-area-logo-1.webp 474w\" sizes=\"(max-width: 170px) 100vw, 170px\" \/><\/a><\/td>\n<td style=\"width: 79.5238%;\">\u2714 <b>BaselArea Business &amp; Innovation (regional)<br \/>\n<\/b>Regionale Agentur zur Unterst\u00fctzung ausl\u00e4ndischer Unternehmen, Start-ups und innovativer Unternehmen in Basel-Landschaft.<br \/>\n<a style=\"font-size: 16px; font-family: inherit; background-color: #ffffff;\" href=\"https:\/\/www.baselarea.swiss\/\" target=\"_blank\" rel=\"noopener\">Weitere Informationen<\/a><\/td>\n<\/tr>\n<tr>\n<td style=\"width: 20.4762%;\"><span style=\"font-size: 16px;\"><a href=\"https:\/\/uptownbasel.ch\/en\/\" target=\"_blank\" rel=\"noopener\"><img loading=\"lazy\" decoding=\"async\" class=\"wp-image-21885 alignleft\" src=\"https:\/\/lindemannlaw.ch\/wp-content\/uploads\/2025\/07\/uptown-basel-logo-300x196.webp\" alt=\"\" width=\"170\" height=\"111\" srcset=\"https:\/\/lindemannlaw.ch\/wp-content\/uploads\/2025\/07\/uptown-basel-logo-300x196.webp 300w, https:\/\/lindemannlaw.ch\/wp-content\/uploads\/2025\/07\/uptown-basel-logo.webp 474w\" sizes=\"(max-width: 170px) 100vw, 170px\" \/><\/a><\/span><\/td>\n<td style=\"width: 79.5238%;\">\u2714 <b>Uptown Basel Innovation Campus<br \/>\n<\/b>Privater Innovationscampus mit den Schwerpunkten Industrie 4.0, digitale Transformation und fortschrittliche Fertigung.<br \/>\n<a href=\"https:\/\/uptownbasel.ch\/en\/\" target=\"_blank\" rel=\"noopener\">Weitere Informationen<\/a><\/td>\n<\/tr>\n<\/tbody>\n<\/table>\n<h3>Zus\u00e4tzliche Vorteile<\/h3>\n<p>\u2714 Klares, effizientes rechtliches und regulatorisches Umfeld f\u00fcr Unternehmen.<br \/>\n\u2714 Robuste Infrastruktur mit zuverl\u00e4ssiger Energieversorgung, Verkehrsanbindung und digitalen Netzwerken.<br \/>\n\u2714 Hohe Lebensqualit\u00e4t: Zugang zu st\u00e4dtischen Annehmlichkeiten und Natur, familienfreundliche Gemeinden.<\/p>\n<h3>N\u00fctzliche offizielle Links<\/h3>\n<ul>\n<li><a href=\"https:\/\/www.baselland.ch\/themen\/firmengruendung\" target=\"_blank\" rel=\"noopener\">Wirtschaftsf\u00f6rderung Basel-Landschaft<\/a><\/li>\n<li><a href=\"https:\/\/uptownbasel.ch\/en\/\" target=\"_blank\" rel=\"noopener\">Uptown Basel Innovation Campus<\/a><\/li>\n<li><a href=\"https:\/\/www.kmu.admin.ch\/kmu\/en\/home\/concrete-know-how\/setting-up-sme\/starting-business.html\" target=\"_blank\" rel=\"noopener\">Unternehmensgr\u00fcndung in der Schweiz (Bundesportal f\u00fcr KMU)<\/a><\/li>\n<\/ul>\n<p>Der Kanton Basel-Landschaft bietet einen idealen Standort f\u00fcr Unternehmen, die Zugang zum Life-Sciences-Cluster der Schweiz, einer hervorragenden Infrastruktur und grenz\u00fcberschreitenden M\u00e4rkten suchen. Bei <b>LINDEMANNLAW<\/b> unterst\u00fctzen wir Sie bei der Ansiedlung, im Migrationsrecht, im Gesellschaftsrecht, bei der Steuer- und Rechtskonformit\u00e4t und sichern so Ihren Erfolg in der Schweiz.<\/p>\n","protected":false},"excerpt":{"rendered":"<p>\u00dcbersicht Der Kanton Basel-Landschaft liegt im Nordwesten der Schweiz, grenzt an Deutschland und Frankreich und ist Teil der dynamischen Wirtschaftsregion Basel. Er hat rund 295.000 Einwohner (2023) und seine Hauptstadt ist Liestal. Der Kanton ist bekannt f\u00fcr seine industrielle Basis, seine Innovationskraft und sein attraktives Lebensumfeld, das st\u00e4dtische Anbindung mit Natur verbindet. Wirtschaftliche St\u00e4rken und [&hellip;]<\/p>\n","protected":false},"author":19,"featured_media":21684,"parent":0,"menu_order":0,"comment_status":"closed","ping_status":"closed","template":"","meta":{"_acf_changed":false,"site-sidebar-layout":"default","site-content-layout":"","ast-site-content-layout":"default","site-content-style":"default","site-sidebar-style":"default","ast-global-header-display":"","ast-banner-title-visibility":"","ast-main-header-display":"","ast-hfb-above-header-display":"","ast-hfb-below-header-display":"","ast-hfb-mobile-header-display":"","site-post-title":"","ast-breadcrumbs-content":"","ast-featured-img":"","footer-sml-layout":"","ast-disable-related-posts":"","theme-transparent-header-meta":"default","adv-header-id-meta":"","stick-header-meta":"","header-above-stick-meta":"","header-main-stick-meta":"","header-below-stick-meta":"","astra-migrate-meta-layouts":"set","ast-page-background-enabled":"default","ast-page-background-meta":{"desktop":{"background-color":"var(--ast-global-color-4)","background-image":"","background-repeat":"repeat","background-position":"center center","background-size":"auto","background-attachment":"scroll","background-type":"","background-media":"","overlay-type":"","overlay-color":"","overlay-opacity":"","overlay-gradient":""},"tablet":{"background-color":"","background-image":"","background-repeat":"repeat","background-position":"center center","background-size":"auto","background-attachment":"scroll","background-type":"","background-media":"","overlay-type":"","overlay-color":"","overlay-opacity":"","overlay-gradient":""},"mobile":{"background-color":"","background-image":"","background-repeat":"repeat","background-position":"center center","background-size":"auto","background-attachment":"scroll","background-type":"","background-media":"","overlay-type":"","overlay-color":"","overlay-opacity":"","overlay-gradient":""}},"ast-content-background-meta":{"desktop":{"background-color":"var(--ast-global-color-5)","background-image":"","background-repeat":"repeat","background-position":"center center","background-size":"auto","background-attachment":"scroll","background-type":"","background-media":"","overlay-type":"","overlay-color":"","overlay-opacity":"","overlay-gradient":""},"tablet":{"background-color":"var(--ast-global-color-5)","background-image":"","background-repeat":"repeat","background-position":"center center","background-size":"auto","background-attachment":"scroll","background-type":"","background-media":"","overlay-type":"","overlay-color":"","overlay-opacity":"","overlay-gradient":""},"mobile":{"background-color":"var(--ast-global-color-5)","background-image":"","background-repeat":"repeat","background-position":"center center","background-size":"auto","background-attachment":"scroll","background-type":"","background-media":"","overlay-type":"","overlay-color":"","overlay-opacity":"","overlay-gradient":""}},"footnotes":""},"related_contact":[201,438,424],"expertise":[362,190],"webparts":[],"page_type":[],"class_list":["post-22596","page","type-page","status-publish","has-post-thumbnail","hentry"],"acf":[],"yoast_head":"<!-- This site is optimized with the Yoast SEO Premium plugin v27.3 (Yoast SEO v27.3) - https:\/\/yoast.com\/product\/yoast-seo-premium-wordpress\/ -->\n<title>Umsiedelung in den Kanton Basel-Landschaft | Migrationsrecht, Gesellschaftsrecht und Steuerrecht | Lindemann Law<\/title>\n<meta name=\"description\" content=\"Entdecken Sie die Vorteile einer \u00dcbersiedlung in den Kanton Basel-Landschaft. LINDEMANNLAW ber\u00e4t Privatpersonen, Familien und Unternehmer in Fragen des Migrationsrechts, des Gesellschaftsrechts und des Steuerrechts in der Schweiz.\" \/>\n<meta name=\"robots\" content=\"index, follow, max-snippet:-1, max-image-preview:large, max-video-preview:-1\" \/>\n<link rel=\"canonical\" href=\"https:\/\/lindemannlaw.ch\/de\/umsiedelung-in-den-kanton-basel-landschaft-migrationsrecht-gesellschaftsrecht-und-steuerrecht\/\" \/>\n<meta property=\"og:locale\" content=\"de_DE\" \/>\n<meta property=\"og:type\" content=\"article\" \/>\n<meta property=\"og:title\" content=\"Umsiedelung in den Kanton Basel-Landschaft | Migrationsrecht, Gesellschaftsrecht und Steuerrecht\" \/>\n<meta property=\"og:description\" content=\"Entdecken Sie die Vorteile einer \u00dcbersiedlung in den Kanton Basel-Landschaft. LINDEMANNLAW ber\u00e4t Privatpersonen, Familien und Unternehmer in Fragen des Migrationsrechts, des Gesellschaftsrechts und des Steuerrechts in der Schweiz.\" \/>\n<meta property=\"og:url\" content=\"https:\/\/lindemannlaw.ch\/de\/umsiedelung-in-den-kanton-basel-landschaft-migrationsrecht-gesellschaftsrecht-und-steuerrecht\/\" \/>\n<meta property=\"og:site_name\" content=\"Lindemann Law\" \/>\n<meta property=\"article:modified_time\" content=\"2025-08-14T12:32:13+00:00\" \/>\n<meta property=\"og:image\" content=\"https:\/\/lindemannlaw.ch\/wp-content\/uploads\/2025\/07\/liestal_web-1024x576.jpg\" \/>\n\t<meta property=\"og:image:width\" content=\"1024\" \/>\n\t<meta property=\"og:image:height\" content=\"576\" \/>\n\t<meta property=\"og:image:type\" content=\"image\/jpeg\" \/>\n<meta name=\"twitter:card\" content=\"summary_large_image\" \/>\n<meta name=\"twitter:site\" content=\"@Lindemann_law\" \/>\n<meta name=\"twitter:label1\" content=\"Gesch\u00e4tzte Lesezeit\" \/>\n\t<meta name=\"twitter:data1\" content=\"3 Minuten\" \/>\n<script type=\"application\/ld+json\" class=\"yoast-schema-graph\">{\"@context\":\"https:\\\/\\\/schema.org\",\"@graph\":[{\"@type\":\"WebPage\",\"@id\":\"https:\\\/\\\/lindemannlaw.ch\\\/de\\\/umsiedelung-in-den-kanton-basel-landschaft-migrationsrecht-gesellschaftsrecht-und-steuerrecht\\\/\",\"url\":\"https:\\\/\\\/lindemannlaw.ch\\\/de\\\/umsiedelung-in-den-kanton-basel-landschaft-migrationsrecht-gesellschaftsrecht-und-steuerrecht\\\/\",\"name\":\"Umsiedelung in den Kanton Basel-Landschaft | Migrationsrecht, Gesellschaftsrecht und Steuerrecht | Lindemann Law\",\"isPartOf\":{\"@id\":\"https:\\\/\\\/lindemannlaw.ch\\\/de\\\/#website\"},\"primaryImageOfPage\":{\"@id\":\"https:\\\/\\\/lindemannlaw.ch\\\/de\\\/umsiedelung-in-den-kanton-basel-landschaft-migrationsrecht-gesellschaftsrecht-und-steuerrecht\\\/#primaryimage\"},\"image\":{\"@id\":\"https:\\\/\\\/lindemannlaw.ch\\\/de\\\/umsiedelung-in-den-kanton-basel-landschaft-migrationsrecht-gesellschaftsrecht-und-steuerrecht\\\/#primaryimage\"},\"thumbnailUrl\":\"https:\\\/\\\/lindemannlaw.ch\\\/wp-content\\\/uploads\\\/2025\\\/07\\\/liestal_web.jpg\",\"datePublished\":\"2025-07-03T08:17:37+00:00\",\"dateModified\":\"2025-08-14T12:32:13+00:00\",\"description\":\"Entdecken Sie die Vorteile einer \u00dcbersiedlung in den Kanton Basel-Landschaft. LINDEMANNLAW ber\u00e4t Privatpersonen, Familien und Unternehmer in Fragen des Migrationsrechts, des Gesellschaftsrechts und des Steuerrechts in der Schweiz.\",\"breadcrumb\":{\"@id\":\"https:\\\/\\\/lindemannlaw.ch\\\/de\\\/umsiedelung-in-den-kanton-basel-landschaft-migrationsrecht-gesellschaftsrecht-und-steuerrecht\\\/#breadcrumb\"},\"inLanguage\":\"de-DE\",\"potentialAction\":[{\"@type\":\"ReadAction\",\"target\":[\"https:\\\/\\\/lindemannlaw.ch\\\/de\\\/umsiedelung-in-den-kanton-basel-landschaft-migrationsrecht-gesellschaftsrecht-und-steuerrecht\\\/\"]}]},{\"@type\":\"ImageObject\",\"inLanguage\":\"de-DE\",\"@id\":\"https:\\\/\\\/lindemannlaw.ch\\\/de\\\/umsiedelung-in-den-kanton-basel-landschaft-migrationsrecht-gesellschaftsrecht-und-steuerrecht\\\/#primaryimage\",\"url\":\"https:\\\/\\\/lindemannlaw.ch\\\/wp-content\\\/uploads\\\/2025\\\/07\\\/liestal_web.jpg\",\"contentUrl\":\"https:\\\/\\\/lindemannlaw.ch\\\/wp-content\\\/uploads\\\/2025\\\/07\\\/liestal_web.jpg\",\"width\":4097,\"height\":2305},{\"@type\":\"BreadcrumbList\",\"@id\":\"https:\\\/\\\/lindemannlaw.ch\\\/de\\\/umsiedelung-in-den-kanton-basel-landschaft-migrationsrecht-gesellschaftsrecht-und-steuerrecht\\\/#breadcrumb\",\"itemListElement\":[{\"@type\":\"ListItem\",\"position\":1,\"name\":\"Home\",\"item\":\"https:\\\/\\\/lindemannlaw.ch\\\/de\\\/\"},{\"@type\":\"ListItem\",\"position\":2,\"name\":\"Umsiedelung in den Kanton Basel-Landschaft | Migrationsrecht, Gesellschaftsrecht und Steuerrecht\"}]},{\"@type\":\"WebSite\",\"@id\":\"https:\\\/\\\/lindemannlaw.ch\\\/de\\\/#website\",\"url\":\"https:\\\/\\\/lindemannlaw.ch\\\/de\\\/\",\"name\":\"Lindemann Law\",\"description\":\"Asset Management legal services\",\"publisher\":{\"@id\":\"https:\\\/\\\/lindemannlaw.ch\\\/de\\\/#organization\"},\"potentialAction\":[{\"@type\":\"SearchAction\",\"target\":{\"@type\":\"EntryPoint\",\"urlTemplate\":\"https:\\\/\\\/lindemannlaw.ch\\\/de\\\/?s={search_term_string}\"},\"query-input\":{\"@type\":\"PropertyValueSpecification\",\"valueRequired\":true,\"valueName\":\"search_term_string\"}}],\"inLanguage\":\"de-DE\"},{\"@type\":\"Organization\",\"@id\":\"https:\\\/\\\/lindemannlaw.ch\\\/de\\\/#organization\",\"name\":\"Lindemann Law\",\"url\":\"https:\\\/\\\/lindemannlaw.ch\\\/de\\\/\",\"logo\":{\"@type\":\"ImageObject\",\"inLanguage\":\"de-DE\",\"@id\":\"https:\\\/\\\/lindemannlaw.ch\\\/de\\\/#\\\/schema\\\/logo\\\/image\\\/\",\"url\":\"https:\\\/\\\/lindemannlaw.ch\\\/wp-content\\\/uploads\\\/2021\\\/01\\\/logo-lindemannlaw_cropped.png\",\"contentUrl\":\"https:\\\/\\\/lindemannlaw.ch\\\/wp-content\\\/uploads\\\/2021\\\/01\\\/logo-lindemannlaw_cropped.png\",\"width\":150,\"height\":73,\"caption\":\"Lindemann Law\"},\"image\":{\"@id\":\"https:\\\/\\\/lindemannlaw.ch\\\/de\\\/#\\\/schema\\\/logo\\\/image\\\/\"},\"sameAs\":[\"https:\\\/\\\/x.com\\\/Lindemann_law\",\"https:\\\/\\\/www.linkedin.com\\\/company\\\/lindemannlaw\\\/\"]}]}<\/script>\n<!-- \/ Yoast SEO Premium plugin. -->","yoast_head_json":{"title":"Umsiedelung in den Kanton Basel-Landschaft | Migrationsrecht, Gesellschaftsrecht und Steuerrecht | Lindemann Law","description":"Entdecken Sie die Vorteile einer \u00dcbersiedlung in den Kanton Basel-Landschaft. LINDEMANNLAW ber\u00e4t Privatpersonen, Familien und Unternehmer in Fragen des Migrationsrechts, des Gesellschaftsrechts und des Steuerrechts in der Schweiz.","robots":{"index":"index","follow":"follow","max-snippet":"max-snippet:-1","max-image-preview":"max-image-preview:large","max-video-preview":"max-video-preview:-1"},"canonical":"https:\/\/lindemannlaw.ch\/de\/umsiedelung-in-den-kanton-basel-landschaft-migrationsrecht-gesellschaftsrecht-und-steuerrecht\/","og_locale":"de_DE","og_type":"article","og_title":"Umsiedelung in den Kanton Basel-Landschaft | Migrationsrecht, Gesellschaftsrecht und Steuerrecht","og_description":"Entdecken Sie die Vorteile einer \u00dcbersiedlung in den Kanton Basel-Landschaft. LINDEMANNLAW ber\u00e4t Privatpersonen, Familien und Unternehmer in Fragen des Migrationsrechts, des Gesellschaftsrechts und des Steuerrechts in der Schweiz.","og_url":"https:\/\/lindemannlaw.ch\/de\/umsiedelung-in-den-kanton-basel-landschaft-migrationsrecht-gesellschaftsrecht-und-steuerrecht\/","og_site_name":"Lindemann Law","article_modified_time":"2025-08-14T12:32:13+00:00","og_image":[{"width":1024,"height":576,"url":"https:\/\/lindemannlaw.ch\/wp-content\/uploads\/2025\/07\/liestal_web-1024x576.jpg","type":"image\/jpeg"}],"twitter_card":"summary_large_image","twitter_site":"@Lindemann_law","twitter_misc":{"Gesch\u00e4tzte Lesezeit":"3 Minuten"},"schema":{"@context":"https:\/\/schema.org","@graph":[{"@type":"WebPage","@id":"https:\/\/lindemannlaw.ch\/de\/umsiedelung-in-den-kanton-basel-landschaft-migrationsrecht-gesellschaftsrecht-und-steuerrecht\/","url":"https:\/\/lindemannlaw.ch\/de\/umsiedelung-in-den-kanton-basel-landschaft-migrationsrecht-gesellschaftsrecht-und-steuerrecht\/","name":"Umsiedelung in den Kanton Basel-Landschaft | Migrationsrecht, Gesellschaftsrecht und Steuerrecht | Lindemann Law","isPartOf":{"@id":"https:\/\/lindemannlaw.ch\/de\/#website"},"primaryImageOfPage":{"@id":"https:\/\/lindemannlaw.ch\/de\/umsiedelung-in-den-kanton-basel-landschaft-migrationsrecht-gesellschaftsrecht-und-steuerrecht\/#primaryimage"},"image":{"@id":"https:\/\/lindemannlaw.ch\/de\/umsiedelung-in-den-kanton-basel-landschaft-migrationsrecht-gesellschaftsrecht-und-steuerrecht\/#primaryimage"},"thumbnailUrl":"https:\/\/lindemannlaw.ch\/wp-content\/uploads\/2025\/07\/liestal_web.jpg","datePublished":"2025-07-03T08:17:37+00:00","dateModified":"2025-08-14T12:32:13+00:00","description":"Entdecken Sie die Vorteile einer \u00dcbersiedlung in den Kanton Basel-Landschaft. LINDEMANNLAW ber\u00e4t Privatpersonen, Familien und Unternehmer in Fragen des Migrationsrechts, des Gesellschaftsrechts und des Steuerrechts in der Schweiz.","breadcrumb":{"@id":"https:\/\/lindemannlaw.ch\/de\/umsiedelung-in-den-kanton-basel-landschaft-migrationsrecht-gesellschaftsrecht-und-steuerrecht\/#breadcrumb"},"inLanguage":"de-DE","potentialAction":[{"@type":"ReadAction","target":["https:\/\/lindemannlaw.ch\/de\/umsiedelung-in-den-kanton-basel-landschaft-migrationsrecht-gesellschaftsrecht-und-steuerrecht\/"]}]},{"@type":"ImageObject","inLanguage":"de-DE","@id":"https:\/\/lindemannlaw.ch\/de\/umsiedelung-in-den-kanton-basel-landschaft-migrationsrecht-gesellschaftsrecht-und-steuerrecht\/#primaryimage","url":"https:\/\/lindemannlaw.ch\/wp-content\/uploads\/2025\/07\/liestal_web.jpg","contentUrl":"https:\/\/lindemannlaw.ch\/wp-content\/uploads\/2025\/07\/liestal_web.jpg","width":4097,"height":2305},{"@type":"BreadcrumbList","@id":"https:\/\/lindemannlaw.ch\/de\/umsiedelung-in-den-kanton-basel-landschaft-migrationsrecht-gesellschaftsrecht-und-steuerrecht\/#breadcrumb","itemListElement":[{"@type":"ListItem","position":1,"name":"Home","item":"https:\/\/lindemannlaw.ch\/de\/"},{"@type":"ListItem","position":2,"name":"Umsiedelung in den Kanton Basel-Landschaft | Migrationsrecht, Gesellschaftsrecht und Steuerrecht"}]},{"@type":"WebSite","@id":"https:\/\/lindemannlaw.ch\/de\/#website","url":"https:\/\/lindemannlaw.ch\/de\/","name":"Lindemann Law","description":"Asset Management legal services","publisher":{"@id":"https:\/\/lindemannlaw.ch\/de\/#organization"},"potentialAction":[{"@type":"SearchAction","target":{"@type":"EntryPoint","urlTemplate":"https:\/\/lindemannlaw.ch\/de\/?s={search_term_string}"},"query-input":{"@type":"PropertyValueSpecification","valueRequired":true,"valueName":"search_term_string"}}],"inLanguage":"de-DE"},{"@type":"Organization","@id":"https:\/\/lindemannlaw.ch\/de\/#organization","name":"Lindemann Law","url":"https:\/\/lindemannlaw.ch\/de\/","logo":{"@type":"ImageObject","inLanguage":"de-DE","@id":"https:\/\/lindemannlaw.ch\/de\/#\/schema\/logo\/image\/","url":"https:\/\/lindemannlaw.ch\/wp-content\/uploads\/2021\/01\/logo-lindemannlaw_cropped.png","contentUrl":"https:\/\/lindemannlaw.ch\/wp-content\/uploads\/2021\/01\/logo-lindemannlaw_cropped.png","width":150,"height":73,"caption":"Lindemann Law"},"image":{"@id":"https:\/\/lindemannlaw.ch\/de\/#\/schema\/logo\/image\/"},"sameAs":["https:\/\/x.com\/Lindemann_law","https:\/\/www.linkedin.com\/company\/lindemannlaw\/"]}]}},"_links":{"self":[{"href":"https:\/\/lindemannlaw.ch\/de\/wp-json\/wp\/v2\/pages\/22596","targetHints":{"allow":["GET"]}}],"collection":[{"href":"https:\/\/lindemannlaw.ch\/de\/wp-json\/wp\/v2\/pages"}],"about":[{"href":"https:\/\/lindemannlaw.ch\/de\/wp-json\/wp\/v2\/types\/page"}],"author":[{"embeddable":true,"href":"https:\/\/lindemannlaw.ch\/de\/wp-json\/wp\/v2\/users\/19"}],"replies":[{"embeddable":true,"href":"https:\/\/lindemannlaw.ch\/de\/wp-json\/wp\/v2\/comments?post=22596"}],"version-history":[{"count":0,"href":"https:\/\/lindemannlaw.ch\/de\/wp-json\/wp\/v2\/pages\/22596\/revisions"}],"wp:featuredmedia":[{"embeddable":true,"href":"https:\/\/lindemannlaw.ch\/de\/wp-json\/wp\/v2\/media\/21684"}],"wp:attachment":[{"href":"https:\/\/lindemannlaw.ch\/de\/wp-json\/wp\/v2\/media?parent=22596"}],"wp:term":[{"taxonomy":"related_contact","embeddable":true,"href":"https:\/\/lindemannlaw.ch\/de\/wp-json\/wp\/v2\/related_contact?post=22596"},{"taxonomy":"expertise","embeddable":true,"href":"https:\/\/lindemannlaw.ch\/de\/wp-json\/wp\/v2\/expertise?post=22596"},{"taxonomy":"webparts","embeddable":true,"href":"https:\/\/lindemannlaw.ch\/de\/wp-json\/wp\/v2\/webparts?post=22596"},{"taxonomy":"page_type","embeddable":true,"href":"https:\/\/lindemannlaw.ch\/de\/wp-json\/wp\/v2\/page_type?post=22596"}],"curies":[{"name":"wp","href":"https:\/\/api.w.org\/{rel}","templated":true}]}}