{"id":22635,"date":"2025-07-03T08:17:41","date_gmt":"2025-07-03T07:17:41","guid":{"rendered":"https:\/\/lindemannlaw.ch\/?page_id=22635"},"modified":"2025-08-21T11:43:06","modified_gmt":"2025-08-21T10:43:06","slug":"umsiedlung-in-den-kanton-genf-migrationsrecht-gesellschaftsrecht-und-steuern","status":"publish","type":"page","link":"https:\/\/lindemannlaw.ch\/de\/umsiedlung-in-den-kanton-genf-migrationsrecht-gesellschaftsrecht-und-steuern\/","title":{"rendered":"Umsiedlung in den Kanton Genf | Migrationsrecht, Gesellschaftsrecht und Steuern"},"content":{"rendered":"<h3><img fetchpriority=\"high\" decoding=\"async\" class=\"wp-image-21647 alignleft\" src=\"https:\/\/lindemannlaw.ch\/wp-content\/uploads\/2025\/07\/genf-flag-237x300.png\" alt=\"\" width=\"200\" height=\"253\" srcset=\"https:\/\/lindemannlaw.ch\/wp-content\/uploads\/2025\/07\/genf-flag-237x300.png 237w, https:\/\/lindemannlaw.ch\/wp-content\/uploads\/2025\/07\/genf-flag.png 474w\" sizes=\"(max-width: 200px) 100vw, 200px\" \/>\u00dcberblick<\/h3>\n<p>Der Kanton Genf liegt an der s\u00fcdwestlichen Spitze der Schweiz und ist ein wichtiger internationaler Knotenpunkt. Mit rund 520.000 Einwohnern (2023) ist die Stadt Genf sowohl kantonale als auch internationale diplomatische Hauptstadt und Sitz zahlreicher globaler Organisationen, darunter die Vereinten Nationen und die Weltgesundheitsorganisation.<\/p>\n<h3>Wirtschaftliche St\u00e4rken und Infrastruktur<\/h3>\n<p>\u2714 <b>BIP<\/b>: Dank seiner globalen Rolle und seiner vielf\u00e4ltigen Wirtschaft ist Genf einer der Kantone mit dem h\u00f6chsten Pro-Kopf-BIP der Schweiz.<br \/>\n\u2714 <b>Wichtigste Wirtschaftszweige<\/b>: Finanzwesen, Rohstoffhandel, Privatbankwesen, Pr\u00e4zisionsuhrmacherei, IKT, Biotechnologie, Cleantech und internationale Dienstleistungen.<br \/>\n\u2714 <b>Bildung und Forschung<\/b>: Universit\u00e4t Genf, Genfer Hochschule f\u00fcr Wirtschaft, zahlreiche internationale Schulen und Forschungsinstitute.<br \/>\n\u2714 <b>Verkehr und Anbindung<\/b>: Der internationale Flughafen Genf verbindet die Stadt mit \u00fcber 140 Zielen; Genf ist ein wichtiger europ\u00e4ischer Eisenbahnknotenpunkt und verf\u00fcgt \u00fcber eine direkte Autobahnanbindung nach Frankreich und dar\u00fcber hinaus.<\/p>\n<h3>Besteuerung<\/h3>\n<p><b>Juristische Personen: <\/b>Juristische Personen unterliegen einer K\u00f6rperschaftsteuer von 14,7% und einer Kapitalsteuer von 0,6% auf das steuerpflichtige Eigenkapital. Die Kapitalsteuer wird mit der K\u00f6rperschaftsteuer verrechnet. Wenn also die K\u00f6rperschaftsteuer h\u00f6her ist als die Kapitalsteuer, entf\u00e4llt letztere. Dividendenertr\u00e4ge und Kapitalgewinne aus qualifizierten Beteiligungen sind aufgrund der Beteiligungsfreistellung von der K\u00f6rperschaftsteuer befreit.<\/p>\n<p><b>Privatpersonen<\/b>: Privatpersonen unterliegen einer progressiven Einkommensteuer mit einem Spitzensteuersatz zwischen 41,5 % (Collonge-Bellerive) und 44,7% (Genf). Private Kapitalgewinne sind steuerfrei und Dividenden aus qualifizierten Beteiligungen werden auf kantonaler und Bundesebene mit einem Freibetrag von 30 % besteuert. Je nach Einkommensstruktur kann der effektive Steuersatz daher deutlich unter dem Spitzensteuersatz liegen. Der Kanton erhebt eine Verm\u00f6genssteuer auf das Nettoverm\u00f6gen von Privatpersonen. Eine Pauschalbesteuerung ist m\u00f6glich.<\/p>\n<h3>Staatliche Unterst\u00fctzung f\u00fcr den Unternehmensstandort<\/h3>\n<p><a href=\"https:\/\/www.ge.ch\/organisation\/departement-economie-emploi-dee\" target=\"_blank\" rel=\"noopener\"><img decoding=\"async\" class=\"wp-image-21848 alignleft\" src=\"https:\/\/lindemannlaw.ch\/wp-content\/uploads\/2025\/07\/geneva-economic-development-office-logo2.png\" alt=\"\" width=\"150\" height=\"116\" \/><\/a><\/p>\n<p>\u2714 <b>Genfer Wirtschaftsf\u00f6rderungsamt (DG DERI)<br \/>\n<\/b>Bietet Investoren und Unternehmen umfassende Unterst\u00fctzung, einschliesslich Hilfe bei Genehmigungen, Standortwahl und Gesch\u00e4ftsvernetzung.<br \/>\n<a href=\"https:\/\/www.ge.ch\/organisation\/departement-economie-emploi-dee\" target=\"_blank\" rel=\"noopener\">Weitere Informationen<\/a><\/p>\n<p>&nbsp;<\/p>\n<p><a href=\"https:\/\/www.ggba-switzerland.ch\/en\/\" target=\"_blank\" rel=\"noopener\"><img decoding=\"async\" class=\"wp-image-21780 alignleft\" src=\"https:\/\/lindemannlaw.ch\/wp-content\/uploads\/2025\/07\/greater-bern-area-logo-300x300.jpg\" alt=\"\" width=\"150\" height=\"66\" \/><\/a><\/p>\n<p>\u2714 <b>Greater Geneva Bern Area (GGBa)<br \/>\n<\/b>Regionale Agentur, die ausl\u00e4ndische Unternehmen bei der Markteintritts, Standortwahl und Kontaktaufnahme in Schl\u00fcsselbranchen unterst\u00fctzt.<br \/>\n<a href=\"https:\/\/www.ggba-switzerland.ch\/en\/\" target=\"_blank\" rel=\"noopener\">Weitere Informationen<\/a><\/p>\n<p><a href=\"https:\/\/www.campusbiotech.ch\/en\" target=\"_blank\" rel=\"noopener\"><img loading=\"lazy\" decoding=\"async\" class=\"alignleft wp-image-21853\" src=\"https:\/\/lindemannlaw.ch\/wp-content\/uploads\/2025\/07\/campus-biotech-logo-300x213.jpg\" alt=\"\" width=\"150\" height=\"106\" srcset=\"https:\/\/lindemannlaw.ch\/wp-content\/uploads\/2025\/07\/campus-biotech-logo-300x213.jpg 300w, https:\/\/lindemannlaw.ch\/wp-content\/uploads\/2025\/07\/campus-biotech-logo.jpg 696w\" sizes=\"(max-width: 150px) 100vw, 150px\" \/><\/a><\/p>\n<p>\u2714 <b>Campus Biotech \/ Innovationszentren<br \/>\n<\/b>Unterst\u00fctzt Start-ups und Unternehmen in den Bereichen Life Sciences, IT und Ingenieurwesen durch Forschungspartnerschaften und Einrichtungen.<br \/>\n<a href=\"https:\/\/www.campusbiotech.ch\/en\" target=\"_blank\" rel=\"noopener\">Weitere Informationen<\/a><\/p>\n<h3><\/h3>\n<h3>Weitere Vorteile<\/h3>\n<p>\u2714 Transparente rechtliche Rahmenbedingungen und vereinfachte Unternehmensgr\u00fcndung.<br \/>\n\u2714 Weltklasse-Infrastruktur, starker Fokus auf Nachhaltigkeit, zuverl\u00e4ssige Energieversorgung und digitale Netzwerke.<br \/>\n\u2714 Hohe Lebensqualit\u00e4t mit kultureller Vielfalt, internationaler Gemeinschaft und Zugang zu internationalen Schulen.<\/p>\n<h3>N\u00fctzliche offizielle Links<\/h3>\n<ul>\n<li><a href=\"https:\/\/www.ge.ch\/organisation\/departement-economie-emploi-dee\" target=\"_blank\" rel=\"noopener\">Genfer Wirtschaftsf\u00f6rderungsamt<\/a><\/li>\n<li><a href=\"https:\/\/www.ggba-switzerland.ch\/en\/\" target=\"_blank\" rel=\"noopener\">Greater Geneva Bern Area (GGBa)<\/a><\/li>\n<li><a style=\"font-size: 16px; background-color: #ffffff;\" href=\"https:\/\/www.campusbiotech.ch\/en\" target=\"_blank\" rel=\"noopener\">Campus Biotech<\/a><\/li>\n<li><a href=\"https:\/\/www.kmu.admin.ch\/kmu\/en\/home\/concrete-know-how\/setting-up-sme\/starting-business.html\" target=\"_blank\" rel=\"noopener\">Unternehmensgr\u00fcndung in der Schweiz (Bundesportal f\u00fcr KMU)<\/a><\/li>\n<\/ul>\n<p>Der Kanton Genf bietet eine unvergleichliche internationale Anbindung, eine dynamische Wirtschaft und ein unterst\u00fctzendes Gesch\u00e4ftsumfeld. <b>LINDEMANNLAW<\/b> bietet Ihnen kompetente Beratung bei Ihrer \u00dcbersiedlung, Unternehmensgr\u00fcndung, Einwanderungsrecht, Steuerstrategie und Einhaltung gesetzlicher Vorschriften in Genf.<\/p>\n","protected":false},"excerpt":{"rendered":"<p>\u00dcberblick Der Kanton Genf liegt an der s\u00fcdwestlichen Spitze der Schweiz und ist ein wichtiger internationaler Knotenpunkt. Mit rund 520.000 Einwohnern (2023) ist die Stadt Genf sowohl kantonale als auch internationale diplomatische Hauptstadt und Sitz zahlreicher globaler Organisationen, darunter die Vereinten Nationen und die Weltgesundheitsorganisation. Wirtschaftliche St\u00e4rken und Infrastruktur \u2714 BIP: Dank seiner globalen Rolle [&hellip;]<\/p>\n","protected":false},"author":19,"featured_media":21654,"parent":0,"menu_order":0,"comment_status":"closed","ping_status":"closed","template":"","meta":{"_acf_changed":false,"site-sidebar-layout":"default","site-content-layout":"","ast-site-content-layout":"default","site-content-style":"default","site-sidebar-style":"default","ast-global-header-display":"","ast-banner-title-visibility":"","ast-main-header-display":"","ast-hfb-above-header-display":"","ast-hfb-below-header-display":"","ast-hfb-mobile-header-display":"","site-post-title":"","ast-breadcrumbs-content":"","ast-featured-img":"","footer-sml-layout":"","ast-disable-related-posts":"","theme-transparent-header-meta":"default","adv-header-id-meta":"","stick-header-meta":"","header-above-stick-meta":"","header-main-stick-meta":"","header-below-stick-meta":"","astra-migrate-meta-layouts":"set","ast-page-background-enabled":"default","ast-page-background-meta":{"desktop":{"background-color":"var(--ast-global-color-4)","background-image":"","background-repeat":"repeat","background-position":"center center","background-size":"auto","background-attachment":"scroll","background-type":"","background-media":"","overlay-type":"","overlay-color":"","overlay-opacity":"","overlay-gradient":""},"tablet":{"background-color":"","background-image":"","background-repeat":"repeat","background-position":"center center","background-size":"auto","background-attachment":"scroll","background-type":"","background-media":"","overlay-type":"","overlay-color":"","overlay-opacity":"","overlay-gradient":""},"mobile":{"background-color":"","background-image":"","background-repeat":"repeat","background-position":"center center","background-size":"auto","background-attachment":"scroll","background-type":"","background-media":"","overlay-type":"","overlay-color":"","overlay-opacity":"","overlay-gradient":""}},"ast-content-background-meta":{"desktop":{"background-color":"var(--ast-global-color-5)","background-image":"","background-repeat":"repeat","background-position":"center center","background-size":"auto","background-attachment":"scroll","background-type":"","background-media":"","overlay-type":"","overlay-color":"","overlay-opacity":"","overlay-gradient":""},"tablet":{"background-color":"var(--ast-global-color-5)","background-image":"","background-repeat":"repeat","background-position":"center center","background-size":"auto","background-attachment":"scroll","background-type":"","background-media":"","overlay-type":"","overlay-color":"","overlay-opacity":"","overlay-gradient":""},"mobile":{"background-color":"var(--ast-global-color-5)","background-image":"","background-repeat":"repeat","background-position":"center center","background-size":"auto","background-attachment":"scroll","background-type":"","background-media":"","overlay-type":"","overlay-color":"","overlay-opacity":"","overlay-gradient":""}},"footnotes":""},"related_contact":[201,438,424],"expertise":[362,190],"webparts":[],"page_type":[],"class_list":["post-22635","page","type-page","status-publish","has-post-thumbnail","hentry"],"acf":[],"yoast_head":"<!-- This site is optimized with the Yoast SEO Premium plugin v27.4 (Yoast SEO v27.4) - https:\/\/yoast.com\/product\/yoast-seo-premium-wordpress\/ -->\n<title>Umsiedlung in den Kanton Genf | Migrationsrecht, Gesellschaftsrecht und Steuern | Lindemann Law<\/title>\n<meta name=\"description\" content=\"Entdecken Sie die Vorteile einer Umsiedlung in den Kanton Genf. Bei LINDEMANNLAW unterst\u00fctzen wir Sie bei der \u00dcbersiedlung, im Migrationsrecht, im Gesellschaftsrecht, bei der Steuer- und Rechtskonformit\u00e4t und sorgen so f\u00fcr Ihren Erfolg in der Schweiz.\" \/>\n<meta name=\"robots\" content=\"index, follow, max-snippet:-1, max-image-preview:large, max-video-preview:-1\" \/>\n<link rel=\"canonical\" href=\"https:\/\/lindemannlaw.ch\/de\/umsiedlung-in-den-kanton-genf-migrationsrecht-gesellschaftsrecht-und-steuern\/\" \/>\n<meta property=\"og:locale\" content=\"de_DE\" \/>\n<meta property=\"og:type\" content=\"article\" \/>\n<meta property=\"og:title\" content=\"Umsiedlung in den Kanton Genf | Migrationsrecht, Gesellschaftsrecht und Steuern\" \/>\n<meta property=\"og:description\" content=\"Entdecken Sie die Vorteile einer Umsiedlung in den Kanton Genf. Bei LINDEMANNLAW unterst\u00fctzen wir Sie bei der \u00dcbersiedlung, im Migrationsrecht, im Gesellschaftsrecht, bei der Steuer- und Rechtskonformit\u00e4t und sorgen so f\u00fcr Ihren Erfolg in der Schweiz.\" \/>\n<meta property=\"og:url\" content=\"https:\/\/lindemannlaw.ch\/de\/umsiedlung-in-den-kanton-genf-migrationsrecht-gesellschaftsrecht-und-steuern\/\" \/>\n<meta property=\"og:site_name\" content=\"Lindemann Law\" \/>\n<meta property=\"article:modified_time\" content=\"2025-08-21T10:43:06+00:00\" \/>\n<meta property=\"og:image\" content=\"https:\/\/lindemannlaw.ch\/wp-content\/uploads\/2025\/07\/genf.webp\" \/>\n\t<meta property=\"og:image:width\" content=\"1920\" \/>\n\t<meta property=\"og:image:height\" content=\"1080\" \/>\n\t<meta property=\"og:image:type\" content=\"image\/webp\" \/>\n<meta name=\"twitter:card\" content=\"summary_large_image\" \/>\n<meta name=\"twitter:site\" content=\"@Lindemann_law\" \/>\n<meta name=\"twitter:label1\" content=\"Gesch\u00e4tzte Lesezeit\" \/>\n\t<meta name=\"twitter:data1\" content=\"3 Minuten\" \/>\n<script type=\"application\/ld+json\" class=\"yoast-schema-graph\">{\"@context\":\"https:\\\/\\\/schema.org\",\"@graph\":[{\"@type\":\"WebPage\",\"@id\":\"https:\\\/\\\/lindemannlaw.ch\\\/de\\\/umsiedlung-in-den-kanton-genf-migrationsrecht-gesellschaftsrecht-und-steuern\\\/\",\"url\":\"https:\\\/\\\/lindemannlaw.ch\\\/de\\\/umsiedlung-in-den-kanton-genf-migrationsrecht-gesellschaftsrecht-und-steuern\\\/\",\"name\":\"Umsiedlung in den Kanton Genf | Migrationsrecht, Gesellschaftsrecht und Steuern | Lindemann Law\",\"isPartOf\":{\"@id\":\"https:\\\/\\\/lindemannlaw.ch\\\/de\\\/#website\"},\"primaryImageOfPage\":{\"@id\":\"https:\\\/\\\/lindemannlaw.ch\\\/de\\\/umsiedlung-in-den-kanton-genf-migrationsrecht-gesellschaftsrecht-und-steuern\\\/#primaryimage\"},\"image\":{\"@id\":\"https:\\\/\\\/lindemannlaw.ch\\\/de\\\/umsiedlung-in-den-kanton-genf-migrationsrecht-gesellschaftsrecht-und-steuern\\\/#primaryimage\"},\"thumbnailUrl\":\"https:\\\/\\\/lindemannlaw.ch\\\/wp-content\\\/uploads\\\/2025\\\/07\\\/genf.webp\",\"datePublished\":\"2025-07-03T07:17:41+00:00\",\"dateModified\":\"2025-08-21T10:43:06+00:00\",\"description\":\"Entdecken Sie die Vorteile einer Umsiedlung in den Kanton Genf. Bei LINDEMANNLAW unterst\u00fctzen wir Sie bei der \u00dcbersiedlung, im Migrationsrecht, im Gesellschaftsrecht, bei der Steuer- und Rechtskonformit\u00e4t und sorgen so f\u00fcr Ihren Erfolg in der Schweiz.\",\"breadcrumb\":{\"@id\":\"https:\\\/\\\/lindemannlaw.ch\\\/de\\\/umsiedlung-in-den-kanton-genf-migrationsrecht-gesellschaftsrecht-und-steuern\\\/#breadcrumb\"},\"inLanguage\":\"de-DE\",\"potentialAction\":[{\"@type\":\"ReadAction\",\"target\":[\"https:\\\/\\\/lindemannlaw.ch\\\/de\\\/umsiedlung-in-den-kanton-genf-migrationsrecht-gesellschaftsrecht-und-steuern\\\/\"]}]},{\"@type\":\"ImageObject\",\"inLanguage\":\"de-DE\",\"@id\":\"https:\\\/\\\/lindemannlaw.ch\\\/de\\\/umsiedlung-in-den-kanton-genf-migrationsrecht-gesellschaftsrecht-und-steuern\\\/#primaryimage\",\"url\":\"https:\\\/\\\/lindemannlaw.ch\\\/wp-content\\\/uploads\\\/2025\\\/07\\\/genf.webp\",\"contentUrl\":\"https:\\\/\\\/lindemannlaw.ch\\\/wp-content\\\/uploads\\\/2025\\\/07\\\/genf.webp\",\"width\":1920,\"height\":1080},{\"@type\":\"BreadcrumbList\",\"@id\":\"https:\\\/\\\/lindemannlaw.ch\\\/de\\\/umsiedlung-in-den-kanton-genf-migrationsrecht-gesellschaftsrecht-und-steuern\\\/#breadcrumb\",\"itemListElement\":[{\"@type\":\"ListItem\",\"position\":1,\"name\":\"Home\",\"item\":\"https:\\\/\\\/lindemannlaw.ch\\\/de\\\/\"},{\"@type\":\"ListItem\",\"position\":2,\"name\":\"Umsiedlung in den Kanton Genf | Migrationsrecht, Gesellschaftsrecht und Steuern\"}]},{\"@type\":\"WebSite\",\"@id\":\"https:\\\/\\\/lindemannlaw.ch\\\/de\\\/#website\",\"url\":\"https:\\\/\\\/lindemannlaw.ch\\\/de\\\/\",\"name\":\"Lindemann Law\",\"description\":\"Asset Management legal services\",\"publisher\":{\"@id\":\"https:\\\/\\\/lindemannlaw.ch\\\/de\\\/#organization\"},\"potentialAction\":[{\"@type\":\"SearchAction\",\"target\":{\"@type\":\"EntryPoint\",\"urlTemplate\":\"https:\\\/\\\/lindemannlaw.ch\\\/de\\\/?s={search_term_string}\"},\"query-input\":{\"@type\":\"PropertyValueSpecification\",\"valueRequired\":true,\"valueName\":\"search_term_string\"}}],\"inLanguage\":\"de-DE\"},{\"@type\":\"Organization\",\"@id\":\"https:\\\/\\\/lindemannlaw.ch\\\/de\\\/#organization\",\"name\":\"Lindemann Law\",\"url\":\"https:\\\/\\\/lindemannlaw.ch\\\/de\\\/\",\"logo\":{\"@type\":\"ImageObject\",\"inLanguage\":\"de-DE\",\"@id\":\"https:\\\/\\\/lindemannlaw.ch\\\/de\\\/#\\\/schema\\\/logo\\\/image\\\/\",\"url\":\"https:\\\/\\\/lindemannlaw.ch\\\/wp-content\\\/uploads\\\/2021\\\/01\\\/logo-lindemannlaw_cropped.png\",\"contentUrl\":\"https:\\\/\\\/lindemannlaw.ch\\\/wp-content\\\/uploads\\\/2021\\\/01\\\/logo-lindemannlaw_cropped.png\",\"width\":150,\"height\":73,\"caption\":\"Lindemann Law\"},\"image\":{\"@id\":\"https:\\\/\\\/lindemannlaw.ch\\\/de\\\/#\\\/schema\\\/logo\\\/image\\\/\"},\"sameAs\":[\"https:\\\/\\\/x.com\\\/Lindemann_law\",\"https:\\\/\\\/www.linkedin.com\\\/company\\\/lindemannlaw\\\/\"]}]}<\/script>\n<!-- \/ Yoast SEO Premium plugin. -->","yoast_head_json":{"title":"Umsiedlung in den Kanton Genf | Migrationsrecht, Gesellschaftsrecht und Steuern | Lindemann Law","description":"Entdecken Sie die Vorteile einer Umsiedlung in den Kanton Genf. Bei LINDEMANNLAW unterst\u00fctzen wir Sie bei der \u00dcbersiedlung, im Migrationsrecht, im Gesellschaftsrecht, bei der Steuer- und Rechtskonformit\u00e4t und sorgen so f\u00fcr Ihren Erfolg in der Schweiz.","robots":{"index":"index","follow":"follow","max-snippet":"max-snippet:-1","max-image-preview":"max-image-preview:large","max-video-preview":"max-video-preview:-1"},"canonical":"https:\/\/lindemannlaw.ch\/de\/umsiedlung-in-den-kanton-genf-migrationsrecht-gesellschaftsrecht-und-steuern\/","og_locale":"de_DE","og_type":"article","og_title":"Umsiedlung in den Kanton Genf | Migrationsrecht, Gesellschaftsrecht und Steuern","og_description":"Entdecken Sie die Vorteile einer Umsiedlung in den Kanton Genf. Bei LINDEMANNLAW unterst\u00fctzen wir Sie bei der \u00dcbersiedlung, im Migrationsrecht, im Gesellschaftsrecht, bei der Steuer- und Rechtskonformit\u00e4t und sorgen so f\u00fcr Ihren Erfolg in der Schweiz.","og_url":"https:\/\/lindemannlaw.ch\/de\/umsiedlung-in-den-kanton-genf-migrationsrecht-gesellschaftsrecht-und-steuern\/","og_site_name":"Lindemann Law","article_modified_time":"2025-08-21T10:43:06+00:00","og_image":[{"width":1920,"height":1080,"url":"https:\/\/lindemannlaw.ch\/wp-content\/uploads\/2025\/07\/genf.webp","type":"image\/webp"}],"twitter_card":"summary_large_image","twitter_site":"@Lindemann_law","twitter_misc":{"Gesch\u00e4tzte Lesezeit":"3 Minuten"},"schema":{"@context":"https:\/\/schema.org","@graph":[{"@type":"WebPage","@id":"https:\/\/lindemannlaw.ch\/de\/umsiedlung-in-den-kanton-genf-migrationsrecht-gesellschaftsrecht-und-steuern\/","url":"https:\/\/lindemannlaw.ch\/de\/umsiedlung-in-den-kanton-genf-migrationsrecht-gesellschaftsrecht-und-steuern\/","name":"Umsiedlung in den Kanton Genf | Migrationsrecht, Gesellschaftsrecht und Steuern | Lindemann Law","isPartOf":{"@id":"https:\/\/lindemannlaw.ch\/de\/#website"},"primaryImageOfPage":{"@id":"https:\/\/lindemannlaw.ch\/de\/umsiedlung-in-den-kanton-genf-migrationsrecht-gesellschaftsrecht-und-steuern\/#primaryimage"},"image":{"@id":"https:\/\/lindemannlaw.ch\/de\/umsiedlung-in-den-kanton-genf-migrationsrecht-gesellschaftsrecht-und-steuern\/#primaryimage"},"thumbnailUrl":"https:\/\/lindemannlaw.ch\/wp-content\/uploads\/2025\/07\/genf.webp","datePublished":"2025-07-03T07:17:41+00:00","dateModified":"2025-08-21T10:43:06+00:00","description":"Entdecken Sie die Vorteile einer Umsiedlung in den Kanton Genf. Bei LINDEMANNLAW unterst\u00fctzen wir Sie bei der \u00dcbersiedlung, im Migrationsrecht, im Gesellschaftsrecht, bei der Steuer- und Rechtskonformit\u00e4t und sorgen so f\u00fcr Ihren Erfolg in der Schweiz.","breadcrumb":{"@id":"https:\/\/lindemannlaw.ch\/de\/umsiedlung-in-den-kanton-genf-migrationsrecht-gesellschaftsrecht-und-steuern\/#breadcrumb"},"inLanguage":"de-DE","potentialAction":[{"@type":"ReadAction","target":["https:\/\/lindemannlaw.ch\/de\/umsiedlung-in-den-kanton-genf-migrationsrecht-gesellschaftsrecht-und-steuern\/"]}]},{"@type":"ImageObject","inLanguage":"de-DE","@id":"https:\/\/lindemannlaw.ch\/de\/umsiedlung-in-den-kanton-genf-migrationsrecht-gesellschaftsrecht-und-steuern\/#primaryimage","url":"https:\/\/lindemannlaw.ch\/wp-content\/uploads\/2025\/07\/genf.webp","contentUrl":"https:\/\/lindemannlaw.ch\/wp-content\/uploads\/2025\/07\/genf.webp","width":1920,"height":1080},{"@type":"BreadcrumbList","@id":"https:\/\/lindemannlaw.ch\/de\/umsiedlung-in-den-kanton-genf-migrationsrecht-gesellschaftsrecht-und-steuern\/#breadcrumb","itemListElement":[{"@type":"ListItem","position":1,"name":"Home","item":"https:\/\/lindemannlaw.ch\/de\/"},{"@type":"ListItem","position":2,"name":"Umsiedlung in den Kanton Genf | Migrationsrecht, Gesellschaftsrecht und Steuern"}]},{"@type":"WebSite","@id":"https:\/\/lindemannlaw.ch\/de\/#website","url":"https:\/\/lindemannlaw.ch\/de\/","name":"Lindemann Law","description":"Asset Management legal services","publisher":{"@id":"https:\/\/lindemannlaw.ch\/de\/#organization"},"potentialAction":[{"@type":"SearchAction","target":{"@type":"EntryPoint","urlTemplate":"https:\/\/lindemannlaw.ch\/de\/?s={search_term_string}"},"query-input":{"@type":"PropertyValueSpecification","valueRequired":true,"valueName":"search_term_string"}}],"inLanguage":"de-DE"},{"@type":"Organization","@id":"https:\/\/lindemannlaw.ch\/de\/#organization","name":"Lindemann Law","url":"https:\/\/lindemannlaw.ch\/de\/","logo":{"@type":"ImageObject","inLanguage":"de-DE","@id":"https:\/\/lindemannlaw.ch\/de\/#\/schema\/logo\/image\/","url":"https:\/\/lindemannlaw.ch\/wp-content\/uploads\/2021\/01\/logo-lindemannlaw_cropped.png","contentUrl":"https:\/\/lindemannlaw.ch\/wp-content\/uploads\/2021\/01\/logo-lindemannlaw_cropped.png","width":150,"height":73,"caption":"Lindemann Law"},"image":{"@id":"https:\/\/lindemannlaw.ch\/de\/#\/schema\/logo\/image\/"},"sameAs":["https:\/\/x.com\/Lindemann_law","https:\/\/www.linkedin.com\/company\/lindemannlaw\/"]}]}},"_links":{"self":[{"href":"https:\/\/lindemannlaw.ch\/de\/wp-json\/wp\/v2\/pages\/22635","targetHints":{"allow":["GET"]}}],"collection":[{"href":"https:\/\/lindemannlaw.ch\/de\/wp-json\/wp\/v2\/pages"}],"about":[{"href":"https:\/\/lindemannlaw.ch\/de\/wp-json\/wp\/v2\/types\/page"}],"author":[{"embeddable":true,"href":"https:\/\/lindemannlaw.ch\/de\/wp-json\/wp\/v2\/users\/19"}],"replies":[{"embeddable":true,"href":"https:\/\/lindemannlaw.ch\/de\/wp-json\/wp\/v2\/comments?post=22635"}],"version-history":[{"count":0,"href":"https:\/\/lindemannlaw.ch\/de\/wp-json\/wp\/v2\/pages\/22635\/revisions"}],"wp:featuredmedia":[{"embeddable":true,"href":"https:\/\/lindemannlaw.ch\/de\/wp-json\/wp\/v2\/media\/21654"}],"wp:attachment":[{"href":"https:\/\/lindemannlaw.ch\/de\/wp-json\/wp\/v2\/media?parent=22635"}],"wp:term":[{"taxonomy":"related_contact","embeddable":true,"href":"https:\/\/lindemannlaw.ch\/de\/wp-json\/wp\/v2\/related_contact?post=22635"},{"taxonomy":"expertise","embeddable":true,"href":"https:\/\/lindemannlaw.ch\/de\/wp-json\/wp\/v2\/expertise?post=22635"},{"taxonomy":"webparts","embeddable":true,"href":"https:\/\/lindemannlaw.ch\/de\/wp-json\/wp\/v2\/webparts?post=22635"},{"taxonomy":"page_type","embeddable":true,"href":"https:\/\/lindemannlaw.ch\/de\/wp-json\/wp\/v2\/page_type?post=22635"}],"curies":[{"name":"wp","href":"https:\/\/api.w.org\/{rel}","templated":true}]}}