{"id":22828,"date":"2025-07-16T16:08:28","date_gmt":"2025-07-16T15:08:28","guid":{"rendered":"https:\/\/lindemannlaw.ch\/umsiedlung-in-den-kanton-nidwalden-migrationsrecht-gesellschaftsrecht-und-steuern\/"},"modified":"2025-09-05T08:20:55","modified_gmt":"2025-09-05T07:20:55","slug":"umsiedlung-in-den-kanton-nidwalden-migrationsrecht-gesellschaftsrecht-und-steuern","status":"publish","type":"page","link":"https:\/\/lindemannlaw.ch\/de\/umsiedlung-in-den-kanton-nidwalden-migrationsrecht-gesellschaftsrecht-und-steuern\/","title":{"rendered":"Umsiedlung in den Kanton Nidwalden | Migrationsrecht, Gesellschaftsrecht und Steuerrecht&#8220;"},"content":{"rendered":"<h3><img fetchpriority=\"high\" decoding=\"async\" class=\"wp-image-22291 alignleft\" src=\"https:\/\/lindemannlaw.ch\/wp-content\/uploads\/2025\/07\/nidwalden-logo-237x300.png\" alt=\"\" width=\"200\" height=\"253\" srcset=\"https:\/\/lindemannlaw.ch\/wp-content\/uploads\/2025\/07\/nidwalden-logo-237x300.png 237w, https:\/\/lindemannlaw.ch\/wp-content\/uploads\/2025\/07\/nidwalden-logo.png 474w\" sizes=\"(max-width: 200px) 100vw, 200px\" \/>\u00dcbersicht<\/h3>\n<p>Der Kanton Nidwalden liegt in der Zentralschweiz am Ufer des Vierwaldst\u00e4ttersees. Mit rund 44&#8217;000 Einwohnern (2023) ist Stans die Hauptstadt. Nidwalden vereint eine atemberaubende Alpenlandschaft mit einem international wettbewerbsf\u00e4higen Wirtschaftsstandort. Der Kanton ist bekannt f\u00fcr sehr tiefe Unternehmens- und Einkommenssteuers\u00e4tze und zieht dadurch Holding- und Handelsgesellschaften aus aller Welt an.<\/p>\n<h3>Wirtschaftliche St\u00e4rken &amp; Infrastruktur<\/h3>\n<p>\u2714 <strong>BIP: <\/strong>Einer der Kantone mit dem h\u00f6chsten BIP pro Kopf, mit Schwerpunkt auf internationalem Gesch\u00e4ft und fortschrittlicher Industrieproduktion.<br \/>\n<strong>\u2714 Schl\u00fcsselindustrien:<\/strong> Luft- und Raumfahrt (z. B. Pilatus Aircraft), Hightech-Industrie, Finanzwesen, Logistik, Immobilien sowie Holding- und Handelsgesellschaften.<br \/>\n<strong>\u2714 Bildung &amp; Forschung:<\/strong> Starkes Berufsbildungssystem, N\u00e4he zu den Luzerner Hochschulen sowie Zugang zu Forschungs- und Innovationszentren.<br \/>\n<strong>\u2714 Verkehr &amp; Anbindung:<\/strong> Zentrale Autobahnanbindungen, Zugang zum Flughafen Z\u00fcrich in ca. 1 Stunde sowie ein sehr zuverl\u00e4ssiges \u00f6ffentliches Verkehrsnetz.<\/p>\n<h3>Besteuerung<\/h3>\n<p><strong>Juristische Personen:<\/strong> Juristische Personen unterliegen einer Gewinnsteuer von 12 % (Stans) sowie einer Kapitalsteuer von 0,01 % auf dem steuerbaren Eigenkapital. Dividendenertr\u00e4ge und Kapitalgewinne aus qualifizierenden Beteiligungen sind aufgrund der Beteiligungsbefreiung von der Gewinnsteuer befreit.<\/p>\n<p><strong>Privatpersonen:<\/strong> Nat\u00fcrliche Personen unterliegen einer progressiven Einkommenssteuer mit Spitzensteuers\u00e4tzen zwischen 22,9 % (Hergiswil) und 25,7 % (Wolfenschiessen). Private Kapitalgewinne sind steuerfrei, und Dividenden aus qualifizierenden Beteiligungen werden mit einem Rabatt von 50 % auf kantonaler Ebene und 30 % auf Bundesebene besteuert. Je nach Einkommensstruktur kann die effektive Steuerbelastung daher erheblich sein. Der Kanton erhebt zudem eine Verm\u00f6genssteuer auf das Reinverm\u00f6gen. Eine Pauschalbesteuerung ist m\u00f6glich.<\/p>\n<h3>Staatliche Unterst\u00fctzung f\u00fcr Unternehmensansiedlungen<\/h3>\n<table style=\"border-collapse: collapse; width: 100%; height: 125px;\">\n<tbody>\n<tr style=\"height: 73px;\">\n<td style=\"width: 17.4335%; height: 73px;\"><a href=\"https:\/\/www.economicdevelopment-nw.ch\/en\/\"><img decoding=\"async\" class=\"alignnone wp-image-22286\" src=\"https:\/\/lindemannlaw.ch\/wp-content\/uploads\/2025\/07\/nidwalden-economic-development-logo-300x77.jpg\" alt=\"\" width=\"200\" height=\"51\" srcset=\"https:\/\/lindemannlaw.ch\/wp-content\/uploads\/2025\/07\/nidwalden-economic-development-logo-300x77.jpg 300w, https:\/\/lindemannlaw.ch\/wp-content\/uploads\/2025\/07\/nidwalden-economic-development-logo.jpg 474w\" sizes=\"(max-width: 200px) 100vw, 200px\" \/><\/a><\/td>\n<td style=\"width: 82.5665%; height: 73px;\"><strong>\u2714 Amt f\u00fcr Wirtschaftsf\u00f6rderung Nidwalden<\/strong><br \/>\nBietet Investoren und Unternehmen vertrauliche Unterst\u00fctzung, unter anderem bei der Steuerplanung, Aufenthaltsbewilligungen und der Standortsuche.<br \/>\n<a href=\"https:\/\/www.economicdevelopment-nw.ch\/en\/\" target=\"_blank\" rel=\"noopener\">Mehr erfahren<\/a><\/td>\n<\/tr>\n<tr style=\"height: 52px;\">\n<td style=\"width: 17.4335%; height: 52px;\"><\/td>\n<td style=\"width: 82.5665%; height: 52px;\"><strong>\u2714 Innovationscluster Stans (\u00fcber Pilatus &amp; KMU)<\/strong><br \/>\nDie Region unterst\u00fctzt die Luft- und Raumfahrt, Mobilit\u00e4t sowie industrielle Zulieferer durch lokale Branchennetzwerke.<\/td>\n<\/tr>\n<\/tbody>\n<\/table>\n<h3>Weitere Vorteile<\/h3>\n<p>\u2714 \u00c4usserst attraktives Steuersystem \u2014 mit den niedrigsten effektiven Steuers\u00e4tzen f\u00fcr Unternehmen und Privatpersonen in der Schweiz.<br \/>\n\u2714 Schnellverfahren f\u00fcr Firmengr\u00fcndungen und Unterst\u00fctzung bei regulatorischen Fragen.<br \/>\n\u2714 Hohe Lebensqualit\u00e4t: Alpenlandschaft, Seezugang und ruhige Wohngebiete.<\/p>\n<h3>N\u00fctzliche offizielle Links<\/h3>\n<ul>\n<li><a href=\"https:\/\/www.economicdevelopment-nw.ch\/en\/\" target=\"_blank\" rel=\"noopener\">Wirtschaftsf\u00f6rderung Nidwalden (offiziell)<\/a><\/li>\n<li><a href=\"https:\/\/www.nw.ch\/entaxesnw\" target=\"_blank\" rel=\"noopener\">Steuervorteile in Nidwalden &#8211; Kantonsportal<\/a><\/li>\n<li><a href=\"https:\/\/immobilien.nw.ch\/\" target=\"_blank\" rel=\"noopener\">Gewerbeimmobilien in Nidwalden<\/a><\/li>\n<li><a href=\"https:\/\/www.zentralbahn.ch\/en\" target=\"_blank\" rel=\"noopener\">Zentralbahn (Regionalbahn nach Luzern)<\/a><\/li>\n<li><a href=\"https:\/\/www.kmu.admin.ch\/kmu\/en\/home\/concrete-know-how\/setting-up-sme\/starting-business.html\" target=\"_blank\" rel=\"noopener\">Unternehmensgr\u00fcndung in der Schweiz (KMU-Portal des Bundes)<\/a><\/li>\n<\/ul>\n<p>Nidwalden ist eine erstklassige Wahl f\u00fcr internationale Unternehmen, Holdinggesellschaften und F\u00fchrungskr\u00e4fte, die steuerliche Effizienz, landschaftliche Sch\u00f6nheit und wirtschaftliche Verl\u00e4sslichkeit suchen. <strong>LINDEMANNLAW<\/strong> ber\u00e4t in allen rechtlichen, steuerlichen und aufenthaltsrechtlichen Belangen \u2013 individuell zugeschnitten auf Unternehmens- und Privatkunden in Nidwalden.<\/p>\n","protected":false},"excerpt":{"rendered":"<p>\u00dcbersicht Der Kanton Nidwalden liegt in der Zentralschweiz am Ufer des Vierwaldst\u00e4ttersees. Mit rund 44&#8217;000 Einwohnern (2023) ist Stans die Hauptstadt. Nidwalden vereint eine atemberaubende Alpenlandschaft mit einem international wettbewerbsf\u00e4higen Wirtschaftsstandort. Der Kanton ist bekannt f\u00fcr sehr tiefe Unternehmens- und Einkommenssteuers\u00e4tze und zieht dadurch Holding- und Handelsgesellschaften aus aller Welt an. Wirtschaftliche St\u00e4rken &amp; Infrastruktur [&hellip;]<\/p>\n","protected":false},"author":19,"featured_media":22298,"parent":0,"menu_order":0,"comment_status":"closed","ping_status":"closed","template":"","meta":{"_acf_changed":false,"site-sidebar-layout":"default","site-content-layout":"","ast-site-content-layout":"default","site-content-style":"default","site-sidebar-style":"default","ast-global-header-display":"","ast-banner-title-visibility":"","ast-main-header-display":"","ast-hfb-above-header-display":"","ast-hfb-below-header-display":"","ast-hfb-mobile-header-display":"","site-post-title":"","ast-breadcrumbs-content":"","ast-featured-img":"","footer-sml-layout":"","ast-disable-related-posts":"","theme-transparent-header-meta":"default","adv-header-id-meta":"","stick-header-meta":"","header-above-stick-meta":"","header-main-stick-meta":"","header-below-stick-meta":"","astra-migrate-meta-layouts":"set","ast-page-background-enabled":"default","ast-page-background-meta":{"desktop":{"background-color":"var(--ast-global-color-4)","background-image":"","background-repeat":"repeat","background-position":"center center","background-size":"auto","background-attachment":"scroll","background-type":"","background-media":"","overlay-type":"","overlay-color":"","overlay-opacity":"","overlay-gradient":""},"tablet":{"background-color":"","background-image":"","background-repeat":"repeat","background-position":"center center","background-size":"auto","background-attachment":"scroll","background-type":"","background-media":"","overlay-type":"","overlay-color":"","overlay-opacity":"","overlay-gradient":""},"mobile":{"background-color":"","background-image":"","background-repeat":"repeat","background-position":"center center","background-size":"auto","background-attachment":"scroll","background-type":"","background-media":"","overlay-type":"","overlay-color":"","overlay-opacity":"","overlay-gradient":""}},"ast-content-background-meta":{"desktop":{"background-color":"var(--ast-global-color-5)","background-image":"","background-repeat":"repeat","background-position":"center center","background-size":"auto","background-attachment":"scroll","background-type":"","background-media":"","overlay-type":"","overlay-color":"","overlay-opacity":"","overlay-gradient":""},"tablet":{"background-color":"var(--ast-global-color-5)","background-image":"","background-repeat":"repeat","background-position":"center center","background-size":"auto","background-attachment":"scroll","background-type":"","background-media":"","overlay-type":"","overlay-color":"","overlay-opacity":"","overlay-gradient":""},"mobile":{"background-color":"var(--ast-global-color-5)","background-image":"","background-repeat":"repeat","background-position":"center center","background-size":"auto","background-attachment":"scroll","background-type":"","background-media":"","overlay-type":"","overlay-color":"","overlay-opacity":"","overlay-gradient":""}},"footnotes":""},"related_contact":[201,438],"expertise":[362,190],"webparts":[],"page_type":[],"class_list":["post-22828","page","type-page","status-publish","has-post-thumbnail","hentry"],"acf":[],"yoast_head":"<!-- This site is optimized with the Yoast SEO Premium plugin v27.3 (Yoast SEO v27.3) - https:\/\/yoast.com\/product\/yoast-seo-premium-wordpress\/ -->\n<title>Umsiedlung in den Kanton Nidwalden | Migrationsrecht, Gesellschaftsrecht und Steuerrecht&quot; | Lindemann Law<\/title>\n<meta name=\"description\" content=\"Entdecken Sie die Vorteile eines Umzugs in den Kanton Nidwalden. LINDEMANNLAW ber\u00e4t Privatpersonen, Familien und Unternehmer in Fragen des Migrationsrechts, Gesellschaftsrechts und Steuerrechts in der Schweiz.\" \/>\n<meta name=\"robots\" content=\"index, follow, max-snippet:-1, max-image-preview:large, max-video-preview:-1\" \/>\n<link rel=\"canonical\" href=\"https:\/\/lindemannlaw.ch\/de\/umsiedlung-in-den-kanton-nidwalden-migrationsrecht-gesellschaftsrecht-und-steuern\/\" \/>\n<meta property=\"og:locale\" content=\"de_DE\" \/>\n<meta property=\"og:type\" content=\"article\" \/>\n<meta property=\"og:title\" content=\"Umsiedlung in den Kanton Nidwalden | Migrationsrecht, Gesellschaftsrecht und Steuerrecht&quot;\" \/>\n<meta property=\"og:description\" content=\"Entdecken Sie die Vorteile eines Umzugs in den Kanton Nidwalden. LINDEMANNLAW ber\u00e4t Privatpersonen, Familien und Unternehmer in Fragen des Migrationsrechts, Gesellschaftsrechts und Steuerrechts in der Schweiz.\" \/>\n<meta property=\"og:url\" content=\"https:\/\/lindemannlaw.ch\/de\/umsiedlung-in-den-kanton-nidwalden-migrationsrecht-gesellschaftsrecht-und-steuern\/\" \/>\n<meta property=\"og:site_name\" content=\"Lindemann Law\" \/>\n<meta property=\"article:modified_time\" content=\"2025-09-05T07:20:55+00:00\" \/>\n<meta property=\"og:image\" content=\"https:\/\/lindemannlaw.ch\/wp-content\/uploads\/2025\/07\/nidwalden.webp\" \/>\n\t<meta property=\"og:image:width\" content=\"1920\" \/>\n\t<meta property=\"og:image:height\" content=\"1080\" \/>\n\t<meta property=\"og:image:type\" content=\"image\/webp\" \/>\n<meta name=\"twitter:card\" content=\"summary_large_image\" \/>\n<meta name=\"twitter:site\" content=\"@Lindemann_law\" \/>\n<meta name=\"twitter:label1\" content=\"Gesch\u00e4tzte Lesezeit\" \/>\n\t<meta name=\"twitter:data1\" content=\"3 Minuten\" \/>\n<script type=\"application\/ld+json\" class=\"yoast-schema-graph\">{\"@context\":\"https:\\\/\\\/schema.org\",\"@graph\":[{\"@type\":\"WebPage\",\"@id\":\"https:\\\/\\\/lindemannlaw.ch\\\/de\\\/umsiedlung-in-den-kanton-nidwalden-migrationsrecht-gesellschaftsrecht-und-steuern\\\/\",\"url\":\"https:\\\/\\\/lindemannlaw.ch\\\/de\\\/umsiedlung-in-den-kanton-nidwalden-migrationsrecht-gesellschaftsrecht-und-steuern\\\/\",\"name\":\"Umsiedlung in den Kanton Nidwalden | Migrationsrecht, Gesellschaftsrecht und Steuerrecht\\\" | Lindemann Law\",\"isPartOf\":{\"@id\":\"https:\\\/\\\/lindemannlaw.ch\\\/de\\\/#website\"},\"primaryImageOfPage\":{\"@id\":\"https:\\\/\\\/lindemannlaw.ch\\\/de\\\/umsiedlung-in-den-kanton-nidwalden-migrationsrecht-gesellschaftsrecht-und-steuern\\\/#primaryimage\"},\"image\":{\"@id\":\"https:\\\/\\\/lindemannlaw.ch\\\/de\\\/umsiedlung-in-den-kanton-nidwalden-migrationsrecht-gesellschaftsrecht-und-steuern\\\/#primaryimage\"},\"thumbnailUrl\":\"https:\\\/\\\/lindemannlaw.ch\\\/wp-content\\\/uploads\\\/2025\\\/07\\\/nidwalden.webp\",\"datePublished\":\"2025-07-16T15:08:28+00:00\",\"dateModified\":\"2025-09-05T07:20:55+00:00\",\"description\":\"Entdecken Sie die Vorteile eines Umzugs in den Kanton Nidwalden. LINDEMANNLAW ber\u00e4t Privatpersonen, Familien und Unternehmer in Fragen des Migrationsrechts, Gesellschaftsrechts und Steuerrechts in der Schweiz.\",\"breadcrumb\":{\"@id\":\"https:\\\/\\\/lindemannlaw.ch\\\/de\\\/umsiedlung-in-den-kanton-nidwalden-migrationsrecht-gesellschaftsrecht-und-steuern\\\/#breadcrumb\"},\"inLanguage\":\"de-DE\",\"potentialAction\":[{\"@type\":\"ReadAction\",\"target\":[\"https:\\\/\\\/lindemannlaw.ch\\\/de\\\/umsiedlung-in-den-kanton-nidwalden-migrationsrecht-gesellschaftsrecht-und-steuern\\\/\"]}]},{\"@type\":\"ImageObject\",\"inLanguage\":\"de-DE\",\"@id\":\"https:\\\/\\\/lindemannlaw.ch\\\/de\\\/umsiedlung-in-den-kanton-nidwalden-migrationsrecht-gesellschaftsrecht-und-steuern\\\/#primaryimage\",\"url\":\"https:\\\/\\\/lindemannlaw.ch\\\/wp-content\\\/uploads\\\/2025\\\/07\\\/nidwalden.webp\",\"contentUrl\":\"https:\\\/\\\/lindemannlaw.ch\\\/wp-content\\\/uploads\\\/2025\\\/07\\\/nidwalden.webp\",\"width\":1920,\"height\":1080},{\"@type\":\"BreadcrumbList\",\"@id\":\"https:\\\/\\\/lindemannlaw.ch\\\/de\\\/umsiedlung-in-den-kanton-nidwalden-migrationsrecht-gesellschaftsrecht-und-steuern\\\/#breadcrumb\",\"itemListElement\":[{\"@type\":\"ListItem\",\"position\":1,\"name\":\"Home\",\"item\":\"https:\\\/\\\/lindemannlaw.ch\\\/de\\\/\"},{\"@type\":\"ListItem\",\"position\":2,\"name\":\"Umsiedlung in den Kanton Nidwalden | Migrationsrecht, Gesellschaftsrecht und Steuerrecht&#8221;\"}]},{\"@type\":\"WebSite\",\"@id\":\"https:\\\/\\\/lindemannlaw.ch\\\/de\\\/#website\",\"url\":\"https:\\\/\\\/lindemannlaw.ch\\\/de\\\/\",\"name\":\"Lindemann Law\",\"description\":\"Asset Management legal services\",\"publisher\":{\"@id\":\"https:\\\/\\\/lindemannlaw.ch\\\/de\\\/#organization\"},\"potentialAction\":[{\"@type\":\"SearchAction\",\"target\":{\"@type\":\"EntryPoint\",\"urlTemplate\":\"https:\\\/\\\/lindemannlaw.ch\\\/de\\\/?s={search_term_string}\"},\"query-input\":{\"@type\":\"PropertyValueSpecification\",\"valueRequired\":true,\"valueName\":\"search_term_string\"}}],\"inLanguage\":\"de-DE\"},{\"@type\":\"Organization\",\"@id\":\"https:\\\/\\\/lindemannlaw.ch\\\/de\\\/#organization\",\"name\":\"Lindemann Law\",\"url\":\"https:\\\/\\\/lindemannlaw.ch\\\/de\\\/\",\"logo\":{\"@type\":\"ImageObject\",\"inLanguage\":\"de-DE\",\"@id\":\"https:\\\/\\\/lindemannlaw.ch\\\/de\\\/#\\\/schema\\\/logo\\\/image\\\/\",\"url\":\"https:\\\/\\\/lindemannlaw.ch\\\/wp-content\\\/uploads\\\/2021\\\/01\\\/logo-lindemannlaw_cropped.png\",\"contentUrl\":\"https:\\\/\\\/lindemannlaw.ch\\\/wp-content\\\/uploads\\\/2021\\\/01\\\/logo-lindemannlaw_cropped.png\",\"width\":150,\"height\":73,\"caption\":\"Lindemann Law\"},\"image\":{\"@id\":\"https:\\\/\\\/lindemannlaw.ch\\\/de\\\/#\\\/schema\\\/logo\\\/image\\\/\"},\"sameAs\":[\"https:\\\/\\\/x.com\\\/Lindemann_law\",\"https:\\\/\\\/www.linkedin.com\\\/company\\\/lindemannlaw\\\/\"]}]}<\/script>\n<!-- \/ Yoast SEO Premium plugin. -->","yoast_head_json":{"title":"Umsiedlung in den Kanton Nidwalden | Migrationsrecht, Gesellschaftsrecht und Steuerrecht\" | Lindemann Law","description":"Entdecken Sie die Vorteile eines Umzugs in den Kanton Nidwalden. LINDEMANNLAW ber\u00e4t Privatpersonen, Familien und Unternehmer in Fragen des Migrationsrechts, Gesellschaftsrechts und Steuerrechts in der Schweiz.","robots":{"index":"index","follow":"follow","max-snippet":"max-snippet:-1","max-image-preview":"max-image-preview:large","max-video-preview":"max-video-preview:-1"},"canonical":"https:\/\/lindemannlaw.ch\/de\/umsiedlung-in-den-kanton-nidwalden-migrationsrecht-gesellschaftsrecht-und-steuern\/","og_locale":"de_DE","og_type":"article","og_title":"Umsiedlung in den Kanton Nidwalden | Migrationsrecht, Gesellschaftsrecht und Steuerrecht\"","og_description":"Entdecken Sie die Vorteile eines Umzugs in den Kanton Nidwalden. LINDEMANNLAW ber\u00e4t Privatpersonen, Familien und Unternehmer in Fragen des Migrationsrechts, Gesellschaftsrechts und Steuerrechts in der Schweiz.","og_url":"https:\/\/lindemannlaw.ch\/de\/umsiedlung-in-den-kanton-nidwalden-migrationsrecht-gesellschaftsrecht-und-steuern\/","og_site_name":"Lindemann Law","article_modified_time":"2025-09-05T07:20:55+00:00","og_image":[{"width":1920,"height":1080,"url":"https:\/\/lindemannlaw.ch\/wp-content\/uploads\/2025\/07\/nidwalden.webp","type":"image\/webp"}],"twitter_card":"summary_large_image","twitter_site":"@Lindemann_law","twitter_misc":{"Gesch\u00e4tzte Lesezeit":"3 Minuten"},"schema":{"@context":"https:\/\/schema.org","@graph":[{"@type":"WebPage","@id":"https:\/\/lindemannlaw.ch\/de\/umsiedlung-in-den-kanton-nidwalden-migrationsrecht-gesellschaftsrecht-und-steuern\/","url":"https:\/\/lindemannlaw.ch\/de\/umsiedlung-in-den-kanton-nidwalden-migrationsrecht-gesellschaftsrecht-und-steuern\/","name":"Umsiedlung in den Kanton Nidwalden | Migrationsrecht, Gesellschaftsrecht und Steuerrecht\" | Lindemann Law","isPartOf":{"@id":"https:\/\/lindemannlaw.ch\/de\/#website"},"primaryImageOfPage":{"@id":"https:\/\/lindemannlaw.ch\/de\/umsiedlung-in-den-kanton-nidwalden-migrationsrecht-gesellschaftsrecht-und-steuern\/#primaryimage"},"image":{"@id":"https:\/\/lindemannlaw.ch\/de\/umsiedlung-in-den-kanton-nidwalden-migrationsrecht-gesellschaftsrecht-und-steuern\/#primaryimage"},"thumbnailUrl":"https:\/\/lindemannlaw.ch\/wp-content\/uploads\/2025\/07\/nidwalden.webp","datePublished":"2025-07-16T15:08:28+00:00","dateModified":"2025-09-05T07:20:55+00:00","description":"Entdecken Sie die Vorteile eines Umzugs in den Kanton Nidwalden. LINDEMANNLAW ber\u00e4t Privatpersonen, Familien und Unternehmer in Fragen des Migrationsrechts, Gesellschaftsrechts und Steuerrechts in der Schweiz.","breadcrumb":{"@id":"https:\/\/lindemannlaw.ch\/de\/umsiedlung-in-den-kanton-nidwalden-migrationsrecht-gesellschaftsrecht-und-steuern\/#breadcrumb"},"inLanguage":"de-DE","potentialAction":[{"@type":"ReadAction","target":["https:\/\/lindemannlaw.ch\/de\/umsiedlung-in-den-kanton-nidwalden-migrationsrecht-gesellschaftsrecht-und-steuern\/"]}]},{"@type":"ImageObject","inLanguage":"de-DE","@id":"https:\/\/lindemannlaw.ch\/de\/umsiedlung-in-den-kanton-nidwalden-migrationsrecht-gesellschaftsrecht-und-steuern\/#primaryimage","url":"https:\/\/lindemannlaw.ch\/wp-content\/uploads\/2025\/07\/nidwalden.webp","contentUrl":"https:\/\/lindemannlaw.ch\/wp-content\/uploads\/2025\/07\/nidwalden.webp","width":1920,"height":1080},{"@type":"BreadcrumbList","@id":"https:\/\/lindemannlaw.ch\/de\/umsiedlung-in-den-kanton-nidwalden-migrationsrecht-gesellschaftsrecht-und-steuern\/#breadcrumb","itemListElement":[{"@type":"ListItem","position":1,"name":"Home","item":"https:\/\/lindemannlaw.ch\/de\/"},{"@type":"ListItem","position":2,"name":"Umsiedlung in den Kanton Nidwalden | Migrationsrecht, Gesellschaftsrecht und Steuerrecht&#8221;"}]},{"@type":"WebSite","@id":"https:\/\/lindemannlaw.ch\/de\/#website","url":"https:\/\/lindemannlaw.ch\/de\/","name":"Lindemann Law","description":"Asset Management legal services","publisher":{"@id":"https:\/\/lindemannlaw.ch\/de\/#organization"},"potentialAction":[{"@type":"SearchAction","target":{"@type":"EntryPoint","urlTemplate":"https:\/\/lindemannlaw.ch\/de\/?s={search_term_string}"},"query-input":{"@type":"PropertyValueSpecification","valueRequired":true,"valueName":"search_term_string"}}],"inLanguage":"de-DE"},{"@type":"Organization","@id":"https:\/\/lindemannlaw.ch\/de\/#organization","name":"Lindemann Law","url":"https:\/\/lindemannlaw.ch\/de\/","logo":{"@type":"ImageObject","inLanguage":"de-DE","@id":"https:\/\/lindemannlaw.ch\/de\/#\/schema\/logo\/image\/","url":"https:\/\/lindemannlaw.ch\/wp-content\/uploads\/2021\/01\/logo-lindemannlaw_cropped.png","contentUrl":"https:\/\/lindemannlaw.ch\/wp-content\/uploads\/2021\/01\/logo-lindemannlaw_cropped.png","width":150,"height":73,"caption":"Lindemann Law"},"image":{"@id":"https:\/\/lindemannlaw.ch\/de\/#\/schema\/logo\/image\/"},"sameAs":["https:\/\/x.com\/Lindemann_law","https:\/\/www.linkedin.com\/company\/lindemannlaw\/"]}]}},"_links":{"self":[{"href":"https:\/\/lindemannlaw.ch\/de\/wp-json\/wp\/v2\/pages\/22828","targetHints":{"allow":["GET"]}}],"collection":[{"href":"https:\/\/lindemannlaw.ch\/de\/wp-json\/wp\/v2\/pages"}],"about":[{"href":"https:\/\/lindemannlaw.ch\/de\/wp-json\/wp\/v2\/types\/page"}],"author":[{"embeddable":true,"href":"https:\/\/lindemannlaw.ch\/de\/wp-json\/wp\/v2\/users\/19"}],"replies":[{"embeddable":true,"href":"https:\/\/lindemannlaw.ch\/de\/wp-json\/wp\/v2\/comments?post=22828"}],"version-history":[{"count":0,"href":"https:\/\/lindemannlaw.ch\/de\/wp-json\/wp\/v2\/pages\/22828\/revisions"}],"wp:featuredmedia":[{"embeddable":true,"href":"https:\/\/lindemannlaw.ch\/de\/wp-json\/wp\/v2\/media\/22298"}],"wp:attachment":[{"href":"https:\/\/lindemannlaw.ch\/de\/wp-json\/wp\/v2\/media?parent=22828"}],"wp:term":[{"taxonomy":"related_contact","embeddable":true,"href":"https:\/\/lindemannlaw.ch\/de\/wp-json\/wp\/v2\/related_contact?post=22828"},{"taxonomy":"expertise","embeddable":true,"href":"https:\/\/lindemannlaw.ch\/de\/wp-json\/wp\/v2\/expertise?post=22828"},{"taxonomy":"webparts","embeddable":true,"href":"https:\/\/lindemannlaw.ch\/de\/wp-json\/wp\/v2\/webparts?post=22828"},{"taxonomy":"page_type","embeddable":true,"href":"https:\/\/lindemannlaw.ch\/de\/wp-json\/wp\/v2\/page_type?post=22828"}],"curies":[{"name":"wp","href":"https:\/\/api.w.org\/{rel}","templated":true}]}}