{"id":22830,"date":"2025-07-16T15:42:21","date_gmt":"2025-07-16T14:42:21","guid":{"rendered":"https:\/\/lindemannlaw.ch\/relocation-to-the-canton-of-obwalden-migration-law-corporate-law-and-tax\/"},"modified":"2025-09-05T13:50:14","modified_gmt":"2025-09-05T12:50:14","slug":"relocation-to-the-canton-of-obwalden-migration-law-corporate-law-and-tax","status":"publish","type":"page","link":"https:\/\/lindemannlaw.ch\/de\/relocation-to-the-canton-of-obwalden-migration-law-corporate-law-and-tax\/","title":{"rendered":"Umsiedlung in den Kanton Obwalden | Migrationsrecht, Gesellschaftsrecht und Steuern"},"content":{"rendered":"<h3><img fetchpriority=\"high\" decoding=\"async\" class=\"wp-image-22274 alignleft\" src=\"https:\/\/lindemannlaw.ch\/wp-content\/uploads\/2025\/07\/obwalden-logo-237x300.png\" alt=\"\" width=\"200\" height=\"253\" srcset=\"https:\/\/lindemannlaw.ch\/wp-content\/uploads\/2025\/07\/obwalden-logo-237x300.png 237w, https:\/\/lindemannlaw.ch\/wp-content\/uploads\/2025\/07\/obwalden-logo-809x1024.png 809w, https:\/\/lindemannlaw.ch\/wp-content\/uploads\/2025\/07\/obwalden-logo-768x972.png 768w, https:\/\/lindemannlaw.ch\/wp-content\/uploads\/2025\/07\/obwalden-logo.png 1200w\" sizes=\"(max-width: 200px) 100vw, 200px\" \/>\u00dcbersicht<\/h3>\n<p>Der Kanton Obwalden liegt in der Zentralschweiz, eingebettet zwischen Seen und Bergen. Die Hauptstadt des Kantons mit rund 38.000 Einwohnern (2023) ist Sarnen. Obwalden ist weithin bekannt f\u00fcr seine \u00e4u\u00dferst wettbewerbsf\u00e4higen Steuers\u00e4tze, seine moderne Infrastruktur und sein Engagement f\u00fcr die Ansiedlung internationaler Unternehmen &#8211; insbesondere KMU und Holdingstrukturen.  <\/p>\n<h3>Wirtschaftliche St\u00e4rken &amp; Infrastruktur<\/h3>\n<p>\u2714 <strong>BIP<\/strong>: Starke Wirtschaftsleistung pro Kopf, mit einem Schwerpunkt auf Dienstleistungen, Logistik, leichter Produktion und steueroptimierten Holdinggesellschaften.<br \/>\n\u2714 <strong>Schl\u00fcsselindustrien<\/strong>: Finanzdienstleistungen, Logistik, Gesundheitswesen, Tourismus, Leichtindustrie und internationale Holdinggesellschaften.<br \/>\n\u2714 <strong>Bildung &amp; Forschung<\/strong>: N\u00e4he zu den Universit\u00e4ten in Luzern und Zug, Berufsbildungszentren und Fachkr\u00e4ftesicherung f\u00fcr KMU.<br \/>\n\u2714 <strong>Transport &amp; Konnektivit\u00e4t<\/strong>: Effiziente Autobahnverbindungen nach Luzern und Z\u00fcrich; der Flughafen Z\u00fcrich ist in 75 Minuten erreichbar; ausgezeichnete lokale Logistik f\u00fcr KMUs.<\/p>\n<h3>Besteuerung<\/h3>\n<p><strong>Juristische Personen: <\/strong>Juristische Personen unterliegen einer K\u00f6rperschaftssteuer zum Steuersatz von 12,75% (Sarnen) und einer Kapitalsteuer von 0,001% auf steuerpflichtiges Eigenkapital. Dividendenertr\u00e4ge und Kapitalgewinne aus qualifizierten Beteiligungen sind aufgrund der Beteiligungsausnahme von der K\u00f6rperschaftssteuer befreit. <\/p>\n<p><strong>Privatpersonen<\/strong>: Privatpersonen unterliegen einer progressiven Einkommensteuer mit effektiven Spitzensteuers\u00e4tzen zwischen 24,5% (Sarnen) und 27% (Lungern). Private Kapitalgewinne sind steuerfrei und Dividenden aus qualifizierten Beteiligungen werden mit einem Rabatt von 50% auf kantonaler und 30% auf Bundesebene besteuert. Daher kann der effektive Steuersatz je nach Einkommensstruktur erheblich sein. Der Kanton erhebt eine Verm\u00f6genssteuer auf das Nettoverm\u00f6gen einer Privatperson. Pauschalbesteuerungsregelung verf\u00fcgbar.    <\/p>\n<h3>Staatliche Unterst\u00fctzung f\u00fcr Unternehmensansiedlungen<\/h3>\n<table style=\"border-collapse: collapse; width: 100%; height: 394px;\">\n<tbody>\n<tr style=\"height: 135px;\">\n<td style=\"width: 17.0021%; height: 135px;\"><a href=\"https:\/\/www.iow.ch\/de\/home\/\" target=\"_blank\" rel=\"noopener\"><img decoding=\"async\" class=\"alignnone wp-image-22264\" src=\"https:\/\/lindemannlaw.ch\/wp-content\/uploads\/2025\/07\/obwalden_standort_promotion_logo-300x117.jpg\" alt=\"\" width=\"200\" height=\"78\" srcset=\"https:\/\/lindemannlaw.ch\/wp-content\/uploads\/2025\/07\/obwalden_standort_promotion_logo-300x117.jpg 300w, https:\/\/lindemannlaw.ch\/wp-content\/uploads\/2025\/07\/obwalden_standort_promotion_logo.jpg 480w\" sizes=\"(max-width: 200px) 100vw, 200px\" \/><\/a><\/td>\n<td style=\"width: 82.9979%; height: 135px;\">\u2714 <strong>Wirtschaftsf\u00f6rderung Obwalden<\/strong><br \/>\nPers\u00f6nliche Unterst\u00fctzung f\u00fcr ausl\u00e4ndische und inl\u00e4ndische Investoren, einschlie\u00dflich vertraulicher Steuervorbescheide, Unterst\u00fctzung bei Genehmigungen und Standortwahl.<br \/>\n<a href=\"https:\/\/www.iow.ch\/de\/home\/\" target=\"_blank\" rel=\"noopener\">Mehr erfahren<\/a><\/td>\n<\/tr>\n<tr style=\"height: 132px;\">\n<td style=\"width: 17.0021%; height: 132px;\"><a href=\"https:\/\/www.rev-sarneraatal.ch\/\" target=\"_blank\" rel=\"noopener\"><img decoding=\"async\" class=\"alignnone wp-image-22269\" src=\"https:\/\/lindemannlaw.ch\/wp-content\/uploads\/2025\/07\/interkantonale-industriezone-sarneraatal-obwalden.png\" alt=\"\" width=\"200\" height=\"72\"><\/a><\/td>\n<td style=\"width: 82.9979%; height: 132px;\">\u2714 <strong>Interkantonale Industriezone Sarneraatal<\/strong><br \/>\nEin strategischer Industriepark, der entwicklungsf\u00e4hige Grundst\u00fccke und Unternehmensinfrastrukturen bietet.<br \/>\n<a href=\"https:\/\/www.rev-sarneraatal.ch\/\" target=\"_blank\" rel=\"noopener\">Erfahren Sie mehr<\/a><\/td>\n<\/tr>\n<tr style=\"height: 127px;\">\n<td style=\"width: 17.0021%; height: 127px;\"><a href=\"https:\/\/www.luzern-business.ch\/\" target=\"_blank\" rel=\"noopener\"><img loading=\"lazy\" decoding=\"async\" class=\"alignnone wp-image-21918\" src=\"https:\/\/lindemannlaw.ch\/wp-content\/uploads\/2025\/07\/business-lucerne-%E2%80%93-economic-promotion-agency-300x95.webp\" alt=\"\" width=\"200\" height=\"63\"><\/a><\/td>\n<td style=\"width: 82.9979%; height: 127px;\">\u2714 <strong>Lucerne Business Network<\/strong><br \/>\nObwalden ist Teil der Wirtschaftsregion, die von der Forschungs-, Bildungs- und Innovationskapazit\u00e4t Luzerns profitiert.<br \/>\n<a href=\"https:\/\/www.luzern-business.ch\/\" target=\"_blank\" rel=\"noopener\">Mehr erfahren<\/a><\/td>\n<\/tr>\n<\/tbody>\n<\/table>\n<h3>Weitere Vorteile<\/h3>\n<p>\u2714 Extrem niedrige Steuers\u00e4tze &#8211; sowohl f\u00fcr Privatpersonen als auch f\u00fcr Unternehmen geh\u00f6ren sie zu den niedrigsten in der Schweiz.<br \/>\n\u2714 Vereinfachte rechtliche und verwaltungstechnische Voraussetzungen f\u00fcr die Unternehmensgr\u00fcndung und -verlagerung.<br \/>\n\u2714 Hohe Lebensqualit\u00e4t: alpines Leben, Sicherheit und die N\u00e4he zu wichtigen Gesch\u00e4ftszentren.<\/p>\n<p><strong>N\u00fctzliche offizielle Links<\/strong><\/p>\n<ul>\n<li><a href=\"https:\/\/www.iow.ch\/\" target=\"_blank\" rel=\"noopener\">Wirtschaftsf\u00f6rderung Obwalden (IOW)<\/a><\/li>\n<li><a href=\"https:\/\/www.iow.ch\/en\/establishing-a-company\/\" target=\"_blank\" rel=\"noopener\">Ein Unternehmen in Obwalden gr\u00fcnden (offizieller Leitfaden)<\/a><\/li>\n<li><a href=\"https:\/\/www.rev-sarneraatal.ch\/\" target=\"_blank\" rel=\"noopener\">Industriegebiet Sarneraatal<\/a><\/li>\n<li><a href=\"https:\/\/www.iow.ch\/en\/tax-system\/\" target=\"_blank\" rel=\"noopener\">Steuerinformationen Obwalden &#8211; Unternehmen &amp; Privatpersonen<\/a><\/li>\n<li><a href=\"https:\/\/www.iow.ch\/en\/tax-system\/\" target=\"_blank\" rel=\"noopener\">Unternehmensgr\u00fcndung in der Schweiz (KMU-Portal des Bundes)<\/a><\/li>\n<\/ul>\n<p>Der Kanton Obwalden ist eine strategische Wahl f\u00fcr Unternehmer und Holdinggesellschaften, die eine niedrige Besteuerung, administrative Effizienz und nat\u00fcrliche Sch\u00f6nheit suchen. <strong>LINDEMANNLAW<\/strong> bietet ma\u00dfgeschneiderte Unterst\u00fctzung in den Bereichen Gesellschaftsrecht, Standortverlagerung, Steueroptimierung und Migrationskonformit\u00e4t speziell f\u00fcr Obwalden.<\/p>\n","protected":false},"excerpt":{"rendered":"<p>\u00dcbersicht Der Kanton Obwalden liegt in der Zentralschweiz, eingebettet zwischen Seen und Bergen. Die Hauptstadt des Kantons mit rund 38.000 Einwohnern (2023) ist Sarnen. Obwalden ist weithin bekannt f\u00fcr seine \u00e4u\u00dferst wettbewerbsf\u00e4higen Steuers\u00e4tze, seine moderne Infrastruktur und sein Engagement f\u00fcr die Ansiedlung internationaler Unternehmen &#8211; insbesondere KMU und Holdingstrukturen. Wirtschaftliche St\u00e4rken &amp; Infrastruktur \u2714 BIP: [&hellip;]<\/p>\n","protected":false},"author":19,"featured_media":22281,"parent":0,"menu_order":0,"comment_status":"closed","ping_status":"closed","template":"","meta":{"_acf_changed":false,"site-sidebar-layout":"default","site-content-layout":"","ast-site-content-layout":"default","site-content-style":"default","site-sidebar-style":"default","ast-global-header-display":"","ast-banner-title-visibility":"","ast-main-header-display":"","ast-hfb-above-header-display":"","ast-hfb-below-header-display":"","ast-hfb-mobile-header-display":"","site-post-title":"","ast-breadcrumbs-content":"","ast-featured-img":"","footer-sml-layout":"","ast-disable-related-posts":"","theme-transparent-header-meta":"default","adv-header-id-meta":"","stick-header-meta":"","header-above-stick-meta":"","header-main-stick-meta":"","header-below-stick-meta":"","astra-migrate-meta-layouts":"default","ast-page-background-enabled":"default","ast-page-background-meta":{"desktop":{"background-color":"var(--ast-global-color-4)","background-image":"","background-repeat":"repeat","background-position":"center center","background-size":"auto","background-attachment":"scroll","background-type":"","background-media":"","overlay-type":"","overlay-color":"","overlay-opacity":"","overlay-gradient":""},"tablet":{"background-color":"","background-image":"","background-repeat":"repeat","background-position":"center center","background-size":"auto","background-attachment":"scroll","background-type":"","background-media":"","overlay-type":"","overlay-color":"","overlay-opacity":"","overlay-gradient":""},"mobile":{"background-color":"","background-image":"","background-repeat":"repeat","background-position":"center center","background-size":"auto","background-attachment":"scroll","background-type":"","background-media":"","overlay-type":"","overlay-color":"","overlay-opacity":"","overlay-gradient":""}},"ast-content-background-meta":{"desktop":{"background-color":"var(--ast-global-color-5)","background-image":"","background-repeat":"repeat","background-position":"center center","background-size":"auto","background-attachment":"scroll","background-type":"","background-media":"","overlay-type":"","overlay-color":"","overlay-opacity":"","overlay-gradient":""},"tablet":{"background-color":"var(--ast-global-color-5)","background-image":"","background-repeat":"repeat","background-position":"center center","background-size":"auto","background-attachment":"scroll","background-type":"","background-media":"","overlay-type":"","overlay-color":"","overlay-opacity":"","overlay-gradient":""},"mobile":{"background-color":"var(--ast-global-color-5)","background-image":"","background-repeat":"repeat","background-position":"center center","background-size":"auto","background-attachment":"scroll","background-type":"","background-media":"","overlay-type":"","overlay-color":"","overlay-opacity":"","overlay-gradient":""}},"footnotes":""},"related_contact":[201,438],"expertise":[362,190],"webparts":[],"page_type":[],"class_list":["post-22830","page","type-page","status-publish","has-post-thumbnail","hentry"],"acf":[],"yoast_head":"<!-- This site is optimized with the Yoast SEO Premium plugin v27.3 (Yoast SEO v27.3) - https:\/\/yoast.com\/product\/yoast-seo-premium-wordpress\/ -->\n<title>Umsiedlung in den Kanton Obwalden | Migrationsrecht, Gesellschaftsrecht und Steuern | Lindemann Law<\/title>\n<meta name=\"description\" content=\"Entdecken Sie die Vorteile eines Umzugs in den Kanton Obwalden. LINDEMANNLAW ber\u00e4t Einzelpersonen, Familien und Unternehmer in den Bereichen Migrationsrecht, Gesellschaftsrecht und Steuerfragen in der Schweiz.\" \/>\n<meta name=\"robots\" content=\"index, follow, max-snippet:-1, max-image-preview:large, max-video-preview:-1\" \/>\n<link rel=\"canonical\" href=\"https:\/\/lindemannlaw.ch\/de\/relocation-to-the-canton-of-obwalden-migration-law-corporate-law-and-tax\/\" \/>\n<meta property=\"og:locale\" content=\"de_DE\" \/>\n<meta property=\"og:type\" content=\"article\" \/>\n<meta property=\"og:title\" content=\"Umsiedlung in den Kanton Obwalden | Migrationsrecht, Gesellschaftsrecht und Steuern\" \/>\n<meta property=\"og:description\" content=\"Entdecken Sie die Vorteile eines Umzugs in den Kanton Obwalden. LINDEMANNLAW ber\u00e4t Einzelpersonen, Familien und Unternehmer in den Bereichen Migrationsrecht, Gesellschaftsrecht und Steuerfragen in der Schweiz.\" \/>\n<meta property=\"og:url\" content=\"https:\/\/lindemannlaw.ch\/de\/relocation-to-the-canton-of-obwalden-migration-law-corporate-law-and-tax\/\" \/>\n<meta property=\"og:site_name\" content=\"Lindemann Law\" \/>\n<meta property=\"article:modified_time\" content=\"2025-09-05T12:50:14+00:00\" \/>\n<meta property=\"og:image\" content=\"https:\/\/lindemannlaw.ch\/wp-content\/uploads\/2025\/07\/obwalden.webp\" \/>\n\t<meta property=\"og:image:width\" content=\"1920\" \/>\n\t<meta property=\"og:image:height\" content=\"1080\" \/>\n\t<meta property=\"og:image:type\" content=\"image\/webp\" \/>\n<meta name=\"twitter:card\" content=\"summary_large_image\" \/>\n<meta name=\"twitter:site\" content=\"@Lindemann_law\" \/>\n<meta name=\"twitter:label1\" content=\"Gesch\u00e4tzte Lesezeit\" \/>\n\t<meta name=\"twitter:data1\" content=\"2 Minuten\" \/>\n<script type=\"application\/ld+json\" class=\"yoast-schema-graph\">{\"@context\":\"https:\\\/\\\/schema.org\",\"@graph\":[{\"@type\":\"WebPage\",\"@id\":\"https:\\\/\\\/lindemannlaw.ch\\\/de\\\/relocation-to-the-canton-of-obwalden-migration-law-corporate-law-and-tax\\\/\",\"url\":\"https:\\\/\\\/lindemannlaw.ch\\\/de\\\/relocation-to-the-canton-of-obwalden-migration-law-corporate-law-and-tax\\\/\",\"name\":\"Umsiedlung in den Kanton Obwalden | Migrationsrecht, Gesellschaftsrecht und Steuern | Lindemann Law\",\"isPartOf\":{\"@id\":\"https:\\\/\\\/lindemannlaw.ch\\\/de\\\/#website\"},\"primaryImageOfPage\":{\"@id\":\"https:\\\/\\\/lindemannlaw.ch\\\/de\\\/relocation-to-the-canton-of-obwalden-migration-law-corporate-law-and-tax\\\/#primaryimage\"},\"image\":{\"@id\":\"https:\\\/\\\/lindemannlaw.ch\\\/de\\\/relocation-to-the-canton-of-obwalden-migration-law-corporate-law-and-tax\\\/#primaryimage\"},\"thumbnailUrl\":\"https:\\\/\\\/lindemannlaw.ch\\\/wp-content\\\/uploads\\\/2025\\\/07\\\/obwalden.webp\",\"datePublished\":\"2025-07-16T14:42:21+00:00\",\"dateModified\":\"2025-09-05T12:50:14+00:00\",\"description\":\"Entdecken Sie die Vorteile eines Umzugs in den Kanton Obwalden. LINDEMANNLAW ber\u00e4t Einzelpersonen, Familien und Unternehmer in den Bereichen Migrationsrecht, Gesellschaftsrecht und Steuerfragen in der Schweiz.\",\"breadcrumb\":{\"@id\":\"https:\\\/\\\/lindemannlaw.ch\\\/de\\\/relocation-to-the-canton-of-obwalden-migration-law-corporate-law-and-tax\\\/#breadcrumb\"},\"inLanguage\":\"de-DE\",\"potentialAction\":[{\"@type\":\"ReadAction\",\"target\":[\"https:\\\/\\\/lindemannlaw.ch\\\/de\\\/relocation-to-the-canton-of-obwalden-migration-law-corporate-law-and-tax\\\/\"]}]},{\"@type\":\"ImageObject\",\"inLanguage\":\"de-DE\",\"@id\":\"https:\\\/\\\/lindemannlaw.ch\\\/de\\\/relocation-to-the-canton-of-obwalden-migration-law-corporate-law-and-tax\\\/#primaryimage\",\"url\":\"https:\\\/\\\/lindemannlaw.ch\\\/wp-content\\\/uploads\\\/2025\\\/07\\\/obwalden.webp\",\"contentUrl\":\"https:\\\/\\\/lindemannlaw.ch\\\/wp-content\\\/uploads\\\/2025\\\/07\\\/obwalden.webp\",\"width\":1920,\"height\":1080},{\"@type\":\"BreadcrumbList\",\"@id\":\"https:\\\/\\\/lindemannlaw.ch\\\/de\\\/relocation-to-the-canton-of-obwalden-migration-law-corporate-law-and-tax\\\/#breadcrumb\",\"itemListElement\":[{\"@type\":\"ListItem\",\"position\":1,\"name\":\"Home\",\"item\":\"https:\\\/\\\/lindemannlaw.ch\\\/de\\\/\"},{\"@type\":\"ListItem\",\"position\":2,\"name\":\"Umsiedlung in den Kanton Obwalden | Migrationsrecht, Gesellschaftsrecht und Steuern\"}]},{\"@type\":\"WebSite\",\"@id\":\"https:\\\/\\\/lindemannlaw.ch\\\/de\\\/#website\",\"url\":\"https:\\\/\\\/lindemannlaw.ch\\\/de\\\/\",\"name\":\"Lindemann Law\",\"description\":\"Asset Management legal services\",\"publisher\":{\"@id\":\"https:\\\/\\\/lindemannlaw.ch\\\/de\\\/#organization\"},\"potentialAction\":[{\"@type\":\"SearchAction\",\"target\":{\"@type\":\"EntryPoint\",\"urlTemplate\":\"https:\\\/\\\/lindemannlaw.ch\\\/de\\\/?s={search_term_string}\"},\"query-input\":{\"@type\":\"PropertyValueSpecification\",\"valueRequired\":true,\"valueName\":\"search_term_string\"}}],\"inLanguage\":\"de-DE\"},{\"@type\":\"Organization\",\"@id\":\"https:\\\/\\\/lindemannlaw.ch\\\/de\\\/#organization\",\"name\":\"Lindemann Law\",\"url\":\"https:\\\/\\\/lindemannlaw.ch\\\/de\\\/\",\"logo\":{\"@type\":\"ImageObject\",\"inLanguage\":\"de-DE\",\"@id\":\"https:\\\/\\\/lindemannlaw.ch\\\/de\\\/#\\\/schema\\\/logo\\\/image\\\/\",\"url\":\"https:\\\/\\\/lindemannlaw.ch\\\/wp-content\\\/uploads\\\/2021\\\/01\\\/logo-lindemannlaw_cropped.png\",\"contentUrl\":\"https:\\\/\\\/lindemannlaw.ch\\\/wp-content\\\/uploads\\\/2021\\\/01\\\/logo-lindemannlaw_cropped.png\",\"width\":150,\"height\":73,\"caption\":\"Lindemann Law\"},\"image\":{\"@id\":\"https:\\\/\\\/lindemannlaw.ch\\\/de\\\/#\\\/schema\\\/logo\\\/image\\\/\"},\"sameAs\":[\"https:\\\/\\\/x.com\\\/Lindemann_law\",\"https:\\\/\\\/www.linkedin.com\\\/company\\\/lindemannlaw\\\/\"]}]}<\/script>\n<!-- \/ Yoast SEO Premium plugin. -->","yoast_head_json":{"title":"Umsiedlung in den Kanton Obwalden | Migrationsrecht, Gesellschaftsrecht und Steuern | Lindemann Law","description":"Entdecken Sie die Vorteile eines Umzugs in den Kanton Obwalden. LINDEMANNLAW ber\u00e4t Einzelpersonen, Familien und Unternehmer in den Bereichen Migrationsrecht, Gesellschaftsrecht und Steuerfragen in der Schweiz.","robots":{"index":"index","follow":"follow","max-snippet":"max-snippet:-1","max-image-preview":"max-image-preview:large","max-video-preview":"max-video-preview:-1"},"canonical":"https:\/\/lindemannlaw.ch\/de\/relocation-to-the-canton-of-obwalden-migration-law-corporate-law-and-tax\/","og_locale":"de_DE","og_type":"article","og_title":"Umsiedlung in den Kanton Obwalden | Migrationsrecht, Gesellschaftsrecht und Steuern","og_description":"Entdecken Sie die Vorteile eines Umzugs in den Kanton Obwalden. LINDEMANNLAW ber\u00e4t Einzelpersonen, Familien und Unternehmer in den Bereichen Migrationsrecht, Gesellschaftsrecht und Steuerfragen in der Schweiz.","og_url":"https:\/\/lindemannlaw.ch\/de\/relocation-to-the-canton-of-obwalden-migration-law-corporate-law-and-tax\/","og_site_name":"Lindemann Law","article_modified_time":"2025-09-05T12:50:14+00:00","og_image":[{"width":1920,"height":1080,"url":"https:\/\/lindemannlaw.ch\/wp-content\/uploads\/2025\/07\/obwalden.webp","type":"image\/webp"}],"twitter_card":"summary_large_image","twitter_site":"@Lindemann_law","twitter_misc":{"Gesch\u00e4tzte Lesezeit":"2 Minuten"},"schema":{"@context":"https:\/\/schema.org","@graph":[{"@type":"WebPage","@id":"https:\/\/lindemannlaw.ch\/de\/relocation-to-the-canton-of-obwalden-migration-law-corporate-law-and-tax\/","url":"https:\/\/lindemannlaw.ch\/de\/relocation-to-the-canton-of-obwalden-migration-law-corporate-law-and-tax\/","name":"Umsiedlung in den Kanton Obwalden | Migrationsrecht, Gesellschaftsrecht und Steuern | Lindemann Law","isPartOf":{"@id":"https:\/\/lindemannlaw.ch\/de\/#website"},"primaryImageOfPage":{"@id":"https:\/\/lindemannlaw.ch\/de\/relocation-to-the-canton-of-obwalden-migration-law-corporate-law-and-tax\/#primaryimage"},"image":{"@id":"https:\/\/lindemannlaw.ch\/de\/relocation-to-the-canton-of-obwalden-migration-law-corporate-law-and-tax\/#primaryimage"},"thumbnailUrl":"https:\/\/lindemannlaw.ch\/wp-content\/uploads\/2025\/07\/obwalden.webp","datePublished":"2025-07-16T14:42:21+00:00","dateModified":"2025-09-05T12:50:14+00:00","description":"Entdecken Sie die Vorteile eines Umzugs in den Kanton Obwalden. LINDEMANNLAW ber\u00e4t Einzelpersonen, Familien und Unternehmer in den Bereichen Migrationsrecht, Gesellschaftsrecht und Steuerfragen in der Schweiz.","breadcrumb":{"@id":"https:\/\/lindemannlaw.ch\/de\/relocation-to-the-canton-of-obwalden-migration-law-corporate-law-and-tax\/#breadcrumb"},"inLanguage":"de-DE","potentialAction":[{"@type":"ReadAction","target":["https:\/\/lindemannlaw.ch\/de\/relocation-to-the-canton-of-obwalden-migration-law-corporate-law-and-tax\/"]}]},{"@type":"ImageObject","inLanguage":"de-DE","@id":"https:\/\/lindemannlaw.ch\/de\/relocation-to-the-canton-of-obwalden-migration-law-corporate-law-and-tax\/#primaryimage","url":"https:\/\/lindemannlaw.ch\/wp-content\/uploads\/2025\/07\/obwalden.webp","contentUrl":"https:\/\/lindemannlaw.ch\/wp-content\/uploads\/2025\/07\/obwalden.webp","width":1920,"height":1080},{"@type":"BreadcrumbList","@id":"https:\/\/lindemannlaw.ch\/de\/relocation-to-the-canton-of-obwalden-migration-law-corporate-law-and-tax\/#breadcrumb","itemListElement":[{"@type":"ListItem","position":1,"name":"Home","item":"https:\/\/lindemannlaw.ch\/de\/"},{"@type":"ListItem","position":2,"name":"Umsiedlung in den Kanton Obwalden | Migrationsrecht, Gesellschaftsrecht und Steuern"}]},{"@type":"WebSite","@id":"https:\/\/lindemannlaw.ch\/de\/#website","url":"https:\/\/lindemannlaw.ch\/de\/","name":"Lindemann Law","description":"Asset Management legal services","publisher":{"@id":"https:\/\/lindemannlaw.ch\/de\/#organization"},"potentialAction":[{"@type":"SearchAction","target":{"@type":"EntryPoint","urlTemplate":"https:\/\/lindemannlaw.ch\/de\/?s={search_term_string}"},"query-input":{"@type":"PropertyValueSpecification","valueRequired":true,"valueName":"search_term_string"}}],"inLanguage":"de-DE"},{"@type":"Organization","@id":"https:\/\/lindemannlaw.ch\/de\/#organization","name":"Lindemann Law","url":"https:\/\/lindemannlaw.ch\/de\/","logo":{"@type":"ImageObject","inLanguage":"de-DE","@id":"https:\/\/lindemannlaw.ch\/de\/#\/schema\/logo\/image\/","url":"https:\/\/lindemannlaw.ch\/wp-content\/uploads\/2021\/01\/logo-lindemannlaw_cropped.png","contentUrl":"https:\/\/lindemannlaw.ch\/wp-content\/uploads\/2021\/01\/logo-lindemannlaw_cropped.png","width":150,"height":73,"caption":"Lindemann Law"},"image":{"@id":"https:\/\/lindemannlaw.ch\/de\/#\/schema\/logo\/image\/"},"sameAs":["https:\/\/x.com\/Lindemann_law","https:\/\/www.linkedin.com\/company\/lindemannlaw\/"]}]}},"_links":{"self":[{"href":"https:\/\/lindemannlaw.ch\/de\/wp-json\/wp\/v2\/pages\/22830","targetHints":{"allow":["GET"]}}],"collection":[{"href":"https:\/\/lindemannlaw.ch\/de\/wp-json\/wp\/v2\/pages"}],"about":[{"href":"https:\/\/lindemannlaw.ch\/de\/wp-json\/wp\/v2\/types\/page"}],"author":[{"embeddable":true,"href":"https:\/\/lindemannlaw.ch\/de\/wp-json\/wp\/v2\/users\/19"}],"replies":[{"embeddable":true,"href":"https:\/\/lindemannlaw.ch\/de\/wp-json\/wp\/v2\/comments?post=22830"}],"version-history":[{"count":0,"href":"https:\/\/lindemannlaw.ch\/de\/wp-json\/wp\/v2\/pages\/22830\/revisions"}],"wp:featuredmedia":[{"embeddable":true,"href":"https:\/\/lindemannlaw.ch\/de\/wp-json\/wp\/v2\/media\/22281"}],"wp:attachment":[{"href":"https:\/\/lindemannlaw.ch\/de\/wp-json\/wp\/v2\/media?parent=22830"}],"wp:term":[{"taxonomy":"related_contact","embeddable":true,"href":"https:\/\/lindemannlaw.ch\/de\/wp-json\/wp\/v2\/related_contact?post=22830"},{"taxonomy":"expertise","embeddable":true,"href":"https:\/\/lindemannlaw.ch\/de\/wp-json\/wp\/v2\/expertise?post=22830"},{"taxonomy":"webparts","embeddable":true,"href":"https:\/\/lindemannlaw.ch\/de\/wp-json\/wp\/v2\/webparts?post=22830"},{"taxonomy":"page_type","embeddable":true,"href":"https:\/\/lindemannlaw.ch\/de\/wp-json\/wp\/v2\/page_type?post=22830"}],"curies":[{"name":"wp","href":"https:\/\/api.w.org\/{rel}","templated":true}]}}