{"id":22832,"date":"2025-07-02T16:20:18","date_gmt":"2025-07-02T15:20:18","guid":{"rendered":"https:\/\/lindemannlaw.ch\/relocation-to-the-canton-of-vaud-migration-law-corporate-law-and-tax\/"},"modified":"2025-09-05T13:50:05","modified_gmt":"2025-09-05T12:50:05","slug":"relocation-to-the-canton-of-vaud-migration-law-corporate-law-and-tax","status":"publish","type":"page","link":"https:\/\/lindemannlaw.ch\/de\/relocation-to-the-canton-of-vaud-migration-law-corporate-law-and-tax\/","title":{"rendered":"Umsiedlung in den Kanton Waadt | Migrationsrecht, Gesellschaftsrecht und Steuern"},"content":{"rendered":"<h3><img decoding=\"async\" class=\"wp-image-21633 alignleft\" src=\"https:\/\/lindemannlaw.ch\/wp-content\/uploads\/2025\/07\/istockphoto-1465848665-612x612-1-247x300.jpg\" alt=\"\" width=\"200\" height=\"243\" srcset=\"https:\/\/lindemannlaw.ch\/wp-content\/uploads\/2025\/07\/istockphoto-1465848665-612x612-1-247x300.jpg 247w, https:\/\/lindemannlaw.ch\/wp-content\/uploads\/2025\/07\/istockphoto-1465848665-612x612-1.jpg 503w\" sizes=\"(max-width: 200px) 100vw, 200px\" \/>  \u00dcbersicht<\/h3>\n<p>Der Kanton Waadt, der im Westen der Schweiz am Genfer See liegt, ist mit rund 820.000 Einwohnern (2023) der drittbev\u00f6lkerungsreichste Kanton des Landes. Lausanne, die Hauptstadt des Kantons, ist eine dynamische Stadt, die f\u00fcr ihre internationalen Organisationen und ihre pulsierende Wirtschaft bekannt ist. Die Waadt ist ein wichtiges Tor zu Europa, mit einer reichen Tradition an Innovation und multikultureller Anziehungskraft.  <\/p>\n<h3>Wirtschaftliche St\u00e4rken &amp; Infrastruktur<\/h3>\n<p>\u2714 <strong>BIP<\/strong>: Einer der f\u00fchrenden Kantone der Schweiz gemessen an der Wirtschaftsleistung, mit starkem Wachstum in mehreren Sektoren.<br \/>\n\u2714 <strong>Schl\u00fcsselindustrien<\/strong>: Biowissenschaften (Biotech, Medizintechnik), Lebensmitteltechnologie, Feinmechanik, Informations- und Kommunikationstechnologie und Tourismus. Heimat von multinationalen Unternehmen wie Nestl\u00e9 und Medtronic.<br \/>\n\u2714 <strong>Bildung &amp; Forschung<\/strong>: Die EPFL (Eidgen\u00f6ssische Technische Hochschule Lausanne), die Universit\u00e4t Lausanne und mehrere international renommierte Forschungszentren f\u00f6rdern die Innovation.<br \/>\n\u2714 <strong>Verkehr &amp; Anbindung<\/strong>: Lausanne ist \u00fcber Bahn und Autobahn gut angebunden und liegt in der N\u00e4he des internationalen Flughafens Genf. Der Kanton ist ein Logistik- und Gesch\u00e4ftszentrum f\u00fcr die Westschweiz. <\/p>\n<h3>Besteuerung<\/h3>\n<p><strong>Juristische Personen: <\/strong>Juristische Personen unterliegen einer K\u00f6rperschaftssteuer mit einem Steuersatz von 14,7% (Lausanne) und einer Kapitalsteuer von 0,14% auf das steuerpflichtige Eigenkapital. Die Kapitalsteuer wird mit der K\u00f6rperschaftssteuer verrechnet. Wenn also die K\u00f6rperschaftssteuerschuld h\u00f6her ist als die Kapitalsteuer, wird letztere nicht f\u00e4llig. Dividendeneink\u00fcnfte und Kapitalgewinne aus qualifizierten Beteiligungen sind aufgrund der Beteiligungsfreistellung von der K\u00f6rperschaftssteuer befreit.   <\/p>\n<p><strong>Privatpersonen<\/strong>: Privatpersonen unterliegen einer progressiven Einkommensteuer mit einem effektiven Spitzensteuersatz von 41,5%. Private Kapitalgewinne sind steuerfrei und Dividenden aus qualifizierten Beteiligungen werden auf kantonaler und f\u00f6deraler Ebene mit einem Abschlag von 30% besteuert. Daher kann der effektive Steuersatz je nach Einkommensstruktur deutlich niedriger sein als der effektive Spitzensteuersatz. Der Kanton erhebt eine Verm\u00f6genssteuer auf das Nettoverm\u00f6gen einer Privatperson. Eine Pauschalbesteuerung ist m\u00f6glich.    <\/p>\n<h3>Staatliche Unterst\u00fctzung f\u00fcr Unternehmensansiedlungen<\/h3>\n<p><a href=\"https:\/\/www.invest-vaud.ch\/about\/who-are-we-\/spei\" target=\"_blank\" rel=\"noopener\"><img decoding=\"async\" class=\"wp-image-21806 size-full alignleft\" src=\"https:\/\/lindemannlaw.ch\/wp-content\/uploads\/2025\/07\/vaud-economic-promotion-office-spei.jpg\" alt=\"\" width=\"200\" height=\"90\">   <\/a>\u2714 <strong>Waadtl\u00e4nder Wirtschaftsf\u00f6rderung (SPEI)<\/strong><br \/>\nBietet umfassende Unterst\u00fctzung f\u00fcr Investoren, Unternehmer und Unternehmen: Standortwahl, Verwaltungsverfahren und Vernetzung.<br \/>\n<a href=\"https:\/\/www.invest-vaud.ch\/about\/who-are-we-\/spei\" target=\"_blank\" rel=\"noopener\">Mehr erfahren<\/a><\/p>\n<p><a href=\"https:\/\/www.innovaud.ch\/en\/\"><img decoding=\"async\" class=\"wp-image-21811 size-full alignleft\" src=\"https:\/\/lindemannlaw.ch\/wp-content\/uploads\/2025\/07\/innovaud-logo-2.jpg\" alt=\"\" width=\"200\" height=\"90\"><\/a>\u2714 <strong>Innovaud<\/strong><br \/>\nUnterst\u00fctzt innovationsgetriebene Unternehmen und Start-ups und bietet Hilfe bei Finanzierung, Partnerschaften und Technologieentwicklung.<br \/>\n<a href=\"https:\/\/www.innovaud.ch\/en\/\" target=\"_blank\" rel=\"noopener\">Mehr erfahren<\/a><\/p>\n<p><img loading=\"lazy\" decoding=\"async\" class=\"wp-image-21801 alignleft\" src=\"https:\/\/lindemannlaw.ch\/wp-content\/uploads\/2025\/07\/switzerland-innovation-park-network-west-epfl-logo-300x134.jpg\" alt=\"\" width=\"200\" height=\"89\" srcset=\"https:\/\/lindemannlaw.ch\/wp-content\/uploads\/2025\/07\/switzerland-innovation-park-network-west-epfl-logo-300x134.jpg 300w, https:\/\/lindemannlaw.ch\/wp-content\/uploads\/2025\/07\/switzerland-innovation-park-network-west-epfl-logo-1024x458.jpg 1024w, https:\/\/lindemannlaw.ch\/wp-content\/uploads\/2025\/07\/switzerland-innovation-park-network-west-epfl-logo-768x343.jpg 768w, https:\/\/lindemannlaw.ch\/wp-content\/uploads\/2025\/07\/switzerland-innovation-park-network-west-epfl-logo-1536x687.jpg 1536w, https:\/\/lindemannlaw.ch\/wp-content\/uploads\/2025\/07\/switzerland-innovation-park-network-west-epfl-logo.jpg 1566w\" sizes=\"(max-width: 200px) 100vw, 200px\" \/>\u2714 <strong>Switzerland Innovation Park Network West EPFL<\/strong><br \/>\nEine Drehscheibe f\u00fcr Hightech-Unternehmen und Forschungskooperationen.<br \/>\n<a href=\"https:\/\/nw.switzerland-innovation.com\/network-west\/\" target=\"_blank\" rel=\"noopener\">Mehr erfahren<\/a><\/p>\n<h3>Weitere Vorteile<\/h3>\n<p>\u2714 Ein transparenter und unternehmensfreundlicher Rechtsrahmen.<br \/>\n\u2714 Hervorragende Infrastruktur: digitale Netzwerke, Energiezuverl\u00e4ssigkeit und nachhaltige Entwicklung im Fokus.<br \/>\n\u2714 Hohe Lebensqualit\u00e4t: kosmopolitisches Umfeld, kultureller Reichtum, Zugang zu internationalen Schulen und eine hervorragende nat\u00fcrliche Umgebung.<\/p>\n<h3>N\u00fctzliche offizielle Links<\/h3>\n<ul>\n<li><a href=\"https:\/\/www.invest-vaud.ch\/about\/who-are-we-\/spei\" target=\"_blank\" rel=\"noopener\">Waadtl\u00e4nder Wirtschaftsf\u00f6rderung (SPEI)<\/a><\/li>\n<li><a href=\"https:\/\/www.innovaud.ch\/en\/\" target=\"_blank\" rel=\"noopener\">Innovaud<\/a><\/li>\n<li><a href=\"https:\/\/nw.switzerland-innovation.com\/network-west\/\" target=\"_blank\" rel=\"noopener\">Schweiz Innovationspark West EPFL<\/a><\/li>\n<li><a href=\"https:\/\/www.kmu.admin.ch\/kmu\/en\/home\/concrete-know-how\/setting-up-sme\/starting-business.html\" target=\"_blank\" rel=\"noopener\">Unternehmensgr\u00fcndung in der Schweiz (KMU-Portal des Bundes)<\/a><\/li>\n<\/ul>\n<p>Der Kanton Waadt bietet eine starke Kombination aus wirtschaftlicher Vitalit\u00e4t, Innovation und internationaler Vernetzung, die ihn zu einem idealen Standort f\u00fcr Unternehmer und Investoren macht. Wir von <strong>LINDEMANNLAW<\/strong> unterst\u00fctzen Sie bei der Ansiedlung, im Migrationsrecht, im Gesellschaftsrecht, im Steuerrecht und bei der Einhaltung von Gesetzen, um Ihren Erfolg in der Schweiz sicherzustellen. <\/p>\n","protected":false},"excerpt":{"rendered":"<p>\u00dcbersicht Der Kanton Waadt, der im Westen der Schweiz am Genfer See liegt, ist mit rund 820.000 Einwohnern (2023) der drittbev\u00f6lkerungsreichste Kanton des Landes. Lausanne, die Hauptstadt des Kantons, ist eine dynamische Stadt, die f\u00fcr ihre internationalen Organisationen und ihre pulsierende Wirtschaft bekannt ist. Die Waadt ist ein wichtiges Tor zu Europa, mit einer reichen [&hellip;]<\/p>\n","protected":false},"author":19,"featured_media":21640,"parent":0,"menu_order":0,"comment_status":"closed","ping_status":"closed","template":"","meta":{"_acf_changed":false,"site-sidebar-layout":"default","site-content-layout":"","ast-site-content-layout":"default","site-content-style":"default","site-sidebar-style":"default","ast-global-header-display":"","ast-banner-title-visibility":"","ast-main-header-display":"","ast-hfb-above-header-display":"","ast-hfb-below-header-display":"","ast-hfb-mobile-header-display":"","site-post-title":"","ast-breadcrumbs-content":"","ast-featured-img":"","footer-sml-layout":"","ast-disable-related-posts":"","theme-transparent-header-meta":"default","adv-header-id-meta":"","stick-header-meta":"","header-above-stick-meta":"","header-main-stick-meta":"","header-below-stick-meta":"","astra-migrate-meta-layouts":"default","ast-page-background-enabled":"default","ast-page-background-meta":{"desktop":{"background-color":"var(--ast-global-color-4)","background-image":"","background-repeat":"repeat","background-position":"center center","background-size":"auto","background-attachment":"scroll","background-type":"","background-media":"","overlay-type":"","overlay-color":"","overlay-opacity":"","overlay-gradient":""},"tablet":{"background-color":"","background-image":"","background-repeat":"repeat","background-position":"center center","background-size":"auto","background-attachment":"scroll","background-type":"","background-media":"","overlay-type":"","overlay-color":"","overlay-opacity":"","overlay-gradient":""},"mobile":{"background-color":"","background-image":"","background-repeat":"repeat","background-position":"center center","background-size":"auto","background-attachment":"scroll","background-type":"","background-media":"","overlay-type":"","overlay-color":"","overlay-opacity":"","overlay-gradient":""}},"ast-content-background-meta":{"desktop":{"background-color":"var(--ast-global-color-5)","background-image":"","background-repeat":"repeat","background-position":"center center","background-size":"auto","background-attachment":"scroll","background-type":"","background-media":"","overlay-type":"","overlay-color":"","overlay-opacity":"","overlay-gradient":""},"tablet":{"background-color":"var(--ast-global-color-5)","background-image":"","background-repeat":"repeat","background-position":"center center","background-size":"auto","background-attachment":"scroll","background-type":"","background-media":"","overlay-type":"","overlay-color":"","overlay-opacity":"","overlay-gradient":""},"mobile":{"background-color":"var(--ast-global-color-5)","background-image":"","background-repeat":"repeat","background-position":"center center","background-size":"auto","background-attachment":"scroll","background-type":"","background-media":"","overlay-type":"","overlay-color":"","overlay-opacity":"","overlay-gradient":""}},"footnotes":""},"related_contact":[201,438,424],"expertise":[362,190],"webparts":[],"page_type":[],"class_list":["post-22832","page","type-page","status-publish","has-post-thumbnail","hentry"],"acf":[],"yoast_head":"<!-- This site is optimized with the Yoast SEO Premium plugin v27.3 (Yoast SEO v27.3) - https:\/\/yoast.com\/product\/yoast-seo-premium-wordpress\/ -->\n<title>Umsiedlung in den Kanton Waadt | Migrationsrecht, Gesellschaftsrecht und Steuern | Lindemann Law<\/title>\n<meta name=\"description\" content=\"Entdecken Sie die Vorteile eines Umzugs in den Kanton Waadt. LINDEMANNLAW ber\u00e4t Einzelpersonen, Familien und Unternehmer in den Bereichen Migrationsrecht, Gesellschaftsrecht und Steuern in der Schweiz.\" \/>\n<meta name=\"robots\" content=\"index, follow, max-snippet:-1, max-image-preview:large, max-video-preview:-1\" \/>\n<link rel=\"canonical\" href=\"https:\/\/lindemannlaw.ch\/de\/relocation-to-the-canton-of-vaud-migration-law-corporate-law-and-tax\/\" \/>\n<meta property=\"og:locale\" content=\"de_DE\" \/>\n<meta property=\"og:type\" content=\"article\" \/>\n<meta property=\"og:title\" content=\"Umsiedlung in den Kanton Waadt | Migrationsrecht, Gesellschaftsrecht und Steuern\" \/>\n<meta property=\"og:description\" content=\"Entdecken Sie die Vorteile eines Umzugs in den Kanton Waadt. LINDEMANNLAW ber\u00e4t Einzelpersonen, Familien und Unternehmer in den Bereichen Migrationsrecht, Gesellschaftsrecht und Steuern in der Schweiz.\" \/>\n<meta property=\"og:url\" content=\"https:\/\/lindemannlaw.ch\/de\/relocation-to-the-canton-of-vaud-migration-law-corporate-law-and-tax\/\" \/>\n<meta property=\"og:site_name\" content=\"Lindemann Law\" \/>\n<meta property=\"article:modified_time\" content=\"2025-09-05T12:50:05+00:00\" \/>\n<meta property=\"og:image\" content=\"https:\/\/lindemannlaw.ch\/wp-content\/uploads\/2025\/07\/vaud.webp\" \/>\n\t<meta property=\"og:image:width\" content=\"1600\" \/>\n\t<meta property=\"og:image:height\" content=\"900\" \/>\n\t<meta property=\"og:image:type\" content=\"image\/webp\" \/>\n<meta name=\"twitter:card\" content=\"summary_large_image\" \/>\n<meta name=\"twitter:site\" content=\"@Lindemann_law\" \/>\n<meta name=\"twitter:label1\" content=\"Gesch\u00e4tzte Lesezeit\" \/>\n\t<meta name=\"twitter:data1\" content=\"2 Minuten\" \/>\n<script type=\"application\/ld+json\" class=\"yoast-schema-graph\">{\"@context\":\"https:\\\/\\\/schema.org\",\"@graph\":[{\"@type\":\"WebPage\",\"@id\":\"https:\\\/\\\/lindemannlaw.ch\\\/de\\\/relocation-to-the-canton-of-vaud-migration-law-corporate-law-and-tax\\\/\",\"url\":\"https:\\\/\\\/lindemannlaw.ch\\\/de\\\/relocation-to-the-canton-of-vaud-migration-law-corporate-law-and-tax\\\/\",\"name\":\"Umsiedlung in den Kanton Waadt | Migrationsrecht, Gesellschaftsrecht und Steuern | Lindemann Law\",\"isPartOf\":{\"@id\":\"https:\\\/\\\/lindemannlaw.ch\\\/de\\\/#website\"},\"primaryImageOfPage\":{\"@id\":\"https:\\\/\\\/lindemannlaw.ch\\\/de\\\/relocation-to-the-canton-of-vaud-migration-law-corporate-law-and-tax\\\/#primaryimage\"},\"image\":{\"@id\":\"https:\\\/\\\/lindemannlaw.ch\\\/de\\\/relocation-to-the-canton-of-vaud-migration-law-corporate-law-and-tax\\\/#primaryimage\"},\"thumbnailUrl\":\"https:\\\/\\\/lindemannlaw.ch\\\/wp-content\\\/uploads\\\/2025\\\/07\\\/vaud.webp\",\"datePublished\":\"2025-07-02T15:20:18+00:00\",\"dateModified\":\"2025-09-05T12:50:05+00:00\",\"description\":\"Entdecken Sie die Vorteile eines Umzugs in den Kanton Waadt. LINDEMANNLAW ber\u00e4t Einzelpersonen, Familien und Unternehmer in den Bereichen Migrationsrecht, Gesellschaftsrecht und Steuern in der Schweiz.\",\"breadcrumb\":{\"@id\":\"https:\\\/\\\/lindemannlaw.ch\\\/de\\\/relocation-to-the-canton-of-vaud-migration-law-corporate-law-and-tax\\\/#breadcrumb\"},\"inLanguage\":\"de-DE\",\"potentialAction\":[{\"@type\":\"ReadAction\",\"target\":[\"https:\\\/\\\/lindemannlaw.ch\\\/de\\\/relocation-to-the-canton-of-vaud-migration-law-corporate-law-and-tax\\\/\"]}]},{\"@type\":\"ImageObject\",\"inLanguage\":\"de-DE\",\"@id\":\"https:\\\/\\\/lindemannlaw.ch\\\/de\\\/relocation-to-the-canton-of-vaud-migration-law-corporate-law-and-tax\\\/#primaryimage\",\"url\":\"https:\\\/\\\/lindemannlaw.ch\\\/wp-content\\\/uploads\\\/2025\\\/07\\\/vaud.webp\",\"contentUrl\":\"https:\\\/\\\/lindemannlaw.ch\\\/wp-content\\\/uploads\\\/2025\\\/07\\\/vaud.webp\",\"width\":1600,\"height\":900},{\"@type\":\"BreadcrumbList\",\"@id\":\"https:\\\/\\\/lindemannlaw.ch\\\/de\\\/relocation-to-the-canton-of-vaud-migration-law-corporate-law-and-tax\\\/#breadcrumb\",\"itemListElement\":[{\"@type\":\"ListItem\",\"position\":1,\"name\":\"Home\",\"item\":\"https:\\\/\\\/lindemannlaw.ch\\\/de\\\/\"},{\"@type\":\"ListItem\",\"position\":2,\"name\":\"Umsiedlung in den Kanton Waadt | Migrationsrecht, Gesellschaftsrecht und Steuern\"}]},{\"@type\":\"WebSite\",\"@id\":\"https:\\\/\\\/lindemannlaw.ch\\\/de\\\/#website\",\"url\":\"https:\\\/\\\/lindemannlaw.ch\\\/de\\\/\",\"name\":\"Lindemann Law\",\"description\":\"Asset Management legal services\",\"publisher\":{\"@id\":\"https:\\\/\\\/lindemannlaw.ch\\\/de\\\/#organization\"},\"potentialAction\":[{\"@type\":\"SearchAction\",\"target\":{\"@type\":\"EntryPoint\",\"urlTemplate\":\"https:\\\/\\\/lindemannlaw.ch\\\/de\\\/?s={search_term_string}\"},\"query-input\":{\"@type\":\"PropertyValueSpecification\",\"valueRequired\":true,\"valueName\":\"search_term_string\"}}],\"inLanguage\":\"de-DE\"},{\"@type\":\"Organization\",\"@id\":\"https:\\\/\\\/lindemannlaw.ch\\\/de\\\/#organization\",\"name\":\"Lindemann Law\",\"url\":\"https:\\\/\\\/lindemannlaw.ch\\\/de\\\/\",\"logo\":{\"@type\":\"ImageObject\",\"inLanguage\":\"de-DE\",\"@id\":\"https:\\\/\\\/lindemannlaw.ch\\\/de\\\/#\\\/schema\\\/logo\\\/image\\\/\",\"url\":\"https:\\\/\\\/lindemannlaw.ch\\\/wp-content\\\/uploads\\\/2021\\\/01\\\/logo-lindemannlaw_cropped.png\",\"contentUrl\":\"https:\\\/\\\/lindemannlaw.ch\\\/wp-content\\\/uploads\\\/2021\\\/01\\\/logo-lindemannlaw_cropped.png\",\"width\":150,\"height\":73,\"caption\":\"Lindemann Law\"},\"image\":{\"@id\":\"https:\\\/\\\/lindemannlaw.ch\\\/de\\\/#\\\/schema\\\/logo\\\/image\\\/\"},\"sameAs\":[\"https:\\\/\\\/x.com\\\/Lindemann_law\",\"https:\\\/\\\/www.linkedin.com\\\/company\\\/lindemannlaw\\\/\"]}]}<\/script>\n<!-- \/ Yoast SEO Premium plugin. -->","yoast_head_json":{"title":"Umsiedlung in den Kanton Waadt | Migrationsrecht, Gesellschaftsrecht und Steuern | Lindemann Law","description":"Entdecken Sie die Vorteile eines Umzugs in den Kanton Waadt. LINDEMANNLAW ber\u00e4t Einzelpersonen, Familien und Unternehmer in den Bereichen Migrationsrecht, Gesellschaftsrecht und Steuern in der Schweiz.","robots":{"index":"index","follow":"follow","max-snippet":"max-snippet:-1","max-image-preview":"max-image-preview:large","max-video-preview":"max-video-preview:-1"},"canonical":"https:\/\/lindemannlaw.ch\/de\/relocation-to-the-canton-of-vaud-migration-law-corporate-law-and-tax\/","og_locale":"de_DE","og_type":"article","og_title":"Umsiedlung in den Kanton Waadt | Migrationsrecht, Gesellschaftsrecht und Steuern","og_description":"Entdecken Sie die Vorteile eines Umzugs in den Kanton Waadt. LINDEMANNLAW ber\u00e4t Einzelpersonen, Familien und Unternehmer in den Bereichen Migrationsrecht, Gesellschaftsrecht und Steuern in der Schweiz.","og_url":"https:\/\/lindemannlaw.ch\/de\/relocation-to-the-canton-of-vaud-migration-law-corporate-law-and-tax\/","og_site_name":"Lindemann Law","article_modified_time":"2025-09-05T12:50:05+00:00","og_image":[{"width":1600,"height":900,"url":"https:\/\/lindemannlaw.ch\/wp-content\/uploads\/2025\/07\/vaud.webp","type":"image\/webp"}],"twitter_card":"summary_large_image","twitter_site":"@Lindemann_law","twitter_misc":{"Gesch\u00e4tzte Lesezeit":"2 Minuten"},"schema":{"@context":"https:\/\/schema.org","@graph":[{"@type":"WebPage","@id":"https:\/\/lindemannlaw.ch\/de\/relocation-to-the-canton-of-vaud-migration-law-corporate-law-and-tax\/","url":"https:\/\/lindemannlaw.ch\/de\/relocation-to-the-canton-of-vaud-migration-law-corporate-law-and-tax\/","name":"Umsiedlung in den Kanton Waadt | Migrationsrecht, Gesellschaftsrecht und Steuern | Lindemann Law","isPartOf":{"@id":"https:\/\/lindemannlaw.ch\/de\/#website"},"primaryImageOfPage":{"@id":"https:\/\/lindemannlaw.ch\/de\/relocation-to-the-canton-of-vaud-migration-law-corporate-law-and-tax\/#primaryimage"},"image":{"@id":"https:\/\/lindemannlaw.ch\/de\/relocation-to-the-canton-of-vaud-migration-law-corporate-law-and-tax\/#primaryimage"},"thumbnailUrl":"https:\/\/lindemannlaw.ch\/wp-content\/uploads\/2025\/07\/vaud.webp","datePublished":"2025-07-02T15:20:18+00:00","dateModified":"2025-09-05T12:50:05+00:00","description":"Entdecken Sie die Vorteile eines Umzugs in den Kanton Waadt. LINDEMANNLAW ber\u00e4t Einzelpersonen, Familien und Unternehmer in den Bereichen Migrationsrecht, Gesellschaftsrecht und Steuern in der Schweiz.","breadcrumb":{"@id":"https:\/\/lindemannlaw.ch\/de\/relocation-to-the-canton-of-vaud-migration-law-corporate-law-and-tax\/#breadcrumb"},"inLanguage":"de-DE","potentialAction":[{"@type":"ReadAction","target":["https:\/\/lindemannlaw.ch\/de\/relocation-to-the-canton-of-vaud-migration-law-corporate-law-and-tax\/"]}]},{"@type":"ImageObject","inLanguage":"de-DE","@id":"https:\/\/lindemannlaw.ch\/de\/relocation-to-the-canton-of-vaud-migration-law-corporate-law-and-tax\/#primaryimage","url":"https:\/\/lindemannlaw.ch\/wp-content\/uploads\/2025\/07\/vaud.webp","contentUrl":"https:\/\/lindemannlaw.ch\/wp-content\/uploads\/2025\/07\/vaud.webp","width":1600,"height":900},{"@type":"BreadcrumbList","@id":"https:\/\/lindemannlaw.ch\/de\/relocation-to-the-canton-of-vaud-migration-law-corporate-law-and-tax\/#breadcrumb","itemListElement":[{"@type":"ListItem","position":1,"name":"Home","item":"https:\/\/lindemannlaw.ch\/de\/"},{"@type":"ListItem","position":2,"name":"Umsiedlung in den Kanton Waadt | Migrationsrecht, Gesellschaftsrecht und Steuern"}]},{"@type":"WebSite","@id":"https:\/\/lindemannlaw.ch\/de\/#website","url":"https:\/\/lindemannlaw.ch\/de\/","name":"Lindemann Law","description":"Asset Management legal services","publisher":{"@id":"https:\/\/lindemannlaw.ch\/de\/#organization"},"potentialAction":[{"@type":"SearchAction","target":{"@type":"EntryPoint","urlTemplate":"https:\/\/lindemannlaw.ch\/de\/?s={search_term_string}"},"query-input":{"@type":"PropertyValueSpecification","valueRequired":true,"valueName":"search_term_string"}}],"inLanguage":"de-DE"},{"@type":"Organization","@id":"https:\/\/lindemannlaw.ch\/de\/#organization","name":"Lindemann Law","url":"https:\/\/lindemannlaw.ch\/de\/","logo":{"@type":"ImageObject","inLanguage":"de-DE","@id":"https:\/\/lindemannlaw.ch\/de\/#\/schema\/logo\/image\/","url":"https:\/\/lindemannlaw.ch\/wp-content\/uploads\/2021\/01\/logo-lindemannlaw_cropped.png","contentUrl":"https:\/\/lindemannlaw.ch\/wp-content\/uploads\/2021\/01\/logo-lindemannlaw_cropped.png","width":150,"height":73,"caption":"Lindemann Law"},"image":{"@id":"https:\/\/lindemannlaw.ch\/de\/#\/schema\/logo\/image\/"},"sameAs":["https:\/\/x.com\/Lindemann_law","https:\/\/www.linkedin.com\/company\/lindemannlaw\/"]}]}},"_links":{"self":[{"href":"https:\/\/lindemannlaw.ch\/de\/wp-json\/wp\/v2\/pages\/22832","targetHints":{"allow":["GET"]}}],"collection":[{"href":"https:\/\/lindemannlaw.ch\/de\/wp-json\/wp\/v2\/pages"}],"about":[{"href":"https:\/\/lindemannlaw.ch\/de\/wp-json\/wp\/v2\/types\/page"}],"author":[{"embeddable":true,"href":"https:\/\/lindemannlaw.ch\/de\/wp-json\/wp\/v2\/users\/19"}],"replies":[{"embeddable":true,"href":"https:\/\/lindemannlaw.ch\/de\/wp-json\/wp\/v2\/comments?post=22832"}],"version-history":[{"count":0,"href":"https:\/\/lindemannlaw.ch\/de\/wp-json\/wp\/v2\/pages\/22832\/revisions"}],"wp:featuredmedia":[{"embeddable":true,"href":"https:\/\/lindemannlaw.ch\/de\/wp-json\/wp\/v2\/media\/21640"}],"wp:attachment":[{"href":"https:\/\/lindemannlaw.ch\/de\/wp-json\/wp\/v2\/media?parent=22832"}],"wp:term":[{"taxonomy":"related_contact","embeddable":true,"href":"https:\/\/lindemannlaw.ch\/de\/wp-json\/wp\/v2\/related_contact?post=22832"},{"taxonomy":"expertise","embeddable":true,"href":"https:\/\/lindemannlaw.ch\/de\/wp-json\/wp\/v2\/expertise?post=22832"},{"taxonomy":"webparts","embeddable":true,"href":"https:\/\/lindemannlaw.ch\/de\/wp-json\/wp\/v2\/webparts?post=22832"},{"taxonomy":"page_type","embeddable":true,"href":"https:\/\/lindemannlaw.ch\/de\/wp-json\/wp\/v2\/page_type?post=22832"}],"curies":[{"name":"wp","href":"https:\/\/api.w.org\/{rel}","templated":true}]}}