{"id":22834,"date":"2025-07-10T08:48:34","date_gmt":"2025-07-10T07:48:34","guid":{"rendered":"https:\/\/lindemannlaw.ch\/relocation-to-the-canton-of-st-gallen-migration-law-corporate-law-and-tax\/"},"modified":"2025-09-05T13:50:07","modified_gmt":"2025-09-05T12:50:07","slug":"relocation-to-the-canton-of-st-gallen-migration-law-corporate-law-and-tax","status":"publish","type":"page","link":"https:\/\/lindemannlaw.ch\/de\/relocation-to-the-canton-of-st-gallen-migration-law-corporate-law-and-tax\/","title":{"rendered":"Umsiedlung in den Kanton St. Gallen | Migrationsrecht, Gesellschaftsrecht und Steuern"},"content":{"rendered":"<h3><img decoding=\"async\" class=\"wp-image-21959 alignleft\" src=\"https:\/\/lindemannlaw.ch\/wp-content\/uploads\/2025\/07\/st-gallen-flag-248x300.png\" alt=\"\" width=\"200\" height=\"242\" srcset=\"https:\/\/lindemannlaw.ch\/wp-content\/uploads\/2025\/07\/st-gallen-flag-248x300.png 248w, https:\/\/lindemannlaw.ch\/wp-content\/uploads\/2025\/07\/st-gallen-flag.png 250w\" sizes=\"(max-width: 200px) 100vw, 200px\" \/>\u00dcbersicht<\/h3>\n<p>Der Kanton St. Gallen liegt in der Ostschweiz und grenzt an Deutschland, Liechtenstein und \u00d6sterreich. Die Hauptstadt des Kantons mit rund 515.000 Einwohnern (2023) ist die Stadt St. Gallen, die f\u00fcr ihr UNESCO-Welterbe Stiftsbezirk bekannt ist. Der Kanton ist eine wichtige Industrie- und Innovationsregion mit einer starken internationalen Ausrichtung.  <\/p>\n<h3>Wirtschaftliche St\u00e4rken &amp; Infrastruktur<\/h3>\n<p>\u2714 <strong>BIP<\/strong>: St. Gallen geh\u00f6rt zu den f\u00fchrenden Kantonen der Schweiz f\u00fcr exportorientierte Industrien und innovationsgetriebene KMU.<br \/>\n\u2714 <strong>Schl\u00fcsselindustrien<\/strong>: Feinmechanik, ICT, Textilien, Medizintechnik, Energietechnik und Finanzdienstleistungen.<br \/>\n\u2714 <strong>Bildung &amp; Forschung<\/strong>: Universit\u00e4t St. Gallen (HSG) &#8211; eine europ\u00e4ische Top Business School; Fachhochschule Ostschweiz (OST).<br \/>\n\u2714 <strong>Transport &amp; Konnektivit\u00e4t<\/strong>: Ausgezeichnete Bahn-, Stra\u00dfen- und Flugverbindungen; Flughafen St. Gallen-Altenrhein und N\u00e4he zum Flughafen Z\u00fcrich; wichtige Logistikzentren.<\/p>\n<h3>Besteuerung<\/h3>\n<p><strong>Juristische Personen: <\/strong>Juristische Personen unterliegen einer K\u00f6rperschaftssteuer mit einem Steuersatz von 14,3% und einer Kapitalsteuer von 0,06% auf das steuerpflichtige Eigenkapital. Die Kapitalsteuer wird mit der K\u00f6rperschaftssteuer verrechnet. Wenn also die K\u00f6rperschaftssteuerschuld h\u00f6her ist als die Kapitalsteuer, ist keine Kapitalsteuer f\u00e4llig. Dividendeneink\u00fcnfte und Kapitalgewinne aus qualifizierten Beteiligungen sind aufgrund der Beteiligungsfreistellung von der K\u00f6rperschaftssteuer befreit.   <\/p>\n<p><strong>Privatpersonen<\/strong>: Privatpersonen unterliegen einer progressiven Einkommensteuer mit effektiven Spitzensteuers\u00e4tzen zwischen 26,7% (Rapperswil) und 32,2% (St. Gallen). Private Kapitalgewinne sind steuerfrei und Dividenden aus qualifizierten Beteiligungen werden mit einem Abschlag von 30% auf kantonaler und 30% auf Bundesebene besteuert. Daher kann der effektive Steuersatz je nach Einkommensstruktur erheblich sein. Der Kanton erhebt eine Verm\u00f6genssteuer auf das Nettoverm\u00f6gen einer Privatperson. Eine Pauschalbesteuerung ist m\u00f6glich.    <\/p>\n<h3>Staatliche Unterst\u00fctzung f\u00fcr Unternehmensansiedlungen<\/h3>\n<table style=\"border-collapse: collapse; width: 100%; height: 193px;\">\n<tbody>\n<tr style=\"height: 128px;\">\n<td style=\"width: 17.4894%; height: 128px;\"><a href=\"https:\/\/www.sg.ch\/wirtschaft-arbeit\/standortfoerderung.html\" target=\"_blank\" rel=\"noopener\"><img decoding=\"async\" class=\"wp-image-21954 alignleft\" src=\"https:\/\/lindemannlaw.ch\/wp-content\/uploads\/2025\/07\/logo-kanton-st.gallen-300x96.png\" alt=\"\" width=\"200\" height=\"64\" srcset=\"https:\/\/lindemannlaw.ch\/wp-content\/uploads\/2025\/07\/logo-kanton-st.gallen-300x96.png 300w, https:\/\/lindemannlaw.ch\/wp-content\/uploads\/2025\/07\/logo-kanton-st.gallen.png 600w\" sizes=\"(max-width: 200px) 100vw, 200px\" \/><\/a><\/td>\n<td style=\"width: 82.5106%; height: 128px;\">\u2714 <strong>Standortf\u00f6rderung St. Gallen<\/strong><br \/>\nBietet umfassende Dienstleistungen f\u00fcr Investoren und Unternehmer &#8211; Unterst\u00fctzung, Genehmigungen und administrative Beratung.<br \/>\n<a href=\"https:\/\/www.sg.ch\/wirtschaft-arbeit\/standortfoerderung.html\" target=\"_blank\" rel=\"noopener\">Mehr erfahren<\/a><\/td>\n<\/tr>\n<tr style=\"height: 30px;\">\n<td style=\"width: 17.4894%; height: 30px;\"><a href=\"https:\/\/www.startfeld.ch\/\" target=\"_blank\" rel=\"noopener\"><img decoding=\"async\" class=\"wp-image-21964 alignleft\" src=\"https:\/\/lindemannlaw.ch\/wp-content\/uploads\/2025\/07\/switzerland_innovation_park_ost-300x147.png\" alt=\"\" width=\"200\" height=\"98\" srcset=\"https:\/\/lindemannlaw.ch\/wp-content\/uploads\/2025\/07\/switzerland_innovation_park_ost-300x147.png 300w, https:\/\/lindemannlaw.ch\/wp-content\/uploads\/2025\/07\/switzerland_innovation_park_ost-768x375.png 768w, https:\/\/lindemannlaw.ch\/wp-content\/uploads\/2025\/07\/switzerland_innovation_park_ost.png 810w\" sizes=\"(max-width: 200px) 100vw, 200px\" \/><\/a><\/td>\n<td style=\"width: 82.5106%; height: 30px;\">\u2714 <strong>Startfeld (Innovationsnetzwerk)<\/strong><br \/>\nUnterst\u00fctzt Start-ups und KMUs mit Inkubation, Finanzierung und Zugang zu Forschung und Unternehmensnetzwerken.<br \/>\n<a href=\"https:\/\/www.startfeld.ch\/\" target=\"_blank\" rel=\"noopener\">Mehr erfahren<\/a><\/td>\n<\/tr>\n<tr style=\"height: 35px;\">\n<td style=\"width: 17.4894%; height: 35px;\"><\/td>\n<td style=\"width: 82.5106%; height: 35px;\">\u2714 <strong>Regionale Wirtschaftsf\u00f6rderungsverb\u00e4nde<\/strong><br \/>\nHelfen Sie bei der Integration lokaler Unternehmen, Industriezonen und KMU-Clustern.<\/td>\n<\/tr>\n<\/tbody>\n<\/table>\n<h3>Weitere Vorteile<\/h3>\n<p>\u2714 Ein transparentes Rechtssystem und effiziente Verfahren zur Unternehmensregistrierung.<br \/>\n\u2714 Robuste Infrastruktur: zuverl\u00e4ssige Energieversorgung, fortschrittliche Logistik und digitale Netzwerke.<br \/>\n\u2714 Ausgezeichnete Lebensqualit\u00e4t: nat\u00fcrliche Sch\u00f6nheit, kultureller Reichtum und eine familienfreundliche Umgebung.<\/p>\n<h3>N\u00fctzliche offizielle Links<\/h3>\n<ul>\n<li><a href=\"https:\/\/www.sg.ch\/wirtschaft-arbeit\/standortfoerderung.html\" target=\"_blank\" rel=\"noopener\">Standortf\u00f6rderung St. Gallen<\/a><\/li>\n<li><a href=\"https:\/\/www.startfeld.ch\/\" target=\"_blank\" rel=\"noopener\">Startfeld<\/a><\/li>\n<li><a href=\"https:\/\/www.kmu.admin.ch\/kmu\/en\/home\/concrete-know-how\/setting-up-sme\/starting-business.html\" target=\"_blank\" rel=\"noopener\">Unternehmensgr\u00fcndung in der Schweiz (KMU-Portal des Bundes)<\/a><\/li>\n<\/ul>\n<p>Der Kanton St. Gallen verbindet Innovation, industrielle St\u00e4rke und internationale Vernetzung und ist damit ideal f\u00fcr Unternehmer, Investoren und Familien. <strong>LINDEMANNLAW<\/strong> ber\u00e4t Sie im Migrationsrecht, Gesellschaftsrecht, bei der Steuerplanung und allen rechtlichen Aspekten Ihres Umzugs nach St. Gallen.<\/p>\n","protected":false},"excerpt":{"rendered":"<p>\u00dcbersicht Der Kanton St. Gallen liegt in der Ostschweiz und grenzt an Deutschland, Liechtenstein und \u00d6sterreich. Die Hauptstadt des Kantons mit rund 515.000 Einwohnern (2023) ist die Stadt St. Gallen, die f\u00fcr ihr UNESCO-Welterbe Stiftsbezirk bekannt ist. Der Kanton ist eine wichtige Industrie- und Innovationsregion mit einer starken internationalen Ausrichtung. Wirtschaftliche St\u00e4rken &amp; Infrastruktur \u2714 [&hellip;]<\/p>\n","protected":false},"author":19,"featured_media":21971,"parent":0,"menu_order":0,"comment_status":"closed","ping_status":"closed","template":"","meta":{"_acf_changed":false,"site-sidebar-layout":"default","site-content-layout":"","ast-site-content-layout":"default","site-content-style":"default","site-sidebar-style":"default","ast-global-header-display":"","ast-banner-title-visibility":"","ast-main-header-display":"","ast-hfb-above-header-display":"","ast-hfb-below-header-display":"","ast-hfb-mobile-header-display":"","site-post-title":"","ast-breadcrumbs-content":"","ast-featured-img":"","footer-sml-layout":"","ast-disable-related-posts":"","theme-transparent-header-meta":"default","adv-header-id-meta":"","stick-header-meta":"","header-above-stick-meta":"","header-main-stick-meta":"","header-below-stick-meta":"","astra-migrate-meta-layouts":"default","ast-page-background-enabled":"default","ast-page-background-meta":{"desktop":{"background-color":"var(--ast-global-color-4)","background-image":"","background-repeat":"repeat","background-position":"center center","background-size":"auto","background-attachment":"scroll","background-type":"","background-media":"","overlay-type":"","overlay-color":"","overlay-opacity":"","overlay-gradient":""},"tablet":{"background-color":"","background-image":"","background-repeat":"repeat","background-position":"center center","background-size":"auto","background-attachment":"scroll","background-type":"","background-media":"","overlay-type":"","overlay-color":"","overlay-opacity":"","overlay-gradient":""},"mobile":{"background-color":"","background-image":"","background-repeat":"repeat","background-position":"center center","background-size":"auto","background-attachment":"scroll","background-type":"","background-media":"","overlay-type":"","overlay-color":"","overlay-opacity":"","overlay-gradient":""}},"ast-content-background-meta":{"desktop":{"background-color":"var(--ast-global-color-5)","background-image":"","background-repeat":"repeat","background-position":"center center","background-size":"auto","background-attachment":"scroll","background-type":"","background-media":"","overlay-type":"","overlay-color":"","overlay-opacity":"","overlay-gradient":""},"tablet":{"background-color":"var(--ast-global-color-5)","background-image":"","background-repeat":"repeat","background-position":"center center","background-size":"auto","background-attachment":"scroll","background-type":"","background-media":"","overlay-type":"","overlay-color":"","overlay-opacity":"","overlay-gradient":""},"mobile":{"background-color":"var(--ast-global-color-5)","background-image":"","background-repeat":"repeat","background-position":"center center","background-size":"auto","background-attachment":"scroll","background-type":"","background-media":"","overlay-type":"","overlay-color":"","overlay-opacity":"","overlay-gradient":""}},"footnotes":""},"related_contact":[201,438],"expertise":[362,190],"webparts":[],"page_type":[],"class_list":["post-22834","page","type-page","status-publish","has-post-thumbnail","hentry"],"acf":[],"yoast_head":"<!-- This site is optimized with the Yoast SEO Premium plugin v27.5 (Yoast SEO v27.5) - https:\/\/yoast.com\/product\/yoast-seo-premium-wordpress\/ -->\n<title>Umsiedlung in den Kanton St. Gallen | Migrationsrecht, Gesellschaftsrecht und Steuern | Lindemann Law<\/title>\n<meta name=\"description\" content=\"Entdecken Sie die Vorteile eines Umzugs in den Kanton St. Gallen. LINDEMANNLAW ber\u00e4t Einzelpersonen, Familien und Unternehmer in den Bereichen Migrationsrecht, Gesellschaftsrecht und Steuerfragen in der Schweiz.\" \/>\n<meta name=\"robots\" content=\"index, follow, max-snippet:-1, max-image-preview:large, max-video-preview:-1\" \/>\n<link rel=\"canonical\" href=\"https:\/\/lindemannlaw.ch\/de\/relocation-to-the-canton-of-st-gallen-migration-law-corporate-law-and-tax\/\" \/>\n<meta property=\"og:locale\" content=\"de_DE\" \/>\n<meta property=\"og:type\" content=\"article\" \/>\n<meta property=\"og:title\" content=\"Umsiedlung in den Kanton St. Gallen | Migrationsrecht, Gesellschaftsrecht und Steuern\" \/>\n<meta property=\"og:description\" content=\"Entdecken Sie die Vorteile eines Umzugs in den Kanton St. Gallen. LINDEMANNLAW ber\u00e4t Einzelpersonen, Familien und Unternehmer in den Bereichen Migrationsrecht, Gesellschaftsrecht und Steuerfragen in der Schweiz.\" \/>\n<meta property=\"og:url\" content=\"https:\/\/lindemannlaw.ch\/de\/relocation-to-the-canton-of-st-gallen-migration-law-corporate-law-and-tax\/\" \/>\n<meta property=\"og:site_name\" content=\"Lindemann Law\" \/>\n<meta property=\"article:modified_time\" content=\"2025-09-05T12:50:07+00:00\" \/>\n<meta property=\"og:image\" content=\"https:\/\/lindemannlaw.ch\/wp-content\/uploads\/2025\/07\/st-gallen.webp\" \/>\n\t<meta property=\"og:image:width\" content=\"1920\" \/>\n\t<meta property=\"og:image:height\" content=\"1080\" \/>\n\t<meta property=\"og:image:type\" content=\"image\/webp\" \/>\n<meta name=\"twitter:card\" content=\"summary_large_image\" \/>\n<meta name=\"twitter:site\" content=\"@Lindemann_law\" \/>\n<meta name=\"twitter:label1\" content=\"Gesch\u00e4tzte Lesezeit\" \/>\n\t<meta name=\"twitter:data1\" content=\"2 Minuten\" \/>\n<script type=\"application\/ld+json\" class=\"yoast-schema-graph\">{\"@context\":\"https:\\\/\\\/schema.org\",\"@graph\":[{\"@type\":\"WebPage\",\"@id\":\"https:\\\/\\\/lindemannlaw.ch\\\/de\\\/relocation-to-the-canton-of-st-gallen-migration-law-corporate-law-and-tax\\\/\",\"url\":\"https:\\\/\\\/lindemannlaw.ch\\\/de\\\/relocation-to-the-canton-of-st-gallen-migration-law-corporate-law-and-tax\\\/\",\"name\":\"Umsiedlung in den Kanton St. Gallen | Migrationsrecht, Gesellschaftsrecht und Steuern | Lindemann Law\",\"isPartOf\":{\"@id\":\"https:\\\/\\\/lindemannlaw.ch\\\/de\\\/#website\"},\"primaryImageOfPage\":{\"@id\":\"https:\\\/\\\/lindemannlaw.ch\\\/de\\\/relocation-to-the-canton-of-st-gallen-migration-law-corporate-law-and-tax\\\/#primaryimage\"},\"image\":{\"@id\":\"https:\\\/\\\/lindemannlaw.ch\\\/de\\\/relocation-to-the-canton-of-st-gallen-migration-law-corporate-law-and-tax\\\/#primaryimage\"},\"thumbnailUrl\":\"https:\\\/\\\/lindemannlaw.ch\\\/wp-content\\\/uploads\\\/2025\\\/07\\\/st-gallen.webp\",\"datePublished\":\"2025-07-10T07:48:34+00:00\",\"dateModified\":\"2025-09-05T12:50:07+00:00\",\"description\":\"Entdecken Sie die Vorteile eines Umzugs in den Kanton St. Gallen. LINDEMANNLAW ber\u00e4t Einzelpersonen, Familien und Unternehmer in den Bereichen Migrationsrecht, Gesellschaftsrecht und Steuerfragen in der Schweiz.\",\"breadcrumb\":{\"@id\":\"https:\\\/\\\/lindemannlaw.ch\\\/de\\\/relocation-to-the-canton-of-st-gallen-migration-law-corporate-law-and-tax\\\/#breadcrumb\"},\"inLanguage\":\"de-DE\",\"potentialAction\":[{\"@type\":\"ReadAction\",\"target\":[\"https:\\\/\\\/lindemannlaw.ch\\\/de\\\/relocation-to-the-canton-of-st-gallen-migration-law-corporate-law-and-tax\\\/\"]}]},{\"@type\":\"ImageObject\",\"inLanguage\":\"de-DE\",\"@id\":\"https:\\\/\\\/lindemannlaw.ch\\\/de\\\/relocation-to-the-canton-of-st-gallen-migration-law-corporate-law-and-tax\\\/#primaryimage\",\"url\":\"https:\\\/\\\/lindemannlaw.ch\\\/wp-content\\\/uploads\\\/2025\\\/07\\\/st-gallen.webp\",\"contentUrl\":\"https:\\\/\\\/lindemannlaw.ch\\\/wp-content\\\/uploads\\\/2025\\\/07\\\/st-gallen.webp\",\"width\":1920,\"height\":1080},{\"@type\":\"BreadcrumbList\",\"@id\":\"https:\\\/\\\/lindemannlaw.ch\\\/de\\\/relocation-to-the-canton-of-st-gallen-migration-law-corporate-law-and-tax\\\/#breadcrumb\",\"itemListElement\":[{\"@type\":\"ListItem\",\"position\":1,\"name\":\"Home\",\"item\":\"https:\\\/\\\/lindemannlaw.ch\\\/de\\\/\"},{\"@type\":\"ListItem\",\"position\":2,\"name\":\"Umsiedlung in den Kanton St. Gallen | Migrationsrecht, Gesellschaftsrecht und Steuern\"}]},{\"@type\":\"WebSite\",\"@id\":\"https:\\\/\\\/lindemannlaw.ch\\\/de\\\/#website\",\"url\":\"https:\\\/\\\/lindemannlaw.ch\\\/de\\\/\",\"name\":\"Lindemann Law\",\"description\":\"Asset Management legal services\",\"publisher\":{\"@id\":\"https:\\\/\\\/lindemannlaw.ch\\\/de\\\/#organization\"},\"potentialAction\":[{\"@type\":\"SearchAction\",\"target\":{\"@type\":\"EntryPoint\",\"urlTemplate\":\"https:\\\/\\\/lindemannlaw.ch\\\/de\\\/?s={search_term_string}\"},\"query-input\":{\"@type\":\"PropertyValueSpecification\",\"valueRequired\":true,\"valueName\":\"search_term_string\"}}],\"inLanguage\":\"de-DE\"},{\"@type\":\"Organization\",\"@id\":\"https:\\\/\\\/lindemannlaw.ch\\\/de\\\/#organization\",\"name\":\"Lindemann Law\",\"url\":\"https:\\\/\\\/lindemannlaw.ch\\\/de\\\/\",\"logo\":{\"@type\":\"ImageObject\",\"inLanguage\":\"de-DE\",\"@id\":\"https:\\\/\\\/lindemannlaw.ch\\\/de\\\/#\\\/schema\\\/logo\\\/image\\\/\",\"url\":\"https:\\\/\\\/lindemannlaw.ch\\\/wp-content\\\/uploads\\\/2021\\\/01\\\/logo-lindemannlaw_cropped.png\",\"contentUrl\":\"https:\\\/\\\/lindemannlaw.ch\\\/wp-content\\\/uploads\\\/2021\\\/01\\\/logo-lindemannlaw_cropped.png\",\"width\":150,\"height\":73,\"caption\":\"Lindemann Law\"},\"image\":{\"@id\":\"https:\\\/\\\/lindemannlaw.ch\\\/de\\\/#\\\/schema\\\/logo\\\/image\\\/\"},\"sameAs\":[\"https:\\\/\\\/x.com\\\/Lindemann_law\",\"https:\\\/\\\/www.linkedin.com\\\/company\\\/lindemannlaw\\\/\"]}]}<\/script>\n<!-- \/ Yoast SEO Premium plugin. -->","yoast_head_json":{"title":"Umsiedlung in den Kanton St. Gallen | Migrationsrecht, Gesellschaftsrecht und Steuern | Lindemann Law","description":"Entdecken Sie die Vorteile eines Umzugs in den Kanton St. Gallen. LINDEMANNLAW ber\u00e4t Einzelpersonen, Familien und Unternehmer in den Bereichen Migrationsrecht, Gesellschaftsrecht und Steuerfragen in der Schweiz.","robots":{"index":"index","follow":"follow","max-snippet":"max-snippet:-1","max-image-preview":"max-image-preview:large","max-video-preview":"max-video-preview:-1"},"canonical":"https:\/\/lindemannlaw.ch\/de\/relocation-to-the-canton-of-st-gallen-migration-law-corporate-law-and-tax\/","og_locale":"de_DE","og_type":"article","og_title":"Umsiedlung in den Kanton St. Gallen | Migrationsrecht, Gesellschaftsrecht und Steuern","og_description":"Entdecken Sie die Vorteile eines Umzugs in den Kanton St. Gallen. LINDEMANNLAW ber\u00e4t Einzelpersonen, Familien und Unternehmer in den Bereichen Migrationsrecht, Gesellschaftsrecht und Steuerfragen in der Schweiz.","og_url":"https:\/\/lindemannlaw.ch\/de\/relocation-to-the-canton-of-st-gallen-migration-law-corporate-law-and-tax\/","og_site_name":"Lindemann Law","article_modified_time":"2025-09-05T12:50:07+00:00","og_image":[{"width":1920,"height":1080,"url":"https:\/\/lindemannlaw.ch\/wp-content\/uploads\/2025\/07\/st-gallen.webp","type":"image\/webp"}],"twitter_card":"summary_large_image","twitter_site":"@Lindemann_law","twitter_misc":{"Gesch\u00e4tzte Lesezeit":"2 Minuten"},"schema":{"@context":"https:\/\/schema.org","@graph":[{"@type":"WebPage","@id":"https:\/\/lindemannlaw.ch\/de\/relocation-to-the-canton-of-st-gallen-migration-law-corporate-law-and-tax\/","url":"https:\/\/lindemannlaw.ch\/de\/relocation-to-the-canton-of-st-gallen-migration-law-corporate-law-and-tax\/","name":"Umsiedlung in den Kanton St. Gallen | Migrationsrecht, Gesellschaftsrecht und Steuern | Lindemann Law","isPartOf":{"@id":"https:\/\/lindemannlaw.ch\/de\/#website"},"primaryImageOfPage":{"@id":"https:\/\/lindemannlaw.ch\/de\/relocation-to-the-canton-of-st-gallen-migration-law-corporate-law-and-tax\/#primaryimage"},"image":{"@id":"https:\/\/lindemannlaw.ch\/de\/relocation-to-the-canton-of-st-gallen-migration-law-corporate-law-and-tax\/#primaryimage"},"thumbnailUrl":"https:\/\/lindemannlaw.ch\/wp-content\/uploads\/2025\/07\/st-gallen.webp","datePublished":"2025-07-10T07:48:34+00:00","dateModified":"2025-09-05T12:50:07+00:00","description":"Entdecken Sie die Vorteile eines Umzugs in den Kanton St. Gallen. LINDEMANNLAW ber\u00e4t Einzelpersonen, Familien und Unternehmer in den Bereichen Migrationsrecht, Gesellschaftsrecht und Steuerfragen in der Schweiz.","breadcrumb":{"@id":"https:\/\/lindemannlaw.ch\/de\/relocation-to-the-canton-of-st-gallen-migration-law-corporate-law-and-tax\/#breadcrumb"},"inLanguage":"de-DE","potentialAction":[{"@type":"ReadAction","target":["https:\/\/lindemannlaw.ch\/de\/relocation-to-the-canton-of-st-gallen-migration-law-corporate-law-and-tax\/"]}]},{"@type":"ImageObject","inLanguage":"de-DE","@id":"https:\/\/lindemannlaw.ch\/de\/relocation-to-the-canton-of-st-gallen-migration-law-corporate-law-and-tax\/#primaryimage","url":"https:\/\/lindemannlaw.ch\/wp-content\/uploads\/2025\/07\/st-gallen.webp","contentUrl":"https:\/\/lindemannlaw.ch\/wp-content\/uploads\/2025\/07\/st-gallen.webp","width":1920,"height":1080},{"@type":"BreadcrumbList","@id":"https:\/\/lindemannlaw.ch\/de\/relocation-to-the-canton-of-st-gallen-migration-law-corporate-law-and-tax\/#breadcrumb","itemListElement":[{"@type":"ListItem","position":1,"name":"Home","item":"https:\/\/lindemannlaw.ch\/de\/"},{"@type":"ListItem","position":2,"name":"Umsiedlung in den Kanton St. Gallen | Migrationsrecht, Gesellschaftsrecht und Steuern"}]},{"@type":"WebSite","@id":"https:\/\/lindemannlaw.ch\/de\/#website","url":"https:\/\/lindemannlaw.ch\/de\/","name":"Lindemann Law","description":"Asset Management legal services","publisher":{"@id":"https:\/\/lindemannlaw.ch\/de\/#organization"},"potentialAction":[{"@type":"SearchAction","target":{"@type":"EntryPoint","urlTemplate":"https:\/\/lindemannlaw.ch\/de\/?s={search_term_string}"},"query-input":{"@type":"PropertyValueSpecification","valueRequired":true,"valueName":"search_term_string"}}],"inLanguage":"de-DE"},{"@type":"Organization","@id":"https:\/\/lindemannlaw.ch\/de\/#organization","name":"Lindemann Law","url":"https:\/\/lindemannlaw.ch\/de\/","logo":{"@type":"ImageObject","inLanguage":"de-DE","@id":"https:\/\/lindemannlaw.ch\/de\/#\/schema\/logo\/image\/","url":"https:\/\/lindemannlaw.ch\/wp-content\/uploads\/2021\/01\/logo-lindemannlaw_cropped.png","contentUrl":"https:\/\/lindemannlaw.ch\/wp-content\/uploads\/2021\/01\/logo-lindemannlaw_cropped.png","width":150,"height":73,"caption":"Lindemann Law"},"image":{"@id":"https:\/\/lindemannlaw.ch\/de\/#\/schema\/logo\/image\/"},"sameAs":["https:\/\/x.com\/Lindemann_law","https:\/\/www.linkedin.com\/company\/lindemannlaw\/"]}]}},"_links":{"self":[{"href":"https:\/\/lindemannlaw.ch\/de\/wp-json\/wp\/v2\/pages\/22834","targetHints":{"allow":["GET"]}}],"collection":[{"href":"https:\/\/lindemannlaw.ch\/de\/wp-json\/wp\/v2\/pages"}],"about":[{"href":"https:\/\/lindemannlaw.ch\/de\/wp-json\/wp\/v2\/types\/page"}],"author":[{"embeddable":true,"href":"https:\/\/lindemannlaw.ch\/de\/wp-json\/wp\/v2\/users\/19"}],"replies":[{"embeddable":true,"href":"https:\/\/lindemannlaw.ch\/de\/wp-json\/wp\/v2\/comments?post=22834"}],"version-history":[{"count":0,"href":"https:\/\/lindemannlaw.ch\/de\/wp-json\/wp\/v2\/pages\/22834\/revisions"}],"wp:featuredmedia":[{"embeddable":true,"href":"https:\/\/lindemannlaw.ch\/de\/wp-json\/wp\/v2\/media\/21971"}],"wp:attachment":[{"href":"https:\/\/lindemannlaw.ch\/de\/wp-json\/wp\/v2\/media?parent=22834"}],"wp:term":[{"taxonomy":"related_contact","embeddable":true,"href":"https:\/\/lindemannlaw.ch\/de\/wp-json\/wp\/v2\/related_contact?post=22834"},{"taxonomy":"expertise","embeddable":true,"href":"https:\/\/lindemannlaw.ch\/de\/wp-json\/wp\/v2\/expertise?post=22834"},{"taxonomy":"webparts","embeddable":true,"href":"https:\/\/lindemannlaw.ch\/de\/wp-json\/wp\/v2\/webparts?post=22834"},{"taxonomy":"page_type","embeddable":true,"href":"https:\/\/lindemannlaw.ch\/de\/wp-json\/wp\/v2\/page_type?post=22834"}],"curies":[{"name":"wp","href":"https:\/\/api.w.org\/{rel}","templated":true}]}}