{"id":22836,"date":"2025-07-16T07:49:41","date_gmt":"2025-07-16T06:49:41","guid":{"rendered":"https:\/\/lindemannlaw.ch\/relocation-to-the-canton-of-solothurn-migration-law-corporate-law-and-tax\/"},"modified":"2025-09-05T13:50:07","modified_gmt":"2025-09-05T12:50:07","slug":"relocation-to-the-canton-of-solothurn-migration-law-corporate-law-and-tax","status":"publish","type":"page","link":"https:\/\/lindemannlaw.ch\/de\/relocation-to-the-canton-of-solothurn-migration-law-corporate-law-and-tax\/","title":{"rendered":"Umsiedlung in den Kanton Solothurn | Migrationsrecht, Gesellschaftsrecht und Steuern"},"content":{"rendered":"<h3> <img decoding=\"async\" class=\"wp-image-22222 alignleft\" src=\"https:\/\/lindemannlaw.ch\/wp-content\/uploads\/2025\/07\/solothurn_logo-247x300.png\" alt=\"\" width=\"200\" height=\"243\" srcset=\"https:\/\/lindemannlaw.ch\/wp-content\/uploads\/2025\/07\/solothurn_logo-247x300.png 247w, https:\/\/lindemannlaw.ch\/wp-content\/uploads\/2025\/07\/solothurn_logo.png 768w\" sizes=\"(max-width: 200px) 100vw, 200px\" \/>\u00dcbersicht<\/h3>\n<p>Der Kanton Solothurn liegt im Nordwesten der Schweiz und dient als wichtiger industrieller und logistischer Knotenpunkt zwischen Basel, Bern und Z\u00fcrich. Die Hauptstadt des Kantons mit rund 285.000 Einwohnern (2023) ist Solothurn, das als &#8222;sch\u00f6nste Barockstadt der Schweiz&#8220; bekannt ist. Der Kanton bietet eine stark diversifizierte Wirtschaft und eine zentrale Lage f\u00fcr den Zugang zu den Schweizer und europ\u00e4ischen M\u00e4rkten.  <\/p>\n<h3>Wirtschaftliche St\u00e4rken &amp; Infrastruktur<\/h3>\n<p>\u2714 <strong>BIP<\/strong>: Ein starker Beitrag zum Schweizer verarbeitenden Gewerbe, zur Energieversorgung und zu Dienstleistungen im Gesundheitswesen.<br \/>\n\u2714 <strong>Schl\u00fcsselindustrien<\/strong>: Medizintechnik, Feinmechanik, Maschinenbau, Logistik, ICT und erneuerbare Energien.<br \/>\n\u2714 <strong>Bildung &amp; Forschung<\/strong>: Fachhochschule Nordwestschweiz (FHNW) und Fachhochschulen, die angewandte F&amp;E und Berufsausbildung unterst\u00fctzen.<br \/>\n\u2714 <strong>Transport &amp; Anbindung<\/strong>: Strategischer Autobahn- und Bahnanschluss an Basel, Bern und Z\u00fcrich; effiziente Frachtlogistik und N\u00e4he zu gro\u00dfen Flugh\u00e4fen.<\/p>\n<h3>Besteuerung<\/h3>\n<p><strong>Juristische Personen: <\/strong>Juristische Personen unterliegen einer K\u00f6rperschaftssteuer zum Steuersatz von 15,3% (Solothurn) und einer Kapitalsteuer von 0,17% auf das steuerbare Eigenkapital. Die Kapitalsteuer wird mit der K\u00f6rperschaftssteuer verrechnet. Wenn also die K\u00f6rperschaftssteuerschuld h\u00f6her ist als die Kapitalsteuer, wird keine Kapitalsteuer f\u00e4llig. Dividendeneink\u00fcnfte und Kapitalgewinne aus qualifizierten Beteiligungen sind aufgrund der Beteiligungsfreistellung von der K\u00f6rperschaftssteuer befreit.   <\/p>\n<p><strong>Privatpersonen<\/strong>: Privatpersonen unterliegen einer progressiven Einkommensteuer mit effektiven Spitzensteuers\u00e4tzen zwischen 29,25% (Kammersrohr) und 37% (Zullwil). Private Kapitalgewinne sind steuerfrei und Dividenden aus qualifizierten Beteiligungen werden mit einem Abschlag von 30% auf kantonaler und 30% auf Bundesebene besteuert. Daher kann der effektive Steuersatz je nach Einkommensstruktur erheblich sein. Der Kanton erhebt eine Verm\u00f6genssteuer auf das Nettoverm\u00f6gen einer Privatperson. Pauschalbesteuerungsregelung verf\u00fcgbar.    <\/p>\n<h3>Staatliche Unterst\u00fctzung f\u00fcr Unternehmensansiedlungen<\/h3>\n<table style=\"border-collapse: collapse; width: 100%; height: 375px;\">\n<tbody>\n<tr style=\"height: 141px;\">\n<td style=\"width: 25.1229%; height: 141px;\"><a href=\"https:\/\/standortsolothurn.so.ch\/en\/\"><img decoding=\"async\" class=\"alignnone wp-image-22202\" src=\"https:\/\/lindemannlaw.ch\/wp-content\/uploads\/2025\/07\/kanton_solothurn_logo-300x43.webp\" alt=\"\" width=\"200\" height=\"29\" srcset=\"https:\/\/lindemannlaw.ch\/wp-content\/uploads\/2025\/07\/kanton_solothurn_logo-300x43.webp 300w, https:\/\/lindemannlaw.ch\/wp-content\/uploads\/2025\/07\/kanton_solothurn_logo-1024x148.webp 1024w, https:\/\/lindemannlaw.ch\/wp-content\/uploads\/2025\/07\/kanton_solothurn_logo-768x111.webp 768w, https:\/\/lindemannlaw.ch\/wp-content\/uploads\/2025\/07\/kanton_solothurn_logo.webp 1200w\" sizes=\"(max-width: 200px) 100vw, 200px\" \/><\/a><\/td>\n<td style=\"width: 74.8771%; height: 141px;\">\u2714 <strong>Wirtschaftsf\u00f6rderung Solothurn<\/strong><br \/>\nBietet Unterst\u00fctzung bei der Ansiedlung von Unternehmen, Genehmigungen, Finanzierungsm\u00f6glichkeiten und der Einbindung in Unternehmensnetzwerke.<br \/>\n<a href=\"https:\/\/standortsolothurn.so.ch\/en\/\" target=\"_blank\" rel=\"noopener\">Mehr erfahren<\/a><\/td>\n<\/tr>\n<tr style=\"height: 130px;\">\n<td style=\"width: 25.1229%; height: 130px;\"><a href=\"https:\/\/www.regioenergie.ch\/\" target=\"_blank\" rel=\"noopener\"><img decoding=\"async\" class=\"alignnone wp-image-22207\" src=\"https:\/\/lindemannlaw.ch\/wp-content\/uploads\/2025\/07\/regio-energie-solothurn-logo-300x104.jpg\" alt=\"\" width=\"200\" height=\"70\" srcset=\"https:\/\/lindemannlaw.ch\/wp-content\/uploads\/2025\/07\/regio-energie-solothurn-logo-300x104.jpg 300w, https:\/\/lindemannlaw.ch\/wp-content\/uploads\/2025\/07\/regio-energie-solothurn-logo-768x267.jpg 768w, https:\/\/lindemannlaw.ch\/wp-content\/uploads\/2025\/07\/regio-energie-solothurn-logo.jpg 886w\" sizes=\"(max-width: 200px) 100vw, 200px\" \/><\/a><\/td>\n<td style=\"width: 74.8771%; height: 130px;\">\u2714 <strong>Regio Energie Solothurn &#8211; Business Services<\/strong><br \/>\nBietet Energieinfrastrukturl\u00f6sungen und nachhaltige Versorgungsdienstleistungen f\u00fcr Gewerbebetriebe.<br \/>\n<a href=\"https:\/\/www.regioenergie.ch\/\" target=\"_blank\" rel=\"noopener\">Mehr erfahren<\/a><\/td>\n<\/tr>\n<tr style=\"height: 52px;\">\n<td style=\"width: 25.1229%; height: 52px;\"><a href=\"https:\/\/www.sohk.ch\/\" target=\"_blank\" rel=\"noopener\"><img loading=\"lazy\" decoding=\"async\" class=\"alignnone wp-image-22212\" src=\"https:\/\/lindemannlaw.ch\/wp-content\/uploads\/2025\/07\/solothurner-handelskammer-logo.jpg\" alt=\"\" width=\"200\" height=\"123\"><\/a><\/td>\n<td style=\"width: 74.8771%; height: 52px;\">\u2714 <strong>Solothurner Handelskammer (SOHK)<\/strong><br \/>\nUnterst\u00fctzt Unternehmer mit Rechtsberatung, lokaler Vernetzung und Hilfe bei Export\/Import.<br \/>\n<a href=\"https:\/\/www.sohk.ch\/\" target=\"_blank\" rel=\"noopener\">Mehr erfahren<\/a><\/td>\n<\/tr>\n<tr style=\"height: 52px;\">\n<td style=\"width: 25.1229%; height: 52px;\"><a href=\"https:\/\/www.sipbb.ch\/\" target=\"_blank\" rel=\"noopener\"><img loading=\"lazy\" decoding=\"async\" class=\"alignnone wp-image-21785\" src=\"https:\/\/lindemannlaw.ch\/wp-content\/uploads\/2025\/07\/switzerland-innovation-park-biel-bienne-e1751901611692.png\" alt=\"\" width=\"200\" height=\"100\" srcset=\"https:\/\/lindemannlaw.ch\/wp-content\/uploads\/2025\/07\/switzerland-innovation-park-biel-bienne-e1751901611692.png 810w, https:\/\/lindemannlaw.ch\/wp-content\/uploads\/2025\/07\/switzerland-innovation-park-biel-bienne-e1751901611692-300x150.png 300w, https:\/\/lindemannlaw.ch\/wp-content\/uploads\/2025\/07\/switzerland-innovation-park-biel-bienne-e1751901611692-768x385.png 768w\" sizes=\"(max-width: 200px) 100vw, 200px\" \/><\/a><\/td>\n<td style=\"width: 74.8771%; height: 52px;\">\u2714 <strong>Switzerland Innovation Park Biel\/Bienne (regionaler Zugang)<\/strong><br \/>\nUnterst\u00fctzt Start-ups und industrielle Technologieunternehmen in der N\u00e4he von Solothurn durch regionale Partnerschaften.<br \/>\n<a href=\"https:\/\/www.sipbb.ch\/\" target=\"_blank\" rel=\"noopener\">Mehr erfahren<\/a><\/td>\n<\/tr>\n<\/tbody>\n<\/table>\n<h3>Weitere Vorteile<\/h3>\n<p>\u2714 Effiziente rechtliche und administrative Prozesse f\u00fcr Unternehmensgr\u00fcndungen und -migrationen.<br \/>\n\u2714 Gut erschlossene Industriegebiete und erschwingliche Gewerbeimmobilien.<br \/>\n\u2714 Hohe Lebensqualit\u00e4t: kultureller Reichtum, hervorragende Schulen und attraktive Wohngegenden in der Natur.<\/p>\n<h3>N\u00fctzliche offizielle Links<\/h3>\n<ul>\n<li><a href=\"https:\/\/standortsolothurn.so.ch\/en\/\" target=\"_blank\" rel=\"noopener\">Amt f\u00fcr Wirtschaftsf\u00f6rderung Solothurn<\/a><\/li>\n<li><a href=\"https:\/\/www.sohk.ch\/\" target=\"_blank\" rel=\"noopener\">Solothurner Handelskammer (SOHK)<\/a><\/li>\n<li><a href=\"https:\/\/www.regioenergie.ch\/\" target=\"_blank\" rel=\"noopener\">Regio Energie Solothurn<\/a><\/li>\n<li><a href=\"https:\/\/www.sipbb.ch\/\" target=\"_blank\" rel=\"noopener\">Schweiz Innovationspark Biel\/Bienne<\/a><\/li>\n<li><a href=\"https:\/\/so.chregister.ch\/cr-portal\/suche\/suche.xhtml#:~:text=Auf%20diesem%20Portal%20k%C3%B6nnen%20Sie%20die%20publizierten%20Daten,Browser%20oder%20als%20pdf-Dokument%20angezeigt%20bzw.%20heruntergeladen%20werden.\" target=\"_blank\" rel=\"noopener\">Solothurn Branchenbuch<\/a><\/li>\n<li><a href=\"https:\/\/www.kmu.admin.ch\/kmu\/en\/home\/concrete-know-how\/setting-up-sme\/starting-business.html\" target=\"_blank\" rel=\"noopener\">Unternehmensgr\u00fcndung in der Schweiz (KMU-Portal des Bundes)<\/a><\/li>\n<\/ul>\n<p>Der Kanton Solothurn bietet einen strategischen Zugang zu den M\u00e4rkten der Schweiz und der EU, eine starke industrielle Infrastruktur und ein unterst\u00fctzendes rechtliches und gesch\u00e4ftliches Umfeld. <strong>LINDEMANNLAW<\/strong> unterst\u00fctzt Unternehmer, Familien und Investoren in den Bereichen Migrationsrecht, Gesellschaftsrecht, Steuerstrukturierung und Relocation Support, die auf Solothurn zugeschnitten sind.<\/p>\n","protected":false},"excerpt":{"rendered":"<p>\u00dcbersicht Der Kanton Solothurn liegt im Nordwesten der Schweiz und dient als wichtiger industrieller und logistischer Knotenpunkt zwischen Basel, Bern und Z\u00fcrich. Die Hauptstadt des Kantons mit rund 285.000 Einwohnern (2023) ist Solothurn, das als &#8222;sch\u00f6nste Barockstadt der Schweiz&#8220; bekannt ist. Der Kanton bietet eine stark diversifizierte Wirtschaft und eine zentrale Lage f\u00fcr den Zugang [&hellip;]<\/p>\n","protected":false},"author":19,"featured_media":22219,"parent":0,"menu_order":0,"comment_status":"closed","ping_status":"closed","template":"","meta":{"_acf_changed":false,"site-sidebar-layout":"default","site-content-layout":"","ast-site-content-layout":"default","site-content-style":"default","site-sidebar-style":"default","ast-global-header-display":"","ast-banner-title-visibility":"","ast-main-header-display":"","ast-hfb-above-header-display":"","ast-hfb-below-header-display":"","ast-hfb-mobile-header-display":"","site-post-title":"","ast-breadcrumbs-content":"","ast-featured-img":"","footer-sml-layout":"","ast-disable-related-posts":"","theme-transparent-header-meta":"default","adv-header-id-meta":"","stick-header-meta":"","header-above-stick-meta":"","header-main-stick-meta":"","header-below-stick-meta":"","astra-migrate-meta-layouts":"default","ast-page-background-enabled":"default","ast-page-background-meta":{"desktop":{"background-color":"var(--ast-global-color-4)","background-image":"","background-repeat":"repeat","background-position":"center center","background-size":"auto","background-attachment":"scroll","background-type":"","background-media":"","overlay-type":"","overlay-color":"","overlay-opacity":"","overlay-gradient":""},"tablet":{"background-color":"","background-image":"","background-repeat":"repeat","background-position":"center center","background-size":"auto","background-attachment":"scroll","background-type":"","background-media":"","overlay-type":"","overlay-color":"","overlay-opacity":"","overlay-gradient":""},"mobile":{"background-color":"","background-image":"","background-repeat":"repeat","background-position":"center center","background-size":"auto","background-attachment":"scroll","background-type":"","background-media":"","overlay-type":"","overlay-color":"","overlay-opacity":"","overlay-gradient":""}},"ast-content-background-meta":{"desktop":{"background-color":"var(--ast-global-color-5)","background-image":"","background-repeat":"repeat","background-position":"center center","background-size":"auto","background-attachment":"scroll","background-type":"","background-media":"","overlay-type":"","overlay-color":"","overlay-opacity":"","overlay-gradient":""},"tablet":{"background-color":"var(--ast-global-color-5)","background-image":"","background-repeat":"repeat","background-position":"center center","background-size":"auto","background-attachment":"scroll","background-type":"","background-media":"","overlay-type":"","overlay-color":"","overlay-opacity":"","overlay-gradient":""},"mobile":{"background-color":"var(--ast-global-color-5)","background-image":"","background-repeat":"repeat","background-position":"center center","background-size":"auto","background-attachment":"scroll","background-type":"","background-media":"","overlay-type":"","overlay-color":"","overlay-opacity":"","overlay-gradient":""}},"footnotes":""},"related_contact":[201,438],"expertise":[362,190],"webparts":[],"page_type":[],"class_list":["post-22836","page","type-page","status-publish","has-post-thumbnail","hentry"],"acf":[],"yoast_head":"<!-- This site is optimized with the Yoast SEO Premium plugin v27.5 (Yoast SEO v27.5) - https:\/\/yoast.com\/product\/yoast-seo-premium-wordpress\/ -->\n<title>Umsiedlung in den Kanton Solothurn | Migrationsrecht, Gesellschaftsrecht und Steuern | Lindemann Law<\/title>\n<meta name=\"description\" content=\"Entdecken Sie die Vorteile eines Umzugs in den Kanton Solothurn. LINDEMANNLAW ber\u00e4t Einzelpersonen, Familien und Unternehmer in den Bereichen Migrationsrecht, Gesellschaftsrecht und Steuerfragen in der Schweiz.\" \/>\n<meta name=\"robots\" content=\"index, follow, max-snippet:-1, max-image-preview:large, max-video-preview:-1\" \/>\n<link rel=\"canonical\" href=\"https:\/\/lindemannlaw.ch\/de\/relocation-to-the-canton-of-solothurn-migration-law-corporate-law-and-tax\/\" \/>\n<meta property=\"og:locale\" content=\"de_DE\" \/>\n<meta property=\"og:type\" content=\"article\" \/>\n<meta property=\"og:title\" content=\"Umsiedlung in den Kanton Solothurn | Migrationsrecht, Gesellschaftsrecht und Steuern\" \/>\n<meta property=\"og:description\" content=\"Entdecken Sie die Vorteile eines Umzugs in den Kanton Solothurn. LINDEMANNLAW ber\u00e4t Einzelpersonen, Familien und Unternehmer in den Bereichen Migrationsrecht, Gesellschaftsrecht und Steuerfragen in der Schweiz.\" \/>\n<meta property=\"og:url\" content=\"https:\/\/lindemannlaw.ch\/de\/relocation-to-the-canton-of-solothurn-migration-law-corporate-law-and-tax\/\" \/>\n<meta property=\"og:site_name\" content=\"Lindemann Law\" \/>\n<meta property=\"article:modified_time\" content=\"2025-09-05T12:50:07+00:00\" \/>\n<meta property=\"og:image\" content=\"https:\/\/lindemannlaw.ch\/wp-content\/uploads\/2025\/07\/solothurn.webp\" \/>\n\t<meta property=\"og:image:width\" content=\"1920\" \/>\n\t<meta property=\"og:image:height\" content=\"1080\" \/>\n\t<meta property=\"og:image:type\" content=\"image\/webp\" \/>\n<meta name=\"twitter:card\" content=\"summary_large_image\" \/>\n<meta name=\"twitter:site\" content=\"@Lindemann_law\" \/>\n<meta name=\"twitter:label1\" content=\"Gesch\u00e4tzte Lesezeit\" \/>\n\t<meta name=\"twitter:data1\" content=\"2 Minuten\" \/>\n<script type=\"application\/ld+json\" class=\"yoast-schema-graph\">{\"@context\":\"https:\\\/\\\/schema.org\",\"@graph\":[{\"@type\":\"WebPage\",\"@id\":\"https:\\\/\\\/lindemannlaw.ch\\\/de\\\/relocation-to-the-canton-of-solothurn-migration-law-corporate-law-and-tax\\\/\",\"url\":\"https:\\\/\\\/lindemannlaw.ch\\\/de\\\/relocation-to-the-canton-of-solothurn-migration-law-corporate-law-and-tax\\\/\",\"name\":\"Umsiedlung in den Kanton Solothurn | Migrationsrecht, Gesellschaftsrecht und Steuern | Lindemann Law\",\"isPartOf\":{\"@id\":\"https:\\\/\\\/lindemannlaw.ch\\\/de\\\/#website\"},\"primaryImageOfPage\":{\"@id\":\"https:\\\/\\\/lindemannlaw.ch\\\/de\\\/relocation-to-the-canton-of-solothurn-migration-law-corporate-law-and-tax\\\/#primaryimage\"},\"image\":{\"@id\":\"https:\\\/\\\/lindemannlaw.ch\\\/de\\\/relocation-to-the-canton-of-solothurn-migration-law-corporate-law-and-tax\\\/#primaryimage\"},\"thumbnailUrl\":\"https:\\\/\\\/lindemannlaw.ch\\\/wp-content\\\/uploads\\\/2025\\\/07\\\/solothurn.webp\",\"datePublished\":\"2025-07-16T06:49:41+00:00\",\"dateModified\":\"2025-09-05T12:50:07+00:00\",\"description\":\"Entdecken Sie die Vorteile eines Umzugs in den Kanton Solothurn. LINDEMANNLAW ber\u00e4t Einzelpersonen, Familien und Unternehmer in den Bereichen Migrationsrecht, Gesellschaftsrecht und Steuerfragen in der Schweiz.\",\"breadcrumb\":{\"@id\":\"https:\\\/\\\/lindemannlaw.ch\\\/de\\\/relocation-to-the-canton-of-solothurn-migration-law-corporate-law-and-tax\\\/#breadcrumb\"},\"inLanguage\":\"de-DE\",\"potentialAction\":[{\"@type\":\"ReadAction\",\"target\":[\"https:\\\/\\\/lindemannlaw.ch\\\/de\\\/relocation-to-the-canton-of-solothurn-migration-law-corporate-law-and-tax\\\/\"]}]},{\"@type\":\"ImageObject\",\"inLanguage\":\"de-DE\",\"@id\":\"https:\\\/\\\/lindemannlaw.ch\\\/de\\\/relocation-to-the-canton-of-solothurn-migration-law-corporate-law-and-tax\\\/#primaryimage\",\"url\":\"https:\\\/\\\/lindemannlaw.ch\\\/wp-content\\\/uploads\\\/2025\\\/07\\\/solothurn.webp\",\"contentUrl\":\"https:\\\/\\\/lindemannlaw.ch\\\/wp-content\\\/uploads\\\/2025\\\/07\\\/solothurn.webp\",\"width\":1920,\"height\":1080},{\"@type\":\"BreadcrumbList\",\"@id\":\"https:\\\/\\\/lindemannlaw.ch\\\/de\\\/relocation-to-the-canton-of-solothurn-migration-law-corporate-law-and-tax\\\/#breadcrumb\",\"itemListElement\":[{\"@type\":\"ListItem\",\"position\":1,\"name\":\"Home\",\"item\":\"https:\\\/\\\/lindemannlaw.ch\\\/de\\\/\"},{\"@type\":\"ListItem\",\"position\":2,\"name\":\"Umsiedlung in den Kanton Solothurn | Migrationsrecht, Gesellschaftsrecht und Steuern\"}]},{\"@type\":\"WebSite\",\"@id\":\"https:\\\/\\\/lindemannlaw.ch\\\/de\\\/#website\",\"url\":\"https:\\\/\\\/lindemannlaw.ch\\\/de\\\/\",\"name\":\"Lindemann Law\",\"description\":\"Asset Management legal services\",\"publisher\":{\"@id\":\"https:\\\/\\\/lindemannlaw.ch\\\/de\\\/#organization\"},\"potentialAction\":[{\"@type\":\"SearchAction\",\"target\":{\"@type\":\"EntryPoint\",\"urlTemplate\":\"https:\\\/\\\/lindemannlaw.ch\\\/de\\\/?s={search_term_string}\"},\"query-input\":{\"@type\":\"PropertyValueSpecification\",\"valueRequired\":true,\"valueName\":\"search_term_string\"}}],\"inLanguage\":\"de-DE\"},{\"@type\":\"Organization\",\"@id\":\"https:\\\/\\\/lindemannlaw.ch\\\/de\\\/#organization\",\"name\":\"Lindemann Law\",\"url\":\"https:\\\/\\\/lindemannlaw.ch\\\/de\\\/\",\"logo\":{\"@type\":\"ImageObject\",\"inLanguage\":\"de-DE\",\"@id\":\"https:\\\/\\\/lindemannlaw.ch\\\/de\\\/#\\\/schema\\\/logo\\\/image\\\/\",\"url\":\"https:\\\/\\\/lindemannlaw.ch\\\/wp-content\\\/uploads\\\/2021\\\/01\\\/logo-lindemannlaw_cropped.png\",\"contentUrl\":\"https:\\\/\\\/lindemannlaw.ch\\\/wp-content\\\/uploads\\\/2021\\\/01\\\/logo-lindemannlaw_cropped.png\",\"width\":150,\"height\":73,\"caption\":\"Lindemann Law\"},\"image\":{\"@id\":\"https:\\\/\\\/lindemannlaw.ch\\\/de\\\/#\\\/schema\\\/logo\\\/image\\\/\"},\"sameAs\":[\"https:\\\/\\\/x.com\\\/Lindemann_law\",\"https:\\\/\\\/www.linkedin.com\\\/company\\\/lindemannlaw\\\/\"]}]}<\/script>\n<!-- \/ Yoast SEO Premium plugin. -->","yoast_head_json":{"title":"Umsiedlung in den Kanton Solothurn | Migrationsrecht, Gesellschaftsrecht und Steuern | Lindemann Law","description":"Entdecken Sie die Vorteile eines Umzugs in den Kanton Solothurn. LINDEMANNLAW ber\u00e4t Einzelpersonen, Familien und Unternehmer in den Bereichen Migrationsrecht, Gesellschaftsrecht und Steuerfragen in der Schweiz.","robots":{"index":"index","follow":"follow","max-snippet":"max-snippet:-1","max-image-preview":"max-image-preview:large","max-video-preview":"max-video-preview:-1"},"canonical":"https:\/\/lindemannlaw.ch\/de\/relocation-to-the-canton-of-solothurn-migration-law-corporate-law-and-tax\/","og_locale":"de_DE","og_type":"article","og_title":"Umsiedlung in den Kanton Solothurn | Migrationsrecht, Gesellschaftsrecht und Steuern","og_description":"Entdecken Sie die Vorteile eines Umzugs in den Kanton Solothurn. LINDEMANNLAW ber\u00e4t Einzelpersonen, Familien und Unternehmer in den Bereichen Migrationsrecht, Gesellschaftsrecht und Steuerfragen in der Schweiz.","og_url":"https:\/\/lindemannlaw.ch\/de\/relocation-to-the-canton-of-solothurn-migration-law-corporate-law-and-tax\/","og_site_name":"Lindemann Law","article_modified_time":"2025-09-05T12:50:07+00:00","og_image":[{"width":1920,"height":1080,"url":"https:\/\/lindemannlaw.ch\/wp-content\/uploads\/2025\/07\/solothurn.webp","type":"image\/webp"}],"twitter_card":"summary_large_image","twitter_site":"@Lindemann_law","twitter_misc":{"Gesch\u00e4tzte Lesezeit":"2 Minuten"},"schema":{"@context":"https:\/\/schema.org","@graph":[{"@type":"WebPage","@id":"https:\/\/lindemannlaw.ch\/de\/relocation-to-the-canton-of-solothurn-migration-law-corporate-law-and-tax\/","url":"https:\/\/lindemannlaw.ch\/de\/relocation-to-the-canton-of-solothurn-migration-law-corporate-law-and-tax\/","name":"Umsiedlung in den Kanton Solothurn | Migrationsrecht, Gesellschaftsrecht und Steuern | Lindemann Law","isPartOf":{"@id":"https:\/\/lindemannlaw.ch\/de\/#website"},"primaryImageOfPage":{"@id":"https:\/\/lindemannlaw.ch\/de\/relocation-to-the-canton-of-solothurn-migration-law-corporate-law-and-tax\/#primaryimage"},"image":{"@id":"https:\/\/lindemannlaw.ch\/de\/relocation-to-the-canton-of-solothurn-migration-law-corporate-law-and-tax\/#primaryimage"},"thumbnailUrl":"https:\/\/lindemannlaw.ch\/wp-content\/uploads\/2025\/07\/solothurn.webp","datePublished":"2025-07-16T06:49:41+00:00","dateModified":"2025-09-05T12:50:07+00:00","description":"Entdecken Sie die Vorteile eines Umzugs in den Kanton Solothurn. LINDEMANNLAW ber\u00e4t Einzelpersonen, Familien und Unternehmer in den Bereichen Migrationsrecht, Gesellschaftsrecht und Steuerfragen in der Schweiz.","breadcrumb":{"@id":"https:\/\/lindemannlaw.ch\/de\/relocation-to-the-canton-of-solothurn-migration-law-corporate-law-and-tax\/#breadcrumb"},"inLanguage":"de-DE","potentialAction":[{"@type":"ReadAction","target":["https:\/\/lindemannlaw.ch\/de\/relocation-to-the-canton-of-solothurn-migration-law-corporate-law-and-tax\/"]}]},{"@type":"ImageObject","inLanguage":"de-DE","@id":"https:\/\/lindemannlaw.ch\/de\/relocation-to-the-canton-of-solothurn-migration-law-corporate-law-and-tax\/#primaryimage","url":"https:\/\/lindemannlaw.ch\/wp-content\/uploads\/2025\/07\/solothurn.webp","contentUrl":"https:\/\/lindemannlaw.ch\/wp-content\/uploads\/2025\/07\/solothurn.webp","width":1920,"height":1080},{"@type":"BreadcrumbList","@id":"https:\/\/lindemannlaw.ch\/de\/relocation-to-the-canton-of-solothurn-migration-law-corporate-law-and-tax\/#breadcrumb","itemListElement":[{"@type":"ListItem","position":1,"name":"Home","item":"https:\/\/lindemannlaw.ch\/de\/"},{"@type":"ListItem","position":2,"name":"Umsiedlung in den Kanton Solothurn | Migrationsrecht, Gesellschaftsrecht und Steuern"}]},{"@type":"WebSite","@id":"https:\/\/lindemannlaw.ch\/de\/#website","url":"https:\/\/lindemannlaw.ch\/de\/","name":"Lindemann Law","description":"Asset Management legal services","publisher":{"@id":"https:\/\/lindemannlaw.ch\/de\/#organization"},"potentialAction":[{"@type":"SearchAction","target":{"@type":"EntryPoint","urlTemplate":"https:\/\/lindemannlaw.ch\/de\/?s={search_term_string}"},"query-input":{"@type":"PropertyValueSpecification","valueRequired":true,"valueName":"search_term_string"}}],"inLanguage":"de-DE"},{"@type":"Organization","@id":"https:\/\/lindemannlaw.ch\/de\/#organization","name":"Lindemann Law","url":"https:\/\/lindemannlaw.ch\/de\/","logo":{"@type":"ImageObject","inLanguage":"de-DE","@id":"https:\/\/lindemannlaw.ch\/de\/#\/schema\/logo\/image\/","url":"https:\/\/lindemannlaw.ch\/wp-content\/uploads\/2021\/01\/logo-lindemannlaw_cropped.png","contentUrl":"https:\/\/lindemannlaw.ch\/wp-content\/uploads\/2021\/01\/logo-lindemannlaw_cropped.png","width":150,"height":73,"caption":"Lindemann Law"},"image":{"@id":"https:\/\/lindemannlaw.ch\/de\/#\/schema\/logo\/image\/"},"sameAs":["https:\/\/x.com\/Lindemann_law","https:\/\/www.linkedin.com\/company\/lindemannlaw\/"]}]}},"_links":{"self":[{"href":"https:\/\/lindemannlaw.ch\/de\/wp-json\/wp\/v2\/pages\/22836","targetHints":{"allow":["GET"]}}],"collection":[{"href":"https:\/\/lindemannlaw.ch\/de\/wp-json\/wp\/v2\/pages"}],"about":[{"href":"https:\/\/lindemannlaw.ch\/de\/wp-json\/wp\/v2\/types\/page"}],"author":[{"embeddable":true,"href":"https:\/\/lindemannlaw.ch\/de\/wp-json\/wp\/v2\/users\/19"}],"replies":[{"embeddable":true,"href":"https:\/\/lindemannlaw.ch\/de\/wp-json\/wp\/v2\/comments?post=22836"}],"version-history":[{"count":0,"href":"https:\/\/lindemannlaw.ch\/de\/wp-json\/wp\/v2\/pages\/22836\/revisions"}],"wp:featuredmedia":[{"embeddable":true,"href":"https:\/\/lindemannlaw.ch\/de\/wp-json\/wp\/v2\/media\/22219"}],"wp:attachment":[{"href":"https:\/\/lindemannlaw.ch\/de\/wp-json\/wp\/v2\/media?parent=22836"}],"wp:term":[{"taxonomy":"related_contact","embeddable":true,"href":"https:\/\/lindemannlaw.ch\/de\/wp-json\/wp\/v2\/related_contact?post=22836"},{"taxonomy":"expertise","embeddable":true,"href":"https:\/\/lindemannlaw.ch\/de\/wp-json\/wp\/v2\/expertise?post=22836"},{"taxonomy":"webparts","embeddable":true,"href":"https:\/\/lindemannlaw.ch\/de\/wp-json\/wp\/v2\/webparts?post=22836"},{"taxonomy":"page_type","embeddable":true,"href":"https:\/\/lindemannlaw.ch\/de\/wp-json\/wp\/v2\/page_type?post=22836"}],"curies":[{"name":"wp","href":"https:\/\/api.w.org\/{rel}","templated":true}]}}