{"id":22837,"date":"2025-07-10T13:19:14","date_gmt":"2025-07-10T12:19:14","guid":{"rendered":"https:\/\/lindemannlaw.ch\/relocation-to-the-canton-of-valais-migration-law-corporate-law-and-tax\/"},"modified":"2025-09-05T13:50:09","modified_gmt":"2025-09-05T12:50:09","slug":"relocation-to-the-canton-of-valais-migration-law-corporate-law-and-tax","status":"publish","type":"page","link":"https:\/\/lindemannlaw.ch\/de\/relocation-to-the-canton-of-valais-migration-law-corporate-law-and-tax\/","title":{"rendered":"Umsiedlung in den Kanton Wallis | Migrationsrecht, Gesellschaftsrecht und Steuern"},"content":{"rendered":"<h3><img fetchpriority=\"high\" decoding=\"async\" class=\"wp-image-22020 alignleft\" src=\"https:\/\/lindemannlaw.ch\/wp-content\/uploads\/2025\/07\/logo-canton-valais-236x300.jpg\" alt=\"\" width=\"200\" height=\"254\" srcset=\"https:\/\/lindemannlaw.ch\/wp-content\/uploads\/2025\/07\/logo-canton-valais-236x300.jpg 236w, https:\/\/lindemannlaw.ch\/wp-content\/uploads\/2025\/07\/logo-canton-valais.jpg 357w\" sizes=\"(max-width: 200px) 100vw, 200px\" \/>\u00dcbersicht<\/h3>\n<p>Der Kanton Wallis liegt im S\u00fcdwesten der Schweiz und ist bekannt f\u00fcr seine spektakul\u00e4ren Alpenlandschaften, seine mehrsprachige Kultur (Franz\u00f6sisch und Deutsch) und seine strategische Lage an der Grenze zu Frankreich und Italien. Die Hauptstadt des Kantons mit rund 355.000 Einwohnern (2023) ist Sion. Das Wallis verf\u00fcgt \u00fcber eine starke industrielle Basis und ist f\u00fchrend in den Bereichen Tourismus, Energie und Landwirtschaft.  <\/p>\n<h3>Wirtschaftliche St\u00e4rken &amp; Infrastruktur<\/h3>\n<p>\u2714 <strong>BIP<\/strong>: Eine vielf\u00e4ltige Wirtschaft mit St\u00e4rken in der Energieproduktion, der Pr\u00e4zisionsindustrie, dem Tourismus und der Agrar- und Ern\u00e4hrungswirtschaft.<br \/>\n\u2714 <strong>Schl\u00fcsselindustrien<\/strong>: Wasserkraft und erneuerbare Energien, Chemie, Medizintechnik, IKT, Lebensmitteltechnologie und Tourismus (vor allem Ski- und Wellness-Resorts).<br \/>\n\u2714 <strong>Bildung &amp; Forschung<\/strong>: HES-SO Valais-Wallis (Hochschule f\u00fcr angewandte Wissenschaften), The Ark Innovation ecosystem for applied research and start-ups.<br \/>\n\u2714 <strong>Transport &amp; Anbindung<\/strong>: Wichtige Alpentransitstrecken, hervorragende Bahnverbindungen nach Genf, Bern und Mailand; Autobahnanschl\u00fcsse und N\u00e4he zum Flughafen Genf.<\/p>\n<h3>Besteuerung<\/h3>\n<p><strong>Juristische Personen: <\/strong>Juristische Personen unterliegen einer K\u00f6rperschaftssteuer zum Steuersatz von 16,1% (Sion) und einer Kapitalsteuer von 0,5% auf steuerpflichtiges Eigenkapital. Dividendenertr\u00e4ge und Kapitalgewinne aus qualifizierten Beteiligungen sind aufgrund der Beteiligungsausnahme von der K\u00f6rperschaftssteuer befreit. <\/p>\n<p><strong>Privatpersonen<\/strong>: Privatpersonen unterliegen einer progressiven Einkommensteuer mit effektiven Spitzensteuers\u00e4tzen zwischen 35,5% (Verbier) und 40% (Leukerbad). Private Kapitalgewinne sind steuerfrei und Dividenden aus qualifizierten Beteiligungen werden mit einem Abschlag von 40% auf kantonaler und 30% auf Bundesebene besteuert. Daher kann der effektive Steuersatz je nach Einkommensstruktur erheblich sein. Der Kanton erhebt eine Verm\u00f6genssteuer auf das Nettoverm\u00f6gen einer Privatperson. Pauschalbesteuerungsregelung verf\u00fcgbar.    <\/p>\n<h3>Staatliche Unterst\u00fctzung f\u00fcr Unternehmensansiedlungen<\/h3>\n<table style=\"border-collapse: collapse; width: 100%; height: 268px;\">\n<tbody>\n<tr style=\"height: 164px;\">\n<td style=\"width: 13.4855%; height: 164px;\"><a href=\"https:\/\/valais-economy.ch\/\" target=\"_blank\" rel=\"noopener\"><img decoding=\"async\" class=\"alignnone wp-image-22010\" src=\"https:\/\/lindemannlaw.ch\/wp-content\/uploads\/2025\/07\/valais-economic-promotion-office.png\" alt=\"\" width=\"150\" height=\"136\"><\/a><\/td>\n<td style=\"width: 86.5145%; height: 164px;\">\u2714 <strong>Wirtschaftsf\u00f6rderung Wallis<\/strong><br \/>\nUnterst\u00fctzt Unternehmen bei der Standortsuche, den administrativen Formalit\u00e4ten und der Integration in lokale Netzwerke.<br \/>\n<a href=\"https:\/\/valais-economy.ch\/\" target=\"_blank\" rel=\"noopener\">Mehr erfahren<\/a><\/td>\n<\/tr>\n<tr style=\"height: 52px;\">\n<td style=\"width: 13.4855%; height: 52px;\"><a href=\"https:\/\/www.theark.ch\/en\/\" target=\"_blank\" rel=\"noopener\"><img decoding=\"async\" class=\"alignnone wp-image-22015\" src=\"https:\/\/lindemannlaw.ch\/wp-content\/uploads\/2025\/07\/logo-the-ark-300x137.png\" alt=\"\" width=\"200\" height=\"91\" srcset=\"https:\/\/lindemannlaw.ch\/wp-content\/uploads\/2025\/07\/logo-the-ark-300x137.png 300w, https:\/\/lindemannlaw.ch\/wp-content\/uploads\/2025\/07\/logo-the-ark.png 320w\" sizes=\"(max-width: 200px) 100vw, 200px\" \/><\/a><\/td>\n<td style=\"width: 86.5145%; height: 52px;\">\u2714 <strong>The Ark Foundation (Innovation und Technologietransfer)<\/strong><br \/>\nBietet Inkubation, Technologietransfer und Innovationsunterst\u00fctzung f\u00fcr Start-ups und KMU.<br \/>\n<a href=\"https:\/\/www.theark.ch\/en\/\" target=\"_blank\" rel=\"noopener\">Mehr erfahren<\/a><\/td>\n<\/tr>\n<tr style=\"height: 52px;\">\n<td style=\"width: 13.4855%; height: 52px;\"><\/td>\n<td style=\"width: 86.5145%; height: 52px;\">\u2714 <strong>Regionale Unternehmensnetzwerke<\/strong><br \/>\nUnterst\u00fctzung f\u00fcr Industriezonen, Tourismusunternehmen und KMU in verschiedenen Sektoren.<\/td>\n<\/tr>\n<\/tbody>\n<\/table>\n<h3>Weitere Vorteile<\/h3>\n<p>\u2714 Ein transparentes rechtliches Umfeld und ein effizienter Prozess der Unternehmensgr\u00fcndung.<br \/>\n\u2714 Leistungsstarke Infrastruktur, einschlie\u00dflich Energiesicherheit und digitale Konnektivit\u00e4t.<br \/>\n\u2714 Ein au\u00dfergew\u00f6hnliches Lebensumfeld: Tourismus von Weltklasse, kultureller Reichtum und familienfreundliche Gemeinden.<\/p>\n<h3>N\u00fctzliche offizielle Links<\/h3>\n<ul>\n<li><a href=\"https:\/\/valais-economy.ch\/\" target=\"_blank\" rel=\"noopener\">Wirtschaftsf\u00f6rderung Wallis<\/a><\/li>\n<li><a href=\"https:\/\/www.theark.ch\/en\/\" target=\"_blank\" rel=\"noopener\">Die Arche<\/a><\/li>\n<li><a href=\"https:\/\/www.kmu.admin.ch\/kmu\/en\/home\/concrete-know-how\/setting-up-sme\/starting-business.html\" target=\"_blank\" rel=\"noopener\">Unternehmensgr\u00fcndung in der Schweiz (KMU-Portal des Bundes)<\/a><\/li>\n<\/ul>\n<p>Der Kanton Wallis bietet eine einzigartige Mischung aus nat\u00fcrlicher Sch\u00f6nheit, industrieller St\u00e4rke und Innovationsm\u00f6glichkeiten. <strong>LINDEMANNLAW<\/strong> ber\u00e4t Einzelpersonen, Familien und Unternehmer in den Bereichen Migrationsrecht, Gesellschaftsrecht, Steuern und rechtliche Aspekte bei der Ansiedlung im Wallis.<\/p>\n","protected":false},"excerpt":{"rendered":"<p>\u00dcbersicht Der Kanton Wallis liegt im S\u00fcdwesten der Schweiz und ist bekannt f\u00fcr seine spektakul\u00e4ren Alpenlandschaften, seine mehrsprachige Kultur (Franz\u00f6sisch und Deutsch) und seine strategische Lage an der Grenze zu Frankreich und Italien. Die Hauptstadt des Kantons mit rund 355.000 Einwohnern (2023) ist Sion. Das Wallis verf\u00fcgt \u00fcber eine starke industrielle Basis und ist f\u00fchrend [&hellip;]<\/p>\n","protected":false},"author":19,"featured_media":22027,"parent":0,"menu_order":0,"comment_status":"closed","ping_status":"closed","template":"","meta":{"_acf_changed":false,"site-sidebar-layout":"default","site-content-layout":"","ast-site-content-layout":"default","site-content-style":"default","site-sidebar-style":"default","ast-global-header-display":"","ast-banner-title-visibility":"","ast-main-header-display":"","ast-hfb-above-header-display":"","ast-hfb-below-header-display":"","ast-hfb-mobile-header-display":"","site-post-title":"","ast-breadcrumbs-content":"","ast-featured-img":"","footer-sml-layout":"","ast-disable-related-posts":"","theme-transparent-header-meta":"default","adv-header-id-meta":"","stick-header-meta":"","header-above-stick-meta":"","header-main-stick-meta":"","header-below-stick-meta":"","astra-migrate-meta-layouts":"default","ast-page-background-enabled":"default","ast-page-background-meta":{"desktop":{"background-color":"var(--ast-global-color-4)","background-image":"","background-repeat":"repeat","background-position":"center center","background-size":"auto","background-attachment":"scroll","background-type":"","background-media":"","overlay-type":"","overlay-color":"","overlay-opacity":"","overlay-gradient":""},"tablet":{"background-color":"","background-image":"","background-repeat":"repeat","background-position":"center center","background-size":"auto","background-attachment":"scroll","background-type":"","background-media":"","overlay-type":"","overlay-color":"","overlay-opacity":"","overlay-gradient":""},"mobile":{"background-color":"","background-image":"","background-repeat":"repeat","background-position":"center center","background-size":"auto","background-attachment":"scroll","background-type":"","background-media":"","overlay-type":"","overlay-color":"","overlay-opacity":"","overlay-gradient":""}},"ast-content-background-meta":{"desktop":{"background-color":"var(--ast-global-color-5)","background-image":"","background-repeat":"repeat","background-position":"center center","background-size":"auto","background-attachment":"scroll","background-type":"","background-media":"","overlay-type":"","overlay-color":"","overlay-opacity":"","overlay-gradient":""},"tablet":{"background-color":"var(--ast-global-color-5)","background-image":"","background-repeat":"repeat","background-position":"center center","background-size":"auto","background-attachment":"scroll","background-type":"","background-media":"","overlay-type":"","overlay-color":"","overlay-opacity":"","overlay-gradient":""},"mobile":{"background-color":"var(--ast-global-color-5)","background-image":"","background-repeat":"repeat","background-position":"center center","background-size":"auto","background-attachment":"scroll","background-type":"","background-media":"","overlay-type":"","overlay-color":"","overlay-opacity":"","overlay-gradient":""}},"footnotes":""},"related_contact":[201,438],"expertise":[362,190],"webparts":[],"page_type":[],"class_list":["post-22837","page","type-page","status-publish","has-post-thumbnail","hentry"],"acf":[],"yoast_head":"<!-- This site is optimized with the Yoast SEO Premium plugin v27.3 (Yoast SEO v27.3) - https:\/\/yoast.com\/product\/yoast-seo-premium-wordpress\/ -->\n<title>Umsiedlung in den Kanton Wallis | Migrationsrecht, Gesellschaftsrecht und Steuern | Lindemann Law<\/title>\n<meta name=\"description\" content=\"Entdecken Sie die Vorteile eines Umzugs in den Kanton Wallis. LINDEMANNLAW ber\u00e4t Einzelpersonen, Familien und Unternehmer in den Bereichen Migrationsrecht, Gesellschaftsrecht und Steuerfragen in der Schweiz.\" \/>\n<meta name=\"robots\" content=\"index, follow, max-snippet:-1, max-image-preview:large, max-video-preview:-1\" \/>\n<link rel=\"canonical\" href=\"https:\/\/lindemannlaw.ch\/de\/relocation-to-the-canton-of-valais-migration-law-corporate-law-and-tax\/\" \/>\n<meta property=\"og:locale\" content=\"de_DE\" \/>\n<meta property=\"og:type\" content=\"article\" \/>\n<meta property=\"og:title\" content=\"Umsiedlung in den Kanton Wallis | Migrationsrecht, Gesellschaftsrecht und Steuern\" \/>\n<meta property=\"og:description\" content=\"Entdecken Sie die Vorteile eines Umzugs in den Kanton Wallis. LINDEMANNLAW ber\u00e4t Einzelpersonen, Familien und Unternehmer in den Bereichen Migrationsrecht, Gesellschaftsrecht und Steuerfragen in der Schweiz.\" \/>\n<meta property=\"og:url\" content=\"https:\/\/lindemannlaw.ch\/de\/relocation-to-the-canton-of-valais-migration-law-corporate-law-and-tax\/\" \/>\n<meta property=\"og:site_name\" content=\"Lindemann Law\" \/>\n<meta property=\"article:modified_time\" content=\"2025-09-05T12:50:09+00:00\" \/>\n<meta property=\"og:image\" content=\"https:\/\/lindemannlaw.ch\/wp-content\/uploads\/2025\/07\/valais.webp\" \/>\n\t<meta property=\"og:image:width\" content=\"1600\" \/>\n\t<meta property=\"og:image:height\" content=\"900\" \/>\n\t<meta property=\"og:image:type\" content=\"image\/webp\" \/>\n<meta name=\"twitter:card\" content=\"summary_large_image\" \/>\n<meta name=\"twitter:site\" content=\"@Lindemann_law\" \/>\n<meta name=\"twitter:label1\" content=\"Gesch\u00e4tzte Lesezeit\" \/>\n\t<meta name=\"twitter:data1\" content=\"2 Minuten\" \/>\n<script type=\"application\/ld+json\" class=\"yoast-schema-graph\">{\"@context\":\"https:\\\/\\\/schema.org\",\"@graph\":[{\"@type\":\"WebPage\",\"@id\":\"https:\\\/\\\/lindemannlaw.ch\\\/de\\\/relocation-to-the-canton-of-valais-migration-law-corporate-law-and-tax\\\/\",\"url\":\"https:\\\/\\\/lindemannlaw.ch\\\/de\\\/relocation-to-the-canton-of-valais-migration-law-corporate-law-and-tax\\\/\",\"name\":\"Umsiedlung in den Kanton Wallis | Migrationsrecht, Gesellschaftsrecht und Steuern | Lindemann Law\",\"isPartOf\":{\"@id\":\"https:\\\/\\\/lindemannlaw.ch\\\/de\\\/#website\"},\"primaryImageOfPage\":{\"@id\":\"https:\\\/\\\/lindemannlaw.ch\\\/de\\\/relocation-to-the-canton-of-valais-migration-law-corporate-law-and-tax\\\/#primaryimage\"},\"image\":{\"@id\":\"https:\\\/\\\/lindemannlaw.ch\\\/de\\\/relocation-to-the-canton-of-valais-migration-law-corporate-law-and-tax\\\/#primaryimage\"},\"thumbnailUrl\":\"https:\\\/\\\/lindemannlaw.ch\\\/wp-content\\\/uploads\\\/2025\\\/07\\\/valais.webp\",\"datePublished\":\"2025-07-10T12:19:14+00:00\",\"dateModified\":\"2025-09-05T12:50:09+00:00\",\"description\":\"Entdecken Sie die Vorteile eines Umzugs in den Kanton Wallis. LINDEMANNLAW ber\u00e4t Einzelpersonen, Familien und Unternehmer in den Bereichen Migrationsrecht, Gesellschaftsrecht und Steuerfragen in der Schweiz.\",\"breadcrumb\":{\"@id\":\"https:\\\/\\\/lindemannlaw.ch\\\/de\\\/relocation-to-the-canton-of-valais-migration-law-corporate-law-and-tax\\\/#breadcrumb\"},\"inLanguage\":\"de-DE\",\"potentialAction\":[{\"@type\":\"ReadAction\",\"target\":[\"https:\\\/\\\/lindemannlaw.ch\\\/de\\\/relocation-to-the-canton-of-valais-migration-law-corporate-law-and-tax\\\/\"]}]},{\"@type\":\"ImageObject\",\"inLanguage\":\"de-DE\",\"@id\":\"https:\\\/\\\/lindemannlaw.ch\\\/de\\\/relocation-to-the-canton-of-valais-migration-law-corporate-law-and-tax\\\/#primaryimage\",\"url\":\"https:\\\/\\\/lindemannlaw.ch\\\/wp-content\\\/uploads\\\/2025\\\/07\\\/valais.webp\",\"contentUrl\":\"https:\\\/\\\/lindemannlaw.ch\\\/wp-content\\\/uploads\\\/2025\\\/07\\\/valais.webp\",\"width\":1600,\"height\":900},{\"@type\":\"BreadcrumbList\",\"@id\":\"https:\\\/\\\/lindemannlaw.ch\\\/de\\\/relocation-to-the-canton-of-valais-migration-law-corporate-law-and-tax\\\/#breadcrumb\",\"itemListElement\":[{\"@type\":\"ListItem\",\"position\":1,\"name\":\"Home\",\"item\":\"https:\\\/\\\/lindemannlaw.ch\\\/de\\\/\"},{\"@type\":\"ListItem\",\"position\":2,\"name\":\"Umsiedlung in den Kanton Wallis | Migrationsrecht, Gesellschaftsrecht und Steuern\"}]},{\"@type\":\"WebSite\",\"@id\":\"https:\\\/\\\/lindemannlaw.ch\\\/de\\\/#website\",\"url\":\"https:\\\/\\\/lindemannlaw.ch\\\/de\\\/\",\"name\":\"Lindemann Law\",\"description\":\"Asset Management legal services\",\"publisher\":{\"@id\":\"https:\\\/\\\/lindemannlaw.ch\\\/de\\\/#organization\"},\"potentialAction\":[{\"@type\":\"SearchAction\",\"target\":{\"@type\":\"EntryPoint\",\"urlTemplate\":\"https:\\\/\\\/lindemannlaw.ch\\\/de\\\/?s={search_term_string}\"},\"query-input\":{\"@type\":\"PropertyValueSpecification\",\"valueRequired\":true,\"valueName\":\"search_term_string\"}}],\"inLanguage\":\"de-DE\"},{\"@type\":\"Organization\",\"@id\":\"https:\\\/\\\/lindemannlaw.ch\\\/de\\\/#organization\",\"name\":\"Lindemann Law\",\"url\":\"https:\\\/\\\/lindemannlaw.ch\\\/de\\\/\",\"logo\":{\"@type\":\"ImageObject\",\"inLanguage\":\"de-DE\",\"@id\":\"https:\\\/\\\/lindemannlaw.ch\\\/de\\\/#\\\/schema\\\/logo\\\/image\\\/\",\"url\":\"https:\\\/\\\/lindemannlaw.ch\\\/wp-content\\\/uploads\\\/2021\\\/01\\\/logo-lindemannlaw_cropped.png\",\"contentUrl\":\"https:\\\/\\\/lindemannlaw.ch\\\/wp-content\\\/uploads\\\/2021\\\/01\\\/logo-lindemannlaw_cropped.png\",\"width\":150,\"height\":73,\"caption\":\"Lindemann Law\"},\"image\":{\"@id\":\"https:\\\/\\\/lindemannlaw.ch\\\/de\\\/#\\\/schema\\\/logo\\\/image\\\/\"},\"sameAs\":[\"https:\\\/\\\/x.com\\\/Lindemann_law\",\"https:\\\/\\\/www.linkedin.com\\\/company\\\/lindemannlaw\\\/\"]}]}<\/script>\n<!-- \/ Yoast SEO Premium plugin. -->","yoast_head_json":{"title":"Umsiedlung in den Kanton Wallis | Migrationsrecht, Gesellschaftsrecht und Steuern | Lindemann Law","description":"Entdecken Sie die Vorteile eines Umzugs in den Kanton Wallis. LINDEMANNLAW ber\u00e4t Einzelpersonen, Familien und Unternehmer in den Bereichen Migrationsrecht, Gesellschaftsrecht und Steuerfragen in der Schweiz.","robots":{"index":"index","follow":"follow","max-snippet":"max-snippet:-1","max-image-preview":"max-image-preview:large","max-video-preview":"max-video-preview:-1"},"canonical":"https:\/\/lindemannlaw.ch\/de\/relocation-to-the-canton-of-valais-migration-law-corporate-law-and-tax\/","og_locale":"de_DE","og_type":"article","og_title":"Umsiedlung in den Kanton Wallis | Migrationsrecht, Gesellschaftsrecht und Steuern","og_description":"Entdecken Sie die Vorteile eines Umzugs in den Kanton Wallis. LINDEMANNLAW ber\u00e4t Einzelpersonen, Familien und Unternehmer in den Bereichen Migrationsrecht, Gesellschaftsrecht und Steuerfragen in der Schweiz.","og_url":"https:\/\/lindemannlaw.ch\/de\/relocation-to-the-canton-of-valais-migration-law-corporate-law-and-tax\/","og_site_name":"Lindemann Law","article_modified_time":"2025-09-05T12:50:09+00:00","og_image":[{"width":1600,"height":900,"url":"https:\/\/lindemannlaw.ch\/wp-content\/uploads\/2025\/07\/valais.webp","type":"image\/webp"}],"twitter_card":"summary_large_image","twitter_site":"@Lindemann_law","twitter_misc":{"Gesch\u00e4tzte Lesezeit":"2 Minuten"},"schema":{"@context":"https:\/\/schema.org","@graph":[{"@type":"WebPage","@id":"https:\/\/lindemannlaw.ch\/de\/relocation-to-the-canton-of-valais-migration-law-corporate-law-and-tax\/","url":"https:\/\/lindemannlaw.ch\/de\/relocation-to-the-canton-of-valais-migration-law-corporate-law-and-tax\/","name":"Umsiedlung in den Kanton Wallis | Migrationsrecht, Gesellschaftsrecht und Steuern | Lindemann Law","isPartOf":{"@id":"https:\/\/lindemannlaw.ch\/de\/#website"},"primaryImageOfPage":{"@id":"https:\/\/lindemannlaw.ch\/de\/relocation-to-the-canton-of-valais-migration-law-corporate-law-and-tax\/#primaryimage"},"image":{"@id":"https:\/\/lindemannlaw.ch\/de\/relocation-to-the-canton-of-valais-migration-law-corporate-law-and-tax\/#primaryimage"},"thumbnailUrl":"https:\/\/lindemannlaw.ch\/wp-content\/uploads\/2025\/07\/valais.webp","datePublished":"2025-07-10T12:19:14+00:00","dateModified":"2025-09-05T12:50:09+00:00","description":"Entdecken Sie die Vorteile eines Umzugs in den Kanton Wallis. LINDEMANNLAW ber\u00e4t Einzelpersonen, Familien und Unternehmer in den Bereichen Migrationsrecht, Gesellschaftsrecht und Steuerfragen in der Schweiz.","breadcrumb":{"@id":"https:\/\/lindemannlaw.ch\/de\/relocation-to-the-canton-of-valais-migration-law-corporate-law-and-tax\/#breadcrumb"},"inLanguage":"de-DE","potentialAction":[{"@type":"ReadAction","target":["https:\/\/lindemannlaw.ch\/de\/relocation-to-the-canton-of-valais-migration-law-corporate-law-and-tax\/"]}]},{"@type":"ImageObject","inLanguage":"de-DE","@id":"https:\/\/lindemannlaw.ch\/de\/relocation-to-the-canton-of-valais-migration-law-corporate-law-and-tax\/#primaryimage","url":"https:\/\/lindemannlaw.ch\/wp-content\/uploads\/2025\/07\/valais.webp","contentUrl":"https:\/\/lindemannlaw.ch\/wp-content\/uploads\/2025\/07\/valais.webp","width":1600,"height":900},{"@type":"BreadcrumbList","@id":"https:\/\/lindemannlaw.ch\/de\/relocation-to-the-canton-of-valais-migration-law-corporate-law-and-tax\/#breadcrumb","itemListElement":[{"@type":"ListItem","position":1,"name":"Home","item":"https:\/\/lindemannlaw.ch\/de\/"},{"@type":"ListItem","position":2,"name":"Umsiedlung in den Kanton Wallis | Migrationsrecht, Gesellschaftsrecht und Steuern"}]},{"@type":"WebSite","@id":"https:\/\/lindemannlaw.ch\/de\/#website","url":"https:\/\/lindemannlaw.ch\/de\/","name":"Lindemann Law","description":"Asset Management legal services","publisher":{"@id":"https:\/\/lindemannlaw.ch\/de\/#organization"},"potentialAction":[{"@type":"SearchAction","target":{"@type":"EntryPoint","urlTemplate":"https:\/\/lindemannlaw.ch\/de\/?s={search_term_string}"},"query-input":{"@type":"PropertyValueSpecification","valueRequired":true,"valueName":"search_term_string"}}],"inLanguage":"de-DE"},{"@type":"Organization","@id":"https:\/\/lindemannlaw.ch\/de\/#organization","name":"Lindemann Law","url":"https:\/\/lindemannlaw.ch\/de\/","logo":{"@type":"ImageObject","inLanguage":"de-DE","@id":"https:\/\/lindemannlaw.ch\/de\/#\/schema\/logo\/image\/","url":"https:\/\/lindemannlaw.ch\/wp-content\/uploads\/2021\/01\/logo-lindemannlaw_cropped.png","contentUrl":"https:\/\/lindemannlaw.ch\/wp-content\/uploads\/2021\/01\/logo-lindemannlaw_cropped.png","width":150,"height":73,"caption":"Lindemann Law"},"image":{"@id":"https:\/\/lindemannlaw.ch\/de\/#\/schema\/logo\/image\/"},"sameAs":["https:\/\/x.com\/Lindemann_law","https:\/\/www.linkedin.com\/company\/lindemannlaw\/"]}]}},"_links":{"self":[{"href":"https:\/\/lindemannlaw.ch\/de\/wp-json\/wp\/v2\/pages\/22837","targetHints":{"allow":["GET"]}}],"collection":[{"href":"https:\/\/lindemannlaw.ch\/de\/wp-json\/wp\/v2\/pages"}],"about":[{"href":"https:\/\/lindemannlaw.ch\/de\/wp-json\/wp\/v2\/types\/page"}],"author":[{"embeddable":true,"href":"https:\/\/lindemannlaw.ch\/de\/wp-json\/wp\/v2\/users\/19"}],"replies":[{"embeddable":true,"href":"https:\/\/lindemannlaw.ch\/de\/wp-json\/wp\/v2\/comments?post=22837"}],"version-history":[{"count":0,"href":"https:\/\/lindemannlaw.ch\/de\/wp-json\/wp\/v2\/pages\/22837\/revisions"}],"wp:featuredmedia":[{"embeddable":true,"href":"https:\/\/lindemannlaw.ch\/de\/wp-json\/wp\/v2\/media\/22027"}],"wp:attachment":[{"href":"https:\/\/lindemannlaw.ch\/de\/wp-json\/wp\/v2\/media?parent=22837"}],"wp:term":[{"taxonomy":"related_contact","embeddable":true,"href":"https:\/\/lindemannlaw.ch\/de\/wp-json\/wp\/v2\/related_contact?post=22837"},{"taxonomy":"expertise","embeddable":true,"href":"https:\/\/lindemannlaw.ch\/de\/wp-json\/wp\/v2\/expertise?post=22837"},{"taxonomy":"webparts","embeddable":true,"href":"https:\/\/lindemannlaw.ch\/de\/wp-json\/wp\/v2\/webparts?post=22837"},{"taxonomy":"page_type","embeddable":true,"href":"https:\/\/lindemannlaw.ch\/de\/wp-json\/wp\/v2\/page_type?post=22837"}],"curies":[{"name":"wp","href":"https:\/\/api.w.org\/{rel}","templated":true}]}}