{"id":22838,"date":"2025-07-17T08:23:51","date_gmt":"2025-07-17T07:23:51","guid":{"rendered":"https:\/\/lindemannlaw.ch\/relocation-to-the-canton-of-uri-migration-law-corporate-law-and-tax\/"},"modified":"2025-09-05T13:50:09","modified_gmt":"2025-09-05T12:50:09","slug":"relocation-to-the-canton-of-uri-migration-law-corporate-law-and-tax","status":"publish","type":"page","link":"https:\/\/lindemannlaw.ch\/de\/relocation-to-the-canton-of-uri-migration-law-corporate-law-and-tax\/","title":{"rendered":"Umsiedlung in den Kanton Uri | Migrationsrecht, Gesellschaftsrecht und Steuern"},"content":{"rendered":"<h3><img decoding=\"async\" class=\"wp-image-22313 alignleft\" src=\"https:\/\/lindemannlaw.ch\/wp-content\/uploads\/2025\/07\/uri-flag-248x300.webp\" alt=\"\" width=\"200\" height=\"242\" srcset=\"https:\/\/lindemannlaw.ch\/wp-content\/uploads\/2025\/07\/uri-flag-248x300.webp 248w, https:\/\/lindemannlaw.ch\/wp-content\/uploads\/2025\/07\/uri-flag.webp 474w\" sizes=\"(max-width: 200px) 100vw, 200px\" \/>\u00dcbersicht<\/h3>\n<p>Der Kanton Uri befindet sich in der Zentralschweiz und ist einer der Gr\u00fcndungskantone der Schweizerischen Eidgenossenschaft. Seine Hauptstadt ist Altdorf mit rund 38.000 Einwohnern (2023). Strategisch g\u00fcnstig an der Gotthard-Transitachse gelegen, entwickelt sich Uri zu einem wichtigen Akteur in den Bereichen Logistik, Infrastruktur, Energie und nachhaltige Innovation und bietet gleichzeitig eine ruhige, alpine Lebensqualit\u00e4t.  <\/p>\n<h3>Wirtschaftliche St\u00e4rken &amp; Infrastruktur<\/h3>\n<p>\u2714 <strong>BIP<\/strong>: Eine wachsende Wirtschaft, die sich auf Infrastruktur, Tourismus, Bauwesen und Energie konzentriert.<br \/>\n\u2714 <strong>Schl\u00fcsselindustrien<\/strong>: Logistik, erneuerbare Energien (Wasserkraft), Bauwesen, Feinmechanik, Tourismus und regionale Dienstleistungen.<br \/>\n\u2714 <strong>Bildung &amp; Forschung<\/strong>: Berufsausbildungsprogramme, Verbindung zu den Institutionen von Luzern und der ETH Z\u00fcrich \u00fcber Innovationscluster.<br \/>\n\u2714 <strong>Transport &amp; Konnektivit\u00e4t<\/strong>: An der <strong>Gotthard-Nord-S\u00fcd-Achse<\/strong> (Stra\u00dfe und Schiene) gelegen, mit direkten Schieneng\u00fcterverkehrsverbindungen nach Italien und in die EU. Der Flughafen Z\u00fcrich ist in ~90 Minuten erreichbar. <\/p>\n<h3>Besteuerung<\/h3>\n<p><strong>Juristische Personen: <\/strong>Juristische Personen unterliegen einer K\u00f6rperschaftssteuer zum Steuersatz von 12,6% (Altdorf) und einer Kapitalsteuer von 0,001% auf das steuerbare Eigenkapital (beachten Sie jedoch, dass die Kapitalsteuers\u00e4tze innerhalb des Kantons stark variieren). Dividendenertr\u00e4ge und Kapitalgewinne aus qualifizierten Beteiligungen sind aufgrund der Beteiligungsfreistellung von der K\u00f6rperschaftssteuer befreit. <\/p>\n<p><strong>Privatpersonen<\/strong>: Privatpersonen unterliegen einer progressiven Einkommensteuer mit effektiven Spitzensteuers\u00e4tzen zwischen 25,13% (Realp) und 27,12% (Sisikon). Private Kapitalgewinne sind steuerfrei und Dividenden aus qualifizierten Beteiligungen werden mit einem Abschlag von 50% auf kantonaler und 30% auf Bundesebene besteuert. Daher kann der effektive Steuersatz je nach Einkommensstruktur erheblich sein. Der Kanton erhebt eine Verm\u00f6genssteuer auf das Nettoverm\u00f6gen einer Privatperson. Pauschalbesteuerungsregelung verf\u00fcgbar.    <\/p>\n<h3>Staatliche Unterst\u00fctzung f\u00fcr Unternehmensansiedlungen<\/h3>\n<table style=\"border-collapse: collapse; width: 100%;\">\n<tbody>\n<tr>\n<td style=\"width: 17.2178%;\"><a href=\"https:\/\/www.ur.ch\/wirtschaft\/1379\" target=\"_blank\" rel=\"noopener\"><img decoding=\"async\" class=\"alignnone wp-image-22318\" src=\"https:\/\/lindemannlaw.ch\/wp-content\/uploads\/2025\/07\/kanton-uri-logo-300x167.png\" alt=\"\" width=\"200\" height=\"111\" srcset=\"https:\/\/lindemannlaw.ch\/wp-content\/uploads\/2025\/07\/kanton-uri-logo-300x167.png 300w, https:\/\/lindemannlaw.ch\/wp-content\/uploads\/2025\/07\/kanton-uri-logo-768x427.png 768w, https:\/\/lindemannlaw.ch\/wp-content\/uploads\/2025\/07\/kanton-uri-logo.png 900w\" sizes=\"(max-width: 200px) 100vw, 200px\" \/><\/a><\/td>\n<td style=\"width: 82.7822%;\">\u2714 <strong>Wirtschaftsf\u00f6rderung Uri<\/strong><br \/>\nBietet ma\u00dfgeschneiderte Unterst\u00fctzung f\u00fcr Investoren und Unternehmer: Standortsuche, Genehmigungen, Unternehmensgr\u00fcndung und Steuerberatung.<br \/>\n<a href=\"https:\/\/www.ur.ch\/wirtschaft\/1379\" target=\"_blank\" rel=\"noopener\">Mehr erfahren<\/a><\/td>\n<\/tr>\n<tr>\n<td style=\"width: 17.2178%;\"><a href=\"https:\/\/www.werkmatt-uri.ch\/de\/home\" target=\"_blank\" rel=\"noopener\"><img decoding=\"async\" class=\"alignnone wp-image-22323\" src=\"https:\/\/lindemannlaw.ch\/wp-content\/uploads\/2025\/07\/werkmatt-uri-logo-300x139.webp\" alt=\"\" width=\"200\" height=\"93\" srcset=\"https:\/\/lindemannlaw.ch\/wp-content\/uploads\/2025\/07\/werkmatt-uri-logo-300x139.webp 300w, https:\/\/lindemannlaw.ch\/wp-content\/uploads\/2025\/07\/werkmatt-uri-logo.webp 474w\" sizes=\"(max-width: 200px) 100vw, 200px\" \/><\/a><\/td>\n<td style=\"width: 82.7822%;\">\u2714 <strong>Innovations- und Industriepark Uri (Werkmatt Uri)<\/strong><br \/>\nEin Industriepark mit moderner Infrastruktur f\u00fcr Unternehmen aus den Bereichen Logistik, Produktion, Mobilit\u00e4t und Cleantech.<br \/>\n<a href=\"https:\/\/www.werkmatt-uri.ch\/de\/home\" target=\"_blank\" rel=\"noopener\">Mehr erfahren<\/a><\/td>\n<\/tr>\n<tr>\n<td style=\"width: 17.2178%;\"><a href=\"https:\/\/www.energieuri.ch\/ueber-energieuri\/portraet-ewa-energieuri-gruppe\/ewa-energieuri-gruppe\/\" target=\"_blank\" rel=\"noopener\"><img loading=\"lazy\" decoding=\"async\" class=\"alignnone wp-image-22328\" src=\"https:\/\/lindemannlaw.ch\/wp-content\/uploads\/2025\/07\/energie-uri-logo-300x144.webp\" alt=\"\" width=\"200\" height=\"96\" srcset=\"https:\/\/lindemannlaw.ch\/wp-content\/uploads\/2025\/07\/energie-uri-logo-300x144.webp 300w, https:\/\/lindemannlaw.ch\/wp-content\/uploads\/2025\/07\/energie-uri-logo.webp 474w\" sizes=\"(max-width: 200px) 100vw, 200px\" \/><\/a><\/td>\n<td style=\"width: 82.7822%;\">\u2714 <strong>Energie-Cluster Uri<\/strong><br \/>\nUnterst\u00fctzt Investitionen und Entwicklung im Bereich der nachhaltigen Energie (Wasser, Solar, Infrastrukturplanung).<br \/>\n<a href=\"https:\/\/www.energieuri.ch\/ueber-energieuri\/portraet-ewa-energieuri-gruppe\/ewa-energieuri-gruppe\/\" target=\"_blank\" rel=\"noopener\">Mehr erfahren<\/a><\/td>\n<\/tr>\n<\/tbody>\n<\/table>\n<h3>Weitere Vorteile<\/h3>\n<p>\u2714 Attraktive kantonale Steuers\u00e4tze und Kostenvorteile f\u00fcr Unternehmen.<br \/>\n\u2714 Direkter Zugang zu den EU-M\u00e4rkten \u00fcber den Gotthard-Basistunnel.<br \/>\n\u2714 Friedlicher alpiner Lebensstil, geringe Kriminalit\u00e4t, hohe Luftqualit\u00e4t und erschwingliche Immobilien.<\/p>\n<h3>N\u00fctzliche offizielle Links<\/h3>\n<ul>\n<li><a href=\"https:\/\/www.ur.ch\/wirtschaft\/1379\" target=\"_blank\" rel=\"noopener\">Wirtschaftsf\u00f6rderung Uri (Wirtschaftsf\u00f6rderung)<\/a><\/li>\n<li><a href=\"https:\/\/www.werkmatt-uri.ch\/\" target=\"_blank\" rel=\"noopener\">Werkmatt Uri &#8211; Industrie- und Innovationszone<\/a><\/li>\n<li><a href=\"https:\/\/www.standort-uri.ch\/fileadmin\/dateien\/pdf\/tax_fact_sheet_legal_entities.pdf\" target=\"_blank\" rel=\"noopener\">Steuer\u00fcbersicht Uri &#8211; Unternehmen &amp; Privat<\/a><\/li>\n<li><a href=\"https:\/\/www.kmu.admin.ch\/kmu\/en\/home\/concrete-know-how\/setting-up-sme\/starting-business.html\" target=\"_blank\" rel=\"noopener\">Unternehmensgr\u00fcndung in der Schweiz (KMU-Portal des Bundes)<\/a><\/li>\n<\/ul>\n<p>Der Kanton Uri bietet ideale Bedingungen f\u00fcr Unternehmen aus den Bereichen Logistik, Industrie, Energie und nachhaltige Entwicklung &#8211; in einer steuereffizienten, sicheren und wundersch\u00f6nen alpinen Umgebung. <strong>LINDEMANNLAW<\/strong> unterst\u00fctzt Ihre gesch\u00e4ftliche und pers\u00f6nliche Ansiedlung in Uri mit kompetenter Rechtsberatung in den Bereichen Migrationsrecht, Steuern und Unternehmensgr\u00fcndung.<\/p>\n","protected":false},"excerpt":{"rendered":"<p>\u00dcbersicht Der Kanton Uri befindet sich in der Zentralschweiz und ist einer der Gr\u00fcndungskantone der Schweizerischen Eidgenossenschaft. Seine Hauptstadt ist Altdorf mit rund 38.000 Einwohnern (2023). Strategisch g\u00fcnstig an der Gotthard-Transitachse gelegen, entwickelt sich Uri zu einem wichtigen Akteur in den Bereichen Logistik, Infrastruktur, Energie und nachhaltige Innovation und bietet gleichzeitig eine ruhige, alpine Lebensqualit\u00e4t. [&hellip;]<\/p>\n","protected":false},"author":19,"featured_media":22310,"parent":0,"menu_order":0,"comment_status":"closed","ping_status":"closed","template":"","meta":{"_acf_changed":false,"site-sidebar-layout":"default","site-content-layout":"","ast-site-content-layout":"default","site-content-style":"default","site-sidebar-style":"default","ast-global-header-display":"","ast-banner-title-visibility":"","ast-main-header-display":"","ast-hfb-above-header-display":"","ast-hfb-below-header-display":"","ast-hfb-mobile-header-display":"","site-post-title":"","ast-breadcrumbs-content":"","ast-featured-img":"","footer-sml-layout":"","ast-disable-related-posts":"","theme-transparent-header-meta":"default","adv-header-id-meta":"","stick-header-meta":"","header-above-stick-meta":"","header-main-stick-meta":"","header-below-stick-meta":"","astra-migrate-meta-layouts":"default","ast-page-background-enabled":"default","ast-page-background-meta":{"desktop":{"background-color":"var(--ast-global-color-4)","background-image":"","background-repeat":"repeat","background-position":"center center","background-size":"auto","background-attachment":"scroll","background-type":"","background-media":"","overlay-type":"","overlay-color":"","overlay-opacity":"","overlay-gradient":""},"tablet":{"background-color":"","background-image":"","background-repeat":"repeat","background-position":"center center","background-size":"auto","background-attachment":"scroll","background-type":"","background-media":"","overlay-type":"","overlay-color":"","overlay-opacity":"","overlay-gradient":""},"mobile":{"background-color":"","background-image":"","background-repeat":"repeat","background-position":"center center","background-size":"auto","background-attachment":"scroll","background-type":"","background-media":"","overlay-type":"","overlay-color":"","overlay-opacity":"","overlay-gradient":""}},"ast-content-background-meta":{"desktop":{"background-color":"var(--ast-global-color-5)","background-image":"","background-repeat":"repeat","background-position":"center center","background-size":"auto","background-attachment":"scroll","background-type":"","background-media":"","overlay-type":"","overlay-color":"","overlay-opacity":"","overlay-gradient":""},"tablet":{"background-color":"var(--ast-global-color-5)","background-image":"","background-repeat":"repeat","background-position":"center center","background-size":"auto","background-attachment":"scroll","background-type":"","background-media":"","overlay-type":"","overlay-color":"","overlay-opacity":"","overlay-gradient":""},"mobile":{"background-color":"var(--ast-global-color-5)","background-image":"","background-repeat":"repeat","background-position":"center center","background-size":"auto","background-attachment":"scroll","background-type":"","background-media":"","overlay-type":"","overlay-color":"","overlay-opacity":"","overlay-gradient":""}},"footnotes":""},"related_contact":[201,438],"expertise":[362,190],"webparts":[],"page_type":[],"class_list":["post-22838","page","type-page","status-publish","has-post-thumbnail","hentry"],"acf":[],"yoast_head":"<!-- This site is optimized with the Yoast SEO Premium plugin v27.6 (Yoast SEO v27.6) - https:\/\/yoast.com\/product\/yoast-seo-premium-wordpress\/ -->\n<title>Umsiedlung in den Kanton Uri | Migrationsrecht, Gesellschaftsrecht und Steuern | Lindemann Law<\/title>\n<meta name=\"description\" content=\"Entdecken Sie die Vorteile eines Umzugs in den Kanton Uri. LINDEMANNLAW ber\u00e4t Einzelpersonen, Familien und Unternehmer in den Bereichen Migrationsrecht, Gesellschaftsrecht und Steuerfragen in der Schweiz.\" \/>\n<meta name=\"robots\" content=\"index, follow, max-snippet:-1, max-image-preview:large, max-video-preview:-1\" \/>\n<link rel=\"canonical\" href=\"https:\/\/lindemannlaw.ch\/de\/relocation-to-the-canton-of-uri-migration-law-corporate-law-and-tax\/\" \/>\n<meta property=\"og:locale\" content=\"de_DE\" \/>\n<meta property=\"og:type\" content=\"article\" \/>\n<meta property=\"og:title\" content=\"Umsiedlung in den Kanton Uri | Migrationsrecht, Gesellschaftsrecht und Steuern\" \/>\n<meta property=\"og:description\" content=\"Entdecken Sie die Vorteile eines Umzugs in den Kanton Uri. LINDEMANNLAW ber\u00e4t Einzelpersonen, Familien und Unternehmer in den Bereichen Migrationsrecht, Gesellschaftsrecht und Steuerfragen in der Schweiz.\" \/>\n<meta property=\"og:url\" content=\"https:\/\/lindemannlaw.ch\/de\/relocation-to-the-canton-of-uri-migration-law-corporate-law-and-tax\/\" \/>\n<meta property=\"og:site_name\" content=\"Lindemann Law\" \/>\n<meta property=\"article:modified_time\" content=\"2025-09-05T12:50:09+00:00\" \/>\n<meta property=\"og:image\" content=\"https:\/\/lindemannlaw.ch\/wp-content\/uploads\/2025\/07\/uri.webp\" \/>\n\t<meta property=\"og:image:width\" content=\"1920\" \/>\n\t<meta property=\"og:image:height\" content=\"1080\" \/>\n\t<meta property=\"og:image:type\" content=\"image\/webp\" \/>\n<meta name=\"twitter:card\" content=\"summary_large_image\" \/>\n<meta name=\"twitter:site\" content=\"@Lindemann_law\" \/>\n<meta name=\"twitter:label1\" content=\"Gesch\u00e4tzte Lesezeit\" \/>\n\t<meta name=\"twitter:data1\" content=\"2 Minuten\" \/>\n<script type=\"application\/ld+json\" class=\"yoast-schema-graph\">{\"@context\":\"https:\\\/\\\/schema.org\",\"@graph\":[{\"@type\":\"WebPage\",\"@id\":\"https:\\\/\\\/lindemannlaw.ch\\\/de\\\/relocation-to-the-canton-of-uri-migration-law-corporate-law-and-tax\\\/\",\"url\":\"https:\\\/\\\/lindemannlaw.ch\\\/de\\\/relocation-to-the-canton-of-uri-migration-law-corporate-law-and-tax\\\/\",\"name\":\"Umsiedlung in den Kanton Uri | Migrationsrecht, Gesellschaftsrecht und Steuern | Lindemann Law\",\"isPartOf\":{\"@id\":\"https:\\\/\\\/lindemannlaw.ch\\\/de\\\/#website\"},\"primaryImageOfPage\":{\"@id\":\"https:\\\/\\\/lindemannlaw.ch\\\/de\\\/relocation-to-the-canton-of-uri-migration-law-corporate-law-and-tax\\\/#primaryimage\"},\"image\":{\"@id\":\"https:\\\/\\\/lindemannlaw.ch\\\/de\\\/relocation-to-the-canton-of-uri-migration-law-corporate-law-and-tax\\\/#primaryimage\"},\"thumbnailUrl\":\"https:\\\/\\\/lindemannlaw.ch\\\/wp-content\\\/uploads\\\/2025\\\/07\\\/uri.webp\",\"datePublished\":\"2025-07-17T07:23:51+00:00\",\"dateModified\":\"2025-09-05T12:50:09+00:00\",\"description\":\"Entdecken Sie die Vorteile eines Umzugs in den Kanton Uri. LINDEMANNLAW ber\u00e4t Einzelpersonen, Familien und Unternehmer in den Bereichen Migrationsrecht, Gesellschaftsrecht und Steuerfragen in der Schweiz.\",\"breadcrumb\":{\"@id\":\"https:\\\/\\\/lindemannlaw.ch\\\/de\\\/relocation-to-the-canton-of-uri-migration-law-corporate-law-and-tax\\\/#breadcrumb\"},\"inLanguage\":\"de-DE\",\"potentialAction\":[{\"@type\":\"ReadAction\",\"target\":[\"https:\\\/\\\/lindemannlaw.ch\\\/de\\\/relocation-to-the-canton-of-uri-migration-law-corporate-law-and-tax\\\/\"]}]},{\"@type\":\"ImageObject\",\"inLanguage\":\"de-DE\",\"@id\":\"https:\\\/\\\/lindemannlaw.ch\\\/de\\\/relocation-to-the-canton-of-uri-migration-law-corporate-law-and-tax\\\/#primaryimage\",\"url\":\"https:\\\/\\\/lindemannlaw.ch\\\/wp-content\\\/uploads\\\/2025\\\/07\\\/uri.webp\",\"contentUrl\":\"https:\\\/\\\/lindemannlaw.ch\\\/wp-content\\\/uploads\\\/2025\\\/07\\\/uri.webp\",\"width\":1920,\"height\":1080},{\"@type\":\"BreadcrumbList\",\"@id\":\"https:\\\/\\\/lindemannlaw.ch\\\/de\\\/relocation-to-the-canton-of-uri-migration-law-corporate-law-and-tax\\\/#breadcrumb\",\"itemListElement\":[{\"@type\":\"ListItem\",\"position\":1,\"name\":\"Home\",\"item\":\"https:\\\/\\\/lindemannlaw.ch\\\/de\\\/\"},{\"@type\":\"ListItem\",\"position\":2,\"name\":\"Umsiedlung in den Kanton Uri | Migrationsrecht, Gesellschaftsrecht und Steuern\"}]},{\"@type\":\"WebSite\",\"@id\":\"https:\\\/\\\/lindemannlaw.ch\\\/de\\\/#website\",\"url\":\"https:\\\/\\\/lindemannlaw.ch\\\/de\\\/\",\"name\":\"Lindemann Law\",\"description\":\"Asset Management legal services\",\"publisher\":{\"@id\":\"https:\\\/\\\/lindemannlaw.ch\\\/de\\\/#organization\"},\"potentialAction\":[{\"@type\":\"SearchAction\",\"target\":{\"@type\":\"EntryPoint\",\"urlTemplate\":\"https:\\\/\\\/lindemannlaw.ch\\\/de\\\/?s={search_term_string}\"},\"query-input\":{\"@type\":\"PropertyValueSpecification\",\"valueRequired\":true,\"valueName\":\"search_term_string\"}}],\"inLanguage\":\"de-DE\"},{\"@type\":\"Organization\",\"@id\":\"https:\\\/\\\/lindemannlaw.ch\\\/de\\\/#organization\",\"name\":\"Lindemann Law\",\"url\":\"https:\\\/\\\/lindemannlaw.ch\\\/de\\\/\",\"logo\":{\"@type\":\"ImageObject\",\"inLanguage\":\"de-DE\",\"@id\":\"https:\\\/\\\/lindemannlaw.ch\\\/de\\\/#\\\/schema\\\/logo\\\/image\\\/\",\"url\":\"https:\\\/\\\/lindemannlaw.ch\\\/wp-content\\\/uploads\\\/2021\\\/01\\\/logo-lindemannlaw_cropped.png\",\"contentUrl\":\"https:\\\/\\\/lindemannlaw.ch\\\/wp-content\\\/uploads\\\/2021\\\/01\\\/logo-lindemannlaw_cropped.png\",\"width\":150,\"height\":73,\"caption\":\"Lindemann Law\"},\"image\":{\"@id\":\"https:\\\/\\\/lindemannlaw.ch\\\/de\\\/#\\\/schema\\\/logo\\\/image\\\/\"},\"sameAs\":[\"https:\\\/\\\/x.com\\\/Lindemann_law\",\"https:\\\/\\\/www.linkedin.com\\\/company\\\/lindemannlaw\\\/\"]}]}<\/script>\n<!-- \/ Yoast SEO Premium plugin. -->","yoast_head_json":{"title":"Umsiedlung in den Kanton Uri | Migrationsrecht, Gesellschaftsrecht und Steuern | Lindemann Law","description":"Entdecken Sie die Vorteile eines Umzugs in den Kanton Uri. LINDEMANNLAW ber\u00e4t Einzelpersonen, Familien und Unternehmer in den Bereichen Migrationsrecht, Gesellschaftsrecht und Steuerfragen in der Schweiz.","robots":{"index":"index","follow":"follow","max-snippet":"max-snippet:-1","max-image-preview":"max-image-preview:large","max-video-preview":"max-video-preview:-1"},"canonical":"https:\/\/lindemannlaw.ch\/de\/relocation-to-the-canton-of-uri-migration-law-corporate-law-and-tax\/","og_locale":"de_DE","og_type":"article","og_title":"Umsiedlung in den Kanton Uri | Migrationsrecht, Gesellschaftsrecht und Steuern","og_description":"Entdecken Sie die Vorteile eines Umzugs in den Kanton Uri. LINDEMANNLAW ber\u00e4t Einzelpersonen, Familien und Unternehmer in den Bereichen Migrationsrecht, Gesellschaftsrecht und Steuerfragen in der Schweiz.","og_url":"https:\/\/lindemannlaw.ch\/de\/relocation-to-the-canton-of-uri-migration-law-corporate-law-and-tax\/","og_site_name":"Lindemann Law","article_modified_time":"2025-09-05T12:50:09+00:00","og_image":[{"width":1920,"height":1080,"url":"https:\/\/lindemannlaw.ch\/wp-content\/uploads\/2025\/07\/uri.webp","type":"image\/webp"}],"twitter_card":"summary_large_image","twitter_site":"@Lindemann_law","twitter_misc":{"Gesch\u00e4tzte Lesezeit":"2 Minuten"},"schema":{"@context":"https:\/\/schema.org","@graph":[{"@type":"WebPage","@id":"https:\/\/lindemannlaw.ch\/de\/relocation-to-the-canton-of-uri-migration-law-corporate-law-and-tax\/","url":"https:\/\/lindemannlaw.ch\/de\/relocation-to-the-canton-of-uri-migration-law-corporate-law-and-tax\/","name":"Umsiedlung in den Kanton Uri | Migrationsrecht, Gesellschaftsrecht und Steuern | Lindemann Law","isPartOf":{"@id":"https:\/\/lindemannlaw.ch\/de\/#website"},"primaryImageOfPage":{"@id":"https:\/\/lindemannlaw.ch\/de\/relocation-to-the-canton-of-uri-migration-law-corporate-law-and-tax\/#primaryimage"},"image":{"@id":"https:\/\/lindemannlaw.ch\/de\/relocation-to-the-canton-of-uri-migration-law-corporate-law-and-tax\/#primaryimage"},"thumbnailUrl":"https:\/\/lindemannlaw.ch\/wp-content\/uploads\/2025\/07\/uri.webp","datePublished":"2025-07-17T07:23:51+00:00","dateModified":"2025-09-05T12:50:09+00:00","description":"Entdecken Sie die Vorteile eines Umzugs in den Kanton Uri. LINDEMANNLAW ber\u00e4t Einzelpersonen, Familien und Unternehmer in den Bereichen Migrationsrecht, Gesellschaftsrecht und Steuerfragen in der Schweiz.","breadcrumb":{"@id":"https:\/\/lindemannlaw.ch\/de\/relocation-to-the-canton-of-uri-migration-law-corporate-law-and-tax\/#breadcrumb"},"inLanguage":"de-DE","potentialAction":[{"@type":"ReadAction","target":["https:\/\/lindemannlaw.ch\/de\/relocation-to-the-canton-of-uri-migration-law-corporate-law-and-tax\/"]}]},{"@type":"ImageObject","inLanguage":"de-DE","@id":"https:\/\/lindemannlaw.ch\/de\/relocation-to-the-canton-of-uri-migration-law-corporate-law-and-tax\/#primaryimage","url":"https:\/\/lindemannlaw.ch\/wp-content\/uploads\/2025\/07\/uri.webp","contentUrl":"https:\/\/lindemannlaw.ch\/wp-content\/uploads\/2025\/07\/uri.webp","width":1920,"height":1080},{"@type":"BreadcrumbList","@id":"https:\/\/lindemannlaw.ch\/de\/relocation-to-the-canton-of-uri-migration-law-corporate-law-and-tax\/#breadcrumb","itemListElement":[{"@type":"ListItem","position":1,"name":"Home","item":"https:\/\/lindemannlaw.ch\/de\/"},{"@type":"ListItem","position":2,"name":"Umsiedlung in den Kanton Uri | Migrationsrecht, Gesellschaftsrecht und Steuern"}]},{"@type":"WebSite","@id":"https:\/\/lindemannlaw.ch\/de\/#website","url":"https:\/\/lindemannlaw.ch\/de\/","name":"Lindemann Law","description":"Asset Management legal services","publisher":{"@id":"https:\/\/lindemannlaw.ch\/de\/#organization"},"potentialAction":[{"@type":"SearchAction","target":{"@type":"EntryPoint","urlTemplate":"https:\/\/lindemannlaw.ch\/de\/?s={search_term_string}"},"query-input":{"@type":"PropertyValueSpecification","valueRequired":true,"valueName":"search_term_string"}}],"inLanguage":"de-DE"},{"@type":"Organization","@id":"https:\/\/lindemannlaw.ch\/de\/#organization","name":"Lindemann Law","url":"https:\/\/lindemannlaw.ch\/de\/","logo":{"@type":"ImageObject","inLanguage":"de-DE","@id":"https:\/\/lindemannlaw.ch\/de\/#\/schema\/logo\/image\/","url":"https:\/\/lindemannlaw.ch\/wp-content\/uploads\/2021\/01\/logo-lindemannlaw_cropped.png","contentUrl":"https:\/\/lindemannlaw.ch\/wp-content\/uploads\/2021\/01\/logo-lindemannlaw_cropped.png","width":150,"height":73,"caption":"Lindemann Law"},"image":{"@id":"https:\/\/lindemannlaw.ch\/de\/#\/schema\/logo\/image\/"},"sameAs":["https:\/\/x.com\/Lindemann_law","https:\/\/www.linkedin.com\/company\/lindemannlaw\/"]}]}},"_links":{"self":[{"href":"https:\/\/lindemannlaw.ch\/de\/wp-json\/wp\/v2\/pages\/22838","targetHints":{"allow":["GET"]}}],"collection":[{"href":"https:\/\/lindemannlaw.ch\/de\/wp-json\/wp\/v2\/pages"}],"about":[{"href":"https:\/\/lindemannlaw.ch\/de\/wp-json\/wp\/v2\/types\/page"}],"author":[{"embeddable":true,"href":"https:\/\/lindemannlaw.ch\/de\/wp-json\/wp\/v2\/users\/19"}],"replies":[{"embeddable":true,"href":"https:\/\/lindemannlaw.ch\/de\/wp-json\/wp\/v2\/comments?post=22838"}],"version-history":[{"count":0,"href":"https:\/\/lindemannlaw.ch\/de\/wp-json\/wp\/v2\/pages\/22838\/revisions"}],"wp:featuredmedia":[{"embeddable":true,"href":"https:\/\/lindemannlaw.ch\/de\/wp-json\/wp\/v2\/media\/22310"}],"wp:attachment":[{"href":"https:\/\/lindemannlaw.ch\/de\/wp-json\/wp\/v2\/media?parent=22838"}],"wp:term":[{"taxonomy":"related_contact","embeddable":true,"href":"https:\/\/lindemannlaw.ch\/de\/wp-json\/wp\/v2\/related_contact?post=22838"},{"taxonomy":"expertise","embeddable":true,"href":"https:\/\/lindemannlaw.ch\/de\/wp-json\/wp\/v2\/expertise?post=22838"},{"taxonomy":"webparts","embeddable":true,"href":"https:\/\/lindemannlaw.ch\/de\/wp-json\/wp\/v2\/webparts?post=22838"},{"taxonomy":"page_type","embeddable":true,"href":"https:\/\/lindemannlaw.ch\/de\/wp-json\/wp\/v2\/page_type?post=22838"}],"curies":[{"name":"wp","href":"https:\/\/api.w.org\/{rel}","templated":true}]}}