{"id":22953,"date":"2025-09-09T10:18:37","date_gmt":"2025-09-09T09:18:37","guid":{"rendered":"https:\/\/lindemannlaw.ch\/lindemannlaw-at-the-zurich-film-festival\/"},"modified":"2025-10-24T08:19:19","modified_gmt":"2025-10-24T07:19:19","slug":"lindemannlaw-beim-zuercher-filmfestival","status":"publish","type":"page","link":"https:\/\/lindemannlaw.ch\/de\/lindemannlaw-beim-zuercher-filmfestival\/","title":{"rendered":"LINDEMANNLAW beim Zurich Film Festival"},"content":{"rendered":"<p data-start=\"258\" data-end=\"726\"><img decoding=\"async\" class=\"size-full wp-image-22918 alignleft\" src=\"https:\/\/lindemannlaw.ch\/wp-content\/uploads\/2025\/09\/image-2.png\" alt=\"\" width=\"140\" height=\"156\" \/>Das <strong data-start=\"262\" data-end=\"292\">Zurich Film Festival (ZFF)<\/strong> ist eines der f\u00fchrenden Kulturereignisse in der Schweiz, das Filmemacher, K\u00fcnstler und Publikum aus der ganzen Welt zusammenbringt. Jeden Herbst wird Z\u00fcrich zur B\u00fchne f\u00fcr Weltpremieren, inspirierende Gespr\u00e4che und die Feier des Geschichtenerz\u00e4hlens in all seinen Formen. Mit seiner internationalen Reichweite und seinen lokalen Wurzeln verk\u00f6rpert das ZFF Kreativit\u00e4t, Vielfalt und kulturellen Austausch &#8211; Werte, die uns bei LINDEMANNLAW sehr am Herzen liegen.<\/p>\n<p data-start=\"728\" data-end=\"1051\">F\u00fcr unser Unternehmen ist die Unterst\u00fctzung des Festivals mehr als nur ein Sponsoring. Sie spiegelt unsere Wertsch\u00e4tzung f\u00fcr die K\u00fcnste und unser Engagement f\u00fcr ein lebendiges, offenes und dynamisches Z\u00fcrich wider. Das ZFF st\u00e4rkt den internationalen Ruf Z\u00fcrichs als Drehscheibe f\u00fcr Kultur, Innovation und globalen Dialog &#8211; und wir sind stolz darauf, Teil dieser Reise zu sein.<\/p>\n<p><iframe title=\"YouTube-Video-Player\" src=\"https:\/\/www.youtube.com\/embed\/ExBktu-6lMg?si=LjqaR4cD96rhg8Lc\" width=\"560\" height=\"315\" frameborder=\"0\" allowfullscreen=\"allowfullscreen\"><span data-mce-type=\"bookmark\" style=\"display: inline-block; width: 0px; overflow: hidden; line-height: 0;\" class=\"mce_SELRES_start\"><\/span><\/iframe><\/p>\n<h3><\/h3>\n<hr data-start=\"951\" data-end=\"954\" \/>\n<h3 data-start=\"956\" data-end=\"1006\"><strong data-start=\"956\" data-end=\"1004\">Wir sind stolze Unterst\u00fctzer des Zurich Film Festival<\/strong><\/h3>\n<figure id=\"attachment_22940\" aria-describedby=\"caption-attachment-22940\" style=\"width: 202px\" class=\"wp-caption alignright\"><img fetchpriority=\"high\" decoding=\"async\" class=\"wp-image-22938 size-medium\" src=\"https:\/\/lindemannlaw.ch\/wp-content\/uploads\/2025\/09\/1729237572881-1-202x300.jpeg\" alt=\"\" width=\"202\" height=\"300\" srcset=\"https:\/\/lindemannlaw.ch\/wp-content\/uploads\/2025\/09\/1729237572881-1-202x300.jpeg 202w, https:\/\/lindemannlaw.ch\/wp-content\/uploads\/2025\/09\/1729237572881-1-691x1024.jpeg 691w, https:\/\/lindemannlaw.ch\/wp-content\/uploads\/2025\/09\/1729237572881-1-768x1139.jpeg 768w, https:\/\/lindemannlaw.ch\/wp-content\/uploads\/2025\/09\/1729237572881-1-1036x1536.jpeg 1036w, https:\/\/lindemannlaw.ch\/wp-content\/uploads\/2025\/09\/1729237572881-1.jpeg 1280w\" sizes=\"(max-width: 202px) 100vw, 202px\" \/><figcaption id=\"caption-attachment-22940\" class=\"wp-caption-text\">Shynar &amp; Dr. Alexander Lindemann beim Zurich Film Festival<\/figcaption><\/figure>\n<p data-start=\"1095\" data-end=\"1402\">Wir bei LINDEMANNLAW glauben, dass Kunst und Kultur wesentliche S\u00e4ulen der Gesellschaft sind. Sie inspirieren zu neuen Perspektiven, f\u00f6rdern den Dialog und bauen Br\u00fccken \u00fcber Grenzen hinweg. Das Zurich Film Festival verk\u00f6rpert diese Ideale und schafft eine Plattform, auf der neue Stimmen zu h\u00f6ren sind und etablierte Talente gefeiert werden.<\/p>\n<p data-start=\"1404\" data-end=\"1713\">Unser Spendenengagement ist Ausdruck unserer Verantwortung als Z\u00fcrcher Anwaltskanzlei: Wir unterst\u00fctzen nicht nur unsere Mandanten, sondern auch die breitere Gemeinschaft, der wir angeh\u00f6ren. So wie wir Privatpersonen und Unternehmen durch komplexe juristische Landschaften begleiten, sch\u00e4tzen wir auch die Bedeutung der Pflege von Kulturlandschaften.<\/p>\n<p data-start=\"1715\" data-end=\"2012\">Als eines der dynamischsten Kulturereignisse der Schweiz spiegelt das ZFF unsere eigenen Werte wie Exzellenz, Internationalit\u00e4t und Innovation wider. Mit unserem Beitrag zum Festival bekr\u00e4ftigen wir unser Engagement f\u00fcr die St\u00e4rkung von Z\u00fcrich als einen Ort, an dem Kreativit\u00e4t und Wirtschaft Seite an Seite gedeihen k\u00f6nnen.<\/p>\n<p data-start=\"1128\" data-end=\"1152\"><strong>Unterst\u00fctzen auch Sie das Zurich Film Festival<\/strong><\/p>\n<p data-start=\"1153\" data-end=\"1372\">M\u00f6chten auch Sie das Zurich Film Festival unterst\u00fctzen und helfen, Kreativit\u00e4t und Kultur in der Schweiz zu f\u00f6rdern? <a href=\"https:\/\/zff.com\/en\/partners\/donors-club\">Treten Sie dem Donors Club bei<\/a> und werden Sie Teil einer inspirierenden Gemeinschaft, die diese Weltklasse-Veranstaltung m\u00f6glich macht.<\/p>\n","protected":false},"excerpt":{"rendered":"<p>Das Zurich Film Festival (ZFF) ist eines der f\u00fchrenden Kulturereignisse in der Schweiz, das Filmemacher, K\u00fcnstler und Publikum aus der ganzen Welt zusammenbringt. Jeden Herbst wird Z\u00fcrich zur B\u00fchne f\u00fcr Weltpremieren, inspirierende Gespr\u00e4che und die Feier des Geschichtenerz\u00e4hlens in all seinen Formen. Mit seiner internationalen Reichweite und seinen lokalen Wurzeln verk\u00f6rpert das ZFF Kreativit\u00e4t, Vielfalt [&hellip;]<\/p>\n","protected":false},"author":19,"featured_media":22926,"parent":0,"menu_order":0,"comment_status":"closed","ping_status":"closed","template":"","meta":{"_acf_changed":false,"site-sidebar-layout":"default","site-content-layout":"","ast-site-content-layout":"default","site-content-style":"default","site-sidebar-style":"default","ast-global-header-display":"","ast-banner-title-visibility":"","ast-main-header-display":"","ast-hfb-above-header-display":"","ast-hfb-below-header-display":"","ast-hfb-mobile-header-display":"","site-post-title":"","ast-breadcrumbs-content":"","ast-featured-img":"","footer-sml-layout":"","ast-disable-related-posts":"","theme-transparent-header-meta":"default","adv-header-id-meta":"","stick-header-meta":"","header-above-stick-meta":"","header-main-stick-meta":"","header-below-stick-meta":"","astra-migrate-meta-layouts":"set","ast-page-background-enabled":"default","ast-page-background-meta":{"desktop":{"background-color":"var(--ast-global-color-4)","background-image":"","background-repeat":"repeat","background-position":"center center","background-size":"auto","background-attachment":"scroll","background-type":"","background-media":"","overlay-type":"","overlay-color":"","overlay-opacity":"","overlay-gradient":""},"tablet":{"background-color":"","background-image":"","background-repeat":"repeat","background-position":"center center","background-size":"auto","background-attachment":"scroll","background-type":"","background-media":"","overlay-type":"","overlay-color":"","overlay-opacity":"","overlay-gradient":""},"mobile":{"background-color":"","background-image":"","background-repeat":"repeat","background-position":"center center","background-size":"auto","background-attachment":"scroll","background-type":"","background-media":"","overlay-type":"","overlay-color":"","overlay-opacity":"","overlay-gradient":""}},"ast-content-background-meta":{"desktop":{"background-color":"var(--ast-global-color-5)","background-image":"","background-repeat":"repeat","background-position":"center center","background-size":"auto","background-attachment":"scroll","background-type":"","background-media":"","overlay-type":"","overlay-color":"","overlay-opacity":"","overlay-gradient":""},"tablet":{"background-color":"var(--ast-global-color-5)","background-image":"","background-repeat":"repeat","background-position":"center center","background-size":"auto","background-attachment":"scroll","background-type":"","background-media":"","overlay-type":"","overlay-color":"","overlay-opacity":"","overlay-gradient":""},"mobile":{"background-color":"var(--ast-global-color-5)","background-image":"","background-repeat":"repeat","background-position":"center center","background-size":"auto","background-attachment":"scroll","background-type":"","background-media":"","overlay-type":"","overlay-color":"","overlay-opacity":"","overlay-gradient":""}},"footnotes":""},"related_contact":[],"expertise":[],"webparts":[],"page_type":[],"class_list":["post-22953","page","type-page","status-publish","has-post-thumbnail","hentry"],"acf":[],"yoast_head":"<!-- This site is optimized with the Yoast SEO Premium plugin v27.5 (Yoast SEO v27.5) - https:\/\/yoast.com\/product\/yoast-seo-premium-wordpress\/ -->\n<title>LINDEMANNLAW beim Zurich Film Festival | Lindemann Law<\/title>\n<meta name=\"description\" content=\"LINDEMANNLAW unterst\u00fctzt das Zurich Film Festival in Z\u00fcrich - Kultur trifft Innovation: Unsere Werte und Zusammenarbeit f\u00fcr Kunst, Kreativit\u00e4t und internationalen Dialog.\" \/>\n<meta name=\"robots\" content=\"index, follow, max-snippet:-1, max-image-preview:large, max-video-preview:-1\" \/>\n<link rel=\"canonical\" href=\"https:\/\/lindemannlaw.ch\/de\/lindemannlaw-beim-zuercher-filmfestival\/\" \/>\n<meta property=\"og:locale\" content=\"de_DE\" \/>\n<meta property=\"og:type\" content=\"article\" \/>\n<meta property=\"og:title\" content=\"LINDEMANNLAW beim Zurich Film Festival\" \/>\n<meta property=\"og:description\" content=\"LINDEMANNLAW unterst\u00fctzt das Zurich Film Festival in Z\u00fcrich - Kultur trifft Innovation: Unsere Werte und Zusammenarbeit f\u00fcr Kunst, Kreativit\u00e4t und internationalen Dialog.\" \/>\n<meta property=\"og:url\" content=\"https:\/\/lindemannlaw.ch\/de\/lindemannlaw-beim-zuercher-filmfestival\/\" \/>\n<meta property=\"og:site_name\" content=\"Lindemann Law\" \/>\n<meta property=\"article:modified_time\" content=\"2025-10-24T07:19:19+00:00\" \/>\n<meta property=\"og:image\" content=\"https:\/\/lindemannlaw.ch\/wp-content\/uploads\/2025\/09\/68be94a5-9193-4ecf-a5b4-d74d04162649.webp\" \/>\n\t<meta property=\"og:image:width\" content=\"1360\" \/>\n\t<meta property=\"og:image:height\" content=\"907\" \/>\n\t<meta property=\"og:image:type\" content=\"image\/webp\" \/>\n<meta name=\"twitter:card\" content=\"summary_large_image\" \/>\n<meta name=\"twitter:site\" content=\"@Lindemann_law\" \/>\n<meta name=\"twitter:label1\" content=\"Gesch\u00e4tzte Lesezeit\" \/>\n\t<meta name=\"twitter:data1\" content=\"3 Minuten\" \/>\n<script type=\"application\/ld+json\" class=\"yoast-schema-graph\">{\"@context\":\"https:\\\/\\\/schema.org\",\"@graph\":[{\"@type\":\"WebPage\",\"@id\":\"https:\\\/\\\/lindemannlaw.ch\\\/de\\\/lindemannlaw-beim-zuercher-filmfestival\\\/\",\"url\":\"https:\\\/\\\/lindemannlaw.ch\\\/de\\\/lindemannlaw-beim-zuercher-filmfestival\\\/\",\"name\":\"LINDEMANNLAW beim Zurich Film Festival | Lindemann Law\",\"isPartOf\":{\"@id\":\"https:\\\/\\\/lindemannlaw.ch\\\/de\\\/#website\"},\"primaryImageOfPage\":{\"@id\":\"https:\\\/\\\/lindemannlaw.ch\\\/de\\\/lindemannlaw-beim-zuercher-filmfestival\\\/#primaryimage\"},\"image\":{\"@id\":\"https:\\\/\\\/lindemannlaw.ch\\\/de\\\/lindemannlaw-beim-zuercher-filmfestival\\\/#primaryimage\"},\"thumbnailUrl\":\"https:\\\/\\\/lindemannlaw.ch\\\/wp-content\\\/uploads\\\/2025\\\/09\\\/68be94a5-9193-4ecf-a5b4-d74d04162649.webp\",\"datePublished\":\"2025-09-09T09:18:37+00:00\",\"dateModified\":\"2025-10-24T07:19:19+00:00\",\"description\":\"LINDEMANNLAW unterst\u00fctzt das Zurich Film Festival in Z\u00fcrich - Kultur trifft Innovation: Unsere Werte und Zusammenarbeit f\u00fcr Kunst, Kreativit\u00e4t und internationalen Dialog.\",\"breadcrumb\":{\"@id\":\"https:\\\/\\\/lindemannlaw.ch\\\/de\\\/lindemannlaw-beim-zuercher-filmfestival\\\/#breadcrumb\"},\"inLanguage\":\"de-DE\",\"potentialAction\":[{\"@type\":\"ReadAction\",\"target\":[\"https:\\\/\\\/lindemannlaw.ch\\\/de\\\/lindemannlaw-beim-zuercher-filmfestival\\\/\"]}]},{\"@type\":\"ImageObject\",\"inLanguage\":\"de-DE\",\"@id\":\"https:\\\/\\\/lindemannlaw.ch\\\/de\\\/lindemannlaw-beim-zuercher-filmfestival\\\/#primaryimage\",\"url\":\"https:\\\/\\\/lindemannlaw.ch\\\/wp-content\\\/uploads\\\/2025\\\/09\\\/68be94a5-9193-4ecf-a5b4-d74d04162649.webp\",\"contentUrl\":\"https:\\\/\\\/lindemannlaw.ch\\\/wp-content\\\/uploads\\\/2025\\\/09\\\/68be94a5-9193-4ecf-a5b4-d74d04162649.webp\",\"width\":1360,\"height\":907},{\"@type\":\"BreadcrumbList\",\"@id\":\"https:\\\/\\\/lindemannlaw.ch\\\/de\\\/lindemannlaw-beim-zuercher-filmfestival\\\/#breadcrumb\",\"itemListElement\":[{\"@type\":\"ListItem\",\"position\":1,\"name\":\"Home\",\"item\":\"https:\\\/\\\/lindemannlaw.ch\\\/de\\\/\"},{\"@type\":\"ListItem\",\"position\":2,\"name\":\"LINDEMANNLAW beim Zurich Film Festival\"}]},{\"@type\":\"WebSite\",\"@id\":\"https:\\\/\\\/lindemannlaw.ch\\\/de\\\/#website\",\"url\":\"https:\\\/\\\/lindemannlaw.ch\\\/de\\\/\",\"name\":\"Lindemann Law\",\"description\":\"Asset Management legal services\",\"publisher\":{\"@id\":\"https:\\\/\\\/lindemannlaw.ch\\\/de\\\/#organization\"},\"potentialAction\":[{\"@type\":\"SearchAction\",\"target\":{\"@type\":\"EntryPoint\",\"urlTemplate\":\"https:\\\/\\\/lindemannlaw.ch\\\/de\\\/?s={search_term_string}\"},\"query-input\":{\"@type\":\"PropertyValueSpecification\",\"valueRequired\":true,\"valueName\":\"search_term_string\"}}],\"inLanguage\":\"de-DE\"},{\"@type\":\"Organization\",\"@id\":\"https:\\\/\\\/lindemannlaw.ch\\\/de\\\/#organization\",\"name\":\"Lindemann Law\",\"url\":\"https:\\\/\\\/lindemannlaw.ch\\\/de\\\/\",\"logo\":{\"@type\":\"ImageObject\",\"inLanguage\":\"de-DE\",\"@id\":\"https:\\\/\\\/lindemannlaw.ch\\\/de\\\/#\\\/schema\\\/logo\\\/image\\\/\",\"url\":\"https:\\\/\\\/lindemannlaw.ch\\\/wp-content\\\/uploads\\\/2021\\\/01\\\/logo-lindemannlaw_cropped.png\",\"contentUrl\":\"https:\\\/\\\/lindemannlaw.ch\\\/wp-content\\\/uploads\\\/2021\\\/01\\\/logo-lindemannlaw_cropped.png\",\"width\":150,\"height\":73,\"caption\":\"Lindemann Law\"},\"image\":{\"@id\":\"https:\\\/\\\/lindemannlaw.ch\\\/de\\\/#\\\/schema\\\/logo\\\/image\\\/\"},\"sameAs\":[\"https:\\\/\\\/x.com\\\/Lindemann_law\",\"https:\\\/\\\/www.linkedin.com\\\/company\\\/lindemannlaw\\\/\"]}]}<\/script>\n<!-- \/ Yoast SEO Premium plugin. -->","yoast_head_json":{"title":"LINDEMANNLAW beim Zurich Film Festival | Lindemann Law","description":"LINDEMANNLAW unterst\u00fctzt das Zurich Film Festival in Z\u00fcrich - Kultur trifft Innovation: Unsere Werte und Zusammenarbeit f\u00fcr Kunst, Kreativit\u00e4t und internationalen Dialog.","robots":{"index":"index","follow":"follow","max-snippet":"max-snippet:-1","max-image-preview":"max-image-preview:large","max-video-preview":"max-video-preview:-1"},"canonical":"https:\/\/lindemannlaw.ch\/de\/lindemannlaw-beim-zuercher-filmfestival\/","og_locale":"de_DE","og_type":"article","og_title":"LINDEMANNLAW beim Zurich Film Festival","og_description":"LINDEMANNLAW unterst\u00fctzt das Zurich Film Festival in Z\u00fcrich - Kultur trifft Innovation: Unsere Werte und Zusammenarbeit f\u00fcr Kunst, Kreativit\u00e4t und internationalen Dialog.","og_url":"https:\/\/lindemannlaw.ch\/de\/lindemannlaw-beim-zuercher-filmfestival\/","og_site_name":"Lindemann Law","article_modified_time":"2025-10-24T07:19:19+00:00","og_image":[{"width":1360,"height":907,"url":"https:\/\/lindemannlaw.ch\/wp-content\/uploads\/2025\/09\/68be94a5-9193-4ecf-a5b4-d74d04162649.webp","type":"image\/webp"}],"twitter_card":"summary_large_image","twitter_site":"@Lindemann_law","twitter_misc":{"Gesch\u00e4tzte Lesezeit":"3 Minuten"},"schema":{"@context":"https:\/\/schema.org","@graph":[{"@type":"WebPage","@id":"https:\/\/lindemannlaw.ch\/de\/lindemannlaw-beim-zuercher-filmfestival\/","url":"https:\/\/lindemannlaw.ch\/de\/lindemannlaw-beim-zuercher-filmfestival\/","name":"LINDEMANNLAW beim Zurich Film Festival | Lindemann Law","isPartOf":{"@id":"https:\/\/lindemannlaw.ch\/de\/#website"},"primaryImageOfPage":{"@id":"https:\/\/lindemannlaw.ch\/de\/lindemannlaw-beim-zuercher-filmfestival\/#primaryimage"},"image":{"@id":"https:\/\/lindemannlaw.ch\/de\/lindemannlaw-beim-zuercher-filmfestival\/#primaryimage"},"thumbnailUrl":"https:\/\/lindemannlaw.ch\/wp-content\/uploads\/2025\/09\/68be94a5-9193-4ecf-a5b4-d74d04162649.webp","datePublished":"2025-09-09T09:18:37+00:00","dateModified":"2025-10-24T07:19:19+00:00","description":"LINDEMANNLAW unterst\u00fctzt das Zurich Film Festival in Z\u00fcrich - Kultur trifft Innovation: Unsere Werte und Zusammenarbeit f\u00fcr Kunst, Kreativit\u00e4t und internationalen Dialog.","breadcrumb":{"@id":"https:\/\/lindemannlaw.ch\/de\/lindemannlaw-beim-zuercher-filmfestival\/#breadcrumb"},"inLanguage":"de-DE","potentialAction":[{"@type":"ReadAction","target":["https:\/\/lindemannlaw.ch\/de\/lindemannlaw-beim-zuercher-filmfestival\/"]}]},{"@type":"ImageObject","inLanguage":"de-DE","@id":"https:\/\/lindemannlaw.ch\/de\/lindemannlaw-beim-zuercher-filmfestival\/#primaryimage","url":"https:\/\/lindemannlaw.ch\/wp-content\/uploads\/2025\/09\/68be94a5-9193-4ecf-a5b4-d74d04162649.webp","contentUrl":"https:\/\/lindemannlaw.ch\/wp-content\/uploads\/2025\/09\/68be94a5-9193-4ecf-a5b4-d74d04162649.webp","width":1360,"height":907},{"@type":"BreadcrumbList","@id":"https:\/\/lindemannlaw.ch\/de\/lindemannlaw-beim-zuercher-filmfestival\/#breadcrumb","itemListElement":[{"@type":"ListItem","position":1,"name":"Home","item":"https:\/\/lindemannlaw.ch\/de\/"},{"@type":"ListItem","position":2,"name":"LINDEMANNLAW beim Zurich Film Festival"}]},{"@type":"WebSite","@id":"https:\/\/lindemannlaw.ch\/de\/#website","url":"https:\/\/lindemannlaw.ch\/de\/","name":"Lindemann Law","description":"Asset Management legal services","publisher":{"@id":"https:\/\/lindemannlaw.ch\/de\/#organization"},"potentialAction":[{"@type":"SearchAction","target":{"@type":"EntryPoint","urlTemplate":"https:\/\/lindemannlaw.ch\/de\/?s={search_term_string}"},"query-input":{"@type":"PropertyValueSpecification","valueRequired":true,"valueName":"search_term_string"}}],"inLanguage":"de-DE"},{"@type":"Organization","@id":"https:\/\/lindemannlaw.ch\/de\/#organization","name":"Lindemann Law","url":"https:\/\/lindemannlaw.ch\/de\/","logo":{"@type":"ImageObject","inLanguage":"de-DE","@id":"https:\/\/lindemannlaw.ch\/de\/#\/schema\/logo\/image\/","url":"https:\/\/lindemannlaw.ch\/wp-content\/uploads\/2021\/01\/logo-lindemannlaw_cropped.png","contentUrl":"https:\/\/lindemannlaw.ch\/wp-content\/uploads\/2021\/01\/logo-lindemannlaw_cropped.png","width":150,"height":73,"caption":"Lindemann Law"},"image":{"@id":"https:\/\/lindemannlaw.ch\/de\/#\/schema\/logo\/image\/"},"sameAs":["https:\/\/x.com\/Lindemann_law","https:\/\/www.linkedin.com\/company\/lindemannlaw\/"]}]}},"_links":{"self":[{"href":"https:\/\/lindemannlaw.ch\/de\/wp-json\/wp\/v2\/pages\/22953","targetHints":{"allow":["GET"]}}],"collection":[{"href":"https:\/\/lindemannlaw.ch\/de\/wp-json\/wp\/v2\/pages"}],"about":[{"href":"https:\/\/lindemannlaw.ch\/de\/wp-json\/wp\/v2\/types\/page"}],"author":[{"embeddable":true,"href":"https:\/\/lindemannlaw.ch\/de\/wp-json\/wp\/v2\/users\/19"}],"replies":[{"embeddable":true,"href":"https:\/\/lindemannlaw.ch\/de\/wp-json\/wp\/v2\/comments?post=22953"}],"version-history":[{"count":0,"href":"https:\/\/lindemannlaw.ch\/de\/wp-json\/wp\/v2\/pages\/22953\/revisions"}],"wp:featuredmedia":[{"embeddable":true,"href":"https:\/\/lindemannlaw.ch\/de\/wp-json\/wp\/v2\/media\/22926"}],"wp:attachment":[{"href":"https:\/\/lindemannlaw.ch\/de\/wp-json\/wp\/v2\/media?parent=22953"}],"wp:term":[{"taxonomy":"related_contact","embeddable":true,"href":"https:\/\/lindemannlaw.ch\/de\/wp-json\/wp\/v2\/related_contact?post=22953"},{"taxonomy":"expertise","embeddable":true,"href":"https:\/\/lindemannlaw.ch\/de\/wp-json\/wp\/v2\/expertise?post=22953"},{"taxonomy":"webparts","embeddable":true,"href":"https:\/\/lindemannlaw.ch\/de\/wp-json\/wp\/v2\/webparts?post=22953"},{"taxonomy":"page_type","embeddable":true,"href":"https:\/\/lindemannlaw.ch\/de\/wp-json\/wp\/v2\/page_type?post=22953"}],"curies":[{"name":"wp","href":"https:\/\/api.w.org\/{rel}","templated":true}]}}