{"id":2648,"date":"2020-07-29T16:22:10","date_gmt":"2020-07-29T15:22:10","guid":{"rendered":"https:\/\/lindemannlaw.chareas-of-expertise\/"},"modified":"2026-02-27T14:27:54","modified_gmt":"2026-02-27T13:27:54","slug":"areas-of-expertise","status":"publish","type":"page","link":"https:\/\/lindemannlaw.ch\/de\/areas-of-expertise\/","title":{"rendered":"Bereiche der Expertise"},"content":{"rendered":"<p>Meistern Sie Ihren Wandel &#8211; Recht, Steuern und Intelligenz f\u00fcr Unternehmer. Wir bieten Rechts-, Steuer- und Informationsdienstleistungen f\u00fcr Verm\u00f6gensverwalter, Asset Manager und Unternehmer. Wir helfen Ihnen mit Investmentfonds, Stiftungen, Verbriefungen und Holdings in Luxemburg, Malta, Liechtenstein und auf den Cayman Islands, mit unseren Anw\u00e4lten mit Lizenz im schweizerischen, deutschen, liechtensteinischen und luxemburgischen Recht und mit Zulassung zur Kotierung an der SIX Swiss Exchange, mit einem einzigartigen internationalen Fokus. Die Firma arbeitet mit Kunden in den USA, Europa, der GUS, dem Nahen Osten und Zentralasien zusammen.<\/p>\n","protected":false},"excerpt":{"rendered":"<p>Meistern Sie Ihren Wandel &#8211; Recht, Steuern und Intelligenz f\u00fcr Unternehmer. Wir bieten Rechts-, Steuer- und Informationsdienstleistungen f\u00fcr Verm\u00f6gensverwalter, Asset Manager und Unternehmer. Wir helfen Ihnen mit Investmentfonds, Stiftungen, Verbriefungen und Holdings in Luxemburg, Malta, Liechtenstein und auf den Cayman Islands, mit unseren Anw\u00e4lten mit Lizenz im schweizerischen, deutschen, liechtensteinischen und luxemburgischen Recht und mit [&hellip;]<\/p>\n","protected":false},"author":1,"featured_media":2651,"parent":0,"menu_order":0,"comment_status":"closed","ping_status":"closed","template":"","meta":{"_acf_changed":false,"site-sidebar-layout":"default","site-content-layout":"","ast-site-content-layout":"default","site-content-style":"default","site-sidebar-style":"default","ast-global-header-display":"","ast-banner-title-visibility":"","ast-main-header-display":"","ast-hfb-above-header-display":"","ast-hfb-below-header-display":"","ast-hfb-mobile-header-display":"","site-post-title":"","ast-breadcrumbs-content":"","ast-featured-img":"","footer-sml-layout":"","ast-disable-related-posts":"","theme-transparent-header-meta":"default","adv-header-id-meta":"","stick-header-meta":"","header-above-stick-meta":"","header-main-stick-meta":"","header-below-stick-meta":"","astra-migrate-meta-layouts":"set","ast-page-background-enabled":"default","ast-page-background-meta":{"desktop":{"background-color":"var(--ast-global-color-4)","background-image":"","background-repeat":"repeat","background-position":"center center","background-size":"auto","background-attachment":"scroll","background-type":"","background-media":"","overlay-type":"","overlay-color":"","overlay-opacity":"","overlay-gradient":""},"tablet":{"background-color":"","background-image":"","background-repeat":"repeat","background-position":"center center","background-size":"auto","background-attachment":"scroll","background-type":"","background-media":"","overlay-type":"","overlay-color":"","overlay-opacity":"","overlay-gradient":""},"mobile":{"background-color":"","background-image":"","background-repeat":"repeat","background-position":"center center","background-size":"auto","background-attachment":"scroll","background-type":"","background-media":"","overlay-type":"","overlay-color":"","overlay-opacity":"","overlay-gradient":""}},"ast-content-background-meta":{"desktop":{"background-color":"var(--ast-global-color-5)","background-image":"","background-repeat":"repeat","background-position":"center center","background-size":"auto","background-attachment":"scroll","background-type":"","background-media":"","overlay-type":"","overlay-color":"","overlay-opacity":"","overlay-gradient":""},"tablet":{"background-color":"var(--ast-global-color-5)","background-image":"","background-repeat":"repeat","background-position":"center center","background-size":"auto","background-attachment":"scroll","background-type":"","background-media":"","overlay-type":"","overlay-color":"","overlay-opacity":"","overlay-gradient":""},"mobile":{"background-color":"var(--ast-global-color-5)","background-image":"","background-repeat":"repeat","background-position":"center center","background-size":"auto","background-attachment":"scroll","background-type":"","background-media":"","overlay-type":"","overlay-color":"","overlay-opacity":"","overlay-gradient":""}},"footnotes":""},"related_contact":[],"expertise":[197,827,150,158,234,343,297,334,169,142,489,116,322,173,153,177,161,329,362,829,571,572,828,137,145],"webparts":[],"page_type":[227,326],"class_list":["post-2648","page","type-page","status-publish","has-post-thumbnail","hentry"],"acf":[],"yoast_head":"<!-- This site is optimized with the Yoast SEO Premium plugin v27.5 (Yoast SEO v27.5) - https:\/\/yoast.com\/product\/yoast-seo-premium-wordpress\/ -->\n<title>Bereiche der Expertise | Lindemann Law<\/title>\n<meta name=\"description\" content=\"Wir bieten Rechts-, Steuer- und Nachrichtendienste f\u00fcr Verm\u00f6gensverwalter, Asset Manager, Unternehmer und zahlreiche Forbes Milliard\u00e4re. Autorisiert f\u00fcr die SIX Swiss Exchange, mit einem einzigartigen internationalen Fokus.\" \/>\n<meta name=\"robots\" content=\"index, follow, max-snippet:-1, max-image-preview:large, max-video-preview:-1\" \/>\n<link rel=\"canonical\" href=\"https:\/\/lindemannlaw.ch\/de\/areas-of-expertise\/\" \/>\n<meta property=\"og:locale\" content=\"de_DE\" \/>\n<meta property=\"og:type\" content=\"article\" \/>\n<meta property=\"og:title\" content=\"Bereiche der Expertise\" \/>\n<meta property=\"og:description\" content=\"Wir bieten Rechts-, Steuer- und Nachrichtendienste f\u00fcr Verm\u00f6gensverwalter, Asset Manager, Unternehmer und zahlreiche Forbes Milliard\u00e4re. Autorisiert f\u00fcr die SIX Swiss Exchange, mit einem einzigartigen internationalen Fokus.\" \/>\n<meta property=\"og:url\" content=\"https:\/\/lindemannlaw.ch\/de\/areas-of-expertise\/\" \/>\n<meta property=\"og:site_name\" content=\"Lindemann Law\" \/>\n<meta property=\"article:modified_time\" content=\"2026-02-27T13:27:54+00:00\" \/>\n<meta property=\"og:image\" content=\"https:\/\/lindemannlaw.ch\/wp-content\/uploads\/2020\/12\/Lindemannlaw-Areas-of-Expertise.jpg\" \/>\n\t<meta property=\"og:image:width\" content=\"1800\" \/>\n\t<meta property=\"og:image:height\" content=\"2500\" \/>\n\t<meta property=\"og:image:type\" content=\"image\/jpeg\" \/>\n<meta name=\"twitter:card\" content=\"summary_large_image\" \/>\n<meta name=\"twitter:site\" content=\"@Lindemann_law\" \/>\n<meta name=\"twitter:label1\" content=\"Gesch\u00e4tzte Lesezeit\" \/>\n\t<meta name=\"twitter:data1\" content=\"1 Minute\" \/>\n<script type=\"application\/ld+json\" class=\"yoast-schema-graph\">{\"@context\":\"https:\\\/\\\/schema.org\",\"@graph\":[{\"@type\":\"WebPage\",\"@id\":\"https:\\\/\\\/lindemannlaw.ch\\\/de\\\/areas-of-expertise\\\/\",\"url\":\"https:\\\/\\\/lindemannlaw.ch\\\/de\\\/areas-of-expertise\\\/\",\"name\":\"Bereiche der Expertise | Lindemann Law\",\"isPartOf\":{\"@id\":\"https:\\\/\\\/lindemannlaw.ch\\\/de\\\/#website\"},\"primaryImageOfPage\":{\"@id\":\"https:\\\/\\\/lindemannlaw.ch\\\/de\\\/areas-of-expertise\\\/#primaryimage\"},\"image\":{\"@id\":\"https:\\\/\\\/lindemannlaw.ch\\\/de\\\/areas-of-expertise\\\/#primaryimage\"},\"thumbnailUrl\":\"https:\\\/\\\/lindemannlaw.ch\\\/wp-content\\\/uploads\\\/2020\\\/12\\\/Lindemannlaw-Areas-of-Expertise.jpg\",\"datePublished\":\"2020-07-29T15:22:10+00:00\",\"dateModified\":\"2026-02-27T13:27:54+00:00\",\"description\":\"Wir bieten Rechts-, Steuer- und Nachrichtendienste f\u00fcr Verm\u00f6gensverwalter, Asset Manager, Unternehmer und zahlreiche Forbes Milliard\u00e4re. Autorisiert f\u00fcr die SIX Swiss Exchange, mit einem einzigartigen internationalen Fokus.\",\"breadcrumb\":{\"@id\":\"https:\\\/\\\/lindemannlaw.ch\\\/de\\\/areas-of-expertise\\\/#breadcrumb\"},\"inLanguage\":\"de-DE\",\"potentialAction\":[{\"@type\":\"ReadAction\",\"target\":[\"https:\\\/\\\/lindemannlaw.ch\\\/de\\\/areas-of-expertise\\\/\"]}]},{\"@type\":\"ImageObject\",\"inLanguage\":\"de-DE\",\"@id\":\"https:\\\/\\\/lindemannlaw.ch\\\/de\\\/areas-of-expertise\\\/#primaryimage\",\"url\":\"https:\\\/\\\/lindemannlaw.ch\\\/wp-content\\\/uploads\\\/2020\\\/12\\\/Lindemannlaw-Areas-of-Expertise.jpg\",\"contentUrl\":\"https:\\\/\\\/lindemannlaw.ch\\\/wp-content\\\/uploads\\\/2020\\\/12\\\/Lindemannlaw-Areas-of-Expertise.jpg\",\"width\":1800,\"height\":2500},{\"@type\":\"BreadcrumbList\",\"@id\":\"https:\\\/\\\/lindemannlaw.ch\\\/de\\\/areas-of-expertise\\\/#breadcrumb\",\"itemListElement\":[{\"@type\":\"ListItem\",\"position\":1,\"name\":\"Home\",\"item\":\"https:\\\/\\\/lindemannlaw.ch\\\/de\\\/\"},{\"@type\":\"ListItem\",\"position\":2,\"name\":\"Bereiche der Expertise\"}]},{\"@type\":\"WebSite\",\"@id\":\"https:\\\/\\\/lindemannlaw.ch\\\/de\\\/#website\",\"url\":\"https:\\\/\\\/lindemannlaw.ch\\\/de\\\/\",\"name\":\"Lindemann Law\",\"description\":\"Asset Management legal services\",\"publisher\":{\"@id\":\"https:\\\/\\\/lindemannlaw.ch\\\/de\\\/#organization\"},\"potentialAction\":[{\"@type\":\"SearchAction\",\"target\":{\"@type\":\"EntryPoint\",\"urlTemplate\":\"https:\\\/\\\/lindemannlaw.ch\\\/de\\\/?s={search_term_string}\"},\"query-input\":{\"@type\":\"PropertyValueSpecification\",\"valueRequired\":true,\"valueName\":\"search_term_string\"}}],\"inLanguage\":\"de-DE\"},{\"@type\":\"Organization\",\"@id\":\"https:\\\/\\\/lindemannlaw.ch\\\/de\\\/#organization\",\"name\":\"Lindemann Law\",\"url\":\"https:\\\/\\\/lindemannlaw.ch\\\/de\\\/\",\"logo\":{\"@type\":\"ImageObject\",\"inLanguage\":\"de-DE\",\"@id\":\"https:\\\/\\\/lindemannlaw.ch\\\/de\\\/#\\\/schema\\\/logo\\\/image\\\/\",\"url\":\"https:\\\/\\\/lindemannlaw.ch\\\/wp-content\\\/uploads\\\/2021\\\/01\\\/logo-lindemannlaw_cropped.png\",\"contentUrl\":\"https:\\\/\\\/lindemannlaw.ch\\\/wp-content\\\/uploads\\\/2021\\\/01\\\/logo-lindemannlaw_cropped.png\",\"width\":150,\"height\":73,\"caption\":\"Lindemann Law\"},\"image\":{\"@id\":\"https:\\\/\\\/lindemannlaw.ch\\\/de\\\/#\\\/schema\\\/logo\\\/image\\\/\"},\"sameAs\":[\"https:\\\/\\\/x.com\\\/Lindemann_law\",\"https:\\\/\\\/www.linkedin.com\\\/company\\\/lindemannlaw\\\/\"]}]}<\/script>\n<!-- \/ Yoast SEO Premium plugin. -->","yoast_head_json":{"title":"Bereiche der Expertise | Lindemann Law","description":"Wir bieten Rechts-, Steuer- und Nachrichtendienste f\u00fcr Verm\u00f6gensverwalter, Asset Manager, Unternehmer und zahlreiche Forbes Milliard\u00e4re. Autorisiert f\u00fcr die SIX Swiss Exchange, mit einem einzigartigen internationalen Fokus.","robots":{"index":"index","follow":"follow","max-snippet":"max-snippet:-1","max-image-preview":"max-image-preview:large","max-video-preview":"max-video-preview:-1"},"canonical":"https:\/\/lindemannlaw.ch\/de\/areas-of-expertise\/","og_locale":"de_DE","og_type":"article","og_title":"Bereiche der Expertise","og_description":"Wir bieten Rechts-, Steuer- und Nachrichtendienste f\u00fcr Verm\u00f6gensverwalter, Asset Manager, Unternehmer und zahlreiche Forbes Milliard\u00e4re. Autorisiert f\u00fcr die SIX Swiss Exchange, mit einem einzigartigen internationalen Fokus.","og_url":"https:\/\/lindemannlaw.ch\/de\/areas-of-expertise\/","og_site_name":"Lindemann Law","article_modified_time":"2026-02-27T13:27:54+00:00","og_image":[{"width":1800,"height":2500,"url":"https:\/\/lindemannlaw.ch\/wp-content\/uploads\/2020\/12\/Lindemannlaw-Areas-of-Expertise.jpg","type":"image\/jpeg"}],"twitter_card":"summary_large_image","twitter_site":"@Lindemann_law","twitter_misc":{"Gesch\u00e4tzte Lesezeit":"1 Minute"},"schema":{"@context":"https:\/\/schema.org","@graph":[{"@type":"WebPage","@id":"https:\/\/lindemannlaw.ch\/de\/areas-of-expertise\/","url":"https:\/\/lindemannlaw.ch\/de\/areas-of-expertise\/","name":"Bereiche der Expertise | Lindemann Law","isPartOf":{"@id":"https:\/\/lindemannlaw.ch\/de\/#website"},"primaryImageOfPage":{"@id":"https:\/\/lindemannlaw.ch\/de\/areas-of-expertise\/#primaryimage"},"image":{"@id":"https:\/\/lindemannlaw.ch\/de\/areas-of-expertise\/#primaryimage"},"thumbnailUrl":"https:\/\/lindemannlaw.ch\/wp-content\/uploads\/2020\/12\/Lindemannlaw-Areas-of-Expertise.jpg","datePublished":"2020-07-29T15:22:10+00:00","dateModified":"2026-02-27T13:27:54+00:00","description":"Wir bieten Rechts-, Steuer- und Nachrichtendienste f\u00fcr Verm\u00f6gensverwalter, Asset Manager, Unternehmer und zahlreiche Forbes Milliard\u00e4re. Autorisiert f\u00fcr die SIX Swiss Exchange, mit einem einzigartigen internationalen Fokus.","breadcrumb":{"@id":"https:\/\/lindemannlaw.ch\/de\/areas-of-expertise\/#breadcrumb"},"inLanguage":"de-DE","potentialAction":[{"@type":"ReadAction","target":["https:\/\/lindemannlaw.ch\/de\/areas-of-expertise\/"]}]},{"@type":"ImageObject","inLanguage":"de-DE","@id":"https:\/\/lindemannlaw.ch\/de\/areas-of-expertise\/#primaryimage","url":"https:\/\/lindemannlaw.ch\/wp-content\/uploads\/2020\/12\/Lindemannlaw-Areas-of-Expertise.jpg","contentUrl":"https:\/\/lindemannlaw.ch\/wp-content\/uploads\/2020\/12\/Lindemannlaw-Areas-of-Expertise.jpg","width":1800,"height":2500},{"@type":"BreadcrumbList","@id":"https:\/\/lindemannlaw.ch\/de\/areas-of-expertise\/#breadcrumb","itemListElement":[{"@type":"ListItem","position":1,"name":"Home","item":"https:\/\/lindemannlaw.ch\/de\/"},{"@type":"ListItem","position":2,"name":"Bereiche der Expertise"}]},{"@type":"WebSite","@id":"https:\/\/lindemannlaw.ch\/de\/#website","url":"https:\/\/lindemannlaw.ch\/de\/","name":"Lindemann Law","description":"Asset Management legal services","publisher":{"@id":"https:\/\/lindemannlaw.ch\/de\/#organization"},"potentialAction":[{"@type":"SearchAction","target":{"@type":"EntryPoint","urlTemplate":"https:\/\/lindemannlaw.ch\/de\/?s={search_term_string}"},"query-input":{"@type":"PropertyValueSpecification","valueRequired":true,"valueName":"search_term_string"}}],"inLanguage":"de-DE"},{"@type":"Organization","@id":"https:\/\/lindemannlaw.ch\/de\/#organization","name":"Lindemann Law","url":"https:\/\/lindemannlaw.ch\/de\/","logo":{"@type":"ImageObject","inLanguage":"de-DE","@id":"https:\/\/lindemannlaw.ch\/de\/#\/schema\/logo\/image\/","url":"https:\/\/lindemannlaw.ch\/wp-content\/uploads\/2021\/01\/logo-lindemannlaw_cropped.png","contentUrl":"https:\/\/lindemannlaw.ch\/wp-content\/uploads\/2021\/01\/logo-lindemannlaw_cropped.png","width":150,"height":73,"caption":"Lindemann Law"},"image":{"@id":"https:\/\/lindemannlaw.ch\/de\/#\/schema\/logo\/image\/"},"sameAs":["https:\/\/x.com\/Lindemann_law","https:\/\/www.linkedin.com\/company\/lindemannlaw\/"]}]}},"_links":{"self":[{"href":"https:\/\/lindemannlaw.ch\/de\/wp-json\/wp\/v2\/pages\/2648","targetHints":{"allow":["GET"]}}],"collection":[{"href":"https:\/\/lindemannlaw.ch\/de\/wp-json\/wp\/v2\/pages"}],"about":[{"href":"https:\/\/lindemannlaw.ch\/de\/wp-json\/wp\/v2\/types\/page"}],"author":[{"embeddable":true,"href":"https:\/\/lindemannlaw.ch\/de\/wp-json\/wp\/v2\/users\/1"}],"replies":[{"embeddable":true,"href":"https:\/\/lindemannlaw.ch\/de\/wp-json\/wp\/v2\/comments?post=2648"}],"version-history":[{"count":0,"href":"https:\/\/lindemannlaw.ch\/de\/wp-json\/wp\/v2\/pages\/2648\/revisions"}],"wp:featuredmedia":[{"embeddable":true,"href":"https:\/\/lindemannlaw.ch\/de\/wp-json\/wp\/v2\/media\/2651"}],"wp:attachment":[{"href":"https:\/\/lindemannlaw.ch\/de\/wp-json\/wp\/v2\/media?parent=2648"}],"wp:term":[{"taxonomy":"related_contact","embeddable":true,"href":"https:\/\/lindemannlaw.ch\/de\/wp-json\/wp\/v2\/related_contact?post=2648"},{"taxonomy":"expertise","embeddable":true,"href":"https:\/\/lindemannlaw.ch\/de\/wp-json\/wp\/v2\/expertise?post=2648"},{"taxonomy":"webparts","embeddable":true,"href":"https:\/\/lindemannlaw.ch\/de\/wp-json\/wp\/v2\/webparts?post=2648"},{"taxonomy":"page_type","embeddable":true,"href":"https:\/\/lindemannlaw.ch\/de\/wp-json\/wp\/v2\/page_type?post=2648"}],"curies":[{"name":"wp","href":"https:\/\/api.w.org\/{rel}","templated":true}]}}