{"id":2864,"date":"2020-07-30T07:44:27","date_gmt":"2020-07-30T06:44:27","guid":{"rendered":"https:\/\/lindemannlaw.chteam\/"},"modified":"2025-05-23T10:01:25","modified_gmt":"2025-05-23T09:01:25","slug":"team-de","status":"publish","type":"page","link":"https:\/\/lindemannlaw.ch\/de\/team-de\/","title":{"rendered":"Unser Team"},"content":{"rendered":"<p>LINDEMANNLAW bestehen aus den weltweit f\u00fchrendsten Rechtsanw\u00e4lten, Steuer- und Unternehmensberatern sowie Compliance Experten, welche \u00fcber unternehmensinterne Erfahrung aus der T\u00e4tigkeit bei Banken, Fondsmanagern und in anderen multinationalen Unternehmen in der Schweiz und im Ausland verf\u00fcgen. Die einzelnen Mitglieder der Kanzlei beraten im Recht der Schweiz, Luxemburgs, Deutschlands und Liechtensteins.<\/p>\n<p>Die Prinzipien, die unsere t\u00e4gliche Arbeit leiten, sind hohe Qualit\u00e4t, Effizienz, Reaktivit\u00e4t und Flexibilit\u00e4t. Unsere Kunden sch\u00e4tzen ebenso unsere Unabh\u00e4ngigkeit, unseren Einfallsreichtum sowie unseren Unternehmergeist. Wir sind stets und in besonderem Masse darum bem\u00fcht, an der Spitze zu bleiben, und wachsen f\u00fcr unsere Kunden t\u00e4glich \u00fcber uns selbst hinaus.<\/p>\n<p>Die Mitglieder der Kanzlei sind zugelassene Vertreter f\u00fcr Notierungen an der <a href=\"https:\/\/www.six-group.com\/en\/home.html\">SIX Swiss Exchange<\/a> und Mitglieder des <a href=\"https:\/\/www.sictic.ch\/\">Swiss ICT Investor Club (SICTIC)<\/a>, der <a href=\"https:\/\/jointchambers.ch\/\">Joint Chamber of Commerce (JCC)<\/a>, der <a href=\"https:\/\/www.seca.ch\/\">Swiss Private Equity &amp; Corporate Finance Association (SECA)<\/a>, von <a href=\"https:\/\/financemalta.org\/\">FinanceMalta<\/a>, der <a href=\"https:\/\/www.expertsuisse.ch\/en-home\">Fachvereinigung f\u00fcr Wirtschaftspr\u00fcfung, Steuern und Treuhand (EXPERTsuisse)<\/a>, der <a href=\"https:\/\/www.zav.ch\/en\/home.html\">Z\u00fcrcher Anwaltsvereinigung (ZAV)<\/a> und des <a href=\"https:\/\/www.sav-fsa.ch\/\">Schweizerischen Anwaltsverbands (SAV), <\/a>der <a href=\"https:\/\/www.amcham.ch\/\">Swiss AmCham,<\/a> und der <a href=\"https:\/\/www.ifa.nl\/\">International Fiscal Association (IFA)<\/a>.<\/p>\n<p>&nbsp;<\/p>\n","protected":false},"excerpt":{"rendered":"<p>LINDEMANNLAW bestehen aus den weltweit f\u00fchrendsten Rechtsanw\u00e4lten, Steuer- und Unternehmensberatern sowie Compliance Experten, welche \u00fcber unternehmensinterne Erfahrung aus der T\u00e4tigkeit bei Banken, Fondsmanagern und in anderen multinationalen Unternehmen in der Schweiz und im Ausland verf\u00fcgen. Die einzelnen Mitglieder der Kanzlei beraten im Recht der Schweiz, Luxemburgs, Deutschlands und Liechtensteins. Die Prinzipien, die unsere t\u00e4gliche Arbeit [&hellip;]<\/p>\n","protected":false},"author":1,"featured_media":2332,"parent":0,"menu_order":0,"comment_status":"closed","ping_status":"closed","template":"","meta":{"_acf_changed":false,"site-sidebar-layout":"no-sidebar","site-content-layout":"","ast-site-content-layout":"full-width-container","site-content-style":"default","site-sidebar-style":"default","ast-global-header-display":"","ast-banner-title-visibility":"","ast-main-header-display":"","ast-hfb-above-header-display":"","ast-hfb-below-header-display":"","ast-hfb-mobile-header-display":"","site-post-title":"disabled","ast-breadcrumbs-content":"","ast-featured-img":"disabled","footer-sml-layout":"","ast-disable-related-posts":"","theme-transparent-header-meta":"default","adv-header-id-meta":"","stick-header-meta":"","header-above-stick-meta":"","header-main-stick-meta":"","header-below-stick-meta":"","astra-migrate-meta-layouts":"set","ast-page-background-enabled":"default","ast-page-background-meta":{"desktop":{"background-color":"var(--ast-global-color-4)","background-image":"","background-repeat":"repeat","background-position":"center center","background-size":"auto","background-attachment":"scroll","background-type":"","background-media":"","overlay-type":"","overlay-color":"","overlay-opacity":"","overlay-gradient":""},"tablet":{"background-color":"","background-image":"","background-repeat":"repeat","background-position":"center center","background-size":"auto","background-attachment":"scroll","background-type":"","background-media":"","overlay-type":"","overlay-color":"","overlay-opacity":"","overlay-gradient":""},"mobile":{"background-color":"","background-image":"","background-repeat":"repeat","background-position":"center center","background-size":"auto","background-attachment":"scroll","background-type":"","background-media":"","overlay-type":"","overlay-color":"","overlay-opacity":"","overlay-gradient":""}},"ast-content-background-meta":{"desktop":{"background-color":"var(--ast-global-color-5)","background-image":"","background-repeat":"repeat","background-position":"center center","background-size":"auto","background-attachment":"scroll","background-type":"","background-media":"","overlay-type":"","overlay-color":"","overlay-opacity":"","overlay-gradient":""},"tablet":{"background-color":"var(--ast-global-color-5)","background-image":"","background-repeat":"repeat","background-position":"center center","background-size":"auto","background-attachment":"scroll","background-type":"","background-media":"","overlay-type":"","overlay-color":"","overlay-opacity":"","overlay-gradient":""},"mobile":{"background-color":"var(--ast-global-color-5)","background-image":"","background-repeat":"repeat","background-position":"center center","background-size":"auto","background-attachment":"scroll","background-type":"","background-media":"","overlay-type":"","overlay-color":"","overlay-opacity":"","overlay-gradient":""}},"footnotes":""},"related_contact":[],"expertise":[],"webparts":[],"page_type":[226],"class_list":["post-2864","page","type-page","status-publish","has-post-thumbnail","hentry"],"acf":[],"yoast_head":"<!-- This site is optimized with the Yoast SEO Premium plugin v27.5 (Yoast SEO v27.5) - https:\/\/yoast.com\/product\/yoast-seo-premium-wordpress\/ -->\n<title>Unser Team | Lindemann Law<\/title>\n<meta name=\"description\" content=\"LINDEMANNLAW bestehen aus den weltweit f\u00fchrendsten Rechtsanw\u00e4lten, Steuer- und Unternehmensberatern sowie Compliance Experten, welche \u00fcber unternehmensinterne Erfahrung aus der T\u00e4tigkeit bei Banken, Fondsmanagern und in anderen multinationalen Unternehmen in der Schweiz und im Ausland verf\u00fcgen. Die einzelnen Mitglieder der Kanzlei beraten im Recht der Schweiz, Luxemburgs, Deutschlands und Liechtensteins .\" \/>\n<meta name=\"robots\" content=\"index, follow, max-snippet:-1, max-image-preview:large, max-video-preview:-1\" \/>\n<link rel=\"canonical\" href=\"https:\/\/lindemannlaw.ch\/de\/team-de\/\" \/>\n<meta property=\"og:locale\" content=\"de_DE\" \/>\n<meta property=\"og:type\" content=\"article\" \/>\n<meta property=\"og:title\" content=\"Unser Team\" \/>\n<meta property=\"og:description\" content=\"LINDEMANNLAW bestehen aus den weltweit f\u00fchrendsten Rechtsanw\u00e4lten, Steuer- und Unternehmensberatern sowie Compliance Experten, welche \u00fcber unternehmensinterne Erfahrung aus der T\u00e4tigkeit bei Banken, Fondsmanagern und in anderen multinationalen Unternehmen in der Schweiz und im Ausland verf\u00fcgen. Die einzelnen Mitglieder der Kanzlei beraten im Recht der Schweiz, Luxemburgs, Deutschlands und Liechtensteins .\" \/>\n<meta property=\"og:url\" content=\"https:\/\/lindemannlaw.ch\/de\/team-de\/\" \/>\n<meta property=\"og:site_name\" content=\"Lindemann Law\" \/>\n<meta property=\"article:modified_time\" content=\"2025-05-23T09:01:25+00:00\" \/>\n<meta property=\"og:image\" content=\"https:\/\/lindemannlaw.ch\/wp-content\/uploads\/2020\/07\/Iguana-Lindemann-Law-1.jpg\" \/>\n\t<meta property=\"og:image:width\" content=\"1794\" \/>\n\t<meta property=\"og:image:height\" content=\"2500\" \/>\n\t<meta property=\"og:image:type\" content=\"image\/jpeg\" \/>\n<meta name=\"twitter:card\" content=\"summary_large_image\" \/>\n<meta name=\"twitter:site\" content=\"@Lindemann_law\" \/>\n<meta name=\"twitter:label1\" content=\"Gesch\u00e4tzte Lesezeit\" \/>\n\t<meta name=\"twitter:data1\" content=\"1 Minute\" \/>\n<script type=\"application\/ld+json\" class=\"yoast-schema-graph\">{\"@context\":\"https:\\\/\\\/schema.org\",\"@graph\":[{\"@type\":\"WebPage\",\"@id\":\"https:\\\/\\\/lindemannlaw.ch\\\/de\\\/team-de\\\/\",\"url\":\"https:\\\/\\\/lindemannlaw.ch\\\/de\\\/team-de\\\/\",\"name\":\"Unser Team | Lindemann Law\",\"isPartOf\":{\"@id\":\"https:\\\/\\\/lindemannlaw.ch\\\/de\\\/#website\"},\"primaryImageOfPage\":{\"@id\":\"https:\\\/\\\/lindemannlaw.ch\\\/de\\\/team-de\\\/#primaryimage\"},\"image\":{\"@id\":\"https:\\\/\\\/lindemannlaw.ch\\\/de\\\/team-de\\\/#primaryimage\"},\"thumbnailUrl\":\"https:\\\/\\\/lindemannlaw.ch\\\/wp-content\\\/uploads\\\/2020\\\/07\\\/Iguana-Lindemann-Law-1.jpg\",\"datePublished\":\"2020-07-30T06:44:27+00:00\",\"dateModified\":\"2025-05-23T09:01:25+00:00\",\"description\":\"LINDEMANNLAW bestehen aus den weltweit f\u00fchrendsten Rechtsanw\u00e4lten, Steuer- und Unternehmensberatern sowie Compliance Experten, welche \u00fcber unternehmensinterne Erfahrung aus der T\u00e4tigkeit bei Banken, Fondsmanagern und in anderen multinationalen Unternehmen in der Schweiz und im Ausland verf\u00fcgen. Die einzelnen Mitglieder der Kanzlei beraten im Recht der Schweiz, Luxemburgs, Deutschlands und Liechtensteins .\",\"breadcrumb\":{\"@id\":\"https:\\\/\\\/lindemannlaw.ch\\\/de\\\/team-de\\\/#breadcrumb\"},\"inLanguage\":\"de-DE\",\"potentialAction\":[{\"@type\":\"ReadAction\",\"target\":[\"https:\\\/\\\/lindemannlaw.ch\\\/de\\\/team-de\\\/\"]}]},{\"@type\":\"ImageObject\",\"inLanguage\":\"de-DE\",\"@id\":\"https:\\\/\\\/lindemannlaw.ch\\\/de\\\/team-de\\\/#primaryimage\",\"url\":\"https:\\\/\\\/lindemannlaw.ch\\\/wp-content\\\/uploads\\\/2020\\\/07\\\/Iguana-Lindemann-Law-1.jpg\",\"contentUrl\":\"https:\\\/\\\/lindemannlaw.ch\\\/wp-content\\\/uploads\\\/2020\\\/07\\\/Iguana-Lindemann-Law-1.jpg\",\"width\":1794,\"height\":2500},{\"@type\":\"BreadcrumbList\",\"@id\":\"https:\\\/\\\/lindemannlaw.ch\\\/de\\\/team-de\\\/#breadcrumb\",\"itemListElement\":[{\"@type\":\"ListItem\",\"position\":1,\"name\":\"Home\",\"item\":\"https:\\\/\\\/lindemannlaw.ch\\\/de\\\/\"},{\"@type\":\"ListItem\",\"position\":2,\"name\":\"Unser Team\"}]},{\"@type\":\"WebSite\",\"@id\":\"https:\\\/\\\/lindemannlaw.ch\\\/de\\\/#website\",\"url\":\"https:\\\/\\\/lindemannlaw.ch\\\/de\\\/\",\"name\":\"Lindemann Law\",\"description\":\"Asset Management legal services\",\"publisher\":{\"@id\":\"https:\\\/\\\/lindemannlaw.ch\\\/de\\\/#organization\"},\"potentialAction\":[{\"@type\":\"SearchAction\",\"target\":{\"@type\":\"EntryPoint\",\"urlTemplate\":\"https:\\\/\\\/lindemannlaw.ch\\\/de\\\/?s={search_term_string}\"},\"query-input\":{\"@type\":\"PropertyValueSpecification\",\"valueRequired\":true,\"valueName\":\"search_term_string\"}}],\"inLanguage\":\"de-DE\"},{\"@type\":\"Organization\",\"@id\":\"https:\\\/\\\/lindemannlaw.ch\\\/de\\\/#organization\",\"name\":\"Lindemann Law\",\"url\":\"https:\\\/\\\/lindemannlaw.ch\\\/de\\\/\",\"logo\":{\"@type\":\"ImageObject\",\"inLanguage\":\"de-DE\",\"@id\":\"https:\\\/\\\/lindemannlaw.ch\\\/de\\\/#\\\/schema\\\/logo\\\/image\\\/\",\"url\":\"https:\\\/\\\/lindemannlaw.ch\\\/wp-content\\\/uploads\\\/2021\\\/01\\\/logo-lindemannlaw_cropped.png\",\"contentUrl\":\"https:\\\/\\\/lindemannlaw.ch\\\/wp-content\\\/uploads\\\/2021\\\/01\\\/logo-lindemannlaw_cropped.png\",\"width\":150,\"height\":73,\"caption\":\"Lindemann Law\"},\"image\":{\"@id\":\"https:\\\/\\\/lindemannlaw.ch\\\/de\\\/#\\\/schema\\\/logo\\\/image\\\/\"},\"sameAs\":[\"https:\\\/\\\/x.com\\\/Lindemann_law\",\"https:\\\/\\\/www.linkedin.com\\\/company\\\/lindemannlaw\\\/\"]}]}<\/script>\n<!-- \/ Yoast SEO Premium plugin. -->","yoast_head_json":{"title":"Unser Team | Lindemann Law","description":"LINDEMANNLAW bestehen aus den weltweit f\u00fchrendsten Rechtsanw\u00e4lten, Steuer- und Unternehmensberatern sowie Compliance Experten, welche \u00fcber unternehmensinterne Erfahrung aus der T\u00e4tigkeit bei Banken, Fondsmanagern und in anderen multinationalen Unternehmen in der Schweiz und im Ausland verf\u00fcgen. Die einzelnen Mitglieder der Kanzlei beraten im Recht der Schweiz, Luxemburgs, Deutschlands und Liechtensteins .","robots":{"index":"index","follow":"follow","max-snippet":"max-snippet:-1","max-image-preview":"max-image-preview:large","max-video-preview":"max-video-preview:-1"},"canonical":"https:\/\/lindemannlaw.ch\/de\/team-de\/","og_locale":"de_DE","og_type":"article","og_title":"Unser Team","og_description":"LINDEMANNLAW bestehen aus den weltweit f\u00fchrendsten Rechtsanw\u00e4lten, Steuer- und Unternehmensberatern sowie Compliance Experten, welche \u00fcber unternehmensinterne Erfahrung aus der T\u00e4tigkeit bei Banken, Fondsmanagern und in anderen multinationalen Unternehmen in der Schweiz und im Ausland verf\u00fcgen. Die einzelnen Mitglieder der Kanzlei beraten im Recht der Schweiz, Luxemburgs, Deutschlands und Liechtensteins .","og_url":"https:\/\/lindemannlaw.ch\/de\/team-de\/","og_site_name":"Lindemann Law","article_modified_time":"2025-05-23T09:01:25+00:00","og_image":[{"width":1794,"height":2500,"url":"https:\/\/lindemannlaw.ch\/wp-content\/uploads\/2020\/07\/Iguana-Lindemann-Law-1.jpg","type":"image\/jpeg"}],"twitter_card":"summary_large_image","twitter_site":"@Lindemann_law","twitter_misc":{"Gesch\u00e4tzte Lesezeit":"1 Minute"},"schema":{"@context":"https:\/\/schema.org","@graph":[{"@type":"WebPage","@id":"https:\/\/lindemannlaw.ch\/de\/team-de\/","url":"https:\/\/lindemannlaw.ch\/de\/team-de\/","name":"Unser Team | Lindemann Law","isPartOf":{"@id":"https:\/\/lindemannlaw.ch\/de\/#website"},"primaryImageOfPage":{"@id":"https:\/\/lindemannlaw.ch\/de\/team-de\/#primaryimage"},"image":{"@id":"https:\/\/lindemannlaw.ch\/de\/team-de\/#primaryimage"},"thumbnailUrl":"https:\/\/lindemannlaw.ch\/wp-content\/uploads\/2020\/07\/Iguana-Lindemann-Law-1.jpg","datePublished":"2020-07-30T06:44:27+00:00","dateModified":"2025-05-23T09:01:25+00:00","description":"LINDEMANNLAW bestehen aus den weltweit f\u00fchrendsten Rechtsanw\u00e4lten, Steuer- und Unternehmensberatern sowie Compliance Experten, welche \u00fcber unternehmensinterne Erfahrung aus der T\u00e4tigkeit bei Banken, Fondsmanagern und in anderen multinationalen Unternehmen in der Schweiz und im Ausland verf\u00fcgen. Die einzelnen Mitglieder der Kanzlei beraten im Recht der Schweiz, Luxemburgs, Deutschlands und Liechtensteins .","breadcrumb":{"@id":"https:\/\/lindemannlaw.ch\/de\/team-de\/#breadcrumb"},"inLanguage":"de-DE","potentialAction":[{"@type":"ReadAction","target":["https:\/\/lindemannlaw.ch\/de\/team-de\/"]}]},{"@type":"ImageObject","inLanguage":"de-DE","@id":"https:\/\/lindemannlaw.ch\/de\/team-de\/#primaryimage","url":"https:\/\/lindemannlaw.ch\/wp-content\/uploads\/2020\/07\/Iguana-Lindemann-Law-1.jpg","contentUrl":"https:\/\/lindemannlaw.ch\/wp-content\/uploads\/2020\/07\/Iguana-Lindemann-Law-1.jpg","width":1794,"height":2500},{"@type":"BreadcrumbList","@id":"https:\/\/lindemannlaw.ch\/de\/team-de\/#breadcrumb","itemListElement":[{"@type":"ListItem","position":1,"name":"Home","item":"https:\/\/lindemannlaw.ch\/de\/"},{"@type":"ListItem","position":2,"name":"Unser Team"}]},{"@type":"WebSite","@id":"https:\/\/lindemannlaw.ch\/de\/#website","url":"https:\/\/lindemannlaw.ch\/de\/","name":"Lindemann Law","description":"Asset Management legal services","publisher":{"@id":"https:\/\/lindemannlaw.ch\/de\/#organization"},"potentialAction":[{"@type":"SearchAction","target":{"@type":"EntryPoint","urlTemplate":"https:\/\/lindemannlaw.ch\/de\/?s={search_term_string}"},"query-input":{"@type":"PropertyValueSpecification","valueRequired":true,"valueName":"search_term_string"}}],"inLanguage":"de-DE"},{"@type":"Organization","@id":"https:\/\/lindemannlaw.ch\/de\/#organization","name":"Lindemann Law","url":"https:\/\/lindemannlaw.ch\/de\/","logo":{"@type":"ImageObject","inLanguage":"de-DE","@id":"https:\/\/lindemannlaw.ch\/de\/#\/schema\/logo\/image\/","url":"https:\/\/lindemannlaw.ch\/wp-content\/uploads\/2021\/01\/logo-lindemannlaw_cropped.png","contentUrl":"https:\/\/lindemannlaw.ch\/wp-content\/uploads\/2021\/01\/logo-lindemannlaw_cropped.png","width":150,"height":73,"caption":"Lindemann Law"},"image":{"@id":"https:\/\/lindemannlaw.ch\/de\/#\/schema\/logo\/image\/"},"sameAs":["https:\/\/x.com\/Lindemann_law","https:\/\/www.linkedin.com\/company\/lindemannlaw\/"]}]}},"_links":{"self":[{"href":"https:\/\/lindemannlaw.ch\/de\/wp-json\/wp\/v2\/pages\/2864","targetHints":{"allow":["GET"]}}],"collection":[{"href":"https:\/\/lindemannlaw.ch\/de\/wp-json\/wp\/v2\/pages"}],"about":[{"href":"https:\/\/lindemannlaw.ch\/de\/wp-json\/wp\/v2\/types\/page"}],"author":[{"embeddable":true,"href":"https:\/\/lindemannlaw.ch\/de\/wp-json\/wp\/v2\/users\/1"}],"replies":[{"embeddable":true,"href":"https:\/\/lindemannlaw.ch\/de\/wp-json\/wp\/v2\/comments?post=2864"}],"version-history":[{"count":0,"href":"https:\/\/lindemannlaw.ch\/de\/wp-json\/wp\/v2\/pages\/2864\/revisions"}],"wp:featuredmedia":[{"embeddable":true,"href":"https:\/\/lindemannlaw.ch\/de\/wp-json\/wp\/v2\/media\/2332"}],"wp:attachment":[{"href":"https:\/\/lindemannlaw.ch\/de\/wp-json\/wp\/v2\/media?parent=2864"}],"wp:term":[{"taxonomy":"related_contact","embeddable":true,"href":"https:\/\/lindemannlaw.ch\/de\/wp-json\/wp\/v2\/related_contact?post=2864"},{"taxonomy":"expertise","embeddable":true,"href":"https:\/\/lindemannlaw.ch\/de\/wp-json\/wp\/v2\/expertise?post=2864"},{"taxonomy":"webparts","embeddable":true,"href":"https:\/\/lindemannlaw.ch\/de\/wp-json\/wp\/v2\/webparts?post=2864"},{"taxonomy":"page_type","embeddable":true,"href":"https:\/\/lindemannlaw.ch\/de\/wp-json\/wp\/v2\/page_type?post=2864"}],"curies":[{"name":"wp","href":"https:\/\/api.w.org\/{rel}","templated":true}]}}