{"id":10378,"date":"2022-10-31T08:40:12","date_gmt":"2022-10-31T07:40:12","guid":{"rendered":"https:\/\/lindemannlaw.ch\/lindemannlaw-2\/"},"modified":"2025-12-16T16:07:52","modified_gmt":"2025-12-16T15:07:52","slug":"lindemannlaw-2","status":"publish","type":"page","link":"https:\/\/lindemannlaw.ch\/fr\/","title":{"rendered":"LINDEMANNLAW"},"content":{"rendered":"<p>LINDEMANNLAW est le cabinet d&rsquo;avocats le plus important au monde sp\u00e9cialis\u00e9 dans la gestion d\u2019actifs, la gestion de fortune et l\u2019entrepreneuriat. Nous aidons \u00e0 la structuration et \u00e0 la mise en \u0153uvre de solutions de fonds d\u2019investissement internationaux. Nous avons une expertise particuli\u00e8re avec le Luxembourg, le Malte, le Liechtenstein et les \u00eeles Ca\u00efmans. Dans notre client\u00e8le, nous comptons \u00e0 la fois des acteurs parmi les plus performants du secteur financier suisse et mondial, ainsi que les plus grands entrepreneurs UHNWI. Nous aidons les entrepreneurs dans tous les aspects de leur vie professionnelle et priv\u00e9e. Nous couvrons toute la gamme de services dans le droit r\u00e9glementaire et commercial, la fiscalit\u00e9 et de conseil, de escrow \u00e0 la relocalisation, des permis de s\u00e9jour \u00e0 l\u2019immobilier, des fusions et acquisitions aux structures de holding, trusts, fondations et fonds communs de placement. Nous accompagnons avec succ\u00e8s nos clients dans l\u2019obtention de leurs licences r\u00e9glementaires, l\u2019inscription en bourse, l\u2019\u00e9mission d\u2019obligations, de produits structur\u00e9s et de jetons sur la blockchain. En m\u00eame temps, LINDEMANNLAW dispose de fortes capacit\u00e9s en mati\u00e8re de relations gouvernementales et de lobbying. En outre, LINDEMANNLAW poss\u00e8de une expertise particuli\u00e8re sur les march\u00e9s des \u00c9tats-Unis ainsi que d\u2019Europe de l\u2019Est, des pays de la CEI et russophones. Nous sommes id\u00e9alement situ\u00e9s dans le centre-ville de Zurich.<\/p>\n","protected":false},"excerpt":{"rendered":"<p>LINDEMANNLAW est le cabinet d&rsquo;avocats le plus important au monde sp\u00e9cialis\u00e9 dans la gestion d\u2019actifs, la gestion de fortune et l\u2019entrepreneuriat. Nous aidons \u00e0 la structuration et \u00e0 la mise en \u0153uvre de solutions de fonds d\u2019investissement internationaux. Nous avons une expertise particuli\u00e8re avec le Luxembourg, le Malte, le Liechtenstein et les \u00eeles Ca\u00efmans. Dans [&hellip;]<\/p>\n","protected":false},"author":1,"featured_media":2782,"parent":0,"menu_order":0,"comment_status":"closed","ping_status":"closed","template":"","meta":{"_acf_changed":false,"site-sidebar-layout":"default","site-content-layout":"","ast-site-content-layout":"default","site-content-style":"default","site-sidebar-style":"default","ast-global-header-display":"","ast-banner-title-visibility":"","ast-main-header-display":"","ast-hfb-above-header-display":"","ast-hfb-below-header-display":"","ast-hfb-mobile-header-display":"","site-post-title":"","ast-breadcrumbs-content":"","ast-featured-img":"","footer-sml-layout":"","ast-disable-related-posts":"","theme-transparent-header-meta":"default","adv-header-id-meta":"","stick-header-meta":"","header-above-stick-meta":"","header-main-stick-meta":"","header-below-stick-meta":"","astra-migrate-meta-layouts":"set","ast-page-background-enabled":"default","ast-page-background-meta":{"desktop":{"background-color":"var(--ast-global-color-4)","background-image":"","background-repeat":"repeat","background-position":"center center","background-size":"auto","background-attachment":"scroll","background-type":"","background-media":"","overlay-type":"","overlay-color":"","overlay-opacity":"","overlay-gradient":""},"tablet":{"background-color":"","background-image":"","background-repeat":"repeat","background-position":"center center","background-size":"auto","background-attachment":"scroll","background-type":"","background-media":"","overlay-type":"","overlay-color":"","overlay-opacity":"","overlay-gradient":""},"mobile":{"background-color":"","background-image":"","background-repeat":"repeat","background-position":"center center","background-size":"auto","background-attachment":"scroll","background-type":"","background-media":"","overlay-type":"","overlay-color":"","overlay-opacity":"","overlay-gradient":""}},"ast-content-background-meta":{"desktop":{"background-color":"var(--ast-global-color-5)","background-image":"","background-repeat":"repeat","background-position":"center center","background-size":"auto","background-attachment":"scroll","background-type":"","background-media":"","overlay-type":"","overlay-color":"","overlay-opacity":"","overlay-gradient":""},"tablet":{"background-color":"var(--ast-global-color-5)","background-image":"","background-repeat":"repeat","background-position":"center center","background-size":"auto","background-attachment":"scroll","background-type":"","background-media":"","overlay-type":"","overlay-color":"","overlay-opacity":"","overlay-gradient":""},"mobile":{"background-color":"var(--ast-global-color-5)","background-image":"","background-repeat":"repeat","background-position":"center center","background-size":"auto","background-attachment":"scroll","background-type":"","background-media":"","overlay-type":"","overlay-color":"","overlay-opacity":"","overlay-gradient":""}},"footnotes":""},"related_contact":[201,205,211,202,218,220,204],"expertise":[],"webparts":[],"page_type":[],"class_list":["post-10378","page","type-page","status-publish","has-post-thumbnail","hentry"],"acf":[],"yoast_head":"<!-- This site is optimized with the Yoast SEO Premium plugin v27.4 (Yoast SEO v27.4) - https:\/\/yoast.com\/product\/yoast-seo-premium-wordpress\/ -->\n<title>LINDEMANNLAW | Lindemann Law<\/title>\n<meta name=\"description\" content=\"D\u00e9couvrez LINDEMANNLAW, un cabinet d\u2019avocats international de renom bas\u00e9 en Suisse, sp\u00e9cialis\u00e9 en droit, fiscalit\u00e9 et conseils strat\u00e9giques pour entrepreneurs et familles \u00e0 l\u2019\u00e9chelle mondiale.\" \/>\n<meta name=\"robots\" content=\"index, follow, max-snippet:-1, max-image-preview:large, max-video-preview:-1\" \/>\n<link rel=\"canonical\" href=\"https:\/\/lindemannlaw.ch\/fr\/\" \/>\n<meta property=\"og:locale\" content=\"fr_FR\" \/>\n<meta property=\"og:type\" content=\"article\" \/>\n<meta property=\"og:title\" content=\"LINDEMANNLAW\" \/>\n<meta property=\"og:description\" content=\"D\u00e9couvrez LINDEMANNLAW, un cabinet d\u2019avocats international de renom bas\u00e9 en Suisse, sp\u00e9cialis\u00e9 en droit, fiscalit\u00e9 et conseils strat\u00e9giques pour entrepreneurs et familles \u00e0 l\u2019\u00e9chelle mondiale.\" \/>\n<meta property=\"og:url\" content=\"https:\/\/lindemannlaw.ch\/fr\/\" \/>\n<meta property=\"og:site_name\" content=\"Lindemann Law\" \/>\n<meta property=\"article:modified_time\" content=\"2025-12-16T15:07:52+00:00\" \/>\n<meta property=\"og:image\" content=\"https:\/\/lindemannlaw.ch\/wp-content\/uploads\/2020\/07\/Iguana-Lindemann-Law-1.jpg\" \/>\n\t<meta property=\"og:image:width\" content=\"1794\" \/>\n\t<meta property=\"og:image:height\" content=\"2500\" \/>\n\t<meta property=\"og:image:type\" content=\"image\/jpeg\" \/>\n<meta name=\"twitter:card\" content=\"summary_large_image\" \/>\n<meta name=\"twitter:site\" content=\"@Lindemann_law\" \/>\n<meta name=\"twitter:label1\" content=\"Dur\u00e9e de lecture estim\u00e9e\" \/>\n\t<meta name=\"twitter:data1\" content=\"2 minutes\" \/>\n<script type=\"application\/ld+json\" class=\"yoast-schema-graph\">{\"@context\":\"https:\\\/\\\/schema.org\",\"@graph\":[{\"@type\":\"WebPage\",\"@id\":\"https:\\\/\\\/lindemannlaw.ch\\\/fr\\\/\",\"url\":\"https:\\\/\\\/lindemannlaw.ch\\\/fr\\\/\",\"name\":\"LINDEMANNLAW | Lindemann Law\",\"isPartOf\":{\"@id\":\"https:\\\/\\\/lindemannlaw.ch\\\/fr\\\/#website\"},\"primaryImageOfPage\":{\"@id\":\"https:\\\/\\\/lindemannlaw.ch\\\/fr\\\/#primaryimage\"},\"image\":{\"@id\":\"https:\\\/\\\/lindemannlaw.ch\\\/fr\\\/#primaryimage\"},\"thumbnailUrl\":\"https:\\\/\\\/lindemannlaw.ch\\\/wp-content\\\/uploads\\\/2020\\\/07\\\/Iguana-Lindemann-Law-1.jpg\",\"datePublished\":\"2022-10-31T07:40:12+00:00\",\"dateModified\":\"2025-12-16T15:07:52+00:00\",\"description\":\"D\u00e9couvrez LINDEMANNLAW, un cabinet d\u2019avocats international de renom bas\u00e9 en Suisse, sp\u00e9cialis\u00e9 en droit, fiscalit\u00e9 et conseils strat\u00e9giques pour entrepreneurs et familles \u00e0 l\u2019\u00e9chelle mondiale.\",\"breadcrumb\":{\"@id\":\"https:\\\/\\\/lindemannlaw.ch\\\/fr\\\/#breadcrumb\"},\"inLanguage\":\"fr-FR\",\"potentialAction\":[{\"@type\":\"ReadAction\",\"target\":[\"https:\\\/\\\/lindemannlaw.ch\\\/fr\\\/\"]}]},{\"@type\":\"ImageObject\",\"inLanguage\":\"fr-FR\",\"@id\":\"https:\\\/\\\/lindemannlaw.ch\\\/fr\\\/#primaryimage\",\"url\":\"https:\\\/\\\/lindemannlaw.ch\\\/wp-content\\\/uploads\\\/2020\\\/07\\\/Iguana-Lindemann-Law-1.jpg\",\"contentUrl\":\"https:\\\/\\\/lindemannlaw.ch\\\/wp-content\\\/uploads\\\/2020\\\/07\\\/Iguana-Lindemann-Law-1.jpg\",\"width\":1794,\"height\":2500},{\"@type\":\"BreadcrumbList\",\"@id\":\"https:\\\/\\\/lindemannlaw.ch\\\/fr\\\/#breadcrumb\",\"itemListElement\":[{\"@type\":\"ListItem\",\"position\":1,\"name\":\"Home\",\"item\":\"https:\\\/\\\/lindemannlaw.ch\\\/fr\\\/\"},{\"@type\":\"ListItem\",\"position\":2,\"name\":\"LINDEMANNLAW\"}]},{\"@type\":\"WebSite\",\"@id\":\"https:\\\/\\\/lindemannlaw.ch\\\/fr\\\/#website\",\"url\":\"https:\\\/\\\/lindemannlaw.ch\\\/fr\\\/\",\"name\":\"Lindemann Law\",\"description\":\"Asset Management legal services\",\"publisher\":{\"@id\":\"https:\\\/\\\/lindemannlaw.ch\\\/fr\\\/#organization\"},\"potentialAction\":[{\"@type\":\"SearchAction\",\"target\":{\"@type\":\"EntryPoint\",\"urlTemplate\":\"https:\\\/\\\/lindemannlaw.ch\\\/fr\\\/?s={search_term_string}\"},\"query-input\":{\"@type\":\"PropertyValueSpecification\",\"valueRequired\":true,\"valueName\":\"search_term_string\"}}],\"inLanguage\":\"fr-FR\"},{\"@type\":\"Organization\",\"@id\":\"https:\\\/\\\/lindemannlaw.ch\\\/fr\\\/#organization\",\"name\":\"Lindemann Law\",\"url\":\"https:\\\/\\\/lindemannlaw.ch\\\/fr\\\/\",\"logo\":{\"@type\":\"ImageObject\",\"inLanguage\":\"fr-FR\",\"@id\":\"https:\\\/\\\/lindemannlaw.ch\\\/fr\\\/#\\\/schema\\\/logo\\\/image\\\/\",\"url\":\"https:\\\/\\\/lindemannlaw.ch\\\/wp-content\\\/uploads\\\/2021\\\/01\\\/logo-lindemannlaw_cropped.png\",\"contentUrl\":\"https:\\\/\\\/lindemannlaw.ch\\\/wp-content\\\/uploads\\\/2021\\\/01\\\/logo-lindemannlaw_cropped.png\",\"width\":150,\"height\":73,\"caption\":\"Lindemann Law\"},\"image\":{\"@id\":\"https:\\\/\\\/lindemannlaw.ch\\\/fr\\\/#\\\/schema\\\/logo\\\/image\\\/\"},\"sameAs\":[\"https:\\\/\\\/x.com\\\/Lindemann_law\",\"https:\\\/\\\/www.linkedin.com\\\/company\\\/lindemannlaw\\\/\"]}]}<\/script>\n<!-- \/ Yoast SEO Premium plugin. -->","yoast_head_json":{"title":"LINDEMANNLAW | Lindemann Law","description":"D\u00e9couvrez LINDEMANNLAW, un cabinet d\u2019avocats international de renom bas\u00e9 en Suisse, sp\u00e9cialis\u00e9 en droit, fiscalit\u00e9 et conseils strat\u00e9giques pour entrepreneurs et familles \u00e0 l\u2019\u00e9chelle mondiale.","robots":{"index":"index","follow":"follow","max-snippet":"max-snippet:-1","max-image-preview":"max-image-preview:large","max-video-preview":"max-video-preview:-1"},"canonical":"https:\/\/lindemannlaw.ch\/fr\/","og_locale":"fr_FR","og_type":"article","og_title":"LINDEMANNLAW","og_description":"D\u00e9couvrez LINDEMANNLAW, un cabinet d\u2019avocats international de renom bas\u00e9 en Suisse, sp\u00e9cialis\u00e9 en droit, fiscalit\u00e9 et conseils strat\u00e9giques pour entrepreneurs et familles \u00e0 l\u2019\u00e9chelle mondiale.","og_url":"https:\/\/lindemannlaw.ch\/fr\/","og_site_name":"Lindemann Law","article_modified_time":"2025-12-16T15:07:52+00:00","og_image":[{"width":1794,"height":2500,"url":"https:\/\/lindemannlaw.ch\/wp-content\/uploads\/2020\/07\/Iguana-Lindemann-Law-1.jpg","type":"image\/jpeg"}],"twitter_card":"summary_large_image","twitter_site":"@Lindemann_law","twitter_misc":{"Dur\u00e9e de lecture estim\u00e9e":"2 minutes"},"schema":{"@context":"https:\/\/schema.org","@graph":[{"@type":"WebPage","@id":"https:\/\/lindemannlaw.ch\/fr\/","url":"https:\/\/lindemannlaw.ch\/fr\/","name":"LINDEMANNLAW | Lindemann Law","isPartOf":{"@id":"https:\/\/lindemannlaw.ch\/fr\/#website"},"primaryImageOfPage":{"@id":"https:\/\/lindemannlaw.ch\/fr\/#primaryimage"},"image":{"@id":"https:\/\/lindemannlaw.ch\/fr\/#primaryimage"},"thumbnailUrl":"https:\/\/lindemannlaw.ch\/wp-content\/uploads\/2020\/07\/Iguana-Lindemann-Law-1.jpg","datePublished":"2022-10-31T07:40:12+00:00","dateModified":"2025-12-16T15:07:52+00:00","description":"D\u00e9couvrez LINDEMANNLAW, un cabinet d\u2019avocats international de renom bas\u00e9 en Suisse, sp\u00e9cialis\u00e9 en droit, fiscalit\u00e9 et conseils strat\u00e9giques pour entrepreneurs et familles \u00e0 l\u2019\u00e9chelle mondiale.","breadcrumb":{"@id":"https:\/\/lindemannlaw.ch\/fr\/#breadcrumb"},"inLanguage":"fr-FR","potentialAction":[{"@type":"ReadAction","target":["https:\/\/lindemannlaw.ch\/fr\/"]}]},{"@type":"ImageObject","inLanguage":"fr-FR","@id":"https:\/\/lindemannlaw.ch\/fr\/#primaryimage","url":"https:\/\/lindemannlaw.ch\/wp-content\/uploads\/2020\/07\/Iguana-Lindemann-Law-1.jpg","contentUrl":"https:\/\/lindemannlaw.ch\/wp-content\/uploads\/2020\/07\/Iguana-Lindemann-Law-1.jpg","width":1794,"height":2500},{"@type":"BreadcrumbList","@id":"https:\/\/lindemannlaw.ch\/fr\/#breadcrumb","itemListElement":[{"@type":"ListItem","position":1,"name":"Home","item":"https:\/\/lindemannlaw.ch\/fr\/"},{"@type":"ListItem","position":2,"name":"LINDEMANNLAW"}]},{"@type":"WebSite","@id":"https:\/\/lindemannlaw.ch\/fr\/#website","url":"https:\/\/lindemannlaw.ch\/fr\/","name":"Lindemann Law","description":"Asset Management legal services","publisher":{"@id":"https:\/\/lindemannlaw.ch\/fr\/#organization"},"potentialAction":[{"@type":"SearchAction","target":{"@type":"EntryPoint","urlTemplate":"https:\/\/lindemannlaw.ch\/fr\/?s={search_term_string}"},"query-input":{"@type":"PropertyValueSpecification","valueRequired":true,"valueName":"search_term_string"}}],"inLanguage":"fr-FR"},{"@type":"Organization","@id":"https:\/\/lindemannlaw.ch\/fr\/#organization","name":"Lindemann Law","url":"https:\/\/lindemannlaw.ch\/fr\/","logo":{"@type":"ImageObject","inLanguage":"fr-FR","@id":"https:\/\/lindemannlaw.ch\/fr\/#\/schema\/logo\/image\/","url":"https:\/\/lindemannlaw.ch\/wp-content\/uploads\/2021\/01\/logo-lindemannlaw_cropped.png","contentUrl":"https:\/\/lindemannlaw.ch\/wp-content\/uploads\/2021\/01\/logo-lindemannlaw_cropped.png","width":150,"height":73,"caption":"Lindemann Law"},"image":{"@id":"https:\/\/lindemannlaw.ch\/fr\/#\/schema\/logo\/image\/"},"sameAs":["https:\/\/x.com\/Lindemann_law","https:\/\/www.linkedin.com\/company\/lindemannlaw\/"]}]}},"_links":{"self":[{"href":"https:\/\/lindemannlaw.ch\/fr\/wp-json\/wp\/v2\/pages\/10378","targetHints":{"allow":["GET"]}}],"collection":[{"href":"https:\/\/lindemannlaw.ch\/fr\/wp-json\/wp\/v2\/pages"}],"about":[{"href":"https:\/\/lindemannlaw.ch\/fr\/wp-json\/wp\/v2\/types\/page"}],"author":[{"embeddable":true,"href":"https:\/\/lindemannlaw.ch\/fr\/wp-json\/wp\/v2\/users\/1"}],"replies":[{"embeddable":true,"href":"https:\/\/lindemannlaw.ch\/fr\/wp-json\/wp\/v2\/comments?post=10378"}],"version-history":[{"count":0,"href":"https:\/\/lindemannlaw.ch\/fr\/wp-json\/wp\/v2\/pages\/10378\/revisions"}],"wp:featuredmedia":[{"embeddable":true,"href":"https:\/\/lindemannlaw.ch\/fr\/wp-json\/wp\/v2\/media\/2782"}],"wp:attachment":[{"href":"https:\/\/lindemannlaw.ch\/fr\/wp-json\/wp\/v2\/media?parent=10378"}],"wp:term":[{"taxonomy":"related_contact","embeddable":true,"href":"https:\/\/lindemannlaw.ch\/fr\/wp-json\/wp\/v2\/related_contact?post=10378"},{"taxonomy":"expertise","embeddable":true,"href":"https:\/\/lindemannlaw.ch\/fr\/wp-json\/wp\/v2\/expertise?post=10378"},{"taxonomy":"webparts","embeddable":true,"href":"https:\/\/lindemannlaw.ch\/fr\/wp-json\/wp\/v2\/webparts?post=10378"},{"taxonomy":"page_type","embeddable":true,"href":"https:\/\/lindemannlaw.ch\/fr\/wp-json\/wp\/v2\/page_type?post=10378"}],"curies":[{"name":"wp","href":"https:\/\/api.w.org\/{rel}","templated":true}]}}