{"id":17490,"date":"2023-10-19T06:28:16","date_gmt":"2023-10-19T05:28:16","guid":{"rendered":"https:\/\/lindemannlaw.ch\/?page_id=17490"},"modified":"2025-05-23T09:39:32","modified_gmt":"2025-05-23T08:39:32","slug":"a-propos","status":"publish","type":"page","link":"https:\/\/lindemannlaw.ch\/fr\/a-propos\/","title":{"rendered":"\u00c0 propos"},"content":{"rendered":"\t\t<div data-elementor-type=\"wp-page\" data-elementor-id=\"17490\" class=\"elementor elementor-17490 elementor-17487\" data-elementor-post-type=\"page\">\n\t\t\t\t<div class=\"elementor-element elementor-element-2d704e5e e-con-full e-flex e-con e-parent\" data-id=\"2d704e5e\" data-element_type=\"container\" data-e-type=\"container\">\n\t\t\t\t<div class=\"elementor-element elementor-element-325a854 elementor-grid-1 elementor-posts--thumbnail-top elementor-grid-tablet-2 elementor-grid-mobile-1 elementor-widget elementor-widget-posts\" data-id=\"325a854\" data-element_type=\"widget\" data-e-type=\"widget\" data-settings=\"{&quot;custom_columns&quot;:&quot;1&quot;,&quot;custom_row_gap&quot;:{&quot;unit&quot;:&quot;px&quot;,&quot;size&quot;:0,&quot;sizes&quot;:[]},&quot;custom_columns_tablet&quot;:&quot;2&quot;,&quot;custom_columns_mobile&quot;:&quot;1&quot;,&quot;custom_row_gap_tablet&quot;:{&quot;unit&quot;:&quot;px&quot;,&quot;size&quot;:&quot;&quot;,&quot;sizes&quot;:[]},&quot;custom_row_gap_mobile&quot;:{&quot;unit&quot;:&quot;px&quot;,&quot;size&quot;:&quot;&quot;,&quot;sizes&quot;:[]}}\" data-widget_type=\"posts.custom\">\n\t\t\t\t<div class=\"elementor-widget-container\">\n\t\t\t\t\t      <div class=\"ecs-posts elementor-posts-container elementor-posts   elementor-grid elementor-posts--skin-custom\" data-settings=\"{&quot;current_page&quot;:1,&quot;max_num_pages&quot;:1,&quot;load_method&quot;:&quot;&quot;,&quot;widget_id&quot;:&quot;325a854&quot;,&quot;post_id&quot;:17490,&quot;theme_id&quot;:17490,&quot;change_url&quot;:false,&quot;reinit_js&quot;:false}\">\n      \t\t<article id=\"post-20945\" class=\"elementor-post elementor-grid-item ecs-post-loop post-20945 aboutus type-aboutus status-publish has-post-thumbnail hentry post-aboutus-our-vision-fr\">\n\t\t\t\t<div data-elementor-type=\"loop\" data-elementor-id=\"20761\" class=\"elementor elementor-20761 post-20945 aboutus type-aboutus status-publish has-post-thumbnail hentry post-aboutus-our-vision-fr ast-article-single\" data-elementor-post-type=\"elementor_library\">\n\t\t\t<div class=\"elementor-element elementor-element-f3406b6 e-flex e-con-boxed e-con e-parent\" data-id=\"f3406b6\" data-element_type=\"container\" data-e-type=\"container\">\n\t\t\t\t\t<div class=\"e-con-inner\">\n\t\t\t\t<div class=\"elementor-element elementor-element-c487869 elementor-widget elementor-widget-heading\" data-id=\"c487869\" data-element_type=\"widget\" data-e-type=\"widget\" data-widget_type=\"heading.default\">\n\t\t\t\t<div class=\"elementor-widget-container\">\n\t\t\t\t\t<h3 class=\"elementor-heading-title elementor-size-default\"><a href=\"https:\/\/lindemannlaw.ch\/fr\/aboutus\/notre-vision\/\">Notre vision<\/a><\/h3>\t\t\t\t<\/div>\n\t\t\t\t<\/div>\n\t\t\t\t\t<\/div>\n\t\t\t\t<\/div>\n\t\t\t\t<\/div>\n\t\t\t\t<\/article>\n\t\t\t\t<article id=\"post-20954\" class=\"elementor-post elementor-grid-item ecs-post-loop post-20954 aboutus type-aboutus status-publish has-post-thumbnail hentry post-aboutus-our-code-fr\">\n\t\t\t\t<div data-elementor-type=\"loop\" data-elementor-id=\"20761\" class=\"elementor elementor-20761 post-20954 aboutus type-aboutus status-publish has-post-thumbnail hentry post-aboutus-our-code-fr ast-article-single\" data-elementor-post-type=\"elementor_library\">\n\t\t\t<div class=\"elementor-element elementor-element-f3406b6 e-flex e-con-boxed e-con e-parent\" data-id=\"f3406b6\" data-element_type=\"container\" data-e-type=\"container\">\n\t\t\t\t\t<div class=\"e-con-inner\">\n\t\t\t\t<div class=\"elementor-element elementor-element-c487869 elementor-widget elementor-widget-heading\" data-id=\"c487869\" data-element_type=\"widget\" data-e-type=\"widget\" data-widget_type=\"heading.default\">\n\t\t\t\t<div class=\"elementor-widget-container\">\n\t\t\t\t\t<h3 class=\"elementor-heading-title elementor-size-default\"><a href=\"https:\/\/lindemannlaw.ch\/fr\/aboutus\/notre-code\/\">Notre code<\/a><\/h3>\t\t\t\t<\/div>\n\t\t\t\t<\/div>\n\t\t\t\t\t<\/div>\n\t\t\t\t<\/div>\n\t\t\t\t<\/div>\n\t\t\t\t<\/article>\n\t\t\t\t<article id=\"post-20977\" class=\"elementor-post elementor-grid-item ecs-post-loop post-20977 aboutus type-aboutus status-publish has-post-thumbnail hentry post-aboutus-talent-fr\">\n\t\t\t\t<div data-elementor-type=\"loop\" data-elementor-id=\"20761\" class=\"elementor elementor-20761 post-20977 aboutus type-aboutus status-publish has-post-thumbnail hentry post-aboutus-talent-fr ast-article-single\" data-elementor-post-type=\"elementor_library\">\n\t\t\t<div class=\"elementor-element elementor-element-f3406b6 e-flex e-con-boxed e-con e-parent\" data-id=\"f3406b6\" data-element_type=\"container\" data-e-type=\"container\">\n\t\t\t\t\t<div class=\"e-con-inner\">\n\t\t\t\t<div class=\"elementor-element elementor-element-c487869 elementor-widget elementor-widget-heading\" data-id=\"c487869\" data-element_type=\"widget\" data-e-type=\"widget\" data-widget_type=\"heading.default\">\n\t\t\t\t<div class=\"elementor-widget-container\">\n\t\t\t\t\t<h3 class=\"elementor-heading-title elementor-size-default\"><a href=\"https:\/\/lindemannlaw.ch\/fr\/aboutus\/comment-nous-soutenons-les-talents\/\">Comment nous soutenons les talents<\/a><\/h3>\t\t\t\t<\/div>\n\t\t\t\t<\/div>\n\t\t\t\t\t<\/div>\n\t\t\t\t<\/div>\n\t\t\t\t<\/div>\n\t\t\t\t<\/article>\n\t\t\t\t<article id=\"post-20950\" class=\"elementor-post elementor-grid-item ecs-post-loop post-20950 aboutus type-aboutus status-publish has-post-thumbnail hentry post-aboutus-lindemannlaw-in-the-media-fr\">\n\t\t\t\t<div data-elementor-type=\"loop\" data-elementor-id=\"20761\" class=\"elementor elementor-20761 post-20950 aboutus type-aboutus status-publish has-post-thumbnail hentry post-aboutus-lindemannlaw-in-the-media-fr ast-article-single\" data-elementor-post-type=\"elementor_library\">\n\t\t\t<div class=\"elementor-element elementor-element-f3406b6 e-flex e-con-boxed e-con e-parent\" data-id=\"f3406b6\" data-element_type=\"container\" data-e-type=\"container\">\n\t\t\t\t\t<div class=\"e-con-inner\">\n\t\t\t\t<div class=\"elementor-element elementor-element-c487869 elementor-widget elementor-widget-heading\" data-id=\"c487869\" data-element_type=\"widget\" data-e-type=\"widget\" data-widget_type=\"heading.default\">\n\t\t\t\t<div class=\"elementor-widget-container\">\n\t\t\t\t\t<h3 class=\"elementor-heading-title elementor-size-default\"><a href=\"https:\/\/lindemannlaw.ch\/fr\/aboutus\/lindemannlaw-dans-les-medias\/\">LINDEMANNLAW dans les m\u00e9dias<\/a><\/h3>\t\t\t\t<\/div>\n\t\t\t\t<\/div>\n\t\t\t\t\t<\/div>\n\t\t\t\t<\/div>\n\t\t\t\t<\/div>\n\t\t\t\t<\/article>\n\t\t\t\t<\/div>\n\t\t\t\t\t\t<\/div>\n\t\t\t\t<\/div>\n\t\t\t\t<div class=\"elementor-element elementor-element-2530e599 elementor-widget elementor-widget-text-editor\" data-id=\"2530e599\" data-element_type=\"widget\" data-e-type=\"widget\" data-widget_type=\"text-editor.default\">\n\t\t\t\t<div class=\"elementor-widget-container\">\n\t\t\t\t\t\t\t\t\t<p><strong>LAW, TAX &amp; INTELLIGENCE for ENTREPRENEURS.<\/strong><\/p><p>Nous sommes un cabinet d&rsquo;avocats de premier plan au niveau mondial qui accompagne les entrepreneurs, les familles et les entreprises influentes dans tous les domaines de leur vie professionnelle et priv\u00e9e en Suisse et dans le monde entier, avec une gamme compl\u00e8te de services en mati\u00e8re de litiges et d&rsquo;arbitrage, de droit des affaires, de conseil fiscal, de services notariaux, de relocalisation, de permis de s\u00e9jour, d&rsquo;immobilier, de fusions et acquisitions, de structures de holding, de trusts, de fondations, de fonds communs de placement et de conseil strat\u00e9gique.<\/p><p>Nous aidons nos clients \u00e0 obtenir des licences r\u00e9glementaires, \u00e0 s&rsquo;introduire en bourse, \u00e0 \u00e9mettre des obligations, \u00e0 cr\u00e9er des produits structur\u00e9s et \u00e0 proposer des jetons bas\u00e9s sur la blockchain.<\/p><p>En outre, nous les conseillons en mati\u00e8re de relations gouvernementales et de lobbying, ainsi que dans la n\u00e9gociation de transactions de haut niveau.<\/p><p>Notre cabinet compte parmi ses clients de nombreux entrepreneurs suisses et internationaux parmi les plus prosp\u00e8res dans les domaines de l&rsquo;industrie et de la finance, ainsi que d&rsquo;innombrables milliardaires class\u00e9s au palmar\u00e8s Forbes.<\/p><p>Nous allions excellence juridique et vision entrepreneuriale, apportant clart\u00e9, strat\u00e9gie et impact. Nous agissons avec d\u00e9termination, pensons globalement et agissons avec pr\u00e9cision pour prot\u00e9ger et renforcer ce que nos clients construisent.<\/p><p>Les membres du cabinet sont des repr\u00e9sentants agr\u00e9\u00e9s pour les cotations \u00e0 la <a href=\"https:\/\/www.six-group.com\/en\/home.html\">SIX Swiss Exchange<\/a> et sont membres du <a href=\"https:\/\/www.sictic.ch\/\">Swiss ICT Investor Club (SICTIC)<\/a>, de la <a href=\"https:\/\/jointchambers.ch\/\">Joint Chamber of Commerce (JCC)<\/a>, de la <a href=\"https:\/\/www.seca.ch\/\">Swiss Private Equity &amp; Corporate Finance Association (SECA)<\/a>, de <a href=\"https:\/\/financemalta.org\/\">FinanceMalta<\/a>, de l&rsquo;<a href=\"https:\/\/www.expertsuisse.ch\/en-home\">Association suisse des experts en audit, fiscalit\u00e9 et fiduciaire (EXPERTsuisse)<\/a>, de l&rsquo;<a href=\"https:\/\/www.zav.ch\/en\/home.html\">Ordre des avocats de Zurich (ZAV)<\/a> et de la <a href=\"https:\/\/www.sav-fsa.ch\/en\/home\">F\u00e9d\u00e9ration suisse des avocats (FSA), <\/a>de la <a href=\"https:\/\/www.amcham.ch\/\">Swiss AmCham et de l&rsquo;<\/a> et de l&rsquo;<a href=\"https:\/\/www.ifa.nl\/\">International Fiscal Association (IFA)<\/a>.<\/p><p>\u00a0<\/p>\t\t\t\t\t\t\t\t<\/div>\n\t\t\t\t<\/div>\n\t\t\t\t<\/div>\n\t\t\t\t<\/div>\n\t\t","protected":false},"excerpt":{"rendered":"<p>LAW, TAX &amp; INTELLIGENCE for ENTREPRENEURS. Nous sommes un cabinet d&rsquo;avocats de premier plan au niveau mondial qui accompagne les entrepreneurs, les familles et les entreprises influentes dans tous les domaines de leur vie professionnelle et priv\u00e9e en Suisse et dans le monde entier, avec une gamme compl\u00e8te de services en mati\u00e8re de litiges et [&hellip;]<\/p>\n","protected":false},"author":12,"featured_media":3079,"parent":0,"menu_order":0,"comment_status":"closed","ping_status":"closed","template":"","meta":{"_acf_changed":false,"site-sidebar-layout":"default","site-content-layout":"","ast-site-content-layout":"default","site-content-style":"default","site-sidebar-style":"default","ast-global-header-display":"","ast-banner-title-visibility":"","ast-main-header-display":"","ast-hfb-above-header-display":"","ast-hfb-below-header-display":"","ast-hfb-mobile-header-display":"","site-post-title":"","ast-breadcrumbs-content":"","ast-featured-img":"","footer-sml-layout":"","ast-disable-related-posts":"","theme-transparent-header-meta":"default","adv-header-id-meta":"","stick-header-meta":"","header-above-stick-meta":"","header-main-stick-meta":"","header-below-stick-meta":"","astra-migrate-meta-layouts":"set","ast-page-background-enabled":"default","ast-page-background-meta":{"desktop":{"background-color":"var(--ast-global-color-4)","background-image":"","background-repeat":"repeat","background-position":"center center","background-size":"auto","background-attachment":"scroll","background-type":"","background-media":"","overlay-type":"","overlay-color":"","overlay-opacity":"","overlay-gradient":""},"tablet":{"background-color":"","background-image":"","background-repeat":"repeat","background-position":"center center","background-size":"auto","background-attachment":"scroll","background-type":"","background-media":"","overlay-type":"","overlay-color":"","overlay-opacity":"","overlay-gradient":""},"mobile":{"background-color":"","background-image":"","background-repeat":"repeat","background-position":"center center","background-size":"auto","background-attachment":"scroll","background-type":"","background-media":"","overlay-type":"","overlay-color":"","overlay-opacity":"","overlay-gradient":""}},"ast-content-background-meta":{"desktop":{"background-color":"var(--ast-global-color-5)","background-image":"","background-repeat":"repeat","background-position":"center center","background-size":"auto","background-attachment":"scroll","background-type":"","background-media":"","overlay-type":"","overlay-color":"","overlay-opacity":"","overlay-gradient":""},"tablet":{"background-color":"var(--ast-global-color-5)","background-image":"","background-repeat":"repeat","background-position":"center center","background-size":"auto","background-attachment":"scroll","background-type":"","background-media":"","overlay-type":"","overlay-color":"","overlay-opacity":"","overlay-gradient":""},"mobile":{"background-color":"var(--ast-global-color-5)","background-image":"","background-repeat":"repeat","background-position":"center center","background-size":"auto","background-attachment":"scroll","background-type":"","background-media":"","overlay-type":"","overlay-color":"","overlay-opacity":"","overlay-gradient":""}},"footnotes":""},"related_contact":[],"expertise":[],"webparts":[],"page_type":[270],"class_list":["post-17490","page","type-page","status-publish","has-post-thumbnail","hentry"],"acf":[],"yoast_head":"<!-- This site is optimized with the Yoast SEO Premium plugin v27.3 (Yoast SEO v27.3) - https:\/\/yoast.com\/product\/yoast-seo-premium-wordpress\/ -->\n<title>\u00c0 propos | Lindemann Law<\/title>\n<meta name=\"description\" content=\"LAW, TAX &amp; INTELLIGENCE for ENTREPRENEURS.\" \/>\n<meta name=\"robots\" content=\"index, follow, max-snippet:-1, max-image-preview:large, max-video-preview:-1\" \/>\n<link rel=\"canonical\" href=\"https:\/\/lindemannlaw.ch\/fr\/a-propos\/\" \/>\n<meta property=\"og:locale\" content=\"fr_FR\" \/>\n<meta property=\"og:type\" content=\"article\" \/>\n<meta property=\"og:title\" content=\"\u00c0 propos\" \/>\n<meta property=\"og:description\" content=\"LAW, TAX &amp; INTELLIGENCE for ENTREPRENEURS.\" \/>\n<meta property=\"og:url\" content=\"https:\/\/lindemannlaw.ch\/fr\/a-propos\/\" \/>\n<meta property=\"og:site_name\" content=\"Lindemann Law\" \/>\n<meta property=\"article:modified_time\" content=\"2025-05-23T08:39:32+00:00\" \/>\n<meta property=\"og:image\" content=\"https:\/\/lindemannlaw.ch\/wp-content\/uploads\/2020\/12\/Contact.jpg\" \/>\n\t<meta property=\"og:image:width\" content=\"1800\" \/>\n\t<meta property=\"og:image:height\" content=\"2501\" \/>\n\t<meta property=\"og:image:type\" content=\"image\/jpeg\" \/>\n<meta name=\"twitter:card\" content=\"summary_large_image\" \/>\n<meta name=\"twitter:site\" content=\"@Lindemann_law\" \/>\n<meta name=\"twitter:label1\" content=\"Dur\u00e9e de lecture estim\u00e9e\" \/>\n\t<meta name=\"twitter:data1\" content=\"2 minutes\" \/>\n<script type=\"application\/ld+json\" class=\"yoast-schema-graph\">{\"@context\":\"https:\\\/\\\/schema.org\",\"@graph\":[{\"@type\":\"WebPage\",\"@id\":\"https:\\\/\\\/lindemannlaw.ch\\\/fr\\\/a-propos\\\/\",\"url\":\"https:\\\/\\\/lindemannlaw.ch\\\/fr\\\/a-propos\\\/\",\"name\":\"\u00c0 propos | Lindemann Law\",\"isPartOf\":{\"@id\":\"https:\\\/\\\/lindemannlaw.ch\\\/fr\\\/#website\"},\"primaryImageOfPage\":{\"@id\":\"https:\\\/\\\/lindemannlaw.ch\\\/fr\\\/a-propos\\\/#primaryimage\"},\"image\":{\"@id\":\"https:\\\/\\\/lindemannlaw.ch\\\/fr\\\/a-propos\\\/#primaryimage\"},\"thumbnailUrl\":\"https:\\\/\\\/lindemannlaw.ch\\\/wp-content\\\/uploads\\\/2020\\\/12\\\/Contact.jpg\",\"datePublished\":\"2023-10-19T05:28:16+00:00\",\"dateModified\":\"2025-05-23T08:39:32+00:00\",\"description\":\"LAW, TAX & INTELLIGENCE for ENTREPRENEURS.\",\"breadcrumb\":{\"@id\":\"https:\\\/\\\/lindemannlaw.ch\\\/fr\\\/a-propos\\\/#breadcrumb\"},\"inLanguage\":\"fr-FR\",\"potentialAction\":[{\"@type\":\"ReadAction\",\"target\":[\"https:\\\/\\\/lindemannlaw.ch\\\/fr\\\/a-propos\\\/\"]}]},{\"@type\":\"ImageObject\",\"inLanguage\":\"fr-FR\",\"@id\":\"https:\\\/\\\/lindemannlaw.ch\\\/fr\\\/a-propos\\\/#primaryimage\",\"url\":\"https:\\\/\\\/lindemannlaw.ch\\\/wp-content\\\/uploads\\\/2020\\\/12\\\/Contact.jpg\",\"contentUrl\":\"https:\\\/\\\/lindemannlaw.ch\\\/wp-content\\\/uploads\\\/2020\\\/12\\\/Contact.jpg\",\"width\":1800,\"height\":2501,\"caption\":\"Zurich\"},{\"@type\":\"BreadcrumbList\",\"@id\":\"https:\\\/\\\/lindemannlaw.ch\\\/fr\\\/a-propos\\\/#breadcrumb\",\"itemListElement\":[{\"@type\":\"ListItem\",\"position\":1,\"name\":\"Home\",\"item\":\"https:\\\/\\\/lindemannlaw.ch\\\/fr\\\/\"},{\"@type\":\"ListItem\",\"position\":2,\"name\":\"\u00c0 propos\"}]},{\"@type\":\"WebSite\",\"@id\":\"https:\\\/\\\/lindemannlaw.ch\\\/fr\\\/#website\",\"url\":\"https:\\\/\\\/lindemannlaw.ch\\\/fr\\\/\",\"name\":\"Lindemann Law\",\"description\":\"Asset Management legal services\",\"publisher\":{\"@id\":\"https:\\\/\\\/lindemannlaw.ch\\\/fr\\\/#organization\"},\"potentialAction\":[{\"@type\":\"SearchAction\",\"target\":{\"@type\":\"EntryPoint\",\"urlTemplate\":\"https:\\\/\\\/lindemannlaw.ch\\\/fr\\\/?s={search_term_string}\"},\"query-input\":{\"@type\":\"PropertyValueSpecification\",\"valueRequired\":true,\"valueName\":\"search_term_string\"}}],\"inLanguage\":\"fr-FR\"},{\"@type\":\"Organization\",\"@id\":\"https:\\\/\\\/lindemannlaw.ch\\\/fr\\\/#organization\",\"name\":\"Lindemann Law\",\"url\":\"https:\\\/\\\/lindemannlaw.ch\\\/fr\\\/\",\"logo\":{\"@type\":\"ImageObject\",\"inLanguage\":\"fr-FR\",\"@id\":\"https:\\\/\\\/lindemannlaw.ch\\\/fr\\\/#\\\/schema\\\/logo\\\/image\\\/\",\"url\":\"https:\\\/\\\/lindemannlaw.ch\\\/wp-content\\\/uploads\\\/2021\\\/01\\\/logo-lindemannlaw_cropped.png\",\"contentUrl\":\"https:\\\/\\\/lindemannlaw.ch\\\/wp-content\\\/uploads\\\/2021\\\/01\\\/logo-lindemannlaw_cropped.png\",\"width\":150,\"height\":73,\"caption\":\"Lindemann Law\"},\"image\":{\"@id\":\"https:\\\/\\\/lindemannlaw.ch\\\/fr\\\/#\\\/schema\\\/logo\\\/image\\\/\"},\"sameAs\":[\"https:\\\/\\\/x.com\\\/Lindemann_law\",\"https:\\\/\\\/www.linkedin.com\\\/company\\\/lindemannlaw\\\/\"]}]}<\/script>\n<!-- \/ Yoast SEO Premium plugin. -->","yoast_head_json":{"title":"\u00c0 propos | Lindemann Law","description":"LAW, TAX & INTELLIGENCE for ENTREPRENEURS.","robots":{"index":"index","follow":"follow","max-snippet":"max-snippet:-1","max-image-preview":"max-image-preview:large","max-video-preview":"max-video-preview:-1"},"canonical":"https:\/\/lindemannlaw.ch\/fr\/a-propos\/","og_locale":"fr_FR","og_type":"article","og_title":"\u00c0 propos","og_description":"LAW, TAX & INTELLIGENCE for ENTREPRENEURS.","og_url":"https:\/\/lindemannlaw.ch\/fr\/a-propos\/","og_site_name":"Lindemann Law","article_modified_time":"2025-05-23T08:39:32+00:00","og_image":[{"width":1800,"height":2501,"url":"https:\/\/lindemannlaw.ch\/wp-content\/uploads\/2020\/12\/Contact.jpg","type":"image\/jpeg"}],"twitter_card":"summary_large_image","twitter_site":"@Lindemann_law","twitter_misc":{"Dur\u00e9e de lecture estim\u00e9e":"2 minutes"},"schema":{"@context":"https:\/\/schema.org","@graph":[{"@type":"WebPage","@id":"https:\/\/lindemannlaw.ch\/fr\/a-propos\/","url":"https:\/\/lindemannlaw.ch\/fr\/a-propos\/","name":"\u00c0 propos | Lindemann Law","isPartOf":{"@id":"https:\/\/lindemannlaw.ch\/fr\/#website"},"primaryImageOfPage":{"@id":"https:\/\/lindemannlaw.ch\/fr\/a-propos\/#primaryimage"},"image":{"@id":"https:\/\/lindemannlaw.ch\/fr\/a-propos\/#primaryimage"},"thumbnailUrl":"https:\/\/lindemannlaw.ch\/wp-content\/uploads\/2020\/12\/Contact.jpg","datePublished":"2023-10-19T05:28:16+00:00","dateModified":"2025-05-23T08:39:32+00:00","description":"LAW, TAX & INTELLIGENCE for ENTREPRENEURS.","breadcrumb":{"@id":"https:\/\/lindemannlaw.ch\/fr\/a-propos\/#breadcrumb"},"inLanguage":"fr-FR","potentialAction":[{"@type":"ReadAction","target":["https:\/\/lindemannlaw.ch\/fr\/a-propos\/"]}]},{"@type":"ImageObject","inLanguage":"fr-FR","@id":"https:\/\/lindemannlaw.ch\/fr\/a-propos\/#primaryimage","url":"https:\/\/lindemannlaw.ch\/wp-content\/uploads\/2020\/12\/Contact.jpg","contentUrl":"https:\/\/lindemannlaw.ch\/wp-content\/uploads\/2020\/12\/Contact.jpg","width":1800,"height":2501,"caption":"Zurich"},{"@type":"BreadcrumbList","@id":"https:\/\/lindemannlaw.ch\/fr\/a-propos\/#breadcrumb","itemListElement":[{"@type":"ListItem","position":1,"name":"Home","item":"https:\/\/lindemannlaw.ch\/fr\/"},{"@type":"ListItem","position":2,"name":"\u00c0 propos"}]},{"@type":"WebSite","@id":"https:\/\/lindemannlaw.ch\/fr\/#website","url":"https:\/\/lindemannlaw.ch\/fr\/","name":"Lindemann Law","description":"Asset Management legal services","publisher":{"@id":"https:\/\/lindemannlaw.ch\/fr\/#organization"},"potentialAction":[{"@type":"SearchAction","target":{"@type":"EntryPoint","urlTemplate":"https:\/\/lindemannlaw.ch\/fr\/?s={search_term_string}"},"query-input":{"@type":"PropertyValueSpecification","valueRequired":true,"valueName":"search_term_string"}}],"inLanguage":"fr-FR"},{"@type":"Organization","@id":"https:\/\/lindemannlaw.ch\/fr\/#organization","name":"Lindemann Law","url":"https:\/\/lindemannlaw.ch\/fr\/","logo":{"@type":"ImageObject","inLanguage":"fr-FR","@id":"https:\/\/lindemannlaw.ch\/fr\/#\/schema\/logo\/image\/","url":"https:\/\/lindemannlaw.ch\/wp-content\/uploads\/2021\/01\/logo-lindemannlaw_cropped.png","contentUrl":"https:\/\/lindemannlaw.ch\/wp-content\/uploads\/2021\/01\/logo-lindemannlaw_cropped.png","width":150,"height":73,"caption":"Lindemann Law"},"image":{"@id":"https:\/\/lindemannlaw.ch\/fr\/#\/schema\/logo\/image\/"},"sameAs":["https:\/\/x.com\/Lindemann_law","https:\/\/www.linkedin.com\/company\/lindemannlaw\/"]}]}},"_links":{"self":[{"href":"https:\/\/lindemannlaw.ch\/fr\/wp-json\/wp\/v2\/pages\/17490","targetHints":{"allow":["GET"]}}],"collection":[{"href":"https:\/\/lindemannlaw.ch\/fr\/wp-json\/wp\/v2\/pages"}],"about":[{"href":"https:\/\/lindemannlaw.ch\/fr\/wp-json\/wp\/v2\/types\/page"}],"author":[{"embeddable":true,"href":"https:\/\/lindemannlaw.ch\/fr\/wp-json\/wp\/v2\/users\/12"}],"replies":[{"embeddable":true,"href":"https:\/\/lindemannlaw.ch\/fr\/wp-json\/wp\/v2\/comments?post=17490"}],"version-history":[{"count":0,"href":"https:\/\/lindemannlaw.ch\/fr\/wp-json\/wp\/v2\/pages\/17490\/revisions"}],"wp:featuredmedia":[{"embeddable":true,"href":"https:\/\/lindemannlaw.ch\/fr\/wp-json\/wp\/v2\/media\/3079"}],"wp:attachment":[{"href":"https:\/\/lindemannlaw.ch\/fr\/wp-json\/wp\/v2\/media?parent=17490"}],"wp:term":[{"taxonomy":"related_contact","embeddable":true,"href":"https:\/\/lindemannlaw.ch\/fr\/wp-json\/wp\/v2\/related_contact?post=17490"},{"taxonomy":"expertise","embeddable":true,"href":"https:\/\/lindemannlaw.ch\/fr\/wp-json\/wp\/v2\/expertise?post=17490"},{"taxonomy":"webparts","embeddable":true,"href":"https:\/\/lindemannlaw.ch\/fr\/wp-json\/wp\/v2\/webparts?post=17490"},{"taxonomy":"page_type","embeddable":true,"href":"https:\/\/lindemannlaw.ch\/fr\/wp-json\/wp\/v2\/page_type?post=17490"}],"curies":[{"name":"wp","href":"https:\/\/api.w.org\/{rel}","templated":true}]}}