{"id":22708,"date":"2025-06-27T09:34:19","date_gmt":"2025-06-27T08:34:19","guid":{"rendered":"https:\/\/lindemannlaw.ch\/?page_id=22708"},"modified":"2025-09-01T15:08:44","modified_gmt":"2025-09-01T14:08:44","slug":"transfer-de-domicile-dans-le-canton-de-zurich-droit-des-migrations-droit-des-societes-et-fiscalite","status":"publish","type":"page","link":"https:\/\/lindemannlaw.ch\/fr\/transfer-de-domicile-dans-le-canton-de-zurich-droit-des-migrations-droit-des-societes-et-fiscalite\/","title":{"rendered":"Transfer de domicile dans le canton de Zurich | Droit des migrations, droit des soci\u00e9t\u00e9s et fiscalit\u00e9"},"content":{"rendered":"<h3 data-start=\"139\" data-end=\"154\"><img decoding=\"async\" class=\"alignleft wp-image-21560\" src=\"https:\/\/lindemannlaw.ch\/wp-content\/uploads\/2025\/06\/zurich_flag-247x300.png\" alt=\"\" width=\"200\" height=\"243\" srcset=\"https:\/\/lindemannlaw.ch\/wp-content\/uploads\/2025\/06\/zurich_flag-247x300.png 247w, https:\/\/lindemannlaw.ch\/wp-content\/uploads\/2025\/06\/zurich_flag.png 250w\" sizes=\"(max-width: 200px) 100vw, 200px\" \/>Aper\u00e7u<\/h3>\n<p>Le canton de Zurich est situ\u00e9 au nord-est de la Suisse et, avec environ 1,6 million d&rsquo;habitants (2023), est le canton le plus peupl\u00e9. La ville de Zurich est la capitale cantonale et abrite le si\u00e8ge du gouvernement, du parlement et de la cour supr\u00eame.<\/p>\n<p>Zurich est largement consid\u00e9r\u00e9e comme le moteur \u00e9conomique de la Suisse, r\u00e9put\u00e9e pour son \u00e9conomie dynamique, son secteur financier de classe mondiale et son excellente qualit\u00e9 de vie.<\/p>\n<h3>Atouts \u00e9conomiques et infrastructures<\/h3>\n<p>\u2714<strong> PIB :<\/strong> 164 milliards de francs suisses (2022), le plus \u00e9lev\u00e9 de tous les cantons suisses, avec un PIB par habitant de 104 620 francs suisses.<br \/>\n\u2714<strong> P\u00f4le financier et d&rsquo;assurance : <\/strong>si\u00e8ge de g\u00e9ants mondiaux tels que UBS, Credit Suisse et Zurich Insurance, Zurich rivalise avec Londres et Francfort en tant que centre financier de premier plan.<br \/>\n\u2714<strong> P\u00f4les d&rsquo;innovation : <\/strong>forte pr\u00e9sence dans les sciences de la vie, les technologies m\u00e9dicales, les biotechnologies, les technologies de l&rsquo;information et les technologies financi\u00e8res, la r\u00e9gion du Grand Zurich attire aussi bien les multinationales que les start-ups.<br \/>\n\u2714<strong> \u00c9ducation et recherche : <\/strong>des institutions de renomm\u00e9e mondiale telles que l&rsquo;ETH Zurich, l&rsquo;Universit\u00e9 de Zurich, la ZHAW et la ZHdK donnent acc\u00e8s aux meilleurs talents et \u00e0 une recherche de pointe.<br \/>\n\u2714<strong> Transports et connectivit\u00e9 : <\/strong>l&rsquo;a\u00e9roport de Zurich est le plus grand hub international de Suisse ; la ville dispose \u00e9galement d&rsquo;une gare ferroviaire importante et d&rsquo;excellentes liaisons autorouti\u00e8res.<\/p>\n<h3>Fiscalit\u00e9<\/h3>\n<p><strong>Personnes morales : <\/strong>les personnes morales sont soumises \u00e0 un imp\u00f4t sur le revenu des soci\u00e9t\u00e9s au taux de 19,7 % (ville de Zurich) et \u00e0 un imp\u00f4t sur le capital de 0,17 % sur le capital imposable. Les revenus de dividendes et les gains en capital provenant de participations \u00e9ligibles sont exon\u00e9r\u00e9s de l&rsquo;imp\u00f4t sur les soci\u00e9t\u00e9s en vertu de l&rsquo;exon\u00e9ration de participation.<\/p>\n<p><strong>Particuliers <\/strong>: les particuliers sont soumis \u00e0 un imp\u00f4t progressif sur le revenu dont le taux effectif maximal est de 33 % \u00e0 Kilchberg et de 39 % \u00e0 Zurich. Les gains en capital priv\u00e9s sont exon\u00e9r\u00e9s d&rsquo;imp\u00f4t et les dividendes provenant de participations qualifi\u00e9es sont impos\u00e9s avec un abattement de 50 % au niveau cantonal et de 30 % au niveau f\u00e9d\u00e9ral. Par cons\u00e9quent, en fonction de la structure des revenus, le taux d&rsquo;imposition effectif peut \u00eatre nettement inf\u00e9rieur au taux d&rsquo;imposition effectif maximal. Le canton pr\u00e9l\u00e8ve un imp\u00f4t sur la fortune sur la fortune nette des particuliers.<\/p>\n<h3>Soutien gouvernemental \u00e0 l&rsquo;implantation des entreprises<\/h3>\n<p>Zurich offre une solide structure de soutien aux entreprises qui souhaitent s&rsquo;implanter :<\/p>\n<table style=\"border-collapse: collapse; width: 100%; height: 583px;\">\n<tbody>\n<tr style=\"height: 253px;\">\n<td style=\"width: 22.4539%; height: 253px;\"><a href=\"https:\/\/www.zh.ch\/en\/wirtschaft-arbeit\/wirtschaftsstandort\/ansiedlungen.html\" target=\"_blank\" rel=\"noopener\"><img decoding=\"async\" class=\"wp-image-21577 alignleft\" src=\"https:\/\/lindemannlaw.ch\/wp-content\/uploads\/2025\/06\/kanton-zurich-logo-e1751903625535.jpeg\" alt=\"\" width=\"120\" height=\"99\" \/><\/a><\/td>\n<td style=\"width: 77.5461%; height: 253px;\">\u2714<strong> Office de l&rsquo;\u00e9conomie et du travail \u2013 D\u00e9veloppement des entreprises<\/strong><br \/>\nFournit des services \u00e0 guichet unique pour la domiciliation d&rsquo;entreprises, les permis et le networking au sein des industries cl\u00e9s.<br \/>\n<a href=\"https:\/\/www.zh.ch\/en\/wirtschaft-arbeit\/wirtschaftsstandort\/ansiedlungen.html\" target=\"_blank\" rel=\"noopener\">En savoir plus<\/a><\/td>\n<\/tr>\n<tr style=\"height: 218px;\">\n<td style=\"width: 22.4539%; height: 218px;\"><a href=\"https:\/\/www.greaterzuricharea.com\/en\" target=\"_blank\" rel=\"noopener\"><span style=\"font-size: 16px;\"><img decoding=\"async\" class=\"wp-image-21582 alignleft\" src=\"https:\/\/lindemannlaw.ch\/wp-content\/uploads\/2025\/06\/brand-gza-logo-blue-300x161.png\" alt=\"\" width=\"120\" height=\"65\" srcset=\"https:\/\/lindemannlaw.ch\/wp-content\/uploads\/2025\/06\/brand-gza-logo-blue-300x161.png 300w, https:\/\/lindemannlaw.ch\/wp-content\/uploads\/2025\/06\/brand-gza-logo-blue.png 580w\" sizes=\"(max-width: 120px) 100vw, 120px\" \/><\/span><\/a><\/td>\n<td style=\"width: 77.5461%; height: 218px;\">\u2714<strong> Greater Zurich Area (GZA)<\/strong><br \/>\nAgence r\u00e9gionale de promotion des investissements couvrant neuf cantons ; aide \u00e0 l&rsquo;analyse de l&rsquo;implantation, \u00e0 la constitution juridique, \u00e0 la recherche de locaux, \u00e0 l&rsquo;\u00e9tablissement de partenariats de recherche et \u00e0 la mise en place de r\u00e9seaux locaux.<br \/>\n<a href=\"https:\/\/www.s-ge.com\/en\/information\/investing-greater-zurich-area\" target=\"_blank\" rel=\"noopener\">En savoir plus<\/a><\/td>\n<\/tr>\n<tr style=\"height: 112px;\">\n<td style=\"width: 22.4539%; height: 112px;\"><a href=\"https:\/\/innovation.zuerich\/about\/\" target=\"_blank\" rel=\"noopener\"><img loading=\"lazy\" decoding=\"async\" class=\"alignleft wp-image-21587\" src=\"https:\/\/lindemannlaw.ch\/wp-content\/uploads\/2025\/06\/innovationzurich_logo_rgb_primaer.webp\" alt=\"\" width=\"120\" height=\"64\" \/><\/a><\/td>\n<td style=\"width: 77.5461%; height: 112px;\">\u2714<strong> Technopark Z\u00fcrich \/ Innovation Zurich<\/strong><br \/>\nMet en relation les start-ups avec les instituts de recherche, le secteur priv\u00e9 et les autorit\u00e9s afin de favoriser l&rsquo;innovation.<br \/>\n<a href=\"https:\/\/innovation.zuerich\/about\/\" target=\"_blank\" rel=\"noopener\">En savoir plus<\/a><\/td>\n<\/tr>\n<\/tbody>\n<\/table>\n<h3>Avantages suppl\u00e9mentaires pour l&rsquo;implantation d&rsquo;entreprises<\/h3>\n<p>\u2714<strong> Syst\u00e8me juridique transparent : <\/strong>proc\u00e9dures juridiques simples, acc\u00e8s facile \u00e0 l&rsquo;enregistrement des entreprises.<br \/>\n\u2714<strong> Infrastructures de classe mondiale : <\/strong>approvisionnement \u00e9nerg\u00e9tique fiable, logistique avanc\u00e9e et connectivit\u00e9 num\u00e9rique.<br \/>\n\u2714<strong> Environnement s\u00fbr et dynamique : <\/strong>Zurich offre une s\u00e9curit\u00e9 exceptionnelle, une grande richesse culturelle et de nombreuses possibilit\u00e9s de loisirs, ce qui la rend attrayante pour les talents et leurs familles.<\/p>\n<h3>Liens officiels utiles<\/h3>\n<p>\u2714<a href=\"https:\/\/www.zh.ch\/en\/wirtschaft-arbeit\/wirtschaftsstandort\/ansiedlungen.html\" target=\"_blank\" rel=\"noopener\"> Aide \u00e0 l\u2019implantation \u00a0et aux entreprises (Canton de Zurich, site officiel)<br \/>\n<\/a>\u2714<a href=\"https:\/\/www.zh.ch\/de\/volkswirtschaftsdirektion\/amt-fuer-wirtschaft.html\" target=\"_blank\" rel=\"noopener\"> Office de l&rsquo;\u00e9conomie et du travail<br \/>\n<\/a>\u2714<a href=\"https:\/\/www.s-ge.com\/en\/information\/investing-greater-zurich-area\" target=\"_blank\" rel=\"noopener\"> Investir dans la r\u00e9gion du Grand Zurich<br \/>\n<\/a>\u2714<a href=\"https:\/\/innovation.zuerich\/about\/\" target=\"_blank\" rel=\"noopener\"> Innovation Zurich<br \/>\n<\/a>\u2714<a href=\"https:\/\/www.kmu.admin.ch\/kmu\/en\/home\/concrete-know-how\/setting-up-sme\/starting-business.html\" target=\"_blank\" rel=\"noopener\"> Cr\u00e9er son entreprise en Suisse (portail f\u00e9d\u00e9ral des PME)<\/a><\/p>\n<p>Le canton de Zurich allie puissance \u00e9conomique, connexions internationales, innovation et qualit\u00e9 de vie \u00e9lev\u00e9e, offrant ainsi un cadre id\u00e9al pour les entrepreneurs, les investisseurs et les entreprises. Chez <strong>LINDEMANNLAW<\/strong>, nous vous accompagnons dans vos d\u00e9marches de relocalisation, de droit des migrations, de droit des soci\u00e9t\u00e9s, de conformit\u00e9 fiscale et juridique, afin de garantir votre succ\u00e8s en Suisse.<\/p>\n","protected":false},"excerpt":{"rendered":"<p>Aper\u00e7u Le canton de Zurich est situ\u00e9 au nord-est de la Suisse et, avec environ 1,6 million d&rsquo;habitants (2023), est le canton le plus peupl\u00e9. La ville de Zurich est la capitale cantonale et abrite le si\u00e8ge du gouvernement, du parlement et de la cour supr\u00eame. Zurich est largement consid\u00e9r\u00e9e comme le moteur \u00e9conomique de [&hellip;]<\/p>\n","protected":false},"author":19,"featured_media":3079,"parent":0,"menu_order":0,"comment_status":"closed","ping_status":"closed","template":"","meta":{"_acf_changed":false,"site-sidebar-layout":"default","site-content-layout":"","ast-site-content-layout":"default","site-content-style":"default","site-sidebar-style":"default","ast-global-header-display":"","ast-banner-title-visibility":"","ast-main-header-display":"","ast-hfb-above-header-display":"","ast-hfb-below-header-display":"","ast-hfb-mobile-header-display":"","site-post-title":"","ast-breadcrumbs-content":"","ast-featured-img":"","footer-sml-layout":"","ast-disable-related-posts":"","theme-transparent-header-meta":"default","adv-header-id-meta":"","stick-header-meta":"","header-above-stick-meta":"","header-main-stick-meta":"","header-below-stick-meta":"","astra-migrate-meta-layouts":"set","ast-page-background-enabled":"default","ast-page-background-meta":{"desktop":{"background-color":"var(--ast-global-color-4)","background-image":"","background-repeat":"repeat","background-position":"center center","background-size":"auto","background-attachment":"scroll","background-type":"","background-media":"","overlay-type":"","overlay-color":"","overlay-opacity":"","overlay-gradient":""},"tablet":{"background-color":"","background-image":"","background-repeat":"repeat","background-position":"center center","background-size":"auto","background-attachment":"scroll","background-type":"","background-media":"","overlay-type":"","overlay-color":"","overlay-opacity":"","overlay-gradient":""},"mobile":{"background-color":"","background-image":"","background-repeat":"repeat","background-position":"center center","background-size":"auto","background-attachment":"scroll","background-type":"","background-media":"","overlay-type":"","overlay-color":"","overlay-opacity":"","overlay-gradient":""}},"ast-content-background-meta":{"desktop":{"background-color":"var(--ast-global-color-5)","background-image":"","background-repeat":"repeat","background-position":"center center","background-size":"auto","background-attachment":"scroll","background-type":"","background-media":"","overlay-type":"","overlay-color":"","overlay-opacity":"","overlay-gradient":""},"tablet":{"background-color":"var(--ast-global-color-5)","background-image":"","background-repeat":"repeat","background-position":"center center","background-size":"auto","background-attachment":"scroll","background-type":"","background-media":"","overlay-type":"","overlay-color":"","overlay-opacity":"","overlay-gradient":""},"mobile":{"background-color":"var(--ast-global-color-5)","background-image":"","background-repeat":"repeat","background-position":"center center","background-size":"auto","background-attachment":"scroll","background-type":"","background-media":"","overlay-type":"","overlay-color":"","overlay-opacity":"","overlay-gradient":""}},"footnotes":""},"related_contact":[201,438],"expertise":[191,361],"webparts":[],"page_type":[],"class_list":["post-22708","page","type-page","status-publish","has-post-thumbnail","hentry"],"acf":[],"yoast_head":"<!-- This site is optimized with the Yoast SEO Premium plugin v27.3 (Yoast SEO v27.3) - https:\/\/yoast.com\/product\/yoast-seo-premium-wordpress\/ -->\n<title>Transfer de domicile dans le canton de Zurich | Droit des migrations, droit des soci\u00e9t\u00e9s et fiscalit\u00e9 | Lindemann Law<\/title>\n<meta name=\"description\" content=\"D\u00e9couvrez les avantages d&#039;une implantation dans le canton de Zurich. Le cabinet LINDEMANNLAW conseille les particuliers, les familles et les entrepreneurs en mati\u00e8re de droit de la migration, de droit des soci\u00e9t\u00e9s et de fiscalit\u00e9 en Suisse.\" \/>\n<meta name=\"robots\" content=\"index, follow, max-snippet:-1, max-image-preview:large, max-video-preview:-1\" \/>\n<link rel=\"canonical\" href=\"https:\/\/lindemannlaw.ch\/fr\/transfer-de-domicile-dans-le-canton-de-zurich-droit-des-migrations-droit-des-societes-et-fiscalite\/\" \/>\n<meta property=\"og:locale\" content=\"fr_FR\" \/>\n<meta property=\"og:type\" content=\"article\" \/>\n<meta property=\"og:title\" content=\"Transfer de domicile dans le canton de Zurich | Droit des migrations, droit des soci\u00e9t\u00e9s et fiscalit\u00e9\" \/>\n<meta property=\"og:description\" content=\"D\u00e9couvrez les avantages d&#039;une implantation dans le canton de Zurich. Le cabinet LINDEMANNLAW conseille les particuliers, les familles et les entrepreneurs en mati\u00e8re de droit de la migration, de droit des soci\u00e9t\u00e9s et de fiscalit\u00e9 en Suisse.\" \/>\n<meta property=\"og:url\" content=\"https:\/\/lindemannlaw.ch\/fr\/transfer-de-domicile-dans-le-canton-de-zurich-droit-des-migrations-droit-des-societes-et-fiscalite\/\" \/>\n<meta property=\"og:site_name\" content=\"Lindemann Law\" \/>\n<meta property=\"article:modified_time\" content=\"2025-09-01T14:08:44+00:00\" \/>\n<meta property=\"og:image\" content=\"https:\/\/lindemannlaw.ch\/wp-content\/uploads\/2020\/12\/Contact.jpg\" \/>\n\t<meta property=\"og:image:width\" content=\"1800\" \/>\n\t<meta property=\"og:image:height\" content=\"2501\" \/>\n\t<meta property=\"og:image:type\" content=\"image\/jpeg\" \/>\n<meta name=\"twitter:card\" content=\"summary_large_image\" \/>\n<meta name=\"twitter:site\" content=\"@Lindemann_law\" \/>\n<meta name=\"twitter:label1\" content=\"Dur\u00e9e de lecture estim\u00e9e\" \/>\n\t<meta name=\"twitter:data1\" content=\"4 minutes\" \/>\n<script type=\"application\/ld+json\" class=\"yoast-schema-graph\">{\"@context\":\"https:\\\/\\\/schema.org\",\"@graph\":[{\"@type\":\"WebPage\",\"@id\":\"https:\\\/\\\/lindemannlaw.ch\\\/fr\\\/transfer-de-domicile-dans-le-canton-de-zurich-droit-des-migrations-droit-des-societes-et-fiscalite\\\/\",\"url\":\"https:\\\/\\\/lindemannlaw.ch\\\/fr\\\/transfer-de-domicile-dans-le-canton-de-zurich-droit-des-migrations-droit-des-societes-et-fiscalite\\\/\",\"name\":\"Transfer de domicile dans le canton de Zurich | Droit des migrations, droit des soci\u00e9t\u00e9s et fiscalit\u00e9 | Lindemann Law\",\"isPartOf\":{\"@id\":\"https:\\\/\\\/lindemannlaw.ch\\\/fr\\\/#website\"},\"primaryImageOfPage\":{\"@id\":\"https:\\\/\\\/lindemannlaw.ch\\\/fr\\\/transfer-de-domicile-dans-le-canton-de-zurich-droit-des-migrations-droit-des-societes-et-fiscalite\\\/#primaryimage\"},\"image\":{\"@id\":\"https:\\\/\\\/lindemannlaw.ch\\\/fr\\\/transfer-de-domicile-dans-le-canton-de-zurich-droit-des-migrations-droit-des-societes-et-fiscalite\\\/#primaryimage\"},\"thumbnailUrl\":\"https:\\\/\\\/lindemannlaw.ch\\\/wp-content\\\/uploads\\\/2020\\\/12\\\/Contact.jpg\",\"datePublished\":\"2025-06-27T08:34:19+00:00\",\"dateModified\":\"2025-09-01T14:08:44+00:00\",\"description\":\"D\u00e9couvrez les avantages d'une implantation dans le canton de Zurich. Le cabinet LINDEMANNLAW conseille les particuliers, les familles et les entrepreneurs en mati\u00e8re de droit de la migration, de droit des soci\u00e9t\u00e9s et de fiscalit\u00e9 en Suisse.\",\"breadcrumb\":{\"@id\":\"https:\\\/\\\/lindemannlaw.ch\\\/fr\\\/transfer-de-domicile-dans-le-canton-de-zurich-droit-des-migrations-droit-des-societes-et-fiscalite\\\/#breadcrumb\"},\"inLanguage\":\"fr-FR\",\"potentialAction\":[{\"@type\":\"ReadAction\",\"target\":[\"https:\\\/\\\/lindemannlaw.ch\\\/fr\\\/transfer-de-domicile-dans-le-canton-de-zurich-droit-des-migrations-droit-des-societes-et-fiscalite\\\/\"]}]},{\"@type\":\"ImageObject\",\"inLanguage\":\"fr-FR\",\"@id\":\"https:\\\/\\\/lindemannlaw.ch\\\/fr\\\/transfer-de-domicile-dans-le-canton-de-zurich-droit-des-migrations-droit-des-societes-et-fiscalite\\\/#primaryimage\",\"url\":\"https:\\\/\\\/lindemannlaw.ch\\\/wp-content\\\/uploads\\\/2020\\\/12\\\/Contact.jpg\",\"contentUrl\":\"https:\\\/\\\/lindemannlaw.ch\\\/wp-content\\\/uploads\\\/2020\\\/12\\\/Contact.jpg\",\"width\":1800,\"height\":2501,\"caption\":\"Zurich\"},{\"@type\":\"BreadcrumbList\",\"@id\":\"https:\\\/\\\/lindemannlaw.ch\\\/fr\\\/transfer-de-domicile-dans-le-canton-de-zurich-droit-des-migrations-droit-des-societes-et-fiscalite\\\/#breadcrumb\",\"itemListElement\":[{\"@type\":\"ListItem\",\"position\":1,\"name\":\"Home\",\"item\":\"https:\\\/\\\/lindemannlaw.ch\\\/fr\\\/\"},{\"@type\":\"ListItem\",\"position\":2,\"name\":\"Transfer de domicile dans le canton de Zurich | Droit des migrations, droit des soci\u00e9t\u00e9s et fiscalit\u00e9\"}]},{\"@type\":\"WebSite\",\"@id\":\"https:\\\/\\\/lindemannlaw.ch\\\/fr\\\/#website\",\"url\":\"https:\\\/\\\/lindemannlaw.ch\\\/fr\\\/\",\"name\":\"Lindemann Law\",\"description\":\"Asset Management legal services\",\"publisher\":{\"@id\":\"https:\\\/\\\/lindemannlaw.ch\\\/fr\\\/#organization\"},\"potentialAction\":[{\"@type\":\"SearchAction\",\"target\":{\"@type\":\"EntryPoint\",\"urlTemplate\":\"https:\\\/\\\/lindemannlaw.ch\\\/fr\\\/?s={search_term_string}\"},\"query-input\":{\"@type\":\"PropertyValueSpecification\",\"valueRequired\":true,\"valueName\":\"search_term_string\"}}],\"inLanguage\":\"fr-FR\"},{\"@type\":\"Organization\",\"@id\":\"https:\\\/\\\/lindemannlaw.ch\\\/fr\\\/#organization\",\"name\":\"Lindemann Law\",\"url\":\"https:\\\/\\\/lindemannlaw.ch\\\/fr\\\/\",\"logo\":{\"@type\":\"ImageObject\",\"inLanguage\":\"fr-FR\",\"@id\":\"https:\\\/\\\/lindemannlaw.ch\\\/fr\\\/#\\\/schema\\\/logo\\\/image\\\/\",\"url\":\"https:\\\/\\\/lindemannlaw.ch\\\/wp-content\\\/uploads\\\/2021\\\/01\\\/logo-lindemannlaw_cropped.png\",\"contentUrl\":\"https:\\\/\\\/lindemannlaw.ch\\\/wp-content\\\/uploads\\\/2021\\\/01\\\/logo-lindemannlaw_cropped.png\",\"width\":150,\"height\":73,\"caption\":\"Lindemann Law\"},\"image\":{\"@id\":\"https:\\\/\\\/lindemannlaw.ch\\\/fr\\\/#\\\/schema\\\/logo\\\/image\\\/\"},\"sameAs\":[\"https:\\\/\\\/x.com\\\/Lindemann_law\",\"https:\\\/\\\/www.linkedin.com\\\/company\\\/lindemannlaw\\\/\"]}]}<\/script>\n<!-- \/ Yoast SEO Premium plugin. -->","yoast_head_json":{"title":"Transfer de domicile dans le canton de Zurich | Droit des migrations, droit des soci\u00e9t\u00e9s et fiscalit\u00e9 | Lindemann Law","description":"D\u00e9couvrez les avantages d'une implantation dans le canton de Zurich. Le cabinet LINDEMANNLAW conseille les particuliers, les familles et les entrepreneurs en mati\u00e8re de droit de la migration, de droit des soci\u00e9t\u00e9s et de fiscalit\u00e9 en Suisse.","robots":{"index":"index","follow":"follow","max-snippet":"max-snippet:-1","max-image-preview":"max-image-preview:large","max-video-preview":"max-video-preview:-1"},"canonical":"https:\/\/lindemannlaw.ch\/fr\/transfer-de-domicile-dans-le-canton-de-zurich-droit-des-migrations-droit-des-societes-et-fiscalite\/","og_locale":"fr_FR","og_type":"article","og_title":"Transfer de domicile dans le canton de Zurich | Droit des migrations, droit des soci\u00e9t\u00e9s et fiscalit\u00e9","og_description":"D\u00e9couvrez les avantages d'une implantation dans le canton de Zurich. Le cabinet LINDEMANNLAW conseille les particuliers, les familles et les entrepreneurs en mati\u00e8re de droit de la migration, de droit des soci\u00e9t\u00e9s et de fiscalit\u00e9 en Suisse.","og_url":"https:\/\/lindemannlaw.ch\/fr\/transfer-de-domicile-dans-le-canton-de-zurich-droit-des-migrations-droit-des-societes-et-fiscalite\/","og_site_name":"Lindemann Law","article_modified_time":"2025-09-01T14:08:44+00:00","og_image":[{"width":1800,"height":2501,"url":"https:\/\/lindemannlaw.ch\/wp-content\/uploads\/2020\/12\/Contact.jpg","type":"image\/jpeg"}],"twitter_card":"summary_large_image","twitter_site":"@Lindemann_law","twitter_misc":{"Dur\u00e9e de lecture estim\u00e9e":"4 minutes"},"schema":{"@context":"https:\/\/schema.org","@graph":[{"@type":"WebPage","@id":"https:\/\/lindemannlaw.ch\/fr\/transfer-de-domicile-dans-le-canton-de-zurich-droit-des-migrations-droit-des-societes-et-fiscalite\/","url":"https:\/\/lindemannlaw.ch\/fr\/transfer-de-domicile-dans-le-canton-de-zurich-droit-des-migrations-droit-des-societes-et-fiscalite\/","name":"Transfer de domicile dans le canton de Zurich | Droit des migrations, droit des soci\u00e9t\u00e9s et fiscalit\u00e9 | Lindemann Law","isPartOf":{"@id":"https:\/\/lindemannlaw.ch\/fr\/#website"},"primaryImageOfPage":{"@id":"https:\/\/lindemannlaw.ch\/fr\/transfer-de-domicile-dans-le-canton-de-zurich-droit-des-migrations-droit-des-societes-et-fiscalite\/#primaryimage"},"image":{"@id":"https:\/\/lindemannlaw.ch\/fr\/transfer-de-domicile-dans-le-canton-de-zurich-droit-des-migrations-droit-des-societes-et-fiscalite\/#primaryimage"},"thumbnailUrl":"https:\/\/lindemannlaw.ch\/wp-content\/uploads\/2020\/12\/Contact.jpg","datePublished":"2025-06-27T08:34:19+00:00","dateModified":"2025-09-01T14:08:44+00:00","description":"D\u00e9couvrez les avantages d'une implantation dans le canton de Zurich. Le cabinet LINDEMANNLAW conseille les particuliers, les familles et les entrepreneurs en mati\u00e8re de droit de la migration, de droit des soci\u00e9t\u00e9s et de fiscalit\u00e9 en Suisse.","breadcrumb":{"@id":"https:\/\/lindemannlaw.ch\/fr\/transfer-de-domicile-dans-le-canton-de-zurich-droit-des-migrations-droit-des-societes-et-fiscalite\/#breadcrumb"},"inLanguage":"fr-FR","potentialAction":[{"@type":"ReadAction","target":["https:\/\/lindemannlaw.ch\/fr\/transfer-de-domicile-dans-le-canton-de-zurich-droit-des-migrations-droit-des-societes-et-fiscalite\/"]}]},{"@type":"ImageObject","inLanguage":"fr-FR","@id":"https:\/\/lindemannlaw.ch\/fr\/transfer-de-domicile-dans-le-canton-de-zurich-droit-des-migrations-droit-des-societes-et-fiscalite\/#primaryimage","url":"https:\/\/lindemannlaw.ch\/wp-content\/uploads\/2020\/12\/Contact.jpg","contentUrl":"https:\/\/lindemannlaw.ch\/wp-content\/uploads\/2020\/12\/Contact.jpg","width":1800,"height":2501,"caption":"Zurich"},{"@type":"BreadcrumbList","@id":"https:\/\/lindemannlaw.ch\/fr\/transfer-de-domicile-dans-le-canton-de-zurich-droit-des-migrations-droit-des-societes-et-fiscalite\/#breadcrumb","itemListElement":[{"@type":"ListItem","position":1,"name":"Home","item":"https:\/\/lindemannlaw.ch\/fr\/"},{"@type":"ListItem","position":2,"name":"Transfer de domicile dans le canton de Zurich | Droit des migrations, droit des soci\u00e9t\u00e9s et fiscalit\u00e9"}]},{"@type":"WebSite","@id":"https:\/\/lindemannlaw.ch\/fr\/#website","url":"https:\/\/lindemannlaw.ch\/fr\/","name":"Lindemann Law","description":"Asset Management legal services","publisher":{"@id":"https:\/\/lindemannlaw.ch\/fr\/#organization"},"potentialAction":[{"@type":"SearchAction","target":{"@type":"EntryPoint","urlTemplate":"https:\/\/lindemannlaw.ch\/fr\/?s={search_term_string}"},"query-input":{"@type":"PropertyValueSpecification","valueRequired":true,"valueName":"search_term_string"}}],"inLanguage":"fr-FR"},{"@type":"Organization","@id":"https:\/\/lindemannlaw.ch\/fr\/#organization","name":"Lindemann Law","url":"https:\/\/lindemannlaw.ch\/fr\/","logo":{"@type":"ImageObject","inLanguage":"fr-FR","@id":"https:\/\/lindemannlaw.ch\/fr\/#\/schema\/logo\/image\/","url":"https:\/\/lindemannlaw.ch\/wp-content\/uploads\/2021\/01\/logo-lindemannlaw_cropped.png","contentUrl":"https:\/\/lindemannlaw.ch\/wp-content\/uploads\/2021\/01\/logo-lindemannlaw_cropped.png","width":150,"height":73,"caption":"Lindemann Law"},"image":{"@id":"https:\/\/lindemannlaw.ch\/fr\/#\/schema\/logo\/image\/"},"sameAs":["https:\/\/x.com\/Lindemann_law","https:\/\/www.linkedin.com\/company\/lindemannlaw\/"]}]}},"_links":{"self":[{"href":"https:\/\/lindemannlaw.ch\/fr\/wp-json\/wp\/v2\/pages\/22708","targetHints":{"allow":["GET"]}}],"collection":[{"href":"https:\/\/lindemannlaw.ch\/fr\/wp-json\/wp\/v2\/pages"}],"about":[{"href":"https:\/\/lindemannlaw.ch\/fr\/wp-json\/wp\/v2\/types\/page"}],"author":[{"embeddable":true,"href":"https:\/\/lindemannlaw.ch\/fr\/wp-json\/wp\/v2\/users\/19"}],"replies":[{"embeddable":true,"href":"https:\/\/lindemannlaw.ch\/fr\/wp-json\/wp\/v2\/comments?post=22708"}],"version-history":[{"count":0,"href":"https:\/\/lindemannlaw.ch\/fr\/wp-json\/wp\/v2\/pages\/22708\/revisions"}],"wp:featuredmedia":[{"embeddable":true,"href":"https:\/\/lindemannlaw.ch\/fr\/wp-json\/wp\/v2\/media\/3079"}],"wp:attachment":[{"href":"https:\/\/lindemannlaw.ch\/fr\/wp-json\/wp\/v2\/media?parent=22708"}],"wp:term":[{"taxonomy":"related_contact","embeddable":true,"href":"https:\/\/lindemannlaw.ch\/fr\/wp-json\/wp\/v2\/related_contact?post=22708"},{"taxonomy":"expertise","embeddable":true,"href":"https:\/\/lindemannlaw.ch\/fr\/wp-json\/wp\/v2\/expertise?post=22708"},{"taxonomy":"webparts","embeddable":true,"href":"https:\/\/lindemannlaw.ch\/fr\/wp-json\/wp\/v2\/webparts?post=22708"},{"taxonomy":"page_type","embeddable":true,"href":"https:\/\/lindemannlaw.ch\/fr\/wp-json\/wp\/v2\/page_type?post=22708"}],"curies":[{"name":"wp","href":"https:\/\/api.w.org\/{rel}","templated":true}]}}