{"id":22709,"date":"2025-07-02T15:23:34","date_gmt":"2025-07-02T14:23:34","guid":{"rendered":"https:\/\/lindemannlaw.ch\/?page_id=22709"},"modified":"2025-09-05T13:52:07","modified_gmt":"2025-09-05T12:52:07","slug":"transfer-de-domicile-dans-le-canton-de-berne-apercu-du-droit-des-migrations-du-droit-des-societes-et-de-la-fiscalite","status":"publish","type":"page","link":"https:\/\/lindemannlaw.ch\/fr\/transfer-de-domicile-dans-le-canton-de-berne-apercu-du-droit-des-migrations-du-droit-des-societes-et-de-la-fiscalite\/","title":{"rendered":"D\u00e9m\u00e9nagement dans le canton de Berne | Aper\u00e7u du droit des migrations, du droit des soci\u00e9t\u00e9s et de la fiscalit\u00e9"},"content":{"rendered":"<h3><strong style=\"font-size: 16px; font-style: normal; --tw-scale-x: 1; --tw-scale-y: 1; --tw-scroll-snap-strictness: proximity; --tw-ring-offset-width: 0px; --tw-ring-offset-color: #fff; --tw-ring-color: #3b82f680; --tw-ring-offset-shadow: 0 0 #0000; --tw-ring-shadow: 0 0 #0000; --tw-shadow: 0 0 #0000; --tw-shadow-colored: 0 0 #0000;\"><img decoding=\"async\" class=\"wp-image-21621 alignleft\" style=\"--tw-scale-x: 1; --tw-scale-y: 1; --tw-scroll-snap-strictness: proximity; --tw-ring-offset-width: 0px; --tw-ring-offset-color: #fff; --tw-ring-color: #3b82f680; --tw-ring-offset-shadow: 0 0 #0000; --tw-ring-shadow: 0 0 #0000; --tw-shadow: 0 0 #0000; --tw-shadow-colored: 0 0 #0000;\" src=\"https:\/\/lindemannlaw.ch\/wp-content\/uploads\/2025\/07\/che_bern_coa.svg-247x300.png\" alt=\"\" width=\"200\" height=\"243\" srcset=\"https:\/\/lindemannlaw.ch\/wp-content\/uploads\/2025\/07\/che_bern_coa.svg-247x300.png 247w, https:\/\/lindemannlaw.ch\/wp-content\/uploads\/2025\/07\/che_bern_coa.svg.png 330w\" sizes=\"(max-width: 200px) 100vw, 200px\" \/><\/strong>Aper\u00e7u<\/h3>\n<p>Le canton de Berne est situ\u00e9 au c\u0153ur de la Suisse et est le deuxi\u00e8me plus grand canton du pays en termes de superficie. Avec environ 1,05 million d&rsquo;habitants (2023), la ville de Berne est \u00e0 la fois la capitale cantonale et la capitale f\u00e9d\u00e9rale de la Suisse. Le canton est connu pour sa culture bilingue (allemand et fran\u00e7ais), son importance politique et son \u00e9conomie forte et diversifi\u00e9e.<\/p>\n<h3>Atouts \u00e9conomiques et infrastructures<\/h3>\n<p>\u2714<strong> PIB : <\/strong>parmi les cantons suisses les plus performants en termes de production \u00e9conomique, avec des atouts dans les secteurs de l&rsquo;industrie manufacturi\u00e8re, du tourisme et des hautes technologies.<br \/>\n\u2714<strong> Industries cl\u00e9s : <\/strong>ing\u00e9nierie de pr\u00e9cision, technologies m\u00e9dicales, a\u00e9rospatiale (RUAG), TIC, technologies \u00e9nerg\u00e9tiques et agroalimentaire.<br \/>\n\u2714<strong> \u00c9ducation et recherche : <\/strong>Universit\u00e9 de Berne, Haute \u00e9cole sp\u00e9cialis\u00e9e bernoise (BFH) et institutions de recherche de premier plan telles que l&rsquo;Institut f\u00e9d\u00e9ral de recherche sur la for\u00eat, la neige et le paysage (WSL).<br \/>\n\u2714<strong> Transports et connectivit\u00e9 : <\/strong>a\u00e9roport de Berne, liaisons ferroviaires \u00e0 grande vitesse (y compris des lignes directes vers les principales villes de l&rsquo;UE) et r\u00e9seau routier bien d\u00e9velopp\u00e9.<\/p>\n<h3>Fiscalit\u00e9<\/h3>\n<p><strong>Personnes morales : <\/strong>les personnes morales sont soumises \u00e0 un imp\u00f4t sur le revenu des soci\u00e9t\u00e9s au taux de 20,5 % (ville de Berne) et \u00e0 un imp\u00f4t sur le capital de 0,02 % sur le capital imposable. L&rsquo;imp\u00f4t sur le capital est d\u00e9duit de l&rsquo;imp\u00f4t sur le revenu des soci\u00e9t\u00e9s. Ainsi, si l&rsquo;imp\u00f4t sur le revenu des soci\u00e9t\u00e9s est sup\u00e9rieur \u00e0 l&rsquo;imp\u00f4t sur le capital, ce dernier n&rsquo;est pas d\u00fb. Les revenus de dividendes et les gains en capital provenant de participations \u00e9ligibles sont exon\u00e9r\u00e9s de l&rsquo;imp\u00f4t sur les soci\u00e9t\u00e9s en vertu de l&rsquo;exon\u00e9ration de participation.<\/p>\n<p><strong>Particuliers <\/strong>: Les particuliers sont soumis \u00e0 un imp\u00f4t progressif sur le revenu dont le taux effectif maximal est de 37 % \u00e0 Deisswil b.M. et de 40,7 % \u00e0 Berne. Les gains en capital priv\u00e9s sont exon\u00e9r\u00e9s d&rsquo;imp\u00f4t et les dividendes provenant de participations qualifi\u00e9es sont impos\u00e9s avec une r\u00e9duction de 50 % au niveau cantonal et de 30 % au niveau f\u00e9d\u00e9ral. Par cons\u00e9quent, en fonction de la structure des revenus, le taux d&rsquo;imposition effectif peut \u00eatre nettement inf\u00e9rieur au taux d&rsquo;imposition effectif maximal. Le canton pr\u00e9l\u00e8ve un imp\u00f4t sur la fortune nette des particuliers. Un r\u00e9gime d&rsquo;imposition forfaitaire est disponible.<\/p>\n<h3>Soutien gouvernemental \u00e0 l&rsquo;implantation d&rsquo;entreprises<\/h3>\n<p><a href=\"https:\/\/www.berneinvest.com\/en\" target=\"_blank\" rel=\"noopener\"><img decoding=\"async\" class=\"alignleft wp-image-21774\" src=\"https:\/\/lindemannlaw.ch\/wp-content\/uploads\/2025\/07\/bern-economic-development-agency-300x96.jpg\" alt=\"\" width=\"200\" height=\"64\" srcset=\"https:\/\/lindemannlaw.ch\/wp-content\/uploads\/2025\/07\/bern-economic-development-agency-300x96.jpg 300w, https:\/\/lindemannlaw.ch\/wp-content\/uploads\/2025\/07\/bern-economic-development-agency-768x246.jpg 768w, https:\/\/lindemannlaw.ch\/wp-content\/uploads\/2025\/07\/bern-economic-development-agency.jpg 837w\" sizes=\"(max-width: 200px) 100vw, 200px\" \/><\/a><\/p>\n<p>\u2714<strong> Agence pour le d\u00e9veloppement \u00e9conomique de Berne<\/strong><br \/>\nFournit un soutien aux investisseurs et aux entreprises : analyse de l&rsquo;implantation, conseils administratifs et aide \u00e0 l&rsquo;obtention de permis.<br \/>\n<a href=\"https:\/\/www.berneinvest.com\/en\" target=\"_blank\" rel=\"noopener\">Site web officiel \u2013 Promotion \u00e9conomique de Berne<\/a><\/p>\n<p><a href=\"https:\/\/ggba.swiss\/en\/\" target=\"_blank\" rel=\"noopener\"><img decoding=\"async\" class=\"alignleft wp-image-21780\" src=\"https:\/\/lindemannlaw.ch\/wp-content\/uploads\/2025\/07\/greater-bern-area-logo-e1751901402815.jpg\" alt=\"\" width=\"200\" height=\"88\" srcset=\"https:\/\/lindemannlaw.ch\/wp-content\/uploads\/2025\/07\/greater-bern-area-logo-e1751901402815.jpg 400w, https:\/\/lindemannlaw.ch\/wp-content\/uploads\/2025\/07\/greater-bern-area-logo-e1751901402815-300x131.jpg 300w\" sizes=\"(max-width: 200px) 100vw, 200px\" \/><\/a><\/p>\n<p>\u2714<strong> Promotion de la r\u00e9gion du Grand Berne<\/strong><br \/>\nR\u00e9seau r\u00e9gional d&rsquo;aide aux investisseurs \u00e9trangers et aux entreprises pour leur int\u00e9gration et leur implantation.<br \/>\n<a href=\"https:\/\/www.berneinvest.com\/en\" target=\"_blank\" rel=\"noopener\">Investir \u00e0 Berne \u2013 R\u00e9gion de la Grande Berne<\/a><\/p>\n<p><a href=\"https:\/\/sipbb.ch\/en\/\" target=\"_blank\" rel=\"noopener\"><img loading=\"lazy\" decoding=\"async\" class=\"alignleft wp-image-21785\" src=\"https:\/\/lindemannlaw.ch\/wp-content\/uploads\/2025\/07\/switzerland-innovation-park-biel-bienne-e1751901611692.png\" alt=\"\" width=\"200\" height=\"110\" \/><\/a><\/p>\n<p>\u2714<strong> Suisse Innovation Park Biel\/Bienne<\/strong><br \/>\nP\u00f4le d\u00e9di\u00e9 aux start-ups actives dans les domaines de la technologie m\u00e9dicale, de la robotique et des hautes technologies, proposant des laboratoires, des espaces de coworking et des partenariats.<br \/>\n<a href=\"https:\/\/sipbb.ch\/en\/\" target=\"_blank\" rel=\"noopener\">Suisse Innovation Park Biel\/Bienne<\/a><\/p>\n<h3>Avantages suppl\u00e9mentaires<\/h3>\n<p>\u2714 Cadre juridique transparent, proc\u00e9dures d&rsquo;enregistrement des entreprises simplifi\u00e9es.<br \/>\n\u2714 Infrastructures stables et fiables : \u00e9nergie, logistique, t\u00e9l\u00e9communications.<br \/>\n\u2714 Excellente qualit\u00e9 de vie : environnement multilingue, culture riche, vie en plein air, services adapt\u00e9s aux familles.<\/p>\n<h3>Liens officiels utiles<\/h3>\n<ul>\n<li><a href=\"https:\/\/www.berneinvest.com\/en\" target=\"_blank\" rel=\"noopener\">D\u00e9veloppement \u00e9conomique de Berne<\/a><\/li>\n<li><a href=\"https:\/\/sipbb.ch\/en\/\" target=\"_blank\" rel=\"noopener\">Parc d&rsquo;innovation Suisse Bienne<\/a><\/li>\n<li><a href=\"https:\/\/www.kmu.admin.ch\/kmu\/en\/home\/concrete-know-how\/setting-up-sme\/starting-business.html\" target=\"_blank\" rel=\"noopener\">Cr\u00e9er une entreprise en Suisse (Portail f\u00e9d\u00e9ral PME)<\/a><\/li>\n<\/ul>\n<p>Le canton de Berne offre un climat politique stable, un esprit innovant et une connectivit\u00e9 internationale, ce qui en fait une destination id\u00e9ale pour les entrepreneurs, les investisseurs et les entreprises. <strong>LINDEMANNLAW <\/strong>vous accompagne dans votre d\u00e9m\u00e9nagement, le droit des migrations, le droit des soci\u00e9t\u00e9s, les questions fiscales et les permis adapt\u00e9s \u00e0 Berne.<\/p>\n","protected":false},"excerpt":{"rendered":"<p>Aper\u00e7u Le canton de Berne est situ\u00e9 au c\u0153ur de la Suisse et est le deuxi\u00e8me plus grand canton du pays en termes de superficie. Avec environ 1,05 million d&rsquo;habitants (2023), la ville de Berne est \u00e0 la fois la capitale cantonale et la capitale f\u00e9d\u00e9rale de la Suisse. Le canton est connu pour sa [&hellip;]<\/p>\n","protected":false},"author":19,"featured_media":21627,"parent":0,"menu_order":0,"comment_status":"closed","ping_status":"closed","template":"","meta":{"_acf_changed":false,"site-sidebar-layout":"default","site-content-layout":"","ast-site-content-layout":"default","site-content-style":"default","site-sidebar-style":"default","ast-global-header-display":"","ast-banner-title-visibility":"","ast-main-header-display":"","ast-hfb-above-header-display":"","ast-hfb-below-header-display":"","ast-hfb-mobile-header-display":"","site-post-title":"","ast-breadcrumbs-content":"","ast-featured-img":"","footer-sml-layout":"","ast-disable-related-posts":"","theme-transparent-header-meta":"default","adv-header-id-meta":"","stick-header-meta":"","header-above-stick-meta":"","header-main-stick-meta":"","header-below-stick-meta":"","astra-migrate-meta-layouts":"set","ast-page-background-enabled":"default","ast-page-background-meta":{"desktop":{"background-color":"var(--ast-global-color-4)","background-image":"","background-repeat":"repeat","background-position":"center center","background-size":"auto","background-attachment":"scroll","background-type":"","background-media":"","overlay-type":"","overlay-color":"","overlay-opacity":"","overlay-gradient":""},"tablet":{"background-color":"","background-image":"","background-repeat":"repeat","background-position":"center center","background-size":"auto","background-attachment":"scroll","background-type":"","background-media":"","overlay-type":"","overlay-color":"","overlay-opacity":"","overlay-gradient":""},"mobile":{"background-color":"","background-image":"","background-repeat":"repeat","background-position":"center center","background-size":"auto","background-attachment":"scroll","background-type":"","background-media":"","overlay-type":"","overlay-color":"","overlay-opacity":"","overlay-gradient":""}},"ast-content-background-meta":{"desktop":{"background-color":"var(--ast-global-color-5)","background-image":"","background-repeat":"repeat","background-position":"center center","background-size":"auto","background-attachment":"scroll","background-type":"","background-media":"","overlay-type":"","overlay-color":"","overlay-opacity":"","overlay-gradient":""},"tablet":{"background-color":"var(--ast-global-color-5)","background-image":"","background-repeat":"repeat","background-position":"center center","background-size":"auto","background-attachment":"scroll","background-type":"","background-media":"","overlay-type":"","overlay-color":"","overlay-opacity":"","overlay-gradient":""},"mobile":{"background-color":"var(--ast-global-color-5)","background-image":"","background-repeat":"repeat","background-position":"center center","background-size":"auto","background-attachment":"scroll","background-type":"","background-media":"","overlay-type":"","overlay-color":"","overlay-opacity":"","overlay-gradient":""}},"footnotes":""},"related_contact":[201,438,424],"expertise":[191,361],"webparts":[],"page_type":[],"class_list":["post-22709","page","type-page","status-publish","has-post-thumbnail","hentry"],"acf":[],"yoast_head":"<!-- This site is optimized with the Yoast SEO Premium plugin v27.5 (Yoast SEO v27.5) - https:\/\/yoast.com\/product\/yoast-seo-premium-wordpress\/ -->\n<title>D\u00e9m\u00e9nagement dans le canton de Berne | Aper\u00e7u du droit des migrations, du droit des soci\u00e9t\u00e9s et de la fiscalit\u00e9 | Lindemann Law<\/title>\n<meta name=\"description\" content=\"D\u00e9couvrez les avantages d&#039;une implantation dans le canton de Berne. Le cabinet LINDEMANNLAW conseille les particuliers, les familles et les entrepreneurs en mati\u00e8re de droit des migrations, de droit des soci\u00e9t\u00e9s et de fiscalit\u00e9 en Suisse.\" \/>\n<meta name=\"robots\" content=\"index, follow, max-snippet:-1, max-image-preview:large, max-video-preview:-1\" \/>\n<link rel=\"canonical\" href=\"https:\/\/lindemannlaw.ch\/fr\/transfer-de-domicile-dans-le-canton-de-berne-apercu-du-droit-des-migrations-du-droit-des-societes-et-de-la-fiscalite\/\" \/>\n<meta property=\"og:locale\" content=\"fr_FR\" \/>\n<meta property=\"og:type\" content=\"article\" \/>\n<meta property=\"og:title\" content=\"D\u00e9m\u00e9nagement dans le canton de Berne | Aper\u00e7u du droit des migrations, du droit des soci\u00e9t\u00e9s et de la fiscalit\u00e9\" \/>\n<meta property=\"og:description\" content=\"D\u00e9couvrez les avantages d&#039;une implantation dans le canton de Berne. Le cabinet LINDEMANNLAW conseille les particuliers, les familles et les entrepreneurs en mati\u00e8re de droit des migrations, de droit des soci\u00e9t\u00e9s et de fiscalit\u00e9 en Suisse.\" \/>\n<meta property=\"og:url\" content=\"https:\/\/lindemannlaw.ch\/fr\/transfer-de-domicile-dans-le-canton-de-berne-apercu-du-droit-des-migrations-du-droit-des-societes-et-de-la-fiscalite\/\" \/>\n<meta property=\"og:site_name\" content=\"Lindemann Law\" \/>\n<meta property=\"article:modified_time\" content=\"2025-09-05T12:52:07+00:00\" \/>\n<meta property=\"og:image\" content=\"https:\/\/lindemannlaw.ch\/wp-content\/uploads\/2025\/07\/federal-building-bern.webp\" \/>\n\t<meta property=\"og:image:width\" content=\"1920\" \/>\n\t<meta property=\"og:image:height\" content=\"1080\" \/>\n\t<meta property=\"og:image:type\" content=\"image\/webp\" \/>\n<meta name=\"twitter:card\" content=\"summary_large_image\" \/>\n<meta name=\"twitter:site\" content=\"@Lindemann_law\" \/>\n<meta name=\"twitter:label1\" content=\"Dur\u00e9e de lecture estim\u00e9e\" \/>\n\t<meta name=\"twitter:data1\" content=\"4 minutes\" \/>\n<script type=\"application\/ld+json\" class=\"yoast-schema-graph\">{\"@context\":\"https:\\\/\\\/schema.org\",\"@graph\":[{\"@type\":\"WebPage\",\"@id\":\"https:\\\/\\\/lindemannlaw.ch\\\/fr\\\/transfer-de-domicile-dans-le-canton-de-berne-apercu-du-droit-des-migrations-du-droit-des-societes-et-de-la-fiscalite\\\/\",\"url\":\"https:\\\/\\\/lindemannlaw.ch\\\/fr\\\/transfer-de-domicile-dans-le-canton-de-berne-apercu-du-droit-des-migrations-du-droit-des-societes-et-de-la-fiscalite\\\/\",\"name\":\"D\u00e9m\u00e9nagement dans le canton de Berne | Aper\u00e7u du droit des migrations, du droit des soci\u00e9t\u00e9s et de la fiscalit\u00e9 | Lindemann Law\",\"isPartOf\":{\"@id\":\"https:\\\/\\\/lindemannlaw.ch\\\/fr\\\/#website\"},\"primaryImageOfPage\":{\"@id\":\"https:\\\/\\\/lindemannlaw.ch\\\/fr\\\/transfer-de-domicile-dans-le-canton-de-berne-apercu-du-droit-des-migrations-du-droit-des-societes-et-de-la-fiscalite\\\/#primaryimage\"},\"image\":{\"@id\":\"https:\\\/\\\/lindemannlaw.ch\\\/fr\\\/transfer-de-domicile-dans-le-canton-de-berne-apercu-du-droit-des-migrations-du-droit-des-societes-et-de-la-fiscalite\\\/#primaryimage\"},\"thumbnailUrl\":\"https:\\\/\\\/lindemannlaw.ch\\\/wp-content\\\/uploads\\\/2025\\\/07\\\/federal-building-bern.webp\",\"datePublished\":\"2025-07-02T14:23:34+00:00\",\"dateModified\":\"2025-09-05T12:52:07+00:00\",\"description\":\"D\u00e9couvrez les avantages d'une implantation dans le canton de Berne. Le cabinet LINDEMANNLAW conseille les particuliers, les familles et les entrepreneurs en mati\u00e8re de droit des migrations, de droit des soci\u00e9t\u00e9s et de fiscalit\u00e9 en Suisse.\",\"breadcrumb\":{\"@id\":\"https:\\\/\\\/lindemannlaw.ch\\\/fr\\\/transfer-de-domicile-dans-le-canton-de-berne-apercu-du-droit-des-migrations-du-droit-des-societes-et-de-la-fiscalite\\\/#breadcrumb\"},\"inLanguage\":\"fr-FR\",\"potentialAction\":[{\"@type\":\"ReadAction\",\"target\":[\"https:\\\/\\\/lindemannlaw.ch\\\/fr\\\/transfer-de-domicile-dans-le-canton-de-berne-apercu-du-droit-des-migrations-du-droit-des-societes-et-de-la-fiscalite\\\/\"]}]},{\"@type\":\"ImageObject\",\"inLanguage\":\"fr-FR\",\"@id\":\"https:\\\/\\\/lindemannlaw.ch\\\/fr\\\/transfer-de-domicile-dans-le-canton-de-berne-apercu-du-droit-des-migrations-du-droit-des-societes-et-de-la-fiscalite\\\/#primaryimage\",\"url\":\"https:\\\/\\\/lindemannlaw.ch\\\/wp-content\\\/uploads\\\/2025\\\/07\\\/federal-building-bern.webp\",\"contentUrl\":\"https:\\\/\\\/lindemannlaw.ch\\\/wp-content\\\/uploads\\\/2025\\\/07\\\/federal-building-bern.webp\",\"width\":1920,\"height\":1080},{\"@type\":\"BreadcrumbList\",\"@id\":\"https:\\\/\\\/lindemannlaw.ch\\\/fr\\\/transfer-de-domicile-dans-le-canton-de-berne-apercu-du-droit-des-migrations-du-droit-des-societes-et-de-la-fiscalite\\\/#breadcrumb\",\"itemListElement\":[{\"@type\":\"ListItem\",\"position\":1,\"name\":\"Home\",\"item\":\"https:\\\/\\\/lindemannlaw.ch\\\/fr\\\/\"},{\"@type\":\"ListItem\",\"position\":2,\"name\":\"D\u00e9m\u00e9nagement dans le canton de Berne | Aper\u00e7u du droit des migrations, du droit des soci\u00e9t\u00e9s et de la fiscalit\u00e9\"}]},{\"@type\":\"WebSite\",\"@id\":\"https:\\\/\\\/lindemannlaw.ch\\\/fr\\\/#website\",\"url\":\"https:\\\/\\\/lindemannlaw.ch\\\/fr\\\/\",\"name\":\"Lindemann Law\",\"description\":\"Asset Management legal services\",\"publisher\":{\"@id\":\"https:\\\/\\\/lindemannlaw.ch\\\/fr\\\/#organization\"},\"potentialAction\":[{\"@type\":\"SearchAction\",\"target\":{\"@type\":\"EntryPoint\",\"urlTemplate\":\"https:\\\/\\\/lindemannlaw.ch\\\/fr\\\/?s={search_term_string}\"},\"query-input\":{\"@type\":\"PropertyValueSpecification\",\"valueRequired\":true,\"valueName\":\"search_term_string\"}}],\"inLanguage\":\"fr-FR\"},{\"@type\":\"Organization\",\"@id\":\"https:\\\/\\\/lindemannlaw.ch\\\/fr\\\/#organization\",\"name\":\"Lindemann Law\",\"url\":\"https:\\\/\\\/lindemannlaw.ch\\\/fr\\\/\",\"logo\":{\"@type\":\"ImageObject\",\"inLanguage\":\"fr-FR\",\"@id\":\"https:\\\/\\\/lindemannlaw.ch\\\/fr\\\/#\\\/schema\\\/logo\\\/image\\\/\",\"url\":\"https:\\\/\\\/lindemannlaw.ch\\\/wp-content\\\/uploads\\\/2021\\\/01\\\/logo-lindemannlaw_cropped.png\",\"contentUrl\":\"https:\\\/\\\/lindemannlaw.ch\\\/wp-content\\\/uploads\\\/2021\\\/01\\\/logo-lindemannlaw_cropped.png\",\"width\":150,\"height\":73,\"caption\":\"Lindemann Law\"},\"image\":{\"@id\":\"https:\\\/\\\/lindemannlaw.ch\\\/fr\\\/#\\\/schema\\\/logo\\\/image\\\/\"},\"sameAs\":[\"https:\\\/\\\/x.com\\\/Lindemann_law\",\"https:\\\/\\\/www.linkedin.com\\\/company\\\/lindemannlaw\\\/\"]}]}<\/script>\n<!-- \/ Yoast SEO Premium plugin. -->","yoast_head_json":{"title":"D\u00e9m\u00e9nagement dans le canton de Berne | Aper\u00e7u du droit des migrations, du droit des soci\u00e9t\u00e9s et de la fiscalit\u00e9 | Lindemann Law","description":"D\u00e9couvrez les avantages d'une implantation dans le canton de Berne. Le cabinet LINDEMANNLAW conseille les particuliers, les familles et les entrepreneurs en mati\u00e8re de droit des migrations, de droit des soci\u00e9t\u00e9s et de fiscalit\u00e9 en Suisse.","robots":{"index":"index","follow":"follow","max-snippet":"max-snippet:-1","max-image-preview":"max-image-preview:large","max-video-preview":"max-video-preview:-1"},"canonical":"https:\/\/lindemannlaw.ch\/fr\/transfer-de-domicile-dans-le-canton-de-berne-apercu-du-droit-des-migrations-du-droit-des-societes-et-de-la-fiscalite\/","og_locale":"fr_FR","og_type":"article","og_title":"D\u00e9m\u00e9nagement dans le canton de Berne | Aper\u00e7u du droit des migrations, du droit des soci\u00e9t\u00e9s et de la fiscalit\u00e9","og_description":"D\u00e9couvrez les avantages d'une implantation dans le canton de Berne. Le cabinet LINDEMANNLAW conseille les particuliers, les familles et les entrepreneurs en mati\u00e8re de droit des migrations, de droit des soci\u00e9t\u00e9s et de fiscalit\u00e9 en Suisse.","og_url":"https:\/\/lindemannlaw.ch\/fr\/transfer-de-domicile-dans-le-canton-de-berne-apercu-du-droit-des-migrations-du-droit-des-societes-et-de-la-fiscalite\/","og_site_name":"Lindemann Law","article_modified_time":"2025-09-05T12:52:07+00:00","og_image":[{"width":1920,"height":1080,"url":"https:\/\/lindemannlaw.ch\/wp-content\/uploads\/2025\/07\/federal-building-bern.webp","type":"image\/webp"}],"twitter_card":"summary_large_image","twitter_site":"@Lindemann_law","twitter_misc":{"Dur\u00e9e de lecture estim\u00e9e":"4 minutes"},"schema":{"@context":"https:\/\/schema.org","@graph":[{"@type":"WebPage","@id":"https:\/\/lindemannlaw.ch\/fr\/transfer-de-domicile-dans-le-canton-de-berne-apercu-du-droit-des-migrations-du-droit-des-societes-et-de-la-fiscalite\/","url":"https:\/\/lindemannlaw.ch\/fr\/transfer-de-domicile-dans-le-canton-de-berne-apercu-du-droit-des-migrations-du-droit-des-societes-et-de-la-fiscalite\/","name":"D\u00e9m\u00e9nagement dans le canton de Berne | Aper\u00e7u du droit des migrations, du droit des soci\u00e9t\u00e9s et de la fiscalit\u00e9 | Lindemann Law","isPartOf":{"@id":"https:\/\/lindemannlaw.ch\/fr\/#website"},"primaryImageOfPage":{"@id":"https:\/\/lindemannlaw.ch\/fr\/transfer-de-domicile-dans-le-canton-de-berne-apercu-du-droit-des-migrations-du-droit-des-societes-et-de-la-fiscalite\/#primaryimage"},"image":{"@id":"https:\/\/lindemannlaw.ch\/fr\/transfer-de-domicile-dans-le-canton-de-berne-apercu-du-droit-des-migrations-du-droit-des-societes-et-de-la-fiscalite\/#primaryimage"},"thumbnailUrl":"https:\/\/lindemannlaw.ch\/wp-content\/uploads\/2025\/07\/federal-building-bern.webp","datePublished":"2025-07-02T14:23:34+00:00","dateModified":"2025-09-05T12:52:07+00:00","description":"D\u00e9couvrez les avantages d'une implantation dans le canton de Berne. Le cabinet LINDEMANNLAW conseille les particuliers, les familles et les entrepreneurs en mati\u00e8re de droit des migrations, de droit des soci\u00e9t\u00e9s et de fiscalit\u00e9 en Suisse.","breadcrumb":{"@id":"https:\/\/lindemannlaw.ch\/fr\/transfer-de-domicile-dans-le-canton-de-berne-apercu-du-droit-des-migrations-du-droit-des-societes-et-de-la-fiscalite\/#breadcrumb"},"inLanguage":"fr-FR","potentialAction":[{"@type":"ReadAction","target":["https:\/\/lindemannlaw.ch\/fr\/transfer-de-domicile-dans-le-canton-de-berne-apercu-du-droit-des-migrations-du-droit-des-societes-et-de-la-fiscalite\/"]}]},{"@type":"ImageObject","inLanguage":"fr-FR","@id":"https:\/\/lindemannlaw.ch\/fr\/transfer-de-domicile-dans-le-canton-de-berne-apercu-du-droit-des-migrations-du-droit-des-societes-et-de-la-fiscalite\/#primaryimage","url":"https:\/\/lindemannlaw.ch\/wp-content\/uploads\/2025\/07\/federal-building-bern.webp","contentUrl":"https:\/\/lindemannlaw.ch\/wp-content\/uploads\/2025\/07\/federal-building-bern.webp","width":1920,"height":1080},{"@type":"BreadcrumbList","@id":"https:\/\/lindemannlaw.ch\/fr\/transfer-de-domicile-dans-le-canton-de-berne-apercu-du-droit-des-migrations-du-droit-des-societes-et-de-la-fiscalite\/#breadcrumb","itemListElement":[{"@type":"ListItem","position":1,"name":"Home","item":"https:\/\/lindemannlaw.ch\/fr\/"},{"@type":"ListItem","position":2,"name":"D\u00e9m\u00e9nagement dans le canton de Berne | Aper\u00e7u du droit des migrations, du droit des soci\u00e9t\u00e9s et de la fiscalit\u00e9"}]},{"@type":"WebSite","@id":"https:\/\/lindemannlaw.ch\/fr\/#website","url":"https:\/\/lindemannlaw.ch\/fr\/","name":"Lindemann Law","description":"Asset Management legal services","publisher":{"@id":"https:\/\/lindemannlaw.ch\/fr\/#organization"},"potentialAction":[{"@type":"SearchAction","target":{"@type":"EntryPoint","urlTemplate":"https:\/\/lindemannlaw.ch\/fr\/?s={search_term_string}"},"query-input":{"@type":"PropertyValueSpecification","valueRequired":true,"valueName":"search_term_string"}}],"inLanguage":"fr-FR"},{"@type":"Organization","@id":"https:\/\/lindemannlaw.ch\/fr\/#organization","name":"Lindemann Law","url":"https:\/\/lindemannlaw.ch\/fr\/","logo":{"@type":"ImageObject","inLanguage":"fr-FR","@id":"https:\/\/lindemannlaw.ch\/fr\/#\/schema\/logo\/image\/","url":"https:\/\/lindemannlaw.ch\/wp-content\/uploads\/2021\/01\/logo-lindemannlaw_cropped.png","contentUrl":"https:\/\/lindemannlaw.ch\/wp-content\/uploads\/2021\/01\/logo-lindemannlaw_cropped.png","width":150,"height":73,"caption":"Lindemann Law"},"image":{"@id":"https:\/\/lindemannlaw.ch\/fr\/#\/schema\/logo\/image\/"},"sameAs":["https:\/\/x.com\/Lindemann_law","https:\/\/www.linkedin.com\/company\/lindemannlaw\/"]}]}},"_links":{"self":[{"href":"https:\/\/lindemannlaw.ch\/fr\/wp-json\/wp\/v2\/pages\/22709","targetHints":{"allow":["GET"]}}],"collection":[{"href":"https:\/\/lindemannlaw.ch\/fr\/wp-json\/wp\/v2\/pages"}],"about":[{"href":"https:\/\/lindemannlaw.ch\/fr\/wp-json\/wp\/v2\/types\/page"}],"author":[{"embeddable":true,"href":"https:\/\/lindemannlaw.ch\/fr\/wp-json\/wp\/v2\/users\/19"}],"replies":[{"embeddable":true,"href":"https:\/\/lindemannlaw.ch\/fr\/wp-json\/wp\/v2\/comments?post=22709"}],"version-history":[{"count":0,"href":"https:\/\/lindemannlaw.ch\/fr\/wp-json\/wp\/v2\/pages\/22709\/revisions"}],"wp:featuredmedia":[{"embeddable":true,"href":"https:\/\/lindemannlaw.ch\/fr\/wp-json\/wp\/v2\/media\/21627"}],"wp:attachment":[{"href":"https:\/\/lindemannlaw.ch\/fr\/wp-json\/wp\/v2\/media?parent=22709"}],"wp:term":[{"taxonomy":"related_contact","embeddable":true,"href":"https:\/\/lindemannlaw.ch\/fr\/wp-json\/wp\/v2\/related_contact?post=22709"},{"taxonomy":"expertise","embeddable":true,"href":"https:\/\/lindemannlaw.ch\/fr\/wp-json\/wp\/v2\/expertise?post=22709"},{"taxonomy":"webparts","embeddable":true,"href":"https:\/\/lindemannlaw.ch\/fr\/wp-json\/wp\/v2\/webparts?post=22709"},{"taxonomy":"page_type","embeddable":true,"href":"https:\/\/lindemannlaw.ch\/fr\/wp-json\/wp\/v2\/page_type?post=22709"}],"curies":[{"name":"wp","href":"https:\/\/api.w.org\/{rel}","templated":true}]}}