{"id":22850,"date":"2025-07-10T10:27:03","date_gmt":"2025-07-10T09:27:03","guid":{"rendered":"https:\/\/lindemannlaw.ch\/relocation-to-the-canton-of-ticino-migration-law-corporate-law-and-tax\/"},"modified":"2025-09-05T14:05:46","modified_gmt":"2025-09-05T13:05:46","slug":"relocation-to-the-canton-of-ticino-migration-law-corporate-law-and-tax","status":"publish","type":"page","link":"https:\/\/lindemannlaw.ch\/fr\/relocation-to-the-canton-of-ticino-migration-law-corporate-law-and-tax\/","title":{"rendered":"Transfer de domicile dans le canton du Tessin | Droit des migrations, droit des soci\u00e9t\u00e9s et fiscalit\u00e9"},"content":{"rendered":"<h3><img fetchpriority=\"high\" decoding=\"async\" class=\"wp-image-21993 alignleft\" src=\"https:\/\/lindemannlaw.ch\/wp-content\/uploads\/2025\/07\/flag_of_ticino-237x300.png\" alt=\"\" width=\"200\" height=\"253\" srcset=\"https:\/\/lindemannlaw.ch\/wp-content\/uploads\/2025\/07\/flag_of_ticino-237x300.png 237w, https:\/\/lindemannlaw.ch\/wp-content\/uploads\/2025\/07\/flag_of_ticino-809x1024.png 809w, https:\/\/lindemannlaw.ch\/wp-content\/uploads\/2025\/07\/flag_of_ticino-768x972.png 768w, https:\/\/lindemannlaw.ch\/wp-content\/uploads\/2025\/07\/flag_of_ticino-1214x1536.png 1214w, https:\/\/lindemannlaw.ch\/wp-content\/uploads\/2025\/07\/flag_of_ticino.png 1618w\" sizes=\"(max-width: 200px) 100vw, 200px\" \/>Vue d&rsquo;ensemble<\/h3>\n<p>Le canton du Tessin est le canton le plus m\u00e9ridional de Suisse, situ\u00e9 au carrefour de la Suisse et de l&rsquo;Italie. Avec environ 355 000 habitants (2023), sa capitale est Bellinzona, tandis que Lugano est le centre \u00e9conomique et financier. Le Tessin offre un m\u00e9lange unique d&rsquo;efficacit\u00e9 suisse et de style de vie m\u00e9diterran\u00e9en, attirant \u00e0 la fois les entreprises et les familles \u00e0 la recherche d&rsquo;opportunit\u00e9s internationales.  <\/p>\n<h3>Forces \u00e9conomiques et infrastructure<\/h3>\n<p><strong>PIB<\/strong>: Une \u00e9conomie robuste avec un commerce, des services et une industrie transfrontaliers importants, b\u00e9n\u00e9ficiant de la proximit\u00e9 de l&rsquo;Italie et des march\u00e9s de l&rsquo;UE.<br \/>\n\u2714 <strong>Principaux secteurs d&rsquo;activit\u00e9<\/strong>: Banque et finance, mode et design, ing\u00e9nierie m\u00e9canique, \u00e9lectronique, sciences de la vie et tourisme.<br \/>\n\u2714 <strong>Formation et recherche<\/strong>: Universit\u00e0 della Svizzera italiana (USI), Haute \u00e9cole sp\u00e9cialis\u00e9e de Suisse m\u00e9ridionale (SUPSI), et plusieurs centres de recherche.<br \/>\n\u2714 <strong>Transport et connectivit\u00e9<\/strong>: Excellentes connexions autorouti\u00e8res avec Milan et Zurich, train \u00e0 grande vitesse via le tunnel de base du Saint-Gothard, et a\u00e9roport de Lugano pour les liaisons a\u00e9riennes r\u00e9gionales.<\/p>\n<h3>Fiscalit\u00e9<\/h3>\n<p><strong>Personnes morales : <\/strong>Les personnes morales sont soumises \u00e0 l&rsquo;imp\u00f4t sur les soci\u00e9t\u00e9s au taux de 18,2 % (Lugano) et \u00e0 un imp\u00f4t sur le capital de 0,15 % sur les fonds propres imposables. Les dividendes et les gains en capital provenant de participations qualifi\u00e9es sont exon\u00e9r\u00e9s de l&rsquo;imp\u00f4t sur les soci\u00e9t\u00e9s en raison de l&rsquo;exon\u00e9ration des participations. <\/p>\n<p><strong>Particuliers<\/strong>: Les Particuliers sont soumis \u00e0 un imp\u00f4t sur le revenu progressif, les taux d&rsquo;imposition effectifs les plus \u00e9lev\u00e9s se situant entre 36,5 % (Cadempino) et 41 % (Astano). Les gains en capital priv\u00e9s sont exon\u00e9r\u00e9s d&rsquo;imp\u00f4t et les dividendes provenant de participations qualifi\u00e9es sont impos\u00e9s avec un abattement de 30 % au niveau cantonal et de 30 % au niveau f\u00e9d\u00e9ral. Par cons\u00e9quent, selon la structure des revenus, le taux d&rsquo;imposition effectif peut \u00eatre important. Le canton pr\u00e9l\u00e8ve l&rsquo;imp\u00f4t sur la fortune sur la fortune nette d&rsquo;un particulier. Il existe un r\u00e9gime d&rsquo;imposition forfaitaire.    <\/p>\n<h3>Soutien des pouvoirs publics \u00e0 l&rsquo;implantation des entreprises<\/h3>\n<table style=\"border-collapse: collapse; width: 100%; height: 114px;\">\n<tbody>\n<tr style=\"height: 223px;\">\n<td style=\"width: 17.0124%; height: 10px;\"><a href=\"https:\/\/www4.ti.ch\/dfe\/de\/portale-impresa\/economic-development\/home\" target=\"_blank\" rel=\"noopener\"><img decoding=\"async\" class=\"alignnone wp-image-21978\" src=\"https:\/\/lindemannlaw.ch\/wp-content\/uploads\/2025\/07\/economic-promotion-canton-ticino-dfe-logo-e1752138992101.png\" alt=\"\" width=\"200\" height=\"128\" srcset=\"https:\/\/lindemannlaw.ch\/wp-content\/uploads\/2025\/07\/economic-promotion-canton-ticino-dfe-logo-e1752138992101.png 2400w, https:\/\/lindemannlaw.ch\/wp-content\/uploads\/2025\/07\/economic-promotion-canton-ticino-dfe-logo-e1752138992101-300x193.png 300w, https:\/\/lindemannlaw.ch\/wp-content\/uploads\/2025\/07\/economic-promotion-canton-ticino-dfe-logo-e1752138992101-1024x657.png 1024w, https:\/\/lindemannlaw.ch\/wp-content\/uploads\/2025\/07\/economic-promotion-canton-ticino-dfe-logo-e1752138992101-768x493.png 768w, https:\/\/lindemannlaw.ch\/wp-content\/uploads\/2025\/07\/economic-promotion-canton-ticino-dfe-logo-e1752138992101-1536x986.png 1536w, https:\/\/lindemannlaw.ch\/wp-content\/uploads\/2025\/07\/economic-promotion-canton-ticino-dfe-logo-e1752138992101-2048x1314.png 2048w\" sizes=\"(max-width: 200px) 100vw, 200px\" \/><\/a><\/td>\n<td style=\"width: 82.9876%; height: 10px;\">\u2714 <strong>Promotion \u00e9conomique du canton du Tessin (DFE)<\/strong><br \/>\nAccompagne les entreprises dans le choix du site, les d\u00e9marches administratives et la mise en relation avec les r\u00e9seaux d&rsquo;affaires.<br \/>\n<a href=\"https:\/\/www4.ti.ch\/dfe\/de\/portale-impresa\/economic-development\/home\" target=\"_blank\" rel=\"noopener\">En savoir plus<\/a><\/td>\n<\/tr>\n<tr style=\"height: 52px;\">\n<td style=\"width: 17.0124%; height: 52px;\"><a href=\"https:\/\/www.agire.ch\/en\" target=\"_blank\" rel=\"noopener\"><img decoding=\"async\" class=\"alignnone wp-image-21983\" src=\"https:\/\/lindemannlaw.ch\/wp-content\/uploads\/2025\/07\/agire-new-logo-300x104.png\" alt=\"\" width=\"200\" height=\"69\" srcset=\"https:\/\/lindemannlaw.ch\/wp-content\/uploads\/2025\/07\/agire-new-logo-300x104.png 300w, https:\/\/lindemannlaw.ch\/wp-content\/uploads\/2025\/07\/agire-new-logo-1024x355.png 1024w, https:\/\/lindemannlaw.ch\/wp-content\/uploads\/2025\/07\/agire-new-logo-768x266.png 768w, https:\/\/lindemannlaw.ch\/wp-content\/uploads\/2025\/07\/agire-new-logo.png 1103w\" sizes=\"(max-width: 200px) 100vw, 200px\" \/><\/a><\/td>\n<td style=\"width: 82.9876%; height: 52px;\">\u2714 <strong>Fondazione Agire (Agence pour l&rsquo;innovation)<\/strong><br \/>\nFournit une assistance aux start-ups et aux entreprises innovantes, y compris des conseils en mati\u00e8re de financement, d&rsquo;incubation et de mise en r\u00e9seau.<br \/>\n<a href=\"https:\/\/www.agire.ch\/en\" target=\"_blank\" rel=\"noopener\">En savoir plus<\/a><\/td>\n<\/tr>\n<tr style=\"height: 52px;\">\n<td style=\"width: 17.0124%; height: 52px;\"><a href=\"https:\/\/innovationticino.com\/\" target=\"_blank\" rel=\"noopener\"><img loading=\"lazy\" decoding=\"async\" class=\"alignnone wp-image-21988\" src=\"https:\/\/lindemannlaw.ch\/wp-content\/uploads\/2025\/07\/sip_ticino_cmyk_trasp-01-300x112.png\" alt=\"\" width=\"200\" height=\"75\" srcset=\"https:\/\/lindemannlaw.ch\/wp-content\/uploads\/2025\/07\/sip_ticino_cmyk_trasp-01-300x112.png 300w, https:\/\/lindemannlaw.ch\/wp-content\/uploads\/2025\/07\/sip_ticino_cmyk_trasp-01-768x287.png 768w, https:\/\/lindemannlaw.ch\/wp-content\/uploads\/2025\/07\/sip_ticino_cmyk_trasp-01.png 931w\" sizes=\"(max-width: 200px) 100vw, 200px\" \/><\/a><\/td>\n<td style=\"width: 82.9876%; height: 52px;\">\u2714 <strong>Parco Tecnologico Ticino<\/strong><br \/>\nOffre des installations et des services aux entreprises de haute technologie et des sciences de la vie.<br \/>\n<a href=\"https:\/\/innovationticino.com\/\" target=\"_blank\" rel=\"noopener\">En savoir plus<\/a><\/td>\n<\/tr>\n<\/tbody>\n<\/table>\n<h3>Avantages suppl\u00e9mentaires<\/h3>\n<p>\u2714 Un cadre juridique clair et favorable aux entreprises.<br \/>\n\u2714 Une infrastructure solide avec des r\u00e9seaux logistiques, \u00e9nerg\u00e9tiques et num\u00e9riques fiables.<br \/>\n\u2714 Une qualit\u00e9 de vie exceptionnelle : climat doux, beaut\u00e9 des paysages, richesse culturelle et communaut\u00e9s familiales.<\/p>\n<h3>Liens officiels utiles<\/h3>\n<ul>\n<li><a href=\"https:\/\/www4.ti.ch\/dfe\/de\/portale-impresa\/economic-development\/home\" target=\"_blank\" rel=\"noopener\">Promotion \u00e9conomique du Tessin<\/a><\/li>\n<li><a href=\"https:\/\/www.agire.ch\/en\" target=\"_blank\" rel=\"noopener\">Fondazione Agire<\/a><\/li>\n<li><a href=\"https:\/\/www.kmu.admin.ch\/kmu\/en\/home\/concrete-know-how\/setting-up-sme\/starting-business.html\" target=\"_blank\" rel=\"noopener\">Cr\u00e9er une entreprise en Suisse (Portail PME de la Conf\u00e9d\u00e9ration)<\/a><\/li>\n<\/ul>\n<p>Le canton du Tessin offre aux entreprises et aux Particuliers une situation unique entre la Suisse et l&rsquo;Italie, avec de fortes perspectives \u00e9conomiques et une qualit\u00e9 de vie \u00e9lev\u00e9e. <strong>LINDEMANNLAW<\/strong> conseille les entrepreneurs, les familles et les investisseurs en mati\u00e8re de droit des migrations, de droit des soci\u00e9t\u00e9s, de fiscalit\u00e9 et de tous les aspects juridiques de la relocalisation au Tessin.<\/p>\n","protected":false},"excerpt":{"rendered":"<p>Vue d&rsquo;ensemble Le canton du Tessin est le canton le plus m\u00e9ridional de Suisse, situ\u00e9 au carrefour de la Suisse et de l&rsquo;Italie. Avec environ 355 000 habitants (2023), sa capitale est Bellinzona, tandis que Lugano est le centre \u00e9conomique et financier. Le Tessin offre un m\u00e9lange unique d&rsquo;efficacit\u00e9 suisse et de style de vie [&hellip;]<\/p>\n","protected":false},"author":19,"featured_media":21999,"parent":0,"menu_order":0,"comment_status":"closed","ping_status":"closed","template":"","meta":{"_acf_changed":false,"site-sidebar-layout":"default","site-content-layout":"","ast-site-content-layout":"default","site-content-style":"default","site-sidebar-style":"default","ast-global-header-display":"","ast-banner-title-visibility":"","ast-main-header-display":"","ast-hfb-above-header-display":"","ast-hfb-below-header-display":"","ast-hfb-mobile-header-display":"","site-post-title":"","ast-breadcrumbs-content":"","ast-featured-img":"","footer-sml-layout":"","ast-disable-related-posts":"","theme-transparent-header-meta":"default","adv-header-id-meta":"","stick-header-meta":"","header-above-stick-meta":"","header-main-stick-meta":"","header-below-stick-meta":"","astra-migrate-meta-layouts":"default","ast-page-background-enabled":"default","ast-page-background-meta":{"desktop":{"background-color":"var(--ast-global-color-4)","background-image":"","background-repeat":"repeat","background-position":"center center","background-size":"auto","background-attachment":"scroll","background-type":"","background-media":"","overlay-type":"","overlay-color":"","overlay-opacity":"","overlay-gradient":""},"tablet":{"background-color":"","background-image":"","background-repeat":"repeat","background-position":"center center","background-size":"auto","background-attachment":"scroll","background-type":"","background-media":"","overlay-type":"","overlay-color":"","overlay-opacity":"","overlay-gradient":""},"mobile":{"background-color":"","background-image":"","background-repeat":"repeat","background-position":"center center","background-size":"auto","background-attachment":"scroll","background-type":"","background-media":"","overlay-type":"","overlay-color":"","overlay-opacity":"","overlay-gradient":""}},"ast-content-background-meta":{"desktop":{"background-color":"var(--ast-global-color-5)","background-image":"","background-repeat":"repeat","background-position":"center center","background-size":"auto","background-attachment":"scroll","background-type":"","background-media":"","overlay-type":"","overlay-color":"","overlay-opacity":"","overlay-gradient":""},"tablet":{"background-color":"var(--ast-global-color-5)","background-image":"","background-repeat":"repeat","background-position":"center center","background-size":"auto","background-attachment":"scroll","background-type":"","background-media":"","overlay-type":"","overlay-color":"","overlay-opacity":"","overlay-gradient":""},"mobile":{"background-color":"var(--ast-global-color-5)","background-image":"","background-repeat":"repeat","background-position":"center center","background-size":"auto","background-attachment":"scroll","background-type":"","background-media":"","overlay-type":"","overlay-color":"","overlay-opacity":"","overlay-gradient":""}},"footnotes":""},"related_contact":[201,438],"expertise":[191,361],"webparts":[],"page_type":[],"class_list":["post-22850","page","type-page","status-publish","has-post-thumbnail","hentry"],"acf":[],"yoast_head":"<!-- This site is optimized with the Yoast SEO Premium plugin v27.3 (Yoast SEO v27.3) - https:\/\/yoast.com\/product\/yoast-seo-premium-wordpress\/ -->\n<title>Transfer de domicile dans le canton du Tessin | Droit des migrations, droit des soci\u00e9t\u00e9s et fiscalit\u00e9 | Lindemann Law<\/title>\n<meta name=\"description\" content=\"Transfer de domicile dans le canton du TessinD\u00e9couvrez les avantages d&#039;un transfert de domicile dans le canton du Tessin. LINDEMANNLAW conseille les Particuliers, les familles et les entrepreneurs en mati\u00e8re de droit des migrations, de droit des soci\u00e9t\u00e9s et de fiscalit\u00e9 en Suisse.\" \/>\n<meta name=\"robots\" content=\"index, follow, max-snippet:-1, max-image-preview:large, max-video-preview:-1\" \/>\n<link rel=\"canonical\" href=\"https:\/\/lindemannlaw.ch\/fr\/relocation-to-the-canton-of-ticino-migration-law-corporate-law-and-tax\/\" \/>\n<meta property=\"og:locale\" content=\"fr_FR\" \/>\n<meta property=\"og:type\" content=\"article\" \/>\n<meta property=\"og:title\" content=\"Transfer de domicile dans le canton du Tessin | Droit des migrations, droit des soci\u00e9t\u00e9s et fiscalit\u00e9\" \/>\n<meta property=\"og:description\" content=\"Transfer de domicile dans le canton du TessinD\u00e9couvrez les avantages d&#039;un transfert de domicile dans le canton du Tessin. LINDEMANNLAW conseille les Particuliers, les familles et les entrepreneurs en mati\u00e8re de droit des migrations, de droit des soci\u00e9t\u00e9s et de fiscalit\u00e9 en Suisse.\" \/>\n<meta property=\"og:url\" content=\"https:\/\/lindemannlaw.ch\/fr\/relocation-to-the-canton-of-ticino-migration-law-corporate-law-and-tax\/\" \/>\n<meta property=\"og:site_name\" content=\"Lindemann Law\" \/>\n<meta property=\"article:modified_time\" content=\"2025-09-05T13:05:46+00:00\" \/>\n<meta property=\"og:image\" content=\"https:\/\/lindemannlaw.ch\/wp-content\/uploads\/2025\/07\/ticino.webp\" \/>\n\t<meta property=\"og:image:width\" content=\"1600\" \/>\n\t<meta property=\"og:image:height\" content=\"900\" \/>\n\t<meta property=\"og:image:type\" content=\"image\/webp\" \/>\n<meta name=\"twitter:card\" content=\"summary_large_image\" \/>\n<meta name=\"twitter:site\" content=\"@Lindemann_law\" \/>\n<meta name=\"twitter:label1\" content=\"Dur\u00e9e de lecture estim\u00e9e\" \/>\n\t<meta name=\"twitter:data1\" content=\"3 minutes\" \/>\n<script type=\"application\/ld+json\" class=\"yoast-schema-graph\">{\"@context\":\"https:\\\/\\\/schema.org\",\"@graph\":[{\"@type\":\"WebPage\",\"@id\":\"https:\\\/\\\/lindemannlaw.ch\\\/fr\\\/relocation-to-the-canton-of-ticino-migration-law-corporate-law-and-tax\\\/\",\"url\":\"https:\\\/\\\/lindemannlaw.ch\\\/fr\\\/relocation-to-the-canton-of-ticino-migration-law-corporate-law-and-tax\\\/\",\"name\":\"Transfer de domicile dans le canton du Tessin | Droit des migrations, droit des soci\u00e9t\u00e9s et fiscalit\u00e9 | Lindemann Law\",\"isPartOf\":{\"@id\":\"https:\\\/\\\/lindemannlaw.ch\\\/fr\\\/#website\"},\"primaryImageOfPage\":{\"@id\":\"https:\\\/\\\/lindemannlaw.ch\\\/fr\\\/relocation-to-the-canton-of-ticino-migration-law-corporate-law-and-tax\\\/#primaryimage\"},\"image\":{\"@id\":\"https:\\\/\\\/lindemannlaw.ch\\\/fr\\\/relocation-to-the-canton-of-ticino-migration-law-corporate-law-and-tax\\\/#primaryimage\"},\"thumbnailUrl\":\"https:\\\/\\\/lindemannlaw.ch\\\/wp-content\\\/uploads\\\/2025\\\/07\\\/ticino.webp\",\"datePublished\":\"2025-07-10T09:27:03+00:00\",\"dateModified\":\"2025-09-05T13:05:46+00:00\",\"description\":\"Transfer de domicile dans le canton du TessinD\u00e9couvrez les avantages d'un transfert de domicile dans le canton du Tessin. LINDEMANNLAW conseille les Particuliers, les familles et les entrepreneurs en mati\u00e8re de droit des migrations, de droit des soci\u00e9t\u00e9s et de fiscalit\u00e9 en Suisse.\",\"breadcrumb\":{\"@id\":\"https:\\\/\\\/lindemannlaw.ch\\\/fr\\\/relocation-to-the-canton-of-ticino-migration-law-corporate-law-and-tax\\\/#breadcrumb\"},\"inLanguage\":\"fr-FR\",\"potentialAction\":[{\"@type\":\"ReadAction\",\"target\":[\"https:\\\/\\\/lindemannlaw.ch\\\/fr\\\/relocation-to-the-canton-of-ticino-migration-law-corporate-law-and-tax\\\/\"]}]},{\"@type\":\"ImageObject\",\"inLanguage\":\"fr-FR\",\"@id\":\"https:\\\/\\\/lindemannlaw.ch\\\/fr\\\/relocation-to-the-canton-of-ticino-migration-law-corporate-law-and-tax\\\/#primaryimage\",\"url\":\"https:\\\/\\\/lindemannlaw.ch\\\/wp-content\\\/uploads\\\/2025\\\/07\\\/ticino.webp\",\"contentUrl\":\"https:\\\/\\\/lindemannlaw.ch\\\/wp-content\\\/uploads\\\/2025\\\/07\\\/ticino.webp\",\"width\":1600,\"height\":900},{\"@type\":\"BreadcrumbList\",\"@id\":\"https:\\\/\\\/lindemannlaw.ch\\\/fr\\\/relocation-to-the-canton-of-ticino-migration-law-corporate-law-and-tax\\\/#breadcrumb\",\"itemListElement\":[{\"@type\":\"ListItem\",\"position\":1,\"name\":\"Home\",\"item\":\"https:\\\/\\\/lindemannlaw.ch\\\/fr\\\/\"},{\"@type\":\"ListItem\",\"position\":2,\"name\":\"Transfer de domicile dans le canton du Tessin | Droit des migrations, droit des soci\u00e9t\u00e9s et fiscalit\u00e9\"}]},{\"@type\":\"WebSite\",\"@id\":\"https:\\\/\\\/lindemannlaw.ch\\\/fr\\\/#website\",\"url\":\"https:\\\/\\\/lindemannlaw.ch\\\/fr\\\/\",\"name\":\"Lindemann Law\",\"description\":\"Asset Management legal services\",\"publisher\":{\"@id\":\"https:\\\/\\\/lindemannlaw.ch\\\/fr\\\/#organization\"},\"potentialAction\":[{\"@type\":\"SearchAction\",\"target\":{\"@type\":\"EntryPoint\",\"urlTemplate\":\"https:\\\/\\\/lindemannlaw.ch\\\/fr\\\/?s={search_term_string}\"},\"query-input\":{\"@type\":\"PropertyValueSpecification\",\"valueRequired\":true,\"valueName\":\"search_term_string\"}}],\"inLanguage\":\"fr-FR\"},{\"@type\":\"Organization\",\"@id\":\"https:\\\/\\\/lindemannlaw.ch\\\/fr\\\/#organization\",\"name\":\"Lindemann Law\",\"url\":\"https:\\\/\\\/lindemannlaw.ch\\\/fr\\\/\",\"logo\":{\"@type\":\"ImageObject\",\"inLanguage\":\"fr-FR\",\"@id\":\"https:\\\/\\\/lindemannlaw.ch\\\/fr\\\/#\\\/schema\\\/logo\\\/image\\\/\",\"url\":\"https:\\\/\\\/lindemannlaw.ch\\\/wp-content\\\/uploads\\\/2021\\\/01\\\/logo-lindemannlaw_cropped.png\",\"contentUrl\":\"https:\\\/\\\/lindemannlaw.ch\\\/wp-content\\\/uploads\\\/2021\\\/01\\\/logo-lindemannlaw_cropped.png\",\"width\":150,\"height\":73,\"caption\":\"Lindemann Law\"},\"image\":{\"@id\":\"https:\\\/\\\/lindemannlaw.ch\\\/fr\\\/#\\\/schema\\\/logo\\\/image\\\/\"},\"sameAs\":[\"https:\\\/\\\/x.com\\\/Lindemann_law\",\"https:\\\/\\\/www.linkedin.com\\\/company\\\/lindemannlaw\\\/\"]}]}<\/script>\n<!-- \/ Yoast SEO Premium plugin. -->","yoast_head_json":{"title":"Transfer de domicile dans le canton du Tessin | Droit des migrations, droit des soci\u00e9t\u00e9s et fiscalit\u00e9 | Lindemann Law","description":"Transfer de domicile dans le canton du TessinD\u00e9couvrez les avantages d'un transfert de domicile dans le canton du Tessin. LINDEMANNLAW conseille les Particuliers, les familles et les entrepreneurs en mati\u00e8re de droit des migrations, de droit des soci\u00e9t\u00e9s et de fiscalit\u00e9 en Suisse.","robots":{"index":"index","follow":"follow","max-snippet":"max-snippet:-1","max-image-preview":"max-image-preview:large","max-video-preview":"max-video-preview:-1"},"canonical":"https:\/\/lindemannlaw.ch\/fr\/relocation-to-the-canton-of-ticino-migration-law-corporate-law-and-tax\/","og_locale":"fr_FR","og_type":"article","og_title":"Transfer de domicile dans le canton du Tessin | Droit des migrations, droit des soci\u00e9t\u00e9s et fiscalit\u00e9","og_description":"Transfer de domicile dans le canton du TessinD\u00e9couvrez les avantages d'un transfert de domicile dans le canton du Tessin. LINDEMANNLAW conseille les Particuliers, les familles et les entrepreneurs en mati\u00e8re de droit des migrations, de droit des soci\u00e9t\u00e9s et de fiscalit\u00e9 en Suisse.","og_url":"https:\/\/lindemannlaw.ch\/fr\/relocation-to-the-canton-of-ticino-migration-law-corporate-law-and-tax\/","og_site_name":"Lindemann Law","article_modified_time":"2025-09-05T13:05:46+00:00","og_image":[{"width":1600,"height":900,"url":"https:\/\/lindemannlaw.ch\/wp-content\/uploads\/2025\/07\/ticino.webp","type":"image\/webp"}],"twitter_card":"summary_large_image","twitter_site":"@Lindemann_law","twitter_misc":{"Dur\u00e9e de lecture estim\u00e9e":"3 minutes"},"schema":{"@context":"https:\/\/schema.org","@graph":[{"@type":"WebPage","@id":"https:\/\/lindemannlaw.ch\/fr\/relocation-to-the-canton-of-ticino-migration-law-corporate-law-and-tax\/","url":"https:\/\/lindemannlaw.ch\/fr\/relocation-to-the-canton-of-ticino-migration-law-corporate-law-and-tax\/","name":"Transfer de domicile dans le canton du Tessin | Droit des migrations, droit des soci\u00e9t\u00e9s et fiscalit\u00e9 | Lindemann Law","isPartOf":{"@id":"https:\/\/lindemannlaw.ch\/fr\/#website"},"primaryImageOfPage":{"@id":"https:\/\/lindemannlaw.ch\/fr\/relocation-to-the-canton-of-ticino-migration-law-corporate-law-and-tax\/#primaryimage"},"image":{"@id":"https:\/\/lindemannlaw.ch\/fr\/relocation-to-the-canton-of-ticino-migration-law-corporate-law-and-tax\/#primaryimage"},"thumbnailUrl":"https:\/\/lindemannlaw.ch\/wp-content\/uploads\/2025\/07\/ticino.webp","datePublished":"2025-07-10T09:27:03+00:00","dateModified":"2025-09-05T13:05:46+00:00","description":"Transfer de domicile dans le canton du TessinD\u00e9couvrez les avantages d'un transfert de domicile dans le canton du Tessin. LINDEMANNLAW conseille les Particuliers, les familles et les entrepreneurs en mati\u00e8re de droit des migrations, de droit des soci\u00e9t\u00e9s et de fiscalit\u00e9 en Suisse.","breadcrumb":{"@id":"https:\/\/lindemannlaw.ch\/fr\/relocation-to-the-canton-of-ticino-migration-law-corporate-law-and-tax\/#breadcrumb"},"inLanguage":"fr-FR","potentialAction":[{"@type":"ReadAction","target":["https:\/\/lindemannlaw.ch\/fr\/relocation-to-the-canton-of-ticino-migration-law-corporate-law-and-tax\/"]}]},{"@type":"ImageObject","inLanguage":"fr-FR","@id":"https:\/\/lindemannlaw.ch\/fr\/relocation-to-the-canton-of-ticino-migration-law-corporate-law-and-tax\/#primaryimage","url":"https:\/\/lindemannlaw.ch\/wp-content\/uploads\/2025\/07\/ticino.webp","contentUrl":"https:\/\/lindemannlaw.ch\/wp-content\/uploads\/2025\/07\/ticino.webp","width":1600,"height":900},{"@type":"BreadcrumbList","@id":"https:\/\/lindemannlaw.ch\/fr\/relocation-to-the-canton-of-ticino-migration-law-corporate-law-and-tax\/#breadcrumb","itemListElement":[{"@type":"ListItem","position":1,"name":"Home","item":"https:\/\/lindemannlaw.ch\/fr\/"},{"@type":"ListItem","position":2,"name":"Transfer de domicile dans le canton du Tessin | Droit des migrations, droit des soci\u00e9t\u00e9s et fiscalit\u00e9"}]},{"@type":"WebSite","@id":"https:\/\/lindemannlaw.ch\/fr\/#website","url":"https:\/\/lindemannlaw.ch\/fr\/","name":"Lindemann Law","description":"Asset Management legal services","publisher":{"@id":"https:\/\/lindemannlaw.ch\/fr\/#organization"},"potentialAction":[{"@type":"SearchAction","target":{"@type":"EntryPoint","urlTemplate":"https:\/\/lindemannlaw.ch\/fr\/?s={search_term_string}"},"query-input":{"@type":"PropertyValueSpecification","valueRequired":true,"valueName":"search_term_string"}}],"inLanguage":"fr-FR"},{"@type":"Organization","@id":"https:\/\/lindemannlaw.ch\/fr\/#organization","name":"Lindemann Law","url":"https:\/\/lindemannlaw.ch\/fr\/","logo":{"@type":"ImageObject","inLanguage":"fr-FR","@id":"https:\/\/lindemannlaw.ch\/fr\/#\/schema\/logo\/image\/","url":"https:\/\/lindemannlaw.ch\/wp-content\/uploads\/2021\/01\/logo-lindemannlaw_cropped.png","contentUrl":"https:\/\/lindemannlaw.ch\/wp-content\/uploads\/2021\/01\/logo-lindemannlaw_cropped.png","width":150,"height":73,"caption":"Lindemann Law"},"image":{"@id":"https:\/\/lindemannlaw.ch\/fr\/#\/schema\/logo\/image\/"},"sameAs":["https:\/\/x.com\/Lindemann_law","https:\/\/www.linkedin.com\/company\/lindemannlaw\/"]}]}},"_links":{"self":[{"href":"https:\/\/lindemannlaw.ch\/fr\/wp-json\/wp\/v2\/pages\/22850","targetHints":{"allow":["GET"]}}],"collection":[{"href":"https:\/\/lindemannlaw.ch\/fr\/wp-json\/wp\/v2\/pages"}],"about":[{"href":"https:\/\/lindemannlaw.ch\/fr\/wp-json\/wp\/v2\/types\/page"}],"author":[{"embeddable":true,"href":"https:\/\/lindemannlaw.ch\/fr\/wp-json\/wp\/v2\/users\/19"}],"replies":[{"embeddable":true,"href":"https:\/\/lindemannlaw.ch\/fr\/wp-json\/wp\/v2\/comments?post=22850"}],"version-history":[{"count":0,"href":"https:\/\/lindemannlaw.ch\/fr\/wp-json\/wp\/v2\/pages\/22850\/revisions"}],"wp:featuredmedia":[{"embeddable":true,"href":"https:\/\/lindemannlaw.ch\/fr\/wp-json\/wp\/v2\/media\/21999"}],"wp:attachment":[{"href":"https:\/\/lindemannlaw.ch\/fr\/wp-json\/wp\/v2\/media?parent=22850"}],"wp:term":[{"taxonomy":"related_contact","embeddable":true,"href":"https:\/\/lindemannlaw.ch\/fr\/wp-json\/wp\/v2\/related_contact?post=22850"},{"taxonomy":"expertise","embeddable":true,"href":"https:\/\/lindemannlaw.ch\/fr\/wp-json\/wp\/v2\/expertise?post=22850"},{"taxonomy":"webparts","embeddable":true,"href":"https:\/\/lindemannlaw.ch\/fr\/wp-json\/wp\/v2\/webparts?post=22850"},{"taxonomy":"page_type","embeddable":true,"href":"https:\/\/lindemannlaw.ch\/fr\/wp-json\/wp\/v2\/page_type?post=22850"}],"curies":[{"name":"wp","href":"https:\/\/api.w.org\/{rel}","templated":true}]}}