{"id":22851,"date":"2025-07-03T08:17:41","date_gmt":"2025-07-03T07:17:41","guid":{"rendered":"https:\/\/lindemannlaw.ch\/relocation-to-the-canton-of-geneva-migration-law-corporate-law-and-tax\/"},"modified":"2025-09-05T14:05:45","modified_gmt":"2025-09-05T13:05:45","slug":"relocation-to-the-canton-of-geneva-migration-law-corporate-law-and-tax","status":"publish","type":"page","link":"https:\/\/lindemannlaw.ch\/fr\/relocation-to-the-canton-of-geneva-migration-law-corporate-law-and-tax\/","title":{"rendered":"Transfer de domicile dans le canton de Gen\u00e8ve | Droit des migrations, droit des soci\u00e9t\u00e9s et fiscalit\u00e9"},"content":{"rendered":"<h3><img fetchpriority=\"high\" decoding=\"async\" class=\"wp-image-21647 alignleft\" src=\"https:\/\/lindemannlaw.ch\/wp-content\/uploads\/2025\/07\/genf-flag-237x300.png\" alt=\"\" width=\"200\" height=\"253\" srcset=\"https:\/\/lindemannlaw.ch\/wp-content\/uploads\/2025\/07\/genf-flag-237x300.png 237w, https:\/\/lindemannlaw.ch\/wp-content\/uploads\/2025\/07\/genf-flag.png 474w\" sizes=\"(max-width: 200px) 100vw, 200px\" \/>Vue d&rsquo;ensemble<\/h3>\n<p>Le canton de Gen\u00e8ve, situ\u00e9 \u00e0 l&rsquo;extr\u00e9mit\u00e9 sud-ouest de la Suisse, est un centre international majeur. Avec environ 520 000 habitants (2023), la ville de Gen\u00e8ve est \u00e0 la fois la capitale diplomatique cantonale et internationale, accueillant de nombreuses organisations mondiales, dont les Nations Unies et l&rsquo;Organisation mondiale de la sant\u00e9. <\/p>\n<h3>Forces \u00e9conomiques et infrastructure<\/h3>\n<p><strong>PIB<\/strong>: L&rsquo;un des cantons de Suisse dont le PIB par habitant est le plus \u00e9lev\u00e9, gr\u00e2ce \u00e0 son r\u00f4le mondial et \u00e0 la diversit\u00e9 de son \u00e9conomie.<br \/>\n\u2714 <strong>Principaux secteurs d&rsquo;activit\u00e9<\/strong>: Finance, n\u00e9goce de mati\u00e8res premi\u00e8res, banque priv\u00e9e, horlogerie de pr\u00e9cision, TIC, biotechnologies, technologies propres et services internationaux.<br \/>\n\u2714 <strong>Formation et recherche<\/strong>: Universit\u00e9 de Gen\u00e8ve, Haute \u00e9cole de gestion de Gen\u00e8ve, et de nombreuses \u00e9coles et instituts de recherche internationaux.<br \/>\n\u2714 <strong>Transport et connectivit\u00e9<\/strong>: L&rsquo;a\u00e9roport international de Gen\u00e8ve est reli\u00e9 \u00e0 plus de 140 destinations ; Gen\u00e8ve est un n\u0153ud ferroviaire europ\u00e9en cl\u00e9 et dispose d&rsquo;un acc\u00e8s autoroutier direct vers la France et au-del\u00e0.<\/p>\n<h3>Fiscalit\u00e9<\/h3>\n<p><strong>Personnes morales : <\/strong>Les personnes morales sont soumises \u00e0 un imp\u00f4t sur le revenu des soci\u00e9t\u00e9s au taux de 14,7 % et \u00e0 un imp\u00f4t sur le capital de 0,6 % sur les capitaux propres imposables. L&rsquo;imp\u00f4t sur le capital est compens\u00e9 par l&rsquo;imp\u00f4t sur le revenu des soci\u00e9t\u00e9s. Ainsi, si l&rsquo;imp\u00f4t sur le revenu des soci\u00e9t\u00e9s est sup\u00e9rieur \u00e0 l&rsquo;imp\u00f4t sur le capital, ce dernier n&rsquo;est pas d\u00fb. Les dividendes et les gains en capital provenant d&rsquo;une participation qualifi\u00e9e sont exon\u00e9r\u00e9s de l&rsquo;imp\u00f4t sur les soci\u00e9t\u00e9s en raison de l&rsquo;exon\u00e9ration de la participation.   <\/p>\n<p><strong>Particuliers<\/strong>: Les particuliers sont soumis \u00e0 un imp\u00f4t sur le revenu progressif, le taux d&rsquo;imposition effectif le plus \u00e9lev\u00e9 se situant entre 41,5 % (Collonge-Bellerive) et 44,7 % (Gen\u00e8ve). Les gains en capital priv\u00e9s sont exon\u00e9r\u00e9s d&rsquo;imp\u00f4t et les dividendes provenant de participations qualifi\u00e9es sont impos\u00e9s avec un abattement de 30 % au niveau cantonal et f\u00e9d\u00e9ral. Par cons\u00e9quent, selon la structure des revenus, le taux d&rsquo;imposition effectif peut \u00eatre nettement inf\u00e9rieur au taux d&rsquo;imposition effectif maximal. Le canton pr\u00e9l\u00e8ve l&rsquo;imp\u00f4t sur la fortune sur la fortune nette d&rsquo;un particulier. Il existe un r\u00e9gime d&rsquo;imposition forfaitaire.    <\/p>\n<h3>Soutien des pouvoirs publics \u00e0 l&rsquo;implantation des entreprises<\/h3>\n<p><a href=\"https:\/\/www.ge.ch\/organisation\/departement-economie-emploi-dee\" target=\"_blank\" rel=\"noopener\"><img decoding=\"async\" class=\"wp-image-21848 alignleft\" src=\"https:\/\/lindemannlaw.ch\/wp-content\/uploads\/2025\/07\/geneva-economic-development-office-logo2.png\" alt=\"\" width=\"150\" height=\"116\"><\/a>\u2714 O <strong>ffice de d\u00e9veloppement \u00e9conomique de Gen\u00e8ve (DG DERI)<\/strong><br \/>\nFournit une assistance compl\u00e8te aux investisseurs et aux entreprises, notamment en ce qui concerne les permis, la s\u00e9lection des sites et les r\u00e9seaux d&rsquo;affaires.<br \/>\n<a href=\"https:\/\/www.ge.ch\/organisation\/departement-economie-emploi-dee\" target=\"_blank\" rel=\"noopener\">En savoir plus<\/a><\/p>\n<p>&nbsp;<\/p>\n<p><a href=\"https:\/\/www.ggba-switzerland.ch\/en\/\" target=\"_blank\" rel=\"noopener\"><img decoding=\"async\" class=\"wp-image-21780 alignleft\" src=\"https:\/\/lindemannlaw.ch\/wp-content\/uploads\/2025\/07\/greater-bern-area-logo-e1751901402815.jpg\" alt=\"\" width=\"150\" height=\"66\" srcset=\"https:\/\/lindemannlaw.ch\/wp-content\/uploads\/2025\/07\/greater-bern-area-logo-e1751901402815.jpg 400w, https:\/\/lindemannlaw.ch\/wp-content\/uploads\/2025\/07\/greater-bern-area-logo-e1751901402815-300x131.jpg 300w\" sizes=\"(max-width: 150px) 100vw, 150px\" \/><\/a>\u2714 <strong>Greater Geneva Bern area (GGBa)<\/strong><br \/>\nAgence r\u00e9gionale soutenant les entreprises \u00e9trang\u00e8res par l&rsquo;entr\u00e9e sur le march\u00e9, les services de localisation et les contacts dans les secteurs cl\u00e9s.<br \/>\n<a href=\"https:\/\/www.ggba-switzerland.ch\/en\/\" target=\"_blank\" rel=\"noopener\">En savoir plus<\/a><\/p>\n<p><a href=\"https:\/\/www.campusbiotech.ch\/en\" target=\"_blank\" rel=\"noopener\"><img loading=\"lazy\" decoding=\"async\" class=\"alignleft wp-image-21853\" src=\"https:\/\/lindemannlaw.ch\/wp-content\/uploads\/2025\/07\/campus-biotech-logo-300x213.jpg\" alt=\"\" width=\"150\" height=\"106\" srcset=\"https:\/\/lindemannlaw.ch\/wp-content\/uploads\/2025\/07\/campus-biotech-logo-300x213.jpg 300w, https:\/\/lindemannlaw.ch\/wp-content\/uploads\/2025\/07\/campus-biotech-logo.jpg 696w\" sizes=\"(max-width: 150px) 100vw, 150px\" \/><\/a>\u2714 <strong>Campus Biotech \/ Centres d&rsquo;innovation<\/strong><br \/>\nSoutient les start-ups et les entreprises dans les domaines des sciences de la vie, des technologies de l&rsquo;information et de l&rsquo;ing\u00e9nierie par le biais de partenariats de recherche et d&rsquo;installations.<br \/>\n<a href=\"https:\/\/www.campusbiotech.ch\/en\" target=\"_blank\" rel=\"noopener\">En savoir plus<\/a><\/p>\n<h3><\/h3>\n<h3>Avantages suppl\u00e9mentaires<\/h3>\n<p>\u2714 Un cadre juridique transparent et une rationalisation de l&rsquo;enregistrement des entreprises.<br \/>\n\u2714 Des infrastructures de classe mondiale, une attention particuli\u00e8re \u00e0 la durabilit\u00e9, une \u00e9nergie fiable et des r\u00e9seaux num\u00e9riques.<br \/>\nUne qualit\u00e9 de vie exceptionnelle gr\u00e2ce \u00e0 la diversit\u00e9 culturelle, \u00e0 la communaut\u00e9 internationale et \u00e0 l&rsquo;acc\u00e8s \u00e0 des \u00e9coles internationales.<\/p>\n<h3>Liens officiels utiles<\/h3>\n<ul>\n<li><a href=\"https:\/\/www.ge.ch\/organisation\/departement-economie-emploi-dee\" target=\"_blank\" rel=\"noopener\">Bureau de d\u00e9veloppement \u00e9conomique de Gen\u00e8ve<\/a><\/li>\n<li><a href=\"https:\/\/www.ggba-switzerland.ch\/en\/\" target=\"_blank\" rel=\"noopener\">R\u00e9gion du Grand Gen\u00e8ve Berne (GGBa)<\/a><\/li>\n<li><a href=\"https:\/\/www.campusbiotech.ch\/en\" target=\"_blank\" rel=\"noopener\">Campus Biotech<\/a><\/li>\n<li><a href=\"https:\/\/www.kmu.admin.ch\/kmu\/en\/home\/concrete-know-how\/setting-up-sme\/starting-business.html\" target=\"_blank\" rel=\"noopener\">Cr\u00e9er une entreprise en Suisse (Portail PME de la Conf\u00e9d\u00e9ration)<\/a><\/li>\n<\/ul>\n<p>Le canton de Gen\u00e8ve offre une connectivit\u00e9 internationale in\u00e9gal\u00e9e, une \u00e9conomie dynamique et un environnement favorable aux entreprises. <strong>LINDEMANNLAW<\/strong> vous fournit des conseils d&rsquo;experts pour votre relocalisation, l&rsquo;installation de votre entreprise, le droit de la migration, la strat\u00e9gie fiscale et la conformit\u00e9 r\u00e9glementaire \u00e0 Gen\u00e8ve.<\/p>\n","protected":false},"excerpt":{"rendered":"<p>Vue d&rsquo;ensemble Le canton de Gen\u00e8ve, situ\u00e9 \u00e0 l&rsquo;extr\u00e9mit\u00e9 sud-ouest de la Suisse, est un centre international majeur. Avec environ 520 000 habitants (2023), la ville de Gen\u00e8ve est \u00e0 la fois la capitale diplomatique cantonale et internationale, accueillant de nombreuses organisations mondiales, dont les Nations Unies et l&rsquo;Organisation mondiale de la sant\u00e9. Forces \u00e9conomiques [&hellip;]<\/p>\n","protected":false},"author":19,"featured_media":21653,"parent":0,"menu_order":0,"comment_status":"closed","ping_status":"closed","template":"","meta":{"_acf_changed":false,"site-sidebar-layout":"default","site-content-layout":"","ast-site-content-layout":"default","site-content-style":"default","site-sidebar-style":"default","ast-global-header-display":"","ast-banner-title-visibility":"","ast-main-header-display":"","ast-hfb-above-header-display":"","ast-hfb-below-header-display":"","ast-hfb-mobile-header-display":"","site-post-title":"","ast-breadcrumbs-content":"","ast-featured-img":"","footer-sml-layout":"","ast-disable-related-posts":"","theme-transparent-header-meta":"default","adv-header-id-meta":"","stick-header-meta":"","header-above-stick-meta":"","header-main-stick-meta":"","header-below-stick-meta":"","astra-migrate-meta-layouts":"default","ast-page-background-enabled":"default","ast-page-background-meta":{"desktop":{"background-color":"var(--ast-global-color-4)","background-image":"","background-repeat":"repeat","background-position":"center center","background-size":"auto","background-attachment":"scroll","background-type":"","background-media":"","overlay-type":"","overlay-color":"","overlay-opacity":"","overlay-gradient":""},"tablet":{"background-color":"","background-image":"","background-repeat":"repeat","background-position":"center center","background-size":"auto","background-attachment":"scroll","background-type":"","background-media":"","overlay-type":"","overlay-color":"","overlay-opacity":"","overlay-gradient":""},"mobile":{"background-color":"","background-image":"","background-repeat":"repeat","background-position":"center center","background-size":"auto","background-attachment":"scroll","background-type":"","background-media":"","overlay-type":"","overlay-color":"","overlay-opacity":"","overlay-gradient":""}},"ast-content-background-meta":{"desktop":{"background-color":"var(--ast-global-color-5)","background-image":"","background-repeat":"repeat","background-position":"center center","background-size":"auto","background-attachment":"scroll","background-type":"","background-media":"","overlay-type":"","overlay-color":"","overlay-opacity":"","overlay-gradient":""},"tablet":{"background-color":"var(--ast-global-color-5)","background-image":"","background-repeat":"repeat","background-position":"center center","background-size":"auto","background-attachment":"scroll","background-type":"","background-media":"","overlay-type":"","overlay-color":"","overlay-opacity":"","overlay-gradient":""},"mobile":{"background-color":"var(--ast-global-color-5)","background-image":"","background-repeat":"repeat","background-position":"center center","background-size":"auto","background-attachment":"scroll","background-type":"","background-media":"","overlay-type":"","overlay-color":"","overlay-opacity":"","overlay-gradient":""}},"footnotes":""},"related_contact":[201,438,424],"expertise":[191,361],"webparts":[],"page_type":[],"class_list":["post-22851","page","type-page","status-publish","has-post-thumbnail","hentry"],"acf":[],"yoast_head":"<!-- This site is optimized with the Yoast SEO Premium plugin v27.4 (Yoast SEO v27.4) - https:\/\/yoast.com\/product\/yoast-seo-premium-wordpress\/ -->\n<title>Transfer de domicile dans le canton de Gen\u00e8ve | Droit des migrations, droit des soci\u00e9t\u00e9s et fiscalit\u00e9 | Lindemann Law<\/title>\n<meta name=\"description\" content=\"D\u00e9couvrez les avantages d&#039;une relocalisation dans le canton de Gen\u00e8ve. Chez LINDEMANNLAW, nous vous accompagnons dans vos d\u00e9marches de relocalisation, de droit de la migration, de droit des soci\u00e9t\u00e9s, de fiscalit\u00e9 et de conformit\u00e9 l\u00e9gale, afin d&#039;assurer votre succ\u00e8s en Suisse.\" \/>\n<meta name=\"robots\" content=\"index, follow, max-snippet:-1, max-image-preview:large, max-video-preview:-1\" \/>\n<link rel=\"canonical\" href=\"https:\/\/lindemannlaw.ch\/fr\/relocation-to-the-canton-of-geneva-migration-law-corporate-law-and-tax\/\" \/>\n<meta property=\"og:locale\" content=\"fr_FR\" \/>\n<meta property=\"og:type\" content=\"article\" \/>\n<meta property=\"og:title\" content=\"Transfer de domicile dans le canton de Gen\u00e8ve | Droit des migrations, droit des soci\u00e9t\u00e9s et fiscalit\u00e9\" \/>\n<meta property=\"og:description\" content=\"D\u00e9couvrez les avantages d&#039;une relocalisation dans le canton de Gen\u00e8ve. Chez LINDEMANNLAW, nous vous accompagnons dans vos d\u00e9marches de relocalisation, de droit de la migration, de droit des soci\u00e9t\u00e9s, de fiscalit\u00e9 et de conformit\u00e9 l\u00e9gale, afin d&#039;assurer votre succ\u00e8s en Suisse.\" \/>\n<meta property=\"og:url\" content=\"https:\/\/lindemannlaw.ch\/fr\/relocation-to-the-canton-of-geneva-migration-law-corporate-law-and-tax\/\" \/>\n<meta property=\"og:site_name\" content=\"Lindemann Law\" \/>\n<meta property=\"article:modified_time\" content=\"2025-09-05T13:05:45+00:00\" \/>\n<meta property=\"og:image\" content=\"https:\/\/lindemannlaw.ch\/wp-content\/uploads\/2025\/07\/genf.webp\" \/>\n\t<meta property=\"og:image:width\" content=\"1920\" \/>\n\t<meta property=\"og:image:height\" content=\"1080\" \/>\n\t<meta property=\"og:image:type\" content=\"image\/webp\" \/>\n<meta name=\"twitter:card\" content=\"summary_large_image\" \/>\n<meta name=\"twitter:site\" content=\"@Lindemann_law\" \/>\n<meta name=\"twitter:label1\" content=\"Dur\u00e9e de lecture estim\u00e9e\" \/>\n\t<meta name=\"twitter:data1\" content=\"3 minutes\" \/>\n<script type=\"application\/ld+json\" class=\"yoast-schema-graph\">{\"@context\":\"https:\\\/\\\/schema.org\",\"@graph\":[{\"@type\":\"WebPage\",\"@id\":\"https:\\\/\\\/lindemannlaw.ch\\\/fr\\\/relocation-to-the-canton-of-geneva-migration-law-corporate-law-and-tax\\\/\",\"url\":\"https:\\\/\\\/lindemannlaw.ch\\\/fr\\\/relocation-to-the-canton-of-geneva-migration-law-corporate-law-and-tax\\\/\",\"name\":\"Transfer de domicile dans le canton de Gen\u00e8ve | Droit des migrations, droit des soci\u00e9t\u00e9s et fiscalit\u00e9 | Lindemann Law\",\"isPartOf\":{\"@id\":\"https:\\\/\\\/lindemannlaw.ch\\\/fr\\\/#website\"},\"primaryImageOfPage\":{\"@id\":\"https:\\\/\\\/lindemannlaw.ch\\\/fr\\\/relocation-to-the-canton-of-geneva-migration-law-corporate-law-and-tax\\\/#primaryimage\"},\"image\":{\"@id\":\"https:\\\/\\\/lindemannlaw.ch\\\/fr\\\/relocation-to-the-canton-of-geneva-migration-law-corporate-law-and-tax\\\/#primaryimage\"},\"thumbnailUrl\":\"https:\\\/\\\/lindemannlaw.ch\\\/wp-content\\\/uploads\\\/2025\\\/07\\\/genf.webp\",\"datePublished\":\"2025-07-03T07:17:41+00:00\",\"dateModified\":\"2025-09-05T13:05:45+00:00\",\"description\":\"D\u00e9couvrez les avantages d'une relocalisation dans le canton de Gen\u00e8ve. Chez LINDEMANNLAW, nous vous accompagnons dans vos d\u00e9marches de relocalisation, de droit de la migration, de droit des soci\u00e9t\u00e9s, de fiscalit\u00e9 et de conformit\u00e9 l\u00e9gale, afin d'assurer votre succ\u00e8s en Suisse.\",\"breadcrumb\":{\"@id\":\"https:\\\/\\\/lindemannlaw.ch\\\/fr\\\/relocation-to-the-canton-of-geneva-migration-law-corporate-law-and-tax\\\/#breadcrumb\"},\"inLanguage\":\"fr-FR\",\"potentialAction\":[{\"@type\":\"ReadAction\",\"target\":[\"https:\\\/\\\/lindemannlaw.ch\\\/fr\\\/relocation-to-the-canton-of-geneva-migration-law-corporate-law-and-tax\\\/\"]}]},{\"@type\":\"ImageObject\",\"inLanguage\":\"fr-FR\",\"@id\":\"https:\\\/\\\/lindemannlaw.ch\\\/fr\\\/relocation-to-the-canton-of-geneva-migration-law-corporate-law-and-tax\\\/#primaryimage\",\"url\":\"https:\\\/\\\/lindemannlaw.ch\\\/wp-content\\\/uploads\\\/2025\\\/07\\\/genf.webp\",\"contentUrl\":\"https:\\\/\\\/lindemannlaw.ch\\\/wp-content\\\/uploads\\\/2025\\\/07\\\/genf.webp\",\"width\":1920,\"height\":1080},{\"@type\":\"BreadcrumbList\",\"@id\":\"https:\\\/\\\/lindemannlaw.ch\\\/fr\\\/relocation-to-the-canton-of-geneva-migration-law-corporate-law-and-tax\\\/#breadcrumb\",\"itemListElement\":[{\"@type\":\"ListItem\",\"position\":1,\"name\":\"Home\",\"item\":\"https:\\\/\\\/lindemannlaw.ch\\\/fr\\\/\"},{\"@type\":\"ListItem\",\"position\":2,\"name\":\"Transfer de domicile dans le canton de Gen\u00e8ve | Droit des migrations, droit des soci\u00e9t\u00e9s et fiscalit\u00e9\"}]},{\"@type\":\"WebSite\",\"@id\":\"https:\\\/\\\/lindemannlaw.ch\\\/fr\\\/#website\",\"url\":\"https:\\\/\\\/lindemannlaw.ch\\\/fr\\\/\",\"name\":\"Lindemann Law\",\"description\":\"Asset Management legal services\",\"publisher\":{\"@id\":\"https:\\\/\\\/lindemannlaw.ch\\\/fr\\\/#organization\"},\"potentialAction\":[{\"@type\":\"SearchAction\",\"target\":{\"@type\":\"EntryPoint\",\"urlTemplate\":\"https:\\\/\\\/lindemannlaw.ch\\\/fr\\\/?s={search_term_string}\"},\"query-input\":{\"@type\":\"PropertyValueSpecification\",\"valueRequired\":true,\"valueName\":\"search_term_string\"}}],\"inLanguage\":\"fr-FR\"},{\"@type\":\"Organization\",\"@id\":\"https:\\\/\\\/lindemannlaw.ch\\\/fr\\\/#organization\",\"name\":\"Lindemann Law\",\"url\":\"https:\\\/\\\/lindemannlaw.ch\\\/fr\\\/\",\"logo\":{\"@type\":\"ImageObject\",\"inLanguage\":\"fr-FR\",\"@id\":\"https:\\\/\\\/lindemannlaw.ch\\\/fr\\\/#\\\/schema\\\/logo\\\/image\\\/\",\"url\":\"https:\\\/\\\/lindemannlaw.ch\\\/wp-content\\\/uploads\\\/2021\\\/01\\\/logo-lindemannlaw_cropped.png\",\"contentUrl\":\"https:\\\/\\\/lindemannlaw.ch\\\/wp-content\\\/uploads\\\/2021\\\/01\\\/logo-lindemannlaw_cropped.png\",\"width\":150,\"height\":73,\"caption\":\"Lindemann Law\"},\"image\":{\"@id\":\"https:\\\/\\\/lindemannlaw.ch\\\/fr\\\/#\\\/schema\\\/logo\\\/image\\\/\"},\"sameAs\":[\"https:\\\/\\\/x.com\\\/Lindemann_law\",\"https:\\\/\\\/www.linkedin.com\\\/company\\\/lindemannlaw\\\/\"]}]}<\/script>\n<!-- \/ Yoast SEO Premium plugin. -->","yoast_head_json":{"title":"Transfer de domicile dans le canton de Gen\u00e8ve | Droit des migrations, droit des soci\u00e9t\u00e9s et fiscalit\u00e9 | Lindemann Law","description":"D\u00e9couvrez les avantages d'une relocalisation dans le canton de Gen\u00e8ve. Chez LINDEMANNLAW, nous vous accompagnons dans vos d\u00e9marches de relocalisation, de droit de la migration, de droit des soci\u00e9t\u00e9s, de fiscalit\u00e9 et de conformit\u00e9 l\u00e9gale, afin d'assurer votre succ\u00e8s en Suisse.","robots":{"index":"index","follow":"follow","max-snippet":"max-snippet:-1","max-image-preview":"max-image-preview:large","max-video-preview":"max-video-preview:-1"},"canonical":"https:\/\/lindemannlaw.ch\/fr\/relocation-to-the-canton-of-geneva-migration-law-corporate-law-and-tax\/","og_locale":"fr_FR","og_type":"article","og_title":"Transfer de domicile dans le canton de Gen\u00e8ve | Droit des migrations, droit des soci\u00e9t\u00e9s et fiscalit\u00e9","og_description":"D\u00e9couvrez les avantages d'une relocalisation dans le canton de Gen\u00e8ve. Chez LINDEMANNLAW, nous vous accompagnons dans vos d\u00e9marches de relocalisation, de droit de la migration, de droit des soci\u00e9t\u00e9s, de fiscalit\u00e9 et de conformit\u00e9 l\u00e9gale, afin d'assurer votre succ\u00e8s en Suisse.","og_url":"https:\/\/lindemannlaw.ch\/fr\/relocation-to-the-canton-of-geneva-migration-law-corporate-law-and-tax\/","og_site_name":"Lindemann Law","article_modified_time":"2025-09-05T13:05:45+00:00","og_image":[{"width":1920,"height":1080,"url":"https:\/\/lindemannlaw.ch\/wp-content\/uploads\/2025\/07\/genf.webp","type":"image\/webp"}],"twitter_card":"summary_large_image","twitter_site":"@Lindemann_law","twitter_misc":{"Dur\u00e9e de lecture estim\u00e9e":"3 minutes"},"schema":{"@context":"https:\/\/schema.org","@graph":[{"@type":"WebPage","@id":"https:\/\/lindemannlaw.ch\/fr\/relocation-to-the-canton-of-geneva-migration-law-corporate-law-and-tax\/","url":"https:\/\/lindemannlaw.ch\/fr\/relocation-to-the-canton-of-geneva-migration-law-corporate-law-and-tax\/","name":"Transfer de domicile dans le canton de Gen\u00e8ve | Droit des migrations, droit des soci\u00e9t\u00e9s et fiscalit\u00e9 | Lindemann Law","isPartOf":{"@id":"https:\/\/lindemannlaw.ch\/fr\/#website"},"primaryImageOfPage":{"@id":"https:\/\/lindemannlaw.ch\/fr\/relocation-to-the-canton-of-geneva-migration-law-corporate-law-and-tax\/#primaryimage"},"image":{"@id":"https:\/\/lindemannlaw.ch\/fr\/relocation-to-the-canton-of-geneva-migration-law-corporate-law-and-tax\/#primaryimage"},"thumbnailUrl":"https:\/\/lindemannlaw.ch\/wp-content\/uploads\/2025\/07\/genf.webp","datePublished":"2025-07-03T07:17:41+00:00","dateModified":"2025-09-05T13:05:45+00:00","description":"D\u00e9couvrez les avantages d'une relocalisation dans le canton de Gen\u00e8ve. Chez LINDEMANNLAW, nous vous accompagnons dans vos d\u00e9marches de relocalisation, de droit de la migration, de droit des soci\u00e9t\u00e9s, de fiscalit\u00e9 et de conformit\u00e9 l\u00e9gale, afin d'assurer votre succ\u00e8s en Suisse.","breadcrumb":{"@id":"https:\/\/lindemannlaw.ch\/fr\/relocation-to-the-canton-of-geneva-migration-law-corporate-law-and-tax\/#breadcrumb"},"inLanguage":"fr-FR","potentialAction":[{"@type":"ReadAction","target":["https:\/\/lindemannlaw.ch\/fr\/relocation-to-the-canton-of-geneva-migration-law-corporate-law-and-tax\/"]}]},{"@type":"ImageObject","inLanguage":"fr-FR","@id":"https:\/\/lindemannlaw.ch\/fr\/relocation-to-the-canton-of-geneva-migration-law-corporate-law-and-tax\/#primaryimage","url":"https:\/\/lindemannlaw.ch\/wp-content\/uploads\/2025\/07\/genf.webp","contentUrl":"https:\/\/lindemannlaw.ch\/wp-content\/uploads\/2025\/07\/genf.webp","width":1920,"height":1080},{"@type":"BreadcrumbList","@id":"https:\/\/lindemannlaw.ch\/fr\/relocation-to-the-canton-of-geneva-migration-law-corporate-law-and-tax\/#breadcrumb","itemListElement":[{"@type":"ListItem","position":1,"name":"Home","item":"https:\/\/lindemannlaw.ch\/fr\/"},{"@type":"ListItem","position":2,"name":"Transfer de domicile dans le canton de Gen\u00e8ve | Droit des migrations, droit des soci\u00e9t\u00e9s et fiscalit\u00e9"}]},{"@type":"WebSite","@id":"https:\/\/lindemannlaw.ch\/fr\/#website","url":"https:\/\/lindemannlaw.ch\/fr\/","name":"Lindemann Law","description":"Asset Management legal services","publisher":{"@id":"https:\/\/lindemannlaw.ch\/fr\/#organization"},"potentialAction":[{"@type":"SearchAction","target":{"@type":"EntryPoint","urlTemplate":"https:\/\/lindemannlaw.ch\/fr\/?s={search_term_string}"},"query-input":{"@type":"PropertyValueSpecification","valueRequired":true,"valueName":"search_term_string"}}],"inLanguage":"fr-FR"},{"@type":"Organization","@id":"https:\/\/lindemannlaw.ch\/fr\/#organization","name":"Lindemann Law","url":"https:\/\/lindemannlaw.ch\/fr\/","logo":{"@type":"ImageObject","inLanguage":"fr-FR","@id":"https:\/\/lindemannlaw.ch\/fr\/#\/schema\/logo\/image\/","url":"https:\/\/lindemannlaw.ch\/wp-content\/uploads\/2021\/01\/logo-lindemannlaw_cropped.png","contentUrl":"https:\/\/lindemannlaw.ch\/wp-content\/uploads\/2021\/01\/logo-lindemannlaw_cropped.png","width":150,"height":73,"caption":"Lindemann Law"},"image":{"@id":"https:\/\/lindemannlaw.ch\/fr\/#\/schema\/logo\/image\/"},"sameAs":["https:\/\/x.com\/Lindemann_law","https:\/\/www.linkedin.com\/company\/lindemannlaw\/"]}]}},"_links":{"self":[{"href":"https:\/\/lindemannlaw.ch\/fr\/wp-json\/wp\/v2\/pages\/22851","targetHints":{"allow":["GET"]}}],"collection":[{"href":"https:\/\/lindemannlaw.ch\/fr\/wp-json\/wp\/v2\/pages"}],"about":[{"href":"https:\/\/lindemannlaw.ch\/fr\/wp-json\/wp\/v2\/types\/page"}],"author":[{"embeddable":true,"href":"https:\/\/lindemannlaw.ch\/fr\/wp-json\/wp\/v2\/users\/19"}],"replies":[{"embeddable":true,"href":"https:\/\/lindemannlaw.ch\/fr\/wp-json\/wp\/v2\/comments?post=22851"}],"version-history":[{"count":0,"href":"https:\/\/lindemannlaw.ch\/fr\/wp-json\/wp\/v2\/pages\/22851\/revisions"}],"wp:featuredmedia":[{"embeddable":true,"href":"https:\/\/lindemannlaw.ch\/fr\/wp-json\/wp\/v2\/media\/21653"}],"wp:attachment":[{"href":"https:\/\/lindemannlaw.ch\/fr\/wp-json\/wp\/v2\/media?parent=22851"}],"wp:term":[{"taxonomy":"related_contact","embeddable":true,"href":"https:\/\/lindemannlaw.ch\/fr\/wp-json\/wp\/v2\/related_contact?post=22851"},{"taxonomy":"expertise","embeddable":true,"href":"https:\/\/lindemannlaw.ch\/fr\/wp-json\/wp\/v2\/expertise?post=22851"},{"taxonomy":"webparts","embeddable":true,"href":"https:\/\/lindemannlaw.ch\/fr\/wp-json\/wp\/v2\/webparts?post=22851"},{"taxonomy":"page_type","embeddable":true,"href":"https:\/\/lindemannlaw.ch\/fr\/wp-json\/wp\/v2\/page_type?post=22851"}],"curies":[{"name":"wp","href":"https:\/\/api.w.org\/{rel}","templated":true}]}}