{"id":22857,"date":"2025-07-09T13:26:05","date_gmt":"2025-07-09T12:26:05","guid":{"rendered":"https:\/\/lindemannlaw.ch\/relocation-to-the-canton-of-lucerne-migration-law-corporate-law-and-tax\/"},"modified":"2025-09-05T14:05:49","modified_gmt":"2025-09-05T13:05:49","slug":"relocation-to-the-canton-of-lucerne-migration-law-corporate-law-and-tax","status":"publish","type":"page","link":"https:\/\/lindemannlaw.ch\/fr\/relocation-to-the-canton-of-lucerne-migration-law-corporate-law-and-tax\/","title":{"rendered":"Transfer de domicile dans le canton de Lucerne | Droit des migrations, droit des soci\u00e9t\u00e9s et fiscalit\u00e9"},"content":{"rendered":"<h3><img fetchpriority=\"high\" decoding=\"async\" class=\"wp-image-21913 alignleft\" src=\"https:\/\/lindemannlaw.ch\/wp-content\/uploads\/2025\/07\/lucerne-flag-237x300.jpg\" alt=\"\" width=\"200\" height=\"253\" srcset=\"https:\/\/lindemannlaw.ch\/wp-content\/uploads\/2025\/07\/lucerne-flag-237x300.jpg 237w, https:\/\/lindemannlaw.ch\/wp-content\/uploads\/2025\/07\/lucerne-flag.jpg 474w\" sizes=\"(max-width: 200px) 100vw, 200px\" \/>Vue d&rsquo;ensemble<\/h3>\n<p>Le canton de Lucerne est situ\u00e9 dans le centre de la Suisse et est connu pour ses paysages pittoresques, son \u00e9conomie dynamique et son patrimoine culturel. Avec environ 420 000 habitants (2023), la ville de Lucerne est la capitale du canton et un centre d&rsquo;affaires et de tourisme important. Sa situation centrale offre un acc\u00e8s strat\u00e9gique aux principaux march\u00e9s suisses et europ\u00e9ens.  <\/p>\n<h3>Forces \u00e9conomiques et infrastructure<\/h3>\n<p><strong>PIB<\/strong>: Une \u00e9conomie dynamique avec un fort \u00e9quilibre entre la production industrielle, les services et le tourisme.<br \/>\n\u2714 <strong>Industries cl\u00e9s<\/strong>: Ing\u00e9nierie m\u00e9canique, instruments de pr\u00e9cision, TIC, logistique, tourisme et services financiers.<br \/>\n\u2714 <strong>Formation et recherche<\/strong>: La Haute \u00e9cole de Lucerne (HSLU) favorise l&rsquo;innovation dans les domaines de l&rsquo;ing\u00e9nierie, de l&rsquo;architecture, de l&rsquo;informatique et de l&rsquo;\u00e9conomie.<br \/>\n\u2714 <strong>Transport et connectivit\u00e9<\/strong>: Carrefour central avec d&rsquo;excellentes liaisons autorouti\u00e8res et ferroviaires vers Zurich, B\u00e2le, Berne et au-del\u00e0 ; \u00e0 proximit\u00e9 de l&rsquo;a\u00e9roport de Zurich.<\/p>\n<h3>Fiscalit\u00e9<\/h3>\n<p><strong>Personnes morales : <\/strong>Les personnes morales sont soumises \u00e0 un imp\u00f4t sur le revenu des soci\u00e9t\u00e9s au taux de 12,1 % (Lucerne) et \u00e0 un imp\u00f4t sur le capital de 0,175 % sur les fonds propres imposables. L&rsquo;imp\u00f4t sur le capital est compens\u00e9 par l&rsquo;imp\u00f4t sur le revenu des soci\u00e9t\u00e9s. Ainsi, si l&rsquo;imp\u00f4t sur le revenu des soci\u00e9t\u00e9s est sup\u00e9rieur \u00e0 l&rsquo;imp\u00f4t sur le capital, aucun imp\u00f4t sur le capital n&rsquo;est d\u00fb. Les dividendes et les gains en capital provenant d&rsquo;une participation qualifi\u00e9e sont exon\u00e9r\u00e9s de l&rsquo;imp\u00f4t sur les soci\u00e9t\u00e9s en raison de l&rsquo;exon\u00e9ration de la participation.   <\/p>\n<p><strong>Particuliers<\/strong>: Les Particuliers sont soumis \u00e0 un imp\u00f4t progressif sur le revenu, les taux d&rsquo;imposition effectifs les plus \u00e9lev\u00e9s se situant entre 25,75 % (Meggen) et 34,3 % (Altb\u00fcron). Les gains en capital priv\u00e9s sont exon\u00e9r\u00e9s d&rsquo;imp\u00f4t et les dividendes provenant de participations qualifi\u00e9es sont impos\u00e9s avec un abattement de 40 % au niveau cantonal et de 30 % au niveau f\u00e9d\u00e9ral. Par cons\u00e9quent, selon la structure des revenus, le taux d&rsquo;imposition effectif peut \u00eatre important. Le canton pr\u00e9l\u00e8ve l&rsquo;imp\u00f4t sur la fortune sur la fortune nette d&rsquo;un particulier. Il existe un r\u00e9gime d&rsquo;imposition forfaitaire.    <\/p>\n<h3>Soutien des pouvoirs publics \u00e0 l&rsquo;implantation des entreprises<\/h3>\n<p><a href=\"https:\/\/www.luzern-business.ch\/\" target=\"_blank\" rel=\"noopener\"><img decoding=\"async\" class=\"wp-image-21918 alignleft\" src=\"https:\/\/lindemannlaw.ch\/wp-content\/uploads\/2025\/07\/business-lucerne-%E2%80%93-economic-promotion-agency-300x95.webp\" alt=\"\" width=\"200\" height=\"63\"><\/a>\u2714 <strong>Business Lucerne &#8211; Agence de promotion \u00e9conomique<\/strong><br \/>\nApporte un soutien personnalis\u00e9 aux investisseurs, aux start-ups et aux entreprises internationales, notamment en mati\u00e8re de s\u00e9lection de sites, de proc\u00e9dures administratives et de mise en r\u00e9seau. <a href=\"https:\/\/www.luzern-business.ch\/\" target=\"_blank\" rel=\"noopener\">En savoir plus<\/a><\/p>\n<p><img decoding=\"async\" class=\"wp-image-21934 size-full alignleft\" src=\"https:\/\/lindemannlaw.ch\/wp-content\/uploads\/2025\/07\/technopark-luzern-logo2.jpg\" alt=\"\" width=\"200\" height=\"80\">\u2714 <strong>Technopark Luzern<\/strong><br \/>\nUne communaut\u00e9 d&rsquo;entrepreneurs, d&rsquo;innovateurs et de partenaires strat\u00e9giques qui travaillent ensemble pour stimuler l&rsquo;innovation en Suisse centrale. <a href=\"https:\/\/technopark-luzern.ch\/\">En savoir plus<\/a><\/p>\n<p>\u2714 <strong>Associations de d\u00e9veloppement r\u00e9gional<\/strong><br \/>\nLes agences locales apportent un soutien suppl\u00e9mentaire aux zones industrielles et aux groupements de PME.<\/p>\n<h3>Avantages suppl\u00e9mentaires<\/h3>\n<p>\u2714 Un syst\u00e8me juridique transparent et un environnement favorable aux entreprises.<br \/>\n\u2714 Une excellente infrastructure, une s\u00e9curit\u00e9 \u00e9nerg\u00e9tique \u00e9lev\u00e9e et des r\u00e9seaux num\u00e9riques solides.<br \/>\n\u2714 Une qualit\u00e9 de vie exceptionnelle : environnement pittoresque, attractions culturelles, \u00e9coles internationales et communaut\u00e9s ax\u00e9es sur la famille.<\/p>\n<h3>Liens officiels utiles<\/h3>\n<ul>\n<li><a href=\"https:\/\/www.luzern-business.ch\/\">Entreprise Lucerne<\/a><\/li>\n<li><a href=\"https:\/\/technopark-luzern.ch\/\">Technopark Luzern<\/a><\/li>\n<li><a href=\"https:\/\/www.kmu.admin.ch\/kmu\/en\/home\/concrete-know-how\/setting-up-sme\/starting-business.html\">Cr\u00e9er une entreprise en Suisse (Portail PME de la Conf\u00e9d\u00e9ration)<\/a><\/li>\n<\/ul>\n<p>Le canton de Lucerne offre un m\u00e9lange puissant de vitalit\u00e9 \u00e9conomique, de situation strat\u00e9gique et de niveau de vie \u00e9lev\u00e9 &#8211; id\u00e9al pour les entrepreneurs, les familles et les investisseurs. <strong>LINDEMANNLAW<\/strong> vous conseille en mati\u00e8re de droit des migrations, de droit des soci\u00e9t\u00e9s, de planification fiscale et pour toutes les questions juridiques li\u00e9es \u00e0 votre installation \u00e0 Lucerne.<\/p>\n","protected":false},"excerpt":{"rendered":"<p>Vue d&rsquo;ensemble Le canton de Lucerne est situ\u00e9 dans le centre de la Suisse et est connu pour ses paysages pittoresques, son \u00e9conomie dynamique et son patrimoine culturel. Avec environ 420 000 habitants (2023), la ville de Lucerne est la capitale du canton et un centre d&rsquo;affaires et de tourisme important. Sa situation centrale offre [&hellip;]<\/p>\n","protected":false},"author":19,"featured_media":21929,"parent":0,"menu_order":0,"comment_status":"closed","ping_status":"closed","template":"","meta":{"_acf_changed":false,"site-sidebar-layout":"default","site-content-layout":"","ast-site-content-layout":"default","site-content-style":"default","site-sidebar-style":"default","ast-global-header-display":"","ast-banner-title-visibility":"","ast-main-header-display":"","ast-hfb-above-header-display":"","ast-hfb-below-header-display":"","ast-hfb-mobile-header-display":"","site-post-title":"","ast-breadcrumbs-content":"","ast-featured-img":"","footer-sml-layout":"","ast-disable-related-posts":"","theme-transparent-header-meta":"default","adv-header-id-meta":"","stick-header-meta":"","header-above-stick-meta":"","header-main-stick-meta":"","header-below-stick-meta":"","astra-migrate-meta-layouts":"default","ast-page-background-enabled":"default","ast-page-background-meta":{"desktop":{"background-color":"var(--ast-global-color-4)","background-image":"","background-repeat":"repeat","background-position":"center center","background-size":"auto","background-attachment":"scroll","background-type":"","background-media":"","overlay-type":"","overlay-color":"","overlay-opacity":"","overlay-gradient":""},"tablet":{"background-color":"","background-image":"","background-repeat":"repeat","background-position":"center center","background-size":"auto","background-attachment":"scroll","background-type":"","background-media":"","overlay-type":"","overlay-color":"","overlay-opacity":"","overlay-gradient":""},"mobile":{"background-color":"","background-image":"","background-repeat":"repeat","background-position":"center center","background-size":"auto","background-attachment":"scroll","background-type":"","background-media":"","overlay-type":"","overlay-color":"","overlay-opacity":"","overlay-gradient":""}},"ast-content-background-meta":{"desktop":{"background-color":"var(--ast-global-color-5)","background-image":"","background-repeat":"repeat","background-position":"center center","background-size":"auto","background-attachment":"scroll","background-type":"","background-media":"","overlay-type":"","overlay-color":"","overlay-opacity":"","overlay-gradient":""},"tablet":{"background-color":"var(--ast-global-color-5)","background-image":"","background-repeat":"repeat","background-position":"center center","background-size":"auto","background-attachment":"scroll","background-type":"","background-media":"","overlay-type":"","overlay-color":"","overlay-opacity":"","overlay-gradient":""},"mobile":{"background-color":"var(--ast-global-color-5)","background-image":"","background-repeat":"repeat","background-position":"center center","background-size":"auto","background-attachment":"scroll","background-type":"","background-media":"","overlay-type":"","overlay-color":"","overlay-opacity":"","overlay-gradient":""}},"footnotes":""},"related_contact":[201,438,424],"expertise":[191,361],"webparts":[],"page_type":[],"class_list":["post-22857","page","type-page","status-publish","has-post-thumbnail","hentry"],"acf":[],"yoast_head":"<!-- This site is optimized with the Yoast SEO Premium plugin v27.3 (Yoast SEO v27.3) - https:\/\/yoast.com\/product\/yoast-seo-premium-wordpress\/ -->\n<title>Transfer de domicile dans le canton de Lucerne | Droit des migrations, droit des soci\u00e9t\u00e9s et fiscalit\u00e9 | Lindemann Law<\/title>\n<meta name=\"description\" content=\"D\u00e9couvrez les avantages d&#039;une installation dans le canton de Lucerne. LINDEMANNLAW conseille les Particuliers, les familles et les entrepreneurs en mati\u00e8re de droit des migrations, de droit des soci\u00e9t\u00e9s et de fiscalit\u00e9.\" \/>\n<meta name=\"robots\" content=\"index, follow, max-snippet:-1, max-image-preview:large, max-video-preview:-1\" \/>\n<link rel=\"canonical\" href=\"https:\/\/lindemannlaw.ch\/fr\/relocation-to-the-canton-of-lucerne-migration-law-corporate-law-and-tax\/\" \/>\n<meta property=\"og:locale\" content=\"fr_FR\" \/>\n<meta property=\"og:type\" content=\"article\" \/>\n<meta property=\"og:title\" content=\"Transfer de domicile dans le canton de Lucerne | Droit des migrations, droit des soci\u00e9t\u00e9s et fiscalit\u00e9\" \/>\n<meta property=\"og:description\" content=\"D\u00e9couvrez les avantages d&#039;une installation dans le canton de Lucerne. LINDEMANNLAW conseille les Particuliers, les familles et les entrepreneurs en mati\u00e8re de droit des migrations, de droit des soci\u00e9t\u00e9s et de fiscalit\u00e9.\" \/>\n<meta property=\"og:url\" content=\"https:\/\/lindemannlaw.ch\/fr\/relocation-to-the-canton-of-lucerne-migration-law-corporate-law-and-tax\/\" \/>\n<meta property=\"og:site_name\" content=\"Lindemann Law\" \/>\n<meta property=\"article:modified_time\" content=\"2025-09-05T13:05:49+00:00\" \/>\n<meta property=\"og:image\" content=\"https:\/\/lindemannlaw.ch\/wp-content\/uploads\/2025\/07\/lucerne.webp\" \/>\n\t<meta property=\"og:image:width\" content=\"1920\" \/>\n\t<meta property=\"og:image:height\" content=\"1080\" \/>\n\t<meta property=\"og:image:type\" content=\"image\/webp\" \/>\n<meta name=\"twitter:card\" content=\"summary_large_image\" \/>\n<meta name=\"twitter:site\" content=\"@Lindemann_law\" \/>\n<meta name=\"twitter:label1\" content=\"Dur\u00e9e de lecture estim\u00e9e\" \/>\n\t<meta name=\"twitter:data1\" content=\"3 minutes\" \/>\n<script type=\"application\/ld+json\" class=\"yoast-schema-graph\">{\"@context\":\"https:\\\/\\\/schema.org\",\"@graph\":[{\"@type\":\"WebPage\",\"@id\":\"https:\\\/\\\/lindemannlaw.ch\\\/fr\\\/relocation-to-the-canton-of-lucerne-migration-law-corporate-law-and-tax\\\/\",\"url\":\"https:\\\/\\\/lindemannlaw.ch\\\/fr\\\/relocation-to-the-canton-of-lucerne-migration-law-corporate-law-and-tax\\\/\",\"name\":\"Transfer de domicile dans le canton de Lucerne | Droit des migrations, droit des soci\u00e9t\u00e9s et fiscalit\u00e9 | Lindemann Law\",\"isPartOf\":{\"@id\":\"https:\\\/\\\/lindemannlaw.ch\\\/fr\\\/#website\"},\"primaryImageOfPage\":{\"@id\":\"https:\\\/\\\/lindemannlaw.ch\\\/fr\\\/relocation-to-the-canton-of-lucerne-migration-law-corporate-law-and-tax\\\/#primaryimage\"},\"image\":{\"@id\":\"https:\\\/\\\/lindemannlaw.ch\\\/fr\\\/relocation-to-the-canton-of-lucerne-migration-law-corporate-law-and-tax\\\/#primaryimage\"},\"thumbnailUrl\":\"https:\\\/\\\/lindemannlaw.ch\\\/wp-content\\\/uploads\\\/2025\\\/07\\\/lucerne.webp\",\"datePublished\":\"2025-07-09T12:26:05+00:00\",\"dateModified\":\"2025-09-05T13:05:49+00:00\",\"description\":\"D\u00e9couvrez les avantages d'une installation dans le canton de Lucerne. LINDEMANNLAW conseille les Particuliers, les familles et les entrepreneurs en mati\u00e8re de droit des migrations, de droit des soci\u00e9t\u00e9s et de fiscalit\u00e9.\",\"breadcrumb\":{\"@id\":\"https:\\\/\\\/lindemannlaw.ch\\\/fr\\\/relocation-to-the-canton-of-lucerne-migration-law-corporate-law-and-tax\\\/#breadcrumb\"},\"inLanguage\":\"fr-FR\",\"potentialAction\":[{\"@type\":\"ReadAction\",\"target\":[\"https:\\\/\\\/lindemannlaw.ch\\\/fr\\\/relocation-to-the-canton-of-lucerne-migration-law-corporate-law-and-tax\\\/\"]}]},{\"@type\":\"ImageObject\",\"inLanguage\":\"fr-FR\",\"@id\":\"https:\\\/\\\/lindemannlaw.ch\\\/fr\\\/relocation-to-the-canton-of-lucerne-migration-law-corporate-law-and-tax\\\/#primaryimage\",\"url\":\"https:\\\/\\\/lindemannlaw.ch\\\/wp-content\\\/uploads\\\/2025\\\/07\\\/lucerne.webp\",\"contentUrl\":\"https:\\\/\\\/lindemannlaw.ch\\\/wp-content\\\/uploads\\\/2025\\\/07\\\/lucerne.webp\",\"width\":1920,\"height\":1080},{\"@type\":\"BreadcrumbList\",\"@id\":\"https:\\\/\\\/lindemannlaw.ch\\\/fr\\\/relocation-to-the-canton-of-lucerne-migration-law-corporate-law-and-tax\\\/#breadcrumb\",\"itemListElement\":[{\"@type\":\"ListItem\",\"position\":1,\"name\":\"Home\",\"item\":\"https:\\\/\\\/lindemannlaw.ch\\\/fr\\\/\"},{\"@type\":\"ListItem\",\"position\":2,\"name\":\"Transfer de domicile dans le canton de Lucerne | Droit des migrations, droit des soci\u00e9t\u00e9s et fiscalit\u00e9\"}]},{\"@type\":\"WebSite\",\"@id\":\"https:\\\/\\\/lindemannlaw.ch\\\/fr\\\/#website\",\"url\":\"https:\\\/\\\/lindemannlaw.ch\\\/fr\\\/\",\"name\":\"Lindemann Law\",\"description\":\"Asset Management legal services\",\"publisher\":{\"@id\":\"https:\\\/\\\/lindemannlaw.ch\\\/fr\\\/#organization\"},\"potentialAction\":[{\"@type\":\"SearchAction\",\"target\":{\"@type\":\"EntryPoint\",\"urlTemplate\":\"https:\\\/\\\/lindemannlaw.ch\\\/fr\\\/?s={search_term_string}\"},\"query-input\":{\"@type\":\"PropertyValueSpecification\",\"valueRequired\":true,\"valueName\":\"search_term_string\"}}],\"inLanguage\":\"fr-FR\"},{\"@type\":\"Organization\",\"@id\":\"https:\\\/\\\/lindemannlaw.ch\\\/fr\\\/#organization\",\"name\":\"Lindemann Law\",\"url\":\"https:\\\/\\\/lindemannlaw.ch\\\/fr\\\/\",\"logo\":{\"@type\":\"ImageObject\",\"inLanguage\":\"fr-FR\",\"@id\":\"https:\\\/\\\/lindemannlaw.ch\\\/fr\\\/#\\\/schema\\\/logo\\\/image\\\/\",\"url\":\"https:\\\/\\\/lindemannlaw.ch\\\/wp-content\\\/uploads\\\/2021\\\/01\\\/logo-lindemannlaw_cropped.png\",\"contentUrl\":\"https:\\\/\\\/lindemannlaw.ch\\\/wp-content\\\/uploads\\\/2021\\\/01\\\/logo-lindemannlaw_cropped.png\",\"width\":150,\"height\":73,\"caption\":\"Lindemann Law\"},\"image\":{\"@id\":\"https:\\\/\\\/lindemannlaw.ch\\\/fr\\\/#\\\/schema\\\/logo\\\/image\\\/\"},\"sameAs\":[\"https:\\\/\\\/x.com\\\/Lindemann_law\",\"https:\\\/\\\/www.linkedin.com\\\/company\\\/lindemannlaw\\\/\"]}]}<\/script>\n<!-- \/ Yoast SEO Premium plugin. -->","yoast_head_json":{"title":"Transfer de domicile dans le canton de Lucerne | Droit des migrations, droit des soci\u00e9t\u00e9s et fiscalit\u00e9 | Lindemann Law","description":"D\u00e9couvrez les avantages d'une installation dans le canton de Lucerne. LINDEMANNLAW conseille les Particuliers, les familles et les entrepreneurs en mati\u00e8re de droit des migrations, de droit des soci\u00e9t\u00e9s et de fiscalit\u00e9.","robots":{"index":"index","follow":"follow","max-snippet":"max-snippet:-1","max-image-preview":"max-image-preview:large","max-video-preview":"max-video-preview:-1"},"canonical":"https:\/\/lindemannlaw.ch\/fr\/relocation-to-the-canton-of-lucerne-migration-law-corporate-law-and-tax\/","og_locale":"fr_FR","og_type":"article","og_title":"Transfer de domicile dans le canton de Lucerne | Droit des migrations, droit des soci\u00e9t\u00e9s et fiscalit\u00e9","og_description":"D\u00e9couvrez les avantages d'une installation dans le canton de Lucerne. LINDEMANNLAW conseille les Particuliers, les familles et les entrepreneurs en mati\u00e8re de droit des migrations, de droit des soci\u00e9t\u00e9s et de fiscalit\u00e9.","og_url":"https:\/\/lindemannlaw.ch\/fr\/relocation-to-the-canton-of-lucerne-migration-law-corporate-law-and-tax\/","og_site_name":"Lindemann Law","article_modified_time":"2025-09-05T13:05:49+00:00","og_image":[{"width":1920,"height":1080,"url":"https:\/\/lindemannlaw.ch\/wp-content\/uploads\/2025\/07\/lucerne.webp","type":"image\/webp"}],"twitter_card":"summary_large_image","twitter_site":"@Lindemann_law","twitter_misc":{"Dur\u00e9e de lecture estim\u00e9e":"3 minutes"},"schema":{"@context":"https:\/\/schema.org","@graph":[{"@type":"WebPage","@id":"https:\/\/lindemannlaw.ch\/fr\/relocation-to-the-canton-of-lucerne-migration-law-corporate-law-and-tax\/","url":"https:\/\/lindemannlaw.ch\/fr\/relocation-to-the-canton-of-lucerne-migration-law-corporate-law-and-tax\/","name":"Transfer de domicile dans le canton de Lucerne | Droit des migrations, droit des soci\u00e9t\u00e9s et fiscalit\u00e9 | Lindemann Law","isPartOf":{"@id":"https:\/\/lindemannlaw.ch\/fr\/#website"},"primaryImageOfPage":{"@id":"https:\/\/lindemannlaw.ch\/fr\/relocation-to-the-canton-of-lucerne-migration-law-corporate-law-and-tax\/#primaryimage"},"image":{"@id":"https:\/\/lindemannlaw.ch\/fr\/relocation-to-the-canton-of-lucerne-migration-law-corporate-law-and-tax\/#primaryimage"},"thumbnailUrl":"https:\/\/lindemannlaw.ch\/wp-content\/uploads\/2025\/07\/lucerne.webp","datePublished":"2025-07-09T12:26:05+00:00","dateModified":"2025-09-05T13:05:49+00:00","description":"D\u00e9couvrez les avantages d'une installation dans le canton de Lucerne. LINDEMANNLAW conseille les Particuliers, les familles et les entrepreneurs en mati\u00e8re de droit des migrations, de droit des soci\u00e9t\u00e9s et de fiscalit\u00e9.","breadcrumb":{"@id":"https:\/\/lindemannlaw.ch\/fr\/relocation-to-the-canton-of-lucerne-migration-law-corporate-law-and-tax\/#breadcrumb"},"inLanguage":"fr-FR","potentialAction":[{"@type":"ReadAction","target":["https:\/\/lindemannlaw.ch\/fr\/relocation-to-the-canton-of-lucerne-migration-law-corporate-law-and-tax\/"]}]},{"@type":"ImageObject","inLanguage":"fr-FR","@id":"https:\/\/lindemannlaw.ch\/fr\/relocation-to-the-canton-of-lucerne-migration-law-corporate-law-and-tax\/#primaryimage","url":"https:\/\/lindemannlaw.ch\/wp-content\/uploads\/2025\/07\/lucerne.webp","contentUrl":"https:\/\/lindemannlaw.ch\/wp-content\/uploads\/2025\/07\/lucerne.webp","width":1920,"height":1080},{"@type":"BreadcrumbList","@id":"https:\/\/lindemannlaw.ch\/fr\/relocation-to-the-canton-of-lucerne-migration-law-corporate-law-and-tax\/#breadcrumb","itemListElement":[{"@type":"ListItem","position":1,"name":"Home","item":"https:\/\/lindemannlaw.ch\/fr\/"},{"@type":"ListItem","position":2,"name":"Transfer de domicile dans le canton de Lucerne | Droit des migrations, droit des soci\u00e9t\u00e9s et fiscalit\u00e9"}]},{"@type":"WebSite","@id":"https:\/\/lindemannlaw.ch\/fr\/#website","url":"https:\/\/lindemannlaw.ch\/fr\/","name":"Lindemann Law","description":"Asset Management legal services","publisher":{"@id":"https:\/\/lindemannlaw.ch\/fr\/#organization"},"potentialAction":[{"@type":"SearchAction","target":{"@type":"EntryPoint","urlTemplate":"https:\/\/lindemannlaw.ch\/fr\/?s={search_term_string}"},"query-input":{"@type":"PropertyValueSpecification","valueRequired":true,"valueName":"search_term_string"}}],"inLanguage":"fr-FR"},{"@type":"Organization","@id":"https:\/\/lindemannlaw.ch\/fr\/#organization","name":"Lindemann Law","url":"https:\/\/lindemannlaw.ch\/fr\/","logo":{"@type":"ImageObject","inLanguage":"fr-FR","@id":"https:\/\/lindemannlaw.ch\/fr\/#\/schema\/logo\/image\/","url":"https:\/\/lindemannlaw.ch\/wp-content\/uploads\/2021\/01\/logo-lindemannlaw_cropped.png","contentUrl":"https:\/\/lindemannlaw.ch\/wp-content\/uploads\/2021\/01\/logo-lindemannlaw_cropped.png","width":150,"height":73,"caption":"Lindemann Law"},"image":{"@id":"https:\/\/lindemannlaw.ch\/fr\/#\/schema\/logo\/image\/"},"sameAs":["https:\/\/x.com\/Lindemann_law","https:\/\/www.linkedin.com\/company\/lindemannlaw\/"]}]}},"_links":{"self":[{"href":"https:\/\/lindemannlaw.ch\/fr\/wp-json\/wp\/v2\/pages\/22857","targetHints":{"allow":["GET"]}}],"collection":[{"href":"https:\/\/lindemannlaw.ch\/fr\/wp-json\/wp\/v2\/pages"}],"about":[{"href":"https:\/\/lindemannlaw.ch\/fr\/wp-json\/wp\/v2\/types\/page"}],"author":[{"embeddable":true,"href":"https:\/\/lindemannlaw.ch\/fr\/wp-json\/wp\/v2\/users\/19"}],"replies":[{"embeddable":true,"href":"https:\/\/lindemannlaw.ch\/fr\/wp-json\/wp\/v2\/comments?post=22857"}],"version-history":[{"count":0,"href":"https:\/\/lindemannlaw.ch\/fr\/wp-json\/wp\/v2\/pages\/22857\/revisions"}],"wp:featuredmedia":[{"embeddable":true,"href":"https:\/\/lindemannlaw.ch\/fr\/wp-json\/wp\/v2\/media\/21929"}],"wp:attachment":[{"href":"https:\/\/lindemannlaw.ch\/fr\/wp-json\/wp\/v2\/media?parent=22857"}],"wp:term":[{"taxonomy":"related_contact","embeddable":true,"href":"https:\/\/lindemannlaw.ch\/fr\/wp-json\/wp\/v2\/related_contact?post=22857"},{"taxonomy":"expertise","embeddable":true,"href":"https:\/\/lindemannlaw.ch\/fr\/wp-json\/wp\/v2\/expertise?post=22857"},{"taxonomy":"webparts","embeddable":true,"href":"https:\/\/lindemannlaw.ch\/fr\/wp-json\/wp\/v2\/webparts?post=22857"},{"taxonomy":"page_type","embeddable":true,"href":"https:\/\/lindemannlaw.ch\/fr\/wp-json\/wp\/v2\/page_type?post=22857"}],"curies":[{"name":"wp","href":"https:\/\/api.w.org\/{rel}","templated":true}]}}