{"id":22859,"date":"2025-07-14T15:59:19","date_gmt":"2025-07-14T14:59:19","guid":{"rendered":"https:\/\/lindemannlaw.ch\/relocation-to-the-canton-of-schwyz-migration-law-corporate-law-and-tax\/"},"modified":"2025-09-05T14:05:54","modified_gmt":"2025-09-05T13:05:54","slug":"relocation-to-the-canton-of-schwyz-migration-law-corporate-law-and-tax","status":"publish","type":"page","link":"https:\/\/lindemannlaw.ch\/fr\/relocation-to-the-canton-of-schwyz-migration-law-corporate-law-and-tax\/","title":{"rendered":"Transfer de domicile dans le canton de Schwyz | Droit des migrations, droit des soci\u00e9t\u00e9s et fiscalit\u00e9"},"content":{"rendered":"<h3><img fetchpriority=\"high\" decoding=\"async\" class=\"wp-image-22163 alignleft\" src=\"https:\/\/lindemannlaw.ch\/wp-content\/uploads\/2025\/07\/schwyz-flag-237x300.png\" alt=\"\" width=\"200\" height=\"253\" srcset=\"https:\/\/lindemannlaw.ch\/wp-content\/uploads\/2025\/07\/schwyz-flag-237x300.png 237w, https:\/\/lindemannlaw.ch\/wp-content\/uploads\/2025\/07\/schwyz-flag.png 474w\" sizes=\"(max-width: 200px) 100vw, 200px\" \/>Vue d&rsquo;ensemble<\/h3>\n<p>Le canton de Schwyz est situ\u00e9 en Suisse centrale et est l&rsquo;un des cantons fondateurs de la Conf\u00e9d\u00e9ration suisse. Il compte environ 165 000 habitants (2023) et sa capitale est la ville de Schwyz. Le canton est r\u00e9put\u00e9 pour son environnement fiscal attrayant, ses paysages de lacs et de montagnes et son \u00e9conomie dynamique ax\u00e9e sur les PME.  <\/p>\n<h3>Forces \u00e9conomiques et infrastructure<\/h3>\n<p><strong>PIB<\/strong>: Un canton prosp\u00e8re avec un PIB par habitant \u00e9lev\u00e9, tir\u00e9 par les services, l&rsquo;industrie et le commerce.<br \/>\n\u2714 <strong>Industries cl\u00e9s<\/strong>: Services financiers, construction, m\u00e9canique de pr\u00e9cision, bois, logistique et tourisme.<br \/>\n\u2714 <strong>Formation et recherche<\/strong>: Haute \u00e9cole p\u00e9dagogique de Schwyz, \u00e9coles professionnelles et proximit\u00e9 des p\u00f4les de recherche de Zurich et de Lucerne.<br \/>\n\u2714 <strong>Transport et connectivit\u00e9<\/strong>: Excellentes liaisons routi\u00e8res et ferroviaires avec Zurich, Lucerne et Zoug ; acc\u00e8s rapide \u00e0 l&rsquo;a\u00e9roport de Zurich.<\/p>\n<h3>Fiscalit\u00e9<\/h3>\n<p><strong>Personnes morales : <\/strong>Les personnes morales sont soumises \u00e0 un imp\u00f4t sur le revenu des soci\u00e9t\u00e9s au taux de 13,9 % (Schwyz) et \u00e0 un imp\u00f4t sur le capital de 0,01 % sur les fonds propres imposables. L&rsquo;imp\u00f4t sur le capital est compens\u00e9 par l&rsquo;imp\u00f4t sur le revenu des soci\u00e9t\u00e9s. Ainsi, si l&rsquo;imp\u00f4t sur le revenu des soci\u00e9t\u00e9s est sup\u00e9rieur \u00e0 l&rsquo;imp\u00f4t sur le capital, aucun imp\u00f4t sur le capital n&rsquo;est d\u00fb. Les dividendes et les gains en capital provenant de participations qualifi\u00e9es sont exon\u00e9r\u00e9s de l&rsquo;imp\u00f4t sur les soci\u00e9t\u00e9s en raison de l&rsquo;exon\u00e9ration des participations.   <\/p>\n<p><strong>Particuliers<\/strong>: Les Particuliers sont soumis \u00e0 un imp\u00f4t sur le revenu progressif, les taux d&rsquo;imposition effectifs les plus \u00e9lev\u00e9s se situant entre 20,2 % (Wollerau) et 24 % (Morschach). Les gains en capital priv\u00e9s sont exon\u00e9r\u00e9s d&rsquo;imp\u00f4t et les dividendes provenant de participations qualifi\u00e9es sont impos\u00e9s avec un abattement de 50 % au niveau cantonal et de 30 % au niveau f\u00e9d\u00e9ral. Par cons\u00e9quent, selon la structure des revenus, le taux d&rsquo;imposition effectif peut \u00eatre important. Le canton pr\u00e9l\u00e8ve l&rsquo;imp\u00f4t sur la fortune sur la fortune nette d&rsquo;un particulier. Il existe un r\u00e9gime d&rsquo;imposition forfaitaire.    <\/p>\n<h3>Soutien des pouvoirs publics \u00e0 l&rsquo;implantation des entreprises<\/h3>\n<table style=\"border-collapse: collapse; width: 100%;\">\n<tbody>\n<tr>\n<td style=\"width: 17.6856%;\"><a href=\"https:\/\/www.sz.ch\/wirtschaft\" target=\"_blank\" rel=\"noopener\"><img decoding=\"async\" class=\"alignnone wp-image-22153\" src=\"https:\/\/lindemannlaw.ch\/wp-content\/uploads\/2025\/07\/kanton-schwyz-logo-300x63.jpg\" alt=\"\" width=\"200\" height=\"42\" srcset=\"https:\/\/lindemannlaw.ch\/wp-content\/uploads\/2025\/07\/kanton-schwyz-logo-300x63.jpg 300w, https:\/\/lindemannlaw.ch\/wp-content\/uploads\/2025\/07\/kanton-schwyz-logo.jpg 767w\" sizes=\"(max-width: 200px) 100vw, 200px\" \/><\/a><\/td>\n<td style=\"width: 82.3144%;\">\u2714 <strong>Office de promotion \u00e9conomique de Schwyz<\/strong><br \/>\nAssiste les investisseurs et les entrepreneurs dans l&rsquo;analyse de l&#8217;emplacement, les autorisations, les proc\u00e9dures administratives et l&rsquo;int\u00e9gration dans les r\u00e9seaux d&rsquo;affaires locaux.<br \/>\n<a href=\"https:\/\/www.sz.ch\/wirtschaft\" target=\"_blank\" rel=\"noopener\">En savoir plus<\/a><\/td>\n<\/tr>\n<tr>\n<td style=\"width: 17.6856%;\"><a href=\"https:\/\/genialregional-sz.ch\/\" target=\"_blank\" rel=\"noopener\"><img decoding=\"async\" class=\"alignnone wp-image-22158\" src=\"https:\/\/lindemannlaw.ch\/wp-content\/uploads\/2025\/07\/regional-development-associations-300x48.webp\" alt=\"\" width=\"200\" height=\"32\" srcset=\"https:\/\/lindemannlaw.ch\/wp-content\/uploads\/2025\/07\/regional-development-associations-300x48.webp 300w, https:\/\/lindemannlaw.ch\/wp-content\/uploads\/2025\/07\/regional-development-associations.webp 447w\" sizes=\"(max-width: 200px) 100vw, 200px\" \/><\/a><\/td>\n<td style=\"width: 82.3144%;\">\u2714 <strong>Associations de d\u00e9veloppement r\u00e9gional<\/strong><br \/>\nOffrez un soutien cibl\u00e9 aux PME, aux zones industrielles et aux initiatives commerciales intercantonales.<br \/>\n<a href=\"https:\/\/genialregional-sz.ch\/\" target=\"_blank\" rel=\"noopener\">En savoir plus<\/a><\/td>\n<\/tr>\n<tr>\n<td style=\"width: 17.6856%;\"><\/td>\n<td style=\"width: 82.3144%;\">\u2714 <strong>Schwyz Innovation Support (via des programmes cantonaux)<\/strong><br \/>\nSe concentre sur l&rsquo;encouragement de l&rsquo;esprit d&rsquo;entreprise, des start-ups et de l&rsquo;innovation sectorielle.<\/td>\n<\/tr>\n<\/tbody>\n<\/table>\n<h3>Avantages suppl\u00e9mentaires<\/h3>\n<p>\u2714 Des taux d&rsquo;imposition tr\u00e8s attractifs pour les Particuliers et les entreprises.<br \/>\n\u2714 Syst\u00e8me juridique transparent et processus de cr\u00e9ation d&rsquo;entreprise efficace.<br \/>\n\u2714 Excellente infrastructure, services publics fiables et r\u00e9seaux num\u00e9riques.<br \/>\n\u2714 Une qualit\u00e9 de vie \u00e9lev\u00e9e : un cadre naturel magnifique, des possibilit\u00e9s de loisirs et des communaut\u00e9s ax\u00e9es sur la famille.<\/p>\n<h3>Liens officiels utiles<\/h3>\n<ul>\n<li><a href=\"https:\/\/www.sz.ch\/wirtschaft\" target=\"_blank\" rel=\"noopener\">Promotion \u00e9conomique de Schwyz<\/a><\/li>\n<li><a href=\"https:\/\/genialregional-sz.ch\/\" target=\"_blank\" rel=\"noopener\">D\u00e9veloppement r\u00e9gional \u00e0 Schwyz<\/a><\/li>\n<li><a href=\"https:\/\/www.kmu.admin.ch\/kmu\/en\/home\/concrete-know-how\/setting-up-sme\/starting-business.html\" target=\"_blank\" rel=\"noopener\">Cr\u00e9er une entreprise en Suisse (Portail PME de la Conf\u00e9d\u00e9ration)<\/a><\/li>\n<\/ul>\n<p>Le canton de Schwyz offre aux entreprises et aux familles une combinaison exceptionnelle d&rsquo;imp\u00f4ts bas, de situation centrale et de niveau de vie \u00e9lev\u00e9. <strong>LINDEMANNLAW<\/strong> vous conseille en mati\u00e8re de droit des migrations, de droit des soci\u00e9t\u00e9s, de fiscalit\u00e9 et de d\u00e9localisation dans le canton de Schwyz.<\/p>\n","protected":false},"excerpt":{"rendered":"<p>Vue d&rsquo;ensemble Le canton de Schwyz est situ\u00e9 en Suisse centrale et est l&rsquo;un des cantons fondateurs de la Conf\u00e9d\u00e9ration suisse. Il compte environ 165 000 habitants (2023) et sa capitale est la ville de Schwyz. Le canton est r\u00e9put\u00e9 pour son environnement fiscal attrayant, ses paysages de lacs et de montagnes et son \u00e9conomie [&hellip;]<\/p>\n","protected":false},"author":19,"featured_media":22169,"parent":0,"menu_order":0,"comment_status":"closed","ping_status":"closed","template":"","meta":{"_acf_changed":false,"site-sidebar-layout":"default","site-content-layout":"","ast-site-content-layout":"default","site-content-style":"default","site-sidebar-style":"default","ast-global-header-display":"","ast-banner-title-visibility":"","ast-main-header-display":"","ast-hfb-above-header-display":"","ast-hfb-below-header-display":"","ast-hfb-mobile-header-display":"","site-post-title":"","ast-breadcrumbs-content":"","ast-featured-img":"","footer-sml-layout":"","ast-disable-related-posts":"","theme-transparent-header-meta":"default","adv-header-id-meta":"","stick-header-meta":"","header-above-stick-meta":"","header-main-stick-meta":"","header-below-stick-meta":"","astra-migrate-meta-layouts":"default","ast-page-background-enabled":"default","ast-page-background-meta":{"desktop":{"background-color":"var(--ast-global-color-4)","background-image":"","background-repeat":"repeat","background-position":"center center","background-size":"auto","background-attachment":"scroll","background-type":"","background-media":"","overlay-type":"","overlay-color":"","overlay-opacity":"","overlay-gradient":""},"tablet":{"background-color":"","background-image":"","background-repeat":"repeat","background-position":"center center","background-size":"auto","background-attachment":"scroll","background-type":"","background-media":"","overlay-type":"","overlay-color":"","overlay-opacity":"","overlay-gradient":""},"mobile":{"background-color":"","background-image":"","background-repeat":"repeat","background-position":"center center","background-size":"auto","background-attachment":"scroll","background-type":"","background-media":"","overlay-type":"","overlay-color":"","overlay-opacity":"","overlay-gradient":""}},"ast-content-background-meta":{"desktop":{"background-color":"var(--ast-global-color-5)","background-image":"","background-repeat":"repeat","background-position":"center center","background-size":"auto","background-attachment":"scroll","background-type":"","background-media":"","overlay-type":"","overlay-color":"","overlay-opacity":"","overlay-gradient":""},"tablet":{"background-color":"var(--ast-global-color-5)","background-image":"","background-repeat":"repeat","background-position":"center center","background-size":"auto","background-attachment":"scroll","background-type":"","background-media":"","overlay-type":"","overlay-color":"","overlay-opacity":"","overlay-gradient":""},"mobile":{"background-color":"var(--ast-global-color-5)","background-image":"","background-repeat":"repeat","background-position":"center center","background-size":"auto","background-attachment":"scroll","background-type":"","background-media":"","overlay-type":"","overlay-color":"","overlay-opacity":"","overlay-gradient":""}},"footnotes":""},"related_contact":[201,438],"expertise":[191,361],"webparts":[],"page_type":[],"class_list":["post-22859","page","type-page","status-publish","has-post-thumbnail","hentry"],"acf":[],"yoast_head":"<!-- This site is optimized with the Yoast SEO Premium plugin v27.3 (Yoast SEO v27.3) - https:\/\/yoast.com\/product\/yoast-seo-premium-wordpress\/ -->\n<title>Transfer de domicile dans le canton de Schwyz | Droit des migrations, droit des soci\u00e9t\u00e9s et fiscalit\u00e9 | Lindemann Law<\/title>\n<meta name=\"description\" content=\"D\u00e9couvrez les avantages d&#039;une installation dans le canton de Schwyz. LINDEMANNLAW conseille les Particuliers, les familles et les entrepreneurs en mati\u00e8re de droit des migrations, de droit des soci\u00e9t\u00e9s et de fiscalit\u00e9 en Suisse.\" \/>\n<meta name=\"robots\" content=\"index, follow, max-snippet:-1, max-image-preview:large, max-video-preview:-1\" \/>\n<link rel=\"canonical\" href=\"https:\/\/lindemannlaw.ch\/fr\/relocation-to-the-canton-of-schwyz-migration-law-corporate-law-and-tax\/\" \/>\n<meta property=\"og:locale\" content=\"fr_FR\" \/>\n<meta property=\"og:type\" content=\"article\" \/>\n<meta property=\"og:title\" content=\"Transfer de domicile dans le canton de Schwyz | Droit des migrations, droit des soci\u00e9t\u00e9s et fiscalit\u00e9\" \/>\n<meta property=\"og:description\" content=\"D\u00e9couvrez les avantages d&#039;une installation dans le canton de Schwyz. LINDEMANNLAW conseille les Particuliers, les familles et les entrepreneurs en mati\u00e8re de droit des migrations, de droit des soci\u00e9t\u00e9s et de fiscalit\u00e9 en Suisse.\" \/>\n<meta property=\"og:url\" content=\"https:\/\/lindemannlaw.ch\/fr\/relocation-to-the-canton-of-schwyz-migration-law-corporate-law-and-tax\/\" \/>\n<meta property=\"og:site_name\" content=\"Lindemann Law\" \/>\n<meta property=\"article:modified_time\" content=\"2025-09-05T13:05:54+00:00\" \/>\n<meta property=\"og:image\" content=\"https:\/\/lindemannlaw.ch\/wp-content\/uploads\/2025\/07\/schwyz-rigi.webp\" \/>\n\t<meta property=\"og:image:width\" content=\"1920\" \/>\n\t<meta property=\"og:image:height\" content=\"1080\" \/>\n\t<meta property=\"og:image:type\" content=\"image\/webp\" \/>\n<meta name=\"twitter:card\" content=\"summary_large_image\" \/>\n<meta name=\"twitter:site\" content=\"@Lindemann_law\" \/>\n<meta name=\"twitter:label1\" content=\"Dur\u00e9e de lecture estim\u00e9e\" \/>\n\t<meta name=\"twitter:data1\" content=\"3 minutes\" \/>\n<script type=\"application\/ld+json\" class=\"yoast-schema-graph\">{\"@context\":\"https:\\\/\\\/schema.org\",\"@graph\":[{\"@type\":\"WebPage\",\"@id\":\"https:\\\/\\\/lindemannlaw.ch\\\/fr\\\/relocation-to-the-canton-of-schwyz-migration-law-corporate-law-and-tax\\\/\",\"url\":\"https:\\\/\\\/lindemannlaw.ch\\\/fr\\\/relocation-to-the-canton-of-schwyz-migration-law-corporate-law-and-tax\\\/\",\"name\":\"Transfer de domicile dans le canton de Schwyz | Droit des migrations, droit des soci\u00e9t\u00e9s et fiscalit\u00e9 | Lindemann Law\",\"isPartOf\":{\"@id\":\"https:\\\/\\\/lindemannlaw.ch\\\/fr\\\/#website\"},\"primaryImageOfPage\":{\"@id\":\"https:\\\/\\\/lindemannlaw.ch\\\/fr\\\/relocation-to-the-canton-of-schwyz-migration-law-corporate-law-and-tax\\\/#primaryimage\"},\"image\":{\"@id\":\"https:\\\/\\\/lindemannlaw.ch\\\/fr\\\/relocation-to-the-canton-of-schwyz-migration-law-corporate-law-and-tax\\\/#primaryimage\"},\"thumbnailUrl\":\"https:\\\/\\\/lindemannlaw.ch\\\/wp-content\\\/uploads\\\/2025\\\/07\\\/schwyz-rigi.webp\",\"datePublished\":\"2025-07-14T14:59:19+00:00\",\"dateModified\":\"2025-09-05T13:05:54+00:00\",\"description\":\"D\u00e9couvrez les avantages d'une installation dans le canton de Schwyz. LINDEMANNLAW conseille les Particuliers, les familles et les entrepreneurs en mati\u00e8re de droit des migrations, de droit des soci\u00e9t\u00e9s et de fiscalit\u00e9 en Suisse.\",\"breadcrumb\":{\"@id\":\"https:\\\/\\\/lindemannlaw.ch\\\/fr\\\/relocation-to-the-canton-of-schwyz-migration-law-corporate-law-and-tax\\\/#breadcrumb\"},\"inLanguage\":\"fr-FR\",\"potentialAction\":[{\"@type\":\"ReadAction\",\"target\":[\"https:\\\/\\\/lindemannlaw.ch\\\/fr\\\/relocation-to-the-canton-of-schwyz-migration-law-corporate-law-and-tax\\\/\"]}]},{\"@type\":\"ImageObject\",\"inLanguage\":\"fr-FR\",\"@id\":\"https:\\\/\\\/lindemannlaw.ch\\\/fr\\\/relocation-to-the-canton-of-schwyz-migration-law-corporate-law-and-tax\\\/#primaryimage\",\"url\":\"https:\\\/\\\/lindemannlaw.ch\\\/wp-content\\\/uploads\\\/2025\\\/07\\\/schwyz-rigi.webp\",\"contentUrl\":\"https:\\\/\\\/lindemannlaw.ch\\\/wp-content\\\/uploads\\\/2025\\\/07\\\/schwyz-rigi.webp\",\"width\":1920,\"height\":1080},{\"@type\":\"BreadcrumbList\",\"@id\":\"https:\\\/\\\/lindemannlaw.ch\\\/fr\\\/relocation-to-the-canton-of-schwyz-migration-law-corporate-law-and-tax\\\/#breadcrumb\",\"itemListElement\":[{\"@type\":\"ListItem\",\"position\":1,\"name\":\"Home\",\"item\":\"https:\\\/\\\/lindemannlaw.ch\\\/fr\\\/\"},{\"@type\":\"ListItem\",\"position\":2,\"name\":\"Transfer de domicile dans le canton de Schwyz | Droit des migrations, droit des soci\u00e9t\u00e9s et fiscalit\u00e9\"}]},{\"@type\":\"WebSite\",\"@id\":\"https:\\\/\\\/lindemannlaw.ch\\\/fr\\\/#website\",\"url\":\"https:\\\/\\\/lindemannlaw.ch\\\/fr\\\/\",\"name\":\"Lindemann Law\",\"description\":\"Asset Management legal services\",\"publisher\":{\"@id\":\"https:\\\/\\\/lindemannlaw.ch\\\/fr\\\/#organization\"},\"potentialAction\":[{\"@type\":\"SearchAction\",\"target\":{\"@type\":\"EntryPoint\",\"urlTemplate\":\"https:\\\/\\\/lindemannlaw.ch\\\/fr\\\/?s={search_term_string}\"},\"query-input\":{\"@type\":\"PropertyValueSpecification\",\"valueRequired\":true,\"valueName\":\"search_term_string\"}}],\"inLanguage\":\"fr-FR\"},{\"@type\":\"Organization\",\"@id\":\"https:\\\/\\\/lindemannlaw.ch\\\/fr\\\/#organization\",\"name\":\"Lindemann Law\",\"url\":\"https:\\\/\\\/lindemannlaw.ch\\\/fr\\\/\",\"logo\":{\"@type\":\"ImageObject\",\"inLanguage\":\"fr-FR\",\"@id\":\"https:\\\/\\\/lindemannlaw.ch\\\/fr\\\/#\\\/schema\\\/logo\\\/image\\\/\",\"url\":\"https:\\\/\\\/lindemannlaw.ch\\\/wp-content\\\/uploads\\\/2021\\\/01\\\/logo-lindemannlaw_cropped.png\",\"contentUrl\":\"https:\\\/\\\/lindemannlaw.ch\\\/wp-content\\\/uploads\\\/2021\\\/01\\\/logo-lindemannlaw_cropped.png\",\"width\":150,\"height\":73,\"caption\":\"Lindemann Law\"},\"image\":{\"@id\":\"https:\\\/\\\/lindemannlaw.ch\\\/fr\\\/#\\\/schema\\\/logo\\\/image\\\/\"},\"sameAs\":[\"https:\\\/\\\/x.com\\\/Lindemann_law\",\"https:\\\/\\\/www.linkedin.com\\\/company\\\/lindemannlaw\\\/\"]}]}<\/script>\n<!-- \/ Yoast SEO Premium plugin. -->","yoast_head_json":{"title":"Transfer de domicile dans le canton de Schwyz | Droit des migrations, droit des soci\u00e9t\u00e9s et fiscalit\u00e9 | Lindemann Law","description":"D\u00e9couvrez les avantages d'une installation dans le canton de Schwyz. LINDEMANNLAW conseille les Particuliers, les familles et les entrepreneurs en mati\u00e8re de droit des migrations, de droit des soci\u00e9t\u00e9s et de fiscalit\u00e9 en Suisse.","robots":{"index":"index","follow":"follow","max-snippet":"max-snippet:-1","max-image-preview":"max-image-preview:large","max-video-preview":"max-video-preview:-1"},"canonical":"https:\/\/lindemannlaw.ch\/fr\/relocation-to-the-canton-of-schwyz-migration-law-corporate-law-and-tax\/","og_locale":"fr_FR","og_type":"article","og_title":"Transfer de domicile dans le canton de Schwyz | Droit des migrations, droit des soci\u00e9t\u00e9s et fiscalit\u00e9","og_description":"D\u00e9couvrez les avantages d'une installation dans le canton de Schwyz. LINDEMANNLAW conseille les Particuliers, les familles et les entrepreneurs en mati\u00e8re de droit des migrations, de droit des soci\u00e9t\u00e9s et de fiscalit\u00e9 en Suisse.","og_url":"https:\/\/lindemannlaw.ch\/fr\/relocation-to-the-canton-of-schwyz-migration-law-corporate-law-and-tax\/","og_site_name":"Lindemann Law","article_modified_time":"2025-09-05T13:05:54+00:00","og_image":[{"width":1920,"height":1080,"url":"https:\/\/lindemannlaw.ch\/wp-content\/uploads\/2025\/07\/schwyz-rigi.webp","type":"image\/webp"}],"twitter_card":"summary_large_image","twitter_site":"@Lindemann_law","twitter_misc":{"Dur\u00e9e de lecture estim\u00e9e":"3 minutes"},"schema":{"@context":"https:\/\/schema.org","@graph":[{"@type":"WebPage","@id":"https:\/\/lindemannlaw.ch\/fr\/relocation-to-the-canton-of-schwyz-migration-law-corporate-law-and-tax\/","url":"https:\/\/lindemannlaw.ch\/fr\/relocation-to-the-canton-of-schwyz-migration-law-corporate-law-and-tax\/","name":"Transfer de domicile dans le canton de Schwyz | Droit des migrations, droit des soci\u00e9t\u00e9s et fiscalit\u00e9 | Lindemann Law","isPartOf":{"@id":"https:\/\/lindemannlaw.ch\/fr\/#website"},"primaryImageOfPage":{"@id":"https:\/\/lindemannlaw.ch\/fr\/relocation-to-the-canton-of-schwyz-migration-law-corporate-law-and-tax\/#primaryimage"},"image":{"@id":"https:\/\/lindemannlaw.ch\/fr\/relocation-to-the-canton-of-schwyz-migration-law-corporate-law-and-tax\/#primaryimage"},"thumbnailUrl":"https:\/\/lindemannlaw.ch\/wp-content\/uploads\/2025\/07\/schwyz-rigi.webp","datePublished":"2025-07-14T14:59:19+00:00","dateModified":"2025-09-05T13:05:54+00:00","description":"D\u00e9couvrez les avantages d'une installation dans le canton de Schwyz. LINDEMANNLAW conseille les Particuliers, les familles et les entrepreneurs en mati\u00e8re de droit des migrations, de droit des soci\u00e9t\u00e9s et de fiscalit\u00e9 en Suisse.","breadcrumb":{"@id":"https:\/\/lindemannlaw.ch\/fr\/relocation-to-the-canton-of-schwyz-migration-law-corporate-law-and-tax\/#breadcrumb"},"inLanguage":"fr-FR","potentialAction":[{"@type":"ReadAction","target":["https:\/\/lindemannlaw.ch\/fr\/relocation-to-the-canton-of-schwyz-migration-law-corporate-law-and-tax\/"]}]},{"@type":"ImageObject","inLanguage":"fr-FR","@id":"https:\/\/lindemannlaw.ch\/fr\/relocation-to-the-canton-of-schwyz-migration-law-corporate-law-and-tax\/#primaryimage","url":"https:\/\/lindemannlaw.ch\/wp-content\/uploads\/2025\/07\/schwyz-rigi.webp","contentUrl":"https:\/\/lindemannlaw.ch\/wp-content\/uploads\/2025\/07\/schwyz-rigi.webp","width":1920,"height":1080},{"@type":"BreadcrumbList","@id":"https:\/\/lindemannlaw.ch\/fr\/relocation-to-the-canton-of-schwyz-migration-law-corporate-law-and-tax\/#breadcrumb","itemListElement":[{"@type":"ListItem","position":1,"name":"Home","item":"https:\/\/lindemannlaw.ch\/fr\/"},{"@type":"ListItem","position":2,"name":"Transfer de domicile dans le canton de Schwyz | Droit des migrations, droit des soci\u00e9t\u00e9s et fiscalit\u00e9"}]},{"@type":"WebSite","@id":"https:\/\/lindemannlaw.ch\/fr\/#website","url":"https:\/\/lindemannlaw.ch\/fr\/","name":"Lindemann Law","description":"Asset Management legal services","publisher":{"@id":"https:\/\/lindemannlaw.ch\/fr\/#organization"},"potentialAction":[{"@type":"SearchAction","target":{"@type":"EntryPoint","urlTemplate":"https:\/\/lindemannlaw.ch\/fr\/?s={search_term_string}"},"query-input":{"@type":"PropertyValueSpecification","valueRequired":true,"valueName":"search_term_string"}}],"inLanguage":"fr-FR"},{"@type":"Organization","@id":"https:\/\/lindemannlaw.ch\/fr\/#organization","name":"Lindemann Law","url":"https:\/\/lindemannlaw.ch\/fr\/","logo":{"@type":"ImageObject","inLanguage":"fr-FR","@id":"https:\/\/lindemannlaw.ch\/fr\/#\/schema\/logo\/image\/","url":"https:\/\/lindemannlaw.ch\/wp-content\/uploads\/2021\/01\/logo-lindemannlaw_cropped.png","contentUrl":"https:\/\/lindemannlaw.ch\/wp-content\/uploads\/2021\/01\/logo-lindemannlaw_cropped.png","width":150,"height":73,"caption":"Lindemann Law"},"image":{"@id":"https:\/\/lindemannlaw.ch\/fr\/#\/schema\/logo\/image\/"},"sameAs":["https:\/\/x.com\/Lindemann_law","https:\/\/www.linkedin.com\/company\/lindemannlaw\/"]}]}},"_links":{"self":[{"href":"https:\/\/lindemannlaw.ch\/fr\/wp-json\/wp\/v2\/pages\/22859","targetHints":{"allow":["GET"]}}],"collection":[{"href":"https:\/\/lindemannlaw.ch\/fr\/wp-json\/wp\/v2\/pages"}],"about":[{"href":"https:\/\/lindemannlaw.ch\/fr\/wp-json\/wp\/v2\/types\/page"}],"author":[{"embeddable":true,"href":"https:\/\/lindemannlaw.ch\/fr\/wp-json\/wp\/v2\/users\/19"}],"replies":[{"embeddable":true,"href":"https:\/\/lindemannlaw.ch\/fr\/wp-json\/wp\/v2\/comments?post=22859"}],"version-history":[{"count":0,"href":"https:\/\/lindemannlaw.ch\/fr\/wp-json\/wp\/v2\/pages\/22859\/revisions"}],"wp:featuredmedia":[{"embeddable":true,"href":"https:\/\/lindemannlaw.ch\/fr\/wp-json\/wp\/v2\/media\/22169"}],"wp:attachment":[{"href":"https:\/\/lindemannlaw.ch\/fr\/wp-json\/wp\/v2\/media?parent=22859"}],"wp:term":[{"taxonomy":"related_contact","embeddable":true,"href":"https:\/\/lindemannlaw.ch\/fr\/wp-json\/wp\/v2\/related_contact?post=22859"},{"taxonomy":"expertise","embeddable":true,"href":"https:\/\/lindemannlaw.ch\/fr\/wp-json\/wp\/v2\/expertise?post=22859"},{"taxonomy":"webparts","embeddable":true,"href":"https:\/\/lindemannlaw.ch\/fr\/wp-json\/wp\/v2\/webparts?post=22859"},{"taxonomy":"page_type","embeddable":true,"href":"https:\/\/lindemannlaw.ch\/fr\/wp-json\/wp\/v2\/page_type?post=22859"}],"curies":[{"name":"wp","href":"https:\/\/api.w.org\/{rel}","templated":true}]}}