{"id":22862,"date":"2025-07-17T08:53:05","date_gmt":"2025-07-17T07:53:05","guid":{"rendered":"https:\/\/lindemannlaw.ch\/relocation-to-the-canton-of-appenzell-ausserrhoden-migration-law-corporate-law-and-tax\/"},"modified":"2025-09-05T14:05:58","modified_gmt":"2025-09-05T13:05:58","slug":"relocation-to-the-canton-of-appenzell-ausserrhoden-migration-law-corporate-law-and-tax","status":"publish","type":"page","link":"https:\/\/lindemannlaw.ch\/fr\/relocation-to-the-canton-of-appenzell-ausserrhoden-migration-law-corporate-law-and-tax\/","title":{"rendered":"Transfer de domicile dans le canton d&rsquo;Appenzell Rhodes-Ext\u00e9rieures | Droit des migrations, droit des soci\u00e9t\u00e9s et fiscalit\u00e9"},"content":{"rendered":"<h3><img decoding=\"async\" class=\"wp-image-22350 alignleft\" src=\"https:\/\/lindemannlaw.ch\/wp-content\/uploads\/2025\/07\/appenzell_ausser_logo-247x300.jpg\" alt=\"\" width=\"200\" height=\"243\" srcset=\"https:\/\/lindemannlaw.ch\/wp-content\/uploads\/2025\/07\/appenzell_ausser_logo-247x300.jpg 247w, https:\/\/lindemannlaw.ch\/wp-content\/uploads\/2025\/07\/appenzell_ausser_logo.jpg 503w\" sizes=\"(max-width: 200px) 100vw, 200px\" \/>Vue d&rsquo;ensemble<\/h3>\n<p>Le canton d&rsquo;Appenzell Rhodes-Ext\u00e9rieures, situ\u00e9 dans le nord-est de la Suisse, est r\u00e9put\u00e9 pour sa forte tradition de PME, son identit\u00e9 culturelle dynamique et son environnement \u00e9conomique attrayant. De langue allemande, il compte environ 55 000 habitants (2023) et sa capitale est Herisau. Le canton offre une grande libert\u00e9 \u00e9conomique, une faible bureaucratie et une position strat\u00e9gique dans la r\u00e9gion \u00e9conomique de la Suisse orientale.  <\/p>\n<h3>Forces \u00e9conomiques et infrastructure<\/h3>\n<p><strong>\u2714 Une productivit\u00e9 tir\u00e9e par les PME :<\/strong> Domin\u00e9e par la fabrication de pr\u00e9cision, les microtechniques et les technologies m\u00e9dicales, avec une forte orientation vers l&rsquo;exportation.<br \/>\n\u2714 <strong>Industries cl\u00e9s :<\/strong> Microtech, m\u00e9canique de pr\u00e9cision, artisanat, agroalimentaire, cleantech et tourisme.<br \/>\n\u2714 <strong>Cadre d&rsquo;innovation :<\/strong> Soutenu par des programmes f\u00e9d\u00e9raux-r\u00e9gionaux (par exemple, les r\u00e9seaux i-net et la nouvelle politique r\u00e9gionale suisse), encourageant les projets interentreprises et ax\u00e9s sur l&rsquo;exportation.<br \/>\n\u2714 <strong>Connectivit\u00e9 :<\/strong> Liaisons ferroviaires et routi\u00e8res r\u00e9gionales avec Saint-Gall et Zurich ; int\u00e9gration dans l&rsquo;espace \u00e9conomique Saint-Gall Bodensee.<\/p>\n<h3>Fiscalit\u00e9<\/h3>\n<p><strong>Personnes morales : <\/strong>Les personnes morales sont soumises \u00e0 l&rsquo;imp\u00f4t sur les soci\u00e9t\u00e9s au taux de 13 % (Herisau) et \u00e0 un imp\u00f4t sur le capital de 0,05 % sur les capitaux propres imposables. Les dividendes et les plus-values provenant de participations qualifi\u00e9es sont exon\u00e9r\u00e9s de l&rsquo;imp\u00f4t sur les soci\u00e9t\u00e9s en raison de l&rsquo;exon\u00e9ration des participations. <\/p>\n<p><strong>Particuliers<\/strong>: Les Particuliers sont soumis \u00e0 un imp\u00f4t sur le revenu progressif, les taux d&rsquo;imposition effectifs les plus \u00e9lev\u00e9s se situant entre 26,85 % (Teufen) et 32,3 % (Hundwil). Les gains en capital priv\u00e9s sont exon\u00e9r\u00e9s d&rsquo;imp\u00f4t et les dividendes provenant de participations qualifi\u00e9es sont impos\u00e9s avec un abattement de 40 % au niveau cantonal et de 30 % au niveau f\u00e9d\u00e9ral. Par cons\u00e9quent, selon la structure des revenus, le taux d&rsquo;imposition effectif peut \u00eatre important. Le canton pr\u00e9l\u00e8ve l&rsquo;imp\u00f4t sur la fortune sur la fortune nette d&rsquo;un particulier.   <\/p>\n<h3>Soutien des pouvoirs publics \u00e0 l&rsquo;implantation des entreprises<\/h3>\n<table style=\"border-collapse: collapse; width: 100%; height: 245px;\">\n<tbody>\n<tr style=\"height: 141px;\">\n<td style=\"width: 17.9367%; height: 141px;\"><a href=\"https:\/\/wirtschaftar.ch\/\" target=\"_blank\" rel=\"noopener\"><img decoding=\"async\" class=\"alignnone wp-image-22335 size-full\" src=\"https:\/\/lindemannlaw.ch\/wp-content\/uploads\/2025\/07\/cantonal-economic-promotion-appenzell-ausserrhoden.jpg\" alt=\"\" width=\"200\" height=\"90\"><\/a><\/td>\n<td style=\"width: 82.0633%; height: 141px;\">\u2714 <strong>Promotion \u00e9conomique cantonale (Standortf\u00f6rderung AR)<\/strong><br \/>\nAgit en tant que service d&rsquo;accueil, en coordination avec les communes et les organes f\u00e9d\u00e9raux, pour soutenir les entreprises nationales et internationales.<br \/>\n<a href=\"https:\/\/wirtschaftar.ch\/\" target=\"_blank\" rel=\"noopener\">En savoir plus<\/a><\/td>\n<\/tr>\n<tr style=\"height: 52px;\">\n<td style=\"width: 17.9367%; height: 52px;\"><a href=\"https:\/\/wirtschaftar.ch\/stiftung\/\" target=\"_blank\" rel=\"noopener\"><img decoding=\"async\" class=\"alignnone wp-image-22340\" src=\"https:\/\/lindemannlaw.ch\/wp-content\/uploads\/2025\/07\/logo_stiftung_appenzell-ausserrhoden-300x66.jpg\" alt=\"\" width=\"200\" height=\"44\" srcset=\"https:\/\/lindemannlaw.ch\/wp-content\/uploads\/2025\/07\/logo_stiftung_appenzell-ausserrhoden-300x66.jpg 300w, https:\/\/lindemannlaw.ch\/wp-content\/uploads\/2025\/07\/logo_stiftung_appenzell-ausserrhoden-768x170.jpg 768w, https:\/\/lindemannlaw.ch\/wp-content\/uploads\/2025\/07\/logo_stiftung_appenzell-ausserrhoden.jpg 872w\" sizes=\"(max-width: 200px) 100vw, 200px\" \/><\/a><\/td>\n<td style=\"width: 82.0633%; height: 52px;\">\u2714 <strong>Fondation AWA &#8211; Stiftung Wirtschaftsf\u00f6rderung AR<\/strong><br \/>\nSubventionne des projets \u00e9conomiques en faveur des entreprises du canton.<br \/>\n<a href=\"https:\/\/wirtschaftar.ch\/stiftung\/\" target=\"_blank\" rel=\"noopener\">En savoir plus<\/a><\/td>\n<\/tr>\n<tr style=\"height: 52px;\">\n<td style=\"width: 17.9367%; height: 52px;\"><a href=\"https:\/\/www.chamber-commerce.net\/dir\/4026\/Saint-Gallen-Appenzell-Chamber-of-Commerce-and-Industry-in-St--Gallen\" target=\"_blank\" rel=\"noopener\"><img loading=\"lazy\" decoding=\"async\" class=\"alignnone wp-image-22345\" src=\"https:\/\/lindemannlaw.ch\/wp-content\/uploads\/2025\/07\/st.-gallen%E2%80%93appenzell-chamber-of-commerce-300x47.jpg\" alt=\"\" width=\"200\" height=\"31\"><\/a><\/td>\n<td style=\"width: 82.0633%; height: 52px;\"><strong>Gallen-Appenzell Chamber of Commerce (IHK<\/strong>)<br \/>\nChambre r\u00e9gionale offrant des r\u00e9seaux d&rsquo;affaires, des conseils en mati\u00e8re d&rsquo;exportation et des conseils juridiques et commerciaux.<br \/>\n<a href=\"https:\/\/www.chamber-commerce.net\/dir\/4026\/Saint-Gallen-Appenzell-Chamber-of-Commerce-and-Industry-in-St--Gallen\" target=\"_blank\" rel=\"noopener\">En savoir plus<\/a><\/td>\n<\/tr>\n<\/tbody>\n<\/table>\n<h3>Avantages suppl\u00e9mentaires<\/h3>\n<p>\u2714 Grande libert\u00e9 \u00e9conomique : faible bureaucratie, r\u00e9glementation du travail souple et prise de d\u00e9cision rapide.<br \/>\n\u2714 Un immobilier comp\u00e9titif et des zones industrielles bien \u00e9tablies.<br \/>\n\u2714 Excellente qualit\u00e9 de vie : richesse culturelle, caract\u00e8re rural et environnement favorable aux familles.<\/p>\n<h3>Liens officiels utiles<\/h3>\n<ul>\n<li><a href=\"https:\/\/wirtschaftar.ch\/\" target=\"_blank\" rel=\"noopener\">Standortf\u00f6rderung AR &#8211; Soutien aux entreprises cantonales<\/a><\/li>\n<li><a href=\"https:\/\/wirtschaftar.ch\/stiftung\/\" target=\"_blank\" rel=\"noopener\">Fondation de l&rsquo;AWA &#8211; Subventions de projets<\/a><\/li>\n<li><a href=\"https:\/\/www.chamber-commerce.net\/dir\/4026\/Saint-Gallen-Appenzell-Chamber-of-Commerce-and-Industry-in-St--Gallen\" target=\"_blank\" rel=\"noopener\">IHK St. Gallen-Appenzell &#8211; Chambre de commerce<\/a><\/li>\n<li><a href=\"https:\/\/www.aueb.ch\/wirtschaftsfoerderung\" target=\"_blank\" rel=\"noopener\">R\u00e9seau \u00e9conomique r\u00e9gional &#8211; Appenzellerland Bodensee<\/a><\/li>\n<li><a href=\"https:\/\/www.kmu.admin.ch\/kmu\/en\/home\/concrete-know-how\/setting-up-sme\/starting-business.html\" target=\"_blank\" rel=\"noopener\">Cr\u00e9er une entreprise en Suisse &#8211; Portail PME de la Conf\u00e9d\u00e9ration<\/a><\/li>\n<\/ul>\n<p>Le canton d&rsquo;Appenzell Rhodes-Ext\u00e9rieures offre un cadre unique pour les PME, les entrepreneurs et les innovateurs \u00e0 la recherche de libert\u00e9 \u00e9conomique, de connectivit\u00e9 r\u00e9gionale strat\u00e9gique et d&rsquo;un soutien local solide. <strong>LINDEMANNLAW<\/strong> vous offre des conseils d&rsquo;experts en mati\u00e8re de droit des migrations, de structuration d&rsquo;entreprise, de planification fiscale et de services complets de relocalisation adapt\u00e9s \u00e0 l&rsquo;environnement des Rhodes-Ext\u00e9rieures.<\/p>\n","protected":false},"excerpt":{"rendered":"<p>Vue d&rsquo;ensemble Le canton d&rsquo;Appenzell Rhodes-Ext\u00e9rieures, situ\u00e9 dans le nord-est de la Suisse, est r\u00e9put\u00e9 pour sa forte tradition de PME, son identit\u00e9 culturelle dynamique et son environnement \u00e9conomique attrayant. De langue allemande, il compte environ 55 000 habitants (2023) et sa capitale est Herisau. Le canton offre une grande libert\u00e9 \u00e9conomique, une faible bureaucratie [&hellip;]<\/p>\n","protected":false},"author":19,"featured_media":22356,"parent":0,"menu_order":0,"comment_status":"closed","ping_status":"closed","template":"","meta":{"_acf_changed":false,"site-sidebar-layout":"default","site-content-layout":"","ast-site-content-layout":"default","site-content-style":"default","site-sidebar-style":"default","ast-global-header-display":"","ast-banner-title-visibility":"","ast-main-header-display":"","ast-hfb-above-header-display":"","ast-hfb-below-header-display":"","ast-hfb-mobile-header-display":"","site-post-title":"","ast-breadcrumbs-content":"","ast-featured-img":"","footer-sml-layout":"","ast-disable-related-posts":"","theme-transparent-header-meta":"default","adv-header-id-meta":"","stick-header-meta":"","header-above-stick-meta":"","header-main-stick-meta":"","header-below-stick-meta":"","astra-migrate-meta-layouts":"default","ast-page-background-enabled":"default","ast-page-background-meta":{"desktop":{"background-color":"var(--ast-global-color-4)","background-image":"","background-repeat":"repeat","background-position":"center center","background-size":"auto","background-attachment":"scroll","background-type":"","background-media":"","overlay-type":"","overlay-color":"","overlay-opacity":"","overlay-gradient":""},"tablet":{"background-color":"","background-image":"","background-repeat":"repeat","background-position":"center center","background-size":"auto","background-attachment":"scroll","background-type":"","background-media":"","overlay-type":"","overlay-color":"","overlay-opacity":"","overlay-gradient":""},"mobile":{"background-color":"","background-image":"","background-repeat":"repeat","background-position":"center center","background-size":"auto","background-attachment":"scroll","background-type":"","background-media":"","overlay-type":"","overlay-color":"","overlay-opacity":"","overlay-gradient":""}},"ast-content-background-meta":{"desktop":{"background-color":"var(--ast-global-color-5)","background-image":"","background-repeat":"repeat","background-position":"center center","background-size":"auto","background-attachment":"scroll","background-type":"","background-media":"","overlay-type":"","overlay-color":"","overlay-opacity":"","overlay-gradient":""},"tablet":{"background-color":"var(--ast-global-color-5)","background-image":"","background-repeat":"repeat","background-position":"center center","background-size":"auto","background-attachment":"scroll","background-type":"","background-media":"","overlay-type":"","overlay-color":"","overlay-opacity":"","overlay-gradient":""},"mobile":{"background-color":"var(--ast-global-color-5)","background-image":"","background-repeat":"repeat","background-position":"center center","background-size":"auto","background-attachment":"scroll","background-type":"","background-media":"","overlay-type":"","overlay-color":"","overlay-opacity":"","overlay-gradient":""}},"footnotes":""},"related_contact":[201,438],"expertise":[191,361],"webparts":[],"page_type":[],"class_list":["post-22862","page","type-page","status-publish","has-post-thumbnail","hentry"],"acf":[],"yoast_head":"<!-- This site is optimized with the Yoast SEO Premium plugin v27.3 (Yoast SEO v27.3) - https:\/\/yoast.com\/product\/yoast-seo-premium-wordpress\/ -->\n<title>Transfer de domicile dans le canton d&#039;Appenzell Rhodes-Ext\u00e9rieures | Droit des migrations, droit des soci\u00e9t\u00e9s et fiscalit\u00e9 | Lindemann Law<\/title>\n<meta name=\"description\" content=\"D\u00e9couvrez les avantages d&#039;une installation dans le canton d&#039;Appenzell Rhodes-Ext\u00e9rieures. LINDEMANNLAW conseille les Particuliers, les familles et les entrepreneurs en mati\u00e8re de droit des migrations, de droit des soci\u00e9t\u00e9s et de fiscalit\u00e9 en Suisse.\" \/>\n<meta name=\"robots\" content=\"index, follow, max-snippet:-1, max-image-preview:large, max-video-preview:-1\" \/>\n<link rel=\"canonical\" href=\"https:\/\/lindemannlaw.ch\/fr\/relocation-to-the-canton-of-appenzell-ausserrhoden-migration-law-corporate-law-and-tax\/\" \/>\n<meta property=\"og:locale\" content=\"fr_FR\" \/>\n<meta property=\"og:type\" content=\"article\" \/>\n<meta property=\"og:title\" content=\"Transfer de domicile dans le canton d&#039;Appenzell Rhodes-Ext\u00e9rieures | Droit des migrations, droit des soci\u00e9t\u00e9s et fiscalit\u00e9\" \/>\n<meta property=\"og:description\" content=\"D\u00e9couvrez les avantages d&#039;une installation dans le canton d&#039;Appenzell Rhodes-Ext\u00e9rieures. LINDEMANNLAW conseille les Particuliers, les familles et les entrepreneurs en mati\u00e8re de droit des migrations, de droit des soci\u00e9t\u00e9s et de fiscalit\u00e9 en Suisse.\" \/>\n<meta property=\"og:url\" content=\"https:\/\/lindemannlaw.ch\/fr\/relocation-to-the-canton-of-appenzell-ausserrhoden-migration-law-corporate-law-and-tax\/\" \/>\n<meta property=\"og:site_name\" content=\"Lindemann Law\" \/>\n<meta property=\"article:modified_time\" content=\"2025-09-05T13:05:58+00:00\" \/>\n<meta property=\"og:image\" content=\"https:\/\/lindemannlaw.ch\/wp-content\/uploads\/2025\/07\/appenzell-ausserrhoden-web.webp\" \/>\n\t<meta property=\"og:image:width\" content=\"1620\" \/>\n\t<meta property=\"og:image:height\" content=\"911\" \/>\n\t<meta property=\"og:image:type\" content=\"image\/webp\" \/>\n<meta name=\"twitter:card\" content=\"summary_large_image\" \/>\n<meta name=\"twitter:site\" content=\"@Lindemann_law\" \/>\n<meta name=\"twitter:label1\" content=\"Dur\u00e9e de lecture estim\u00e9e\" \/>\n\t<meta name=\"twitter:data1\" content=\"3 minutes\" \/>\n<script type=\"application\/ld+json\" class=\"yoast-schema-graph\">{\"@context\":\"https:\\\/\\\/schema.org\",\"@graph\":[{\"@type\":\"WebPage\",\"@id\":\"https:\\\/\\\/lindemannlaw.ch\\\/fr\\\/relocation-to-the-canton-of-appenzell-ausserrhoden-migration-law-corporate-law-and-tax\\\/\",\"url\":\"https:\\\/\\\/lindemannlaw.ch\\\/fr\\\/relocation-to-the-canton-of-appenzell-ausserrhoden-migration-law-corporate-law-and-tax\\\/\",\"name\":\"Transfer de domicile dans le canton d'Appenzell Rhodes-Ext\u00e9rieures | Droit des migrations, droit des soci\u00e9t\u00e9s et fiscalit\u00e9 | Lindemann Law\",\"isPartOf\":{\"@id\":\"https:\\\/\\\/lindemannlaw.ch\\\/fr\\\/#website\"},\"primaryImageOfPage\":{\"@id\":\"https:\\\/\\\/lindemannlaw.ch\\\/fr\\\/relocation-to-the-canton-of-appenzell-ausserrhoden-migration-law-corporate-law-and-tax\\\/#primaryimage\"},\"image\":{\"@id\":\"https:\\\/\\\/lindemannlaw.ch\\\/fr\\\/relocation-to-the-canton-of-appenzell-ausserrhoden-migration-law-corporate-law-and-tax\\\/#primaryimage\"},\"thumbnailUrl\":\"https:\\\/\\\/lindemannlaw.ch\\\/wp-content\\\/uploads\\\/2025\\\/07\\\/appenzell-ausserrhoden-web.webp\",\"datePublished\":\"2025-07-17T07:53:05+00:00\",\"dateModified\":\"2025-09-05T13:05:58+00:00\",\"description\":\"D\u00e9couvrez les avantages d'une installation dans le canton d'Appenzell Rhodes-Ext\u00e9rieures. LINDEMANNLAW conseille les Particuliers, les familles et les entrepreneurs en mati\u00e8re de droit des migrations, de droit des soci\u00e9t\u00e9s et de fiscalit\u00e9 en Suisse.\",\"breadcrumb\":{\"@id\":\"https:\\\/\\\/lindemannlaw.ch\\\/fr\\\/relocation-to-the-canton-of-appenzell-ausserrhoden-migration-law-corporate-law-and-tax\\\/#breadcrumb\"},\"inLanguage\":\"fr-FR\",\"potentialAction\":[{\"@type\":\"ReadAction\",\"target\":[\"https:\\\/\\\/lindemannlaw.ch\\\/fr\\\/relocation-to-the-canton-of-appenzell-ausserrhoden-migration-law-corporate-law-and-tax\\\/\"]}]},{\"@type\":\"ImageObject\",\"inLanguage\":\"fr-FR\",\"@id\":\"https:\\\/\\\/lindemannlaw.ch\\\/fr\\\/relocation-to-the-canton-of-appenzell-ausserrhoden-migration-law-corporate-law-and-tax\\\/#primaryimage\",\"url\":\"https:\\\/\\\/lindemannlaw.ch\\\/wp-content\\\/uploads\\\/2025\\\/07\\\/appenzell-ausserrhoden-web.webp\",\"contentUrl\":\"https:\\\/\\\/lindemannlaw.ch\\\/wp-content\\\/uploads\\\/2025\\\/07\\\/appenzell-ausserrhoden-web.webp\",\"width\":1620,\"height\":911},{\"@type\":\"BreadcrumbList\",\"@id\":\"https:\\\/\\\/lindemannlaw.ch\\\/fr\\\/relocation-to-the-canton-of-appenzell-ausserrhoden-migration-law-corporate-law-and-tax\\\/#breadcrumb\",\"itemListElement\":[{\"@type\":\"ListItem\",\"position\":1,\"name\":\"Home\",\"item\":\"https:\\\/\\\/lindemannlaw.ch\\\/fr\\\/\"},{\"@type\":\"ListItem\",\"position\":2,\"name\":\"Transfer de domicile dans le canton d&rsquo;Appenzell Rhodes-Ext\u00e9rieures | Droit des migrations, droit des soci\u00e9t\u00e9s et fiscalit\u00e9\"}]},{\"@type\":\"WebSite\",\"@id\":\"https:\\\/\\\/lindemannlaw.ch\\\/fr\\\/#website\",\"url\":\"https:\\\/\\\/lindemannlaw.ch\\\/fr\\\/\",\"name\":\"Lindemann Law\",\"description\":\"Asset Management legal services\",\"publisher\":{\"@id\":\"https:\\\/\\\/lindemannlaw.ch\\\/fr\\\/#organization\"},\"potentialAction\":[{\"@type\":\"SearchAction\",\"target\":{\"@type\":\"EntryPoint\",\"urlTemplate\":\"https:\\\/\\\/lindemannlaw.ch\\\/fr\\\/?s={search_term_string}\"},\"query-input\":{\"@type\":\"PropertyValueSpecification\",\"valueRequired\":true,\"valueName\":\"search_term_string\"}}],\"inLanguage\":\"fr-FR\"},{\"@type\":\"Organization\",\"@id\":\"https:\\\/\\\/lindemannlaw.ch\\\/fr\\\/#organization\",\"name\":\"Lindemann Law\",\"url\":\"https:\\\/\\\/lindemannlaw.ch\\\/fr\\\/\",\"logo\":{\"@type\":\"ImageObject\",\"inLanguage\":\"fr-FR\",\"@id\":\"https:\\\/\\\/lindemannlaw.ch\\\/fr\\\/#\\\/schema\\\/logo\\\/image\\\/\",\"url\":\"https:\\\/\\\/lindemannlaw.ch\\\/wp-content\\\/uploads\\\/2021\\\/01\\\/logo-lindemannlaw_cropped.png\",\"contentUrl\":\"https:\\\/\\\/lindemannlaw.ch\\\/wp-content\\\/uploads\\\/2021\\\/01\\\/logo-lindemannlaw_cropped.png\",\"width\":150,\"height\":73,\"caption\":\"Lindemann Law\"},\"image\":{\"@id\":\"https:\\\/\\\/lindemannlaw.ch\\\/fr\\\/#\\\/schema\\\/logo\\\/image\\\/\"},\"sameAs\":[\"https:\\\/\\\/x.com\\\/Lindemann_law\",\"https:\\\/\\\/www.linkedin.com\\\/company\\\/lindemannlaw\\\/\"]}]}<\/script>\n<!-- \/ Yoast SEO Premium plugin. -->","yoast_head_json":{"title":"Transfer de domicile dans le canton d'Appenzell Rhodes-Ext\u00e9rieures | Droit des migrations, droit des soci\u00e9t\u00e9s et fiscalit\u00e9 | Lindemann Law","description":"D\u00e9couvrez les avantages d'une installation dans le canton d'Appenzell Rhodes-Ext\u00e9rieures. LINDEMANNLAW conseille les Particuliers, les familles et les entrepreneurs en mati\u00e8re de droit des migrations, de droit des soci\u00e9t\u00e9s et de fiscalit\u00e9 en Suisse.","robots":{"index":"index","follow":"follow","max-snippet":"max-snippet:-1","max-image-preview":"max-image-preview:large","max-video-preview":"max-video-preview:-1"},"canonical":"https:\/\/lindemannlaw.ch\/fr\/relocation-to-the-canton-of-appenzell-ausserrhoden-migration-law-corporate-law-and-tax\/","og_locale":"fr_FR","og_type":"article","og_title":"Transfer de domicile dans le canton d'Appenzell Rhodes-Ext\u00e9rieures | Droit des migrations, droit des soci\u00e9t\u00e9s et fiscalit\u00e9","og_description":"D\u00e9couvrez les avantages d'une installation dans le canton d'Appenzell Rhodes-Ext\u00e9rieures. LINDEMANNLAW conseille les Particuliers, les familles et les entrepreneurs en mati\u00e8re de droit des migrations, de droit des soci\u00e9t\u00e9s et de fiscalit\u00e9 en Suisse.","og_url":"https:\/\/lindemannlaw.ch\/fr\/relocation-to-the-canton-of-appenzell-ausserrhoden-migration-law-corporate-law-and-tax\/","og_site_name":"Lindemann Law","article_modified_time":"2025-09-05T13:05:58+00:00","og_image":[{"width":1620,"height":911,"url":"https:\/\/lindemannlaw.ch\/wp-content\/uploads\/2025\/07\/appenzell-ausserrhoden-web.webp","type":"image\/webp"}],"twitter_card":"summary_large_image","twitter_site":"@Lindemann_law","twitter_misc":{"Dur\u00e9e de lecture estim\u00e9e":"3 minutes"},"schema":{"@context":"https:\/\/schema.org","@graph":[{"@type":"WebPage","@id":"https:\/\/lindemannlaw.ch\/fr\/relocation-to-the-canton-of-appenzell-ausserrhoden-migration-law-corporate-law-and-tax\/","url":"https:\/\/lindemannlaw.ch\/fr\/relocation-to-the-canton-of-appenzell-ausserrhoden-migration-law-corporate-law-and-tax\/","name":"Transfer de domicile dans le canton d'Appenzell Rhodes-Ext\u00e9rieures | Droit des migrations, droit des soci\u00e9t\u00e9s et fiscalit\u00e9 | Lindemann Law","isPartOf":{"@id":"https:\/\/lindemannlaw.ch\/fr\/#website"},"primaryImageOfPage":{"@id":"https:\/\/lindemannlaw.ch\/fr\/relocation-to-the-canton-of-appenzell-ausserrhoden-migration-law-corporate-law-and-tax\/#primaryimage"},"image":{"@id":"https:\/\/lindemannlaw.ch\/fr\/relocation-to-the-canton-of-appenzell-ausserrhoden-migration-law-corporate-law-and-tax\/#primaryimage"},"thumbnailUrl":"https:\/\/lindemannlaw.ch\/wp-content\/uploads\/2025\/07\/appenzell-ausserrhoden-web.webp","datePublished":"2025-07-17T07:53:05+00:00","dateModified":"2025-09-05T13:05:58+00:00","description":"D\u00e9couvrez les avantages d'une installation dans le canton d'Appenzell Rhodes-Ext\u00e9rieures. LINDEMANNLAW conseille les Particuliers, les familles et les entrepreneurs en mati\u00e8re de droit des migrations, de droit des soci\u00e9t\u00e9s et de fiscalit\u00e9 en Suisse.","breadcrumb":{"@id":"https:\/\/lindemannlaw.ch\/fr\/relocation-to-the-canton-of-appenzell-ausserrhoden-migration-law-corporate-law-and-tax\/#breadcrumb"},"inLanguage":"fr-FR","potentialAction":[{"@type":"ReadAction","target":["https:\/\/lindemannlaw.ch\/fr\/relocation-to-the-canton-of-appenzell-ausserrhoden-migration-law-corporate-law-and-tax\/"]}]},{"@type":"ImageObject","inLanguage":"fr-FR","@id":"https:\/\/lindemannlaw.ch\/fr\/relocation-to-the-canton-of-appenzell-ausserrhoden-migration-law-corporate-law-and-tax\/#primaryimage","url":"https:\/\/lindemannlaw.ch\/wp-content\/uploads\/2025\/07\/appenzell-ausserrhoden-web.webp","contentUrl":"https:\/\/lindemannlaw.ch\/wp-content\/uploads\/2025\/07\/appenzell-ausserrhoden-web.webp","width":1620,"height":911},{"@type":"BreadcrumbList","@id":"https:\/\/lindemannlaw.ch\/fr\/relocation-to-the-canton-of-appenzell-ausserrhoden-migration-law-corporate-law-and-tax\/#breadcrumb","itemListElement":[{"@type":"ListItem","position":1,"name":"Home","item":"https:\/\/lindemannlaw.ch\/fr\/"},{"@type":"ListItem","position":2,"name":"Transfer de domicile dans le canton d&rsquo;Appenzell Rhodes-Ext\u00e9rieures | Droit des migrations, droit des soci\u00e9t\u00e9s et fiscalit\u00e9"}]},{"@type":"WebSite","@id":"https:\/\/lindemannlaw.ch\/fr\/#website","url":"https:\/\/lindemannlaw.ch\/fr\/","name":"Lindemann Law","description":"Asset Management legal services","publisher":{"@id":"https:\/\/lindemannlaw.ch\/fr\/#organization"},"potentialAction":[{"@type":"SearchAction","target":{"@type":"EntryPoint","urlTemplate":"https:\/\/lindemannlaw.ch\/fr\/?s={search_term_string}"},"query-input":{"@type":"PropertyValueSpecification","valueRequired":true,"valueName":"search_term_string"}}],"inLanguage":"fr-FR"},{"@type":"Organization","@id":"https:\/\/lindemannlaw.ch\/fr\/#organization","name":"Lindemann Law","url":"https:\/\/lindemannlaw.ch\/fr\/","logo":{"@type":"ImageObject","inLanguage":"fr-FR","@id":"https:\/\/lindemannlaw.ch\/fr\/#\/schema\/logo\/image\/","url":"https:\/\/lindemannlaw.ch\/wp-content\/uploads\/2021\/01\/logo-lindemannlaw_cropped.png","contentUrl":"https:\/\/lindemannlaw.ch\/wp-content\/uploads\/2021\/01\/logo-lindemannlaw_cropped.png","width":150,"height":73,"caption":"Lindemann Law"},"image":{"@id":"https:\/\/lindemannlaw.ch\/fr\/#\/schema\/logo\/image\/"},"sameAs":["https:\/\/x.com\/Lindemann_law","https:\/\/www.linkedin.com\/company\/lindemannlaw\/"]}]}},"_links":{"self":[{"href":"https:\/\/lindemannlaw.ch\/fr\/wp-json\/wp\/v2\/pages\/22862","targetHints":{"allow":["GET"]}}],"collection":[{"href":"https:\/\/lindemannlaw.ch\/fr\/wp-json\/wp\/v2\/pages"}],"about":[{"href":"https:\/\/lindemannlaw.ch\/fr\/wp-json\/wp\/v2\/types\/page"}],"author":[{"embeddable":true,"href":"https:\/\/lindemannlaw.ch\/fr\/wp-json\/wp\/v2\/users\/19"}],"replies":[{"embeddable":true,"href":"https:\/\/lindemannlaw.ch\/fr\/wp-json\/wp\/v2\/comments?post=22862"}],"version-history":[{"count":0,"href":"https:\/\/lindemannlaw.ch\/fr\/wp-json\/wp\/v2\/pages\/22862\/revisions"}],"wp:featuredmedia":[{"embeddable":true,"href":"https:\/\/lindemannlaw.ch\/fr\/wp-json\/wp\/v2\/media\/22356"}],"wp:attachment":[{"href":"https:\/\/lindemannlaw.ch\/fr\/wp-json\/wp\/v2\/media?parent=22862"}],"wp:term":[{"taxonomy":"related_contact","embeddable":true,"href":"https:\/\/lindemannlaw.ch\/fr\/wp-json\/wp\/v2\/related_contact?post=22862"},{"taxonomy":"expertise","embeddable":true,"href":"https:\/\/lindemannlaw.ch\/fr\/wp-json\/wp\/v2\/expertise?post=22862"},{"taxonomy":"webparts","embeddable":true,"href":"https:\/\/lindemannlaw.ch\/fr\/wp-json\/wp\/v2\/webparts?post=22862"},{"taxonomy":"page_type","embeddable":true,"href":"https:\/\/lindemannlaw.ch\/fr\/wp-json\/wp\/v2\/page_type?post=22862"}],"curies":[{"name":"wp","href":"https:\/\/api.w.org\/{rel}","templated":true}]}}