{"id":22863,"date":"2025-07-16T07:49:41","date_gmt":"2025-07-16T06:49:41","guid":{"rendered":"https:\/\/lindemannlaw.ch\/relocation-to-the-canton-of-solothurn-migration-law-corporate-law-and-tax\/"},"modified":"2025-09-05T14:05:58","modified_gmt":"2025-09-05T13:05:58","slug":"relocation-to-the-canton-of-solothurn-migration-law-corporate-law-and-tax","status":"publish","type":"page","link":"https:\/\/lindemannlaw.ch\/fr\/relocation-to-the-canton-of-solothurn-migration-law-corporate-law-and-tax\/","title":{"rendered":"Transfer de domicile dans le canton de Soleure | Droit des migrations, droit des soci\u00e9t\u00e9s et fiscalit\u00e9"},"content":{"rendered":"<h3> <img decoding=\"async\" class=\"wp-image-22222 alignleft\" src=\"https:\/\/lindemannlaw.ch\/wp-content\/uploads\/2025\/07\/solothurn_logo-247x300.png\" alt=\"\" width=\"200\" height=\"243\" srcset=\"https:\/\/lindemannlaw.ch\/wp-content\/uploads\/2025\/07\/solothurn_logo-247x300.png 247w, https:\/\/lindemannlaw.ch\/wp-content\/uploads\/2025\/07\/solothurn_logo.png 768w\" sizes=\"(max-width: 200px) 100vw, 200px\" \/>Vue d&rsquo;ensemble<\/h3>\n<p>Le canton de Soleure est situ\u00e9 dans le nord-ouest de la Suisse et sert de plaque tournante industrielle et logistique entre B\u00e2le, Berne et Zurich. Avec environ 285 000 habitants (2023), sa capitale est Soleure, connue comme la \u00ab\u00a0plus belle ville baroque de Suisse\u00a0\u00bb. Le canton offre une \u00e9conomie tr\u00e8s diversifi\u00e9e et une position centrale pour l&rsquo;acc\u00e8s aux march\u00e9s suisse et europ\u00e9en.  <\/p>\n<h3>Forces \u00e9conomiques et infrastructure<\/h3>\n<p><strong>PIB<\/strong>: Une forte contribution \u00e0 l&rsquo;industrie manufacturi\u00e8re suisse, \u00e0 l&rsquo;\u00e9nergie et aux services li\u00e9s aux soins de sant\u00e9.<br \/>\n\u2714 <strong>Industries cl\u00e9s<\/strong>: Medtech, m\u00e9canique de pr\u00e9cision, machines, logistique, TIC et \u00e9nergies renouvelables.<br \/>\n\u2714 <strong>\u00c9ducation et recherche<\/strong>: Haute \u00e9cole sp\u00e9cialis\u00e9e du nord-ouest de la Suisse (FHNW), et \u00e9coles techniques soutenant la R&amp;D appliqu\u00e9e et la formation professionnelle.<br \/>\n\u2714 <strong>Transport et connectivit\u00e9<\/strong>: Acc\u00e8s autoroutier et ferroviaire strat\u00e9gique \u00e0 B\u00e2le, Berne et Zurich ; logistique de fret efficace et proximit\u00e9 des principaux a\u00e9roports.<\/p>\n<h3>Fiscalit\u00e9<\/h3>\n<p><strong>Personnes morales : <\/strong>Les personnes morales sont soumises \u00e0 un imp\u00f4t sur le revenu des soci\u00e9t\u00e9s au taux de 15,3 % (Soleure) et \u00e0 un imp\u00f4t sur le capital de 0,17 % sur les fonds propres imposables. L&rsquo;imp\u00f4t sur le capital est compens\u00e9 par l&rsquo;imp\u00f4t sur le revenu des soci\u00e9t\u00e9s. Ainsi, si l&rsquo;imp\u00f4t sur le revenu des soci\u00e9t\u00e9s est sup\u00e9rieur \u00e0 l&rsquo;imp\u00f4t sur le capital, aucun imp\u00f4t sur le capital n&rsquo;est d\u00fb. Les dividendes et les gains en capital provenant de participations qualifi\u00e9es sont exon\u00e9r\u00e9s de l&rsquo;imp\u00f4t sur les soci\u00e9t\u00e9s en raison de l&rsquo;exon\u00e9ration des participations.   <\/p>\n<p><strong>Particuliers<\/strong>: Les Particuliers sont soumis \u00e0 un imp\u00f4t sur le revenu progressif, les taux d&rsquo;imposition effectifs les plus \u00e9lev\u00e9s se situant entre 29,25 % (Kammersrohr) et 37 % (Zullwil). Les gains en capital priv\u00e9s sont exon\u00e9r\u00e9s d&rsquo;imp\u00f4t et les dividendes provenant de participations qualifi\u00e9es sont impos\u00e9s avec un abattement de 30 % au niveau cantonal et de 30 % au niveau f\u00e9d\u00e9ral. Par cons\u00e9quent, selon la structure des revenus, le taux d&rsquo;imposition effectif peut \u00eatre important. Le canton pr\u00e9l\u00e8ve l&rsquo;imp\u00f4t sur la fortune sur la fortune nette d&rsquo;un particulier. Il existe un r\u00e9gime d&rsquo;imposition forfaitaire.    <\/p>\n<h3>Soutien des pouvoirs publics \u00e0 l&rsquo;implantation des entreprises<\/h3>\n<table style=\"border-collapse: collapse; width: 100%; height: 375px;\">\n<tbody>\n<tr style=\"height: 141px;\">\n<td style=\"width: 25.1229%; height: 141px;\"><a href=\"https:\/\/standortsolothurn.so.ch\/en\/\"><img decoding=\"async\" class=\"alignnone wp-image-22202\" src=\"https:\/\/lindemannlaw.ch\/wp-content\/uploads\/2025\/07\/kanton_solothurn_logo-300x43.webp\" alt=\"\" width=\"200\" height=\"29\" srcset=\"https:\/\/lindemannlaw.ch\/wp-content\/uploads\/2025\/07\/kanton_solothurn_logo-300x43.webp 300w, https:\/\/lindemannlaw.ch\/wp-content\/uploads\/2025\/07\/kanton_solothurn_logo-1024x148.webp 1024w, https:\/\/lindemannlaw.ch\/wp-content\/uploads\/2025\/07\/kanton_solothurn_logo-768x111.webp 768w, https:\/\/lindemannlaw.ch\/wp-content\/uploads\/2025\/07\/kanton_solothurn_logo.webp 1200w\" sizes=\"(max-width: 200px) 100vw, 200px\" \/><\/a><\/td>\n<td style=\"width: 74.8771%; height: 141px;\"><strong>\u2714 Bureau de promotion \u00e9conomique de Soleure<\/strong><br \/>\nAide \u00e0 l&rsquo;implantation d&rsquo;entreprises, aux autorisations, aux possibilit\u00e9s de financement et \u00e0 l&rsquo;int\u00e9gration dans les r\u00e9seaux d&rsquo;entreprises.<br \/>\n<a href=\"https:\/\/standortsolothurn.so.ch\/en\/\" target=\"_blank\" rel=\"noopener\">En savoir plus<\/a><\/td>\n<\/tr>\n<tr style=\"height: 130px;\">\n<td style=\"width: 25.1229%; height: 130px;\"><a href=\"https:\/\/www.regioenergie.ch\/\" target=\"_blank\" rel=\"noopener\"><img decoding=\"async\" class=\"alignnone wp-image-22207\" src=\"https:\/\/lindemannlaw.ch\/wp-content\/uploads\/2025\/07\/regio-energie-solothurn-logo-300x104.jpg\" alt=\"\" width=\"200\" height=\"70\" srcset=\"https:\/\/lindemannlaw.ch\/wp-content\/uploads\/2025\/07\/regio-energie-solothurn-logo-300x104.jpg 300w, https:\/\/lindemannlaw.ch\/wp-content\/uploads\/2025\/07\/regio-energie-solothurn-logo-768x267.jpg 768w, https:\/\/lindemannlaw.ch\/wp-content\/uploads\/2025\/07\/regio-energie-solothurn-logo.jpg 886w\" sizes=\"(max-width: 200px) 100vw, 200px\" \/><\/a><\/td>\n<td style=\"width: 74.8771%; height: 130px;\">\u2714 <strong>Regio Energie Solothurn &#8211; Business Services<\/strong><br \/>\nFournit des solutions d&rsquo;infrastructure \u00e9nerg\u00e9tique et des services d&rsquo;utilit\u00e9 publique durables pour les op\u00e9rations commerciales.<br \/>\n<a href=\"https:\/\/www.regioenergie.ch\/\" target=\"_blank\" rel=\"noopener\">En savoir plus<\/a><\/td>\n<\/tr>\n<tr style=\"height: 52px;\">\n<td style=\"width: 25.1229%; height: 52px;\"><a href=\"https:\/\/www.sohk.ch\/\" target=\"_blank\" rel=\"noopener\"><img loading=\"lazy\" decoding=\"async\" class=\"alignnone wp-image-22212\" src=\"https:\/\/lindemannlaw.ch\/wp-content\/uploads\/2025\/07\/solothurner-handelskammer-logo.jpg\" alt=\"\" width=\"200\" height=\"123\"><\/a><\/td>\n<td style=\"width: 74.8771%; height: 52px;\"><strong>\u2714 Chambre de commerce de Soleure (SOHK<\/strong>)<br \/>\nAide les entrepreneurs en leur fournissant des conseils juridiques, des r\u00e9seaux locaux et une assistance \u00e0 l&rsquo;exportation et \u00e0 l&rsquo;importation.<br \/>\n<a href=\"https:\/\/www.sohk.ch\/\" target=\"_blank\" rel=\"noopener\">En savoir plus<\/a><\/td>\n<\/tr>\n<tr style=\"height: 52px;\">\n<td style=\"width: 25.1229%; height: 52px;\"><a href=\"https:\/\/www.sipbb.ch\/\" target=\"_blank\" rel=\"noopener\"><img loading=\"lazy\" decoding=\"async\" class=\"alignnone wp-image-21785\" src=\"https:\/\/lindemannlaw.ch\/wp-content\/uploads\/2025\/07\/switzerland-innovation-park-biel-bienne-e1751901611692.png\" alt=\"\" width=\"200\" height=\"100\" srcset=\"https:\/\/lindemannlaw.ch\/wp-content\/uploads\/2025\/07\/switzerland-innovation-park-biel-bienne-e1751901611692.png 810w, https:\/\/lindemannlaw.ch\/wp-content\/uploads\/2025\/07\/switzerland-innovation-park-biel-bienne-e1751901611692-300x150.png 300w, https:\/\/lindemannlaw.ch\/wp-content\/uploads\/2025\/07\/switzerland-innovation-park-biel-bienne-e1751901611692-768x385.png 768w\" sizes=\"(max-width: 200px) 100vw, 200px\" \/><\/a><\/td>\n<td style=\"width: 74.8771%; height: 52px;\">\u2714 <strong>Switzerland Innovation Park Biel\/Bienne (acc\u00e8s r\u00e9gional<\/strong>)<br \/>\nSoutient les start-ups et les entreprises de technologie industrielle pr\u00e8s de Soleure gr\u00e2ce \u00e0 des partenariats r\u00e9gionaux.<br \/>\n<a href=\"https:\/\/www.sipbb.ch\/\" target=\"_blank\" rel=\"noopener\">En savoir plus<\/a><\/td>\n<\/tr>\n<\/tbody>\n<\/table>\n<h3>Avantages suppl\u00e9mentaires<\/h3>\n<p>\u2714 Des processus juridiques et administratifs efficaces pour la cr\u00e9ation d&rsquo;entreprises et la migration.<br \/>\n\u2714 Des zones industrielles bien d\u00e9velopp\u00e9es et un immobilier commercial abordable.<br \/>\n\u2714 Une qualit\u00e9 de vie \u00e9lev\u00e9e : richesse culturelle, excellentes \u00e9coles et zones r\u00e9sidentielles attrayantes proches de la nature.<\/p>\n<h3>Liens officiels utiles<\/h3>\n<ul>\n<li><a href=\"https:\/\/standortsolothurn.so.ch\/en\/\" target=\"_blank\" rel=\"noopener\">Bureau de d\u00e9veloppement \u00e9conomique de Soleure<\/a><\/li>\n<li><a href=\"https:\/\/www.sohk.ch\/\" target=\"_blank\" rel=\"noopener\">Chambre de commerce de Soleure (SOHK)<\/a><\/li>\n<li><a href=\"https:\/\/www.regioenergie.ch\/\" target=\"_blank\" rel=\"noopener\">Regio Energie Solothurn<\/a><\/li>\n<li><a href=\"https:\/\/www.sipbb.ch\/\" target=\"_blank\" rel=\"noopener\">Suisse Parc d&rsquo;innovation Biel\/Bienne<\/a><\/li>\n<li><a href=\"https:\/\/so.chregister.ch\/cr-portal\/suche\/suche.xhtml#:~:text=Auf%20diesem%20Portal%20k%C3%B6nnen%20Sie%20die%20publizierten%20Daten,Browser%20oder%20als%20pdf-Dokument%20angezeigt%20bzw.%20heruntergeladen%20werden.\" target=\"_blank\" rel=\"noopener\">Annuaire des entreprises de Soleure<\/a><\/li>\n<li><a href=\"https:\/\/www.kmu.admin.ch\/kmu\/en\/home\/concrete-know-how\/setting-up-sme\/starting-business.html\" target=\"_blank\" rel=\"noopener\">Cr\u00e9er une entreprise en Suisse (Portail PME de la Conf\u00e9d\u00e9ration)<\/a><\/li>\n<\/ul>\n<p>Le canton de Soleure offre un acc\u00e8s strat\u00e9gique aux march\u00e9s de la Suisse et de l&rsquo;Union europ\u00e9enne, une infrastructure industrielle solide et un environnement juridique et commercial favorable. <strong>LINDEMANNLAW<\/strong> assiste les entrepreneurs, les familles et les investisseurs en mati\u00e8re de droit des migrations, de droit des soci\u00e9t\u00e9s, de structuration fiscale et de soutien \u00e0 la relocalisation dans le canton de Soleure.<\/p>\n","protected":false},"excerpt":{"rendered":"<p>Vue d&rsquo;ensemble Le canton de Soleure est situ\u00e9 dans le nord-ouest de la Suisse et sert de plaque tournante industrielle et logistique entre B\u00e2le, Berne et Zurich. Avec environ 285 000 habitants (2023), sa capitale est Soleure, connue comme la \u00ab\u00a0plus belle ville baroque de Suisse\u00a0\u00bb. Le canton offre une \u00e9conomie tr\u00e8s diversifi\u00e9e et une [&hellip;]<\/p>\n","protected":false},"author":19,"featured_media":22218,"parent":0,"menu_order":0,"comment_status":"closed","ping_status":"closed","template":"","meta":{"_acf_changed":false,"site-sidebar-layout":"default","site-content-layout":"","ast-site-content-layout":"default","site-content-style":"default","site-sidebar-style":"default","ast-global-header-display":"","ast-banner-title-visibility":"","ast-main-header-display":"","ast-hfb-above-header-display":"","ast-hfb-below-header-display":"","ast-hfb-mobile-header-display":"","site-post-title":"","ast-breadcrumbs-content":"","ast-featured-img":"","footer-sml-layout":"","ast-disable-related-posts":"","theme-transparent-header-meta":"default","adv-header-id-meta":"","stick-header-meta":"","header-above-stick-meta":"","header-main-stick-meta":"","header-below-stick-meta":"","astra-migrate-meta-layouts":"default","ast-page-background-enabled":"default","ast-page-background-meta":{"desktop":{"background-color":"var(--ast-global-color-4)","background-image":"","background-repeat":"repeat","background-position":"center center","background-size":"auto","background-attachment":"scroll","background-type":"","background-media":"","overlay-type":"","overlay-color":"","overlay-opacity":"","overlay-gradient":""},"tablet":{"background-color":"","background-image":"","background-repeat":"repeat","background-position":"center center","background-size":"auto","background-attachment":"scroll","background-type":"","background-media":"","overlay-type":"","overlay-color":"","overlay-opacity":"","overlay-gradient":""},"mobile":{"background-color":"","background-image":"","background-repeat":"repeat","background-position":"center center","background-size":"auto","background-attachment":"scroll","background-type":"","background-media":"","overlay-type":"","overlay-color":"","overlay-opacity":"","overlay-gradient":""}},"ast-content-background-meta":{"desktop":{"background-color":"var(--ast-global-color-5)","background-image":"","background-repeat":"repeat","background-position":"center center","background-size":"auto","background-attachment":"scroll","background-type":"","background-media":"","overlay-type":"","overlay-color":"","overlay-opacity":"","overlay-gradient":""},"tablet":{"background-color":"var(--ast-global-color-5)","background-image":"","background-repeat":"repeat","background-position":"center center","background-size":"auto","background-attachment":"scroll","background-type":"","background-media":"","overlay-type":"","overlay-color":"","overlay-opacity":"","overlay-gradient":""},"mobile":{"background-color":"var(--ast-global-color-5)","background-image":"","background-repeat":"repeat","background-position":"center center","background-size":"auto","background-attachment":"scroll","background-type":"","background-media":"","overlay-type":"","overlay-color":"","overlay-opacity":"","overlay-gradient":""}},"footnotes":""},"related_contact":[201,438],"expertise":[191,361],"webparts":[],"page_type":[],"class_list":["post-22863","page","type-page","status-publish","has-post-thumbnail","hentry"],"acf":[],"yoast_head":"<!-- This site is optimized with the Yoast SEO Premium plugin v27.3 (Yoast SEO v27.3) - https:\/\/yoast.com\/product\/yoast-seo-premium-wordpress\/ -->\n<title>Transfer de domicile dans le canton de Soleure | Droit des migrations, droit des soci\u00e9t\u00e9s et fiscalit\u00e9 | Lindemann Law<\/title>\n<meta name=\"description\" content=\"D\u00e9couvrez les avantages d&#039;une installation dans le canton de Soleure. LINDEMANNLAW conseille les Particuliers, les familles et les entrepreneurs en mati\u00e8re de droit des migrations, de droit des soci\u00e9t\u00e9s et de fiscalit\u00e9 en Suisse.\" \/>\n<meta name=\"robots\" content=\"index, follow, max-snippet:-1, max-image-preview:large, max-video-preview:-1\" \/>\n<link rel=\"canonical\" href=\"https:\/\/lindemannlaw.ch\/fr\/relocation-to-the-canton-of-solothurn-migration-law-corporate-law-and-tax\/\" \/>\n<meta property=\"og:locale\" content=\"fr_FR\" \/>\n<meta property=\"og:type\" content=\"article\" \/>\n<meta property=\"og:title\" content=\"Transfer de domicile dans le canton de Soleure | Droit des migrations, droit des soci\u00e9t\u00e9s et fiscalit\u00e9\" \/>\n<meta property=\"og:description\" content=\"D\u00e9couvrez les avantages d&#039;une installation dans le canton de Soleure. LINDEMANNLAW conseille les Particuliers, les familles et les entrepreneurs en mati\u00e8re de droit des migrations, de droit des soci\u00e9t\u00e9s et de fiscalit\u00e9 en Suisse.\" \/>\n<meta property=\"og:url\" content=\"https:\/\/lindemannlaw.ch\/fr\/relocation-to-the-canton-of-solothurn-migration-law-corporate-law-and-tax\/\" \/>\n<meta property=\"og:site_name\" content=\"Lindemann Law\" \/>\n<meta property=\"article:modified_time\" content=\"2025-09-05T13:05:58+00:00\" \/>\n<meta property=\"og:image\" content=\"https:\/\/lindemannlaw.ch\/wp-content\/uploads\/2025\/07\/solothurn.webp\" \/>\n\t<meta property=\"og:image:width\" content=\"1920\" \/>\n\t<meta property=\"og:image:height\" content=\"1080\" \/>\n\t<meta property=\"og:image:type\" content=\"image\/webp\" \/>\n<meta name=\"twitter:card\" content=\"summary_large_image\" \/>\n<meta name=\"twitter:site\" content=\"@Lindemann_law\" \/>\n<meta name=\"twitter:label1\" content=\"Dur\u00e9e de lecture estim\u00e9e\" \/>\n\t<meta name=\"twitter:data1\" content=\"3 minutes\" \/>\n<script type=\"application\/ld+json\" class=\"yoast-schema-graph\">{\"@context\":\"https:\\\/\\\/schema.org\",\"@graph\":[{\"@type\":\"WebPage\",\"@id\":\"https:\\\/\\\/lindemannlaw.ch\\\/fr\\\/relocation-to-the-canton-of-solothurn-migration-law-corporate-law-and-tax\\\/\",\"url\":\"https:\\\/\\\/lindemannlaw.ch\\\/fr\\\/relocation-to-the-canton-of-solothurn-migration-law-corporate-law-and-tax\\\/\",\"name\":\"Transfer de domicile dans le canton de Soleure | Droit des migrations, droit des soci\u00e9t\u00e9s et fiscalit\u00e9 | Lindemann Law\",\"isPartOf\":{\"@id\":\"https:\\\/\\\/lindemannlaw.ch\\\/fr\\\/#website\"},\"primaryImageOfPage\":{\"@id\":\"https:\\\/\\\/lindemannlaw.ch\\\/fr\\\/relocation-to-the-canton-of-solothurn-migration-law-corporate-law-and-tax\\\/#primaryimage\"},\"image\":{\"@id\":\"https:\\\/\\\/lindemannlaw.ch\\\/fr\\\/relocation-to-the-canton-of-solothurn-migration-law-corporate-law-and-tax\\\/#primaryimage\"},\"thumbnailUrl\":\"https:\\\/\\\/lindemannlaw.ch\\\/wp-content\\\/uploads\\\/2025\\\/07\\\/solothurn.webp\",\"datePublished\":\"2025-07-16T06:49:41+00:00\",\"dateModified\":\"2025-09-05T13:05:58+00:00\",\"description\":\"D\u00e9couvrez les avantages d'une installation dans le canton de Soleure. LINDEMANNLAW conseille les Particuliers, les familles et les entrepreneurs en mati\u00e8re de droit des migrations, de droit des soci\u00e9t\u00e9s et de fiscalit\u00e9 en Suisse.\",\"breadcrumb\":{\"@id\":\"https:\\\/\\\/lindemannlaw.ch\\\/fr\\\/relocation-to-the-canton-of-solothurn-migration-law-corporate-law-and-tax\\\/#breadcrumb\"},\"inLanguage\":\"fr-FR\",\"potentialAction\":[{\"@type\":\"ReadAction\",\"target\":[\"https:\\\/\\\/lindemannlaw.ch\\\/fr\\\/relocation-to-the-canton-of-solothurn-migration-law-corporate-law-and-tax\\\/\"]}]},{\"@type\":\"ImageObject\",\"inLanguage\":\"fr-FR\",\"@id\":\"https:\\\/\\\/lindemannlaw.ch\\\/fr\\\/relocation-to-the-canton-of-solothurn-migration-law-corporate-law-and-tax\\\/#primaryimage\",\"url\":\"https:\\\/\\\/lindemannlaw.ch\\\/wp-content\\\/uploads\\\/2025\\\/07\\\/solothurn.webp\",\"contentUrl\":\"https:\\\/\\\/lindemannlaw.ch\\\/wp-content\\\/uploads\\\/2025\\\/07\\\/solothurn.webp\",\"width\":1920,\"height\":1080},{\"@type\":\"BreadcrumbList\",\"@id\":\"https:\\\/\\\/lindemannlaw.ch\\\/fr\\\/relocation-to-the-canton-of-solothurn-migration-law-corporate-law-and-tax\\\/#breadcrumb\",\"itemListElement\":[{\"@type\":\"ListItem\",\"position\":1,\"name\":\"Home\",\"item\":\"https:\\\/\\\/lindemannlaw.ch\\\/fr\\\/\"},{\"@type\":\"ListItem\",\"position\":2,\"name\":\"Transfer de domicile dans le canton de Soleure | Droit des migrations, droit des soci\u00e9t\u00e9s et fiscalit\u00e9\"}]},{\"@type\":\"WebSite\",\"@id\":\"https:\\\/\\\/lindemannlaw.ch\\\/fr\\\/#website\",\"url\":\"https:\\\/\\\/lindemannlaw.ch\\\/fr\\\/\",\"name\":\"Lindemann Law\",\"description\":\"Asset Management legal services\",\"publisher\":{\"@id\":\"https:\\\/\\\/lindemannlaw.ch\\\/fr\\\/#organization\"},\"potentialAction\":[{\"@type\":\"SearchAction\",\"target\":{\"@type\":\"EntryPoint\",\"urlTemplate\":\"https:\\\/\\\/lindemannlaw.ch\\\/fr\\\/?s={search_term_string}\"},\"query-input\":{\"@type\":\"PropertyValueSpecification\",\"valueRequired\":true,\"valueName\":\"search_term_string\"}}],\"inLanguage\":\"fr-FR\"},{\"@type\":\"Organization\",\"@id\":\"https:\\\/\\\/lindemannlaw.ch\\\/fr\\\/#organization\",\"name\":\"Lindemann Law\",\"url\":\"https:\\\/\\\/lindemannlaw.ch\\\/fr\\\/\",\"logo\":{\"@type\":\"ImageObject\",\"inLanguage\":\"fr-FR\",\"@id\":\"https:\\\/\\\/lindemannlaw.ch\\\/fr\\\/#\\\/schema\\\/logo\\\/image\\\/\",\"url\":\"https:\\\/\\\/lindemannlaw.ch\\\/wp-content\\\/uploads\\\/2021\\\/01\\\/logo-lindemannlaw_cropped.png\",\"contentUrl\":\"https:\\\/\\\/lindemannlaw.ch\\\/wp-content\\\/uploads\\\/2021\\\/01\\\/logo-lindemannlaw_cropped.png\",\"width\":150,\"height\":73,\"caption\":\"Lindemann Law\"},\"image\":{\"@id\":\"https:\\\/\\\/lindemannlaw.ch\\\/fr\\\/#\\\/schema\\\/logo\\\/image\\\/\"},\"sameAs\":[\"https:\\\/\\\/x.com\\\/Lindemann_law\",\"https:\\\/\\\/www.linkedin.com\\\/company\\\/lindemannlaw\\\/\"]}]}<\/script>\n<!-- \/ Yoast SEO Premium plugin. -->","yoast_head_json":{"title":"Transfer de domicile dans le canton de Soleure | Droit des migrations, droit des soci\u00e9t\u00e9s et fiscalit\u00e9 | Lindemann Law","description":"D\u00e9couvrez les avantages d'une installation dans le canton de Soleure. LINDEMANNLAW conseille les Particuliers, les familles et les entrepreneurs en mati\u00e8re de droit des migrations, de droit des soci\u00e9t\u00e9s et de fiscalit\u00e9 en Suisse.","robots":{"index":"index","follow":"follow","max-snippet":"max-snippet:-1","max-image-preview":"max-image-preview:large","max-video-preview":"max-video-preview:-1"},"canonical":"https:\/\/lindemannlaw.ch\/fr\/relocation-to-the-canton-of-solothurn-migration-law-corporate-law-and-tax\/","og_locale":"fr_FR","og_type":"article","og_title":"Transfer de domicile dans le canton de Soleure | Droit des migrations, droit des soci\u00e9t\u00e9s et fiscalit\u00e9","og_description":"D\u00e9couvrez les avantages d'une installation dans le canton de Soleure. LINDEMANNLAW conseille les Particuliers, les familles et les entrepreneurs en mati\u00e8re de droit des migrations, de droit des soci\u00e9t\u00e9s et de fiscalit\u00e9 en Suisse.","og_url":"https:\/\/lindemannlaw.ch\/fr\/relocation-to-the-canton-of-solothurn-migration-law-corporate-law-and-tax\/","og_site_name":"Lindemann Law","article_modified_time":"2025-09-05T13:05:58+00:00","og_image":[{"width":1920,"height":1080,"url":"https:\/\/lindemannlaw.ch\/wp-content\/uploads\/2025\/07\/solothurn.webp","type":"image\/webp"}],"twitter_card":"summary_large_image","twitter_site":"@Lindemann_law","twitter_misc":{"Dur\u00e9e de lecture estim\u00e9e":"3 minutes"},"schema":{"@context":"https:\/\/schema.org","@graph":[{"@type":"WebPage","@id":"https:\/\/lindemannlaw.ch\/fr\/relocation-to-the-canton-of-solothurn-migration-law-corporate-law-and-tax\/","url":"https:\/\/lindemannlaw.ch\/fr\/relocation-to-the-canton-of-solothurn-migration-law-corporate-law-and-tax\/","name":"Transfer de domicile dans le canton de Soleure | Droit des migrations, droit des soci\u00e9t\u00e9s et fiscalit\u00e9 | Lindemann Law","isPartOf":{"@id":"https:\/\/lindemannlaw.ch\/fr\/#website"},"primaryImageOfPage":{"@id":"https:\/\/lindemannlaw.ch\/fr\/relocation-to-the-canton-of-solothurn-migration-law-corporate-law-and-tax\/#primaryimage"},"image":{"@id":"https:\/\/lindemannlaw.ch\/fr\/relocation-to-the-canton-of-solothurn-migration-law-corporate-law-and-tax\/#primaryimage"},"thumbnailUrl":"https:\/\/lindemannlaw.ch\/wp-content\/uploads\/2025\/07\/solothurn.webp","datePublished":"2025-07-16T06:49:41+00:00","dateModified":"2025-09-05T13:05:58+00:00","description":"D\u00e9couvrez les avantages d'une installation dans le canton de Soleure. LINDEMANNLAW conseille les Particuliers, les familles et les entrepreneurs en mati\u00e8re de droit des migrations, de droit des soci\u00e9t\u00e9s et de fiscalit\u00e9 en Suisse.","breadcrumb":{"@id":"https:\/\/lindemannlaw.ch\/fr\/relocation-to-the-canton-of-solothurn-migration-law-corporate-law-and-tax\/#breadcrumb"},"inLanguage":"fr-FR","potentialAction":[{"@type":"ReadAction","target":["https:\/\/lindemannlaw.ch\/fr\/relocation-to-the-canton-of-solothurn-migration-law-corporate-law-and-tax\/"]}]},{"@type":"ImageObject","inLanguage":"fr-FR","@id":"https:\/\/lindemannlaw.ch\/fr\/relocation-to-the-canton-of-solothurn-migration-law-corporate-law-and-tax\/#primaryimage","url":"https:\/\/lindemannlaw.ch\/wp-content\/uploads\/2025\/07\/solothurn.webp","contentUrl":"https:\/\/lindemannlaw.ch\/wp-content\/uploads\/2025\/07\/solothurn.webp","width":1920,"height":1080},{"@type":"BreadcrumbList","@id":"https:\/\/lindemannlaw.ch\/fr\/relocation-to-the-canton-of-solothurn-migration-law-corporate-law-and-tax\/#breadcrumb","itemListElement":[{"@type":"ListItem","position":1,"name":"Home","item":"https:\/\/lindemannlaw.ch\/fr\/"},{"@type":"ListItem","position":2,"name":"Transfer de domicile dans le canton de Soleure | Droit des migrations, droit des soci\u00e9t\u00e9s et fiscalit\u00e9"}]},{"@type":"WebSite","@id":"https:\/\/lindemannlaw.ch\/fr\/#website","url":"https:\/\/lindemannlaw.ch\/fr\/","name":"Lindemann Law","description":"Asset Management legal services","publisher":{"@id":"https:\/\/lindemannlaw.ch\/fr\/#organization"},"potentialAction":[{"@type":"SearchAction","target":{"@type":"EntryPoint","urlTemplate":"https:\/\/lindemannlaw.ch\/fr\/?s={search_term_string}"},"query-input":{"@type":"PropertyValueSpecification","valueRequired":true,"valueName":"search_term_string"}}],"inLanguage":"fr-FR"},{"@type":"Organization","@id":"https:\/\/lindemannlaw.ch\/fr\/#organization","name":"Lindemann Law","url":"https:\/\/lindemannlaw.ch\/fr\/","logo":{"@type":"ImageObject","inLanguage":"fr-FR","@id":"https:\/\/lindemannlaw.ch\/fr\/#\/schema\/logo\/image\/","url":"https:\/\/lindemannlaw.ch\/wp-content\/uploads\/2021\/01\/logo-lindemannlaw_cropped.png","contentUrl":"https:\/\/lindemannlaw.ch\/wp-content\/uploads\/2021\/01\/logo-lindemannlaw_cropped.png","width":150,"height":73,"caption":"Lindemann Law"},"image":{"@id":"https:\/\/lindemannlaw.ch\/fr\/#\/schema\/logo\/image\/"},"sameAs":["https:\/\/x.com\/Lindemann_law","https:\/\/www.linkedin.com\/company\/lindemannlaw\/"]}]}},"_links":{"self":[{"href":"https:\/\/lindemannlaw.ch\/fr\/wp-json\/wp\/v2\/pages\/22863","targetHints":{"allow":["GET"]}}],"collection":[{"href":"https:\/\/lindemannlaw.ch\/fr\/wp-json\/wp\/v2\/pages"}],"about":[{"href":"https:\/\/lindemannlaw.ch\/fr\/wp-json\/wp\/v2\/types\/page"}],"author":[{"embeddable":true,"href":"https:\/\/lindemannlaw.ch\/fr\/wp-json\/wp\/v2\/users\/19"}],"replies":[{"embeddable":true,"href":"https:\/\/lindemannlaw.ch\/fr\/wp-json\/wp\/v2\/comments?post=22863"}],"version-history":[{"count":0,"href":"https:\/\/lindemannlaw.ch\/fr\/wp-json\/wp\/v2\/pages\/22863\/revisions"}],"wp:featuredmedia":[{"embeddable":true,"href":"https:\/\/lindemannlaw.ch\/fr\/wp-json\/wp\/v2\/media\/22218"}],"wp:attachment":[{"href":"https:\/\/lindemannlaw.ch\/fr\/wp-json\/wp\/v2\/media?parent=22863"}],"wp:term":[{"taxonomy":"related_contact","embeddable":true,"href":"https:\/\/lindemannlaw.ch\/fr\/wp-json\/wp\/v2\/related_contact?post=22863"},{"taxonomy":"expertise","embeddable":true,"href":"https:\/\/lindemannlaw.ch\/fr\/wp-json\/wp\/v2\/expertise?post=22863"},{"taxonomy":"webparts","embeddable":true,"href":"https:\/\/lindemannlaw.ch\/fr\/wp-json\/wp\/v2\/webparts?post=22863"},{"taxonomy":"page_type","embeddable":true,"href":"https:\/\/lindemannlaw.ch\/fr\/wp-json\/wp\/v2\/page_type?post=22863"}],"curies":[{"name":"wp","href":"https:\/\/api.w.org\/{rel}","templated":true}]}}