{"id":22867,"date":"2025-07-17T09:57:06","date_gmt":"2025-07-17T08:57:06","guid":{"rendered":"https:\/\/lindemannlaw.ch\/relocation-to-the-canton-of-glarus-migration-law-corporate-law-and-tax\/"},"modified":"2025-09-05T14:06:03","modified_gmt":"2025-09-05T13:06:03","slug":"relocation-to-the-canton-of-glarus-migration-law-corporate-law-and-tax","status":"publish","type":"page","link":"https:\/\/lindemannlaw.ch\/fr\/relocation-to-the-canton-of-glarus-migration-law-corporate-law-and-tax\/","title":{"rendered":"Transfer de domicile dans le canton de Glaris | Droit des migrations, droit des soci\u00e9t\u00e9s et fiscalit\u00e9"},"content":{"rendered":"<h3><img fetchpriority=\"high\" decoding=\"async\" class=\"wp-image-22389 alignleft\" src=\"https:\/\/lindemannlaw.ch\/wp-content\/uploads\/2025\/07\/glarus-logo-237x300.png\" alt=\"\" width=\"200\" height=\"253\" srcset=\"https:\/\/lindemannlaw.ch\/wp-content\/uploads\/2025\/07\/glarus-logo-237x300.png 237w, https:\/\/lindemannlaw.ch\/wp-content\/uploads\/2025\/07\/glarus-logo.png 474w\" sizes=\"(max-width: 200px) 100vw, 200px\" \/>Vue d&rsquo;ensemble<\/h3>\n<p>Le canton de Glaris est situ\u00e9 dans l&rsquo;est de la Suisse, nich\u00e9 entre des cha\u00eenes de montagnes et connu pour ses politiques pionni\u00e8res &#8211; y compris l&rsquo;\u00e2ge l\u00e9gal de la majorit\u00e9 le plus jeune de Suisse (16 ans) pour voter. Avec environ 41 000 habitants (2023), sa capitale est Glarus. Glarus est attrayante pour les petites et moyennes entreprises gr\u00e2ce \u00e0 des terrains abordables, \u00e0 un gouvernement compr\u00e9hensif et \u00e0 de fortes traditions industrielles.  <\/p>\n<h3>Forces \u00e9conomiques et infrastructure<\/h3>\n<p>\u2714 <strong>Une gouvernance favorable aux entreprises<\/strong>: Le canton est connu pour sa d\u00e9mocratie directe, la simplicit\u00e9 de ses r\u00e9glementations et l&rsquo;efficacit\u00e9 de son processus d\u00e9cisionnel.<br \/>\n\u2714 <strong>Industries cl\u00e9s<\/strong>: Fabrication de pointe, plastiques, ing\u00e9nierie m\u00e9canique, produits chimiques, mat\u00e9riaux de construction et \u00e9nergies renouvelables.<br \/>\n\u2714 <strong>\u00c9ducation et main-d&rsquo;\u0153uvre<\/strong>: Main-d&rsquo;\u0153uvre qualifi\u00e9e gr\u00e2ce \u00e0 des programmes professionnels solides ; proximit\u00e9 des universit\u00e9s et des centres de R&amp;D de Zurich.<br \/>\n\u2714 <strong>Transport et connectivit\u00e9<\/strong>: Bien reli\u00e9 par le rail et la route \u00e0 Z\u00fcrich, Coire et au centre de la Suisse. L&rsquo;a\u00e9roport de Z\u00fcrich est accessible en ~90 minutes. <\/p>\n<h3>Fiscalit\u00e9<\/h3>\n<p><strong>Personnes morales : <\/strong>Les personnes morales sont soumises \u00e0 un imp\u00f4t sur le revenu des soci\u00e9t\u00e9s au taux de 12,03 % (Glaris) et \u00e0 un imp\u00f4t sur le capital de 0,24 % sur les fonds propres imposables. L&rsquo;imp\u00f4t sur le capital est compens\u00e9 par l&rsquo;imp\u00f4t sur le revenu des soci\u00e9t\u00e9s. Ainsi, si l&rsquo;imp\u00f4t sur le revenu des soci\u00e9t\u00e9s est sup\u00e9rieur \u00e0 l&rsquo;imp\u00f4t sur le capital, aucun imp\u00f4t sur le capital n&rsquo;est d\u00fb. Les dividendes et les gains en capital provenant de participations qualifi\u00e9es sont exon\u00e9r\u00e9s de l&rsquo;imp\u00f4t sur les soci\u00e9t\u00e9s en raison de l&rsquo;exon\u00e9ration des participations.   <\/p>\n<p><strong>Particuliers<\/strong>: Les Particuliers sont soumis \u00e0 un imp\u00f4t progressif sur le revenu, les taux d&rsquo;imposition effectifs les plus \u00e9lev\u00e9s se situant entre 31,2 % (Glaris) et 32,4 % (Glaris S\u00fcd). Les gains en capital priv\u00e9s sont exon\u00e9r\u00e9s d&rsquo;imp\u00f4t et les dividendes provenant de participations qualifi\u00e9es sont impos\u00e9s avec un abattement de 30 % au niveau cantonal et de 30 % au niveau f\u00e9d\u00e9ral. Par cons\u00e9quent, selon la structure des revenus, le taux d&rsquo;imposition effectif peut \u00eatre important. Le canton pr\u00e9l\u00e8ve l&rsquo;imp\u00f4t sur la fortune sur la fortune nette d&rsquo;un particulier. Il existe un r\u00e9gime d&rsquo;imposition forfaitaire.    <\/p>\n<h3>Soutien des pouvoirs publics \u00e0 l&rsquo;implantation des entreprises<\/h3>\n<table style=\"border-collapse: collapse; width: 100%;\">\n<tbody>\n<tr>\n<td style=\"width: 18.2243%;\"><a href=\"https:\/\/www.gl.ch\/contact-centre-for-business.html\/995\/l\/en\" target=\"_blank\" rel=\"noopener\"><img decoding=\"async\" class=\"alignnone wp-image-22394\" src=\"https:\/\/lindemannlaw.ch\/wp-content\/uploads\/2025\/07\/kantonslogo_glarus_logo-300x77.jpg\" alt=\"\" width=\"200\" height=\"51\" srcset=\"https:\/\/lindemannlaw.ch\/wp-content\/uploads\/2025\/07\/kantonslogo_glarus_logo-300x77.jpg 300w, https:\/\/lindemannlaw.ch\/wp-content\/uploads\/2025\/07\/kantonslogo_glarus_logo-1024x262.jpg 1024w, https:\/\/lindemannlaw.ch\/wp-content\/uploads\/2025\/07\/kantonslogo_glarus_logo-768x196.jpg 768w, https:\/\/lindemannlaw.ch\/wp-content\/uploads\/2025\/07\/kantonslogo_glarus_logo-1536x393.jpg 1536w, https:\/\/lindemannlaw.ch\/wp-content\/uploads\/2025\/07\/kantonslogo_glarus_logo-2048x524.jpg 2048w\" sizes=\"(max-width: 200px) 100vw, 200px\" \/><\/a><\/td>\n<td style=\"width: 81.7757%;\">\u2714 <strong>D\u00e9partement de l&rsquo;\u00e9conomie de Glaris (Standortf\u00f6rderung Glarus)<\/strong><br \/>\nOffre une assistance compl\u00e8te pour la cr\u00e9ation d&rsquo;entreprises, la relocalisation, les autorisations, le financement et le d\u00e9veloppement de sites industriels.<br \/>\n<a href=\"https:\/\/www.gl.ch\/contact-centre-for-business.html\/995\/l\/en\" target=\"_blank\" rel=\"noopener\">En savoir plus<\/a><\/td>\n<\/tr>\n<tr>\n<td style=\"width: 18.2243%;\"><a href=\"https:\/\/www.glarus.ch\/public\/upload\/assets\/13993\/2015_05_05_Leitsaetze_Gemeinde_Glarus.pdf?fp=1\" target=\"_blank\" rel=\"noopener\"><img decoding=\"async\" class=\"alignnone size-medium wp-image-22399\" src=\"https:\/\/lindemannlaw.ch\/wp-content\/uploads\/2025\/07\/gemeinde-glarus-logo-300x79.jpg\" alt=\"\" width=\"300\" height=\"79\" srcset=\"https:\/\/lindemannlaw.ch\/wp-content\/uploads\/2025\/07\/gemeinde-glarus-logo-300x79.jpg 300w, https:\/\/lindemannlaw.ch\/wp-content\/uploads\/2025\/07\/gemeinde-glarus-logo.jpg 427w\" sizes=\"(max-width: 300px) 100vw, 300px\" \/><\/a><\/td>\n<td style=\"width: 81.7757%;\">\u2714 S <strong>trat\u00e9gie de d\u00e9veloppement \u00e9conomique de Glaris<\/strong><br \/>\nUn programme cantonal tourn\u00e9 vers l&rsquo;avenir pour la diversification \u00e9conomique, le soutien aux PME et les investissements intercantonaux.<br \/>\n<a href=\"https:\/\/www.glarus.ch\/public\/upload\/assets\/13993\/2015_05_05_Leitsaetze_Gemeinde_Glarus.pdf?fp=1\" target=\"_blank\" rel=\"noopener\">En savoir plus<\/a><\/td>\n<\/tr>\n<tr>\n<td style=\"width: 18.2243%;\"><a href=\"https:\/\/www.gewerbeverband.gl\/\" target=\"_blank\" rel=\"noopener\"><img loading=\"lazy\" decoding=\"async\" class=\"alignnone wp-image-22404\" src=\"https:\/\/lindemannlaw.ch\/wp-content\/uploads\/2025\/07\/logo-gewerbeglarus-300x31.png\" alt=\"\" width=\"200\" height=\"21\" srcset=\"https:\/\/lindemannlaw.ch\/wp-content\/uploads\/2025\/07\/logo-gewerbeglarus-300x31.png 300w, https:\/\/lindemannlaw.ch\/wp-content\/uploads\/2025\/07\/logo-gewerbeglarus.png 429w\" sizes=\"(max-width: 200px) 100vw, 200px\" \/><\/a><\/td>\n<td style=\"width: 81.7757%;\">\u2714 <strong>Glarner Wirtschaftsverband (association d&rsquo;entreprises)<\/strong><br \/>\nSoutient les PME et fournit un soutien r\u00e9gional en mati\u00e8re de lobbying, de formation et d&rsquo;infrastructure.<br \/>\n<a href=\"https:\/\/www.gewerbeverband.gl\/\" target=\"_blank\" rel=\"noopener\">En savoir plus<\/a><\/td>\n<\/tr>\n<\/tbody>\n<\/table>\n<h3>Avantages suppl\u00e9mentaires<\/h3>\n<p>\u2714 Des taxes sur les entreprises peu \u00e9lev\u00e9es et des prix fonciers attractifs pour le d\u00e9veloppement commercial.<br \/>\n\u2714 Un gouvernement moderne et pragmatique qui a fait ses preuves en mati\u00e8re d&rsquo;approbation rapide.<br \/>\n\u2714 Une qualit\u00e9 de vie unique : sports de plein air, paix et communaut\u00e9s favorables \u00e0 la famille.<\/p>\n<h3>Liens officiels utiles<\/h3>\n<ul>\n<li><a href=\"https:\/\/www.gl.ch\/contact-centre-for-business.html\/995\/l\/en\" target=\"_blank\" rel=\"noopener\">Promotion \u00e9conomique du canton de Glaris &#8211; Portail principal<\/a><\/li>\n<li><a href=\"https:\/\/www.gewerbeverband.gl\/\" target=\"_blank\" rel=\"noopener\">Glarner Wirtschaftsverband &#8211; R\u00e9seau r\u00e9gional d&rsquo;entreprises<\/a><\/li>\n<li><a href=\"https:\/\/glarner-industrieweg.ch\/Willkommen.24.0.html\" target=\"_blank\" rel=\"noopener\">D\u00e9veloppement de la zone industrielle &#8211; Kanton Glarus<\/a><\/li>\n<li><a href=\"https:\/\/steuerhilfe.ch\/en\/tax-return\/tax-return-in-glarus\/#:~:text=With%20a%20tax%20rate%20of%2031.1%20percent%2C%20the,Glarus%20are%20not%20only%20taxed%20by%20their%20canton.\" target=\"_blank\" rel=\"noopener\">Taux d&rsquo;imposition &#8211; Canton de Glaris<\/a><\/li>\n<li><a href=\"https:\/\/www.glarus.ch\/public\/upload\/assets\/13993\/2015_05_05_Leitsaetze_Gemeinde_Glarus.pdf?fp=1\" target=\"_blank\" rel=\"noopener\">Strat\u00e9gie cantonale de d\u00e9veloppement \u00e9conomique (PDF)<\/a><\/li>\n<li><a href=\"https:\/\/www.kmu.admin.ch\/kmu\/en\/home\/concrete-know-how\/setting-up-sme\/starting-business.html\" target=\"_blank\" rel=\"noopener\">Cr\u00e9er une entreprise en Suisse &#8211; Portail PME de la Conf\u00e9d\u00e9ration<\/a><\/li>\n<\/ul>\n<p>Le canton de Glarus offre un m\u00e9lange rare de faibles co\u00fbts, de clart\u00e9 juridique et de gouvernement innovant. C&rsquo;est un lieu id\u00e9al pour les entrepreneurs, les fabricants et les entreprises familiales. <strong>LINDEMANNLAW<\/strong> vous aide \u00e0 vous installer dans le canton de Glaris, que ce soit \u00e0 titre personnel ou professionnel, en vous proposant des services juridiques sp\u00e9cialis\u00e9s en mati\u00e8re de droit des migrations, de structuration fiscale et de conseil aux entreprises. <\/p>\n","protected":false},"excerpt":{"rendered":"<p>Vue d&rsquo;ensemble Le canton de Glaris est situ\u00e9 dans l&rsquo;est de la Suisse, nich\u00e9 entre des cha\u00eenes de montagnes et connu pour ses politiques pionni\u00e8res &#8211; y compris l&rsquo;\u00e2ge l\u00e9gal de la majorit\u00e9 le plus jeune de Suisse (16 ans) pour voter. Avec environ 41 000 habitants (2023), sa capitale est Glarus. Glarus est attrayante [&hellip;]<\/p>\n","protected":false},"author":19,"featured_media":22410,"parent":0,"menu_order":0,"comment_status":"closed","ping_status":"closed","template":"","meta":{"_acf_changed":false,"site-sidebar-layout":"default","site-content-layout":"","ast-site-content-layout":"default","site-content-style":"default","site-sidebar-style":"default","ast-global-header-display":"","ast-banner-title-visibility":"","ast-main-header-display":"","ast-hfb-above-header-display":"","ast-hfb-below-header-display":"","ast-hfb-mobile-header-display":"","site-post-title":"","ast-breadcrumbs-content":"","ast-featured-img":"","footer-sml-layout":"","ast-disable-related-posts":"","theme-transparent-header-meta":"default","adv-header-id-meta":"","stick-header-meta":"","header-above-stick-meta":"","header-main-stick-meta":"","header-below-stick-meta":"","astra-migrate-meta-layouts":"default","ast-page-background-enabled":"default","ast-page-background-meta":{"desktop":{"background-color":"var(--ast-global-color-4)","background-image":"","background-repeat":"repeat","background-position":"center center","background-size":"auto","background-attachment":"scroll","background-type":"","background-media":"","overlay-type":"","overlay-color":"","overlay-opacity":"","overlay-gradient":""},"tablet":{"background-color":"","background-image":"","background-repeat":"repeat","background-position":"center center","background-size":"auto","background-attachment":"scroll","background-type":"","background-media":"","overlay-type":"","overlay-color":"","overlay-opacity":"","overlay-gradient":""},"mobile":{"background-color":"","background-image":"","background-repeat":"repeat","background-position":"center center","background-size":"auto","background-attachment":"scroll","background-type":"","background-media":"","overlay-type":"","overlay-color":"","overlay-opacity":"","overlay-gradient":""}},"ast-content-background-meta":{"desktop":{"background-color":"var(--ast-global-color-5)","background-image":"","background-repeat":"repeat","background-position":"center center","background-size":"auto","background-attachment":"scroll","background-type":"","background-media":"","overlay-type":"","overlay-color":"","overlay-opacity":"","overlay-gradient":""},"tablet":{"background-color":"var(--ast-global-color-5)","background-image":"","background-repeat":"repeat","background-position":"center center","background-size":"auto","background-attachment":"scroll","background-type":"","background-media":"","overlay-type":"","overlay-color":"","overlay-opacity":"","overlay-gradient":""},"mobile":{"background-color":"var(--ast-global-color-5)","background-image":"","background-repeat":"repeat","background-position":"center center","background-size":"auto","background-attachment":"scroll","background-type":"","background-media":"","overlay-type":"","overlay-color":"","overlay-opacity":"","overlay-gradient":""}},"footnotes":""},"related_contact":[201,438],"expertise":[191,361],"webparts":[],"page_type":[],"class_list":["post-22867","page","type-page","status-publish","has-post-thumbnail","hentry"],"acf":[],"yoast_head":"<!-- This site is optimized with the Yoast SEO Premium plugin v27.3 (Yoast SEO v27.3) - https:\/\/yoast.com\/product\/yoast-seo-premium-wordpress\/ -->\n<title>Transfer de domicile dans le canton de Glaris | Droit des migrations, droit des soci\u00e9t\u00e9s et fiscalit\u00e9 | Lindemann Law<\/title>\n<meta name=\"description\" content=\"D\u00e9couvrez les avantages d&#039;une installation dans le canton de Glaris. LINDEMANNLAW conseille les Particuliers, les familles et les entrepreneurs en mati\u00e8re de droit des migrations, de droit des soci\u00e9t\u00e9s et de fiscalit\u00e9 en Suisse.\" \/>\n<meta name=\"robots\" content=\"index, follow, max-snippet:-1, max-image-preview:large, max-video-preview:-1\" \/>\n<link rel=\"canonical\" href=\"https:\/\/lindemannlaw.ch\/fr\/relocation-to-the-canton-of-glarus-migration-law-corporate-law-and-tax\/\" \/>\n<meta property=\"og:locale\" content=\"fr_FR\" \/>\n<meta property=\"og:type\" content=\"article\" \/>\n<meta property=\"og:title\" content=\"Transfer de domicile dans le canton de Glaris | Droit des migrations, droit des soci\u00e9t\u00e9s et fiscalit\u00e9\" \/>\n<meta property=\"og:description\" content=\"D\u00e9couvrez les avantages d&#039;une installation dans le canton de Glaris. LINDEMANNLAW conseille les Particuliers, les familles et les entrepreneurs en mati\u00e8re de droit des migrations, de droit des soci\u00e9t\u00e9s et de fiscalit\u00e9 en Suisse.\" \/>\n<meta property=\"og:url\" content=\"https:\/\/lindemannlaw.ch\/fr\/relocation-to-the-canton-of-glarus-migration-law-corporate-law-and-tax\/\" \/>\n<meta property=\"og:site_name\" content=\"Lindemann Law\" \/>\n<meta property=\"article:modified_time\" content=\"2025-09-05T13:06:03+00:00\" \/>\n<meta property=\"og:image\" content=\"https:\/\/lindemannlaw.ch\/wp-content\/uploads\/2025\/07\/glarus.webp\" \/>\n\t<meta property=\"og:image:width\" content=\"1630\" \/>\n\t<meta property=\"og:image:height\" content=\"916\" \/>\n\t<meta property=\"og:image:type\" content=\"image\/webp\" \/>\n<meta name=\"twitter:card\" content=\"summary_large_image\" \/>\n<meta name=\"twitter:site\" content=\"@Lindemann_law\" \/>\n<meta name=\"twitter:label1\" content=\"Dur\u00e9e de lecture estim\u00e9e\" \/>\n\t<meta name=\"twitter:data1\" content=\"3 minutes\" \/>\n<script type=\"application\/ld+json\" class=\"yoast-schema-graph\">{\"@context\":\"https:\\\/\\\/schema.org\",\"@graph\":[{\"@type\":\"WebPage\",\"@id\":\"https:\\\/\\\/lindemannlaw.ch\\\/fr\\\/relocation-to-the-canton-of-glarus-migration-law-corporate-law-and-tax\\\/\",\"url\":\"https:\\\/\\\/lindemannlaw.ch\\\/fr\\\/relocation-to-the-canton-of-glarus-migration-law-corporate-law-and-tax\\\/\",\"name\":\"Transfer de domicile dans le canton de Glaris | Droit des migrations, droit des soci\u00e9t\u00e9s et fiscalit\u00e9 | Lindemann Law\",\"isPartOf\":{\"@id\":\"https:\\\/\\\/lindemannlaw.ch\\\/fr\\\/#website\"},\"primaryImageOfPage\":{\"@id\":\"https:\\\/\\\/lindemannlaw.ch\\\/fr\\\/relocation-to-the-canton-of-glarus-migration-law-corporate-law-and-tax\\\/#primaryimage\"},\"image\":{\"@id\":\"https:\\\/\\\/lindemannlaw.ch\\\/fr\\\/relocation-to-the-canton-of-glarus-migration-law-corporate-law-and-tax\\\/#primaryimage\"},\"thumbnailUrl\":\"https:\\\/\\\/lindemannlaw.ch\\\/wp-content\\\/uploads\\\/2025\\\/07\\\/glarus.webp\",\"datePublished\":\"2025-07-17T08:57:06+00:00\",\"dateModified\":\"2025-09-05T13:06:03+00:00\",\"description\":\"D\u00e9couvrez les avantages d'une installation dans le canton de Glaris. LINDEMANNLAW conseille les Particuliers, les familles et les entrepreneurs en mati\u00e8re de droit des migrations, de droit des soci\u00e9t\u00e9s et de fiscalit\u00e9 en Suisse.\",\"breadcrumb\":{\"@id\":\"https:\\\/\\\/lindemannlaw.ch\\\/fr\\\/relocation-to-the-canton-of-glarus-migration-law-corporate-law-and-tax\\\/#breadcrumb\"},\"inLanguage\":\"fr-FR\",\"potentialAction\":[{\"@type\":\"ReadAction\",\"target\":[\"https:\\\/\\\/lindemannlaw.ch\\\/fr\\\/relocation-to-the-canton-of-glarus-migration-law-corporate-law-and-tax\\\/\"]}]},{\"@type\":\"ImageObject\",\"inLanguage\":\"fr-FR\",\"@id\":\"https:\\\/\\\/lindemannlaw.ch\\\/fr\\\/relocation-to-the-canton-of-glarus-migration-law-corporate-law-and-tax\\\/#primaryimage\",\"url\":\"https:\\\/\\\/lindemannlaw.ch\\\/wp-content\\\/uploads\\\/2025\\\/07\\\/glarus.webp\",\"contentUrl\":\"https:\\\/\\\/lindemannlaw.ch\\\/wp-content\\\/uploads\\\/2025\\\/07\\\/glarus.webp\",\"width\":1630,\"height\":916},{\"@type\":\"BreadcrumbList\",\"@id\":\"https:\\\/\\\/lindemannlaw.ch\\\/fr\\\/relocation-to-the-canton-of-glarus-migration-law-corporate-law-and-tax\\\/#breadcrumb\",\"itemListElement\":[{\"@type\":\"ListItem\",\"position\":1,\"name\":\"Home\",\"item\":\"https:\\\/\\\/lindemannlaw.ch\\\/fr\\\/\"},{\"@type\":\"ListItem\",\"position\":2,\"name\":\"Transfer de domicile dans le canton de Glaris | Droit des migrations, droit des soci\u00e9t\u00e9s et fiscalit\u00e9\"}]},{\"@type\":\"WebSite\",\"@id\":\"https:\\\/\\\/lindemannlaw.ch\\\/fr\\\/#website\",\"url\":\"https:\\\/\\\/lindemannlaw.ch\\\/fr\\\/\",\"name\":\"Lindemann Law\",\"description\":\"Asset Management legal services\",\"publisher\":{\"@id\":\"https:\\\/\\\/lindemannlaw.ch\\\/fr\\\/#organization\"},\"potentialAction\":[{\"@type\":\"SearchAction\",\"target\":{\"@type\":\"EntryPoint\",\"urlTemplate\":\"https:\\\/\\\/lindemannlaw.ch\\\/fr\\\/?s={search_term_string}\"},\"query-input\":{\"@type\":\"PropertyValueSpecification\",\"valueRequired\":true,\"valueName\":\"search_term_string\"}}],\"inLanguage\":\"fr-FR\"},{\"@type\":\"Organization\",\"@id\":\"https:\\\/\\\/lindemannlaw.ch\\\/fr\\\/#organization\",\"name\":\"Lindemann Law\",\"url\":\"https:\\\/\\\/lindemannlaw.ch\\\/fr\\\/\",\"logo\":{\"@type\":\"ImageObject\",\"inLanguage\":\"fr-FR\",\"@id\":\"https:\\\/\\\/lindemannlaw.ch\\\/fr\\\/#\\\/schema\\\/logo\\\/image\\\/\",\"url\":\"https:\\\/\\\/lindemannlaw.ch\\\/wp-content\\\/uploads\\\/2021\\\/01\\\/logo-lindemannlaw_cropped.png\",\"contentUrl\":\"https:\\\/\\\/lindemannlaw.ch\\\/wp-content\\\/uploads\\\/2021\\\/01\\\/logo-lindemannlaw_cropped.png\",\"width\":150,\"height\":73,\"caption\":\"Lindemann Law\"},\"image\":{\"@id\":\"https:\\\/\\\/lindemannlaw.ch\\\/fr\\\/#\\\/schema\\\/logo\\\/image\\\/\"},\"sameAs\":[\"https:\\\/\\\/x.com\\\/Lindemann_law\",\"https:\\\/\\\/www.linkedin.com\\\/company\\\/lindemannlaw\\\/\"]}]}<\/script>\n<!-- \/ Yoast SEO Premium plugin. -->","yoast_head_json":{"title":"Transfer de domicile dans le canton de Glaris | Droit des migrations, droit des soci\u00e9t\u00e9s et fiscalit\u00e9 | Lindemann Law","description":"D\u00e9couvrez les avantages d'une installation dans le canton de Glaris. LINDEMANNLAW conseille les Particuliers, les familles et les entrepreneurs en mati\u00e8re de droit des migrations, de droit des soci\u00e9t\u00e9s et de fiscalit\u00e9 en Suisse.","robots":{"index":"index","follow":"follow","max-snippet":"max-snippet:-1","max-image-preview":"max-image-preview:large","max-video-preview":"max-video-preview:-1"},"canonical":"https:\/\/lindemannlaw.ch\/fr\/relocation-to-the-canton-of-glarus-migration-law-corporate-law-and-tax\/","og_locale":"fr_FR","og_type":"article","og_title":"Transfer de domicile dans le canton de Glaris | Droit des migrations, droit des soci\u00e9t\u00e9s et fiscalit\u00e9","og_description":"D\u00e9couvrez les avantages d'une installation dans le canton de Glaris. LINDEMANNLAW conseille les Particuliers, les familles et les entrepreneurs en mati\u00e8re de droit des migrations, de droit des soci\u00e9t\u00e9s et de fiscalit\u00e9 en Suisse.","og_url":"https:\/\/lindemannlaw.ch\/fr\/relocation-to-the-canton-of-glarus-migration-law-corporate-law-and-tax\/","og_site_name":"Lindemann Law","article_modified_time":"2025-09-05T13:06:03+00:00","og_image":[{"width":1630,"height":916,"url":"https:\/\/lindemannlaw.ch\/wp-content\/uploads\/2025\/07\/glarus.webp","type":"image\/webp"}],"twitter_card":"summary_large_image","twitter_site":"@Lindemann_law","twitter_misc":{"Dur\u00e9e de lecture estim\u00e9e":"3 minutes"},"schema":{"@context":"https:\/\/schema.org","@graph":[{"@type":"WebPage","@id":"https:\/\/lindemannlaw.ch\/fr\/relocation-to-the-canton-of-glarus-migration-law-corporate-law-and-tax\/","url":"https:\/\/lindemannlaw.ch\/fr\/relocation-to-the-canton-of-glarus-migration-law-corporate-law-and-tax\/","name":"Transfer de domicile dans le canton de Glaris | Droit des migrations, droit des soci\u00e9t\u00e9s et fiscalit\u00e9 | Lindemann Law","isPartOf":{"@id":"https:\/\/lindemannlaw.ch\/fr\/#website"},"primaryImageOfPage":{"@id":"https:\/\/lindemannlaw.ch\/fr\/relocation-to-the-canton-of-glarus-migration-law-corporate-law-and-tax\/#primaryimage"},"image":{"@id":"https:\/\/lindemannlaw.ch\/fr\/relocation-to-the-canton-of-glarus-migration-law-corporate-law-and-tax\/#primaryimage"},"thumbnailUrl":"https:\/\/lindemannlaw.ch\/wp-content\/uploads\/2025\/07\/glarus.webp","datePublished":"2025-07-17T08:57:06+00:00","dateModified":"2025-09-05T13:06:03+00:00","description":"D\u00e9couvrez les avantages d'une installation dans le canton de Glaris. LINDEMANNLAW conseille les Particuliers, les familles et les entrepreneurs en mati\u00e8re de droit des migrations, de droit des soci\u00e9t\u00e9s et de fiscalit\u00e9 en Suisse.","breadcrumb":{"@id":"https:\/\/lindemannlaw.ch\/fr\/relocation-to-the-canton-of-glarus-migration-law-corporate-law-and-tax\/#breadcrumb"},"inLanguage":"fr-FR","potentialAction":[{"@type":"ReadAction","target":["https:\/\/lindemannlaw.ch\/fr\/relocation-to-the-canton-of-glarus-migration-law-corporate-law-and-tax\/"]}]},{"@type":"ImageObject","inLanguage":"fr-FR","@id":"https:\/\/lindemannlaw.ch\/fr\/relocation-to-the-canton-of-glarus-migration-law-corporate-law-and-tax\/#primaryimage","url":"https:\/\/lindemannlaw.ch\/wp-content\/uploads\/2025\/07\/glarus.webp","contentUrl":"https:\/\/lindemannlaw.ch\/wp-content\/uploads\/2025\/07\/glarus.webp","width":1630,"height":916},{"@type":"BreadcrumbList","@id":"https:\/\/lindemannlaw.ch\/fr\/relocation-to-the-canton-of-glarus-migration-law-corporate-law-and-tax\/#breadcrumb","itemListElement":[{"@type":"ListItem","position":1,"name":"Home","item":"https:\/\/lindemannlaw.ch\/fr\/"},{"@type":"ListItem","position":2,"name":"Transfer de domicile dans le canton de Glaris | Droit des migrations, droit des soci\u00e9t\u00e9s et fiscalit\u00e9"}]},{"@type":"WebSite","@id":"https:\/\/lindemannlaw.ch\/fr\/#website","url":"https:\/\/lindemannlaw.ch\/fr\/","name":"Lindemann Law","description":"Asset Management legal services","publisher":{"@id":"https:\/\/lindemannlaw.ch\/fr\/#organization"},"potentialAction":[{"@type":"SearchAction","target":{"@type":"EntryPoint","urlTemplate":"https:\/\/lindemannlaw.ch\/fr\/?s={search_term_string}"},"query-input":{"@type":"PropertyValueSpecification","valueRequired":true,"valueName":"search_term_string"}}],"inLanguage":"fr-FR"},{"@type":"Organization","@id":"https:\/\/lindemannlaw.ch\/fr\/#organization","name":"Lindemann Law","url":"https:\/\/lindemannlaw.ch\/fr\/","logo":{"@type":"ImageObject","inLanguage":"fr-FR","@id":"https:\/\/lindemannlaw.ch\/fr\/#\/schema\/logo\/image\/","url":"https:\/\/lindemannlaw.ch\/wp-content\/uploads\/2021\/01\/logo-lindemannlaw_cropped.png","contentUrl":"https:\/\/lindemannlaw.ch\/wp-content\/uploads\/2021\/01\/logo-lindemannlaw_cropped.png","width":150,"height":73,"caption":"Lindemann Law"},"image":{"@id":"https:\/\/lindemannlaw.ch\/fr\/#\/schema\/logo\/image\/"},"sameAs":["https:\/\/x.com\/Lindemann_law","https:\/\/www.linkedin.com\/company\/lindemannlaw\/"]}]}},"_links":{"self":[{"href":"https:\/\/lindemannlaw.ch\/fr\/wp-json\/wp\/v2\/pages\/22867","targetHints":{"allow":["GET"]}}],"collection":[{"href":"https:\/\/lindemannlaw.ch\/fr\/wp-json\/wp\/v2\/pages"}],"about":[{"href":"https:\/\/lindemannlaw.ch\/fr\/wp-json\/wp\/v2\/types\/page"}],"author":[{"embeddable":true,"href":"https:\/\/lindemannlaw.ch\/fr\/wp-json\/wp\/v2\/users\/19"}],"replies":[{"embeddable":true,"href":"https:\/\/lindemannlaw.ch\/fr\/wp-json\/wp\/v2\/comments?post=22867"}],"version-history":[{"count":0,"href":"https:\/\/lindemannlaw.ch\/fr\/wp-json\/wp\/v2\/pages\/22867\/revisions"}],"wp:featuredmedia":[{"embeddable":true,"href":"https:\/\/lindemannlaw.ch\/fr\/wp-json\/wp\/v2\/media\/22410"}],"wp:attachment":[{"href":"https:\/\/lindemannlaw.ch\/fr\/wp-json\/wp\/v2\/media?parent=22867"}],"wp:term":[{"taxonomy":"related_contact","embeddable":true,"href":"https:\/\/lindemannlaw.ch\/fr\/wp-json\/wp\/v2\/related_contact?post=22867"},{"taxonomy":"expertise","embeddable":true,"href":"https:\/\/lindemannlaw.ch\/fr\/wp-json\/wp\/v2\/expertise?post=22867"},{"taxonomy":"webparts","embeddable":true,"href":"https:\/\/lindemannlaw.ch\/fr\/wp-json\/wp\/v2\/webparts?post=22867"},{"taxonomy":"page_type","embeddable":true,"href":"https:\/\/lindemannlaw.ch\/fr\/wp-json\/wp\/v2\/page_type?post=22867"}],"curies":[{"name":"wp","href":"https:\/\/api.w.org\/{rel}","templated":true}]}}