{"id":22869,"date":"2025-07-10T16:52:04","date_gmt":"2025-07-10T15:52:04","guid":{"rendered":"https:\/\/lindemannlaw.ch\/relocation-to-the-canton-of-graubunden-migration-law-corporate-law-and-tax\/"},"modified":"2025-09-05T14:05:52","modified_gmt":"2025-09-05T13:05:52","slug":"relocation-to-the-canton-of-graubunden-migration-law-corporate-law-and-tax","status":"publish","type":"page","link":"https:\/\/lindemannlaw.ch\/fr\/relocation-to-the-canton-of-graubunden-migration-law-corporate-law-and-tax\/","title":{"rendered":"Transfer de domicile dans le canton des Grisons | Droit des migrations, droit des soci\u00e9t\u00e9s et fiscalit\u00e9"},"content":{"rendered":"<h3><img fetchpriority=\"high\" decoding=\"async\" class=\"wp-image-22101 alignleft\" src=\"https:\/\/lindemannlaw.ch\/wp-content\/uploads\/2025\/07\/graubunden-flag-237x300.png\" alt=\"\" width=\"200\" height=\"253\" srcset=\"https:\/\/lindemannlaw.ch\/wp-content\/uploads\/2025\/07\/graubunden-flag-237x300.png 237w, https:\/\/lindemannlaw.ch\/wp-content\/uploads\/2025\/07\/graubunden-flag.png 474w\" sizes=\"(max-width: 200px) 100vw, 200px\" \/>Vue d&rsquo;ensemble<\/h3>\n<p>Le canton des Grisons est le plus grand canton de Suisse en termes de superficie. Il est situ\u00e9 au sud-est et partage ses fronti\u00e8res avec l&rsquo;Italie, l&rsquo;Autriche et le Liechtenstein. Il compte environ 200 000 habitants (2023) et sa capitale est Coire. Les Grisons sont r\u00e9put\u00e9s pour leurs paysages alpins, leur culture multilingue (allemand, romanche, italien) et leur force en mati\u00e8re de tourisme et d&rsquo;industries durables.  <\/p>\n<h3>Forces \u00e9conomiques et infrastructure<\/h3>\n<p><strong>PIB :<\/strong> Une \u00e9conomie diversifi\u00e9e avec des secteurs de pointe dans le tourisme, l&rsquo;\u00e9nergie, les industries de pr\u00e9cision et la production alimentaire.<br \/>\n\u2714 <strong>Industries cl\u00e9s :<\/strong> Tourisme (notamment sports d&rsquo;hiver et bien-\u00eatre), hydro\u00e9lectricit\u00e9 et \u00e9nergies renouvelables, agroalimentaire, bois, m\u00e9canique de pr\u00e9cision et TIC.<br data-start=\"925\" data-end=\"928\">\u2714 <strong>Formation et recherche :<\/strong> Haute \u00e9cole sp\u00e9cialis\u00e9e des Grisons (FHGR), instituts de recherche alpine et centres de transfert de technologie.<br data-start=\"1048\" data-end=\"1051\">\u2714 <strong>Transport et connectivit\u00e9 :<\/strong> Excellent r\u00e9seau de transport alpin, liaisons autorouti\u00e8res vers Zurich et Milan, Chemin de fer rh\u00e9tique et proximit\u00e9 de l&rsquo;a\u00e9roport de Zurich.<\/p>\n<h3>Fiscalit\u00e9<\/h3>\n<p data-start=\"1226\" data-end=\"1530\"><strong>Personnes morales :<\/strong> Les personnes morales sont soumises \u00e0 l&rsquo;imp\u00f4t sur les soci\u00e9t\u00e9s au taux de 14,1 % et \u00e0 un imp\u00f4t sur le capital de 0,48 % sur les capitaux propres imposables. Les dividendes et les plus-values provenant de participations qualifi\u00e9es sont exon\u00e9r\u00e9s de l&rsquo;imp\u00f4t sur les soci\u00e9t\u00e9s en raison de l&rsquo;exon\u00e9ration des participations. <\/p>\n<p data-start=\"1532\" data-end=\"2059\"><strong>Particuliers :<\/strong> Les particuliers sont soumis \u00e0 un imp\u00f4t sur le revenu progressif, les taux d&rsquo;imposition effectifs les plus \u00e9lev\u00e9s se situant entre 25,3 % (Rongellen) et 33 % (Schmitten Albula). Les gains en capital priv\u00e9s sont exon\u00e9r\u00e9s d&rsquo;imp\u00f4t et les dividendes provenant de participations qualifi\u00e9es sont impos\u00e9s avec un abattement de 50 % au niveau cantonal et de 30 % au niveau f\u00e9d\u00e9ral. Par cons\u00e9quent, selon la structure des revenus, le taux d&rsquo;imposition effectif peut \u00eatre important. Le canton pr\u00e9l\u00e8ve l&rsquo;imp\u00f4t sur la fortune sur la fortune nette d&rsquo;un particulier. Il existe un r\u00e9gime d&rsquo;imposition forfaitaire.    <\/p>\n<h3>Soutien des pouvoirs publics \u00e0 l&rsquo;implantation des entreprises<\/h3>\n<table style=\"border-collapse: collapse; width: 100%;\">\n<tbody>\n<tr>\n<td style=\"width: 17.0816%;\"><a href=\"https:\/\/www.gr.ch\/EN\/institutions\/administration\/dvs\/awt\/Seiten\/start.aspx\" target=\"_blank\" rel=\"noopener\"><img decoding=\"async\" class=\"alignnone wp-image-22091\" src=\"https:\/\/lindemannlaw.ch\/wp-content\/uploads\/2025\/07\/logo_amt_wirtschaft_tourismus_graubunden-300x68.jpg\" alt=\"\" width=\"200\" height=\"46\" srcset=\"https:\/\/lindemannlaw.ch\/wp-content\/uploads\/2025\/07\/logo_amt_wirtschaft_tourismus_graubunden-300x68.jpg 300w, https:\/\/lindemannlaw.ch\/wp-content\/uploads\/2025\/07\/logo_amt_wirtschaft_tourismus_graubunden-768x175.jpg 768w, https:\/\/lindemannlaw.ch\/wp-content\/uploads\/2025\/07\/logo_amt_wirtschaft_tourismus_graubunden.jpg 1000w\" sizes=\"(max-width: 200px) 100vw, 200px\" \/><\/a><\/td>\n<td style=\"width: 82.9184%;\">\u2714 <strong data-start=\"2122\" data-end=\"2167\">Economic Development Office Graub\u00fcnden<\/strong><br data-start=\"2167\" data-end=\"2170\">Fournit des services complets pour l&rsquo;implantation d&rsquo;entreprises, les autorisations, l&rsquo;int\u00e9gration dans les clusters locaux et le soutien administratif.<br \/>\n<a href=\"https:\/\/www.gr.ch\/EN\/institutions\/administration\/dvs\/awt\/Seiten\/start.aspx\" target=\"_blank\" rel=\"noopener\">En savoir plus<\/a><\/td>\n<\/tr>\n<tr>\n<td style=\"width: 17.0816%;\"><a href=\"https:\/\/www.technopark-graubuenden.ch\/\"><img decoding=\"async\" class=\"alignnone wp-image-22096\" src=\"https:\/\/lindemannlaw.ch\/wp-content\/uploads\/2025\/07\/technopark-graubunden-logo-300x55.webp\" alt=\"\" width=\"200\" height=\"37\" srcset=\"https:\/\/lindemannlaw.ch\/wp-content\/uploads\/2025\/07\/technopark-graubunden-logo-300x55.webp 300w, https:\/\/lindemannlaw.ch\/wp-content\/uploads\/2025\/07\/technopark-graubunden-logo.webp 474w\" sizes=\"(max-width: 200px) 100vw, 200px\" \/><\/a><\/td>\n<td style=\"width: 82.9184%;\">\u2714 <strong data-start=\"2337\" data-end=\"2362\">Technopark Graub\u00fcnden<\/strong><br data-start=\"2362\" data-end=\"2365\">Soutient les start-ups et les PME en leur offrant des espaces de bureaux, des r\u00e9seaux et un d\u00e9veloppement commercial dans les secteurs de la technologie et des services.<br \/>\n<a href=\"https:\/\/www.technopark-graubuenden.ch\/\" target=\"_blank\" rel=\"noopener\">En savoir plus<\/a><\/td>\n<\/tr>\n<tr>\n<td style=\"width: 17.0816%;\"><\/td>\n<td style=\"width: 82.9184%;\">\u2714 <strong data-start=\"2521\" data-end=\"2556\">Agences de d\u00e9veloppement r\u00e9gional<\/strong><br data-start=\"2556\" data-end=\"2559\">Offrir un soutien aux zones industrielles sp\u00e9cifiques et aux initiatives commerciales locales.<\/td>\n<\/tr>\n<\/tbody>\n<\/table>\n<h3>Avantages suppl\u00e9mentaires<\/h3>\n<p>\u2714 Un cadre juridique transparent et efficace pour la cr\u00e9ation d&rsquo;entreprises.<br data-start=\"2749\" data-end=\"2752\">\u2714 Des infrastructures solides : fiabilit\u00e9 \u00e9nerg\u00e9tique (notamment les \u00e9nergies renouvelables), r\u00e9seaux num\u00e9riques avanc\u00e9s et logistique robuste pour une r\u00e9gion alpine.<br data-start=\"2917\" data-end=\"2920\">\u2714 Une qualit\u00e9 de vie \u00e9lev\u00e9e : un cadre naturel unique, une culture multilingue et un environnement favorable \u00e0 la famille.<\/p>\n<h3>Liens officiels utiles<\/h3>\n<ul>\n<li><a href=\"https:\/\/www.gr.ch\/EN\/institutions\/administration\/dvs\/awt\/Seiten\/start.aspx\" target=\"_blank\" rel=\"noopener\">D\u00e9veloppement \u00e9conomique des Grisons<\/a><\/li>\n<li><a href=\"https:\/\/www.technopark-graubuenden.ch\/\" target=\"_blank\" rel=\"noopener\">Technopark Graub\u00fcnden<\/a><\/li>\n<li><a href=\"https:\/\/www.kmu.admin.ch\/kmu\/en\/home\/concrete-know-how\/setting-up-sme\/starting-business.html\" target=\"_blank\" rel=\"noopener\">Cr\u00e9er une entreprise en Suisse (Portail PME de la Conf\u00e9d\u00e9ration)<\/a><\/li>\n<\/ul>\n<p>Le canton des Grisons offre aux entreprises et aux Particuliers un m\u00e9lange unique de beaut\u00e9 naturelle, d&rsquo;industrie durable et d&rsquo;acc\u00e8s international. <strong>LINDEMANNLAW<\/strong> vous conseille sur tous les aspects de la d\u00e9localisation, du droit de l&rsquo;immigration, du droit des soci\u00e9t\u00e9s, de la fiscalit\u00e9 et de la conformit\u00e9 r\u00e9glementaire adapt\u00e9s aux Grisons.<\/p>\n","protected":false},"excerpt":{"rendered":"<p>Vue d&rsquo;ensemble Le canton des Grisons est le plus grand canton de Suisse en termes de superficie. Il est situ\u00e9 au sud-est et partage ses fronti\u00e8res avec l&rsquo;Italie, l&rsquo;Autriche et le Liechtenstein. Il compte environ 200 000 habitants (2023) et sa capitale est Coire. Les Grisons sont r\u00e9put\u00e9s pour leurs paysages alpins, leur culture multilingue [&hellip;]<\/p>\n","protected":false},"author":19,"featured_media":22107,"parent":0,"menu_order":0,"comment_status":"closed","ping_status":"closed","template":"","meta":{"_acf_changed":false,"site-sidebar-layout":"default","site-content-layout":"","ast-site-content-layout":"default","site-content-style":"default","site-sidebar-style":"default","ast-global-header-display":"","ast-banner-title-visibility":"","ast-main-header-display":"","ast-hfb-above-header-display":"","ast-hfb-below-header-display":"","ast-hfb-mobile-header-display":"","site-post-title":"","ast-breadcrumbs-content":"","ast-featured-img":"","footer-sml-layout":"","ast-disable-related-posts":"","theme-transparent-header-meta":"default","adv-header-id-meta":"","stick-header-meta":"","header-above-stick-meta":"","header-main-stick-meta":"","header-below-stick-meta":"","astra-migrate-meta-layouts":"default","ast-page-background-enabled":"default","ast-page-background-meta":{"desktop":{"background-color":"var(--ast-global-color-4)","background-image":"","background-repeat":"repeat","background-position":"center center","background-size":"auto","background-attachment":"scroll","background-type":"","background-media":"","overlay-type":"","overlay-color":"","overlay-opacity":"","overlay-gradient":""},"tablet":{"background-color":"","background-image":"","background-repeat":"repeat","background-position":"center center","background-size":"auto","background-attachment":"scroll","background-type":"","background-media":"","overlay-type":"","overlay-color":"","overlay-opacity":"","overlay-gradient":""},"mobile":{"background-color":"","background-image":"","background-repeat":"repeat","background-position":"center center","background-size":"auto","background-attachment":"scroll","background-type":"","background-media":"","overlay-type":"","overlay-color":"","overlay-opacity":"","overlay-gradient":""}},"ast-content-background-meta":{"desktop":{"background-color":"var(--ast-global-color-5)","background-image":"","background-repeat":"repeat","background-position":"center center","background-size":"auto","background-attachment":"scroll","background-type":"","background-media":"","overlay-type":"","overlay-color":"","overlay-opacity":"","overlay-gradient":""},"tablet":{"background-color":"var(--ast-global-color-5)","background-image":"","background-repeat":"repeat","background-position":"center center","background-size":"auto","background-attachment":"scroll","background-type":"","background-media":"","overlay-type":"","overlay-color":"","overlay-opacity":"","overlay-gradient":""},"mobile":{"background-color":"var(--ast-global-color-5)","background-image":"","background-repeat":"repeat","background-position":"center center","background-size":"auto","background-attachment":"scroll","background-type":"","background-media":"","overlay-type":"","overlay-color":"","overlay-opacity":"","overlay-gradient":""}},"footnotes":""},"related_contact":[201,438],"expertise":[191,361],"webparts":[],"page_type":[],"class_list":["post-22869","page","type-page","status-publish","has-post-thumbnail","hentry"],"acf":[],"yoast_head":"<!-- This site is optimized with the Yoast SEO Premium plugin v27.3 (Yoast SEO v27.3) - https:\/\/yoast.com\/product\/yoast-seo-premium-wordpress\/ -->\n<title>Transfer de domicile dans le canton des Grisons | Droit des migrations, droit des soci\u00e9t\u00e9s et fiscalit\u00e9 | Lindemann Law<\/title>\n<meta name=\"description\" content=\"D\u00e9couvrez les avantages d&#039;une installation dans le canton des Grisons. LINDEMANNLAW conseille les Particuliers, les familles et les entrepreneurs en mati\u00e8re de droit des migrations, de droit des soci\u00e9t\u00e9s et de fiscalit\u00e9 en Suisse.\" \/>\n<meta name=\"robots\" content=\"index, follow, max-snippet:-1, max-image-preview:large, max-video-preview:-1\" \/>\n<link rel=\"canonical\" href=\"https:\/\/lindemannlaw.ch\/fr\/relocation-to-the-canton-of-graubunden-migration-law-corporate-law-and-tax\/\" \/>\n<meta property=\"og:locale\" content=\"fr_FR\" \/>\n<meta property=\"og:type\" content=\"article\" \/>\n<meta property=\"og:title\" content=\"Transfer de domicile dans le canton des Grisons | Droit des migrations, droit des soci\u00e9t\u00e9s et fiscalit\u00e9\" \/>\n<meta property=\"og:description\" content=\"D\u00e9couvrez les avantages d&#039;une installation dans le canton des Grisons. LINDEMANNLAW conseille les Particuliers, les familles et les entrepreneurs en mati\u00e8re de droit des migrations, de droit des soci\u00e9t\u00e9s et de fiscalit\u00e9 en Suisse.\" \/>\n<meta property=\"og:url\" content=\"https:\/\/lindemannlaw.ch\/fr\/relocation-to-the-canton-of-graubunden-migration-law-corporate-law-and-tax\/\" \/>\n<meta property=\"og:site_name\" content=\"Lindemann Law\" \/>\n<meta property=\"article:modified_time\" content=\"2025-09-05T13:05:52+00:00\" \/>\n<meta property=\"og:image\" content=\"https:\/\/lindemannlaw.ch\/wp-content\/uploads\/2025\/07\/graubunden.webp\" \/>\n\t<meta property=\"og:image:width\" content=\"1920\" \/>\n\t<meta property=\"og:image:height\" content=\"1080\" \/>\n\t<meta property=\"og:image:type\" content=\"image\/webp\" \/>\n<meta name=\"twitter:card\" content=\"summary_large_image\" \/>\n<meta name=\"twitter:site\" content=\"@Lindemann_law\" \/>\n<meta name=\"twitter:label1\" content=\"Dur\u00e9e de lecture estim\u00e9e\" \/>\n\t<meta name=\"twitter:data1\" content=\"3 minutes\" \/>\n<script type=\"application\/ld+json\" class=\"yoast-schema-graph\">{\"@context\":\"https:\\\/\\\/schema.org\",\"@graph\":[{\"@type\":\"WebPage\",\"@id\":\"https:\\\/\\\/lindemannlaw.ch\\\/fr\\\/relocation-to-the-canton-of-graubunden-migration-law-corporate-law-and-tax\\\/\",\"url\":\"https:\\\/\\\/lindemannlaw.ch\\\/fr\\\/relocation-to-the-canton-of-graubunden-migration-law-corporate-law-and-tax\\\/\",\"name\":\"Transfer de domicile dans le canton des Grisons | Droit des migrations, droit des soci\u00e9t\u00e9s et fiscalit\u00e9 | Lindemann Law\",\"isPartOf\":{\"@id\":\"https:\\\/\\\/lindemannlaw.ch\\\/fr\\\/#website\"},\"primaryImageOfPage\":{\"@id\":\"https:\\\/\\\/lindemannlaw.ch\\\/fr\\\/relocation-to-the-canton-of-graubunden-migration-law-corporate-law-and-tax\\\/#primaryimage\"},\"image\":{\"@id\":\"https:\\\/\\\/lindemannlaw.ch\\\/fr\\\/relocation-to-the-canton-of-graubunden-migration-law-corporate-law-and-tax\\\/#primaryimage\"},\"thumbnailUrl\":\"https:\\\/\\\/lindemannlaw.ch\\\/wp-content\\\/uploads\\\/2025\\\/07\\\/graubunden.webp\",\"datePublished\":\"2025-07-10T15:52:04+00:00\",\"dateModified\":\"2025-09-05T13:05:52+00:00\",\"description\":\"D\u00e9couvrez les avantages d'une installation dans le canton des Grisons. LINDEMANNLAW conseille les Particuliers, les familles et les entrepreneurs en mati\u00e8re de droit des migrations, de droit des soci\u00e9t\u00e9s et de fiscalit\u00e9 en Suisse.\",\"breadcrumb\":{\"@id\":\"https:\\\/\\\/lindemannlaw.ch\\\/fr\\\/relocation-to-the-canton-of-graubunden-migration-law-corporate-law-and-tax\\\/#breadcrumb\"},\"inLanguage\":\"fr-FR\",\"potentialAction\":[{\"@type\":\"ReadAction\",\"target\":[\"https:\\\/\\\/lindemannlaw.ch\\\/fr\\\/relocation-to-the-canton-of-graubunden-migration-law-corporate-law-and-tax\\\/\"]}]},{\"@type\":\"ImageObject\",\"inLanguage\":\"fr-FR\",\"@id\":\"https:\\\/\\\/lindemannlaw.ch\\\/fr\\\/relocation-to-the-canton-of-graubunden-migration-law-corporate-law-and-tax\\\/#primaryimage\",\"url\":\"https:\\\/\\\/lindemannlaw.ch\\\/wp-content\\\/uploads\\\/2025\\\/07\\\/graubunden.webp\",\"contentUrl\":\"https:\\\/\\\/lindemannlaw.ch\\\/wp-content\\\/uploads\\\/2025\\\/07\\\/graubunden.webp\",\"width\":1920,\"height\":1080},{\"@type\":\"BreadcrumbList\",\"@id\":\"https:\\\/\\\/lindemannlaw.ch\\\/fr\\\/relocation-to-the-canton-of-graubunden-migration-law-corporate-law-and-tax\\\/#breadcrumb\",\"itemListElement\":[{\"@type\":\"ListItem\",\"position\":1,\"name\":\"Home\",\"item\":\"https:\\\/\\\/lindemannlaw.ch\\\/fr\\\/\"},{\"@type\":\"ListItem\",\"position\":2,\"name\":\"Transfer de domicile dans le canton des Grisons | Droit des migrations, droit des soci\u00e9t\u00e9s et fiscalit\u00e9\"}]},{\"@type\":\"WebSite\",\"@id\":\"https:\\\/\\\/lindemannlaw.ch\\\/fr\\\/#website\",\"url\":\"https:\\\/\\\/lindemannlaw.ch\\\/fr\\\/\",\"name\":\"Lindemann Law\",\"description\":\"Asset Management legal services\",\"publisher\":{\"@id\":\"https:\\\/\\\/lindemannlaw.ch\\\/fr\\\/#organization\"},\"potentialAction\":[{\"@type\":\"SearchAction\",\"target\":{\"@type\":\"EntryPoint\",\"urlTemplate\":\"https:\\\/\\\/lindemannlaw.ch\\\/fr\\\/?s={search_term_string}\"},\"query-input\":{\"@type\":\"PropertyValueSpecification\",\"valueRequired\":true,\"valueName\":\"search_term_string\"}}],\"inLanguage\":\"fr-FR\"},{\"@type\":\"Organization\",\"@id\":\"https:\\\/\\\/lindemannlaw.ch\\\/fr\\\/#organization\",\"name\":\"Lindemann Law\",\"url\":\"https:\\\/\\\/lindemannlaw.ch\\\/fr\\\/\",\"logo\":{\"@type\":\"ImageObject\",\"inLanguage\":\"fr-FR\",\"@id\":\"https:\\\/\\\/lindemannlaw.ch\\\/fr\\\/#\\\/schema\\\/logo\\\/image\\\/\",\"url\":\"https:\\\/\\\/lindemannlaw.ch\\\/wp-content\\\/uploads\\\/2021\\\/01\\\/logo-lindemannlaw_cropped.png\",\"contentUrl\":\"https:\\\/\\\/lindemannlaw.ch\\\/wp-content\\\/uploads\\\/2021\\\/01\\\/logo-lindemannlaw_cropped.png\",\"width\":150,\"height\":73,\"caption\":\"Lindemann Law\"},\"image\":{\"@id\":\"https:\\\/\\\/lindemannlaw.ch\\\/fr\\\/#\\\/schema\\\/logo\\\/image\\\/\"},\"sameAs\":[\"https:\\\/\\\/x.com\\\/Lindemann_law\",\"https:\\\/\\\/www.linkedin.com\\\/company\\\/lindemannlaw\\\/\"]}]}<\/script>\n<!-- \/ Yoast SEO Premium plugin. -->","yoast_head_json":{"title":"Transfer de domicile dans le canton des Grisons | Droit des migrations, droit des soci\u00e9t\u00e9s et fiscalit\u00e9 | Lindemann Law","description":"D\u00e9couvrez les avantages d'une installation dans le canton des Grisons. LINDEMANNLAW conseille les Particuliers, les familles et les entrepreneurs en mati\u00e8re de droit des migrations, de droit des soci\u00e9t\u00e9s et de fiscalit\u00e9 en Suisse.","robots":{"index":"index","follow":"follow","max-snippet":"max-snippet:-1","max-image-preview":"max-image-preview:large","max-video-preview":"max-video-preview:-1"},"canonical":"https:\/\/lindemannlaw.ch\/fr\/relocation-to-the-canton-of-graubunden-migration-law-corporate-law-and-tax\/","og_locale":"fr_FR","og_type":"article","og_title":"Transfer de domicile dans le canton des Grisons | Droit des migrations, droit des soci\u00e9t\u00e9s et fiscalit\u00e9","og_description":"D\u00e9couvrez les avantages d'une installation dans le canton des Grisons. LINDEMANNLAW conseille les Particuliers, les familles et les entrepreneurs en mati\u00e8re de droit des migrations, de droit des soci\u00e9t\u00e9s et de fiscalit\u00e9 en Suisse.","og_url":"https:\/\/lindemannlaw.ch\/fr\/relocation-to-the-canton-of-graubunden-migration-law-corporate-law-and-tax\/","og_site_name":"Lindemann Law","article_modified_time":"2025-09-05T13:05:52+00:00","og_image":[{"width":1920,"height":1080,"url":"https:\/\/lindemannlaw.ch\/wp-content\/uploads\/2025\/07\/graubunden.webp","type":"image\/webp"}],"twitter_card":"summary_large_image","twitter_site":"@Lindemann_law","twitter_misc":{"Dur\u00e9e de lecture estim\u00e9e":"3 minutes"},"schema":{"@context":"https:\/\/schema.org","@graph":[{"@type":"WebPage","@id":"https:\/\/lindemannlaw.ch\/fr\/relocation-to-the-canton-of-graubunden-migration-law-corporate-law-and-tax\/","url":"https:\/\/lindemannlaw.ch\/fr\/relocation-to-the-canton-of-graubunden-migration-law-corporate-law-and-tax\/","name":"Transfer de domicile dans le canton des Grisons | Droit des migrations, droit des soci\u00e9t\u00e9s et fiscalit\u00e9 | Lindemann Law","isPartOf":{"@id":"https:\/\/lindemannlaw.ch\/fr\/#website"},"primaryImageOfPage":{"@id":"https:\/\/lindemannlaw.ch\/fr\/relocation-to-the-canton-of-graubunden-migration-law-corporate-law-and-tax\/#primaryimage"},"image":{"@id":"https:\/\/lindemannlaw.ch\/fr\/relocation-to-the-canton-of-graubunden-migration-law-corporate-law-and-tax\/#primaryimage"},"thumbnailUrl":"https:\/\/lindemannlaw.ch\/wp-content\/uploads\/2025\/07\/graubunden.webp","datePublished":"2025-07-10T15:52:04+00:00","dateModified":"2025-09-05T13:05:52+00:00","description":"D\u00e9couvrez les avantages d'une installation dans le canton des Grisons. LINDEMANNLAW conseille les Particuliers, les familles et les entrepreneurs en mati\u00e8re de droit des migrations, de droit des soci\u00e9t\u00e9s et de fiscalit\u00e9 en Suisse.","breadcrumb":{"@id":"https:\/\/lindemannlaw.ch\/fr\/relocation-to-the-canton-of-graubunden-migration-law-corporate-law-and-tax\/#breadcrumb"},"inLanguage":"fr-FR","potentialAction":[{"@type":"ReadAction","target":["https:\/\/lindemannlaw.ch\/fr\/relocation-to-the-canton-of-graubunden-migration-law-corporate-law-and-tax\/"]}]},{"@type":"ImageObject","inLanguage":"fr-FR","@id":"https:\/\/lindemannlaw.ch\/fr\/relocation-to-the-canton-of-graubunden-migration-law-corporate-law-and-tax\/#primaryimage","url":"https:\/\/lindemannlaw.ch\/wp-content\/uploads\/2025\/07\/graubunden.webp","contentUrl":"https:\/\/lindemannlaw.ch\/wp-content\/uploads\/2025\/07\/graubunden.webp","width":1920,"height":1080},{"@type":"BreadcrumbList","@id":"https:\/\/lindemannlaw.ch\/fr\/relocation-to-the-canton-of-graubunden-migration-law-corporate-law-and-tax\/#breadcrumb","itemListElement":[{"@type":"ListItem","position":1,"name":"Home","item":"https:\/\/lindemannlaw.ch\/fr\/"},{"@type":"ListItem","position":2,"name":"Transfer de domicile dans le canton des Grisons | Droit des migrations, droit des soci\u00e9t\u00e9s et fiscalit\u00e9"}]},{"@type":"WebSite","@id":"https:\/\/lindemannlaw.ch\/fr\/#website","url":"https:\/\/lindemannlaw.ch\/fr\/","name":"Lindemann Law","description":"Asset Management legal services","publisher":{"@id":"https:\/\/lindemannlaw.ch\/fr\/#organization"},"potentialAction":[{"@type":"SearchAction","target":{"@type":"EntryPoint","urlTemplate":"https:\/\/lindemannlaw.ch\/fr\/?s={search_term_string}"},"query-input":{"@type":"PropertyValueSpecification","valueRequired":true,"valueName":"search_term_string"}}],"inLanguage":"fr-FR"},{"@type":"Organization","@id":"https:\/\/lindemannlaw.ch\/fr\/#organization","name":"Lindemann Law","url":"https:\/\/lindemannlaw.ch\/fr\/","logo":{"@type":"ImageObject","inLanguage":"fr-FR","@id":"https:\/\/lindemannlaw.ch\/fr\/#\/schema\/logo\/image\/","url":"https:\/\/lindemannlaw.ch\/wp-content\/uploads\/2021\/01\/logo-lindemannlaw_cropped.png","contentUrl":"https:\/\/lindemannlaw.ch\/wp-content\/uploads\/2021\/01\/logo-lindemannlaw_cropped.png","width":150,"height":73,"caption":"Lindemann Law"},"image":{"@id":"https:\/\/lindemannlaw.ch\/fr\/#\/schema\/logo\/image\/"},"sameAs":["https:\/\/x.com\/Lindemann_law","https:\/\/www.linkedin.com\/company\/lindemannlaw\/"]}]}},"_links":{"self":[{"href":"https:\/\/lindemannlaw.ch\/fr\/wp-json\/wp\/v2\/pages\/22869","targetHints":{"allow":["GET"]}}],"collection":[{"href":"https:\/\/lindemannlaw.ch\/fr\/wp-json\/wp\/v2\/pages"}],"about":[{"href":"https:\/\/lindemannlaw.ch\/fr\/wp-json\/wp\/v2\/types\/page"}],"author":[{"embeddable":true,"href":"https:\/\/lindemannlaw.ch\/fr\/wp-json\/wp\/v2\/users\/19"}],"replies":[{"embeddable":true,"href":"https:\/\/lindemannlaw.ch\/fr\/wp-json\/wp\/v2\/comments?post=22869"}],"version-history":[{"count":0,"href":"https:\/\/lindemannlaw.ch\/fr\/wp-json\/wp\/v2\/pages\/22869\/revisions"}],"wp:featuredmedia":[{"embeddable":true,"href":"https:\/\/lindemannlaw.ch\/fr\/wp-json\/wp\/v2\/media\/22107"}],"wp:attachment":[{"href":"https:\/\/lindemannlaw.ch\/fr\/wp-json\/wp\/v2\/media?parent=22869"}],"wp:term":[{"taxonomy":"related_contact","embeddable":true,"href":"https:\/\/lindemannlaw.ch\/fr\/wp-json\/wp\/v2\/related_contact?post=22869"},{"taxonomy":"expertise","embeddable":true,"href":"https:\/\/lindemannlaw.ch\/fr\/wp-json\/wp\/v2\/expertise?post=22869"},{"taxonomy":"webparts","embeddable":true,"href":"https:\/\/lindemannlaw.ch\/fr\/wp-json\/wp\/v2\/webparts?post=22869"},{"taxonomy":"page_type","embeddable":true,"href":"https:\/\/lindemannlaw.ch\/fr\/wp-json\/wp\/v2\/page_type?post=22869"}],"curies":[{"name":"wp","href":"https:\/\/api.w.org\/{rel}","templated":true}]}}