{"id":22957,"date":"2025-09-09T10:18:37","date_gmt":"2025-09-09T09:18:37","guid":{"rendered":"https:\/\/lindemannlaw.ch\/lindemannlaw-at-the-zurich-film-festival\/"},"modified":"2025-10-24T08:11:02","modified_gmt":"2025-10-24T07:11:02","slug":"lindemannlaw-au-festival-du-film-de-zurich","status":"publish","type":"page","link":"https:\/\/lindemannlaw.ch\/fr\/lindemannlaw-au-festival-du-film-de-zurich\/","title":{"rendered":"LINDEMANNLAW au Festival du film de Zurich"},"content":{"rendered":"<p data-start=\"258\" data-end=\"726\"><img decoding=\"async\" class=\"size-full wp-image-22918 alignleft\" src=\"https:\/\/lindemannlaw.ch\/wp-content\/uploads\/2025\/09\/image-2.png\" alt=\"\" width=\"140\" height=\"156\" \/>Le <strong data-start=\"262\" data-end=\"292\">Festival du film de Zurich (ZFF)<\/strong> est l&rsquo;un des principaux \u00e9v\u00e9nements culturels de Suisse, qui r\u00e9unit des r\u00e9alisateurs, des artistes et des publics du monde entier. Chaque automne, Zurich devient le th\u00e9\u00e2tre de premi\u00e8res mondiales, de discussions inspirantes et de la c\u00e9l\u00e9bration du r\u00e9cit sous toutes ses formes. Avec sa port\u00e9e internationale et ses racines locales, le ZFF incarne la cr\u00e9ativit\u00e9, la diversit\u00e9 et l&rsquo;\u00e9change culturel &#8211; des valeurs qui nous tiennent \u00e0 c\u0153ur chez LINDEMANNLAW.<\/p>\n<p data-start=\"728\" data-end=\"1051\">Pour notre entreprise, le soutien au festival est plus qu&rsquo;un simple sponsoring. Il refl\u00e8te notre appr\u00e9ciation des arts et notre engagement pour une Zurich vivante, ouverte et dynamique. Le ZFF renforce la r\u00e9putation internationale de Zurich en tant que plaque tournante de la culture, de l&rsquo;innovation et du dialogue mondial &#8211; et nous sommes fiers de faire partie de ce voyage.<\/p>\n<p><iframe title=\"Lecteur vid\u00e9o YouTube\" src=\"https:\/\/www.youtube.com\/embed\/ExBktu-6lMg?si=LjqaR4cD96rhg8Lc\" width=\"560\" height=\"315\" frameborder=\"0\" allowfullscreen=\"allowfullscreen\"><span data-mce-type=\"bookmark\" style=\"display: inline-block; width: 0px; overflow: hidden; line-height: 0;\" class=\"mce_SELRES_start\"><\/span><\/iframe><\/p>\n<h3><\/h3>\n<hr data-start=\"951\" data-end=\"954\" \/>\n<h3 data-start=\"956\" data-end=\"1006\"><strong data-start=\"956\" data-end=\"1004\">Nous sommes fiers de soutenir le Festival du film de Zurich<\/strong><\/h3>\n<figure id=\"attachment_22939\" aria-describedby=\"caption-attachment-22939\" style=\"width: 202px\" class=\"wp-caption alignright\"><img fetchpriority=\"high\" decoding=\"async\" class=\"wp-image-22938 size-medium\" src=\"https:\/\/lindemannlaw.ch\/wp-content\/uploads\/2025\/09\/1729237572881-1-202x300.jpeg\" alt=\"\" width=\"202\" height=\"300\" srcset=\"https:\/\/lindemannlaw.ch\/wp-content\/uploads\/2025\/09\/1729237572881-1-202x300.jpeg 202w, https:\/\/lindemannlaw.ch\/wp-content\/uploads\/2025\/09\/1729237572881-1-691x1024.jpeg 691w, https:\/\/lindemannlaw.ch\/wp-content\/uploads\/2025\/09\/1729237572881-1-768x1139.jpeg 768w, https:\/\/lindemannlaw.ch\/wp-content\/uploads\/2025\/09\/1729237572881-1-1036x1536.jpeg 1036w, https:\/\/lindemannlaw.ch\/wp-content\/uploads\/2025\/09\/1729237572881-1.jpeg 1280w\" sizes=\"(max-width: 202px) 100vw, 202px\" \/><figcaption id=\"caption-attachment-22939\" class=\"wp-caption-text\">Shynar &amp; Dr. Alexander Lindemann au Festival du film de Zurich<\/figcaption><\/figure>\n<p data-start=\"1095\" data-end=\"1402\">Chez LINDEMANNLAW, nous pensons que l&rsquo;art et la culture sont des piliers essentiels de la soci\u00e9t\u00e9. Ils inspirent de nouvelles perspectives, encouragent le dialogue et construisent des ponts par-del\u00e0 les fronti\u00e8res. Le Zurich Film Festival incarne ces id\u00e9aux et cr\u00e9e une plateforme o\u00f9 de nouvelles voix se font entendre et o\u00f9 des talents \u00e9tablis sont c\u00e9l\u00e9br\u00e9s.<\/p>\n<p data-start=\"1404\" data-end=\"1713\">Notre engagement en mati\u00e8re de dons est l&rsquo;expression de notre responsabilit\u00e9 en tant que cabinet d&rsquo;avocats zurichois : nous ne soutenons pas seulement nos clients, mais aussi la communaut\u00e9 plus large \u00e0 laquelle nous appartenons. Tout comme nous accompagnons les particuliers et les entreprises \u00e0 travers des paysages juridiques complexes, nous appr\u00e9cions \u00e9galement l&rsquo;importance de l&rsquo;entretien des paysages culturels.<\/p>\n<p data-start=\"1715\" data-end=\"2012\">En tant qu&rsquo;un des \u00e9v\u00e9nements culturels les plus dynamiques de Suisse, le ZFF refl\u00e8te nos propres valeurs d&rsquo;excellence, d&rsquo;internationalit\u00e9 et d&rsquo;innovation. En contribuant au festival, nous r\u00e9affirmons notre engagement \u00e0 renforcer Zurich comme un lieu o\u00f9 la cr\u00e9ativit\u00e9 et l&rsquo;\u00e9conomie peuvent s&rsquo;\u00e9panouir c\u00f4te \u00e0 c\u00f4te.<\/p>\n<p data-start=\"1128\" data-end=\"1152\"><strong>Soutenez vous aussi le Festival du film de Zurich<\/strong><\/p>\n<p data-start=\"1153\" data-end=\"1372\">Vous souhaitez soutenir le Festival du film de Zurich et aider \u00e0 promouvoir la cr\u00e9ativit\u00e9 et la culture en Suisse ? <a href=\"https:\/\/zff.com\/en\/partners\/donors-club\">Rejoignez le Donors Club<\/a> et faites partie d&rsquo;une communaut\u00e9 inspirante qui rend possible cet \u00e9v\u00e9nement de classe mondiale.<\/p>\n","protected":false},"excerpt":{"rendered":"<p>Le Festival du film de Zurich (ZFF) est l&rsquo;un des principaux \u00e9v\u00e9nements culturels de Suisse, qui r\u00e9unit des r\u00e9alisateurs, des artistes et des publics du monde entier. Chaque automne, Zurich devient le th\u00e9\u00e2tre de premi\u00e8res mondiales, de discussions inspirantes et de la c\u00e9l\u00e9bration du r\u00e9cit sous toutes ses formes. Avec sa port\u00e9e internationale et ses [&hellip;]<\/p>\n","protected":false},"author":19,"featured_media":22925,"parent":0,"menu_order":0,"comment_status":"closed","ping_status":"closed","template":"","meta":{"_acf_changed":false,"site-sidebar-layout":"default","site-content-layout":"","ast-site-content-layout":"default","site-content-style":"default","site-sidebar-style":"default","ast-global-header-display":"","ast-banner-title-visibility":"","ast-main-header-display":"","ast-hfb-above-header-display":"","ast-hfb-below-header-display":"","ast-hfb-mobile-header-display":"","site-post-title":"","ast-breadcrumbs-content":"","ast-featured-img":"","footer-sml-layout":"","ast-disable-related-posts":"","theme-transparent-header-meta":"default","adv-header-id-meta":"","stick-header-meta":"","header-above-stick-meta":"","header-main-stick-meta":"","header-below-stick-meta":"","astra-migrate-meta-layouts":"set","ast-page-background-enabled":"default","ast-page-background-meta":{"desktop":{"background-color":"var(--ast-global-color-4)","background-image":"","background-repeat":"repeat","background-position":"center center","background-size":"auto","background-attachment":"scroll","background-type":"","background-media":"","overlay-type":"","overlay-color":"","overlay-opacity":"","overlay-gradient":""},"tablet":{"background-color":"","background-image":"","background-repeat":"repeat","background-position":"center center","background-size":"auto","background-attachment":"scroll","background-type":"","background-media":"","overlay-type":"","overlay-color":"","overlay-opacity":"","overlay-gradient":""},"mobile":{"background-color":"","background-image":"","background-repeat":"repeat","background-position":"center center","background-size":"auto","background-attachment":"scroll","background-type":"","background-media":"","overlay-type":"","overlay-color":"","overlay-opacity":"","overlay-gradient":""}},"ast-content-background-meta":{"desktop":{"background-color":"var(--ast-global-color-5)","background-image":"","background-repeat":"repeat","background-position":"center center","background-size":"auto","background-attachment":"scroll","background-type":"","background-media":"","overlay-type":"","overlay-color":"","overlay-opacity":"","overlay-gradient":""},"tablet":{"background-color":"var(--ast-global-color-5)","background-image":"","background-repeat":"repeat","background-position":"center center","background-size":"auto","background-attachment":"scroll","background-type":"","background-media":"","overlay-type":"","overlay-color":"","overlay-opacity":"","overlay-gradient":""},"mobile":{"background-color":"var(--ast-global-color-5)","background-image":"","background-repeat":"repeat","background-position":"center center","background-size":"auto","background-attachment":"scroll","background-type":"","background-media":"","overlay-type":"","overlay-color":"","overlay-opacity":"","overlay-gradient":""}},"footnotes":""},"related_contact":[],"expertise":[],"webparts":[],"page_type":[],"class_list":["post-22957","page","type-page","status-publish","has-post-thumbnail","hentry"],"acf":[],"yoast_head":"<!-- This site is optimized with the Yoast SEO Premium plugin v27.5 (Yoast SEO v27.5) - https:\/\/yoast.com\/product\/yoast-seo-premium-wordpress\/ -->\n<title>LINDEMANNLAW au Festival du film de Zurich | Lindemann Law<\/title>\n<meta name=\"description\" content=\"La cabinet Lindemann Law s\u2019engage au Festival du film de Zurich : soutien \u00e0 la cr\u00e9ativit\u00e9, \u00e0 l\u2019innovation et \u00e0 la culture internationale \u00e0 Zurich.\" \/>\n<meta name=\"robots\" content=\"index, follow, max-snippet:-1, max-image-preview:large, max-video-preview:-1\" \/>\n<link rel=\"canonical\" href=\"https:\/\/lindemannlaw.ch\/fr\/lindemannlaw-au-festival-du-film-de-zurich\/\" \/>\n<meta property=\"og:locale\" content=\"fr_FR\" \/>\n<meta property=\"og:type\" content=\"article\" \/>\n<meta property=\"og:title\" content=\"LINDEMANNLAW au Festival du film de Zurich\" \/>\n<meta property=\"og:description\" content=\"La cabinet Lindemann Law s\u2019engage au Festival du film de Zurich : soutien \u00e0 la cr\u00e9ativit\u00e9, \u00e0 l\u2019innovation et \u00e0 la culture internationale \u00e0 Zurich.\" \/>\n<meta property=\"og:url\" content=\"https:\/\/lindemannlaw.ch\/fr\/lindemannlaw-au-festival-du-film-de-zurich\/\" \/>\n<meta property=\"og:site_name\" content=\"Lindemann Law\" \/>\n<meta property=\"article:modified_time\" content=\"2025-10-24T07:11:02+00:00\" \/>\n<meta property=\"og:image\" content=\"https:\/\/lindemannlaw.ch\/wp-content\/uploads\/2025\/09\/68be94a5-9193-4ecf-a5b4-d74d04162649.webp\" \/>\n\t<meta property=\"og:image:width\" content=\"1360\" \/>\n\t<meta property=\"og:image:height\" content=\"907\" \/>\n\t<meta property=\"og:image:type\" content=\"image\/webp\" \/>\n<meta name=\"twitter:card\" content=\"summary_large_image\" \/>\n<meta name=\"twitter:site\" content=\"@Lindemann_law\" \/>\n<meta name=\"twitter:label1\" content=\"Dur\u00e9e de lecture estim\u00e9e\" \/>\n\t<meta name=\"twitter:data1\" content=\"3 minutes\" \/>\n<script type=\"application\/ld+json\" class=\"yoast-schema-graph\">{\"@context\":\"https:\\\/\\\/schema.org\",\"@graph\":[{\"@type\":\"WebPage\",\"@id\":\"https:\\\/\\\/lindemannlaw.ch\\\/fr\\\/lindemannlaw-au-festival-du-film-de-zurich\\\/\",\"url\":\"https:\\\/\\\/lindemannlaw.ch\\\/fr\\\/lindemannlaw-au-festival-du-film-de-zurich\\\/\",\"name\":\"LINDEMANNLAW au Festival du film de Zurich | Lindemann Law\",\"isPartOf\":{\"@id\":\"https:\\\/\\\/lindemannlaw.ch\\\/fr\\\/#website\"},\"primaryImageOfPage\":{\"@id\":\"https:\\\/\\\/lindemannlaw.ch\\\/fr\\\/lindemannlaw-au-festival-du-film-de-zurich\\\/#primaryimage\"},\"image\":{\"@id\":\"https:\\\/\\\/lindemannlaw.ch\\\/fr\\\/lindemannlaw-au-festival-du-film-de-zurich\\\/#primaryimage\"},\"thumbnailUrl\":\"https:\\\/\\\/lindemannlaw.ch\\\/wp-content\\\/uploads\\\/2025\\\/09\\\/68be94a5-9193-4ecf-a5b4-d74d04162649.webp\",\"datePublished\":\"2025-09-09T09:18:37+00:00\",\"dateModified\":\"2025-10-24T07:11:02+00:00\",\"description\":\"La cabinet Lindemann Law s\u2019engage au Festival du film de Zurich : soutien \u00e0 la cr\u00e9ativit\u00e9, \u00e0 l\u2019innovation et \u00e0 la culture internationale \u00e0 Zurich.\",\"breadcrumb\":{\"@id\":\"https:\\\/\\\/lindemannlaw.ch\\\/fr\\\/lindemannlaw-au-festival-du-film-de-zurich\\\/#breadcrumb\"},\"inLanguage\":\"fr-FR\",\"potentialAction\":[{\"@type\":\"ReadAction\",\"target\":[\"https:\\\/\\\/lindemannlaw.ch\\\/fr\\\/lindemannlaw-au-festival-du-film-de-zurich\\\/\"]}]},{\"@type\":\"ImageObject\",\"inLanguage\":\"fr-FR\",\"@id\":\"https:\\\/\\\/lindemannlaw.ch\\\/fr\\\/lindemannlaw-au-festival-du-film-de-zurich\\\/#primaryimage\",\"url\":\"https:\\\/\\\/lindemannlaw.ch\\\/wp-content\\\/uploads\\\/2025\\\/09\\\/68be94a5-9193-4ecf-a5b4-d74d04162649.webp\",\"contentUrl\":\"https:\\\/\\\/lindemannlaw.ch\\\/wp-content\\\/uploads\\\/2025\\\/09\\\/68be94a5-9193-4ecf-a5b4-d74d04162649.webp\",\"width\":1360,\"height\":907},{\"@type\":\"BreadcrumbList\",\"@id\":\"https:\\\/\\\/lindemannlaw.ch\\\/fr\\\/lindemannlaw-au-festival-du-film-de-zurich\\\/#breadcrumb\",\"itemListElement\":[{\"@type\":\"ListItem\",\"position\":1,\"name\":\"Home\",\"item\":\"https:\\\/\\\/lindemannlaw.ch\\\/fr\\\/\"},{\"@type\":\"ListItem\",\"position\":2,\"name\":\"LINDEMANNLAW au Festival du film de Zurich\"}]},{\"@type\":\"WebSite\",\"@id\":\"https:\\\/\\\/lindemannlaw.ch\\\/fr\\\/#website\",\"url\":\"https:\\\/\\\/lindemannlaw.ch\\\/fr\\\/\",\"name\":\"Lindemann Law\",\"description\":\"Asset Management legal services\",\"publisher\":{\"@id\":\"https:\\\/\\\/lindemannlaw.ch\\\/fr\\\/#organization\"},\"potentialAction\":[{\"@type\":\"SearchAction\",\"target\":{\"@type\":\"EntryPoint\",\"urlTemplate\":\"https:\\\/\\\/lindemannlaw.ch\\\/fr\\\/?s={search_term_string}\"},\"query-input\":{\"@type\":\"PropertyValueSpecification\",\"valueRequired\":true,\"valueName\":\"search_term_string\"}}],\"inLanguage\":\"fr-FR\"},{\"@type\":\"Organization\",\"@id\":\"https:\\\/\\\/lindemannlaw.ch\\\/fr\\\/#organization\",\"name\":\"Lindemann Law\",\"url\":\"https:\\\/\\\/lindemannlaw.ch\\\/fr\\\/\",\"logo\":{\"@type\":\"ImageObject\",\"inLanguage\":\"fr-FR\",\"@id\":\"https:\\\/\\\/lindemannlaw.ch\\\/fr\\\/#\\\/schema\\\/logo\\\/image\\\/\",\"url\":\"https:\\\/\\\/lindemannlaw.ch\\\/wp-content\\\/uploads\\\/2021\\\/01\\\/logo-lindemannlaw_cropped.png\",\"contentUrl\":\"https:\\\/\\\/lindemannlaw.ch\\\/wp-content\\\/uploads\\\/2021\\\/01\\\/logo-lindemannlaw_cropped.png\",\"width\":150,\"height\":73,\"caption\":\"Lindemann Law\"},\"image\":{\"@id\":\"https:\\\/\\\/lindemannlaw.ch\\\/fr\\\/#\\\/schema\\\/logo\\\/image\\\/\"},\"sameAs\":[\"https:\\\/\\\/x.com\\\/Lindemann_law\",\"https:\\\/\\\/www.linkedin.com\\\/company\\\/lindemannlaw\\\/\"]}]}<\/script>\n<!-- \/ Yoast SEO Premium plugin. -->","yoast_head_json":{"title":"LINDEMANNLAW au Festival du film de Zurich | Lindemann Law","description":"La cabinet Lindemann Law s\u2019engage au Festival du film de Zurich : soutien \u00e0 la cr\u00e9ativit\u00e9, \u00e0 l\u2019innovation et \u00e0 la culture internationale \u00e0 Zurich.","robots":{"index":"index","follow":"follow","max-snippet":"max-snippet:-1","max-image-preview":"max-image-preview:large","max-video-preview":"max-video-preview:-1"},"canonical":"https:\/\/lindemannlaw.ch\/fr\/lindemannlaw-au-festival-du-film-de-zurich\/","og_locale":"fr_FR","og_type":"article","og_title":"LINDEMANNLAW au Festival du film de Zurich","og_description":"La cabinet Lindemann Law s\u2019engage au Festival du film de Zurich : soutien \u00e0 la cr\u00e9ativit\u00e9, \u00e0 l\u2019innovation et \u00e0 la culture internationale \u00e0 Zurich.","og_url":"https:\/\/lindemannlaw.ch\/fr\/lindemannlaw-au-festival-du-film-de-zurich\/","og_site_name":"Lindemann Law","article_modified_time":"2025-10-24T07:11:02+00:00","og_image":[{"width":1360,"height":907,"url":"https:\/\/lindemannlaw.ch\/wp-content\/uploads\/2025\/09\/68be94a5-9193-4ecf-a5b4-d74d04162649.webp","type":"image\/webp"}],"twitter_card":"summary_large_image","twitter_site":"@Lindemann_law","twitter_misc":{"Dur\u00e9e de lecture estim\u00e9e":"3 minutes"},"schema":{"@context":"https:\/\/schema.org","@graph":[{"@type":"WebPage","@id":"https:\/\/lindemannlaw.ch\/fr\/lindemannlaw-au-festival-du-film-de-zurich\/","url":"https:\/\/lindemannlaw.ch\/fr\/lindemannlaw-au-festival-du-film-de-zurich\/","name":"LINDEMANNLAW au Festival du film de Zurich | Lindemann Law","isPartOf":{"@id":"https:\/\/lindemannlaw.ch\/fr\/#website"},"primaryImageOfPage":{"@id":"https:\/\/lindemannlaw.ch\/fr\/lindemannlaw-au-festival-du-film-de-zurich\/#primaryimage"},"image":{"@id":"https:\/\/lindemannlaw.ch\/fr\/lindemannlaw-au-festival-du-film-de-zurich\/#primaryimage"},"thumbnailUrl":"https:\/\/lindemannlaw.ch\/wp-content\/uploads\/2025\/09\/68be94a5-9193-4ecf-a5b4-d74d04162649.webp","datePublished":"2025-09-09T09:18:37+00:00","dateModified":"2025-10-24T07:11:02+00:00","description":"La cabinet Lindemann Law s\u2019engage au Festival du film de Zurich : soutien \u00e0 la cr\u00e9ativit\u00e9, \u00e0 l\u2019innovation et \u00e0 la culture internationale \u00e0 Zurich.","breadcrumb":{"@id":"https:\/\/lindemannlaw.ch\/fr\/lindemannlaw-au-festival-du-film-de-zurich\/#breadcrumb"},"inLanguage":"fr-FR","potentialAction":[{"@type":"ReadAction","target":["https:\/\/lindemannlaw.ch\/fr\/lindemannlaw-au-festival-du-film-de-zurich\/"]}]},{"@type":"ImageObject","inLanguage":"fr-FR","@id":"https:\/\/lindemannlaw.ch\/fr\/lindemannlaw-au-festival-du-film-de-zurich\/#primaryimage","url":"https:\/\/lindemannlaw.ch\/wp-content\/uploads\/2025\/09\/68be94a5-9193-4ecf-a5b4-d74d04162649.webp","contentUrl":"https:\/\/lindemannlaw.ch\/wp-content\/uploads\/2025\/09\/68be94a5-9193-4ecf-a5b4-d74d04162649.webp","width":1360,"height":907},{"@type":"BreadcrumbList","@id":"https:\/\/lindemannlaw.ch\/fr\/lindemannlaw-au-festival-du-film-de-zurich\/#breadcrumb","itemListElement":[{"@type":"ListItem","position":1,"name":"Home","item":"https:\/\/lindemannlaw.ch\/fr\/"},{"@type":"ListItem","position":2,"name":"LINDEMANNLAW au Festival du film de Zurich"}]},{"@type":"WebSite","@id":"https:\/\/lindemannlaw.ch\/fr\/#website","url":"https:\/\/lindemannlaw.ch\/fr\/","name":"Lindemann Law","description":"Asset Management legal services","publisher":{"@id":"https:\/\/lindemannlaw.ch\/fr\/#organization"},"potentialAction":[{"@type":"SearchAction","target":{"@type":"EntryPoint","urlTemplate":"https:\/\/lindemannlaw.ch\/fr\/?s={search_term_string}"},"query-input":{"@type":"PropertyValueSpecification","valueRequired":true,"valueName":"search_term_string"}}],"inLanguage":"fr-FR"},{"@type":"Organization","@id":"https:\/\/lindemannlaw.ch\/fr\/#organization","name":"Lindemann Law","url":"https:\/\/lindemannlaw.ch\/fr\/","logo":{"@type":"ImageObject","inLanguage":"fr-FR","@id":"https:\/\/lindemannlaw.ch\/fr\/#\/schema\/logo\/image\/","url":"https:\/\/lindemannlaw.ch\/wp-content\/uploads\/2021\/01\/logo-lindemannlaw_cropped.png","contentUrl":"https:\/\/lindemannlaw.ch\/wp-content\/uploads\/2021\/01\/logo-lindemannlaw_cropped.png","width":150,"height":73,"caption":"Lindemann Law"},"image":{"@id":"https:\/\/lindemannlaw.ch\/fr\/#\/schema\/logo\/image\/"},"sameAs":["https:\/\/x.com\/Lindemann_law","https:\/\/www.linkedin.com\/company\/lindemannlaw\/"]}]}},"_links":{"self":[{"href":"https:\/\/lindemannlaw.ch\/fr\/wp-json\/wp\/v2\/pages\/22957","targetHints":{"allow":["GET"]}}],"collection":[{"href":"https:\/\/lindemannlaw.ch\/fr\/wp-json\/wp\/v2\/pages"}],"about":[{"href":"https:\/\/lindemannlaw.ch\/fr\/wp-json\/wp\/v2\/types\/page"}],"author":[{"embeddable":true,"href":"https:\/\/lindemannlaw.ch\/fr\/wp-json\/wp\/v2\/users\/19"}],"replies":[{"embeddable":true,"href":"https:\/\/lindemannlaw.ch\/fr\/wp-json\/wp\/v2\/comments?post=22957"}],"version-history":[{"count":0,"href":"https:\/\/lindemannlaw.ch\/fr\/wp-json\/wp\/v2\/pages\/22957\/revisions"}],"wp:featuredmedia":[{"embeddable":true,"href":"https:\/\/lindemannlaw.ch\/fr\/wp-json\/wp\/v2\/media\/22925"}],"wp:attachment":[{"href":"https:\/\/lindemannlaw.ch\/fr\/wp-json\/wp\/v2\/media?parent=22957"}],"wp:term":[{"taxonomy":"related_contact","embeddable":true,"href":"https:\/\/lindemannlaw.ch\/fr\/wp-json\/wp\/v2\/related_contact?post=22957"},{"taxonomy":"expertise","embeddable":true,"href":"https:\/\/lindemannlaw.ch\/fr\/wp-json\/wp\/v2\/expertise?post=22957"},{"taxonomy":"webparts","embeddable":true,"href":"https:\/\/lindemannlaw.ch\/fr\/wp-json\/wp\/v2\/webparts?post=22957"},{"taxonomy":"page_type","embeddable":true,"href":"https:\/\/lindemannlaw.ch\/fr\/wp-json\/wp\/v2\/page_type?post=22957"}],"curies":[{"name":"wp","href":"https:\/\/api.w.org\/{rel}","templated":true}]}}