{"id":5207,"date":"2020-07-30T07:44:27","date_gmt":"2020-07-30T06:44:27","guid":{"rendered":"https:\/\/lindemannlaw.ch\/team\/"},"modified":"2025-05-23T10:02:53","modified_gmt":"2025-05-23T09:02:53","slug":"team","status":"publish","type":"page","link":"https:\/\/lindemannlaw.ch\/fr\/team\/","title":{"rendered":"Team"},"content":{"rendered":"<p>LINDEMANNLAW est compos\u00e9 d\u2019avocats, de conseillers fiscaux et de consultants qui ont travaill\u00e9 au sein de banques, de gestionnaires de fonds et d\u2019autres institutions multinationales en Suisse et \u00e0 l\u2019\u00e9tranger. Les membres du cabinet pratiquent le droit suisse, allemand, liechtensteinois et luxembourgeois.<\/p>\n<p>Les principes qui guident notre travail quotidien sont la haute qualit\u00e9, l\u2019efficacit\u00e9, la r\u00e9activit\u00e9 et la flexibilit\u00e9. Les clients appr\u00e9cient \u00e9galement notre ind\u00e9pendance, notre cr\u00e9ativit\u00e9 et notre esprit d\u2019entreprise. Nous nous effor\u00e7ons sans rel\u00e2che d\u2019\u00eatre \u00e0 la pointe de la modernit\u00e9 et de l\u2019efficacit\u00e9 et de faire chaque jour un pas de plus pour nos clients.<\/p>\n<p>Les membres du cabinet sont des repr\u00e9sentants agr\u00e9\u00e9s pour les cotations \u00e0 la <a href=\"https:\/\/www.six-group.com\/en\/home.html\">SIX Swiss Exchange<\/a> et sont membres du <a href=\"https:\/\/www.sictic.ch\/\">Swiss ICT Investor Club (SICTIC)<\/a>, de la <a href=\"https:\/\/jointchambers.ch\/\">Joint Chamber of Commerce (JCC)<\/a>, de la <a href=\"https:\/\/www.seca.ch\/\">Swiss Private Equity &amp; Corporate Finance Association (SECA)<\/a>, de <a href=\"https:\/\/financemalta.org\/\">FinanceMalta<\/a>, de l&rsquo;<a href=\"https:\/\/www.expertsuisse.ch\/en-home\">Association suisse des experts en audit, fiscalit\u00e9 et fiduciaire (EXPERTsuisse)<\/a>, de l&rsquo;<a href=\"https:\/\/www.zav.ch\/en\/home.html\">Ordre des avocats de Zurich (ZAV)<\/a> et de la <a href=\"https:\/\/www.sav-fsa.ch\/en\/home\">F\u00e9d\u00e9ration suisse des avocats (FSA), <\/a>de la <a href=\"https:\/\/www.amcham.ch\/\">Swiss AmCham et de l&rsquo;<\/a> et de l&rsquo;<a href=\"https:\/\/www.ifa.nl\/\">International Fiscal Association (IFA)<\/a>.<\/p>\n<p>&nbsp;<\/p>\n","protected":false},"excerpt":{"rendered":"<p>LINDEMANNLAW est compos\u00e9 d\u2019avocats, de conseillers fiscaux et de consultants qui ont travaill\u00e9 au sein de banques, de gestionnaires de fonds et d\u2019autres institutions multinationales en Suisse et \u00e0 l\u2019\u00e9tranger. Les membres du cabinet pratiquent le droit suisse, allemand, liechtensteinois et luxembourgeois. Les principes qui guident notre travail quotidien sont la haute qualit\u00e9, l\u2019efficacit\u00e9, la [&hellip;]<\/p>\n","protected":false},"author":1,"featured_media":2782,"parent":0,"menu_order":0,"comment_status":"closed","ping_status":"closed","template":"","meta":{"_acf_changed":false,"site-sidebar-layout":"no-sidebar","site-content-layout":"","ast-site-content-layout":"full-width-container","site-content-style":"default","site-sidebar-style":"default","ast-global-header-display":"","ast-banner-title-visibility":"","ast-main-header-display":"","ast-hfb-above-header-display":"","ast-hfb-below-header-display":"","ast-hfb-mobile-header-display":"","site-post-title":"disabled","ast-breadcrumbs-content":"","ast-featured-img":"disabled","footer-sml-layout":"","ast-disable-related-posts":"","theme-transparent-header-meta":"default","adv-header-id-meta":"","stick-header-meta":"","header-above-stick-meta":"","header-main-stick-meta":"","header-below-stick-meta":"","astra-migrate-meta-layouts":"set","ast-page-background-enabled":"default","ast-page-background-meta":{"desktop":{"background-color":"var(--ast-global-color-4)","background-image":"","background-repeat":"repeat","background-position":"center center","background-size":"auto","background-attachment":"scroll","background-type":"","background-media":"","overlay-type":"","overlay-color":"","overlay-opacity":"","overlay-gradient":""},"tablet":{"background-color":"","background-image":"","background-repeat":"repeat","background-position":"center center","background-size":"auto","background-attachment":"scroll","background-type":"","background-media":"","overlay-type":"","overlay-color":"","overlay-opacity":"","overlay-gradient":""},"mobile":{"background-color":"","background-image":"","background-repeat":"repeat","background-position":"center center","background-size":"auto","background-attachment":"scroll","background-type":"","background-media":"","overlay-type":"","overlay-color":"","overlay-opacity":"","overlay-gradient":""}},"ast-content-background-meta":{"desktop":{"background-color":"var(--ast-global-color-5)","background-image":"","background-repeat":"repeat","background-position":"center center","background-size":"auto","background-attachment":"scroll","background-type":"","background-media":"","overlay-type":"","overlay-color":"","overlay-opacity":"","overlay-gradient":""},"tablet":{"background-color":"var(--ast-global-color-5)","background-image":"","background-repeat":"repeat","background-position":"center center","background-size":"auto","background-attachment":"scroll","background-type":"","background-media":"","overlay-type":"","overlay-color":"","overlay-opacity":"","overlay-gradient":""},"mobile":{"background-color":"var(--ast-global-color-5)","background-image":"","background-repeat":"repeat","background-position":"center center","background-size":"auto","background-attachment":"scroll","background-type":"","background-media":"","overlay-type":"","overlay-color":"","overlay-opacity":"","overlay-gradient":""}},"footnotes":""},"related_contact":[],"expertise":[],"webparts":[],"page_type":[226],"class_list":["post-5207","page","type-page","status-publish","has-post-thumbnail","hentry"],"acf":[],"yoast_head":"<!-- This site is optimized with the Yoast SEO Premium plugin v27.3 (Yoast SEO v27.3) - https:\/\/yoast.com\/product\/yoast-seo-premium-wordpress\/ -->\n<title>Team | Lindemann Law<\/title>\n<meta name=\"description\" content=\"LINDEMANNLAW est compos\u00e9 d\u2019avocats, de conseillers fiscaux et de consultants qui ont travaill\u00e9 au sein de banques, de gestionnaires de fonds et d\u2019autres institutions multinationales en Suisse et \u00e0 l\u2019\u00e9tranger. Les membres du cabinet pratiquent le droit suisse, allemand, liechtensteinois et luxembourgeois. Le cabinet est admis comme repr\u00e9sentant pour les cotations \u00e0 la SIX Swiss Exchange.Les principes qui guident notre travail quotidien sont la haute qualit\u00e9, l\u2019efficacit\u00e9, la r\u00e9activit\u00e9 et la flexibilit\u00e9. Les clients appr\u00e9cient \u00e9galement notre ind\u00e9pendance, notre cr\u00e9ativit\u00e9 et notre esprit d\u2019entreprise. Nous nous effor\u00e7ons sans rel\u00e2che d\u2019\u00eatre \u00e0 la pointe de la modernit\u00e9 et de l\u2019efficacit\u00e9 et de faire chaque jour un pas de plus pour nos clients.\" \/>\n<meta name=\"robots\" content=\"index, follow, max-snippet:-1, max-image-preview:large, max-video-preview:-1\" \/>\n<link rel=\"canonical\" href=\"https:\/\/lindemannlaw.ch\/fr\/team\/\" \/>\n<meta property=\"og:locale\" content=\"fr_FR\" \/>\n<meta property=\"og:type\" content=\"article\" \/>\n<meta property=\"og:title\" content=\"Team\" \/>\n<meta property=\"og:description\" content=\"LINDEMANNLAW est compos\u00e9 d\u2019avocats, de conseillers fiscaux et de consultants qui ont travaill\u00e9 au sein de banques, de gestionnaires de fonds et d\u2019autres institutions multinationales en Suisse et \u00e0 l\u2019\u00e9tranger. Les membres du cabinet pratiquent le droit suisse, allemand, liechtensteinois et luxembourgeois. Le cabinet est admis comme repr\u00e9sentant pour les cotations \u00e0 la SIX Swiss Exchange.Les principes qui guident notre travail quotidien sont la haute qualit\u00e9, l\u2019efficacit\u00e9, la r\u00e9activit\u00e9 et la flexibilit\u00e9. Les clients appr\u00e9cient \u00e9galement notre ind\u00e9pendance, notre cr\u00e9ativit\u00e9 et notre esprit d\u2019entreprise. Nous nous effor\u00e7ons sans rel\u00e2che d\u2019\u00eatre \u00e0 la pointe de la modernit\u00e9 et de l\u2019efficacit\u00e9 et de faire chaque jour un pas de plus pour nos clients.\" \/>\n<meta property=\"og:url\" content=\"https:\/\/lindemannlaw.ch\/fr\/team\/\" \/>\n<meta property=\"og:site_name\" content=\"Lindemann Law\" \/>\n<meta property=\"article:modified_time\" content=\"2025-05-23T09:02:53+00:00\" \/>\n<meta property=\"og:image\" content=\"https:\/\/lindemannlaw.ch\/wp-content\/uploads\/2020\/07\/Iguana-Lindemann-Law-1.jpg\" \/>\n\t<meta property=\"og:image:width\" content=\"1794\" \/>\n\t<meta property=\"og:image:height\" content=\"2500\" \/>\n\t<meta property=\"og:image:type\" content=\"image\/jpeg\" \/>\n<meta name=\"twitter:card\" content=\"summary_large_image\" \/>\n<meta name=\"twitter:site\" content=\"@Lindemann_law\" \/>\n<meta name=\"twitter:label1\" content=\"Dur\u00e9e de lecture estim\u00e9e\" \/>\n\t<meta name=\"twitter:data1\" content=\"2 minutes\" \/>\n<script type=\"application\/ld+json\" class=\"yoast-schema-graph\">{\"@context\":\"https:\\\/\\\/schema.org\",\"@graph\":[{\"@type\":\"WebPage\",\"@id\":\"https:\\\/\\\/lindemannlaw.ch\\\/fr\\\/team\\\/\",\"url\":\"https:\\\/\\\/lindemannlaw.ch\\\/fr\\\/team\\\/\",\"name\":\"Team | Lindemann Law\",\"isPartOf\":{\"@id\":\"https:\\\/\\\/lindemannlaw.ch\\\/fr\\\/#website\"},\"primaryImageOfPage\":{\"@id\":\"https:\\\/\\\/lindemannlaw.ch\\\/fr\\\/team\\\/#primaryimage\"},\"image\":{\"@id\":\"https:\\\/\\\/lindemannlaw.ch\\\/fr\\\/team\\\/#primaryimage\"},\"thumbnailUrl\":\"https:\\\/\\\/lindemannlaw.ch\\\/wp-content\\\/uploads\\\/2020\\\/07\\\/Iguana-Lindemann-Law-1.jpg\",\"datePublished\":\"2020-07-30T06:44:27+00:00\",\"dateModified\":\"2025-05-23T09:02:53+00:00\",\"description\":\"LINDEMANNLAW est compos\u00e9 d\u2019avocats, de conseillers fiscaux et de consultants qui ont travaill\u00e9 au sein de banques, de gestionnaires de fonds et d\u2019autres institutions multinationales en Suisse et \u00e0 l\u2019\u00e9tranger. Les membres du cabinet pratiquent le droit suisse, allemand, liechtensteinois et luxembourgeois. Le cabinet est admis comme repr\u00e9sentant pour les cotations \u00e0 la SIX Swiss Exchange.Les principes qui guident notre travail quotidien sont la haute qualit\u00e9, l\u2019efficacit\u00e9, la r\u00e9activit\u00e9 et la flexibilit\u00e9. Les clients appr\u00e9cient \u00e9galement notre ind\u00e9pendance, notre cr\u00e9ativit\u00e9 et notre esprit d\u2019entreprise. Nous nous effor\u00e7ons sans rel\u00e2che d\u2019\u00eatre \u00e0 la pointe de la modernit\u00e9 et de l\u2019efficacit\u00e9 et de faire chaque jour un pas de plus pour nos clients.\",\"breadcrumb\":{\"@id\":\"https:\\\/\\\/lindemannlaw.ch\\\/fr\\\/team\\\/#breadcrumb\"},\"inLanguage\":\"fr-FR\",\"potentialAction\":[{\"@type\":\"ReadAction\",\"target\":[\"https:\\\/\\\/lindemannlaw.ch\\\/fr\\\/team\\\/\"]}]},{\"@type\":\"ImageObject\",\"inLanguage\":\"fr-FR\",\"@id\":\"https:\\\/\\\/lindemannlaw.ch\\\/fr\\\/team\\\/#primaryimage\",\"url\":\"https:\\\/\\\/lindemannlaw.ch\\\/wp-content\\\/uploads\\\/2020\\\/07\\\/Iguana-Lindemann-Law-1.jpg\",\"contentUrl\":\"https:\\\/\\\/lindemannlaw.ch\\\/wp-content\\\/uploads\\\/2020\\\/07\\\/Iguana-Lindemann-Law-1.jpg\",\"width\":1794,\"height\":2500},{\"@type\":\"BreadcrumbList\",\"@id\":\"https:\\\/\\\/lindemannlaw.ch\\\/fr\\\/team\\\/#breadcrumb\",\"itemListElement\":[{\"@type\":\"ListItem\",\"position\":1,\"name\":\"Home\",\"item\":\"https:\\\/\\\/lindemannlaw.ch\\\/fr\\\/\"},{\"@type\":\"ListItem\",\"position\":2,\"name\":\"Team\"}]},{\"@type\":\"WebSite\",\"@id\":\"https:\\\/\\\/lindemannlaw.ch\\\/fr\\\/#website\",\"url\":\"https:\\\/\\\/lindemannlaw.ch\\\/fr\\\/\",\"name\":\"Lindemann Law\",\"description\":\"Asset Management legal services\",\"publisher\":{\"@id\":\"https:\\\/\\\/lindemannlaw.ch\\\/fr\\\/#organization\"},\"potentialAction\":[{\"@type\":\"SearchAction\",\"target\":{\"@type\":\"EntryPoint\",\"urlTemplate\":\"https:\\\/\\\/lindemannlaw.ch\\\/fr\\\/?s={search_term_string}\"},\"query-input\":{\"@type\":\"PropertyValueSpecification\",\"valueRequired\":true,\"valueName\":\"search_term_string\"}}],\"inLanguage\":\"fr-FR\"},{\"@type\":\"Organization\",\"@id\":\"https:\\\/\\\/lindemannlaw.ch\\\/fr\\\/#organization\",\"name\":\"Lindemann Law\",\"url\":\"https:\\\/\\\/lindemannlaw.ch\\\/fr\\\/\",\"logo\":{\"@type\":\"ImageObject\",\"inLanguage\":\"fr-FR\",\"@id\":\"https:\\\/\\\/lindemannlaw.ch\\\/fr\\\/#\\\/schema\\\/logo\\\/image\\\/\",\"url\":\"https:\\\/\\\/lindemannlaw.ch\\\/wp-content\\\/uploads\\\/2021\\\/01\\\/logo-lindemannlaw_cropped.png\",\"contentUrl\":\"https:\\\/\\\/lindemannlaw.ch\\\/wp-content\\\/uploads\\\/2021\\\/01\\\/logo-lindemannlaw_cropped.png\",\"width\":150,\"height\":73,\"caption\":\"Lindemann Law\"},\"image\":{\"@id\":\"https:\\\/\\\/lindemannlaw.ch\\\/fr\\\/#\\\/schema\\\/logo\\\/image\\\/\"},\"sameAs\":[\"https:\\\/\\\/x.com\\\/Lindemann_law\",\"https:\\\/\\\/www.linkedin.com\\\/company\\\/lindemannlaw\\\/\"]}]}<\/script>\n<!-- \/ Yoast SEO Premium plugin. -->","yoast_head_json":{"title":"Team | Lindemann Law","description":"LINDEMANNLAW est compos\u00e9 d\u2019avocats, de conseillers fiscaux et de consultants qui ont travaill\u00e9 au sein de banques, de gestionnaires de fonds et d\u2019autres institutions multinationales en Suisse et \u00e0 l\u2019\u00e9tranger. Les membres du cabinet pratiquent le droit suisse, allemand, liechtensteinois et luxembourgeois. Le cabinet est admis comme repr\u00e9sentant pour les cotations \u00e0 la SIX Swiss Exchange.Les principes qui guident notre travail quotidien sont la haute qualit\u00e9, l\u2019efficacit\u00e9, la r\u00e9activit\u00e9 et la flexibilit\u00e9. Les clients appr\u00e9cient \u00e9galement notre ind\u00e9pendance, notre cr\u00e9ativit\u00e9 et notre esprit d\u2019entreprise. Nous nous effor\u00e7ons sans rel\u00e2che d\u2019\u00eatre \u00e0 la pointe de la modernit\u00e9 et de l\u2019efficacit\u00e9 et de faire chaque jour un pas de plus pour nos clients.","robots":{"index":"index","follow":"follow","max-snippet":"max-snippet:-1","max-image-preview":"max-image-preview:large","max-video-preview":"max-video-preview:-1"},"canonical":"https:\/\/lindemannlaw.ch\/fr\/team\/","og_locale":"fr_FR","og_type":"article","og_title":"Team","og_description":"LINDEMANNLAW est compos\u00e9 d\u2019avocats, de conseillers fiscaux et de consultants qui ont travaill\u00e9 au sein de banques, de gestionnaires de fonds et d\u2019autres institutions multinationales en Suisse et \u00e0 l\u2019\u00e9tranger. Les membres du cabinet pratiquent le droit suisse, allemand, liechtensteinois et luxembourgeois. Le cabinet est admis comme repr\u00e9sentant pour les cotations \u00e0 la SIX Swiss Exchange.Les principes qui guident notre travail quotidien sont la haute qualit\u00e9, l\u2019efficacit\u00e9, la r\u00e9activit\u00e9 et la flexibilit\u00e9. Les clients appr\u00e9cient \u00e9galement notre ind\u00e9pendance, notre cr\u00e9ativit\u00e9 et notre esprit d\u2019entreprise. Nous nous effor\u00e7ons sans rel\u00e2che d\u2019\u00eatre \u00e0 la pointe de la modernit\u00e9 et de l\u2019efficacit\u00e9 et de faire chaque jour un pas de plus pour nos clients.","og_url":"https:\/\/lindemannlaw.ch\/fr\/team\/","og_site_name":"Lindemann Law","article_modified_time":"2025-05-23T09:02:53+00:00","og_image":[{"width":1794,"height":2500,"url":"https:\/\/lindemannlaw.ch\/wp-content\/uploads\/2020\/07\/Iguana-Lindemann-Law-1.jpg","type":"image\/jpeg"}],"twitter_card":"summary_large_image","twitter_site":"@Lindemann_law","twitter_misc":{"Dur\u00e9e de lecture estim\u00e9e":"2 minutes"},"schema":{"@context":"https:\/\/schema.org","@graph":[{"@type":"WebPage","@id":"https:\/\/lindemannlaw.ch\/fr\/team\/","url":"https:\/\/lindemannlaw.ch\/fr\/team\/","name":"Team | Lindemann Law","isPartOf":{"@id":"https:\/\/lindemannlaw.ch\/fr\/#website"},"primaryImageOfPage":{"@id":"https:\/\/lindemannlaw.ch\/fr\/team\/#primaryimage"},"image":{"@id":"https:\/\/lindemannlaw.ch\/fr\/team\/#primaryimage"},"thumbnailUrl":"https:\/\/lindemannlaw.ch\/wp-content\/uploads\/2020\/07\/Iguana-Lindemann-Law-1.jpg","datePublished":"2020-07-30T06:44:27+00:00","dateModified":"2025-05-23T09:02:53+00:00","description":"LINDEMANNLAW est compos\u00e9 d\u2019avocats, de conseillers fiscaux et de consultants qui ont travaill\u00e9 au sein de banques, de gestionnaires de fonds et d\u2019autres institutions multinationales en Suisse et \u00e0 l\u2019\u00e9tranger. Les membres du cabinet pratiquent le droit suisse, allemand, liechtensteinois et luxembourgeois. Le cabinet est admis comme repr\u00e9sentant pour les cotations \u00e0 la SIX Swiss Exchange.Les principes qui guident notre travail quotidien sont la haute qualit\u00e9, l\u2019efficacit\u00e9, la r\u00e9activit\u00e9 et la flexibilit\u00e9. Les clients appr\u00e9cient \u00e9galement notre ind\u00e9pendance, notre cr\u00e9ativit\u00e9 et notre esprit d\u2019entreprise. Nous nous effor\u00e7ons sans rel\u00e2che d\u2019\u00eatre \u00e0 la pointe de la modernit\u00e9 et de l\u2019efficacit\u00e9 et de faire chaque jour un pas de plus pour nos clients.","breadcrumb":{"@id":"https:\/\/lindemannlaw.ch\/fr\/team\/#breadcrumb"},"inLanguage":"fr-FR","potentialAction":[{"@type":"ReadAction","target":["https:\/\/lindemannlaw.ch\/fr\/team\/"]}]},{"@type":"ImageObject","inLanguage":"fr-FR","@id":"https:\/\/lindemannlaw.ch\/fr\/team\/#primaryimage","url":"https:\/\/lindemannlaw.ch\/wp-content\/uploads\/2020\/07\/Iguana-Lindemann-Law-1.jpg","contentUrl":"https:\/\/lindemannlaw.ch\/wp-content\/uploads\/2020\/07\/Iguana-Lindemann-Law-1.jpg","width":1794,"height":2500},{"@type":"BreadcrumbList","@id":"https:\/\/lindemannlaw.ch\/fr\/team\/#breadcrumb","itemListElement":[{"@type":"ListItem","position":1,"name":"Home","item":"https:\/\/lindemannlaw.ch\/fr\/"},{"@type":"ListItem","position":2,"name":"Team"}]},{"@type":"WebSite","@id":"https:\/\/lindemannlaw.ch\/fr\/#website","url":"https:\/\/lindemannlaw.ch\/fr\/","name":"Lindemann Law","description":"Asset Management legal services","publisher":{"@id":"https:\/\/lindemannlaw.ch\/fr\/#organization"},"potentialAction":[{"@type":"SearchAction","target":{"@type":"EntryPoint","urlTemplate":"https:\/\/lindemannlaw.ch\/fr\/?s={search_term_string}"},"query-input":{"@type":"PropertyValueSpecification","valueRequired":true,"valueName":"search_term_string"}}],"inLanguage":"fr-FR"},{"@type":"Organization","@id":"https:\/\/lindemannlaw.ch\/fr\/#organization","name":"Lindemann Law","url":"https:\/\/lindemannlaw.ch\/fr\/","logo":{"@type":"ImageObject","inLanguage":"fr-FR","@id":"https:\/\/lindemannlaw.ch\/fr\/#\/schema\/logo\/image\/","url":"https:\/\/lindemannlaw.ch\/wp-content\/uploads\/2021\/01\/logo-lindemannlaw_cropped.png","contentUrl":"https:\/\/lindemannlaw.ch\/wp-content\/uploads\/2021\/01\/logo-lindemannlaw_cropped.png","width":150,"height":73,"caption":"Lindemann Law"},"image":{"@id":"https:\/\/lindemannlaw.ch\/fr\/#\/schema\/logo\/image\/"},"sameAs":["https:\/\/x.com\/Lindemann_law","https:\/\/www.linkedin.com\/company\/lindemannlaw\/"]}]}},"_links":{"self":[{"href":"https:\/\/lindemannlaw.ch\/fr\/wp-json\/wp\/v2\/pages\/5207","targetHints":{"allow":["GET"]}}],"collection":[{"href":"https:\/\/lindemannlaw.ch\/fr\/wp-json\/wp\/v2\/pages"}],"about":[{"href":"https:\/\/lindemannlaw.ch\/fr\/wp-json\/wp\/v2\/types\/page"}],"author":[{"embeddable":true,"href":"https:\/\/lindemannlaw.ch\/fr\/wp-json\/wp\/v2\/users\/1"}],"replies":[{"embeddable":true,"href":"https:\/\/lindemannlaw.ch\/fr\/wp-json\/wp\/v2\/comments?post=5207"}],"version-history":[{"count":0,"href":"https:\/\/lindemannlaw.ch\/fr\/wp-json\/wp\/v2\/pages\/5207\/revisions"}],"wp:featuredmedia":[{"embeddable":true,"href":"https:\/\/lindemannlaw.ch\/fr\/wp-json\/wp\/v2\/media\/2782"}],"wp:attachment":[{"href":"https:\/\/lindemannlaw.ch\/fr\/wp-json\/wp\/v2\/media?parent=5207"}],"wp:term":[{"taxonomy":"related_contact","embeddable":true,"href":"https:\/\/lindemannlaw.ch\/fr\/wp-json\/wp\/v2\/related_contact?post=5207"},{"taxonomy":"expertise","embeddable":true,"href":"https:\/\/lindemannlaw.ch\/fr\/wp-json\/wp\/v2\/expertise?post=5207"},{"taxonomy":"webparts","embeddable":true,"href":"https:\/\/lindemannlaw.ch\/fr\/wp-json\/wp\/v2\/webparts?post=5207"},{"taxonomy":"page_type","embeddable":true,"href":"https:\/\/lindemannlaw.ch\/fr\/wp-json\/wp\/v2\/page_type?post=5207"}],"curies":[{"name":"wp","href":"https:\/\/api.w.org\/{rel}","templated":true}]}}