{"id":5210,"date":"2020-08-14T15:09:21","date_gmt":"2020-08-14T14:09:21","guid":{"rendered":"https:\/\/lindemannlaw.ch\/contact-us\/"},"modified":"2025-10-24T08:00:39","modified_gmt":"2025-10-24T07:00:39","slug":"contact-us","status":"publish","type":"page","link":"https:\/\/lindemannlaw.ch\/fr\/contact-us\/","title":{"rendered":"Contactez-nous"},"content":{"rendered":"<h2>Z\u00fcrich Office<\/h2>\n<p>M\u00fchlegasse 11 (City Centre)<br \/>\nCH-8001 Z\u00fcrich<br \/>\nSwitzerland<\/p>\n<p><a href=\"tel:0041445707350\">+41 44 570 73 50<br \/>\n<\/a><a href=\"mailto:mail@lindemannlaw.ch\">mail@lindemannlaw.ch<\/a><br \/>\n<a href=\"https:\/\/lindemannlaw.ch\/wp-content\/uploads\/2022\/08\/lindemannlaw_how-to-find-us.pdf\" target=\"_blank\" rel=\"noopener\">Download directions on how to find us<\/a><br \/>\n<iframe style=\"border: 0;\" src=\"https:\/\/www.google.com\/maps\/embed?pb=!1m14!1m8!1m3!1d10807.70745378461!2d8.5442045!3d47.3743459!3m2!1i1024!2i768!4f13.1!3m3!1m2!1s0x0%3A0x208a5332c2653ebe!2sLINDEMANNLAW!5e0!3m2!1sde!2sch!4v1667837147169!5m2!1sde!2sch\" width=\"600\" height=\"450\" allowfullscreen=\"allowfullscreen\"><\/iframe><\/p>\n","protected":false},"excerpt":{"rendered":"<p>Z\u00fcrich Office M\u00fchlegasse 11 (City Centre) CH-8001 Z\u00fcrich Switzerland +41 44 570 73 50 mail@lindemannlaw.ch Download directions on how to find us<\/p>\n","protected":false},"author":1,"featured_media":19130,"parent":0,"menu_order":0,"comment_status":"closed","ping_status":"closed","template":"","meta":{"_acf_changed":false,"site-sidebar-layout":"default","site-content-layout":"","ast-site-content-layout":"default","site-content-style":"default","site-sidebar-style":"default","ast-global-header-display":"","ast-banner-title-visibility":"","ast-main-header-display":"","ast-hfb-above-header-display":"","ast-hfb-below-header-display":"","ast-hfb-mobile-header-display":"","site-post-title":"","ast-breadcrumbs-content":"","ast-featured-img":"","footer-sml-layout":"","ast-disable-related-posts":"","theme-transparent-header-meta":"default","adv-header-id-meta":"","stick-header-meta":"","header-above-stick-meta":"","header-main-stick-meta":"","header-below-stick-meta":"","astra-migrate-meta-layouts":"set","ast-page-background-enabled":"default","ast-page-background-meta":{"desktop":{"background-color":"var(--ast-global-color-4)","background-image":"","background-repeat":"repeat","background-position":"center center","background-size":"auto","background-attachment":"scroll","background-type":"","background-media":"","overlay-type":"","overlay-color":"","overlay-opacity":"","overlay-gradient":""},"tablet":{"background-color":"","background-image":"","background-repeat":"repeat","background-position":"center center","background-size":"auto","background-attachment":"scroll","background-type":"","background-media":"","overlay-type":"","overlay-color":"","overlay-opacity":"","overlay-gradient":""},"mobile":{"background-color":"","background-image":"","background-repeat":"repeat","background-position":"center center","background-size":"auto","background-attachment":"scroll","background-type":"","background-media":"","overlay-type":"","overlay-color":"","overlay-opacity":"","overlay-gradient":""}},"ast-content-background-meta":{"desktop":{"background-color":"var(--ast-global-color-5)","background-image":"","background-repeat":"repeat","background-position":"center center","background-size":"auto","background-attachment":"scroll","background-type":"","background-media":"","overlay-type":"","overlay-color":"","overlay-opacity":"","overlay-gradient":""},"tablet":{"background-color":"var(--ast-global-color-5)","background-image":"","background-repeat":"repeat","background-position":"center center","background-size":"auto","background-attachment":"scroll","background-type":"","background-media":"","overlay-type":"","overlay-color":"","overlay-opacity":"","overlay-gradient":""},"mobile":{"background-color":"var(--ast-global-color-5)","background-image":"","background-repeat":"repeat","background-position":"center center","background-size":"auto","background-attachment":"scroll","background-type":"","background-media":"","overlay-type":"","overlay-color":"","overlay-opacity":"","overlay-gradient":""}},"footnotes":""},"related_contact":[],"expertise":[],"webparts":[],"page_type":[276],"class_list":["post-5210","page","type-page","status-publish","has-post-thumbnail","hentry"],"acf":[],"yoast_head":"<!-- This site is optimized with the Yoast SEO Premium plugin v27.4 (Yoast SEO v27.4) - https:\/\/yoast.com\/product\/yoast-seo-premium-wordpress\/ -->\n<title>Contactez-nous | Lindemann Law<\/title>\n<meta name=\"description\" content=\"Contactez le cabinet Lindemann Law \u00e0 Zurich. M\u00fchlegasse 11, 8001 Zurich - +41 44 570 73 50 - Adressez-nous vos questions ou demandez un rendez-vous d\u00e8s aujourd\u2019hui.\" \/>\n<meta name=\"robots\" content=\"index, follow, max-snippet:-1, max-image-preview:large, max-video-preview:-1\" \/>\n<link rel=\"canonical\" href=\"https:\/\/lindemannlaw.ch\/fr\/contact-us\/\" \/>\n<meta property=\"og:locale\" content=\"fr_FR\" \/>\n<meta property=\"og:type\" content=\"article\" \/>\n<meta property=\"og:title\" content=\"Contactez-nous\" \/>\n<meta property=\"og:description\" content=\"Contactez le cabinet Lindemann Law \u00e0 Zurich. M\u00fchlegasse 11, 8001 Zurich - +41 44 570 73 50 - Adressez-nous vos questions ou demandez un rendez-vous d\u00e8s aujourd\u2019hui.\" \/>\n<meta property=\"og:url\" content=\"https:\/\/lindemannlaw.ch\/fr\/contact-us\/\" \/>\n<meta property=\"og:site_name\" content=\"Lindemann Law\" \/>\n<meta property=\"article:modified_time\" content=\"2025-10-24T07:00:39+00:00\" \/>\n<meta property=\"og:image\" content=\"https:\/\/lindemannlaw.ch\/wp-content\/uploads\/2024\/06\/ll-784x1024.png\" \/>\n\t<meta property=\"og:image:width\" content=\"784\" \/>\n\t<meta property=\"og:image:height\" content=\"1024\" \/>\n\t<meta property=\"og:image:type\" content=\"image\/png\" \/>\n<meta name=\"twitter:card\" content=\"summary_large_image\" \/>\n<meta name=\"twitter:site\" content=\"@Lindemann_law\" \/>\n<meta name=\"twitter:label1\" content=\"Dur\u00e9e de lecture estim\u00e9e\" \/>\n\t<meta name=\"twitter:data1\" content=\"1 minute\" \/>\n<script type=\"application\/ld+json\" class=\"yoast-schema-graph\">{\"@context\":\"https:\\\/\\\/schema.org\",\"@graph\":[{\"@type\":\"WebPage\",\"@id\":\"https:\\\/\\\/lindemannlaw.ch\\\/fr\\\/contact-us\\\/\",\"url\":\"https:\\\/\\\/lindemannlaw.ch\\\/fr\\\/contact-us\\\/\",\"name\":\"Contactez-nous | Lindemann Law\",\"isPartOf\":{\"@id\":\"https:\\\/\\\/lindemannlaw.ch\\\/fr\\\/#website\"},\"primaryImageOfPage\":{\"@id\":\"https:\\\/\\\/lindemannlaw.ch\\\/fr\\\/contact-us\\\/#primaryimage\"},\"image\":{\"@id\":\"https:\\\/\\\/lindemannlaw.ch\\\/fr\\\/contact-us\\\/#primaryimage\"},\"thumbnailUrl\":\"https:\\\/\\\/lindemannlaw.ch\\\/wp-content\\\/uploads\\\/2024\\\/06\\\/ll.png\",\"datePublished\":\"2020-08-14T14:09:21+00:00\",\"dateModified\":\"2025-10-24T07:00:39+00:00\",\"description\":\"Contactez le cabinet Lindemann Law \u00e0 Zurich. M\u00fchlegasse 11, 8001 Zurich - +41 44 570 73 50 - Adressez-nous vos questions ou demandez un rendez-vous d\u00e8s aujourd\u2019hui.\",\"breadcrumb\":{\"@id\":\"https:\\\/\\\/lindemannlaw.ch\\\/fr\\\/contact-us\\\/#breadcrumb\"},\"inLanguage\":\"fr-FR\",\"potentialAction\":[{\"@type\":\"ReadAction\",\"target\":[\"https:\\\/\\\/lindemannlaw.ch\\\/fr\\\/contact-us\\\/\"]}]},{\"@type\":\"ImageObject\",\"inLanguage\":\"fr-FR\",\"@id\":\"https:\\\/\\\/lindemannlaw.ch\\\/fr\\\/contact-us\\\/#primaryimage\",\"url\":\"https:\\\/\\\/lindemannlaw.ch\\\/wp-content\\\/uploads\\\/2024\\\/06\\\/ll.png\",\"contentUrl\":\"https:\\\/\\\/lindemannlaw.ch\\\/wp-content\\\/uploads\\\/2024\\\/06\\\/ll.png\",\"width\":4216,\"height\":5504},{\"@type\":\"BreadcrumbList\",\"@id\":\"https:\\\/\\\/lindemannlaw.ch\\\/fr\\\/contact-us\\\/#breadcrumb\",\"itemListElement\":[{\"@type\":\"ListItem\",\"position\":1,\"name\":\"Home\",\"item\":\"https:\\\/\\\/lindemannlaw.ch\\\/fr\\\/\"},{\"@type\":\"ListItem\",\"position\":2,\"name\":\"Contactez-nous\"}]},{\"@type\":\"WebSite\",\"@id\":\"https:\\\/\\\/lindemannlaw.ch\\\/fr\\\/#website\",\"url\":\"https:\\\/\\\/lindemannlaw.ch\\\/fr\\\/\",\"name\":\"Lindemann Law\",\"description\":\"Asset Management legal services\",\"publisher\":{\"@id\":\"https:\\\/\\\/lindemannlaw.ch\\\/fr\\\/#organization\"},\"potentialAction\":[{\"@type\":\"SearchAction\",\"target\":{\"@type\":\"EntryPoint\",\"urlTemplate\":\"https:\\\/\\\/lindemannlaw.ch\\\/fr\\\/?s={search_term_string}\"},\"query-input\":{\"@type\":\"PropertyValueSpecification\",\"valueRequired\":true,\"valueName\":\"search_term_string\"}}],\"inLanguage\":\"fr-FR\"},{\"@type\":\"Organization\",\"@id\":\"https:\\\/\\\/lindemannlaw.ch\\\/fr\\\/#organization\",\"name\":\"Lindemann Law\",\"url\":\"https:\\\/\\\/lindemannlaw.ch\\\/fr\\\/\",\"logo\":{\"@type\":\"ImageObject\",\"inLanguage\":\"fr-FR\",\"@id\":\"https:\\\/\\\/lindemannlaw.ch\\\/fr\\\/#\\\/schema\\\/logo\\\/image\\\/\",\"url\":\"https:\\\/\\\/lindemannlaw.ch\\\/wp-content\\\/uploads\\\/2021\\\/01\\\/logo-lindemannlaw_cropped.png\",\"contentUrl\":\"https:\\\/\\\/lindemannlaw.ch\\\/wp-content\\\/uploads\\\/2021\\\/01\\\/logo-lindemannlaw_cropped.png\",\"width\":150,\"height\":73,\"caption\":\"Lindemann Law\"},\"image\":{\"@id\":\"https:\\\/\\\/lindemannlaw.ch\\\/fr\\\/#\\\/schema\\\/logo\\\/image\\\/\"},\"sameAs\":[\"https:\\\/\\\/x.com\\\/Lindemann_law\",\"https:\\\/\\\/www.linkedin.com\\\/company\\\/lindemannlaw\\\/\"]}]}<\/script>\n<!-- \/ Yoast SEO Premium plugin. -->","yoast_head_json":{"title":"Contactez-nous | Lindemann Law","description":"Contactez le cabinet Lindemann Law \u00e0 Zurich. M\u00fchlegasse 11, 8001 Zurich - +41 44 570 73 50 - Adressez-nous vos questions ou demandez un rendez-vous d\u00e8s aujourd\u2019hui.","robots":{"index":"index","follow":"follow","max-snippet":"max-snippet:-1","max-image-preview":"max-image-preview:large","max-video-preview":"max-video-preview:-1"},"canonical":"https:\/\/lindemannlaw.ch\/fr\/contact-us\/","og_locale":"fr_FR","og_type":"article","og_title":"Contactez-nous","og_description":"Contactez le cabinet Lindemann Law \u00e0 Zurich. M\u00fchlegasse 11, 8001 Zurich - +41 44 570 73 50 - Adressez-nous vos questions ou demandez un rendez-vous d\u00e8s aujourd\u2019hui.","og_url":"https:\/\/lindemannlaw.ch\/fr\/contact-us\/","og_site_name":"Lindemann Law","article_modified_time":"2025-10-24T07:00:39+00:00","og_image":[{"width":784,"height":1024,"url":"https:\/\/lindemannlaw.ch\/wp-content\/uploads\/2024\/06\/ll-784x1024.png","type":"image\/png"}],"twitter_card":"summary_large_image","twitter_site":"@Lindemann_law","twitter_misc":{"Dur\u00e9e de lecture estim\u00e9e":"1 minute"},"schema":{"@context":"https:\/\/schema.org","@graph":[{"@type":"WebPage","@id":"https:\/\/lindemannlaw.ch\/fr\/contact-us\/","url":"https:\/\/lindemannlaw.ch\/fr\/contact-us\/","name":"Contactez-nous | Lindemann Law","isPartOf":{"@id":"https:\/\/lindemannlaw.ch\/fr\/#website"},"primaryImageOfPage":{"@id":"https:\/\/lindemannlaw.ch\/fr\/contact-us\/#primaryimage"},"image":{"@id":"https:\/\/lindemannlaw.ch\/fr\/contact-us\/#primaryimage"},"thumbnailUrl":"https:\/\/lindemannlaw.ch\/wp-content\/uploads\/2024\/06\/ll.png","datePublished":"2020-08-14T14:09:21+00:00","dateModified":"2025-10-24T07:00:39+00:00","description":"Contactez le cabinet Lindemann Law \u00e0 Zurich. M\u00fchlegasse 11, 8001 Zurich - +41 44 570 73 50 - Adressez-nous vos questions ou demandez un rendez-vous d\u00e8s aujourd\u2019hui.","breadcrumb":{"@id":"https:\/\/lindemannlaw.ch\/fr\/contact-us\/#breadcrumb"},"inLanguage":"fr-FR","potentialAction":[{"@type":"ReadAction","target":["https:\/\/lindemannlaw.ch\/fr\/contact-us\/"]}]},{"@type":"ImageObject","inLanguage":"fr-FR","@id":"https:\/\/lindemannlaw.ch\/fr\/contact-us\/#primaryimage","url":"https:\/\/lindemannlaw.ch\/wp-content\/uploads\/2024\/06\/ll.png","contentUrl":"https:\/\/lindemannlaw.ch\/wp-content\/uploads\/2024\/06\/ll.png","width":4216,"height":5504},{"@type":"BreadcrumbList","@id":"https:\/\/lindemannlaw.ch\/fr\/contact-us\/#breadcrumb","itemListElement":[{"@type":"ListItem","position":1,"name":"Home","item":"https:\/\/lindemannlaw.ch\/fr\/"},{"@type":"ListItem","position":2,"name":"Contactez-nous"}]},{"@type":"WebSite","@id":"https:\/\/lindemannlaw.ch\/fr\/#website","url":"https:\/\/lindemannlaw.ch\/fr\/","name":"Lindemann Law","description":"Asset Management legal services","publisher":{"@id":"https:\/\/lindemannlaw.ch\/fr\/#organization"},"potentialAction":[{"@type":"SearchAction","target":{"@type":"EntryPoint","urlTemplate":"https:\/\/lindemannlaw.ch\/fr\/?s={search_term_string}"},"query-input":{"@type":"PropertyValueSpecification","valueRequired":true,"valueName":"search_term_string"}}],"inLanguage":"fr-FR"},{"@type":"Organization","@id":"https:\/\/lindemannlaw.ch\/fr\/#organization","name":"Lindemann Law","url":"https:\/\/lindemannlaw.ch\/fr\/","logo":{"@type":"ImageObject","inLanguage":"fr-FR","@id":"https:\/\/lindemannlaw.ch\/fr\/#\/schema\/logo\/image\/","url":"https:\/\/lindemannlaw.ch\/wp-content\/uploads\/2021\/01\/logo-lindemannlaw_cropped.png","contentUrl":"https:\/\/lindemannlaw.ch\/wp-content\/uploads\/2021\/01\/logo-lindemannlaw_cropped.png","width":150,"height":73,"caption":"Lindemann Law"},"image":{"@id":"https:\/\/lindemannlaw.ch\/fr\/#\/schema\/logo\/image\/"},"sameAs":["https:\/\/x.com\/Lindemann_law","https:\/\/www.linkedin.com\/company\/lindemannlaw\/"]}]}},"_links":{"self":[{"href":"https:\/\/lindemannlaw.ch\/fr\/wp-json\/wp\/v2\/pages\/5210","targetHints":{"allow":["GET"]}}],"collection":[{"href":"https:\/\/lindemannlaw.ch\/fr\/wp-json\/wp\/v2\/pages"}],"about":[{"href":"https:\/\/lindemannlaw.ch\/fr\/wp-json\/wp\/v2\/types\/page"}],"author":[{"embeddable":true,"href":"https:\/\/lindemannlaw.ch\/fr\/wp-json\/wp\/v2\/users\/1"}],"replies":[{"embeddable":true,"href":"https:\/\/lindemannlaw.ch\/fr\/wp-json\/wp\/v2\/comments?post=5210"}],"version-history":[{"count":0,"href":"https:\/\/lindemannlaw.ch\/fr\/wp-json\/wp\/v2\/pages\/5210\/revisions"}],"wp:featuredmedia":[{"embeddable":true,"href":"https:\/\/lindemannlaw.ch\/fr\/wp-json\/wp\/v2\/media\/19130"}],"wp:attachment":[{"href":"https:\/\/lindemannlaw.ch\/fr\/wp-json\/wp\/v2\/media?parent=5210"}],"wp:term":[{"taxonomy":"related_contact","embeddable":true,"href":"https:\/\/lindemannlaw.ch\/fr\/wp-json\/wp\/v2\/related_contact?post=5210"},{"taxonomy":"expertise","embeddable":true,"href":"https:\/\/lindemannlaw.ch\/fr\/wp-json\/wp\/v2\/expertise?post=5210"},{"taxonomy":"webparts","embeddable":true,"href":"https:\/\/lindemannlaw.ch\/fr\/wp-json\/wp\/v2\/webparts?post=5210"},{"taxonomy":"page_type","embeddable":true,"href":"https:\/\/lindemannlaw.ch\/fr\/wp-json\/wp\/v2\/page_type?post=5210"}],"curies":[{"name":"wp","href":"https:\/\/api.w.org\/{rel}","templated":true}]}}