{"id":5213,"date":"2020-08-14T15:08:47","date_gmt":"2020-08-14T14:08:47","guid":{"rendered":"https:\/\/lindemannlaw.ch\/carriere\/"},"modified":"2026-01-07T09:47:11","modified_gmt":"2026-01-07T08:47:11","slug":"carriere","status":"publish","type":"page","link":"https:\/\/lindemannlaw.ch\/fr\/carriere\/","title":{"rendered":"Carri\u00e8re"},"content":{"rendered":"\t\t<div data-elementor-type=\"wp-page\" data-elementor-id=\"5213\" class=\"elementor elementor-5213 elementor-496\" data-elementor-post-type=\"page\">\n\t\t\t\t<div class=\"elementor-element elementor-element-5dd48ae7 e-flex e-con-boxed e-con e-parent\" data-id=\"5dd48ae7\" data-element_type=\"container\" data-e-type=\"container\">\n\t\t\t\t\t<div class=\"e-con-inner\">\n\t\t\t\t<div class=\"elementor-element elementor-element-ad9e888 elementor-widget elementor-widget-text-editor\" data-id=\"ad9e888\" data-element_type=\"widget\" data-e-type=\"widget\" data-widget_type=\"text-editor.default\">\n\t\t\t\t<div class=\"elementor-widget-container\">\n\t\t\t\t\t\t\t\t\t<h2 style=\"font-weight: 400;\"><b><span lang=\"EN-US\">Rejoignez un cabinet d&rsquo;avocats international suisse de premier plan.<\/span><\/b><\/h2><p style=\"font-weight: 400;\">Nous offrons des opportunit\u00e9s de <span data-markjs=\"true\">carri\u00e8re<\/span> exceptionnelles dans l&rsquo;ensemble de nos domaines de pratique, depuis les stages et les postes d&rsquo;associ\u00e9s jusqu&rsquo;aux r\u00f4les de partenaires. Nos programmes de formation internes, con\u00e7us pour int\u00e9grer les derniers outils LegalTech et AI, ainsi que l&rsquo;acc\u00e8s \u00e0 des opportunit\u00e9s de formation externes, offrent une voie claire pour la croissance et le d\u00e9veloppement vers le partenariat. <\/p><p style=\"font-weight: 400;\"><strong>Pr\u00eat \u00e0 relever le prochain d\u00e9fi ?  <\/strong>Nous sommes toujours \u00e0 la recherche d&rsquo;excellents professionnels ambitieux pour rejoindre LINDEMANNLAW.<\/p><hr><h2> <\/h2><h2 style=\"font-weight: 400;\"><strong>Comment postuler<\/strong><\/h2><p style=\"font-weight: 400;\">Nous attendons avec impatience votre candidature (de pr\u00e9f\u00e9rence en anglais, allemand ou fran\u00e7ais). Veuillez envoyer votre CV, votre lettre de motivation et vos qualifications (en particulier vos dipl\u00f4mes universitaires et votre Maturit\u00e4tszeugnis) \u00e0 notre responsable des ressources humaines, <strong><a href=\"mailto:assel.stoller@lindemannlaw.ch\" data-outlook-id=\"78d3cdf2-c6d7-43d6-b0b4-586c848961f4\">Assel Stoller.<\/a><\/strong> <\/p><p style=\"font-weight: 400;\">Nous examinons attentivement toutes les candidatures et vous r\u00e9pondrons dans les plus brefs d\u00e9lais. Si votre profil correspond \u00e0 nos besoins actuels, nous vous inviterons \u00e0 un premier entretien pour mieux vous conna\u00eetre. En fonction du poste, d&rsquo;autres entretiens peuvent suivre.  <\/p><p><img fetchpriority=\"high\" decoding=\"async\" class=\"wp-image-23386 alignnone\" src=\"https:\/\/lindemannlaw.ch\/wp-content\/uploads\/2025\/10\/interview_process-300x139.png\" alt=\"\" width=\"617\" height=\"286\" srcset=\"https:\/\/lindemannlaw.ch\/wp-content\/uploads\/2025\/10\/interview_process-300x139.png 300w, https:\/\/lindemannlaw.ch\/wp-content\/uploads\/2025\/10\/interview_process-1024x475.png 1024w, https:\/\/lindemannlaw.ch\/wp-content\/uploads\/2025\/10\/interview_process-768x356.png 768w, https:\/\/lindemannlaw.ch\/wp-content\/uploads\/2025\/10\/interview_process.png 1277w\" sizes=\"(max-width: 617px) 100vw, 617px\" \/><\/p><p style=\"font-weight: 400;\">N&rsquo;h\u00e9sitez pas \u00e0 nous contacter \u00e0 tout moment si vous avez des questions sur le processus de recrutement ou les postes \u00e0 pourvoir.<\/p><p style=\"font-weight: 400;\">Vous pouvez consulter nos offres d&#8217;emploi actuelles en cliquant sur les liens ci-dessous.<\/p><p style=\"font-weight: 400;\"> <\/p><hr>\t\t\t\t\t\t\t\t<\/div>\n\t\t\t\t<\/div>\n\t\t\t\t\t<\/div>\n\t\t\t\t<\/div>\n\t\t<div class=\"elementor-element elementor-element-0028f3a e-flex e-con-boxed e-con e-parent\" data-id=\"0028f3a\" data-element_type=\"container\" data-e-type=\"container\">\n\t\t\t\t\t<div class=\"e-con-inner\">\n\t\t\t\t<div class=\"elementor-element elementor-element-5d68e72 elementor-widget elementor-widget-heading\" data-id=\"5d68e72\" data-element_type=\"widget\" data-e-type=\"widget\" data-widget_type=\"heading.default\">\n\t\t\t\t<div class=\"elementor-widget-container\">\n\t\t\t\t\t<h2 class=\"elementor-heading-title elementor-size-default\">Entendez notre \u00e9quipe<\/h2>\t\t\t\t<\/div>\n\t\t\t\t<\/div>\n\t\t<div class=\"elementor-element elementor-element-fbf238a e-grid e-con-full e-con e-child\" data-id=\"fbf238a\" data-element_type=\"container\" data-e-type=\"container\">\n\t\t\t\t<div class=\"elementor-element elementor-element-70a415b elementor-widget elementor-widget-video\" data-id=\"70a415b\" data-element_type=\"widget\" data-e-type=\"widget\" data-settings=\"{&quot;youtube_url&quot;:&quot;https:\\\/\\\/youtu.be\\\/GOsLwSdBS54&quot;,&quot;video_type&quot;:&quot;youtube&quot;,&quot;controls&quot;:&quot;yes&quot;}\" data-widget_type=\"video.default\">\n\t\t\t\t<div class=\"elementor-widget-container\">\n\t\t\t\t\t\t\t<div class=\"elementor-wrapper elementor-open-inline\">\n\t\t\t<div class=\"elementor-video\"><\/div>\t\t<\/div>\n\t\t\t\t\t\t<\/div>\n\t\t\t\t<\/div>\n\t\t\t\t<div class=\"elementor-element elementor-element-781b0b3 elementor-widget elementor-widget-video\" data-id=\"781b0b3\" data-element_type=\"widget\" data-e-type=\"widget\" data-settings=\"{&quot;youtube_url&quot;:&quot;https:\\\/\\\/youtu.be\\\/gS6P_r4Kz-Q&quot;,&quot;video_type&quot;:&quot;youtube&quot;,&quot;controls&quot;:&quot;yes&quot;}\" data-widget_type=\"video.default\">\n\t\t\t\t<div class=\"elementor-widget-container\">\n\t\t\t\t\t\t\t<div class=\"elementor-wrapper elementor-open-inline\">\n\t\t\t<div class=\"elementor-video\"><\/div>\t\t<\/div>\n\t\t\t\t\t\t<\/div>\n\t\t\t\t<\/div>\n\t\t\t\t<div class=\"elementor-element elementor-element-1a01f64 elementor-widget elementor-widget-video\" data-id=\"1a01f64\" data-element_type=\"widget\" data-e-type=\"widget\" data-settings=\"{&quot;youtube_url&quot;:&quot;https:\\\/\\\/youtu.be\\\/v1ufGE9DrCg&quot;,&quot;video_type&quot;:&quot;youtube&quot;,&quot;controls&quot;:&quot;yes&quot;}\" data-widget_type=\"video.default\">\n\t\t\t\t<div class=\"elementor-widget-container\">\n\t\t\t\t\t\t\t<div class=\"elementor-wrapper elementor-open-inline\">\n\t\t\t<div class=\"elementor-video\"><\/div>\t\t<\/div>\n\t\t\t\t\t\t<\/div>\n\t\t\t\t<\/div>\n\t\t\t\t<div class=\"elementor-element elementor-element-2caef7f elementor-widget elementor-widget-video\" data-id=\"2caef7f\" data-element_type=\"widget\" data-e-type=\"widget\" data-settings=\"{&quot;youtube_url&quot;:&quot;https:\\\/\\\/youtu.be\\\/4d_PAdYKiA8&quot;,&quot;video_type&quot;:&quot;youtube&quot;,&quot;controls&quot;:&quot;yes&quot;}\" data-widget_type=\"video.default\">\n\t\t\t\t<div class=\"elementor-widget-container\">\n\t\t\t\t\t\t\t<div class=\"elementor-wrapper elementor-open-inline\">\n\t\t\t<div class=\"elementor-video\"><\/div>\t\t<\/div>\n\t\t\t\t\t\t<\/div>\n\t\t\t\t<\/div>\n\t\t\t\t<\/div>\n\t\t<div class=\"elementor-element elementor-element-24d9e75 e-con-full e-flex e-con e-child\" data-id=\"24d9e75\" data-element_type=\"container\" data-e-type=\"container\">\n\t\t\t\t<div class=\"elementor-element elementor-element-2ce5876 elementor-widget elementor-widget-heading\" data-id=\"2ce5876\" data-element_type=\"widget\" data-e-type=\"widget\" data-widget_type=\"heading.default\">\n\t\t\t\t<div class=\"elementor-widget-container\">\n\t\t\t\t\t<h2 class=\"elementor-heading-title elementor-size-default\">Postes \u00e0 pourvoir<\/h2>\t\t\t\t<\/div>\n\t\t\t\t<\/div>\n\t\t\t\t<\/div>\n\t\t\t\t\t<\/div>\n\t\t\t\t<\/div>\n\t\t\t\t<\/div>\n\t\t","protected":false},"excerpt":{"rendered":"<p>Rejoignez un cabinet d&rsquo;avocats international suisse de premier plan. Nous offrons des opportunit\u00e9s de carri\u00e8re exceptionnelles dans l&rsquo;ensemble de nos domaines de pratique, depuis les stages et les postes d&rsquo;associ\u00e9s jusqu&rsquo;aux r\u00f4les de partenaires. Nos programmes de formation internes, con\u00e7us pour int\u00e9grer les derniers outils LegalTech et AI, ainsi que l&rsquo;acc\u00e8s \u00e0 des opportunit\u00e9s de [&hellip;]<\/p>\n","protected":false},"author":1,"featured_media":23951,"parent":0,"menu_order":0,"comment_status":"closed","ping_status":"closed","template":"","meta":{"_acf_changed":false,"site-sidebar-layout":"default","site-content-layout":"","ast-site-content-layout":"default","site-content-style":"default","site-sidebar-style":"default","ast-global-header-display":"","ast-banner-title-visibility":"","ast-main-header-display":"","ast-hfb-above-header-display":"","ast-hfb-below-header-display":"","ast-hfb-mobile-header-display":"","site-post-title":"","ast-breadcrumbs-content":"","ast-featured-img":"","footer-sml-layout":"","ast-disable-related-posts":"","theme-transparent-header-meta":"default","adv-header-id-meta":"","stick-header-meta":"","header-above-stick-meta":"","header-main-stick-meta":"","header-below-stick-meta":"","astra-migrate-meta-layouts":"set","ast-page-background-enabled":"default","ast-page-background-meta":{"desktop":{"background-color":"var(--ast-global-color-4)","background-image":"","background-repeat":"repeat","background-position":"center center","background-size":"auto","background-attachment":"scroll","background-type":"","background-media":"","overlay-type":"","overlay-color":"","overlay-opacity":"","overlay-gradient":""},"tablet":{"background-color":"","background-image":"","background-repeat":"repeat","background-position":"center center","background-size":"auto","background-attachment":"scroll","background-type":"","background-media":"","overlay-type":"","overlay-color":"","overlay-opacity":"","overlay-gradient":""},"mobile":{"background-color":"","background-image":"","background-repeat":"repeat","background-position":"center center","background-size":"auto","background-attachment":"scroll","background-type":"","background-media":"","overlay-type":"","overlay-color":"","overlay-opacity":"","overlay-gradient":""}},"ast-content-background-meta":{"desktop":{"background-color":"var(--ast-global-color-5)","background-image":"","background-repeat":"repeat","background-position":"center center","background-size":"auto","background-attachment":"scroll","background-type":"","background-media":"","overlay-type":"","overlay-color":"","overlay-opacity":"","overlay-gradient":""},"tablet":{"background-color":"var(--ast-global-color-5)","background-image":"","background-repeat":"repeat","background-position":"center center","background-size":"auto","background-attachment":"scroll","background-type":"","background-media":"","overlay-type":"","overlay-color":"","overlay-opacity":"","overlay-gradient":""},"mobile":{"background-color":"var(--ast-global-color-5)","background-image":"","background-repeat":"repeat","background-position":"center center","background-size":"auto","background-attachment":"scroll","background-type":"","background-media":"","overlay-type":"","overlay-color":"","overlay-opacity":"","overlay-gradient":""}},"footnotes":""},"related_contact":[201,472,339],"expertise":[],"webparts":[],"page_type":[224],"class_list":["post-5213","page","type-page","status-publish","has-post-thumbnail","hentry"],"acf":[],"yoast_head":"<!-- This site is optimized with the Yoast SEO Premium plugin v27.3 (Yoast SEO v27.3) - https:\/\/yoast.com\/product\/yoast-seo-premium-wordpress\/ -->\n<title>Carri\u00e8re | Lindemann Law<\/title>\n<meta name=\"description\" content=\"Rejoignez LINDEMANNLAW, un cabinet d&#039;avocats international suisse de premier plan. D\u00e9couvrez les opportunit\u00e9s de carri\u00e8re, la formation LegalTech et un parcours clair du stagiaire \u00e0 l&#039;associ\u00e9.\" \/>\n<meta name=\"robots\" content=\"index, follow, max-snippet:-1, max-image-preview:large, max-video-preview:-1\" \/>\n<link rel=\"canonical\" href=\"https:\/\/lindemannlaw.ch\/fr\/carriere\/\" \/>\n<meta property=\"og:locale\" content=\"fr_FR\" \/>\n<meta property=\"og:type\" content=\"article\" \/>\n<meta property=\"og:title\" content=\"Carri\u00e8re\" \/>\n<meta property=\"og:description\" content=\"Rejoignez LINDEMANNLAW, un cabinet d&#039;avocats international suisse de premier plan. D\u00e9couvrez les opportunit\u00e9s de carri\u00e8re, la formation LegalTech et un parcours clair du stagiaire \u00e0 l&#039;associ\u00e9.\" \/>\n<meta property=\"og:url\" content=\"https:\/\/lindemannlaw.ch\/fr\/carriere\/\" \/>\n<meta property=\"og:site_name\" content=\"Lindemann Law\" \/>\n<meta property=\"article:modified_time\" content=\"2026-01-07T08:47:11+00:00\" \/>\n<meta property=\"og:image\" content=\"https:\/\/lindemannlaw.ch\/wp-content\/uploads\/2025\/12\/carreer.webp\" \/>\n\t<meta property=\"og:image:width\" content=\"500\" \/>\n\t<meta property=\"og:image:height\" content=\"1500\" \/>\n\t<meta property=\"og:image:type\" content=\"image\/webp\" \/>\n<meta name=\"twitter:card\" content=\"summary_large_image\" \/>\n<meta name=\"twitter:site\" content=\"@Lindemann_law\" \/>\n<meta name=\"twitter:label1\" content=\"Dur\u00e9e de lecture estim\u00e9e\" \/>\n\t<meta name=\"twitter:data1\" content=\"2 minutes\" \/>\n<script type=\"application\/ld+json\" class=\"yoast-schema-graph\">{\"@context\":\"https:\\\/\\\/schema.org\",\"@graph\":[{\"@type\":\"WebPage\",\"@id\":\"https:\\\/\\\/lindemannlaw.ch\\\/fr\\\/carriere\\\/\",\"url\":\"https:\\\/\\\/lindemannlaw.ch\\\/fr\\\/carriere\\\/\",\"name\":\"Carri\u00e8re | Lindemann Law\",\"isPartOf\":{\"@id\":\"https:\\\/\\\/lindemannlaw.ch\\\/fr\\\/#website\"},\"primaryImageOfPage\":{\"@id\":\"https:\\\/\\\/lindemannlaw.ch\\\/fr\\\/carriere\\\/#primaryimage\"},\"image\":{\"@id\":\"https:\\\/\\\/lindemannlaw.ch\\\/fr\\\/carriere\\\/#primaryimage\"},\"thumbnailUrl\":\"https:\\\/\\\/lindemannlaw.ch\\\/wp-content\\\/uploads\\\/2025\\\/12\\\/carreer.webp\",\"datePublished\":\"2020-08-14T14:08:47+00:00\",\"dateModified\":\"2026-01-07T08:47:11+00:00\",\"description\":\"Rejoignez LINDEMANNLAW, un cabinet d'avocats international suisse de premier plan. D\u00e9couvrez les opportunit\u00e9s de carri\u00e8re, la formation LegalTech et un parcours clair du stagiaire \u00e0 l'associ\u00e9.\",\"breadcrumb\":{\"@id\":\"https:\\\/\\\/lindemannlaw.ch\\\/fr\\\/carriere\\\/#breadcrumb\"},\"inLanguage\":\"fr-FR\",\"potentialAction\":[{\"@type\":\"ReadAction\",\"target\":[\"https:\\\/\\\/lindemannlaw.ch\\\/fr\\\/carriere\\\/\"]}]},{\"@type\":\"ImageObject\",\"inLanguage\":\"fr-FR\",\"@id\":\"https:\\\/\\\/lindemannlaw.ch\\\/fr\\\/carriere\\\/#primaryimage\",\"url\":\"https:\\\/\\\/lindemannlaw.ch\\\/wp-content\\\/uploads\\\/2025\\\/12\\\/carreer.webp\",\"contentUrl\":\"https:\\\/\\\/lindemannlaw.ch\\\/wp-content\\\/uploads\\\/2025\\\/12\\\/carreer.webp\",\"width\":500,\"height\":1500},{\"@type\":\"BreadcrumbList\",\"@id\":\"https:\\\/\\\/lindemannlaw.ch\\\/fr\\\/carriere\\\/#breadcrumb\",\"itemListElement\":[{\"@type\":\"ListItem\",\"position\":1,\"name\":\"Home\",\"item\":\"https:\\\/\\\/lindemannlaw.ch\\\/fr\\\/\"},{\"@type\":\"ListItem\",\"position\":2,\"name\":\"Carri\u00e8re\"}]},{\"@type\":\"WebSite\",\"@id\":\"https:\\\/\\\/lindemannlaw.ch\\\/fr\\\/#website\",\"url\":\"https:\\\/\\\/lindemannlaw.ch\\\/fr\\\/\",\"name\":\"Lindemann Law\",\"description\":\"Asset Management legal services\",\"publisher\":{\"@id\":\"https:\\\/\\\/lindemannlaw.ch\\\/fr\\\/#organization\"},\"potentialAction\":[{\"@type\":\"SearchAction\",\"target\":{\"@type\":\"EntryPoint\",\"urlTemplate\":\"https:\\\/\\\/lindemannlaw.ch\\\/fr\\\/?s={search_term_string}\"},\"query-input\":{\"@type\":\"PropertyValueSpecification\",\"valueRequired\":true,\"valueName\":\"search_term_string\"}}],\"inLanguage\":\"fr-FR\"},{\"@type\":\"Organization\",\"@id\":\"https:\\\/\\\/lindemannlaw.ch\\\/fr\\\/#organization\",\"name\":\"Lindemann Law\",\"url\":\"https:\\\/\\\/lindemannlaw.ch\\\/fr\\\/\",\"logo\":{\"@type\":\"ImageObject\",\"inLanguage\":\"fr-FR\",\"@id\":\"https:\\\/\\\/lindemannlaw.ch\\\/fr\\\/#\\\/schema\\\/logo\\\/image\\\/\",\"url\":\"https:\\\/\\\/lindemannlaw.ch\\\/wp-content\\\/uploads\\\/2021\\\/01\\\/logo-lindemannlaw_cropped.png\",\"contentUrl\":\"https:\\\/\\\/lindemannlaw.ch\\\/wp-content\\\/uploads\\\/2021\\\/01\\\/logo-lindemannlaw_cropped.png\",\"width\":150,\"height\":73,\"caption\":\"Lindemann Law\"},\"image\":{\"@id\":\"https:\\\/\\\/lindemannlaw.ch\\\/fr\\\/#\\\/schema\\\/logo\\\/image\\\/\"},\"sameAs\":[\"https:\\\/\\\/x.com\\\/Lindemann_law\",\"https:\\\/\\\/www.linkedin.com\\\/company\\\/lindemannlaw\\\/\"]}]}<\/script>\n<!-- \/ Yoast SEO Premium plugin. -->","yoast_head_json":{"title":"Carri\u00e8re | Lindemann Law","description":"Rejoignez LINDEMANNLAW, un cabinet d'avocats international suisse de premier plan. D\u00e9couvrez les opportunit\u00e9s de carri\u00e8re, la formation LegalTech et un parcours clair du stagiaire \u00e0 l'associ\u00e9.","robots":{"index":"index","follow":"follow","max-snippet":"max-snippet:-1","max-image-preview":"max-image-preview:large","max-video-preview":"max-video-preview:-1"},"canonical":"https:\/\/lindemannlaw.ch\/fr\/carriere\/","og_locale":"fr_FR","og_type":"article","og_title":"Carri\u00e8re","og_description":"Rejoignez LINDEMANNLAW, un cabinet d'avocats international suisse de premier plan. D\u00e9couvrez les opportunit\u00e9s de carri\u00e8re, la formation LegalTech et un parcours clair du stagiaire \u00e0 l'associ\u00e9.","og_url":"https:\/\/lindemannlaw.ch\/fr\/carriere\/","og_site_name":"Lindemann Law","article_modified_time":"2026-01-07T08:47:11+00:00","og_image":[{"width":500,"height":1500,"url":"https:\/\/lindemannlaw.ch\/wp-content\/uploads\/2025\/12\/carreer.webp","type":"image\/webp"}],"twitter_card":"summary_large_image","twitter_site":"@Lindemann_law","twitter_misc":{"Dur\u00e9e de lecture estim\u00e9e":"2 minutes"},"schema":{"@context":"https:\/\/schema.org","@graph":[{"@type":"WebPage","@id":"https:\/\/lindemannlaw.ch\/fr\/carriere\/","url":"https:\/\/lindemannlaw.ch\/fr\/carriere\/","name":"Carri\u00e8re | Lindemann Law","isPartOf":{"@id":"https:\/\/lindemannlaw.ch\/fr\/#website"},"primaryImageOfPage":{"@id":"https:\/\/lindemannlaw.ch\/fr\/carriere\/#primaryimage"},"image":{"@id":"https:\/\/lindemannlaw.ch\/fr\/carriere\/#primaryimage"},"thumbnailUrl":"https:\/\/lindemannlaw.ch\/wp-content\/uploads\/2025\/12\/carreer.webp","datePublished":"2020-08-14T14:08:47+00:00","dateModified":"2026-01-07T08:47:11+00:00","description":"Rejoignez LINDEMANNLAW, un cabinet d'avocats international suisse de premier plan. D\u00e9couvrez les opportunit\u00e9s de carri\u00e8re, la formation LegalTech et un parcours clair du stagiaire \u00e0 l'associ\u00e9.","breadcrumb":{"@id":"https:\/\/lindemannlaw.ch\/fr\/carriere\/#breadcrumb"},"inLanguage":"fr-FR","potentialAction":[{"@type":"ReadAction","target":["https:\/\/lindemannlaw.ch\/fr\/carriere\/"]}]},{"@type":"ImageObject","inLanguage":"fr-FR","@id":"https:\/\/lindemannlaw.ch\/fr\/carriere\/#primaryimage","url":"https:\/\/lindemannlaw.ch\/wp-content\/uploads\/2025\/12\/carreer.webp","contentUrl":"https:\/\/lindemannlaw.ch\/wp-content\/uploads\/2025\/12\/carreer.webp","width":500,"height":1500},{"@type":"BreadcrumbList","@id":"https:\/\/lindemannlaw.ch\/fr\/carriere\/#breadcrumb","itemListElement":[{"@type":"ListItem","position":1,"name":"Home","item":"https:\/\/lindemannlaw.ch\/fr\/"},{"@type":"ListItem","position":2,"name":"Carri\u00e8re"}]},{"@type":"WebSite","@id":"https:\/\/lindemannlaw.ch\/fr\/#website","url":"https:\/\/lindemannlaw.ch\/fr\/","name":"Lindemann Law","description":"Asset Management legal services","publisher":{"@id":"https:\/\/lindemannlaw.ch\/fr\/#organization"},"potentialAction":[{"@type":"SearchAction","target":{"@type":"EntryPoint","urlTemplate":"https:\/\/lindemannlaw.ch\/fr\/?s={search_term_string}"},"query-input":{"@type":"PropertyValueSpecification","valueRequired":true,"valueName":"search_term_string"}}],"inLanguage":"fr-FR"},{"@type":"Organization","@id":"https:\/\/lindemannlaw.ch\/fr\/#organization","name":"Lindemann Law","url":"https:\/\/lindemannlaw.ch\/fr\/","logo":{"@type":"ImageObject","inLanguage":"fr-FR","@id":"https:\/\/lindemannlaw.ch\/fr\/#\/schema\/logo\/image\/","url":"https:\/\/lindemannlaw.ch\/wp-content\/uploads\/2021\/01\/logo-lindemannlaw_cropped.png","contentUrl":"https:\/\/lindemannlaw.ch\/wp-content\/uploads\/2021\/01\/logo-lindemannlaw_cropped.png","width":150,"height":73,"caption":"Lindemann Law"},"image":{"@id":"https:\/\/lindemannlaw.ch\/fr\/#\/schema\/logo\/image\/"},"sameAs":["https:\/\/x.com\/Lindemann_law","https:\/\/www.linkedin.com\/company\/lindemannlaw\/"]}]}},"_links":{"self":[{"href":"https:\/\/lindemannlaw.ch\/fr\/wp-json\/wp\/v2\/pages\/5213","targetHints":{"allow":["GET"]}}],"collection":[{"href":"https:\/\/lindemannlaw.ch\/fr\/wp-json\/wp\/v2\/pages"}],"about":[{"href":"https:\/\/lindemannlaw.ch\/fr\/wp-json\/wp\/v2\/types\/page"}],"author":[{"embeddable":true,"href":"https:\/\/lindemannlaw.ch\/fr\/wp-json\/wp\/v2\/users\/1"}],"replies":[{"embeddable":true,"href":"https:\/\/lindemannlaw.ch\/fr\/wp-json\/wp\/v2\/comments?post=5213"}],"version-history":[{"count":0,"href":"https:\/\/lindemannlaw.ch\/fr\/wp-json\/wp\/v2\/pages\/5213\/revisions"}],"wp:featuredmedia":[{"embeddable":true,"href":"https:\/\/lindemannlaw.ch\/fr\/wp-json\/wp\/v2\/media\/23951"}],"wp:attachment":[{"href":"https:\/\/lindemannlaw.ch\/fr\/wp-json\/wp\/v2\/media?parent=5213"}],"wp:term":[{"taxonomy":"related_contact","embeddable":true,"href":"https:\/\/lindemannlaw.ch\/fr\/wp-json\/wp\/v2\/related_contact?post=5213"},{"taxonomy":"expertise","embeddable":true,"href":"https:\/\/lindemannlaw.ch\/fr\/wp-json\/wp\/v2\/expertise?post=5213"},{"taxonomy":"webparts","embeddable":true,"href":"https:\/\/lindemannlaw.ch\/fr\/wp-json\/wp\/v2\/webparts?post=5213"},{"taxonomy":"page_type","embeddable":true,"href":"https:\/\/lindemannlaw.ch\/fr\/wp-json\/wp\/v2\/page_type?post=5213"}],"curies":[{"name":"wp","href":"https:\/\/api.w.org\/{rel}","templated":true}]}}