{"id":5588,"date":"2020-08-14T15:09:03","date_gmt":"2020-08-14T14:09:03","guid":{"rendered":"https:\/\/lindemannlaw.ch\/blog-actualites\/"},"modified":"2025-10-24T08:14:22","modified_gmt":"2025-10-24T07:14:22","slug":"legal-insights","status":"publish","type":"page","link":"https:\/\/lindemannlaw.ch\/fr\/legal-insights\/","title":{"rendered":"Informations"},"content":{"rendered":"<h1>Actualit\u00e9s &amp; \u00c9v\u00e9nements<\/h1>\n<h2>Liens utiles<\/h2>\n<p>&nbsp;<\/p>\n<p><a href=\"http:\/\/www.finma.ch\/\">Swiss Regulator<\/a><\/p>\n<p><img decoding=\"async\" class=\"wp-image-661 alignnone size-full\" src=\"https:\/\/lindemannlaw.ch\/wp-content\/uploads\/2020\/08\/07ac7_finma.jpg\" alt=\"\" width=\"181\" height=\"48\" \/><\/p>\n<p>&nbsp;<\/p>\n<p><a href=\"http:\/\/www.estv.admin.ch\/\">Swiss Tax Authority<\/a><\/p>\n<p><img decoding=\"async\" class=\"wp-image-660 alignnone size-full\" src=\"https:\/\/lindemannlaw.ch\/wp-content\/uploads\/2020\/08\/6a1a6_ch.jpg\" alt=\"\" width=\"151\" height=\"48\" \/><\/p>\n<p>&nbsp;<\/p>\n<p><a href=\"http:\/\/www.fma-li.li\/\">Liechtenstein Regulator<\/a><\/p>\n<p><img decoding=\"async\" class=\"wp-image-658 alignnone size-full\" src=\"https:\/\/lindemannlaw.ch\/wp-content\/uploads\/2020\/08\/e4dd5_fma.jpg\" alt=\"\" width=\"84\" height=\"48\" \/><\/p>\n<p>&nbsp;<\/p>\n<p><a href=\"http:\/\/www.stv.llv.li\/\">Liechtenstein Tax Authority<\/a><\/p>\n<p><img loading=\"lazy\" decoding=\"async\" class=\"wp-image-662 alignnone size-full\" src=\"https:\/\/lindemannlaw.ch\/wp-content\/uploads\/2020\/08\/97416_fl.jpg\" alt=\"\" width=\"44\" height=\"48\" \/><\/p>\n<p>&nbsp;<\/p>\n<p><a href=\"http:\/\/www.six-exchange-regulation.com\/\">SIX Swiss Exchange<\/a><\/p>\n<p><img loading=\"lazy\" decoding=\"async\" class=\"wp-image-663 alignnone size-full\" src=\"https:\/\/lindemannlaw.ch\/wp-content\/uploads\/2020\/08\/c3395_six.jpg\" alt=\"\" width=\"118\" height=\"48\" \/><\/p>\n<p>&nbsp;<\/p>\n<p><a href=\"http:\/\/www.ige.ch\/de.html\">Swiss Federal Institute of Intellectual Property<\/a><\/p>\n<p><img loading=\"lazy\" decoding=\"async\" class=\"wp-image-659 alignnone size-full\" src=\"https:\/\/lindemannlaw.ch\/wp-content\/uploads\/2020\/08\/5cfe9_ige_logo_neu_14klein_1403.jpg\" alt=\"\" width=\"79\" height=\"100\" \/><\/p>\n<p>&nbsp;<\/p>\n","protected":false},"excerpt":{"rendered":"<p>Actualit\u00e9s &amp; \u00c9v\u00e9nements Liens utiles &nbsp; Swiss Regulator &nbsp; Swiss Tax Authority &nbsp; Liechtenstein Regulator &nbsp; Liechtenstein Tax Authority &nbsp; SIX Swiss Exchange &nbsp; Swiss Federal Institute of Intellectual Property &nbsp;<\/p>\n","protected":false},"author":1,"featured_media":2782,"parent":0,"menu_order":0,"comment_status":"closed","ping_status":"closed","template":"","meta":{"_acf_changed":false,"site-sidebar-layout":"default","site-content-layout":"","ast-site-content-layout":"default","site-content-style":"default","site-sidebar-style":"default","ast-global-header-display":"","ast-banner-title-visibility":"","ast-main-header-display":"","ast-hfb-above-header-display":"","ast-hfb-below-header-display":"","ast-hfb-mobile-header-display":"","site-post-title":"","ast-breadcrumbs-content":"","ast-featured-img":"","footer-sml-layout":"","ast-disable-related-posts":"","theme-transparent-header-meta":"default","adv-header-id-meta":"","stick-header-meta":"","header-above-stick-meta":"","header-main-stick-meta":"","header-below-stick-meta":"","astra-migrate-meta-layouts":"set","ast-page-background-enabled":"default","ast-page-background-meta":{"desktop":{"background-color":"var(--ast-global-color-4)","background-image":"","background-repeat":"repeat","background-position":"center center","background-size":"auto","background-attachment":"scroll","background-type":"","background-media":"","overlay-type":"","overlay-color":"","overlay-opacity":"","overlay-gradient":""},"tablet":{"background-color":"","background-image":"","background-repeat":"repeat","background-position":"center center","background-size":"auto","background-attachment":"scroll","background-type":"","background-media":"","overlay-type":"","overlay-color":"","overlay-opacity":"","overlay-gradient":""},"mobile":{"background-color":"","background-image":"","background-repeat":"repeat","background-position":"center center","background-size":"auto","background-attachment":"scroll","background-type":"","background-media":"","overlay-type":"","overlay-color":"","overlay-opacity":"","overlay-gradient":""}},"ast-content-background-meta":{"desktop":{"background-color":"var(--ast-global-color-5)","background-image":"","background-repeat":"repeat","background-position":"center center","background-size":"auto","background-attachment":"scroll","background-type":"","background-media":"","overlay-type":"","overlay-color":"","overlay-opacity":"","overlay-gradient":""},"tablet":{"background-color":"var(--ast-global-color-5)","background-image":"","background-repeat":"repeat","background-position":"center center","background-size":"auto","background-attachment":"scroll","background-type":"","background-media":"","overlay-type":"","overlay-color":"","overlay-opacity":"","overlay-gradient":""},"mobile":{"background-color":"var(--ast-global-color-5)","background-image":"","background-repeat":"repeat","background-position":"center center","background-size":"auto","background-attachment":"scroll","background-type":"","background-media":"","overlay-type":"","overlay-color":"","overlay-opacity":"","overlay-gradient":""}},"footnotes":""},"related_contact":[],"expertise":[],"webparts":[],"page_type":[326,229],"class_list":["post-5588","page","type-page","status-publish","has-post-thumbnail","hentry"],"acf":[],"yoast_head":"<!-- This site is optimized with the Yoast SEO Premium plugin v27.4 (Yoast SEO v27.4) - https:\/\/yoast.com\/product\/yoast-seo-premium-wordpress\/ -->\n<title>Informations | Lindemann Law<\/title>\n<meta name=\"description\" content=\"D\u00e9couvrez la rubrique \u00ab Informations \u00bb de Lindemann Law : analyses approfondies, actualit\u00e9s et r\u00e9flexions juridiques sur les march\u00e9s financiers, la fiscalit\u00e9 et le droit suisse.\" \/>\n<meta name=\"robots\" content=\"index, follow, max-snippet:-1, max-image-preview:large, max-video-preview:-1\" \/>\n<link rel=\"canonical\" href=\"https:\/\/lindemannlaw.ch\/fr\/legal-insights\/\" \/>\n<meta property=\"og:locale\" content=\"fr_FR\" \/>\n<meta property=\"og:type\" content=\"article\" \/>\n<meta property=\"og:title\" content=\"Informations\" \/>\n<meta property=\"og:description\" content=\"D\u00e9couvrez la rubrique \u00ab Informations \u00bb de Lindemann Law : analyses approfondies, actualit\u00e9s et r\u00e9flexions juridiques sur les march\u00e9s financiers, la fiscalit\u00e9 et le droit suisse.\" \/>\n<meta property=\"og:url\" content=\"https:\/\/lindemannlaw.ch\/fr\/legal-insights\/\" \/>\n<meta property=\"og:site_name\" content=\"Lindemann Law\" \/>\n<meta property=\"article:modified_time\" content=\"2025-10-24T07:14:22+00:00\" \/>\n<meta property=\"og:image\" content=\"https:\/\/lindemannlaw.ch\/wp-content\/uploads\/2020\/07\/Iguana-Lindemann-Law-1.jpg\" \/>\n\t<meta property=\"og:image:width\" content=\"1794\" \/>\n\t<meta property=\"og:image:height\" content=\"2500\" \/>\n\t<meta property=\"og:image:type\" content=\"image\/jpeg\" \/>\n<meta name=\"twitter:card\" content=\"summary_large_image\" \/>\n<meta name=\"twitter:site\" content=\"@Lindemann_law\" \/>\n<meta name=\"twitter:label1\" content=\"Dur\u00e9e de lecture estim\u00e9e\" \/>\n\t<meta name=\"twitter:data1\" content=\"2 minutes\" \/>\n<script type=\"application\/ld+json\" class=\"yoast-schema-graph\">{\"@context\":\"https:\\\/\\\/schema.org\",\"@graph\":[{\"@type\":\"WebPage\",\"@id\":\"https:\\\/\\\/lindemannlaw.ch\\\/fr\\\/legal-insights\\\/\",\"url\":\"https:\\\/\\\/lindemannlaw.ch\\\/fr\\\/legal-insights\\\/\",\"name\":\"Informations | Lindemann Law\",\"isPartOf\":{\"@id\":\"https:\\\/\\\/lindemannlaw.ch\\\/fr\\\/#website\"},\"primaryImageOfPage\":{\"@id\":\"https:\\\/\\\/lindemannlaw.ch\\\/fr\\\/legal-insights\\\/#primaryimage\"},\"image\":{\"@id\":\"https:\\\/\\\/lindemannlaw.ch\\\/fr\\\/legal-insights\\\/#primaryimage\"},\"thumbnailUrl\":\"https:\\\/\\\/lindemannlaw.ch\\\/wp-content\\\/uploads\\\/2020\\\/07\\\/Iguana-Lindemann-Law-1.jpg\",\"datePublished\":\"2020-08-14T14:09:03+00:00\",\"dateModified\":\"2025-10-24T07:14:22+00:00\",\"description\":\"D\u00e9couvrez la rubrique \u00ab Informations \u00bb de Lindemann Law : analyses approfondies, actualit\u00e9s et r\u00e9flexions juridiques sur les march\u00e9s financiers, la fiscalit\u00e9 et le droit suisse.\",\"breadcrumb\":{\"@id\":\"https:\\\/\\\/lindemannlaw.ch\\\/fr\\\/legal-insights\\\/#breadcrumb\"},\"inLanguage\":\"fr-FR\",\"potentialAction\":[{\"@type\":\"ReadAction\",\"target\":[\"https:\\\/\\\/lindemannlaw.ch\\\/fr\\\/legal-insights\\\/\"]}]},{\"@type\":\"ImageObject\",\"inLanguage\":\"fr-FR\",\"@id\":\"https:\\\/\\\/lindemannlaw.ch\\\/fr\\\/legal-insights\\\/#primaryimage\",\"url\":\"https:\\\/\\\/lindemannlaw.ch\\\/wp-content\\\/uploads\\\/2020\\\/07\\\/Iguana-Lindemann-Law-1.jpg\",\"contentUrl\":\"https:\\\/\\\/lindemannlaw.ch\\\/wp-content\\\/uploads\\\/2020\\\/07\\\/Iguana-Lindemann-Law-1.jpg\",\"width\":1794,\"height\":2500},{\"@type\":\"BreadcrumbList\",\"@id\":\"https:\\\/\\\/lindemannlaw.ch\\\/fr\\\/legal-insights\\\/#breadcrumb\",\"itemListElement\":[{\"@type\":\"ListItem\",\"position\":1,\"name\":\"Home\",\"item\":\"https:\\\/\\\/lindemannlaw.ch\\\/fr\\\/\"},{\"@type\":\"ListItem\",\"position\":2,\"name\":\"Informations\"}]},{\"@type\":\"WebSite\",\"@id\":\"https:\\\/\\\/lindemannlaw.ch\\\/fr\\\/#website\",\"url\":\"https:\\\/\\\/lindemannlaw.ch\\\/fr\\\/\",\"name\":\"Lindemann Law\",\"description\":\"Asset Management legal services\",\"publisher\":{\"@id\":\"https:\\\/\\\/lindemannlaw.ch\\\/fr\\\/#organization\"},\"potentialAction\":[{\"@type\":\"SearchAction\",\"target\":{\"@type\":\"EntryPoint\",\"urlTemplate\":\"https:\\\/\\\/lindemannlaw.ch\\\/fr\\\/?s={search_term_string}\"},\"query-input\":{\"@type\":\"PropertyValueSpecification\",\"valueRequired\":true,\"valueName\":\"search_term_string\"}}],\"inLanguage\":\"fr-FR\"},{\"@type\":\"Organization\",\"@id\":\"https:\\\/\\\/lindemannlaw.ch\\\/fr\\\/#organization\",\"name\":\"Lindemann Law\",\"url\":\"https:\\\/\\\/lindemannlaw.ch\\\/fr\\\/\",\"logo\":{\"@type\":\"ImageObject\",\"inLanguage\":\"fr-FR\",\"@id\":\"https:\\\/\\\/lindemannlaw.ch\\\/fr\\\/#\\\/schema\\\/logo\\\/image\\\/\",\"url\":\"https:\\\/\\\/lindemannlaw.ch\\\/wp-content\\\/uploads\\\/2021\\\/01\\\/logo-lindemannlaw_cropped.png\",\"contentUrl\":\"https:\\\/\\\/lindemannlaw.ch\\\/wp-content\\\/uploads\\\/2021\\\/01\\\/logo-lindemannlaw_cropped.png\",\"width\":150,\"height\":73,\"caption\":\"Lindemann Law\"},\"image\":{\"@id\":\"https:\\\/\\\/lindemannlaw.ch\\\/fr\\\/#\\\/schema\\\/logo\\\/image\\\/\"},\"sameAs\":[\"https:\\\/\\\/x.com\\\/Lindemann_law\",\"https:\\\/\\\/www.linkedin.com\\\/company\\\/lindemannlaw\\\/\"]}]}<\/script>\n<!-- \/ Yoast SEO Premium plugin. -->","yoast_head_json":{"title":"Informations | Lindemann Law","description":"D\u00e9couvrez la rubrique \u00ab Informations \u00bb de Lindemann Law : analyses approfondies, actualit\u00e9s et r\u00e9flexions juridiques sur les march\u00e9s financiers, la fiscalit\u00e9 et le droit suisse.","robots":{"index":"index","follow":"follow","max-snippet":"max-snippet:-1","max-image-preview":"max-image-preview:large","max-video-preview":"max-video-preview:-1"},"canonical":"https:\/\/lindemannlaw.ch\/fr\/legal-insights\/","og_locale":"fr_FR","og_type":"article","og_title":"Informations","og_description":"D\u00e9couvrez la rubrique \u00ab Informations \u00bb de Lindemann Law : analyses approfondies, actualit\u00e9s et r\u00e9flexions juridiques sur les march\u00e9s financiers, la fiscalit\u00e9 et le droit suisse.","og_url":"https:\/\/lindemannlaw.ch\/fr\/legal-insights\/","og_site_name":"Lindemann Law","article_modified_time":"2025-10-24T07:14:22+00:00","og_image":[{"width":1794,"height":2500,"url":"https:\/\/lindemannlaw.ch\/wp-content\/uploads\/2020\/07\/Iguana-Lindemann-Law-1.jpg","type":"image\/jpeg"}],"twitter_card":"summary_large_image","twitter_site":"@Lindemann_law","twitter_misc":{"Dur\u00e9e de lecture estim\u00e9e":"2 minutes"},"schema":{"@context":"https:\/\/schema.org","@graph":[{"@type":"WebPage","@id":"https:\/\/lindemannlaw.ch\/fr\/legal-insights\/","url":"https:\/\/lindemannlaw.ch\/fr\/legal-insights\/","name":"Informations | Lindemann Law","isPartOf":{"@id":"https:\/\/lindemannlaw.ch\/fr\/#website"},"primaryImageOfPage":{"@id":"https:\/\/lindemannlaw.ch\/fr\/legal-insights\/#primaryimage"},"image":{"@id":"https:\/\/lindemannlaw.ch\/fr\/legal-insights\/#primaryimage"},"thumbnailUrl":"https:\/\/lindemannlaw.ch\/wp-content\/uploads\/2020\/07\/Iguana-Lindemann-Law-1.jpg","datePublished":"2020-08-14T14:09:03+00:00","dateModified":"2025-10-24T07:14:22+00:00","description":"D\u00e9couvrez la rubrique \u00ab Informations \u00bb de Lindemann Law : analyses approfondies, actualit\u00e9s et r\u00e9flexions juridiques sur les march\u00e9s financiers, la fiscalit\u00e9 et le droit suisse.","breadcrumb":{"@id":"https:\/\/lindemannlaw.ch\/fr\/legal-insights\/#breadcrumb"},"inLanguage":"fr-FR","potentialAction":[{"@type":"ReadAction","target":["https:\/\/lindemannlaw.ch\/fr\/legal-insights\/"]}]},{"@type":"ImageObject","inLanguage":"fr-FR","@id":"https:\/\/lindemannlaw.ch\/fr\/legal-insights\/#primaryimage","url":"https:\/\/lindemannlaw.ch\/wp-content\/uploads\/2020\/07\/Iguana-Lindemann-Law-1.jpg","contentUrl":"https:\/\/lindemannlaw.ch\/wp-content\/uploads\/2020\/07\/Iguana-Lindemann-Law-1.jpg","width":1794,"height":2500},{"@type":"BreadcrumbList","@id":"https:\/\/lindemannlaw.ch\/fr\/legal-insights\/#breadcrumb","itemListElement":[{"@type":"ListItem","position":1,"name":"Home","item":"https:\/\/lindemannlaw.ch\/fr\/"},{"@type":"ListItem","position":2,"name":"Informations"}]},{"@type":"WebSite","@id":"https:\/\/lindemannlaw.ch\/fr\/#website","url":"https:\/\/lindemannlaw.ch\/fr\/","name":"Lindemann Law","description":"Asset Management legal services","publisher":{"@id":"https:\/\/lindemannlaw.ch\/fr\/#organization"},"potentialAction":[{"@type":"SearchAction","target":{"@type":"EntryPoint","urlTemplate":"https:\/\/lindemannlaw.ch\/fr\/?s={search_term_string}"},"query-input":{"@type":"PropertyValueSpecification","valueRequired":true,"valueName":"search_term_string"}}],"inLanguage":"fr-FR"},{"@type":"Organization","@id":"https:\/\/lindemannlaw.ch\/fr\/#organization","name":"Lindemann Law","url":"https:\/\/lindemannlaw.ch\/fr\/","logo":{"@type":"ImageObject","inLanguage":"fr-FR","@id":"https:\/\/lindemannlaw.ch\/fr\/#\/schema\/logo\/image\/","url":"https:\/\/lindemannlaw.ch\/wp-content\/uploads\/2021\/01\/logo-lindemannlaw_cropped.png","contentUrl":"https:\/\/lindemannlaw.ch\/wp-content\/uploads\/2021\/01\/logo-lindemannlaw_cropped.png","width":150,"height":73,"caption":"Lindemann Law"},"image":{"@id":"https:\/\/lindemannlaw.ch\/fr\/#\/schema\/logo\/image\/"},"sameAs":["https:\/\/x.com\/Lindemann_law","https:\/\/www.linkedin.com\/company\/lindemannlaw\/"]}]}},"_links":{"self":[{"href":"https:\/\/lindemannlaw.ch\/fr\/wp-json\/wp\/v2\/pages\/5588","targetHints":{"allow":["GET"]}}],"collection":[{"href":"https:\/\/lindemannlaw.ch\/fr\/wp-json\/wp\/v2\/pages"}],"about":[{"href":"https:\/\/lindemannlaw.ch\/fr\/wp-json\/wp\/v2\/types\/page"}],"author":[{"embeddable":true,"href":"https:\/\/lindemannlaw.ch\/fr\/wp-json\/wp\/v2\/users\/1"}],"replies":[{"embeddable":true,"href":"https:\/\/lindemannlaw.ch\/fr\/wp-json\/wp\/v2\/comments?post=5588"}],"version-history":[{"count":0,"href":"https:\/\/lindemannlaw.ch\/fr\/wp-json\/wp\/v2\/pages\/5588\/revisions"}],"wp:featuredmedia":[{"embeddable":true,"href":"https:\/\/lindemannlaw.ch\/fr\/wp-json\/wp\/v2\/media\/2782"}],"wp:attachment":[{"href":"https:\/\/lindemannlaw.ch\/fr\/wp-json\/wp\/v2\/media?parent=5588"}],"wp:term":[{"taxonomy":"related_contact","embeddable":true,"href":"https:\/\/lindemannlaw.ch\/fr\/wp-json\/wp\/v2\/related_contact?post=5588"},{"taxonomy":"expertise","embeddable":true,"href":"https:\/\/lindemannlaw.ch\/fr\/wp-json\/wp\/v2\/expertise?post=5588"},{"taxonomy":"webparts","embeddable":true,"href":"https:\/\/lindemannlaw.ch\/fr\/wp-json\/wp\/v2\/webparts?post=5588"},{"taxonomy":"page_type","embeddable":true,"href":"https:\/\/lindemannlaw.ch\/fr\/wp-json\/wp\/v2\/page_type?post=5588"}],"curies":[{"name":"wp","href":"https:\/\/api.w.org\/{rel}","templated":true}]}}